{"id":41,"date":"2021-04-07T11:02:16","date_gmt":"2021-04-07T08:02:16","guid":{"rendered":"https:\/\/blogit.gradia.fi\/oikeusosata\/?page_id=41"},"modified":"2021-04-19T15:19:51","modified_gmt":"2021-04-19T12:19:51","slug":"osaajaksi-alla-kan-verkosto","status":"publish","type":"page","link":"https:\/\/blogit.gradia.fi\/oikeusosata\/osaajaksi-alla-kan-verkosto\/","title":{"rendered":"Osaajaksi &#8211; alla kan! -verkosto"},"content":{"rendered":"\n<p>Gradia toimii koordinaattorina kymmenen organisaation yhteishankkeessa. Verkosto on kaksikielinen, ja materiaaleja ja malleja tuotetaan sek\u00e4 suomeksi ett\u00e4 ruotsiksi. <\/p>\n\n\n\n<p>Verkostoon kuuluvat Gradian lis\u00e4ksi <\/p>\n\n\n\n<ul class=\"wp-block-list\"><li><a href=\"https:\/\/www.axxell.fi\/fi\/pagaende-projekt\" target=\"_blank\" rel=\"noreferrer noopener\">Axxell<\/a><\/li><li><a href=\"https:\/\/www.osao.fi\/\" target=\"_blank\" rel=\"noreferrer noopener\">Koulutuskuntayhtym\u00e4 OSAO<\/a><\/li><li><a href=\"https:\/\/www.kpedu.fi\/\" target=\"_blank\" rel=\"noreferrer noopener\">Keski-Pohjanmaan koulutusyhtym\u00e4 Kpedu<\/a><\/li><li><a href=\"https:\/\/www.winnova.fi\/winnova\/hankkeet\/kaynnissa_olevat_hankkeet\/osaajaksi_-_alla_kan.html\" target=\"_blank\" rel=\"noreferrer noopener\">L\u00e4nsirannikon Koulutus Oy WinNova<\/a><\/li><li><a href=\"https:\/\/optimaedu.fi\/tietoa-optimasta\/hankkeet-ja-kehitys\/\" target=\"_blank\" rel=\"noreferrer noopener\">Optima kuntayhtym\u00e4<\/a><\/li><li><a href=\"https:\/\/prakticum.fi\/om-prakticum\/projekt\" target=\"_blank\" rel=\"noreferrer noopener\">Yrkesinstitutet Prakticum<\/a><\/li><li><a href=\"https:\/\/sataedu.fi\/hanke\/osaajaksi-alla-kan\/\" target=\"_blank\" rel=\"noreferrer noopener\">Satakunnan koulutuskuntayhtym\u00e4<\/a><\/li><li><a href=\"https:\/\/www.sedu.fi\/fi\/Tietoa-Sedusta\/Hanke--ja-innovaatiopalvelut\/Hankkeet\" target=\"_blank\" rel=\"noreferrer noopener\">Sein\u00e4joen koulutuskuntayhtym\u00e4 Sedu<\/a><\/li><li><a href=\"https:\/\/projekt.yrkesakademin.fi\/index.php\/details\/1\/197-osaajaksi-alla-kan\" target=\"_blank\" rel=\"noreferrer noopener\">Svenska \u00d6sterbottens f\u00f6rbund f\u00f6r utbildning och kultur skn \/ Yrkesakademin i \u00d6sterbotten<\/a>.<\/li><\/ul>\n","protected":false},"excerpt":{"rendered":"<p>Gradia toimii koordinaattorina kymmenen organisaation yhteishankkeessa. Verkosto on kaksikielinen, ja materiaaleja ja malleja tuotetaan sek\u00e4 suomeksi ett\u00e4 ruotsiksi. Verkostoon kuuluvat Gradian lis\u00e4ksi Axxell Koulutuskuntayhtym\u00e4 OSAO Keski-Pohjanmaan koulutusyhtym\u00e4 Kpedu L\u00e4nsirannikon Koulutus Oy WinNova Optima kuntayhtym\u00e4&#46;&#46;&#46;<\/p>\n","protected":false},"author":725,"featured_media":0,"parent":0,"menu_order":0,"comment_status":"closed","ping_status":"closed","template":"","meta":{"_uag_custom_page_level_css":"","footnotes":""},"class_list":["post-41","page","type-page","status-publish","hentry"],"yoast_head":"<!-- This site is optimized with the Yoast SEO plugin v27.4 - https:\/\/yoast.com\/product\/yoast-seo-wordpress\/ -->\n<title>Osaajaksi - alla kan! -verkosto - Oikeus osata<\/title>\n<meta name=\"robots\" content=\"index, follow, max-snippet:-1, max-image-preview:large, max-video-preview:-1\" \/>\n<link rel=\"canonical\" href=\"https:\/\/blogit.gradia.fi\/oikeusosata\/osaajaksi-alla-kan-verkosto\/\" \/>\n<meta property=\"og:locale\" content=\"fi_FI\" \/>\n<meta property=\"og:type\" content=\"article\" \/>\n<meta property=\"og:title\" content=\"Osaajaksi - alla kan! -verkosto - Oikeus osata\" \/>\n<meta property=\"og:description\" content=\"Gradia toimii koordinaattorina kymmenen organisaation yhteishankkeessa. Verkosto on kaksikielinen, ja materiaaleja ja malleja tuotetaan sek\u00e4 suomeksi ett\u00e4 ruotsiksi. Verkostoon kuuluvat Gradian lis\u00e4ksi Axxell Koulutuskuntayhtym\u00e4 OSAO Keski-Pohjanmaan koulutusyhtym\u00e4 Kpedu L\u00e4nsirannikon Koulutus Oy WinNova Optima kuntayhtym\u00e4&#046;&#046;&#046;\" \/>\n<meta property=\"og:url\" content=\"https:\/\/blogit.gradia.fi\/oikeusosata\/osaajaksi-alla-kan-verkosto\/\" \/>\n<meta property=\"og:site_name\" content=\"Oikeus osata\" \/>\n<meta property=\"article:modified_time\" content=\"2021-04-19T12:19:51+00:00\" \/>\n<meta name=\"twitter:card\" content=\"summary_large_image\" \/>\n<meta name=\"twitter:label1\" content=\"Arvioitu lukuaika\" \/>\n\t<meta name=\"twitter:data1\" content=\"1 minuutti\" \/>\n<script type=\"application\/ld+json\" class=\"yoast-schema-graph\">{\"@context\":\"https:\\\/\\\/schema.org\",\"@graph\":[{\"@type\":\"WebPage\",\"@id\":\"https:\\\/\\\/blogit.gradia.fi\\\/oikeusosata\\\/osaajaksi-alla-kan-verkosto\\\/\",\"url\":\"https:\\\/\\\/blogit.gradia.fi\\\/oikeusosata\\\/osaajaksi-alla-kan-verkosto\\\/\",\"name\":\"Osaajaksi - alla kan! -verkosto - Oikeus osata\",\"isPartOf\":{\"@id\":\"https:\\\/\\\/blogit.gradia.fi\\\/oikeusosata\\\/#website\"},\"datePublished\":\"2021-04-07T08:02:16+00:00\",\"dateModified\":\"2021-04-19T12:19:51+00:00\",\"breadcrumb\":{\"@id\":\"https:\\\/\\\/blogit.gradia.fi\\\/oikeusosata\\\/osaajaksi-alla-kan-verkosto\\\/#breadcrumb\"},\"inLanguage\":\"fi\",\"potentialAction\":[{\"@type\":\"ReadAction\",\"target\":[\"https:\\\/\\\/blogit.gradia.fi\\\/oikeusosata\\\/osaajaksi-alla-kan-verkosto\\\/\"]}]},{\"@type\":\"BreadcrumbList\",\"@id\":\"https:\\\/\\\/blogit.gradia.fi\\\/oikeusosata\\\/osaajaksi-alla-kan-verkosto\\\/#breadcrumb\",\"itemListElement\":[{\"@type\":\"ListItem\",\"position\":1,\"name\":\"Etusivu\",\"item\":\"https:\\\/\\\/blogit.gradia.fi\\\/oikeusosata\\\/\"},{\"@type\":\"ListItem\",\"position\":2,\"name\":\"Osaajaksi &#8211; alla kan! -verkosto\"}]},{\"@type\":\"WebSite\",\"@id\":\"https:\\\/\\\/blogit.gradia.fi\\\/oikeusosata\\\/#website\",\"url\":\"https:\\\/\\\/blogit.gradia.fi\\\/oikeusosata\\\/\",\"name\":\"Oikeus osata\",\"description\":\"Ammatillisen koulutuksen laatua ja tasa-arvoa parantava kehitt\u00e4misohjelma\",\"potentialAction\":[{\"@type\":\"SearchAction\",\"target\":{\"@type\":\"EntryPoint\",\"urlTemplate\":\"https:\\\/\\\/blogit.gradia.fi\\\/oikeusosata\\\/?s={search_term_string}\"},\"query-input\":{\"@type\":\"PropertyValueSpecification\",\"valueRequired\":true,\"valueName\":\"search_term_string\"}}],\"inLanguage\":\"fi\"}]}<\/script>\n<!-- \/ Yoast SEO plugin. -->","yoast_head_json":{"title":"Osaajaksi - alla kan! -verkosto - Oikeus osata","robots":{"index":"index","follow":"follow","max-snippet":"max-snippet:-1","max-image-preview":"max-image-preview:large","max-video-preview":"max-video-preview:-1"},"canonical":"https:\/\/blogit.gradia.fi\/oikeusosata\/osaajaksi-alla-kan-verkosto\/","og_locale":"fi_FI","og_type":"article","og_title":"Osaajaksi - alla kan! -verkosto - Oikeus osata","og_description":"Gradia toimii koordinaattorina kymmenen organisaation yhteishankkeessa. Verkosto on kaksikielinen, ja materiaaleja ja malleja tuotetaan sek\u00e4 suomeksi ett\u00e4 ruotsiksi. Verkostoon kuuluvat Gradian lis\u00e4ksi Axxell Koulutuskuntayhtym\u00e4 OSAO Keski-Pohjanmaan koulutusyhtym\u00e4 Kpedu L\u00e4nsirannikon Koulutus Oy WinNova Optima kuntayhtym\u00e4&#46;&#46;&#46;","og_url":"https:\/\/blogit.gradia.fi\/oikeusosata\/osaajaksi-alla-kan-verkosto\/","og_site_name":"Oikeus osata","article_modified_time":"2021-04-19T12:19:51+00:00","twitter_card":"summary_large_image","twitter_misc":{"Arvioitu lukuaika":"1 minuutti"},"schema":{"@context":"https:\/\/schema.org","@graph":[{"@type":"WebPage","@id":"https:\/\/blogit.gradia.fi\/oikeusosata\/osaajaksi-alla-kan-verkosto\/","url":"https:\/\/blogit.gradia.fi\/oikeusosata\/osaajaksi-alla-kan-verkosto\/","name":"Osaajaksi - alla kan! -verkosto - Oikeus osata","isPartOf":{"@id":"https:\/\/blogit.gradia.fi\/oikeusosata\/#website"},"datePublished":"2021-04-07T08:02:16+00:00","dateModified":"2021-04-19T12:19:51+00:00","breadcrumb":{"@id":"https:\/\/blogit.gradia.fi\/oikeusosata\/osaajaksi-alla-kan-verkosto\/#breadcrumb"},"inLanguage":"fi","potentialAction":[{"@type":"ReadAction","target":["https:\/\/blogit.gradia.fi\/oikeusosata\/osaajaksi-alla-kan-verkosto\/"]}]},{"@type":"BreadcrumbList","@id":"https:\/\/blogit.gradia.fi\/oikeusosata\/osaajaksi-alla-kan-verkosto\/#breadcrumb","itemListElement":[{"@type":"ListItem","position":1,"name":"Etusivu","item":"https:\/\/blogit.gradia.fi\/oikeusosata\/"},{"@type":"ListItem","position":2,"name":"Osaajaksi &#8211; alla kan! -verkosto"}]},{"@type":"WebSite","@id":"https:\/\/blogit.gradia.fi\/oikeusosata\/#website","url":"https:\/\/blogit.gradia.fi\/oikeusosata\/","name":"Oikeus osata","description":"Ammatillisen koulutuksen laatua ja tasa-arvoa parantava kehitt\u00e4misohjelma","potentialAction":[{"@type":"SearchAction","target":{"@type":"EntryPoint","urlTemplate":"https:\/\/blogit.gradia.fi\/oikeusosata\/?s={search_term_string}"},"query-input":{"@type":"PropertyValueSpecification","valueRequired":true,"valueName":"search_term_string"}}],"inLanguage":"fi"}]}},"uagb_featured_image_src":{"full":false,"thumbnail":false,"medium":false,"medium_large":false,"large":false,"1536x1536":false,"2048x2048":false,"thumb-small":false,"thumb-standard":false,"thumb-medium":false,"thumb-large":false,"thumb-xlarge":false,"thumb-xxlarge":false},"uagb_author_info":{"display_name":"Anne Maria Tikkanen","author_link":"https:\/\/blogit.gradia.fi\/oikeusosata\/author\/tikkaann\/"},"uagb_comment_info":0,"uagb_excerpt":"Gradia toimii koordinaattorina kymmenen organisaation yhteishankkeessa. Verkosto on kaksikielinen, ja materiaaleja ja malleja tuotetaan sek\u00e4 suomeksi ett\u00e4 ruotsiksi. Verkostoon kuuluvat Gradian lis\u00e4ksi Axxell Koulutuskuntayhtym\u00e4 OSAO Keski-Pohjanmaan koulutusyhtym\u00e4 Kpedu L\u00e4nsirannikon Koulutus Oy WinNova Optima kuntayhtym\u00e4&#46;&#46;&#46;","_links":{"self":[{"href":"https:\/\/blogit.gradia.fi\/oikeusosata\/wp-json\/wp\/v2\/pages\/41","targetHints":{"allow":["GET"]}}],"collection":[{"href":"https:\/\/blogit.gradia.fi\/oikeusosata\/wp-json\/wp\/v2\/pages"}],"about":[{"href":"https:\/\/blogit.gradia.fi\/oikeusosata\/wp-json\/wp\/v2\/types\/page"}],"author":[{"embeddable":true,"href":"https:\/\/blogit.gradia.fi\/oikeusosata\/wp-json\/wp\/v2\/users\/725"}],"replies":[{"embeddable":true,"href":"https:\/\/blogit.gradia.fi\/oikeusosata\/wp-json\/wp\/v2\/comments?post=41"}],"version-history":[{"count":5,"href":"https:\/\/blogit.gradia.fi\/oikeusosata\/wp-json\/wp\/v2\/pages\/41\/revisions"}],"predecessor-version":[{"id":123,"href":"https:\/\/blogit.gradia.fi\/oikeusosata\/wp-json\/wp\/v2\/pages\/41\/revisions\/123"}],"wp:attachment":[{"href":"https:\/\/blogit.gradia.fi\/oikeusosata\/wp-json\/wp\/v2\/media?parent=41"}],"curies":[{"name":"wp","href":"https:\/\/api.w.org\/{rel}","templated":true}]}}