{"id":28,"date":"2021-04-06T14:19:51","date_gmt":"2021-04-06T11:19:51","guid":{"rendered":"https:\/\/blogit.gradia.fi\/oikeusosata\/?page_id=28"},"modified":"2022-04-28T18:05:22","modified_gmt":"2022-04-28T15:05:22","slug":"oikeus-osata","status":"publish","type":"page","link":"https:\/\/blogit.gradia.fi\/oikeusosata\/","title":{"rendered":"Oikeus osata"},"content":{"rendered":"\n<h1 class=\"wp-block-heading\">Tervetuloa Oikeus osata -blogiin!<\/h1>\n\n\n\n<p>Oikeus osata on valtakunnallinen OPH:n rahoittama&nbsp;<a href=\"https:\/\/www.oph.fi\/fi\/koulutus-ja-tutkinnot\/oikeus-osata\" target=\"_blank\" rel=\"noreferrer noopener\">ammatillisen koulutuksen kehitt\u00e4mishanke&nbsp;<\/a>(1\/2021-6\/2022), jossa Gradia on vahvasti mukana. Kehitt\u00e4mishankkeessa pyrit\u00e4\u00e4n osaltaan varmistamaan, ett\u00e4&nbsp;kaikki ammatillisessa koulutuksessa opiskelevat saavat vankan ammattiosaamisen ja hyv\u00e4t perustaidot ty\u00f6t\u00e4, el\u00e4m\u00e4\u00e4 ja elinik\u00e4ist\u00e4 oppimista varten.<\/p>\n\n\n\n<p>Painopistein\u00e4 Gradiassa ovat<\/p>\n\n\n\n<ul class=\"wp-block-list\"><li>Opinto-ohjauksen kehitt\u00e4minen ja ohjauksen laadun parantaminen<\/li><li>Opiskelijoiden perustaitojen ja jatko-opintovalmiuksien vahvistaminen<\/li><li>Opiskelijoiden vaikutusmahdollisuuksien ja opiskelijatoimikunnan kehitt\u00e4minen<\/li><li>Liikkuva Amis -toiminnan ja Ammattiosaajan ty\u00f6kykypassin k\u00e4yt\u00f6n laajentaminen (vain koordinointi)<\/li><li>Yhteis\u00f6llisen toimintakulttuurin vahvistaminen<\/li><li>Ammatillisen koulutuksen turvallisuuskulttuurin kehitt\u00e4minen<\/li><li>Koulutuksen j\u00e4rjest\u00e4jien muutosjohtamisen tuki<\/li><li>Pedagogisen johtamisen ja palvelujen johtamisen kehitt\u00e4minen.<\/li><\/ul>\n\n\n\n<p>Hankkeilla on laajat verkostot, ja hankekokonaisuudet ovat my\u00f6s osa valtakunnallisia verkostoja. Tutustu verkostoihin&nbsp;<a href=\"https:\/\/blogit.gradia.fi\/oikeusosata\/oikeus-osata-hankkeet\/\" target=\"_blank\" rel=\"noreferrer noopener\">hanke-esittelysivulla<\/a>.<\/p>\n\n\n\n<p>T\u00e4ss\u00e4 blogissa&nbsp;<a href=\"https:\/\/blogit.gradia.fi\/oikeusosata\/artikkelit\/\">esittelemme kehitysty\u00f6t\u00e4&nbsp;<\/a>eri painopisteiden n\u00e4k\u00f6kulmista, kerromme j\u00e4rjestett\u00e4vist\u00e4&nbsp;<a href=\"https:\/\/blogit.gradia.fi\/oikeusosata\/tapahtumat\/\">tapahtumista&nbsp;<\/a>ja ker\u00e4\u00e4mme hankkeissa syntyneit\u00e4&nbsp;<a href=\"https:\/\/blogit.gradia.fi\/oikeusosata\/mallit-ja-materiaalit\/\">malleja ja materiaaleja<\/a>.<\/p>\n\n\n\n<p>L\u00e4mpim\u00e4sti tervetuloa seuraamaan hankkeiden etenemist\u00e4!<\/p>\n\n\n\n<p><img loading=\"lazy\" decoding=\"async\" width=\"1365\" height=\"2048\" class=\"wp-image-400\" style=\"width: 100px\" src=\"https:\/\/blogit.gradia.fi\/oikeusosata\/wp-content\/uploads\/sites\/193\/2022\/03\/landen_anne-mari_kehittamisasiantuntija_2.jpg\" alt=\"\" srcset=\"https:\/\/blogit.gradia.fi\/oikeusosata\/wp-content\/uploads\/sites\/193\/2022\/03\/landen_anne-mari_kehittamisasiantuntija_2.jpg 1365w, https:\/\/blogit.gradia.fi\/oikeusosata\/wp-content\/uploads\/sites\/193\/2022\/03\/landen_anne-mari_kehittamisasiantuntija_2-200x300.jpg 200w, https:\/\/blogit.gradia.fi\/oikeusosata\/wp-content\/uploads\/sites\/193\/2022\/03\/landen_anne-mari_kehittamisasiantuntija_2-683x1024.jpg 683w, https:\/\/blogit.gradia.fi\/oikeusosata\/wp-content\/uploads\/sites\/193\/2022\/03\/landen_anne-mari_kehittamisasiantuntija_2-768x1152.jpg 768w, https:\/\/blogit.gradia.fi\/oikeusosata\/wp-content\/uploads\/sites\/193\/2022\/03\/landen_anne-mari_kehittamisasiantuntija_2-1024x1536.jpg 1024w\" sizes=\"auto, (max-width: 1365px) 100vw, 1365px\" \/>Anne-Mari Land\u00e9n (Pit\u00e4v\u00e4\u00e4 ohjausta)<\/p>\n\n\n\n<p><img decoding=\"async\" src=\"https:\/\/blogit.gradia.fi\/oikeusosata\/wp-content\/uploads\/sites\/193\/2021\/04\/tikkanen_anne_opettaja1.jpg\" alt=\"Kuva Anne Tikkasesta\" style=\"width: 100px\">&nbsp;Anne Tikkanen (Osaajaksi \u2013 alla kan!)<\/p>\n\n\n\n<p><img decoding=\"async\" src=\"https:\/\/blogit.gradia.fi\/oikeusosata\/wp-content\/uploads\/sites\/193\/2021\/04\/norontaus_annukka_pieni.jpg\" alt=\"Kuva Annukka Norontauksesta\" style=\"width: 100px\">&nbsp;Annukka Norontaus (Osallistu ja voi hyvin \u2013 OVH sek\u00e4 Turvataitaja)<\/p>\n\n\n\n<p><img decoding=\"async\" src=\"https:\/\/blogit.gradia.fi\/oikeusosata\/wp-content\/uploads\/sites\/193\/2021\/04\/saarinen_riitta_projektipaallikko_1000p.jpg\" alt=\"Kuva Riitta Saarisesta\" style=\"width: 100px\">&nbsp;Riitta Saarinen (Vertaansa vailla \u2013 verkostot johtamisen tukena)<\/p>\n","protected":false},"excerpt":{"rendered":"<p>Tervetuloa Oikeus osata -blogiin! Oikeus osata on valtakunnallinen OPH:n rahoittama&nbsp;ammatillisen koulutuksen kehitt\u00e4mishanke&nbsp;(1\/2021-6\/2022), jossa Gradia on vahvasti mukana. Kehitt\u00e4mishankkeessa pyrit\u00e4\u00e4n osaltaan varmistamaan, ett\u00e4&nbsp;kaikki ammatillisessa koulutuksessa opiskelevat saavat vankan ammattiosaamisen ja hyv\u00e4t perustaidot ty\u00f6t\u00e4, el\u00e4m\u00e4\u00e4 ja&#46;&#46;&#46;<\/p>\n","protected":false},"author":725,"featured_media":0,"parent":0,"menu_order":0,"comment_status":"closed","ping_status":"closed","template":"","meta":{"_uag_custom_page_level_css":"","footnotes":""},"class_list":["post-28","page","type-page","status-publish","hentry"],"yoast_head":"<!-- This site is optimized with the Yoast SEO plugin v27.4 - https:\/\/yoast.com\/product\/yoast-seo-wordpress\/ -->\n<title>Oikeus osata - Oikeus osata<\/title>\n<meta name=\"robots\" content=\"index, follow, max-snippet:-1, max-image-preview:large, max-video-preview:-1\" \/>\n<link rel=\"canonical\" href=\"https:\/\/blogit.gradia.fi\/oikeusosata\/\" \/>\n<meta property=\"og:locale\" content=\"fi_FI\" \/>\n<meta property=\"og:type\" content=\"article\" \/>\n<meta property=\"og:title\" content=\"Oikeus osata - Oikeus osata\" \/>\n<meta property=\"og:description\" content=\"Tervetuloa Oikeus osata -blogiin! Oikeus osata on valtakunnallinen OPH:n rahoittama&nbsp;ammatillisen koulutuksen kehitt\u00e4mishanke&nbsp;(1\/2021-6\/2022), jossa Gradia on vahvasti mukana. Kehitt\u00e4mishankkeessa pyrit\u00e4\u00e4n osaltaan varmistamaan, ett\u00e4&nbsp;kaikki ammatillisessa koulutuksessa opiskelevat saavat vankan ammattiosaamisen ja hyv\u00e4t perustaidot ty\u00f6t\u00e4, el\u00e4m\u00e4\u00e4 ja&#046;&#046;&#046;\" \/>\n<meta property=\"og:url\" content=\"https:\/\/blogit.gradia.fi\/oikeusosata\/\" \/>\n<meta property=\"og:site_name\" content=\"Oikeus osata\" \/>\n<meta property=\"article:modified_time\" content=\"2022-04-28T15:05:22+00:00\" \/>\n<meta property=\"og:image\" content=\"https:\/\/blogit.gradia.fi\/oikeusosata\/wp-content\/uploads\/sites\/193\/2022\/03\/landen_anne-mari_kehittamisasiantuntija_2.jpg\" \/>\n<meta name=\"twitter:card\" content=\"summary_large_image\" \/>\n<meta name=\"twitter:label1\" content=\"Arvioitu lukuaika\" \/>\n\t<meta name=\"twitter:data1\" content=\"2 minuuttia\" \/>\n<script type=\"application\/ld+json\" class=\"yoast-schema-graph\">{\"@context\":\"https:\\\/\\\/schema.org\",\"@graph\":[{\"@type\":\"WebPage\",\"@id\":\"https:\\\/\\\/blogit.gradia.fi\\\/oikeusosata\\\/\",\"url\":\"https:\\\/\\\/blogit.gradia.fi\\\/oikeusosata\\\/\",\"name\":\"Oikeus osata - Oikeus osata\",\"isPartOf\":{\"@id\":\"https:\\\/\\\/blogit.gradia.fi\\\/oikeusosata\\\/#website\"},\"primaryImageOfPage\":{\"@id\":\"https:\\\/\\\/blogit.gradia.fi\\\/oikeusosata\\\/#primaryimage\"},\"image\":{\"@id\":\"https:\\\/\\\/blogit.gradia.fi\\\/oikeusosata\\\/#primaryimage\"},\"thumbnailUrl\":\"https:\\\/\\\/blogit.gradia.fi\\\/oikeusosata\\\/wp-content\\\/uploads\\\/sites\\\/193\\\/2022\\\/03\\\/landen_anne-mari_kehittamisasiantuntija_2.jpg\",\"datePublished\":\"2021-04-06T11:19:51+00:00\",\"dateModified\":\"2022-04-28T15:05:22+00:00\",\"breadcrumb\":{\"@id\":\"https:\\\/\\\/blogit.gradia.fi\\\/oikeusosata\\\/#breadcrumb\"},\"inLanguage\":\"fi\",\"potentialAction\":[{\"@type\":\"ReadAction\",\"target\":[\"https:\\\/\\\/blogit.gradia.fi\\\/oikeusosata\\\/\"]}]},{\"@type\":\"ImageObject\",\"inLanguage\":\"fi\",\"@id\":\"https:\\\/\\\/blogit.gradia.fi\\\/oikeusosata\\\/#primaryimage\",\"url\":\"https:\\\/\\\/blogit.gradia.fi\\\/oikeusosata\\\/wp-content\\\/uploads\\\/sites\\\/193\\\/2022\\\/03\\\/landen_anne-mari_kehittamisasiantuntija_2.jpg\",\"contentUrl\":\"https:\\\/\\\/blogit.gradia.fi\\\/oikeusosata\\\/wp-content\\\/uploads\\\/sites\\\/193\\\/2022\\\/03\\\/landen_anne-mari_kehittamisasiantuntija_2.jpg\",\"width\":1365,\"height\":2048,\"caption\":\"land\u00e9n_anne-mari_kehitt\u00e4misasiantuntija\"},{\"@type\":\"BreadcrumbList\",\"@id\":\"https:\\\/\\\/blogit.gradia.fi\\\/oikeusosata\\\/#breadcrumb\",\"itemListElement\":[{\"@type\":\"ListItem\",\"position\":1,\"name\":\"Etusivu\",\"item\":\"https:\\\/\\\/blogit.gradia.fi\\\/oikeusosata\\\/\"},{\"@type\":\"ListItem\",\"position\":2,\"name\":\"Oikeus osata\"}]},{\"@type\":\"WebSite\",\"@id\":\"https:\\\/\\\/blogit.gradia.fi\\\/oikeusosata\\\/#website\",\"url\":\"https:\\\/\\\/blogit.gradia.fi\\\/oikeusosata\\\/\",\"name\":\"Oikeus osata\",\"description\":\"Ammatillisen koulutuksen laatua ja tasa-arvoa parantava kehitt\u00e4misohjelma\",\"potentialAction\":[{\"@type\":\"SearchAction\",\"target\":{\"@type\":\"EntryPoint\",\"urlTemplate\":\"https:\\\/\\\/blogit.gradia.fi\\\/oikeusosata\\\/?s={search_term_string}\"},\"query-input\":{\"@type\":\"PropertyValueSpecification\",\"valueRequired\":true,\"valueName\":\"search_term_string\"}}],\"inLanguage\":\"fi\"}]}<\/script>\n<!-- \/ Yoast SEO plugin. -->","yoast_head_json":{"title":"Oikeus osata - Oikeus osata","robots":{"index":"index","follow":"follow","max-snippet":"max-snippet:-1","max-image-preview":"max-image-preview:large","max-video-preview":"max-video-preview:-1"},"canonical":"https:\/\/blogit.gradia.fi\/oikeusosata\/","og_locale":"fi_FI","og_type":"article","og_title":"Oikeus osata - Oikeus osata","og_description":"Tervetuloa Oikeus osata -blogiin! Oikeus osata on valtakunnallinen OPH:n rahoittama&nbsp;ammatillisen koulutuksen kehitt\u00e4mishanke&nbsp;(1\/2021-6\/2022), jossa Gradia on vahvasti mukana. Kehitt\u00e4mishankkeessa pyrit\u00e4\u00e4n osaltaan varmistamaan, ett\u00e4&nbsp;kaikki ammatillisessa koulutuksessa opiskelevat saavat vankan ammattiosaamisen ja hyv\u00e4t perustaidot ty\u00f6t\u00e4, el\u00e4m\u00e4\u00e4 ja&#46;&#46;&#46;","og_url":"https:\/\/blogit.gradia.fi\/oikeusosata\/","og_site_name":"Oikeus osata","article_modified_time":"2022-04-28T15:05:22+00:00","og_image":[{"url":"https:\/\/blogit.gradia.fi\/oikeusosata\/wp-content\/uploads\/sites\/193\/2022\/03\/landen_anne-mari_kehittamisasiantuntija_2.jpg","type":"","width":"","height":""}],"twitter_card":"summary_large_image","twitter_misc":{"Arvioitu lukuaika":"2 minuuttia"},"schema":{"@context":"https:\/\/schema.org","@graph":[{"@type":"WebPage","@id":"https:\/\/blogit.gradia.fi\/oikeusosata\/","url":"https:\/\/blogit.gradia.fi\/oikeusosata\/","name":"Oikeus osata - Oikeus osata","isPartOf":{"@id":"https:\/\/blogit.gradia.fi\/oikeusosata\/#website"},"primaryImageOfPage":{"@id":"https:\/\/blogit.gradia.fi\/oikeusosata\/#primaryimage"},"image":{"@id":"https:\/\/blogit.gradia.fi\/oikeusosata\/#primaryimage"},"thumbnailUrl":"https:\/\/blogit.gradia.fi\/oikeusosata\/wp-content\/uploads\/sites\/193\/2022\/03\/landen_anne-mari_kehittamisasiantuntija_2.jpg","datePublished":"2021-04-06T11:19:51+00:00","dateModified":"2022-04-28T15:05:22+00:00","breadcrumb":{"@id":"https:\/\/blogit.gradia.fi\/oikeusosata\/#breadcrumb"},"inLanguage":"fi","potentialAction":[{"@type":"ReadAction","target":["https:\/\/blogit.gradia.fi\/oikeusosata\/"]}]},{"@type":"ImageObject","inLanguage":"fi","@id":"https:\/\/blogit.gradia.fi\/oikeusosata\/#primaryimage","url":"https:\/\/blogit.gradia.fi\/oikeusosata\/wp-content\/uploads\/sites\/193\/2022\/03\/landen_anne-mari_kehittamisasiantuntija_2.jpg","contentUrl":"https:\/\/blogit.gradia.fi\/oikeusosata\/wp-content\/uploads\/sites\/193\/2022\/03\/landen_anne-mari_kehittamisasiantuntija_2.jpg","width":1365,"height":2048,"caption":"land\u00e9n_anne-mari_kehitt\u00e4misasiantuntija"},{"@type":"BreadcrumbList","@id":"https:\/\/blogit.gradia.fi\/oikeusosata\/#breadcrumb","itemListElement":[{"@type":"ListItem","position":1,"name":"Etusivu","item":"https:\/\/blogit.gradia.fi\/oikeusosata\/"},{"@type":"ListItem","position":2,"name":"Oikeus osata"}]},{"@type":"WebSite","@id":"https:\/\/blogit.gradia.fi\/oikeusosata\/#website","url":"https:\/\/blogit.gradia.fi\/oikeusosata\/","name":"Oikeus osata","description":"Ammatillisen koulutuksen laatua ja tasa-arvoa parantava kehitt\u00e4misohjelma","potentialAction":[{"@type":"SearchAction","target":{"@type":"EntryPoint","urlTemplate":"https:\/\/blogit.gradia.fi\/oikeusosata\/?s={search_term_string}"},"query-input":{"@type":"PropertyValueSpecification","valueRequired":true,"valueName":"search_term_string"}}],"inLanguage":"fi"}]}},"uagb_featured_image_src":{"full":false,"thumbnail":false,"medium":false,"medium_large":false,"large":false,"1536x1536":false,"2048x2048":false,"thumb-small":false,"thumb-standard":false,"thumb-medium":false,"thumb-large":false,"thumb-xlarge":false,"thumb-xxlarge":false},"uagb_author_info":{"display_name":"Anne Maria Tikkanen","author_link":"https:\/\/blogit.gradia.fi\/oikeusosata\/author\/tikkaann\/"},"uagb_comment_info":0,"uagb_excerpt":"Tervetuloa Oikeus osata -blogiin! Oikeus osata on valtakunnallinen OPH:n rahoittama&nbsp;ammatillisen koulutuksen kehitt\u00e4mishanke&nbsp;(1\/2021-6\/2022), jossa Gradia on vahvasti mukana. Kehitt\u00e4mishankkeessa pyrit\u00e4\u00e4n osaltaan varmistamaan, ett\u00e4&nbsp;kaikki ammatillisessa koulutuksessa opiskelevat saavat vankan ammattiosaamisen ja hyv\u00e4t perustaidot ty\u00f6t\u00e4, el\u00e4m\u00e4\u00e4 ja&#46;&#46;&#46;","_links":{"self":[{"href":"https:\/\/blogit.gradia.fi\/oikeusosata\/wp-json\/wp\/v2\/pages\/28","targetHints":{"allow":["GET"]}}],"collection":[{"href":"https:\/\/blogit.gradia.fi\/oikeusosata\/wp-json\/wp\/v2\/pages"}],"about":[{"href":"https:\/\/blogit.gradia.fi\/oikeusosata\/wp-json\/wp\/v2\/types\/page"}],"author":[{"embeddable":true,"href":"https:\/\/blogit.gradia.fi\/oikeusosata\/wp-json\/wp\/v2\/users\/725"}],"replies":[{"embeddable":true,"href":"https:\/\/blogit.gradia.fi\/oikeusosata\/wp-json\/wp\/v2\/comments?post=28"}],"version-history":[{"count":4,"href":"https:\/\/blogit.gradia.fi\/oikeusosata\/wp-json\/wp\/v2\/pages\/28\/revisions"}],"predecessor-version":[{"id":401,"href":"https:\/\/blogit.gradia.fi\/oikeusosata\/wp-json\/wp\/v2\/pages\/28\/revisions\/401"}],"wp:attachment":[{"href":"https:\/\/blogit.gradia.fi\/oikeusosata\/wp-json\/wp\/v2\/media?parent=28"}],"curies":[{"name":"wp","href":"https:\/\/api.w.org\/{rel}","templated":true}]}}