{"id":267,"date":"2021-12-31T08:30:01","date_gmt":"2021-12-31T06:30:01","guid":{"rendered":"https:\/\/blogit.gradia.fi\/ohtoplus\/?page_id=267"},"modified":"2022-01-04T11:14:32","modified_gmt":"2022-01-04T09:14:32","slug":"pa-svenska","status":"publish","type":"page","link":"https:\/\/blogit.gradia.fi\/ohtoplus\/pa-svenska\/","title":{"rendered":"OHTO+ p\u00e5 svenska"},"content":{"rendered":"\n<h5 class=\"wp-block-heading\"><strong>OHTO+ utbildar studiehandledare och karri\u00e4rhandledare samt andra inom handledning- och utbildningsbranschen som anv\u00e4nder Studieinfo-tj\u00e4nsten och andra digitala service i sitt arbete. 2020-2022 erbjuder OHTO+ \u00f6ppna webbinarier och faciliterade workshop. Projektet finansieras av Europeiska socialfonden (ESF).<\/strong><\/h5>\n\n\n\n<p>OHTO+ utbildar studiehandledare, karri\u00e4rhandledare och andra inom handledning- och utbildningsbranschen som anv\u00e4nder Studieinfo-tj\u00e4nsten. Projektet syftar till att ge handledarna verktyg att anv\u00e4nda Studieinfo-tj\u00e4nsten och andra digitala service i sitte arbete. Detta riktar till att digitala service anv\u00e4ndas p\u00e5 ett mer aktivt och effektivt s\u00e4tt under handledningsprocess med kunden.<\/p>\n\n\n\n<p>Dessutom syftar OHTO+ till att skapa dialog mellan (yrkes)l\u00e4roanstalter fr\u00e5n olika delar av Finland, och speciellt deras ans\u00f6kningsservice. Att dela erfarenheter om digital handledning och l\u00e4ra fr\u00e5n varandra \u00e4r en betydande del av projektet.<\/p>\n\n\n\n<p>Ytterligare syftar projektet till att skapa dialog mellan de som anv\u00e4nder digitala service och de som bjuder och utvecklar servicen. Projektet syftar till att anv\u00e4ndarnas erfarenheter om digitala service h\u00f6rs f\u00f6r att g\u00f6ra servicen \u00e4nnu mer anv\u00e4ndarv\u00e4nliga.<\/p>\n\n\n\n<h2 class=\"wp-block-heading\">OHTO+ webbinarier <\/h2>\n\n\n\n<p>I OHTO+ webbinarier behandlas aktuella teman g\u00e4llande digital handledning. Olika experter diskuterar t.ex. datas\u00e4kerhet och etiska fr\u00e5gor g\u00e4llande digital handledning samt olika funktioner som finns i Studieinfo-tj\u00e4nsten. Du kan kolla p\u00e5 webbinarier p\u00e5 efterhand ocks\u00e5. Webbinarier med finska texter finns p\u00e5 <a href=\"https:\/\/www.youtube.com\/channel\/UCi066ZeNfO5txJsA6YPMHoA\/videos\">Youtube<\/a>.<\/p>\n","protected":false},"excerpt":{"rendered":"<p>OHTO+ utbildar studiehandledare och karri\u00e4rhandledare samt andra inom handledning- och utbildningsbranschen som anv\u00e4nder Studieinfo-tj\u00e4nsten och andra digitala service i sitt arbete. 2020-2022 erbjuder OHTO+ \u00f6ppna webbinarier och faciliterade workshop. Projektet finansieras av Europeiska socialfonden (ESF). OHTO+ utbildar studiehandledare, karri\u00e4rhandledare och andra inom handledning- och utbildningsbranschen som anv\u00e4nder Studieinfo-tj\u00e4nsten. Projektet syftar till att ge handledarna verktyg &hellip; <a href=\"https:\/\/blogit.gradia.fi\/ohtoplus\/pa-svenska\/\" class=\"more-link\">Jatka lukemista<span class=\"screen-reader-text\"> &#8221;OHTO+ p\u00e5 svenska&#8221;<\/span><\/a><\/p>\n","protected":false},"author":650,"featured_media":0,"parent":0,"menu_order":0,"comment_status":"closed","ping_status":"closed","template":"","meta":{"_uag_custom_page_level_css":"","footnotes":""},"class_list":["post-267","page","type-page","status-publish","hentry"],"yoast_head":"<!-- This site is optimized with the Yoast SEO plugin v27.2 - https:\/\/yoast.com\/product\/yoast-seo-wordpress\/ -->\n<title>OHTO+ p\u00e5 svenska - OHTO+<\/title>\n<meta name=\"robots\" content=\"index, follow, max-snippet:-1, max-image-preview:large, max-video-preview:-1\" \/>\n<link rel=\"canonical\" href=\"https:\/\/blogit.gradia.fi\/ohtoplus\/pa-svenska\/\" \/>\n<meta property=\"og:locale\" content=\"fi_FI\" \/>\n<meta property=\"og:type\" content=\"article\" \/>\n<meta property=\"og:title\" content=\"OHTO+ p\u00e5 svenska - OHTO+\" \/>\n<meta property=\"og:description\" content=\"OHTO+ utbildar studiehandledare och karri\u00e4rhandledare samt andra inom handledning- och utbildningsbranschen som anv\u00e4nder Studieinfo-tj\u00e4nsten och andra digitala service i sitt arbete. 2020-2022 erbjuder OHTO+ \u00f6ppna webbinarier och faciliterade workshop. Projektet finansieras av Europeiska socialfonden (ESF). OHTO+ utbildar studiehandledare, karri\u00e4rhandledare och andra inom handledning- och utbildningsbranschen som anv\u00e4nder Studieinfo-tj\u00e4nsten. Projektet syftar till att ge handledarna verktyg &hellip; Jatka lukemista &quot;OHTO+ p\u00e5 svenska&quot;\" \/>\n<meta property=\"og:url\" content=\"https:\/\/blogit.gradia.fi\/ohtoplus\/pa-svenska\/\" \/>\n<meta property=\"og:site_name\" content=\"OHTO+\" \/>\n<meta property=\"article:modified_time\" content=\"2022-01-04T09:14:32+00:00\" \/>\n<meta name=\"twitter:card\" content=\"summary_large_image\" \/>\n<meta name=\"twitter:label1\" content=\"Arvioitu lukuaika\" \/>\n\t<meta name=\"twitter:data1\" content=\"2 minuuttia\" \/>\n<script type=\"application\/ld+json\" class=\"yoast-schema-graph\">{\"@context\":\"https:\/\/schema.org\",\"@graph\":[{\"@type\":\"WebPage\",\"@id\":\"https:\/\/blogit.gradia.fi\/ohtoplus\/pa-svenska\/\",\"url\":\"https:\/\/blogit.gradia.fi\/ohtoplus\/pa-svenska\/\",\"name\":\"OHTO+ p\u00e5 svenska - OHTO+\",\"isPartOf\":{\"@id\":\"https:\/\/blogit.gradia.fi\/ohtoplus\/#website\"},\"datePublished\":\"2021-12-31T06:30:01+00:00\",\"dateModified\":\"2022-01-04T09:14:32+00:00\",\"breadcrumb\":{\"@id\":\"https:\/\/blogit.gradia.fi\/ohtoplus\/pa-svenska\/#breadcrumb\"},\"inLanguage\":\"fi\",\"potentialAction\":[{\"@type\":\"ReadAction\",\"target\":[\"https:\/\/blogit.gradia.fi\/ohtoplus\/pa-svenska\/\"]}]},{\"@type\":\"BreadcrumbList\",\"@id\":\"https:\/\/blogit.gradia.fi\/ohtoplus\/pa-svenska\/#breadcrumb\",\"itemListElement\":[{\"@type\":\"ListItem\",\"position\":1,\"name\":\"Etusivu\",\"item\":\"https:\/\/blogit.gradia.fi\/ohtoplus\/\"},{\"@type\":\"ListItem\",\"position\":2,\"name\":\"OHTO+ p\u00e5 svenska\"}]},{\"@type\":\"WebSite\",\"@id\":\"https:\/\/blogit.gradia.fi\/ohtoplus\/#website\",\"url\":\"https:\/\/blogit.gradia.fi\/ohtoplus\/\",\"name\":\"OHTO+\",\"description\":\"Ohjauksen tehostaminen digi- ja verkkopalveluja hy\u00f6dynt\u00e4m\u00e4ll\u00e4\",\"potentialAction\":[{\"@type\":\"SearchAction\",\"target\":{\"@type\":\"EntryPoint\",\"urlTemplate\":\"https:\/\/blogit.gradia.fi\/ohtoplus\/?s={search_term_string}\"},\"query-input\":{\"@type\":\"PropertyValueSpecification\",\"valueRequired\":true,\"valueName\":\"search_term_string\"}}],\"inLanguage\":\"fi\"}]}<\/script>\n<!-- \/ Yoast SEO plugin. -->","yoast_head_json":{"title":"OHTO+ p\u00e5 svenska - OHTO+","robots":{"index":"index","follow":"follow","max-snippet":"max-snippet:-1","max-image-preview":"max-image-preview:large","max-video-preview":"max-video-preview:-1"},"canonical":"https:\/\/blogit.gradia.fi\/ohtoplus\/pa-svenska\/","og_locale":"fi_FI","og_type":"article","og_title":"OHTO+ p\u00e5 svenska - OHTO+","og_description":"OHTO+ utbildar studiehandledare och karri\u00e4rhandledare samt andra inom handledning- och utbildningsbranschen som anv\u00e4nder Studieinfo-tj\u00e4nsten och andra digitala service i sitt arbete. 2020-2022 erbjuder OHTO+ \u00f6ppna webbinarier och faciliterade workshop. Projektet finansieras av Europeiska socialfonden (ESF). OHTO+ utbildar studiehandledare, karri\u00e4rhandledare och andra inom handledning- och utbildningsbranschen som anv\u00e4nder Studieinfo-tj\u00e4nsten. Projektet syftar till att ge handledarna verktyg &hellip; Jatka lukemista \"OHTO+ p\u00e5 svenska\"","og_url":"https:\/\/blogit.gradia.fi\/ohtoplus\/pa-svenska\/","og_site_name":"OHTO+","article_modified_time":"2022-01-04T09:14:32+00:00","twitter_card":"summary_large_image","twitter_misc":{"Arvioitu lukuaika":"2 minuuttia"},"schema":{"@context":"https:\/\/schema.org","@graph":[{"@type":"WebPage","@id":"https:\/\/blogit.gradia.fi\/ohtoplus\/pa-svenska\/","url":"https:\/\/blogit.gradia.fi\/ohtoplus\/pa-svenska\/","name":"OHTO+ p\u00e5 svenska - OHTO+","isPartOf":{"@id":"https:\/\/blogit.gradia.fi\/ohtoplus\/#website"},"datePublished":"2021-12-31T06:30:01+00:00","dateModified":"2022-01-04T09:14:32+00:00","breadcrumb":{"@id":"https:\/\/blogit.gradia.fi\/ohtoplus\/pa-svenska\/#breadcrumb"},"inLanguage":"fi","potentialAction":[{"@type":"ReadAction","target":["https:\/\/blogit.gradia.fi\/ohtoplus\/pa-svenska\/"]}]},{"@type":"BreadcrumbList","@id":"https:\/\/blogit.gradia.fi\/ohtoplus\/pa-svenska\/#breadcrumb","itemListElement":[{"@type":"ListItem","position":1,"name":"Etusivu","item":"https:\/\/blogit.gradia.fi\/ohtoplus\/"},{"@type":"ListItem","position":2,"name":"OHTO+ p\u00e5 svenska"}]},{"@type":"WebSite","@id":"https:\/\/blogit.gradia.fi\/ohtoplus\/#website","url":"https:\/\/blogit.gradia.fi\/ohtoplus\/","name":"OHTO+","description":"Ohjauksen tehostaminen digi- ja verkkopalveluja hy\u00f6dynt\u00e4m\u00e4ll\u00e4","potentialAction":[{"@type":"SearchAction","target":{"@type":"EntryPoint","urlTemplate":"https:\/\/blogit.gradia.fi\/ohtoplus\/?s={search_term_string}"},"query-input":{"@type":"PropertyValueSpecification","valueRequired":true,"valueName":"search_term_string"}}],"inLanguage":"fi"}]}},"uagb_featured_image_src":{"full":false,"thumbnail":false,"medium":false,"medium_large":false,"large":false,"1536x1536":false,"2048x2048":false,"post-thumbnail":false},"uagb_author_info":{"display_name":"Matti Lampinen","author_link":"https:\/\/blogit.gradia.fi\/ohtoplus\/author\/lampimat\/"},"uagb_comment_info":0,"uagb_excerpt":"OHTO+ utbildar studiehandledare och karri\u00e4rhandledare samt andra inom handledning- och utbildningsbranschen som anv\u00e4nder Studieinfo-tj\u00e4nsten och andra digitala service i sitt arbete. 2020-2022 erbjuder OHTO+ \u00f6ppna webbinarier och faciliterade workshop. Projektet finansieras av Europeiska socialfonden (ESF). OHTO+ utbildar studiehandledare, karri\u00e4rhandledare och andra inom handledning- och utbildningsbranschen som anv\u00e4nder Studieinfo-tj\u00e4nsten. Projektet syftar till att ge handledarna verktyg&hellip;","_links":{"self":[{"href":"https:\/\/blogit.gradia.fi\/ohtoplus\/wp-json\/wp\/v2\/pages\/267","targetHints":{"allow":["GET"]}}],"collection":[{"href":"https:\/\/blogit.gradia.fi\/ohtoplus\/wp-json\/wp\/v2\/pages"}],"about":[{"href":"https:\/\/blogit.gradia.fi\/ohtoplus\/wp-json\/wp\/v2\/types\/page"}],"author":[{"embeddable":true,"href":"https:\/\/blogit.gradia.fi\/ohtoplus\/wp-json\/wp\/v2\/users\/650"}],"replies":[{"embeddable":true,"href":"https:\/\/blogit.gradia.fi\/ohtoplus\/wp-json\/wp\/v2\/comments?post=267"}],"version-history":[{"count":7,"href":"https:\/\/blogit.gradia.fi\/ohtoplus\/wp-json\/wp\/v2\/pages\/267\/revisions"}],"predecessor-version":[{"id":286,"href":"https:\/\/blogit.gradia.fi\/ohtoplus\/wp-json\/wp\/v2\/pages\/267\/revisions\/286"}],"wp:attachment":[{"href":"https:\/\/blogit.gradia.fi\/ohtoplus\/wp-json\/wp\/v2\/media?parent=267"}],"curies":[{"name":"wp","href":"https:\/\/api.w.org\/{rel}","templated":true}]}}