{"id":39,"date":"2018-03-06T16:02:01","date_gmt":"2018-03-06T14:02:01","guid":{"rendered":"https:\/\/blogit.gradia.fi\/musicxchain\/?page_id=39"},"modified":"2020-12-07T19:49:11","modified_gmt":"2020-12-07T17:49:11","slug":"moduulit","status":"publish","type":"page","link":"https:\/\/blogit.gradia.fi\/musicxchain\/moduulit\/","title":{"rendered":"Modules"},"content":{"rendered":"<p>Modules<br \/>Modules are based on EMEU and will be created in order for the partners to describe learning activities and define learning outcomes and assessment criteria that are the basis of mobility and exchanges between partners. The module descriptions provide a window for students and teachers for choosing international mobilities within the appropriate level to fit individual abilities and study programs of the students.<\/p>\n<h3>Neue Jazzschool M\u00fcnchen<br \/><a href=\"https:\/\/blogit.gradia.fi\/musicxchain\/wp-content\/uploads\/sites\/14\/2019\/11\/Jazzschool-Module-description-From-Swing-to-Modern-Jazz.pdf\"><img loading=\"lazy\" decoding=\"async\" class=\"alignnone size-medium wp-image-227\" src=\"https:\/\/blogit.gradia.fi\/musicxchain\/wp-content\/uploads\/sites\/14\/2018\/05\/swing-300x134.jpg\" alt=\"\" width=\"300\" height=\"134\" srcset=\"https:\/\/blogit.gradia.fi\/musicxchain\/wp-content\/uploads\/sites\/14\/2018\/05\/swing-300x134.jpg 300w, https:\/\/blogit.gradia.fi\/musicxchain\/wp-content\/uploads\/sites\/14\/2018\/05\/swing-768x342.jpg 768w, https:\/\/blogit.gradia.fi\/musicxchain\/wp-content\/uploads\/sites\/14\/2018\/05\/swing-1024x456.jpg 1024w, https:\/\/blogit.gradia.fi\/musicxchain\/wp-content\/uploads\/sites\/14\/2018\/05\/swing-624x278.jpg 624w, https:\/\/blogit.gradia.fi\/musicxchain\/wp-content\/uploads\/sites\/14\/2018\/05\/swing.jpg 1214w\" sizes=\"auto, (max-width: 300px) 100vw, 300px\" \/><\/a><\/h3>\n<p><a href=\"https:\/\/blogit.gradia.fi\/musicxchain\/wp-content\/uploads\/sites\/14\/2019\/11\/Jazzschool-Module-description-RockPop-Classics.pdf\"><img loading=\"lazy\" decoding=\"async\" class=\"alignnone size-full wp-image-374\" src=\"https:\/\/blogit.gradia.fi\/musicxchain\/wp-content\/uploads\/sites\/14\/2019\/01\/buttonit-25.jpg\" alt=\"\" width=\"292\" height=\"131\" \/><\/a><\/p>\n<h3>Riga Cathedral Choir School<\/h3>\n<p><a href=\"https:\/\/blogit.gradia.fi\/musicxchain\/wp-content\/uploads\/sites\/14\/2018\/03\/Module-description_RCCS.pdf\"><img loading=\"lazy\" decoding=\"async\" class=\"alignnone wp-image-222 size-medium\" src=\"https:\/\/blogit.gradia.fi\/musicxchain\/wp-content\/uploads\/sites\/14\/2018\/05\/world_jazz_music-300x133.jpg\" alt=\"\" width=\"300\" height=\"133\" srcset=\"https:\/\/blogit.gradia.fi\/musicxchain\/wp-content\/uploads\/sites\/14\/2018\/05\/world_jazz_music-300x133.jpg 300w, https:\/\/blogit.gradia.fi\/musicxchain\/wp-content\/uploads\/sites\/14\/2018\/05\/world_jazz_music-768x342.jpg 768w, https:\/\/blogit.gradia.fi\/musicxchain\/wp-content\/uploads\/sites\/14\/2018\/05\/world_jazz_music-1024x455.jpg 1024w, https:\/\/blogit.gradia.fi\/musicxchain\/wp-content\/uploads\/sites\/14\/2018\/05\/world_jazz_music-624x278.jpg 624w, https:\/\/blogit.gradia.fi\/musicxchain\/wp-content\/uploads\/sites\/14\/2018\/05\/world_jazz_music.jpg 1214w\" sizes=\"auto, (max-width: 300px) 100vw, 300px\" \/><\/a><\/p>\n<p><a href=\"https:\/\/blogit.gradia.fi\/musicxchain\/wp-content\/uploads\/sites\/14\/2019\/01\/Riga_Module-description2.pdf\"><img loading=\"lazy\" decoding=\"async\" class=\"alignnone size-full wp-image-375\" src=\"https:\/\/blogit.gradia.fi\/musicxchain\/wp-content\/uploads\/sites\/14\/2019\/01\/buttonit-24.jpg\" alt=\"\" width=\"292\" height=\"130\" \/><\/a><\/p>\n<h3>Kainuu Vocational College<\/h3>\n<p><a href=\"https:\/\/blogit.gradia.fi\/musicxchain\/wp-content\/uploads\/sites\/14\/2018\/03\/Module-template-KAO.docx_.pdf\"><img loading=\"lazy\" decoding=\"async\" class=\"alignnone wp-image-226 size-medium\" src=\"https:\/\/blogit.gradia.fi\/musicxchain\/wp-content\/uploads\/sites\/14\/2018\/05\/songwriting-300x133.jpg\" alt=\"\" width=\"300\" height=\"133\" srcset=\"https:\/\/blogit.gradia.fi\/musicxchain\/wp-content\/uploads\/sites\/14\/2018\/05\/songwriting-300x133.jpg 300w, https:\/\/blogit.gradia.fi\/musicxchain\/wp-content\/uploads\/sites\/14\/2018\/05\/songwriting-768x342.jpg 768w, https:\/\/blogit.gradia.fi\/musicxchain\/wp-content\/uploads\/sites\/14\/2018\/05\/songwriting-1024x455.jpg 1024w, https:\/\/blogit.gradia.fi\/musicxchain\/wp-content\/uploads\/sites\/14\/2018\/05\/songwriting-624x278.jpg 624w, https:\/\/blogit.gradia.fi\/musicxchain\/wp-content\/uploads\/sites\/14\/2018\/05\/songwriting.jpg 1214w\" sizes=\"auto, (max-width: 300px) 100vw, 300px\" \/><\/a><\/p>\n<p><a href=\"https:\/\/blogit.gradia.fi\/musicxchain\/wp-content\/uploads\/sites\/14\/2020\/12\/KAOModuleDescription2Worldmusic.pdf\"><img loading=\"lazy\" decoding=\"async\" class=\"alignnone size-full wp-image-377\" src=\"https:\/\/blogit.gradia.fi\/musicxchain\/wp-content\/uploads\/sites\/14\/2019\/01\/buttonit-27.jpg\" alt=\"\" width=\"292\" height=\"130\" \/><\/a><\/p>\n<h3>Conservatory for Music and Ballet Ljubljana<\/h3>\n<p><a href=\"https:\/\/blogit.gradia.fi\/musicxchain\/wp-content\/uploads\/sites\/14\/2018\/01\/Conservatory-for-music-and-ballet-ljubljana.pdf\"><img loading=\"lazy\" decoding=\"async\" class=\"alignnone wp-image-225 size-medium\" src=\"https:\/\/blogit.gradia.fi\/musicxchain\/wp-content\/uploads\/sites\/14\/2018\/05\/performance_upgrade-300x134.jpg\" alt=\"\" width=\"300\" height=\"134\" srcset=\"https:\/\/blogit.gradia.fi\/musicxchain\/wp-content\/uploads\/sites\/14\/2018\/05\/performance_upgrade-300x134.jpg 300w, https:\/\/blogit.gradia.fi\/musicxchain\/wp-content\/uploads\/sites\/14\/2018\/05\/performance_upgrade-768x342.jpg 768w, https:\/\/blogit.gradia.fi\/musicxchain\/wp-content\/uploads\/sites\/14\/2018\/05\/performance_upgrade-1024x456.jpg 1024w, https:\/\/blogit.gradia.fi\/musicxchain\/wp-content\/uploads\/sites\/14\/2018\/05\/performance_upgrade-624x278.jpg 624w, https:\/\/blogit.gradia.fi\/musicxchain\/wp-content\/uploads\/sites\/14\/2018\/05\/performance_upgrade.jpg 1214w\" sizes=\"auto, (max-width: 300px) 100vw, 300px\" \/><\/a><\/p>\n<p><a href=\"https:\/\/blogit.gradia.fi\/musicxchain\/wp-content\/uploads\/sites\/14\/2020\/12\/KGBLmodul2.pdf\"><img loading=\"lazy\" decoding=\"async\" class=\"alignnone size-full wp-image-376\" src=\"https:\/\/blogit.gradia.fi\/musicxchain\/wp-content\/uploads\/sites\/14\/2019\/01\/buttonit-26.jpg\" alt=\"\" width=\"292\" height=\"130\" \/><\/a><\/p>\n<h3>Gradia<\/h3>\n<p><a href=\"https:\/\/blogit.gradia.fi\/musicxchain\/wp-content\/uploads\/sites\/14\/2018\/03\/module-template.pdf\"><img loading=\"lazy\" decoding=\"async\" class=\"alignnone wp-image-223 size-medium\" src=\"https:\/\/blogit.gradia.fi\/musicxchain\/wp-content\/uploads\/sites\/14\/2018\/05\/african_latin_music-300x133.jpg\" alt=\"\" width=\"300\" height=\"133\" srcset=\"https:\/\/blogit.gradia.fi\/musicxchain\/wp-content\/uploads\/sites\/14\/2018\/05\/african_latin_music-300x133.jpg 300w, https:\/\/blogit.gradia.fi\/musicxchain\/wp-content\/uploads\/sites\/14\/2018\/05\/african_latin_music-768x342.jpg 768w, https:\/\/blogit.gradia.fi\/musicxchain\/wp-content\/uploads\/sites\/14\/2018\/05\/african_latin_music-1024x455.jpg 1024w, https:\/\/blogit.gradia.fi\/musicxchain\/wp-content\/uploads\/sites\/14\/2018\/05\/african_latin_music-624x278.jpg 624w, https:\/\/blogit.gradia.fi\/musicxchain\/wp-content\/uploads\/sites\/14\/2018\/05\/african_latin_music.jpg 1214w\" sizes=\"auto, (max-width: 300px) 100vw, 300px\" \/><\/a><\/p>\n<p><a href=\"https:\/\/blogit.gradia.fi\/musicxchain\/wp-content\/uploads\/sites\/14\/2019\/01\/Module-description-2-Gradia_Caribbean-music.pdf\"><img loading=\"lazy\" decoding=\"async\" class=\"alignnone size-full wp-image-378\" src=\"https:\/\/blogit.gradia.fi\/musicxchain\/wp-content\/uploads\/sites\/14\/2019\/01\/buttonit-28.jpg\" alt=\"\" width=\"292\" height=\"131\" \/><\/a><\/p>\n<h3>Rijn IJssel<\/h3>\n<p><a href=\"https:\/\/blogit.gradia.fi\/musicxchain\/wp-content\/uploads\/sites\/14\/2018\/05\/Module-template-Rijn-IJssel.pdf\"><img loading=\"lazy\" decoding=\"async\" class=\"alignnone wp-image-224 size-medium\" src=\"https:\/\/blogit.gradia.fi\/musicxchain\/wp-content\/uploads\/sites\/14\/2018\/05\/bandcoaching-300x133.jpg\" alt=\"\" width=\"300\" height=\"133\" srcset=\"https:\/\/blogit.gradia.fi\/musicxchain\/wp-content\/uploads\/sites\/14\/2018\/05\/bandcoaching-300x133.jpg 300w, https:\/\/blogit.gradia.fi\/musicxchain\/wp-content\/uploads\/sites\/14\/2018\/05\/bandcoaching-768x342.jpg 768w, https:\/\/blogit.gradia.fi\/musicxchain\/wp-content\/uploads\/sites\/14\/2018\/05\/bandcoaching-1024x455.jpg 1024w, https:\/\/blogit.gradia.fi\/musicxchain\/wp-content\/uploads\/sites\/14\/2018\/05\/bandcoaching-624x278.jpg 624w, https:\/\/blogit.gradia.fi\/musicxchain\/wp-content\/uploads\/sites\/14\/2018\/05\/bandcoaching.jpg 1214w\" sizes=\"auto, (max-width: 300px) 100vw, 300px\" \/><\/a><\/p>\n<p><a href=\"https:\/\/blogit.gradia.fi\/musicxchain\/wp-content\/uploads\/sites\/14\/2019\/04\/Module-2-Rijn-IJssel-Creative-.pdf\"><img loading=\"lazy\" decoding=\"async\" class=\"alignnone size-medium wp-image-224\" src=\"https:\/\/blogit.gradia.fi\/musicxchain\/wp-content\/uploads\/sites\/14\/2018\/05\/bandcoaching-300x133.jpg\" alt=\"\" width=\"300\" height=\"133\" srcset=\"https:\/\/blogit.gradia.fi\/musicxchain\/wp-content\/uploads\/sites\/14\/2018\/05\/bandcoaching-300x133.jpg 300w, https:\/\/blogit.gradia.fi\/musicxchain\/wp-content\/uploads\/sites\/14\/2018\/05\/bandcoaching-768x342.jpg 768w, https:\/\/blogit.gradia.fi\/musicxchain\/wp-content\/uploads\/sites\/14\/2018\/05\/bandcoaching-1024x455.jpg 1024w, https:\/\/blogit.gradia.fi\/musicxchain\/wp-content\/uploads\/sites\/14\/2018\/05\/bandcoaching-624x278.jpg 624w, https:\/\/blogit.gradia.fi\/musicxchain\/wp-content\/uploads\/sites\/14\/2018\/05\/bandcoaching.jpg 1214w\" sizes=\"auto, (max-width: 300px) 100vw, 300px\" \/><\/a><\/p>\n\n\n<hr class=\"wp-block-separator is-style-wide\" \/>\n\n\n\n<h2 class=\"wp-block-heading\"><strong>Feedback<\/strong><\/h2>\n\n\n\n<p><strong>M\u0101rti\u0146\u0161 &#8211; Jyvaskyla<\/strong><em><br>After the first week of the mobility, M\u0101rti\u0146\u0161 was joined with 2 other students from Riga Cathedral Choir School \u2013 Megija and Akims, as well as one of his teachers Zigmunds. As students of Riga Cathedral Choir School study and play mainly jazz music, during the mobility they got to experience all kinds of different genres \u2013 pop music, folk music and heavy metal. Besides studying, they managed to enjoy the famous Finnish sauna, attend jazz music concerts and even dance classes. The final concert took place in the school\u2019s concert hall and was professionally equipped and organized. M\u0101rti\u0146\u0161 and other students were pleasantly surprised that the concert is made in close collaboration with other departments of the school \u2013 video operators, sound directors, make-up artists and others.<br>&nbsp;<br><\/em><strong>Miks &#8211; Kajaani<\/strong><em><br>The study process during the mobility was intensive, but in the free time Miks got, he managed to experience swimming in freezing cold water and going to gym. Miks admits that he was initially worried about going to Finland alone, but later realized that is was very valuable experience and it gave the opportunity to get to know the locals much better.&nbsp;<br>&nbsp;<br><\/em><strong>M\u0101rcis &#8211; Munich<\/strong><em><br>During the exchange, Marcis got the opportunity to learn from outstanding masters of German jazz music. In addition, thanks to his own willpower, he managed to meet and even arrange a private one-on-one lesson with a high-class drummer from China. Marcis appreciated that the professional level and requirements at Neue Jazz School were at a very high level and that the tasks at times were challenging.<\/em><\/p>\n","protected":false},"excerpt":{"rendered":"<p>ModulesModules are based on EMEU and will be created in order for the partners to describe learning activities and define learning outcomes and assessment criteria that are the basis of [&hellip;]<\/p>\n","protected":false},"author":43,"featured_media":0,"parent":0,"menu_order":0,"comment_status":"closed","ping_status":"closed","template":"","meta":{"_uag_custom_page_level_css":"","footnotes":""},"class_list":["post-39","page","type-page","status-publish","hentry"],"yoast_head":"<!-- This site is optimized with the Yoast SEO plugin v27.4 - https:\/\/yoast.com\/product\/yoast-seo-wordpress\/ -->\n<title>Modules - MusicXchain<\/title>\n<meta name=\"robots\" content=\"index, follow, max-snippet:-1, max-image-preview:large, max-video-preview:-1\" \/>\n<link rel=\"canonical\" href=\"https:\/\/blogit.gradia.fi\/musicxchain\/moduulit\/\" \/>\n<meta property=\"og:locale\" content=\"en_US\" \/>\n<meta property=\"og:type\" content=\"article\" \/>\n<meta property=\"og:title\" content=\"Modules - MusicXchain\" \/>\n<meta property=\"og:description\" content=\"ModulesModules are based on EMEU and will be created in order for the partners to describe learning activities and define learning outcomes and assessment criteria that are the basis of [&hellip;]\" \/>\n<meta property=\"og:url\" content=\"https:\/\/blogit.gradia.fi\/musicxchain\/moduulit\/\" \/>\n<meta property=\"og:site_name\" content=\"MusicXchain\" \/>\n<meta property=\"article:publisher\" content=\"https:\/\/www.facebook.com\/pg\/MusicXchain\/\" \/>\n<meta property=\"article:modified_time\" content=\"2020-12-07T17:49:11+00:00\" \/>\n<meta property=\"og:image\" content=\"https:\/\/blogit.gradia.fi\/musicxchain\/wp-content\/uploads\/sites\/14\/2018\/05\/swing-300x134.jpg\" \/>\n<meta name=\"twitter:card\" content=\"summary_large_image\" \/>\n<meta name=\"twitter:label1\" content=\"Est. reading time\" \/>\n\t<meta name=\"twitter:data1\" content=\"2 minutes\" \/>\n<script type=\"application\/ld+json\" class=\"yoast-schema-graph\">{\"@context\":\"https:\\\/\\\/schema.org\",\"@graph\":[{\"@type\":\"WebPage\",\"@id\":\"https:\\\/\\\/blogit.gradia.fi\\\/musicxchain\\\/moduulit\\\/\",\"url\":\"https:\\\/\\\/blogit.gradia.fi\\\/musicxchain\\\/moduulit\\\/\",\"name\":\"Modules - MusicXchain\",\"isPartOf\":{\"@id\":\"https:\\\/\\\/blogit.gradia.fi\\\/musicxchain\\\/#website\"},\"primaryImageOfPage\":{\"@id\":\"https:\\\/\\\/blogit.gradia.fi\\\/musicxchain\\\/moduulit\\\/#primaryimage\"},\"image\":{\"@id\":\"https:\\\/\\\/blogit.gradia.fi\\\/musicxchain\\\/moduulit\\\/#primaryimage\"},\"thumbnailUrl\":\"https:\\\/\\\/blogit.gradia.fi\\\/musicxchain\\\/wp-content\\\/uploads\\\/sites\\\/14\\\/2018\\\/05\\\/swing-300x134.jpg\",\"datePublished\":\"2018-03-06T14:02:01+00:00\",\"dateModified\":\"2020-12-07T17:49:11+00:00\",\"inLanguage\":\"en-US\",\"potentialAction\":[{\"@type\":\"ReadAction\",\"target\":[\"https:\\\/\\\/blogit.gradia.fi\\\/musicxchain\\\/moduulit\\\/\"]}]},{\"@type\":\"ImageObject\",\"inLanguage\":\"en-US\",\"@id\":\"https:\\\/\\\/blogit.gradia.fi\\\/musicxchain\\\/moduulit\\\/#primaryimage\",\"url\":\"https:\\\/\\\/blogit.gradia.fi\\\/musicxchain\\\/wp-content\\\/uploads\\\/sites\\\/14\\\/2018\\\/05\\\/swing-300x134.jpg\",\"contentUrl\":\"https:\\\/\\\/blogit.gradia.fi\\\/musicxchain\\\/wp-content\\\/uploads\\\/sites\\\/14\\\/2018\\\/05\\\/swing-300x134.jpg\"},{\"@type\":\"WebSite\",\"@id\":\"https:\\\/\\\/blogit.gradia.fi\\\/musicxchain\\\/#website\",\"url\":\"https:\\\/\\\/blogit.gradia.fi\\\/musicxchain\\\/\",\"name\":\"MusicXchain\",\"description\":\"Let music take you over the borders!\",\"publisher\":{\"@id\":\"https:\\\/\\\/blogit.gradia.fi\\\/musicxchain\\\/#organization\"},\"potentialAction\":[{\"@type\":\"SearchAction\",\"target\":{\"@type\":\"EntryPoint\",\"urlTemplate\":\"https:\\\/\\\/blogit.gradia.fi\\\/musicxchain\\\/?s={search_term_string}\"},\"query-input\":{\"@type\":\"PropertyValueSpecification\",\"valueRequired\":true,\"valueName\":\"search_term_string\"}}],\"inLanguage\":\"en-US\"},{\"@type\":\"Organization\",\"@id\":\"https:\\\/\\\/blogit.gradia.fi\\\/musicxchain\\\/#organization\",\"name\":\"Jyv\u00e4skyl\u00e4n koulutuskuntayhtym\u00e4 Gradia\",\"url\":\"https:\\\/\\\/blogit.gradia.fi\\\/musicxchain\\\/\",\"logo\":{\"@type\":\"ImageObject\",\"inLanguage\":\"en-US\",\"@id\":\"https:\\\/\\\/blogit.gradia.fi\\\/musicxchain\\\/#\\\/schema\\\/logo\\\/image\\\/\",\"url\":\"https:\\\/\\\/blogit.gradia.fi\\\/musicxchain\\\/wp-content\\\/uploads\\\/sites\\\/14\\\/2018\\\/01\\\/Gradia_logo_musta_verkko.png\",\"contentUrl\":\"https:\\\/\\\/blogit.gradia.fi\\\/musicxchain\\\/wp-content\\\/uploads\\\/sites\\\/14\\\/2018\\\/01\\\/Gradia_logo_musta_verkko.png\",\"width\":591,\"height\":154,\"caption\":\"Jyv\u00e4skyl\u00e4n koulutuskuntayhtym\u00e4 Gradia\"},\"image\":{\"@id\":\"https:\\\/\\\/blogit.gradia.fi\\\/musicxchain\\\/#\\\/schema\\\/logo\\\/image\\\/\"},\"sameAs\":[\"https:\\\/\\\/www.facebook.com\\\/pg\\\/MusicXchain\\\/\"]}]}<\/script>\n<!-- \/ Yoast SEO plugin. -->","yoast_head_json":{"title":"Modules - MusicXchain","robots":{"index":"index","follow":"follow","max-snippet":"max-snippet:-1","max-image-preview":"max-image-preview:large","max-video-preview":"max-video-preview:-1"},"canonical":"https:\/\/blogit.gradia.fi\/musicxchain\/moduulit\/","og_locale":"en_US","og_type":"article","og_title":"Modules - MusicXchain","og_description":"ModulesModules are based on EMEU and will be created in order for the partners to describe learning activities and define learning outcomes and assessment criteria that are the basis of [&hellip;]","og_url":"https:\/\/blogit.gradia.fi\/musicxchain\/moduulit\/","og_site_name":"MusicXchain","article_publisher":"https:\/\/www.facebook.com\/pg\/MusicXchain\/","article_modified_time":"2020-12-07T17:49:11+00:00","og_image":[{"url":"https:\/\/blogit.gradia.fi\/musicxchain\/wp-content\/uploads\/sites\/14\/2018\/05\/swing-300x134.jpg","type":"","width":"","height":""}],"twitter_card":"summary_large_image","twitter_misc":{"Est. reading time":"2 minutes"},"schema":{"@context":"https:\/\/schema.org","@graph":[{"@type":"WebPage","@id":"https:\/\/blogit.gradia.fi\/musicxchain\/moduulit\/","url":"https:\/\/blogit.gradia.fi\/musicxchain\/moduulit\/","name":"Modules - MusicXchain","isPartOf":{"@id":"https:\/\/blogit.gradia.fi\/musicxchain\/#website"},"primaryImageOfPage":{"@id":"https:\/\/blogit.gradia.fi\/musicxchain\/moduulit\/#primaryimage"},"image":{"@id":"https:\/\/blogit.gradia.fi\/musicxchain\/moduulit\/#primaryimage"},"thumbnailUrl":"https:\/\/blogit.gradia.fi\/musicxchain\/wp-content\/uploads\/sites\/14\/2018\/05\/swing-300x134.jpg","datePublished":"2018-03-06T14:02:01+00:00","dateModified":"2020-12-07T17:49:11+00:00","inLanguage":"en-US","potentialAction":[{"@type":"ReadAction","target":["https:\/\/blogit.gradia.fi\/musicxchain\/moduulit\/"]}]},{"@type":"ImageObject","inLanguage":"en-US","@id":"https:\/\/blogit.gradia.fi\/musicxchain\/moduulit\/#primaryimage","url":"https:\/\/blogit.gradia.fi\/musicxchain\/wp-content\/uploads\/sites\/14\/2018\/05\/swing-300x134.jpg","contentUrl":"https:\/\/blogit.gradia.fi\/musicxchain\/wp-content\/uploads\/sites\/14\/2018\/05\/swing-300x134.jpg"},{"@type":"WebSite","@id":"https:\/\/blogit.gradia.fi\/musicxchain\/#website","url":"https:\/\/blogit.gradia.fi\/musicxchain\/","name":"MusicXchain","description":"Let music take you over the borders!","publisher":{"@id":"https:\/\/blogit.gradia.fi\/musicxchain\/#organization"},"potentialAction":[{"@type":"SearchAction","target":{"@type":"EntryPoint","urlTemplate":"https:\/\/blogit.gradia.fi\/musicxchain\/?s={search_term_string}"},"query-input":{"@type":"PropertyValueSpecification","valueRequired":true,"valueName":"search_term_string"}}],"inLanguage":"en-US"},{"@type":"Organization","@id":"https:\/\/blogit.gradia.fi\/musicxchain\/#organization","name":"Jyv\u00e4skyl\u00e4n koulutuskuntayhtym\u00e4 Gradia","url":"https:\/\/blogit.gradia.fi\/musicxchain\/","logo":{"@type":"ImageObject","inLanguage":"en-US","@id":"https:\/\/blogit.gradia.fi\/musicxchain\/#\/schema\/logo\/image\/","url":"https:\/\/blogit.gradia.fi\/musicxchain\/wp-content\/uploads\/sites\/14\/2018\/01\/Gradia_logo_musta_verkko.png","contentUrl":"https:\/\/blogit.gradia.fi\/musicxchain\/wp-content\/uploads\/sites\/14\/2018\/01\/Gradia_logo_musta_verkko.png","width":591,"height":154,"caption":"Jyv\u00e4skyl\u00e4n koulutuskuntayhtym\u00e4 Gradia"},"image":{"@id":"https:\/\/blogit.gradia.fi\/musicxchain\/#\/schema\/logo\/image\/"},"sameAs":["https:\/\/www.facebook.com\/pg\/MusicXchain\/"]}]}},"uagb_featured_image_src":{"full":false,"thumbnail":false,"medium":false,"medium_large":false,"large":false,"1536x1536":false,"2048x2048":false,"post-thumbnail":false},"uagb_author_info":{"display_name":"Jaana Virtanen","author_link":"https:\/\/blogit.gradia.fi\/musicxchain\/author\/virtajaa\/"},"uagb_comment_info":0,"uagb_excerpt":"ModulesModules are based on EMEU and will be created in order for the partners to describe learning activities and define learning outcomes and assessment criteria that are the basis of [&hellip;]","_links":{"self":[{"href":"https:\/\/blogit.gradia.fi\/musicxchain\/wp-json\/wp\/v2\/pages\/39","targetHints":{"allow":["GET"]}}],"collection":[{"href":"https:\/\/blogit.gradia.fi\/musicxchain\/wp-json\/wp\/v2\/pages"}],"about":[{"href":"https:\/\/blogit.gradia.fi\/musicxchain\/wp-json\/wp\/v2\/types\/page"}],"author":[{"embeddable":true,"href":"https:\/\/blogit.gradia.fi\/musicxchain\/wp-json\/wp\/v2\/users\/43"}],"replies":[{"embeddable":true,"href":"https:\/\/blogit.gradia.fi\/musicxchain\/wp-json\/wp\/v2\/comments?post=39"}],"version-history":[{"count":45,"href":"https:\/\/blogit.gradia.fi\/musicxchain\/wp-json\/wp\/v2\/pages\/39\/revisions"}],"predecessor-version":[{"id":621,"href":"https:\/\/blogit.gradia.fi\/musicxchain\/wp-json\/wp\/v2\/pages\/39\/revisions\/621"}],"wp:attachment":[{"href":"https:\/\/blogit.gradia.fi\/musicxchain\/wp-json\/wp\/v2\/media?parent=39"}],"curies":[{"name":"wp","href":"https:\/\/api.w.org\/{rel}","templated":true}]}}