{"id":251,"date":"2018-09-03T08:39:44","date_gmt":"2018-09-03T05:39:44","guid":{"rendered":"https:\/\/blogit.gradia.fi\/musicxchain\/?page_id=251"},"modified":"2021-02-08T21:56:41","modified_gmt":"2021-02-08T19:56:41","slug":"meetings","status":"publish","type":"page","link":"https:\/\/blogit.gradia.fi\/musicxchain\/network\/meetings\/","title":{"rendered":"Meetings"},"content":{"rendered":"\n<figure class=\"wp-block-image size-large\"><img loading=\"lazy\" decoding=\"async\" width=\"960\" height=\"960\" src=\"https:\/\/blogit.gradia.fi\/musicxchain\/wp-content\/uploads\/sites\/14\/2020\/12\/staff-meeting-Kajaani-1-1.jpg\" alt=\"\" class=\"wp-image-741\" srcset=\"https:\/\/blogit.gradia.fi\/musicxchain\/wp-content\/uploads\/sites\/14\/2020\/12\/staff-meeting-Kajaani-1-1.jpg 960w, https:\/\/blogit.gradia.fi\/musicxchain\/wp-content\/uploads\/sites\/14\/2020\/12\/staff-meeting-Kajaani-1-1-300x300.jpg 300w, https:\/\/blogit.gradia.fi\/musicxchain\/wp-content\/uploads\/sites\/14\/2020\/12\/staff-meeting-Kajaani-1-1-150x150.jpg 150w, https:\/\/blogit.gradia.fi\/musicxchain\/wp-content\/uploads\/sites\/14\/2020\/12\/staff-meeting-Kajaani-1-1-768x768.jpg 768w, https:\/\/blogit.gradia.fi\/musicxchain\/wp-content\/uploads\/sites\/14\/2020\/12\/staff-meeting-Kajaani-1-1-624x624.jpg 624w\" sizes=\"auto, (max-width: 960px) 100vw, 960px\" \/><figcaption>MusicXchain project in Kajaani with teachers from different countries learning how to make material for the&nbsp;Virtual Music Lab. Fantastic collaborating work together with students from the Kainuu Vocational School from the Culture Department.<\/figcaption><\/figure>\n\n\n<p><a href=\"https:\/\/blogit.gradia.fi\/musicxchain\/wp-content\/uploads\/sites\/14\/2018\/09\/MusicXchain_kickoff_minutes.pdf\">Kickoff Jyv\u00e4skyl\u00e4 minutes<\/a><\/p>\n<p><a href=\"https:\/\/blogit.gradia.fi\/musicxchain\/wp-content\/uploads\/sites\/14\/2019\/04\/MusicXchain_kickoff_agenda_final.docx\">Kickoff Jyv\u00e4skyl\u00e4 agenda<\/a><\/p>\n<p><a href=\"https:\/\/blogit.gradia.fi\/musicxchain\/wp-content\/uploads\/sites\/14\/2018\/09\/MusicXchain_TNM-Riga_minutes.pdf\">TNM Riga minutes<\/a><\/p>\n<p><a href=\"https:\/\/blogit.gradia.fi\/musicxchain\/wp-content\/uploads\/sites\/14\/2019\/04\/MusicXchain_TNM-Riga_agenda_final.docx\">TNM Riga agenda<\/a><\/p>\n<p><a href=\"https:\/\/blogit.gradia.fi\/musicxchain\/wp-content\/uploads\/sites\/14\/2019\/11\/Ljubljana-TNM-MINUTES-and-DEADLINES.pdf\">TNM Ljubljana minutes<\/a><\/p>\n<p><a href=\"https:\/\/blogit.gradia.fi\/musicxchain\/wp-content\/uploads\/sites\/14\/2019\/04\/Ljubljana-TNM-agenda-new.pdf\">TNM Ljubljana agenda<\/a><\/p>\n<p><a href=\"https:\/\/blogit.gradia.fi\/musicxchain\/wp-content\/uploads\/sites\/14\/2019\/12\/MusicXchain-Munich-meeting-minutes-1.pdf\">TNM Munich minutes<\/a><\/p>\n<p><a href=\"https:\/\/blogit.gradia.fi\/musicxchain\/wp-content\/uploads\/sites\/14\/2019\/11\/MusicXchain_Munich-meeting-draft-2.-Vers.pdf\">TNM Munich agenda<\/a><\/p>\n\n\n<p><a href=\"https:\/\/blogit.gradia.fi\/musicxchain\/wp-content\/uploads\/sites\/14\/2020\/11\/program-final-MusicXchain-web-meeting-November-5-1.pdf\">Final online seminar <\/a><\/p>\n\n\n\n<p><a href=\"https:\/\/blogit.gradia.fi\/musicxchain\/wp-content\/uploads\/sites\/14\/2021\/02\/minutes-final-meeting.pdf\">Final online seminar minutes<\/a><\/p>\n\n\n\n<div class=\"alignnormal\"><div id=\"metaslider-id-756\" style=\"width: 100%;\" class=\"ml-slider-3-107-0 metaslider metaslider-flex metaslider-756 ml-slider has-dots-nav ms-theme-default\" role=\"region\" aria-label=\"Final Online Seminar\" data-height=\"300\" data-width=\"700\">\n    <div id=\"metaslider_container_756\">\n        <div id=\"metaslider_756\">\n            <ul class='slides'>\n                <li style=\"display: block; width: 100%;\" class=\"slide-757 ms-image \" aria-roledescription=\"slide\" data-date=\"2020-12-10 10:14:35\" data-filename=\"final-2020-1-700x300.png\" data-slide-type=\"image\"><img loading=\"lazy\" decoding=\"async\" src=\"https:\/\/blogit.gradia.fi\/musicxchain\/wp-content\/uploads\/sites\/14\/2020\/12\/final-2020-1-700x300.png\" height=\"300\" width=\"700\" alt=\"\" class=\"slider-756 slide-757 msDefaultImage\" title=\"final 2020-1\" \/><\/li>\n                <li style=\"display: none; width: 100%;\" class=\"slide-758 ms-image \" aria-roledescription=\"slide\" data-date=\"2020-12-10 10:14:39\" data-filename=\"final-2020-2-700x300.png\" data-slide-type=\"image\"><img loading=\"lazy\" decoding=\"async\" src=\"https:\/\/blogit.gradia.fi\/musicxchain\/wp-content\/uploads\/sites\/14\/2020\/12\/final-2020-2-700x300.png\" height=\"300\" width=\"700\" alt=\"\" class=\"slider-756 slide-758 msDefaultImage\" title=\"final 2020-2\" \/><\/li>\n                <li style=\"display: none; width: 100%;\" class=\"slide-759 ms-image \" aria-roledescription=\"slide\" data-date=\"2020-12-10 10:14:43\" data-filename=\"final-2020-4-700x300.png\" data-slide-type=\"image\"><img loading=\"lazy\" decoding=\"async\" src=\"https:\/\/blogit.gradia.fi\/musicxchain\/wp-content\/uploads\/sites\/14\/2020\/12\/final-2020-4-700x300.png\" height=\"300\" width=\"700\" alt=\"\" class=\"slider-756 slide-759 msDefaultImage\" title=\"final 2020-4\" \/><\/li>\n                <li style=\"display: none; width: 100%;\" class=\"slide-760 ms-image \" aria-roledescription=\"slide\" data-date=\"2020-12-10 10:14:47\" data-filename=\"final-2020-8-700x300.png\" data-slide-type=\"image\"><img loading=\"lazy\" decoding=\"async\" src=\"https:\/\/blogit.gradia.fi\/musicxchain\/wp-content\/uploads\/sites\/14\/2020\/12\/final-2020-8-700x300.png\" height=\"300\" width=\"700\" alt=\"\" class=\"slider-756 slide-760 msDefaultImage\" title=\"final 2020-8\" \/><\/li>\n                <li style=\"display: none; width: 100%;\" class=\"slide-761 ms-image \" aria-roledescription=\"slide\" data-date=\"2020-12-10 10:14:55\" data-filename=\"IMG_9911-scaled-700x300.jpg\" data-slide-type=\"image\"><img loading=\"lazy\" decoding=\"async\" src=\"https:\/\/blogit.gradia.fi\/musicxchain\/wp-content\/uploads\/sites\/14\/2020\/12\/IMG_9911-scaled-700x300.jpg\" height=\"300\" width=\"700\" alt=\"\" class=\"slider-756 slide-761 msDefaultImage\" title=\"IMG_9911\" \/><\/li>\n                <li style=\"display: none; width: 100%;\" class=\"slide-762 ms-image \" aria-roledescription=\"slide\" data-date=\"2020-12-10 10:15:01\" data-filename=\"IMG_9954-copy-scaled-700x300.jpg\" data-slide-type=\"image\"><img loading=\"lazy\" decoding=\"async\" src=\"https:\/\/blogit.gradia.fi\/musicxchain\/wp-content\/uploads\/sites\/14\/2020\/12\/IMG_9954-copy-scaled-700x300.jpg\" height=\"300\" width=\"700\" alt=\"\" class=\"slider-756 slide-762 msDefaultImage\" title=\"IMG_9954 copy\" \/><\/li>\n                <li style=\"display: none; width: 100%;\" class=\"slide-763 ms-image \" aria-roledescription=\"slide\" data-date=\"2020-12-10 10:15:05\" data-filename=\"IMG-20201105-WA0035-700x300.jpg\" data-slide-type=\"image\"><img loading=\"lazy\" decoding=\"async\" src=\"https:\/\/blogit.gradia.fi\/musicxchain\/wp-content\/uploads\/sites\/14\/2020\/12\/IMG-20201105-WA0035-700x300.jpg\" height=\"300\" width=\"700\" alt=\"\" class=\"slider-756 slide-763 msDefaultImage\" title=\"IMG-20201105-WA0035\" \/><\/li>\n            <\/ul>\n        <\/div>\n        \n    <\/div>\n<\/div><\/div>\n\n\n\n<p><\/p>\n","protected":false},"excerpt":{"rendered":"<p>Kickoff Jyv\u00e4skyl\u00e4 minutes Kickoff Jyv\u00e4skyl\u00e4 agenda TNM Riga minutes TNM Riga agenda TNM Ljubljana minutes TNM Ljubljana agenda TNM Munich minutes TNM Munich agenda Final online seminar Final online seminar [&hellip;]<\/p>\n","protected":false},"author":43,"featured_media":0,"parent":162,"menu_order":0,"comment_status":"closed","ping_status":"closed","template":"","meta":{"_uag_custom_page_level_css":"","footnotes":""},"class_list":["post-251","page","type-page","status-publish","hentry"],"yoast_head":"<!-- This site is optimized with the Yoast SEO plugin v27.4 - https:\/\/yoast.com\/product\/yoast-seo-wordpress\/ -->\n<title>Meetings - MusicXchain<\/title>\n<meta name=\"robots\" content=\"index, follow, max-snippet:-1, max-image-preview:large, max-video-preview:-1\" \/>\n<link rel=\"canonical\" href=\"https:\/\/blogit.gradia.fi\/musicxchain\/network\/meetings\/\" \/>\n<meta property=\"og:locale\" content=\"en_US\" \/>\n<meta property=\"og:type\" content=\"article\" \/>\n<meta property=\"og:title\" content=\"Meetings - MusicXchain\" \/>\n<meta property=\"og:description\" content=\"Kickoff Jyv\u00e4skyl\u00e4 minutes Kickoff Jyv\u00e4skyl\u00e4 agenda TNM Riga minutes TNM Riga agenda TNM Ljubljana minutes TNM Ljubljana agenda TNM Munich minutes TNM Munich agenda Final online seminar Final online seminar [&hellip;]\" \/>\n<meta property=\"og:url\" content=\"https:\/\/blogit.gradia.fi\/musicxchain\/network\/meetings\/\" \/>\n<meta property=\"og:site_name\" content=\"MusicXchain\" \/>\n<meta property=\"article:publisher\" content=\"https:\/\/www.facebook.com\/pg\/MusicXchain\/\" \/>\n<meta property=\"article:modified_time\" content=\"2021-02-08T19:56:41+00:00\" \/>\n<meta property=\"og:image\" content=\"https:\/\/blogit.gradia.fi\/musicxchain\/wp-content\/uploads\/sites\/14\/2020\/12\/staff-meeting-Kajaani-1-1.jpg\" \/>\n<meta name=\"twitter:card\" content=\"summary_large_image\" \/>\n<meta name=\"twitter:label1\" content=\"Est. reading time\" \/>\n\t<meta name=\"twitter:data1\" content=\"1 minute\" \/>\n<script type=\"application\/ld+json\" class=\"yoast-schema-graph\">{\"@context\":\"https:\\\/\\\/schema.org\",\"@graph\":[{\"@type\":\"WebPage\",\"@id\":\"https:\\\/\\\/blogit.gradia.fi\\\/musicxchain\\\/network\\\/meetings\\\/\",\"url\":\"https:\\\/\\\/blogit.gradia.fi\\\/musicxchain\\\/network\\\/meetings\\\/\",\"name\":\"Meetings - MusicXchain\",\"isPartOf\":{\"@id\":\"https:\\\/\\\/blogit.gradia.fi\\\/musicxchain\\\/#website\"},\"primaryImageOfPage\":{\"@id\":\"https:\\\/\\\/blogit.gradia.fi\\\/musicxchain\\\/network\\\/meetings\\\/#primaryimage\"},\"image\":{\"@id\":\"https:\\\/\\\/blogit.gradia.fi\\\/musicxchain\\\/network\\\/meetings\\\/#primaryimage\"},\"thumbnailUrl\":\"https:\\\/\\\/blogit.gradia.fi\\\/musicxchain\\\/wp-content\\\/uploads\\\/sites\\\/14\\\/2020\\\/12\\\/staff-meeting-Kajaani-1-1.jpg\",\"datePublished\":\"2018-09-03T05:39:44+00:00\",\"dateModified\":\"2021-02-08T19:56:41+00:00\",\"breadcrumb\":{\"@id\":\"https:\\\/\\\/blogit.gradia.fi\\\/musicxchain\\\/network\\\/meetings\\\/#breadcrumb\"},\"inLanguage\":\"en-US\",\"potentialAction\":[{\"@type\":\"ReadAction\",\"target\":[\"https:\\\/\\\/blogit.gradia.fi\\\/musicxchain\\\/network\\\/meetings\\\/\"]}]},{\"@type\":\"ImageObject\",\"inLanguage\":\"en-US\",\"@id\":\"https:\\\/\\\/blogit.gradia.fi\\\/musicxchain\\\/network\\\/meetings\\\/#primaryimage\",\"url\":\"https:\\\/\\\/blogit.gradia.fi\\\/musicxchain\\\/wp-content\\\/uploads\\\/sites\\\/14\\\/2020\\\/12\\\/staff-meeting-Kajaani-1-1.jpg\",\"contentUrl\":\"https:\\\/\\\/blogit.gradia.fi\\\/musicxchain\\\/wp-content\\\/uploads\\\/sites\\\/14\\\/2020\\\/12\\\/staff-meeting-Kajaani-1-1.jpg\",\"width\":960,\"height\":960},{\"@type\":\"BreadcrumbList\",\"@id\":\"https:\\\/\\\/blogit.gradia.fi\\\/musicxchain\\\/network\\\/meetings\\\/#breadcrumb\",\"itemListElement\":[{\"@type\":\"ListItem\",\"position\":1,\"name\":\"Network\",\"item\":\"https:\\\/\\\/blogit.gradia.fi\\\/musicxchain\\\/network\\\/\"},{\"@type\":\"ListItem\",\"position\":2,\"name\":\"Meetings\"}]},{\"@type\":\"WebSite\",\"@id\":\"https:\\\/\\\/blogit.gradia.fi\\\/musicxchain\\\/#website\",\"url\":\"https:\\\/\\\/blogit.gradia.fi\\\/musicxchain\\\/\",\"name\":\"MusicXchain\",\"description\":\"Let music take you over the borders!\",\"publisher\":{\"@id\":\"https:\\\/\\\/blogit.gradia.fi\\\/musicxchain\\\/#organization\"},\"potentialAction\":[{\"@type\":\"SearchAction\",\"target\":{\"@type\":\"EntryPoint\",\"urlTemplate\":\"https:\\\/\\\/blogit.gradia.fi\\\/musicxchain\\\/?s={search_term_string}\"},\"query-input\":{\"@type\":\"PropertyValueSpecification\",\"valueRequired\":true,\"valueName\":\"search_term_string\"}}],\"inLanguage\":\"en-US\"},{\"@type\":\"Organization\",\"@id\":\"https:\\\/\\\/blogit.gradia.fi\\\/musicxchain\\\/#organization\",\"name\":\"Jyv\u00e4skyl\u00e4n koulutuskuntayhtym\u00e4 Gradia\",\"url\":\"https:\\\/\\\/blogit.gradia.fi\\\/musicxchain\\\/\",\"logo\":{\"@type\":\"ImageObject\",\"inLanguage\":\"en-US\",\"@id\":\"https:\\\/\\\/blogit.gradia.fi\\\/musicxchain\\\/#\\\/schema\\\/logo\\\/image\\\/\",\"url\":\"https:\\\/\\\/blogit.gradia.fi\\\/musicxchain\\\/wp-content\\\/uploads\\\/sites\\\/14\\\/2018\\\/01\\\/Gradia_logo_musta_verkko.png\",\"contentUrl\":\"https:\\\/\\\/blogit.gradia.fi\\\/musicxchain\\\/wp-content\\\/uploads\\\/sites\\\/14\\\/2018\\\/01\\\/Gradia_logo_musta_verkko.png\",\"width\":591,\"height\":154,\"caption\":\"Jyv\u00e4skyl\u00e4n koulutuskuntayhtym\u00e4 Gradia\"},\"image\":{\"@id\":\"https:\\\/\\\/blogit.gradia.fi\\\/musicxchain\\\/#\\\/schema\\\/logo\\\/image\\\/\"},\"sameAs\":[\"https:\\\/\\\/www.facebook.com\\\/pg\\\/MusicXchain\\\/\"]}]}<\/script>\n<!-- \/ Yoast SEO plugin. -->","yoast_head_json":{"title":"Meetings - MusicXchain","robots":{"index":"index","follow":"follow","max-snippet":"max-snippet:-1","max-image-preview":"max-image-preview:large","max-video-preview":"max-video-preview:-1"},"canonical":"https:\/\/blogit.gradia.fi\/musicxchain\/network\/meetings\/","og_locale":"en_US","og_type":"article","og_title":"Meetings - MusicXchain","og_description":"Kickoff Jyv\u00e4skyl\u00e4 minutes Kickoff Jyv\u00e4skyl\u00e4 agenda TNM Riga minutes TNM Riga agenda TNM Ljubljana minutes TNM Ljubljana agenda TNM Munich minutes TNM Munich agenda Final online seminar Final online seminar [&hellip;]","og_url":"https:\/\/blogit.gradia.fi\/musicxchain\/network\/meetings\/","og_site_name":"MusicXchain","article_publisher":"https:\/\/www.facebook.com\/pg\/MusicXchain\/","article_modified_time":"2021-02-08T19:56:41+00:00","og_image":[{"url":"https:\/\/blogit.gradia.fi\/musicxchain\/wp-content\/uploads\/sites\/14\/2020\/12\/staff-meeting-Kajaani-1-1.jpg","type":"","width":"","height":""}],"twitter_card":"summary_large_image","twitter_misc":{"Est. reading time":"1 minute"},"schema":{"@context":"https:\/\/schema.org","@graph":[{"@type":"WebPage","@id":"https:\/\/blogit.gradia.fi\/musicxchain\/network\/meetings\/","url":"https:\/\/blogit.gradia.fi\/musicxchain\/network\/meetings\/","name":"Meetings - MusicXchain","isPartOf":{"@id":"https:\/\/blogit.gradia.fi\/musicxchain\/#website"},"primaryImageOfPage":{"@id":"https:\/\/blogit.gradia.fi\/musicxchain\/network\/meetings\/#primaryimage"},"image":{"@id":"https:\/\/blogit.gradia.fi\/musicxchain\/network\/meetings\/#primaryimage"},"thumbnailUrl":"https:\/\/blogit.gradia.fi\/musicxchain\/wp-content\/uploads\/sites\/14\/2020\/12\/staff-meeting-Kajaani-1-1.jpg","datePublished":"2018-09-03T05:39:44+00:00","dateModified":"2021-02-08T19:56:41+00:00","breadcrumb":{"@id":"https:\/\/blogit.gradia.fi\/musicxchain\/network\/meetings\/#breadcrumb"},"inLanguage":"en-US","potentialAction":[{"@type":"ReadAction","target":["https:\/\/blogit.gradia.fi\/musicxchain\/network\/meetings\/"]}]},{"@type":"ImageObject","inLanguage":"en-US","@id":"https:\/\/blogit.gradia.fi\/musicxchain\/network\/meetings\/#primaryimage","url":"https:\/\/blogit.gradia.fi\/musicxchain\/wp-content\/uploads\/sites\/14\/2020\/12\/staff-meeting-Kajaani-1-1.jpg","contentUrl":"https:\/\/blogit.gradia.fi\/musicxchain\/wp-content\/uploads\/sites\/14\/2020\/12\/staff-meeting-Kajaani-1-1.jpg","width":960,"height":960},{"@type":"BreadcrumbList","@id":"https:\/\/blogit.gradia.fi\/musicxchain\/network\/meetings\/#breadcrumb","itemListElement":[{"@type":"ListItem","position":1,"name":"Network","item":"https:\/\/blogit.gradia.fi\/musicxchain\/network\/"},{"@type":"ListItem","position":2,"name":"Meetings"}]},{"@type":"WebSite","@id":"https:\/\/blogit.gradia.fi\/musicxchain\/#website","url":"https:\/\/blogit.gradia.fi\/musicxchain\/","name":"MusicXchain","description":"Let music take you over the borders!","publisher":{"@id":"https:\/\/blogit.gradia.fi\/musicxchain\/#organization"},"potentialAction":[{"@type":"SearchAction","target":{"@type":"EntryPoint","urlTemplate":"https:\/\/blogit.gradia.fi\/musicxchain\/?s={search_term_string}"},"query-input":{"@type":"PropertyValueSpecification","valueRequired":true,"valueName":"search_term_string"}}],"inLanguage":"en-US"},{"@type":"Organization","@id":"https:\/\/blogit.gradia.fi\/musicxchain\/#organization","name":"Jyv\u00e4skyl\u00e4n koulutuskuntayhtym\u00e4 Gradia","url":"https:\/\/blogit.gradia.fi\/musicxchain\/","logo":{"@type":"ImageObject","inLanguage":"en-US","@id":"https:\/\/blogit.gradia.fi\/musicxchain\/#\/schema\/logo\/image\/","url":"https:\/\/blogit.gradia.fi\/musicxchain\/wp-content\/uploads\/sites\/14\/2018\/01\/Gradia_logo_musta_verkko.png","contentUrl":"https:\/\/blogit.gradia.fi\/musicxchain\/wp-content\/uploads\/sites\/14\/2018\/01\/Gradia_logo_musta_verkko.png","width":591,"height":154,"caption":"Jyv\u00e4skyl\u00e4n koulutuskuntayhtym\u00e4 Gradia"},"image":{"@id":"https:\/\/blogit.gradia.fi\/musicxchain\/#\/schema\/logo\/image\/"},"sameAs":["https:\/\/www.facebook.com\/pg\/MusicXchain\/"]}]}},"uagb_featured_image_src":{"full":false,"thumbnail":false,"medium":false,"medium_large":false,"large":false,"1536x1536":false,"2048x2048":false,"post-thumbnail":false},"uagb_author_info":{"display_name":"Jaana Virtanen","author_link":"https:\/\/blogit.gradia.fi\/musicxchain\/author\/virtajaa\/"},"uagb_comment_info":0,"uagb_excerpt":"Kickoff Jyv\u00e4skyl\u00e4 minutes Kickoff Jyv\u00e4skyl\u00e4 agenda TNM Riga minutes TNM Riga agenda TNM Ljubljana minutes TNM Ljubljana agenda TNM Munich minutes TNM Munich agenda Final online seminar Final online seminar [&hellip;]","_links":{"self":[{"href":"https:\/\/blogit.gradia.fi\/musicxchain\/wp-json\/wp\/v2\/pages\/251","targetHints":{"allow":["GET"]}}],"collection":[{"href":"https:\/\/blogit.gradia.fi\/musicxchain\/wp-json\/wp\/v2\/pages"}],"about":[{"href":"https:\/\/blogit.gradia.fi\/musicxchain\/wp-json\/wp\/v2\/types\/page"}],"author":[{"embeddable":true,"href":"https:\/\/blogit.gradia.fi\/musicxchain\/wp-json\/wp\/v2\/users\/43"}],"replies":[{"embeddable":true,"href":"https:\/\/blogit.gradia.fi\/musicxchain\/wp-json\/wp\/v2\/comments?post=251"}],"version-history":[{"count":24,"href":"https:\/\/blogit.gradia.fi\/musicxchain\/wp-json\/wp\/v2\/pages\/251\/revisions"}],"predecessor-version":[{"id":775,"href":"https:\/\/blogit.gradia.fi\/musicxchain\/wp-json\/wp\/v2\/pages\/251\/revisions\/775"}],"up":[{"embeddable":true,"href":"https:\/\/blogit.gradia.fi\/musicxchain\/wp-json\/wp\/v2\/pages\/162"}],"wp:attachment":[{"href":"https:\/\/blogit.gradia.fi\/musicxchain\/wp-json\/wp\/v2\/media?parent=251"}],"curies":[{"name":"wp","href":"https:\/\/api.w.org\/{rel}","templated":true}]}}