{"id":2,"date":"2018-01-19T11:38:17","date_gmt":"2018-01-19T09:38:17","guid":{"rendered":"https:\/\/blogit.gradia.fi\/musicxchain\/?page_id=2"},"modified":"2020-11-02T22:26:02","modified_gmt":"2020-11-02T20:26:02","slug":"esimerkkisivu","status":"publish","type":"page","link":"https:\/\/blogit.gradia.fi\/musicxchain\/","title":{"rendered":""},"content":{"rendered":"<p>MusicXchain is an Erasmus KA2 (strategic partnership) project for institutions providing music education on vocational\/ EQF4\/ berufsfachschule \/ pre-university levels.<\/p>\n<p>The purpose of MusicXchain is to develop practices for enabling international co-operation between partners, their staff and students. These practices are designed for students to foster their enterpreneurial mindset and boost their skills for getting confidence in finding new possibilities of study and work on European level. For the staff MusicXchain aims to share ideas, good practices and provide tools for keeping up in the newest pedagogical developments.<\/p>\n<p><iframe loading=\"lazy\" title=\"MusicXhain long\" width=\"625\" height=\"352\" src=\"https:\/\/www.youtube.com\/embed\/8bnZn6m4eN4?feature=oembed\" frameborder=\"0\" allow=\"accelerometer; autoplay; clipboard-write; encrypted-media; gyroscope; picture-in-picture; web-share\" referrerpolicy=\"strict-origin-when-cross-origin\" allowfullscreen><\/iframe><\/p>\n<p>Coordination of project by Gradia Jyv\u00e4skyl\u00e4, Markku Rinta-Pollari and Suvi Uura<\/p>\n<p>Project Management: Rea Tuominen<\/p>\n<p><img loading=\"lazy\" decoding=\"async\" class=\"alignnone wp-image-235 size-full\" style=\"font-size: 1rem\" src=\"https:\/\/blogit.gradia.fi\/musicxchain\/wp-content\/uploads\/sites\/14\/2018\/05\/Infograafi2_Page_1.jpg\" alt=\"\" width=\"2339\" height=\"1654\" srcset=\"https:\/\/blogit.gradia.fi\/musicxchain\/wp-content\/uploads\/sites\/14\/2018\/05\/Infograafi2_Page_1.jpg 2339w, https:\/\/blogit.gradia.fi\/musicxchain\/wp-content\/uploads\/sites\/14\/2018\/05\/Infograafi2_Page_1-300x212.jpg 300w, https:\/\/blogit.gradia.fi\/musicxchain\/wp-content\/uploads\/sites\/14\/2018\/05\/Infograafi2_Page_1-768x543.jpg 768w, https:\/\/blogit.gradia.fi\/musicxchain\/wp-content\/uploads\/sites\/14\/2018\/05\/Infograafi2_Page_1-1024x724.jpg 1024w, https:\/\/blogit.gradia.fi\/musicxchain\/wp-content\/uploads\/sites\/14\/2018\/05\/Infograafi2_Page_1-624x441.jpg 624w\" sizes=\"auto, (max-width: 2339px) 100vw, 2339px\" \/><\/p>\n\n\n<div class=\"alignnormal\"><div id=\"metaslider-id-578\" style=\"width: 100%;\" class=\"ml-slider-3-107-0 metaslider metaslider-flex metaslider-578 ml-slider has-dots-nav ms-theme-default\" role=\"region\" aria-label=\"New Slideshow\" data-height=\"300\" data-width=\"700\">\n    <div id=\"metaslider_container_578\">\n        <div id=\"metaslider_578\">\n            <ul class='slides'>\n                <li style=\"display: block; width: 100%;\" class=\"slide-595 ms-image \" aria-roledescription=\"slide\" data-date=\"2020-11-02 22:24:32\" data-filename=\"Greta_Arnhem1-700x300.jpeg\" data-slide-type=\"image\"><img loading=\"lazy\" decoding=\"async\" src=\"https:\/\/blogit.gradia.fi\/musicxchain\/wp-content\/uploads\/sites\/14\/2020\/11\/Greta_Arnhem1-700x300.jpeg\" height=\"300\" width=\"700\" alt=\"\" class=\"slider-578 slide-595 msDefaultImage\" title=\"Greta_Arnhem1\" \/><\/li>\n                <li style=\"display: none; width: 100%;\" class=\"slide-596 ms-image \" aria-roledescription=\"slide\" data-date=\"2020-11-02 22:24:32\" data-filename=\"Greta_Arnhem2-700x300.jpeg\" data-slide-type=\"image\"><img loading=\"lazy\" decoding=\"async\" src=\"https:\/\/blogit.gradia.fi\/musicxchain\/wp-content\/uploads\/sites\/14\/2020\/11\/Greta_Arnhem2-700x300.jpeg\" height=\"300\" width=\"700\" alt=\"\" class=\"slider-578 slide-596 msDefaultImage\" title=\"Greta_Arnhem2\" \/><\/li>\n                <li style=\"display: none; width: 100%;\" class=\"slide-597 ms-image \" aria-roledescription=\"slide\" data-date=\"2020-11-02 22:24:32\" data-filename=\"Greta_Arnhem3-700x300.jpg\" data-slide-type=\"image\"><img loading=\"lazy\" decoding=\"async\" src=\"https:\/\/blogit.gradia.fi\/musicxchain\/wp-content\/uploads\/sites\/14\/2020\/11\/Greta_Arnhem3-700x300.jpg\" height=\"300\" width=\"700\" alt=\"\" class=\"slider-578 slide-597 msDefaultImage\" title=\"Greta_Arnhem3\" \/><\/li>\n                <li style=\"display: none; width: 100%;\" class=\"slide-598 ms-image \" aria-roledescription=\"slide\" data-date=\"2020-11-02 22:24:33\" data-filename=\"Marcis_Munich1-700x300.jpg\" data-slide-type=\"image\"><img loading=\"lazy\" decoding=\"async\" src=\"https:\/\/blogit.gradia.fi\/musicxchain\/wp-content\/uploads\/sites\/14\/2020\/11\/Marcis_Munich1-700x300.jpg\" height=\"300\" width=\"700\" alt=\"\" class=\"slider-578 slide-598 msDefaultImage\" title=\"Marcis_Munich1\" \/><\/li>\n                <li style=\"display: none; width: 100%;\" class=\"slide-599 ms-image \" aria-roledescription=\"slide\" data-date=\"2020-11-02 22:24:33\" data-filename=\"Marcis_Munich2-700x300.jpg\" data-slide-type=\"image\"><img loading=\"lazy\" decoding=\"async\" src=\"https:\/\/blogit.gradia.fi\/musicxchain\/wp-content\/uploads\/sites\/14\/2020\/11\/Marcis_Munich2-700x300.jpg\" height=\"300\" width=\"700\" alt=\"\" class=\"slider-578 slide-599 msDefaultImage\" title=\"Marcis_Munich2\" \/><\/li>\n                <li style=\"display: none; width: 100%;\" class=\"slide-600 ms-image \" aria-roledescription=\"slide\" data-date=\"2020-11-02 22:24:33\" data-filename=\"Marcis_Munich3-700x300.jpeg\" data-slide-type=\"image\"><img loading=\"lazy\" decoding=\"async\" src=\"https:\/\/blogit.gradia.fi\/musicxchain\/wp-content\/uploads\/sites\/14\/2020\/11\/Marcis_Munich3-700x300.jpeg\" height=\"300\" width=\"700\" alt=\"\" class=\"slider-578 slide-600 msDefaultImage\" title=\"Marcis_Munich3\" \/><\/li>\n                <li style=\"display: none; width: 100%;\" class=\"slide-601 ms-image \" aria-roledescription=\"slide\" data-date=\"2020-11-02 22:24:33\" data-filename=\"Marcis_Munich4-700x300.jpeg\" data-slide-type=\"image\"><img loading=\"lazy\" decoding=\"async\" src=\"https:\/\/blogit.gradia.fi\/musicxchain\/wp-content\/uploads\/sites\/14\/2020\/11\/Marcis_Munich4-700x300.jpeg\" height=\"300\" width=\"700\" alt=\"\" class=\"slider-578 slide-601 msDefaultImage\" title=\"Marcis_Munich4\" \/><\/li>\n                <li style=\"display: none; width: 100%;\" class=\"slide-602 ms-image \" aria-roledescription=\"slide\" data-date=\"2020-11-02 22:24:33\" data-filename=\"Martins_Jyvaskyla1-700x300.jpeg\" data-slide-type=\"image\"><img loading=\"lazy\" decoding=\"async\" src=\"https:\/\/blogit.gradia.fi\/musicxchain\/wp-content\/uploads\/sites\/14\/2020\/11\/Martins_Jyvaskyla1-700x300.jpeg\" height=\"300\" width=\"700\" alt=\"\" class=\"slider-578 slide-602 msDefaultImage\" title=\"Martins_Jyvaskyla1\" \/><\/li>\n                <li style=\"display: none; width: 100%;\" class=\"slide-603 ms-image \" aria-roledescription=\"slide\" data-date=\"2020-11-02 22:24:33\" data-filename=\"Martins_Jyvaskyla2-700x300.jpeg\" data-slide-type=\"image\"><img loading=\"lazy\" decoding=\"async\" src=\"https:\/\/blogit.gradia.fi\/musicxchain\/wp-content\/uploads\/sites\/14\/2020\/11\/Martins_Jyvaskyla2-700x300.jpeg\" height=\"300\" width=\"700\" alt=\"\" class=\"slider-578 slide-603 msDefaultImage\" title=\"Martins_Jyvaskyla2\" \/><\/li>\n                <li style=\"display: none; width: 100%;\" class=\"slide-604 ms-image \" aria-roledescription=\"slide\" data-date=\"2020-11-02 22:24:33\" data-filename=\"Martins_Jyvaskyla3-700x300.jpeg\" data-slide-type=\"image\"><img loading=\"lazy\" decoding=\"async\" src=\"https:\/\/blogit.gradia.fi\/musicxchain\/wp-content\/uploads\/sites\/14\/2020\/11\/Martins_Jyvaskyla3-700x300.jpeg\" height=\"300\" width=\"700\" alt=\"\" class=\"slider-578 slide-604 msDefaultImage\" title=\"Martins_Jyvaskyla3\" \/><\/li>\n                <li style=\"display: none; width: 100%;\" class=\"slide-605 ms-image \" aria-roledescription=\"slide\" data-date=\"2020-11-02 22:24:33\" data-filename=\"Martins_Jyvaskyla4-700x300.jpeg\" data-slide-type=\"image\"><img loading=\"lazy\" decoding=\"async\" src=\"https:\/\/blogit.gradia.fi\/musicxchain\/wp-content\/uploads\/sites\/14\/2020\/11\/Martins_Jyvaskyla4-700x300.jpeg\" height=\"300\" width=\"700\" alt=\"\" class=\"slider-578 slide-605 msDefaultImage\" title=\"Martins_Jyvaskyla4\" \/><\/li>\n                <li style=\"display: none; width: 100%;\" class=\"slide-606 ms-image \" aria-roledescription=\"slide\" data-date=\"2020-11-02 22:24:33\" data-filename=\"Miks_Kajaani1-700x300.jpg\" data-slide-type=\"image\"><img loading=\"lazy\" decoding=\"async\" src=\"https:\/\/blogit.gradia.fi\/musicxchain\/wp-content\/uploads\/sites\/14\/2020\/11\/Miks_Kajaani1-700x300.jpg\" height=\"300\" width=\"700\" alt=\"\" class=\"slider-578 slide-606 msDefaultImage\" title=\"Miks_Kajaani1\" \/><\/li>\n                <li style=\"display: none; width: 100%;\" class=\"slide-607 ms-image \" aria-roledescription=\"slide\" data-date=\"2020-11-02 22:24:33\" data-filename=\"Miks_Kajaani2-700x300.jpg\" data-slide-type=\"image\"><img loading=\"lazy\" decoding=\"async\" src=\"https:\/\/blogit.gradia.fi\/musicxchain\/wp-content\/uploads\/sites\/14\/2020\/11\/Miks_Kajaani2-700x300.jpg\" height=\"300\" width=\"700\" alt=\"\" class=\"slider-578 slide-607 msDefaultImage\" title=\"Miks_Kajaani2\" \/><\/li>\n                <li style=\"display: none; width: 100%;\" class=\"slide-608 ms-image \" aria-roledescription=\"slide\" data-date=\"2020-11-02 22:24:33\" data-filename=\"Miks_Kajaani3-700x300.jpg\" data-slide-type=\"image\"><img loading=\"lazy\" decoding=\"async\" src=\"https:\/\/blogit.gradia.fi\/musicxchain\/wp-content\/uploads\/sites\/14\/2020\/11\/Miks_Kajaani3-700x300.jpg\" height=\"300\" width=\"700\" alt=\"\" class=\"slider-578 slide-608 msDefaultImage\" title=\"Miks_Kajaani3\" \/><\/li>\n                <li style=\"display: none; width: 100%;\" class=\"slide-609 ms-image \" aria-roledescription=\"slide\" data-date=\"2020-11-02 22:24:33\" data-filename=\"Miks_Kajaani4-700x300.jpg\" data-slide-type=\"image\"><img loading=\"lazy\" decoding=\"async\" src=\"https:\/\/blogit.gradia.fi\/musicxchain\/wp-content\/uploads\/sites\/14\/2020\/11\/Miks_Kajaani4-700x300.jpg\" height=\"300\" width=\"700\" alt=\"\" class=\"slider-578 slide-609 msDefaultImage\" title=\"Miks_Kajaani4\" \/><\/li>\n            <\/ul>\n        <\/div>\n        \n    <\/div>\n<\/div><\/div>\n","protected":false},"excerpt":{"rendered":"<p>MusicXchain is an Erasmus KA2 (strategic partnership) project for institutions providing music education on vocational\/ EQF4\/ berufsfachschule \/ pre-university levels. The purpose of MusicXchain is to develop practices for enabling [&hellip;]<\/p>\n","protected":false},"author":77,"featured_media":0,"parent":0,"menu_order":0,"comment_status":"closed","ping_status":"open","template":"","meta":{"_uag_custom_page_level_css":"","footnotes":""},"class_list":["post-2","page","type-page","status-publish","hentry"],"yoast_head":"<!-- This site is optimized with the Yoast SEO plugin v27.4 - https:\/\/yoast.com\/product\/yoast-seo-wordpress\/ -->\n<title>- MusicXchain<\/title>\n<meta name=\"robots\" content=\"index, follow, max-snippet:-1, max-image-preview:large, max-video-preview:-1\" \/>\n<link rel=\"canonical\" href=\"https:\/\/blogit.gradia.fi\/musicxchain\/\" \/>\n<meta property=\"og:locale\" content=\"en_US\" \/>\n<meta property=\"og:type\" content=\"article\" \/>\n<meta property=\"og:title\" content=\"- MusicXchain\" \/>\n<meta property=\"og:description\" content=\"MusicXchain is an Erasmus KA2 (strategic partnership) project for institutions providing music education on vocational\/ EQF4\/ berufsfachschule \/ pre-university levels. The purpose of MusicXchain is to develop practices for enabling [&hellip;]\" \/>\n<meta property=\"og:url\" content=\"https:\/\/blogit.gradia.fi\/musicxchain\/\" \/>\n<meta property=\"og:site_name\" content=\"MusicXchain\" \/>\n<meta property=\"article:publisher\" content=\"https:\/\/www.facebook.com\/pg\/MusicXchain\/\" \/>\n<meta property=\"article:modified_time\" content=\"2020-11-02T20:26:02+00:00\" \/>\n<meta property=\"og:image\" content=\"https:\/\/blogit.gradia.fi\/musicxchain\/wp-content\/uploads\/sites\/14\/2018\/05\/Infograafi2_Page_1.jpg\" \/>\n<meta name=\"twitter:card\" content=\"summary_large_image\" \/>\n<meta name=\"twitter:label1\" content=\"Est. reading time\" \/>\n\t<meta name=\"twitter:data1\" content=\"1 minute\" \/>\n<script type=\"application\/ld+json\" class=\"yoast-schema-graph\">{\"@context\":\"https:\\\/\\\/schema.org\",\"@graph\":[{\"@type\":\"WebPage\",\"@id\":\"https:\\\/\\\/blogit.gradia.fi\\\/musicxchain\\\/\",\"url\":\"https:\\\/\\\/blogit.gradia.fi\\\/musicxchain\\\/\",\"name\":\"- MusicXchain\",\"isPartOf\":{\"@id\":\"https:\\\/\\\/blogit.gradia.fi\\\/musicxchain\\\/#website\"},\"primaryImageOfPage\":{\"@id\":\"https:\\\/\\\/blogit.gradia.fi\\\/musicxchain\\\/#primaryimage\"},\"image\":{\"@id\":\"https:\\\/\\\/blogit.gradia.fi\\\/musicxchain\\\/#primaryimage\"},\"thumbnailUrl\":\"https:\\\/\\\/blogit.gradia.fi\\\/musicxchain\\\/wp-content\\\/uploads\\\/sites\\\/14\\\/2018\\\/05\\\/Infograafi2_Page_1.jpg\",\"datePublished\":\"2018-01-19T09:38:17+00:00\",\"dateModified\":\"2020-11-02T20:26:02+00:00\",\"breadcrumb\":{\"@id\":\"https:\\\/\\\/blogit.gradia.fi\\\/musicxchain\\\/#breadcrumb\"},\"inLanguage\":\"en-US\",\"potentialAction\":[{\"@type\":\"ReadAction\",\"target\":[\"https:\\\/\\\/blogit.gradia.fi\\\/musicxchain\\\/\"]}]},{\"@type\":\"ImageObject\",\"inLanguage\":\"en-US\",\"@id\":\"https:\\\/\\\/blogit.gradia.fi\\\/musicxchain\\\/#primaryimage\",\"url\":\"https:\\\/\\\/blogit.gradia.fi\\\/musicxchain\\\/wp-content\\\/uploads\\\/sites\\\/14\\\/2018\\\/05\\\/Infograafi2_Page_1.jpg\",\"contentUrl\":\"https:\\\/\\\/blogit.gradia.fi\\\/musicxchain\\\/wp-content\\\/uploads\\\/sites\\\/14\\\/2018\\\/05\\\/Infograafi2_Page_1.jpg\",\"width\":2339,\"height\":1654},{\"@type\":\"BreadcrumbList\",\"@id\":\"https:\\\/\\\/blogit.gradia.fi\\\/musicxchain\\\/#breadcrumb\",\"itemListElement\":[]},{\"@type\":\"WebSite\",\"@id\":\"https:\\\/\\\/blogit.gradia.fi\\\/musicxchain\\\/#website\",\"url\":\"https:\\\/\\\/blogit.gradia.fi\\\/musicxchain\\\/\",\"name\":\"MusicXchain\",\"description\":\"Let music take you over the borders!\",\"publisher\":{\"@id\":\"https:\\\/\\\/blogit.gradia.fi\\\/musicxchain\\\/#organization\"},\"potentialAction\":[{\"@type\":\"SearchAction\",\"target\":{\"@type\":\"EntryPoint\",\"urlTemplate\":\"https:\\\/\\\/blogit.gradia.fi\\\/musicxchain\\\/?s={search_term_string}\"},\"query-input\":{\"@type\":\"PropertyValueSpecification\",\"valueRequired\":true,\"valueName\":\"search_term_string\"}}],\"inLanguage\":\"en-US\"},{\"@type\":\"Organization\",\"@id\":\"https:\\\/\\\/blogit.gradia.fi\\\/musicxchain\\\/#organization\",\"name\":\"Jyv\u00e4skyl\u00e4n koulutuskuntayhtym\u00e4 Gradia\",\"url\":\"https:\\\/\\\/blogit.gradia.fi\\\/musicxchain\\\/\",\"logo\":{\"@type\":\"ImageObject\",\"inLanguage\":\"en-US\",\"@id\":\"https:\\\/\\\/blogit.gradia.fi\\\/musicxchain\\\/#\\\/schema\\\/logo\\\/image\\\/\",\"url\":\"https:\\\/\\\/blogit.gradia.fi\\\/musicxchain\\\/wp-content\\\/uploads\\\/sites\\\/14\\\/2018\\\/01\\\/Gradia_logo_musta_verkko.png\",\"contentUrl\":\"https:\\\/\\\/blogit.gradia.fi\\\/musicxchain\\\/wp-content\\\/uploads\\\/sites\\\/14\\\/2018\\\/01\\\/Gradia_logo_musta_verkko.png\",\"width\":591,\"height\":154,\"caption\":\"Jyv\u00e4skyl\u00e4n koulutuskuntayhtym\u00e4 Gradia\"},\"image\":{\"@id\":\"https:\\\/\\\/blogit.gradia.fi\\\/musicxchain\\\/#\\\/schema\\\/logo\\\/image\\\/\"},\"sameAs\":[\"https:\\\/\\\/www.facebook.com\\\/pg\\\/MusicXchain\\\/\"]}]}<\/script>\n<!-- \/ Yoast SEO plugin. -->","yoast_head_json":{"title":"- MusicXchain","robots":{"index":"index","follow":"follow","max-snippet":"max-snippet:-1","max-image-preview":"max-image-preview:large","max-video-preview":"max-video-preview:-1"},"canonical":"https:\/\/blogit.gradia.fi\/musicxchain\/","og_locale":"en_US","og_type":"article","og_title":"- MusicXchain","og_description":"MusicXchain is an Erasmus KA2 (strategic partnership) project for institutions providing music education on vocational\/ EQF4\/ berufsfachschule \/ pre-university levels. The purpose of MusicXchain is to develop practices for enabling [&hellip;]","og_url":"https:\/\/blogit.gradia.fi\/musicxchain\/","og_site_name":"MusicXchain","article_publisher":"https:\/\/www.facebook.com\/pg\/MusicXchain\/","article_modified_time":"2020-11-02T20:26:02+00:00","og_image":[{"url":"https:\/\/blogit.gradia.fi\/musicxchain\/wp-content\/uploads\/sites\/14\/2018\/05\/Infograafi2_Page_1.jpg","type":"","width":"","height":""}],"twitter_card":"summary_large_image","twitter_misc":{"Est. reading time":"1 minute"},"schema":{"@context":"https:\/\/schema.org","@graph":[{"@type":"WebPage","@id":"https:\/\/blogit.gradia.fi\/musicxchain\/","url":"https:\/\/blogit.gradia.fi\/musicxchain\/","name":"- MusicXchain","isPartOf":{"@id":"https:\/\/blogit.gradia.fi\/musicxchain\/#website"},"primaryImageOfPage":{"@id":"https:\/\/blogit.gradia.fi\/musicxchain\/#primaryimage"},"image":{"@id":"https:\/\/blogit.gradia.fi\/musicxchain\/#primaryimage"},"thumbnailUrl":"https:\/\/blogit.gradia.fi\/musicxchain\/wp-content\/uploads\/sites\/14\/2018\/05\/Infograafi2_Page_1.jpg","datePublished":"2018-01-19T09:38:17+00:00","dateModified":"2020-11-02T20:26:02+00:00","breadcrumb":{"@id":"https:\/\/blogit.gradia.fi\/musicxchain\/#breadcrumb"},"inLanguage":"en-US","potentialAction":[{"@type":"ReadAction","target":["https:\/\/blogit.gradia.fi\/musicxchain\/"]}]},{"@type":"ImageObject","inLanguage":"en-US","@id":"https:\/\/blogit.gradia.fi\/musicxchain\/#primaryimage","url":"https:\/\/blogit.gradia.fi\/musicxchain\/wp-content\/uploads\/sites\/14\/2018\/05\/Infograafi2_Page_1.jpg","contentUrl":"https:\/\/blogit.gradia.fi\/musicxchain\/wp-content\/uploads\/sites\/14\/2018\/05\/Infograafi2_Page_1.jpg","width":2339,"height":1654},{"@type":"BreadcrumbList","@id":"https:\/\/blogit.gradia.fi\/musicxchain\/#breadcrumb","itemListElement":[]},{"@type":"WebSite","@id":"https:\/\/blogit.gradia.fi\/musicxchain\/#website","url":"https:\/\/blogit.gradia.fi\/musicxchain\/","name":"MusicXchain","description":"Let music take you over the borders!","publisher":{"@id":"https:\/\/blogit.gradia.fi\/musicxchain\/#organization"},"potentialAction":[{"@type":"SearchAction","target":{"@type":"EntryPoint","urlTemplate":"https:\/\/blogit.gradia.fi\/musicxchain\/?s={search_term_string}"},"query-input":{"@type":"PropertyValueSpecification","valueRequired":true,"valueName":"search_term_string"}}],"inLanguage":"en-US"},{"@type":"Organization","@id":"https:\/\/blogit.gradia.fi\/musicxchain\/#organization","name":"Jyv\u00e4skyl\u00e4n koulutuskuntayhtym\u00e4 Gradia","url":"https:\/\/blogit.gradia.fi\/musicxchain\/","logo":{"@type":"ImageObject","inLanguage":"en-US","@id":"https:\/\/blogit.gradia.fi\/musicxchain\/#\/schema\/logo\/image\/","url":"https:\/\/blogit.gradia.fi\/musicxchain\/wp-content\/uploads\/sites\/14\/2018\/01\/Gradia_logo_musta_verkko.png","contentUrl":"https:\/\/blogit.gradia.fi\/musicxchain\/wp-content\/uploads\/sites\/14\/2018\/01\/Gradia_logo_musta_verkko.png","width":591,"height":154,"caption":"Jyv\u00e4skyl\u00e4n koulutuskuntayhtym\u00e4 Gradia"},"image":{"@id":"https:\/\/blogit.gradia.fi\/musicxchain\/#\/schema\/logo\/image\/"},"sameAs":["https:\/\/www.facebook.com\/pg\/MusicXchain\/"]}]}},"uagb_featured_image_src":{"full":false,"thumbnail":false,"medium":false,"medium_large":false,"large":false,"1536x1536":false,"2048x2048":false,"post-thumbnail":false},"uagb_author_info":{"display_name":"musicxchain","author_link":"https:\/\/blogit.gradia.fi\/musicxchain\/author\/musicxchain\/"},"uagb_comment_info":1,"uagb_excerpt":"MusicXchain is an Erasmus KA2 (strategic partnership) project for institutions providing music education on vocational\/ EQF4\/ berufsfachschule \/ pre-university levels. The purpose of MusicXchain is to develop practices for enabling [&hellip;]","_links":{"self":[{"href":"https:\/\/blogit.gradia.fi\/musicxchain\/wp-json\/wp\/v2\/pages\/2","targetHints":{"allow":["GET"]}}],"collection":[{"href":"https:\/\/blogit.gradia.fi\/musicxchain\/wp-json\/wp\/v2\/pages"}],"about":[{"href":"https:\/\/blogit.gradia.fi\/musicxchain\/wp-json\/wp\/v2\/types\/page"}],"author":[{"embeddable":true,"href":"https:\/\/blogit.gradia.fi\/musicxchain\/wp-json\/wp\/v2\/users\/77"}],"replies":[{"embeddable":true,"href":"https:\/\/blogit.gradia.fi\/musicxchain\/wp-json\/wp\/v2\/comments?post=2"}],"version-history":[{"count":26,"href":"https:\/\/blogit.gradia.fi\/musicxchain\/wp-json\/wp\/v2\/pages\/2\/revisions"}],"predecessor-version":[{"id":610,"href":"https:\/\/blogit.gradia.fi\/musicxchain\/wp-json\/wp\/v2\/pages\/2\/revisions\/610"}],"wp:attachment":[{"href":"https:\/\/blogit.gradia.fi\/musicxchain\/wp-json\/wp\/v2\/media?parent=2"}],"curies":[{"name":"wp","href":"https:\/\/api.w.org\/{rel}","templated":true}]}}