{"id":158,"date":"2018-04-06T08:49:52","date_gmt":"2018-04-06T05:49:52","guid":{"rendered":"https:\/\/blogit.gradia.fi\/musicxchain\/?page_id=158"},"modified":"2020-12-09T18:20:55","modified_gmt":"2020-12-09T16:20:55","slug":"platform","status":"publish","type":"page","link":"https:\/\/blogit.gradia.fi\/musicxchain\/platform\/","title":{"rendered":"Platform"},"content":{"rendered":"\n<div class=\"alignnormal\"><div id=\"metaslider-id-668\" style=\"width: 100%;\" class=\"ml-slider-3-107-0 metaslider metaslider-flex metaslider-668 ml-slider has-dots-nav ms-theme-default\" role=\"region\" aria-label=\"platform 1.\" data-height=\"300\" data-width=\"700\">\n    <div id=\"metaslider_container_668\">\n        <div id=\"metaslider_668\">\n            <ul class='slides'>\n                <li style=\"display: block; width: 100%;\" class=\"slide-669 ms-image \" aria-roledescription=\"slide\" data-date=\"2020-12-07 21:24:33\" data-filename=\"VML-nayttokuva-1-1-700x300.png\" data-slide-type=\"image\"><img loading=\"lazy\" decoding=\"async\" src=\"https:\/\/blogit.gradia.fi\/musicxchain\/wp-content\/uploads\/sites\/14\/2020\/12\/VML-nayttokuva-1-1-700x300.png\" height=\"300\" width=\"700\" alt=\"\" class=\"slider-668 slide-669 msDefaultImage\" title=\"VML n\u00e4ytt\u00f6kuva 1\" \/><\/li>\n                <li style=\"display: none; width: 100%;\" class=\"slide-670 ms-image \" aria-roledescription=\"slide\" data-date=\"2020-12-07 21:24:37\" data-filename=\"Nayttokuva-2020-12-7-kello-21.22.28-700x300.png\" data-slide-type=\"image\"><img loading=\"lazy\" decoding=\"async\" src=\"https:\/\/blogit.gradia.fi\/musicxchain\/wp-content\/uploads\/sites\/14\/2020\/12\/Nayttokuva-2020-12-7-kello-21.22.28-700x300.png\" height=\"300\" width=\"700\" alt=\"\" class=\"slider-668 slide-670 msDefaultImage\" title=\"N\u00e4ytt\u00f6kuva 2020-12-7 kello 21.22.28\" \/><\/li>\n                <li style=\"display: none; width: 100%;\" class=\"slide-671 ms-image \" aria-roledescription=\"slide\" data-date=\"2020-12-07 21:24:41\" data-filename=\"Nayttokuva-2020-12-7-kello-21.22.00-700x300.png\" data-slide-type=\"image\"><img loading=\"lazy\" decoding=\"async\" src=\"https:\/\/blogit.gradia.fi\/musicxchain\/wp-content\/uploads\/sites\/14\/2020\/12\/Nayttokuva-2020-12-7-kello-21.22.00-700x300.png\" height=\"300\" width=\"700\" alt=\"\" class=\"slider-668 slide-671 msDefaultImage\" title=\"N\u00e4ytt\u00f6kuva 2020-12-7 kello 21.22.00\" \/><\/li>\n                <li style=\"display: none; width: 100%;\" class=\"slide-672 ms-image \" aria-roledescription=\"slide\" data-date=\"2020-12-07 21:24:45\" data-filename=\"Nayttokuva-2020-12-7-kello-21.21.38-700x300.png\" data-slide-type=\"image\"><img loading=\"lazy\" decoding=\"async\" src=\"https:\/\/blogit.gradia.fi\/musicxchain\/wp-content\/uploads\/sites\/14\/2020\/12\/Nayttokuva-2020-12-7-kello-21.21.38-700x300.png\" height=\"300\" width=\"700\" alt=\"\" class=\"slider-668 slide-672 msDefaultImage\" title=\"N\u00e4ytt\u00f6kuva 2020-12-7 kello 21.21.38\" \/><\/li>\n                <li style=\"display: none; width: 100%;\" class=\"slide-673 ms-image \" aria-roledescription=\"slide\" data-date=\"2020-12-07 21:24:49\" data-filename=\"Nayttokuva-2020-12-7-kello-21.20.53-700x300.png\" data-slide-type=\"image\"><img loading=\"lazy\" decoding=\"async\" src=\"https:\/\/blogit.gradia.fi\/musicxchain\/wp-content\/uploads\/sites\/14\/2020\/12\/Nayttokuva-2020-12-7-kello-21.20.53-700x300.png\" height=\"300\" width=\"700\" alt=\"\" class=\"slider-668 slide-673 msDefaultImage\" title=\"N\u00e4ytt\u00f6kuva 2020-12-7 kello 21.20.53\" \/><\/li>\n                <li style=\"display: none; width: 100%;\" class=\"slide-674 ms-image \" aria-roledescription=\"slide\" data-date=\"2020-12-07 21:24:59\" data-filename=\"Nayttokuva-2020-12-7-kello-21.20.11-700x300.png\" data-slide-type=\"image\"><img loading=\"lazy\" decoding=\"async\" src=\"https:\/\/blogit.gradia.fi\/musicxchain\/wp-content\/uploads\/sites\/14\/2020\/12\/Nayttokuva-2020-12-7-kello-21.20.11-700x300.png\" height=\"300\" width=\"700\" alt=\"\" class=\"slider-668 slide-674 msDefaultImage\" title=\"N\u00e4ytt\u00f6kuva 2020-12-7 kello 21.20.11\" \/><\/li>\n            <\/ul>\n        <\/div>\n        \n    <\/div>\n<\/div><\/div>\n\n\n<p>MusicXchain platform is a digital members-only collaboration tool of MusicXchain.\u00a0It works both on browsers and through mobile app.\u00a0The platform is built on Howspace(link), and has been modified according to the needs of MusicXchain network.\u00a0To ensure the functionality and protection of the copyrights of the pedagogical\/artistic content and\u00a0personal data, the rules and guidelines for users and the\u00a0administration have been outlined be the network.\u00a0<\/p>\n<p>For teaching and administrative staff the platform serves as a notice board and source for information for the mobilities\u00a0and transnational meetings. It has teachers lounges for new creative pedagogical ideas and a\u00a0conversation place about the possible future developments of the network.\u00a0Students have the access to the necessary travel and local info and their\u00a0study materials before the mobilities. It contains also Virtual Music Lab, which is a sharing point of\u00a0pedagogical ideas for teachers and learning contents for students.<\/p>","protected":false},"excerpt":{"rendered":"<p>MusicXchain platform is a digital members-only collaboration tool of MusicXchain.\u00a0It works both on browsers and through mobile app.\u00a0The platform is built on Howspace(link), and has been modified according to the [&hellip;]<\/p>\n","protected":false},"author":43,"featured_media":0,"parent":0,"menu_order":0,"comment_status":"closed","ping_status":"closed","template":"","meta":{"_uag_custom_page_level_css":"","footnotes":""},"class_list":["post-158","page","type-page","status-publish","hentry"],"yoast_head":"<!-- This site is optimized with the Yoast SEO plugin v27.4 - https:\/\/yoast.com\/product\/yoast-seo-wordpress\/ -->\n<title>Platform - MusicXchain<\/title>\n<meta name=\"robots\" content=\"index, follow, max-snippet:-1, max-image-preview:large, max-video-preview:-1\" \/>\n<link rel=\"canonical\" href=\"https:\/\/blogit.gradia.fi\/musicxchain\/platform\/\" \/>\n<meta property=\"og:locale\" content=\"en_US\" \/>\n<meta property=\"og:type\" content=\"article\" \/>\n<meta property=\"og:title\" content=\"Platform - MusicXchain\" \/>\n<meta property=\"og:description\" content=\"MusicXchain platform is a digital members-only collaboration tool of MusicXchain.\u00a0It works both on browsers and through mobile app.\u00a0The platform is built on Howspace(link), and has been modified according to the [&hellip;]\" \/>\n<meta property=\"og:url\" content=\"https:\/\/blogit.gradia.fi\/musicxchain\/platform\/\" \/>\n<meta property=\"og:site_name\" content=\"MusicXchain\" \/>\n<meta property=\"article:publisher\" content=\"https:\/\/www.facebook.com\/pg\/MusicXchain\/\" \/>\n<meta property=\"article:modified_time\" content=\"2020-12-09T16:20:55+00:00\" \/>\n<meta name=\"twitter:card\" content=\"summary_large_image\" \/>\n<meta name=\"twitter:label1\" content=\"Est. reading time\" \/>\n\t<meta name=\"twitter:data1\" content=\"1 minute\" \/>\n<script type=\"application\/ld+json\" class=\"yoast-schema-graph\">{\"@context\":\"https:\\\/\\\/schema.org\",\"@graph\":[{\"@type\":\"WebPage\",\"@id\":\"https:\\\/\\\/blogit.gradia.fi\\\/musicxchain\\\/platform\\\/\",\"url\":\"https:\\\/\\\/blogit.gradia.fi\\\/musicxchain\\\/platform\\\/\",\"name\":\"Platform - MusicXchain\",\"isPartOf\":{\"@id\":\"https:\\\/\\\/blogit.gradia.fi\\\/musicxchain\\\/#website\"},\"datePublished\":\"2018-04-06T05:49:52+00:00\",\"dateModified\":\"2020-12-09T16:20:55+00:00\",\"inLanguage\":\"en-US\",\"potentialAction\":[{\"@type\":\"ReadAction\",\"target\":[\"https:\\\/\\\/blogit.gradia.fi\\\/musicxchain\\\/platform\\\/\"]}]},{\"@type\":\"WebSite\",\"@id\":\"https:\\\/\\\/blogit.gradia.fi\\\/musicxchain\\\/#website\",\"url\":\"https:\\\/\\\/blogit.gradia.fi\\\/musicxchain\\\/\",\"name\":\"MusicXchain\",\"description\":\"Let music take you over the borders!\",\"publisher\":{\"@id\":\"https:\\\/\\\/blogit.gradia.fi\\\/musicxchain\\\/#organization\"},\"potentialAction\":[{\"@type\":\"SearchAction\",\"target\":{\"@type\":\"EntryPoint\",\"urlTemplate\":\"https:\\\/\\\/blogit.gradia.fi\\\/musicxchain\\\/?s={search_term_string}\"},\"query-input\":{\"@type\":\"PropertyValueSpecification\",\"valueRequired\":true,\"valueName\":\"search_term_string\"}}],\"inLanguage\":\"en-US\"},{\"@type\":\"Organization\",\"@id\":\"https:\\\/\\\/blogit.gradia.fi\\\/musicxchain\\\/#organization\",\"name\":\"Jyv\u00e4skyl\u00e4n koulutuskuntayhtym\u00e4 Gradia\",\"url\":\"https:\\\/\\\/blogit.gradia.fi\\\/musicxchain\\\/\",\"logo\":{\"@type\":\"ImageObject\",\"inLanguage\":\"en-US\",\"@id\":\"https:\\\/\\\/blogit.gradia.fi\\\/musicxchain\\\/#\\\/schema\\\/logo\\\/image\\\/\",\"url\":\"https:\\\/\\\/blogit.gradia.fi\\\/musicxchain\\\/wp-content\\\/uploads\\\/sites\\\/14\\\/2018\\\/01\\\/Gradia_logo_musta_verkko.png\",\"contentUrl\":\"https:\\\/\\\/blogit.gradia.fi\\\/musicxchain\\\/wp-content\\\/uploads\\\/sites\\\/14\\\/2018\\\/01\\\/Gradia_logo_musta_verkko.png\",\"width\":591,\"height\":154,\"caption\":\"Jyv\u00e4skyl\u00e4n koulutuskuntayhtym\u00e4 Gradia\"},\"image\":{\"@id\":\"https:\\\/\\\/blogit.gradia.fi\\\/musicxchain\\\/#\\\/schema\\\/logo\\\/image\\\/\"},\"sameAs\":[\"https:\\\/\\\/www.facebook.com\\\/pg\\\/MusicXchain\\\/\"]}]}<\/script>\n<!-- \/ Yoast SEO plugin. -->","yoast_head_json":{"title":"Platform - MusicXchain","robots":{"index":"index","follow":"follow","max-snippet":"max-snippet:-1","max-image-preview":"max-image-preview:large","max-video-preview":"max-video-preview:-1"},"canonical":"https:\/\/blogit.gradia.fi\/musicxchain\/platform\/","og_locale":"en_US","og_type":"article","og_title":"Platform - MusicXchain","og_description":"MusicXchain platform is a digital members-only collaboration tool of MusicXchain.\u00a0It works both on browsers and through mobile app.\u00a0The platform is built on Howspace(link), and has been modified according to the [&hellip;]","og_url":"https:\/\/blogit.gradia.fi\/musicxchain\/platform\/","og_site_name":"MusicXchain","article_publisher":"https:\/\/www.facebook.com\/pg\/MusicXchain\/","article_modified_time":"2020-12-09T16:20:55+00:00","twitter_card":"summary_large_image","twitter_misc":{"Est. reading time":"1 minute"},"schema":{"@context":"https:\/\/schema.org","@graph":[{"@type":"WebPage","@id":"https:\/\/blogit.gradia.fi\/musicxchain\/platform\/","url":"https:\/\/blogit.gradia.fi\/musicxchain\/platform\/","name":"Platform - MusicXchain","isPartOf":{"@id":"https:\/\/blogit.gradia.fi\/musicxchain\/#website"},"datePublished":"2018-04-06T05:49:52+00:00","dateModified":"2020-12-09T16:20:55+00:00","inLanguage":"en-US","potentialAction":[{"@type":"ReadAction","target":["https:\/\/blogit.gradia.fi\/musicxchain\/platform\/"]}]},{"@type":"WebSite","@id":"https:\/\/blogit.gradia.fi\/musicxchain\/#website","url":"https:\/\/blogit.gradia.fi\/musicxchain\/","name":"MusicXchain","description":"Let music take you over the borders!","publisher":{"@id":"https:\/\/blogit.gradia.fi\/musicxchain\/#organization"},"potentialAction":[{"@type":"SearchAction","target":{"@type":"EntryPoint","urlTemplate":"https:\/\/blogit.gradia.fi\/musicxchain\/?s={search_term_string}"},"query-input":{"@type":"PropertyValueSpecification","valueRequired":true,"valueName":"search_term_string"}}],"inLanguage":"en-US"},{"@type":"Organization","@id":"https:\/\/blogit.gradia.fi\/musicxchain\/#organization","name":"Jyv\u00e4skyl\u00e4n koulutuskuntayhtym\u00e4 Gradia","url":"https:\/\/blogit.gradia.fi\/musicxchain\/","logo":{"@type":"ImageObject","inLanguage":"en-US","@id":"https:\/\/blogit.gradia.fi\/musicxchain\/#\/schema\/logo\/image\/","url":"https:\/\/blogit.gradia.fi\/musicxchain\/wp-content\/uploads\/sites\/14\/2018\/01\/Gradia_logo_musta_verkko.png","contentUrl":"https:\/\/blogit.gradia.fi\/musicxchain\/wp-content\/uploads\/sites\/14\/2018\/01\/Gradia_logo_musta_verkko.png","width":591,"height":154,"caption":"Jyv\u00e4skyl\u00e4n koulutuskuntayhtym\u00e4 Gradia"},"image":{"@id":"https:\/\/blogit.gradia.fi\/musicxchain\/#\/schema\/logo\/image\/"},"sameAs":["https:\/\/www.facebook.com\/pg\/MusicXchain\/"]}]}},"uagb_featured_image_src":{"full":false,"thumbnail":false,"medium":false,"medium_large":false,"large":false,"1536x1536":false,"2048x2048":false,"post-thumbnail":false},"uagb_author_info":{"display_name":"Jaana Virtanen","author_link":"https:\/\/blogit.gradia.fi\/musicxchain\/author\/virtajaa\/"},"uagb_comment_info":0,"uagb_excerpt":"MusicXchain platform is a digital members-only collaboration tool of MusicXchain.\u00a0It works both on browsers and through mobile app.\u00a0The platform is built on Howspace(link), and has been modified according to the [&hellip;]","_links":{"self":[{"href":"https:\/\/blogit.gradia.fi\/musicxchain\/wp-json\/wp\/v2\/pages\/158","targetHints":{"allow":["GET"]}}],"collection":[{"href":"https:\/\/blogit.gradia.fi\/musicxchain\/wp-json\/wp\/v2\/pages"}],"about":[{"href":"https:\/\/blogit.gradia.fi\/musicxchain\/wp-json\/wp\/v2\/types\/page"}],"author":[{"embeddable":true,"href":"https:\/\/blogit.gradia.fi\/musicxchain\/wp-json\/wp\/v2\/users\/43"}],"replies":[{"embeddable":true,"href":"https:\/\/blogit.gradia.fi\/musicxchain\/wp-json\/wp\/v2\/comments?post=158"}],"version-history":[{"count":8,"href":"https:\/\/blogit.gradia.fi\/musicxchain\/wp-json\/wp\/v2\/pages\/158\/revisions"}],"predecessor-version":[{"id":678,"href":"https:\/\/blogit.gradia.fi\/musicxchain\/wp-json\/wp\/v2\/pages\/158\/revisions\/678"}],"wp:attachment":[{"href":"https:\/\/blogit.gradia.fi\/musicxchain\/wp-json\/wp\/v2\/media?parent=158"}],"curies":[{"name":"wp","href":"https:\/\/api.w.org\/{rel}","templated":true}]}}