{"id":14,"date":"2013-08-14T22:32:07","date_gmt":"2013-08-14T19:32:07","guid":{"rendered":"https:\/\/blogit.gradia.fi\/mobiilitohjaajat\/?page_id=14"},"modified":"2013-09-05T08:49:07","modified_gmt":"2013-09-05T05:49:07","slug":"ohjausmateriaalia","status":"publish","type":"page","link":"https:\/\/blogit.gradia.fi\/mobiilitohjaajat\/ohjausmateriaalia\/","title":{"rendered":"Mukana matkalla"},"content":{"rendered":"<p>Otamme oppia <strong>Kiltakoulujen tavasta<\/strong> tukea ryhm\u00e4oppimista sek\u00e4 k\u00e4ytt\u00e4\u00e4 erilaisia verkkoty\u00f6v\u00e4lineit\u00e4 (blogit, wiki) opetuksessa:<\/p>\n<p><a href=\"http:\/\/kiltakoulut.wikispaces.com\/&quot;&gt;http:\/\/kiltakoulut.wikispaces.com\/&lt;\/a\">http:\/\/kiltakoulut.wikispaces.com\/<\/a><\/p>\n<p>K\u00e4yt\u00e4mme edellisiss\u00e4 hankkeissa oppimiamme asioita hy\u00f6dyksi uutta kokeillessamme:<\/p>\n<p><a href=\"http:\/\/pulpetistatabletille.blogspot.fi\/\" target=\"_blank\">Pulpetista tabletille -hanke (2012-2013)<\/a><\/p>\n<p><a href=\"http:\/\/finnedmob.blogspot.fi\/\" target=\"_blank\">Mobiluck -hanke<\/a><\/p>\n<p>&nbsp;<\/p>\n","protected":false},"excerpt":{"rendered":"<p>Otamme oppia Kiltakoulujen tavasta tukea ryhm\u00e4oppimista sek\u00e4 k\u00e4ytt\u00e4\u00e4 erilaisia verkkoty\u00f6v\u00e4lineit\u00e4 (blogit, wiki) opetuksessa: http:\/\/kiltakoulut.wikispaces.com\/ K\u00e4yt\u00e4mme edellisiss\u00e4 hankkeissa oppimiamme asioita hy\u00f6dyksi uutta kokeillessamme: Pulpetista tabletille -hanke (2012-2013) Mobiluck -hanke &nbsp;<\/p>\n","protected":false},"author":161,"featured_media":0,"parent":0,"menu_order":0,"comment_status":"open","ping_status":"open","template":"","meta":{"_uag_custom_page_level_css":"","footnotes":""},"class_list":["post-14","page","type-page","status-publish","hentry"],"yoast_head":"<!-- This site is optimized with the Yoast SEO plugin v27.5 - https:\/\/yoast.com\/product\/yoast-seo-wordpress\/ -->\n<title>Mukana matkalla - Mobiilit ohjaajat<\/title>\n<meta name=\"robots\" content=\"index, follow, max-snippet:-1, max-image-preview:large, max-video-preview:-1\" \/>\n<link rel=\"canonical\" href=\"https:\/\/blogit.gradia.fi\/mobiilitohjaajat\/ohjausmateriaalia\/\" \/>\n<meta property=\"og:locale\" content=\"fi_FI\" \/>\n<meta property=\"og:type\" content=\"article\" \/>\n<meta property=\"og:title\" content=\"Mukana matkalla - Mobiilit ohjaajat\" \/>\n<meta property=\"og:description\" content=\"Otamme oppia Kiltakoulujen tavasta tukea ryhm\u00e4oppimista sek\u00e4 k\u00e4ytt\u00e4\u00e4 erilaisia verkkoty\u00f6v\u00e4lineit\u00e4 (blogit, wiki) opetuksessa: http:\/\/kiltakoulut.wikispaces.com\/ K\u00e4yt\u00e4mme edellisiss\u00e4 hankkeissa oppimiamme asioita hy\u00f6dyksi uutta kokeillessamme: Pulpetista tabletille -hanke (2012-2013) Mobiluck -hanke &nbsp;\" \/>\n<meta property=\"og:url\" content=\"https:\/\/blogit.gradia.fi\/mobiilitohjaajat\/ohjausmateriaalia\/\" \/>\n<meta property=\"og:site_name\" content=\"Mobiilit ohjaajat\" \/>\n<meta property=\"article:modified_time\" content=\"2013-09-05T05:49:07+00:00\" \/>\n<meta name=\"twitter:card\" content=\"summary_large_image\" \/>\n<script type=\"application\/ld+json\" class=\"yoast-schema-graph\">{\"@context\":\"https:\\\/\\\/schema.org\",\"@graph\":[{\"@type\":\"WebPage\",\"@id\":\"https:\\\/\\\/blogit.gradia.fi\\\/mobiilitohjaajat\\\/ohjausmateriaalia\\\/\",\"url\":\"https:\\\/\\\/blogit.gradia.fi\\\/mobiilitohjaajat\\\/ohjausmateriaalia\\\/\",\"name\":\"Mukana matkalla - Mobiilit ohjaajat\",\"isPartOf\":{\"@id\":\"https:\\\/\\\/blogit.gradia.fi\\\/mobiilitohjaajat\\\/#website\"},\"datePublished\":\"2013-08-14T19:32:07+00:00\",\"dateModified\":\"2013-09-05T05:49:07+00:00\",\"inLanguage\":\"fi\",\"potentialAction\":[{\"@type\":\"ReadAction\",\"target\":[\"https:\\\/\\\/blogit.gradia.fi\\\/mobiilitohjaajat\\\/ohjausmateriaalia\\\/\"]}]},{\"@type\":\"WebSite\",\"@id\":\"https:\\\/\\\/blogit.gradia.fi\\\/mobiilitohjaajat\\\/#website\",\"url\":\"https:\\\/\\\/blogit.gradia.fi\\\/mobiilitohjaajat\\\/\",\"name\":\"Mobiilit ohjaajat\",\"description\":\"Opetushallituksen rahoittaman Mobiilit ohjaajat -hankkeen sivusto\",\"potentialAction\":[{\"@type\":\"SearchAction\",\"target\":{\"@type\":\"EntryPoint\",\"urlTemplate\":\"https:\\\/\\\/blogit.gradia.fi\\\/mobiilitohjaajat\\\/?s={search_term_string}\"},\"query-input\":{\"@type\":\"PropertyValueSpecification\",\"valueRequired\":true,\"valueName\":\"search_term_string\"}}],\"inLanguage\":\"fi\"}]}<\/script>\n<!-- \/ Yoast SEO plugin. -->","yoast_head_json":{"title":"Mukana matkalla - Mobiilit ohjaajat","robots":{"index":"index","follow":"follow","max-snippet":"max-snippet:-1","max-image-preview":"max-image-preview:large","max-video-preview":"max-video-preview:-1"},"canonical":"https:\/\/blogit.gradia.fi\/mobiilitohjaajat\/ohjausmateriaalia\/","og_locale":"fi_FI","og_type":"article","og_title":"Mukana matkalla - Mobiilit ohjaajat","og_description":"Otamme oppia Kiltakoulujen tavasta tukea ryhm\u00e4oppimista sek\u00e4 k\u00e4ytt\u00e4\u00e4 erilaisia verkkoty\u00f6v\u00e4lineit\u00e4 (blogit, wiki) opetuksessa: http:\/\/kiltakoulut.wikispaces.com\/ K\u00e4yt\u00e4mme edellisiss\u00e4 hankkeissa oppimiamme asioita hy\u00f6dyksi uutta kokeillessamme: Pulpetista tabletille -hanke (2012-2013) Mobiluck -hanke &nbsp;","og_url":"https:\/\/blogit.gradia.fi\/mobiilitohjaajat\/ohjausmateriaalia\/","og_site_name":"Mobiilit ohjaajat","article_modified_time":"2013-09-05T05:49:07+00:00","twitter_card":"summary_large_image","schema":{"@context":"https:\/\/schema.org","@graph":[{"@type":"WebPage","@id":"https:\/\/blogit.gradia.fi\/mobiilitohjaajat\/ohjausmateriaalia\/","url":"https:\/\/blogit.gradia.fi\/mobiilitohjaajat\/ohjausmateriaalia\/","name":"Mukana matkalla - Mobiilit ohjaajat","isPartOf":{"@id":"https:\/\/blogit.gradia.fi\/mobiilitohjaajat\/#website"},"datePublished":"2013-08-14T19:32:07+00:00","dateModified":"2013-09-05T05:49:07+00:00","inLanguage":"fi","potentialAction":[{"@type":"ReadAction","target":["https:\/\/blogit.gradia.fi\/mobiilitohjaajat\/ohjausmateriaalia\/"]}]},{"@type":"WebSite","@id":"https:\/\/blogit.gradia.fi\/mobiilitohjaajat\/#website","url":"https:\/\/blogit.gradia.fi\/mobiilitohjaajat\/","name":"Mobiilit ohjaajat","description":"Opetushallituksen rahoittaman Mobiilit ohjaajat -hankkeen sivusto","potentialAction":[{"@type":"SearchAction","target":{"@type":"EntryPoint","urlTemplate":"https:\/\/blogit.gradia.fi\/mobiilitohjaajat\/?s={search_term_string}"},"query-input":{"@type":"PropertyValueSpecification","valueRequired":true,"valueName":"search_term_string"}}],"inLanguage":"fi"}]}},"uagb_featured_image_src":{"full":false,"thumbnail":false,"medium":false,"medium_large":false,"large":false,"1536x1536":false,"2048x2048":false,"post-thumbnail":false},"uagb_author_info":{"display_name":"Hanna Frilander","author_link":"https:\/\/blogit.gradia.fi\/mobiilitohjaajat\/author\/frilahan\/"},"uagb_comment_info":0,"uagb_excerpt":"Otamme oppia Kiltakoulujen tavasta tukea ryhm\u00e4oppimista sek\u00e4 k\u00e4ytt\u00e4\u00e4 erilaisia verkkoty\u00f6v\u00e4lineit\u00e4 (blogit, wiki) opetuksessa: http:\/\/kiltakoulut.wikispaces.com\/ K\u00e4yt\u00e4mme edellisiss\u00e4 hankkeissa oppimiamme asioita hy\u00f6dyksi uutta kokeillessamme: Pulpetista tabletille -hanke (2012-2013) Mobiluck -hanke &nbsp;","_links":{"self":[{"href":"https:\/\/blogit.gradia.fi\/mobiilitohjaajat\/wp-json\/wp\/v2\/pages\/14","targetHints":{"allow":["GET"]}}],"collection":[{"href":"https:\/\/blogit.gradia.fi\/mobiilitohjaajat\/wp-json\/wp\/v2\/pages"}],"about":[{"href":"https:\/\/blogit.gradia.fi\/mobiilitohjaajat\/wp-json\/wp\/v2\/types\/page"}],"author":[{"embeddable":true,"href":"https:\/\/blogit.gradia.fi\/mobiilitohjaajat\/wp-json\/wp\/v2\/users\/161"}],"replies":[{"embeddable":true,"href":"https:\/\/blogit.gradia.fi\/mobiilitohjaajat\/wp-json\/wp\/v2\/comments?post=14"}],"version-history":[{"count":0,"href":"https:\/\/blogit.gradia.fi\/mobiilitohjaajat\/wp-json\/wp\/v2\/pages\/14\/revisions"}],"wp:attachment":[{"href":"https:\/\/blogit.gradia.fi\/mobiilitohjaajat\/wp-json\/wp\/v2\/media?parent=14"}],"curies":[{"name":"wp","href":"https:\/\/api.w.org\/{rel}","templated":true}]}}