{"id":177,"date":"2024-01-15T13:45:53","date_gmt":"2024-01-15T11:45:53","guid":{"rendered":"https:\/\/blogit.gradia.fi\/mkpt2303-valkonen\/?page_id=177"},"modified":"2024-01-30T11:07:41","modified_gmt":"2024-01-30T09:07:41","slug":"omat-koirat","status":"publish","type":"page","link":"https:\/\/blogit.gradia.fi\/mkpt2303-valkonen\/omat-koirat\/","title":{"rendered":"Omat koirat"},"content":{"rendered":"\n<p><strong>Omat koirat:<\/strong>&nbsp;<\/p>\n\n\n\n<div class=\"wp-block-uagb-container uagb-block-73ff3d99 alignfull uagb-is-root-container\"><div class=\"uagb-container-inner-blocks-wrap\">\n<div class=\"wp-block-uagb-container uagb-block-8d7c1fd4\">\n<div class=\"wp-block-uagb-image uagb-block-381f6d8b wp-block-uagb-image--layout-default wp-block-uagb-image--effect-static wp-block-uagb-image--align-none\"><figure class=\"wp-block-uagb-image__figure\"><img decoding=\"async\" src=\"https:\/\/blogit.gradia.fi\/mkpt2303-valkonen\/wp-content\/uploads\/sites\/523\/2024\/01\/golden-retiver-3058383_1280-200x300.jpg\" alt=\"\" class=\"uag-image-181\" width=\"200\" height=\"300\" title=\"\" loading=\"lazy\" \/><\/figure><\/div>\n\n\n\n<p><strong>Nimi:<\/strong> Stella&nbsp;<strong>Virallinen nimi:<\/strong> Stella Palefur&nbsp;<strong>Sukupuoli:<\/strong> Naaras&nbsp;<strong>Syntym\u00e4p\u00e4iv\u00e4<\/strong>: 24.8.2018&nbsp;<strong>Terveys:<\/strong>&nbsp;Lonkat: A\/A\u202f&nbsp;<br>Kyyn\u00e4rp\u00e4\u00e4t:\u202f0\/0&nbsp;<br>Silm\u00e4t:\u202fclear, PRA-1 clear&nbsp;<strong>Meriitit:<\/strong>&nbsp;Puppy class 2nd with HP&nbsp;Open class 1st\/EXC, CQ -&gt; 2nd BEST BITCH -&gt; CAC&nbsp;<\/p>\n<\/div>\n\n\n\n<div class=\"wp-block-uagb-container uagb-block-0237ba31\">\n<div class=\"wp-block-uagb-image uagb-block-59b90b11 wp-block-uagb-image--layout-default wp-block-uagb-image--effect-static wp-block-uagb-image--align-none\"><figure class=\"wp-block-uagb-image__figure\"><img decoding=\"async\" src=\"https:\/\/blogit.gradia.fi\/mkpt2303-valkonen\/wp-content\/uploads\/sites\/523\/2024\/01\/dog-6945696_1280-200x300.jpg\" alt=\"\" class=\"uag-image-184\" width=\"200\" height=\"300\" title=\"\" loading=\"lazy\" \/><\/figure><\/div>\n\n\n\n<p><strong>Nimi:<\/strong> Tille&nbsp;<strong>Virallinen nimi:<\/strong> Tiara Spiritrunner&nbsp;<strong>Sukupuoli:<\/strong> Naaras&nbsp;<strong>Syntym\u00e4p\u00e4iv\u00e4<\/strong>: 11.3.2019&nbsp;<strong>Terveys:<\/strong>&nbsp;Lonkat: A\/A\u202f&nbsp;<br>Kyyn\u00e4rp\u00e4\u00e4t:\u202f0\/0&nbsp;<br>Silm\u00e4t:\u202fclear&nbsp;<strong>Meriitit:<\/strong><br>Junior class 2nd with EXC&nbsp;&nbsp;<\/p>\n<\/div>\n\n\n\n<div class=\"wp-block-uagb-container uagb-block-37027a6b\">\n<div class=\"wp-block-uagb-image uagb-block-5761f67b wp-block-uagb-image--layout-default wp-block-uagb-image--effect-static wp-block-uagb-image--align-none\"><figure class=\"wp-block-uagb-image__figure\"><img decoding=\"async\" src=\"https:\/\/blogit.gradia.fi\/mkpt2303-valkonen\/wp-content\/uploads\/sites\/523\/2024\/01\/golden-retriever-4292254_1280-225x300.jpg\" alt=\"\" class=\"uag-image-183\" width=\"200\" height=\"300\" title=\"\" loading=\"lazy\" \/><\/figure><\/div>\n\n\n\n<p><strong>Nimi:<\/strong> Minni&nbsp;<strong>Virallinen nimi:<\/strong> Lady Minnie Cupcake&nbsp;&nbsp;<strong>Sukupuoli:<\/strong> Naaras&nbsp;<strong>Oma koira<\/strong>: X&nbsp;<strong>Kasvattaja<\/strong>:&nbsp;&nbsp;<strong>Syntym\u00e4p\u00e4iv\u00e4<\/strong>: 7.9.2014&nbsp;<strong>Terveys:<\/strong>&nbsp;Lonkat: A\/A\u202f&nbsp;<br>Kyyn\u00e4rp\u00e4\u00e4t:\u202f0\/0&nbsp;<br>Silm\u00e4t:\u202fok&nbsp;<strong>Meriitit:<\/strong>&nbsp;Puppy class 5-7 months 3rd with HP&nbsp;<br>Puppy class 7-9 months 1st with HP -&gt;BOB PUPPY&nbsp;<br>Junior class 1st EXC, CQ, 3rd BEST BITCH, rec CC&nbsp;&nbsp;<\/p>\n<\/div>\n<\/div><\/div>\n\n\n\n<div class=\"wp-block-uagb-container uagb-block-ab59fbe5 alignfull uagb-is-root-container\"><div class=\"uagb-container-inner-blocks-wrap\">\n<p><strong>Pentueet<\/strong>&nbsp;<\/p>\n\n\n\n<figure class=\"wp-block-table\"><table><tbody><tr><td><strong>A-pentue<\/strong>&nbsp;Syntyneet: 23.5.2022&nbsp;Is\u00e4: Murphy Von Reynard&nbsp;Emo: Lady Minnie Cupcake&nbsp;Pentuja: Uroksia: 3, Narttuja: 1&nbsp;<\/td><td><strong>B-pentue<\/strong>&nbsp;Syntyneet: 4.7.2023&nbsp;Is\u00e4: Tophias Darktooth&nbsp;Emo: Stella Palefur&nbsp;&nbsp;Pentuja: Uroksia: 1, Narttuja: 2&nbsp;<\/td><td><strong>C-pentue<\/strong>&nbsp;Suunnitteilla: Kev\u00e4t\/kes\u00e4 2024&nbsp;Is\u00e4: Murphy Von Reynard&nbsp;Emo: Tiara Spiritrunner&nbsp;<\/td><\/tr><\/tbody><\/table><\/figure>\n<\/div><\/div>\n","protected":false},"excerpt":{"rendered":"<p>Omat koirat:&nbsp; Nimi: Stella&nbsp;Virallinen nimi: Stella Palefur&nbsp;Sukupuoli: Naaras&nbsp;Syntym\u00e4p\u00e4iv\u00e4: 24.8.2018&nbsp;Terveys:&nbsp;Lonkat: A\/A\u202f&nbsp;Kyyn\u00e4rp\u00e4\u00e4t:\u202f0\/0&nbsp;Silm\u00e4t:\u202fclear, PRA-1 clear&nbsp;Meriitit:&nbsp;Puppy class 2nd with HP&nbsp;Open class 1st\/EXC, CQ -&gt; 2nd BEST BITCH -&gt; CAC&nbsp; Nimi: Tille&nbsp;Virallinen nimi: Tiara Spiritrunner&nbsp;Sukupuoli: Naaras&nbsp;Syntym\u00e4p\u00e4iv\u00e4: 11.3.2019&nbsp;Terveys:&nbsp;Lonkat: A\/A\u202f&nbsp;Kyyn\u00e4rp\u00e4\u00e4t:\u202f0\/0&nbsp;Silm\u00e4t:\u202fclear&nbsp;Meriitit:Junior class 2nd with EXC&nbsp;&nbsp; Nimi: Minni&nbsp;Virallinen nimi: Lady Minnie Cupcake&nbsp;&nbsp;Sukupuoli: Naaras&nbsp;Oma koira: X&nbsp;Kasvattaja:&nbsp;&nbsp;Syntym\u00e4p\u00e4iv\u00e4: 7.9.2014&nbsp;Terveys:&nbsp;Lonkat: A\/A\u202f&nbsp;Kyyn\u00e4rp\u00e4\u00e4t:\u202f0\/0&nbsp;Silm\u00e4t:\u202fok&nbsp;Meriitit:&nbsp;Puppy class 5-7 months 3rd with HP&nbsp;Puppy class [&hellip;]<\/p>\n","protected":false},"author":1060,"featured_media":0,"parent":0,"menu_order":0,"comment_status":"closed","ping_status":"closed","template":"","meta":{"_uag_custom_page_level_css":"","site-sidebar-layout":"default","site-content-layout":"","ast-site-content-layout":"default","site-content-style":"default","site-sidebar-style":"default","ast-global-header-display":"","ast-banner-title-visibility":"","ast-main-header-display":"","ast-hfb-above-header-display":"","ast-hfb-below-header-display":"","ast-hfb-mobile-header-display":"","site-post-title":"","ast-breadcrumbs-content":"","ast-featured-img":"","footer-sml-layout":"","ast-disable-related-posts":"","theme-transparent-header-meta":"","adv-header-id-meta":"","stick-header-meta":"","header-above-stick-meta":"","header-main-stick-meta":"","header-below-stick-meta":"","astra-migrate-meta-layouts":"default","ast-page-background-enabled":"default","ast-page-background-meta":{"desktop":{"background-color":"var(--ast-global-color-4)","background-image":"","background-repeat":"repeat","background-position":"center center","background-size":"auto","background-attachment":"scroll","background-type":"","background-media":"","overlay-type":"","overlay-color":"","overlay-opacity":"","overlay-gradient":""},"tablet":{"background-color":"","background-image":"","background-repeat":"repeat","background-position":"center center","background-size":"auto","background-attachment":"scroll","background-type":"","background-media":"","overlay-type":"","overlay-color":"","overlay-opacity":"","overlay-gradient":""},"mobile":{"background-color":"","background-image":"","background-repeat":"repeat","background-position":"center center","background-size":"auto","background-attachment":"scroll","background-type":"","background-media":"","overlay-type":"","overlay-color":"","overlay-opacity":"","overlay-gradient":""}},"ast-content-background-meta":{"desktop":{"background-color":"var(--ast-global-color-5)","background-image":"","background-repeat":"repeat","background-position":"center center","background-size":"auto","background-attachment":"scroll","background-type":"","background-media":"","overlay-type":"","overlay-color":"","overlay-opacity":"","overlay-gradient":""},"tablet":{"background-color":"var(--ast-global-color-5)","background-image":"","background-repeat":"repeat","background-position":"center center","background-size":"auto","background-attachment":"scroll","background-type":"","background-media":"","overlay-type":"","overlay-color":"","overlay-opacity":"","overlay-gradient":""},"mobile":{"background-color":"var(--ast-global-color-5)","background-image":"","background-repeat":"repeat","background-position":"center center","background-size":"auto","background-attachment":"scroll","background-type":"","background-media":"","overlay-type":"","overlay-color":"","overlay-opacity":"","overlay-gradient":""}},"footnotes":""},"class_list":["post-177","page","type-page","status-publish","hentry"],"yoast_head":"<!-- This site is optimized with the Yoast SEO plugin v27.4 - https:\/\/yoast.com\/product\/yoast-seo-wordpress\/ -->\n<title>Omat koirat - KennelGoldie<\/title>\n<meta name=\"robots\" content=\"index, follow, max-snippet:-1, max-image-preview:large, max-video-preview:-1\" \/>\n<link rel=\"canonical\" href=\"https:\/\/blogit.gradia.fi\/mkpt2303-valkonen\/omat-koirat\/\" \/>\n<meta property=\"og:locale\" content=\"fi_FI\" \/>\n<meta property=\"og:type\" content=\"article\" \/>\n<meta property=\"og:title\" content=\"Omat koirat - KennelGoldie\" \/>\n<meta property=\"og:description\" content=\"Omat koirat:&nbsp; Nimi: Stella&nbsp;Virallinen nimi: Stella Palefur&nbsp;Sukupuoli: Naaras&nbsp;Syntym\u00e4p\u00e4iv\u00e4: 24.8.2018&nbsp;Terveys:&nbsp;Lonkat: A\/A\u202f&nbsp;Kyyn\u00e4rp\u00e4\u00e4t:\u202f0\/0&nbsp;Silm\u00e4t:\u202fclear, PRA-1 clear&nbsp;Meriitit:&nbsp;Puppy class 2nd with HP&nbsp;Open class 1st\/EXC, CQ -&gt; 2nd BEST BITCH -&gt; CAC&nbsp; Nimi: Tille&nbsp;Virallinen nimi: Tiara Spiritrunner&nbsp;Sukupuoli: Naaras&nbsp;Syntym\u00e4p\u00e4iv\u00e4: 11.3.2019&nbsp;Terveys:&nbsp;Lonkat: A\/A\u202f&nbsp;Kyyn\u00e4rp\u00e4\u00e4t:\u202f0\/0&nbsp;Silm\u00e4t:\u202fclear&nbsp;Meriitit:Junior class 2nd with EXC&nbsp;&nbsp; Nimi: Minni&nbsp;Virallinen nimi: Lady Minnie Cupcake&nbsp;&nbsp;Sukupuoli: Naaras&nbsp;Oma koira: X&nbsp;Kasvattaja:&nbsp;&nbsp;Syntym\u00e4p\u00e4iv\u00e4: 7.9.2014&nbsp;Terveys:&nbsp;Lonkat: A\/A\u202f&nbsp;Kyyn\u00e4rp\u00e4\u00e4t:\u202f0\/0&nbsp;Silm\u00e4t:\u202fok&nbsp;Meriitit:&nbsp;Puppy class 5-7 months 3rd with HP&nbsp;Puppy class [&hellip;]\" \/>\n<meta property=\"og:url\" content=\"https:\/\/blogit.gradia.fi\/mkpt2303-valkonen\/omat-koirat\/\" \/>\n<meta property=\"og:site_name\" content=\"KennelGoldie\" \/>\n<meta property=\"article:modified_time\" content=\"2024-01-30T09:07:41+00:00\" \/>\n<meta property=\"og:image\" content=\"https:\/\/blogit.gradia.fi\/mkpt2303-valkonen\/wp-content\/uploads\/sites\/523\/2024\/01\/golden-retiver-3058383_1280-200x300.jpg\" \/>\n<meta name=\"twitter:card\" content=\"summary_large_image\" \/>\n<meta name=\"twitter:label1\" content=\"Arvioitu lukuaika\" \/>\n\t<meta name=\"twitter:data1\" content=\"2 minuuttia\" \/>\n<script type=\"application\/ld+json\" class=\"yoast-schema-graph\">{\"@context\":\"https:\\\/\\\/schema.org\",\"@graph\":[{\"@type\":\"WebPage\",\"@id\":\"https:\\\/\\\/blogit.gradia.fi\\\/mkpt2303-valkonen\\\/omat-koirat\\\/\",\"url\":\"https:\\\/\\\/blogit.gradia.fi\\\/mkpt2303-valkonen\\\/omat-koirat\\\/\",\"name\":\"Omat koirat - KennelGoldie\",\"isPartOf\":{\"@id\":\"https:\\\/\\\/blogit.gradia.fi\\\/mkpt2303-valkonen\\\/#website\"},\"primaryImageOfPage\":{\"@id\":\"https:\\\/\\\/blogit.gradia.fi\\\/mkpt2303-valkonen\\\/omat-koirat\\\/#primaryimage\"},\"image\":{\"@id\":\"https:\\\/\\\/blogit.gradia.fi\\\/mkpt2303-valkonen\\\/omat-koirat\\\/#primaryimage\"},\"thumbnailUrl\":\"https:\\\/\\\/blogit.gradia.fi\\\/mkpt2303-valkonen\\\/wp-content\\\/uploads\\\/sites\\\/523\\\/2024\\\/01\\\/golden-retiver-3058383_1280-200x300.jpg\",\"datePublished\":\"2024-01-15T11:45:53+00:00\",\"dateModified\":\"2024-01-30T09:07:41+00:00\",\"breadcrumb\":{\"@id\":\"https:\\\/\\\/blogit.gradia.fi\\\/mkpt2303-valkonen\\\/omat-koirat\\\/#breadcrumb\"},\"inLanguage\":\"fi\",\"potentialAction\":[{\"@type\":\"ReadAction\",\"target\":[\"https:\\\/\\\/blogit.gradia.fi\\\/mkpt2303-valkonen\\\/omat-koirat\\\/\"]}]},{\"@type\":\"ImageObject\",\"inLanguage\":\"fi\",\"@id\":\"https:\\\/\\\/blogit.gradia.fi\\\/mkpt2303-valkonen\\\/omat-koirat\\\/#primaryimage\",\"url\":\"https:\\\/\\\/blogit.gradia.fi\\\/mkpt2303-valkonen\\\/wp-content\\\/uploads\\\/sites\\\/523\\\/2024\\\/01\\\/golden-retiver-3058383_1280.jpg\",\"contentUrl\":\"https:\\\/\\\/blogit.gradia.fi\\\/mkpt2303-valkonen\\\/wp-content\\\/uploads\\\/sites\\\/523\\\/2024\\\/01\\\/golden-retiver-3058383_1280.jpg\",\"width\":854,\"height\":1280},{\"@type\":\"BreadcrumbList\",\"@id\":\"https:\\\/\\\/blogit.gradia.fi\\\/mkpt2303-valkonen\\\/omat-koirat\\\/#breadcrumb\",\"itemListElement\":[{\"@type\":\"ListItem\",\"position\":1,\"name\":\"Etusivu\",\"item\":\"https:\\\/\\\/blogit.gradia.fi\\\/mkpt2303-valkonen\\\/\"},{\"@type\":\"ListItem\",\"position\":2,\"name\":\"Omat koirat\"}]},{\"@type\":\"WebSite\",\"@id\":\"https:\\\/\\\/blogit.gradia.fi\\\/mkpt2303-valkonen\\\/#website\",\"url\":\"https:\\\/\\\/blogit.gradia.fi\\\/mkpt2303-valkonen\\\/\",\"name\":\"KennelGoldie\",\"description\":\"Digimarkkinointia keskisuopmessa\",\"publisher\":{\"@id\":\"https:\\\/\\\/blogit.gradia.fi\\\/mkpt2303-valkonen\\\/#organization\"},\"potentialAction\":[{\"@type\":\"SearchAction\",\"target\":{\"@type\":\"EntryPoint\",\"urlTemplate\":\"https:\\\/\\\/blogit.gradia.fi\\\/mkpt2303-valkonen\\\/?s={search_term_string}\"},\"query-input\":{\"@type\":\"PropertyValueSpecification\",\"valueRequired\":true,\"valueName\":\"search_term_string\"}}],\"inLanguage\":\"fi\"},{\"@type\":\"Organization\",\"@id\":\"https:\\\/\\\/blogit.gradia.fi\\\/mkpt2303-valkonen\\\/#organization\",\"name\":\"KennelGoldie\",\"url\":\"https:\\\/\\\/blogit.gradia.fi\\\/mkpt2303-valkonen\\\/\",\"logo\":{\"@type\":\"ImageObject\",\"inLanguage\":\"fi\",\"@id\":\"https:\\\/\\\/blogit.gradia.fi\\\/mkpt2303-valkonen\\\/#\\\/schema\\\/logo\\\/image\\\/\",\"url\":\"https:\\\/\\\/blogit.gradia.fi\\\/mkpt2303-valkonen\\\/wp-content\\\/uploads\\\/sites\\\/523\\\/2024\\\/01\\\/Untitled-2.gif\",\"contentUrl\":\"https:\\\/\\\/blogit.gradia.fi\\\/mkpt2303-valkonen\\\/wp-content\\\/uploads\\\/sites\\\/523\\\/2024\\\/01\\\/Untitled-2.gif\",\"width\":236,\"height\":173,\"caption\":\"KennelGoldie\"},\"image\":{\"@id\":\"https:\\\/\\\/blogit.gradia.fi\\\/mkpt2303-valkonen\\\/#\\\/schema\\\/logo\\\/image\\\/\"}}]}<\/script>\n<!-- \/ Yoast SEO plugin. -->","yoast_head_json":{"title":"Omat koirat - KennelGoldie","robots":{"index":"index","follow":"follow","max-snippet":"max-snippet:-1","max-image-preview":"max-image-preview:large","max-video-preview":"max-video-preview:-1"},"canonical":"https:\/\/blogit.gradia.fi\/mkpt2303-valkonen\/omat-koirat\/","og_locale":"fi_FI","og_type":"article","og_title":"Omat koirat - KennelGoldie","og_description":"Omat koirat:&nbsp; Nimi: Stella&nbsp;Virallinen nimi: Stella Palefur&nbsp;Sukupuoli: Naaras&nbsp;Syntym\u00e4p\u00e4iv\u00e4: 24.8.2018&nbsp;Terveys:&nbsp;Lonkat: A\/A\u202f&nbsp;Kyyn\u00e4rp\u00e4\u00e4t:\u202f0\/0&nbsp;Silm\u00e4t:\u202fclear, PRA-1 clear&nbsp;Meriitit:&nbsp;Puppy class 2nd with HP&nbsp;Open class 1st\/EXC, CQ -&gt; 2nd BEST BITCH -&gt; CAC&nbsp; Nimi: Tille&nbsp;Virallinen nimi: Tiara Spiritrunner&nbsp;Sukupuoli: Naaras&nbsp;Syntym\u00e4p\u00e4iv\u00e4: 11.3.2019&nbsp;Terveys:&nbsp;Lonkat: A\/A\u202f&nbsp;Kyyn\u00e4rp\u00e4\u00e4t:\u202f0\/0&nbsp;Silm\u00e4t:\u202fclear&nbsp;Meriitit:Junior class 2nd with EXC&nbsp;&nbsp; Nimi: Minni&nbsp;Virallinen nimi: Lady Minnie Cupcake&nbsp;&nbsp;Sukupuoli: Naaras&nbsp;Oma koira: X&nbsp;Kasvattaja:&nbsp;&nbsp;Syntym\u00e4p\u00e4iv\u00e4: 7.9.2014&nbsp;Terveys:&nbsp;Lonkat: A\/A\u202f&nbsp;Kyyn\u00e4rp\u00e4\u00e4t:\u202f0\/0&nbsp;Silm\u00e4t:\u202fok&nbsp;Meriitit:&nbsp;Puppy class 5-7 months 3rd with HP&nbsp;Puppy class [&hellip;]","og_url":"https:\/\/blogit.gradia.fi\/mkpt2303-valkonen\/omat-koirat\/","og_site_name":"KennelGoldie","article_modified_time":"2024-01-30T09:07:41+00:00","og_image":[{"url":"https:\/\/blogit.gradia.fi\/mkpt2303-valkonen\/wp-content\/uploads\/sites\/523\/2024\/01\/golden-retiver-3058383_1280-200x300.jpg","type":"","width":"","height":""}],"twitter_card":"summary_large_image","twitter_misc":{"Arvioitu lukuaika":"2 minuuttia"},"schema":{"@context":"https:\/\/schema.org","@graph":[{"@type":"WebPage","@id":"https:\/\/blogit.gradia.fi\/mkpt2303-valkonen\/omat-koirat\/","url":"https:\/\/blogit.gradia.fi\/mkpt2303-valkonen\/omat-koirat\/","name":"Omat koirat - KennelGoldie","isPartOf":{"@id":"https:\/\/blogit.gradia.fi\/mkpt2303-valkonen\/#website"},"primaryImageOfPage":{"@id":"https:\/\/blogit.gradia.fi\/mkpt2303-valkonen\/omat-koirat\/#primaryimage"},"image":{"@id":"https:\/\/blogit.gradia.fi\/mkpt2303-valkonen\/omat-koirat\/#primaryimage"},"thumbnailUrl":"https:\/\/blogit.gradia.fi\/mkpt2303-valkonen\/wp-content\/uploads\/sites\/523\/2024\/01\/golden-retiver-3058383_1280-200x300.jpg","datePublished":"2024-01-15T11:45:53+00:00","dateModified":"2024-01-30T09:07:41+00:00","breadcrumb":{"@id":"https:\/\/blogit.gradia.fi\/mkpt2303-valkonen\/omat-koirat\/#breadcrumb"},"inLanguage":"fi","potentialAction":[{"@type":"ReadAction","target":["https:\/\/blogit.gradia.fi\/mkpt2303-valkonen\/omat-koirat\/"]}]},{"@type":"ImageObject","inLanguage":"fi","@id":"https:\/\/blogit.gradia.fi\/mkpt2303-valkonen\/omat-koirat\/#primaryimage","url":"https:\/\/blogit.gradia.fi\/mkpt2303-valkonen\/wp-content\/uploads\/sites\/523\/2024\/01\/golden-retiver-3058383_1280.jpg","contentUrl":"https:\/\/blogit.gradia.fi\/mkpt2303-valkonen\/wp-content\/uploads\/sites\/523\/2024\/01\/golden-retiver-3058383_1280.jpg","width":854,"height":1280},{"@type":"BreadcrumbList","@id":"https:\/\/blogit.gradia.fi\/mkpt2303-valkonen\/omat-koirat\/#breadcrumb","itemListElement":[{"@type":"ListItem","position":1,"name":"Etusivu","item":"https:\/\/blogit.gradia.fi\/mkpt2303-valkonen\/"},{"@type":"ListItem","position":2,"name":"Omat koirat"}]},{"@type":"WebSite","@id":"https:\/\/blogit.gradia.fi\/mkpt2303-valkonen\/#website","url":"https:\/\/blogit.gradia.fi\/mkpt2303-valkonen\/","name":"KennelGoldie","description":"Digimarkkinointia keskisuopmessa","publisher":{"@id":"https:\/\/blogit.gradia.fi\/mkpt2303-valkonen\/#organization"},"potentialAction":[{"@type":"SearchAction","target":{"@type":"EntryPoint","urlTemplate":"https:\/\/blogit.gradia.fi\/mkpt2303-valkonen\/?s={search_term_string}"},"query-input":{"@type":"PropertyValueSpecification","valueRequired":true,"valueName":"search_term_string"}}],"inLanguage":"fi"},{"@type":"Organization","@id":"https:\/\/blogit.gradia.fi\/mkpt2303-valkonen\/#organization","name":"KennelGoldie","url":"https:\/\/blogit.gradia.fi\/mkpt2303-valkonen\/","logo":{"@type":"ImageObject","inLanguage":"fi","@id":"https:\/\/blogit.gradia.fi\/mkpt2303-valkonen\/#\/schema\/logo\/image\/","url":"https:\/\/blogit.gradia.fi\/mkpt2303-valkonen\/wp-content\/uploads\/sites\/523\/2024\/01\/Untitled-2.gif","contentUrl":"https:\/\/blogit.gradia.fi\/mkpt2303-valkonen\/wp-content\/uploads\/sites\/523\/2024\/01\/Untitled-2.gif","width":236,"height":173,"caption":"KennelGoldie"},"image":{"@id":"https:\/\/blogit.gradia.fi\/mkpt2303-valkonen\/#\/schema\/logo\/image\/"}}]}},"uagb_featured_image_src":{"full":false,"thumbnail":false,"medium":false,"medium_large":false,"large":false,"1536x1536":false,"2048x2048":false},"uagb_author_info":{"display_name":"Annukka Valkonen","author_link":"https:\/\/blogit.gradia.fi\/mkpt2303-valkonen\/author\/gr289318\/"},"uagb_comment_info":0,"uagb_excerpt":"Omat koirat:&nbsp; Nimi: Stella&nbsp;Virallinen nimi: Stella Palefur&nbsp;Sukupuoli: Naaras&nbsp;Syntym\u00e4p\u00e4iv\u00e4: 24.8.2018&nbsp;Terveys:&nbsp;Lonkat: A\/A\u202f&nbsp;Kyyn\u00e4rp\u00e4\u00e4t:\u202f0\/0&nbsp;Silm\u00e4t:\u202fclear, PRA-1 clear&nbsp;Meriitit:&nbsp;Puppy class 2nd with HP&nbsp;Open class 1st\/EXC, CQ -&gt; 2nd BEST BITCH -&gt; CAC&nbsp; Nimi: Tille&nbsp;Virallinen nimi: Tiara Spiritrunner&nbsp;Sukupuoli: Naaras&nbsp;Syntym\u00e4p\u00e4iv\u00e4: 11.3.2019&nbsp;Terveys:&nbsp;Lonkat: A\/A\u202f&nbsp;Kyyn\u00e4rp\u00e4\u00e4t:\u202f0\/0&nbsp;Silm\u00e4t:\u202fclear&nbsp;Meriitit:Junior class 2nd with EXC&nbsp;&nbsp; Nimi: Minni&nbsp;Virallinen nimi: Lady Minnie Cupcake&nbsp;&nbsp;Sukupuoli: Naaras&nbsp;Oma koira: X&nbsp;Kasvattaja:&nbsp;&nbsp;Syntym\u00e4p\u00e4iv\u00e4: 7.9.2014&nbsp;Terveys:&nbsp;Lonkat: A\/A\u202f&nbsp;Kyyn\u00e4rp\u00e4\u00e4t:\u202f0\/0&nbsp;Silm\u00e4t:\u202fok&nbsp;Meriitit:&nbsp;Puppy class 5-7 months 3rd with HP&nbsp;Puppy class&hellip;","_links":{"self":[{"href":"https:\/\/blogit.gradia.fi\/mkpt2303-valkonen\/wp-json\/wp\/v2\/pages\/177","targetHints":{"allow":["GET"]}}],"collection":[{"href":"https:\/\/blogit.gradia.fi\/mkpt2303-valkonen\/wp-json\/wp\/v2\/pages"}],"about":[{"href":"https:\/\/blogit.gradia.fi\/mkpt2303-valkonen\/wp-json\/wp\/v2\/types\/page"}],"author":[{"embeddable":true,"href":"https:\/\/blogit.gradia.fi\/mkpt2303-valkonen\/wp-json\/wp\/v2\/users\/1060"}],"replies":[{"embeddable":true,"href":"https:\/\/blogit.gradia.fi\/mkpt2303-valkonen\/wp-json\/wp\/v2\/comments?post=177"}],"version-history":[{"count":3,"href":"https:\/\/blogit.gradia.fi\/mkpt2303-valkonen\/wp-json\/wp\/v2\/pages\/177\/revisions"}],"predecessor-version":[{"id":187,"href":"https:\/\/blogit.gradia.fi\/mkpt2303-valkonen\/wp-json\/wp\/v2\/pages\/177\/revisions\/187"}],"wp:attachment":[{"href":"https:\/\/blogit.gradia.fi\/mkpt2303-valkonen\/wp-json\/wp\/v2\/media?parent=177"}],"curies":[{"name":"wp","href":"https:\/\/api.w.org\/{rel}","templated":true}]}}