{"id":104,"date":"2024-01-09T12:16:32","date_gmt":"2024-01-09T10:16:32","guid":{"rendered":"https:\/\/blogit.gradia.fi\/mkpt2303-valkonen\/?page_id=104"},"modified":"2024-01-15T14:08:43","modified_gmt":"2024-01-15T12:08:43","slug":"blogi","status":"publish","type":"page","link":"https:\/\/blogit.gradia.fi\/mkpt2303-valkonen\/blogi\/","title":{"rendered":"Tietoa koirien hoidosta"},"content":{"rendered":"\n\t\t\t<div class=\"wp-block-uagb-post-grid uagb-post-grid  uagb-post__image-position-top uagb-post__image-enabled uagb-block-5eba06ab     uagb-post__items uagb-post__columns-3 is-grid uagb-post__columns-tablet-2 uagb-post__columns-mobile-1 uagb-post__equal-height\" data-total=\"1\" style=\"\">\n\n\t\t\t\t\t\t\t\t\t\t\t\t<article class=\"uagb-post__inner-wrap\">\t\t\t\t\t\t\t\t<div class='uagb-post__image'>\n\t\t\t\t\t\t\t\t\t<a href=\"https:\/\/blogit.gradia.fi\/mkpt2303-valkonen\/2024\/01\/09\/koiran-sairaudet\/\" target=\"_self\" rel=\"bookmark noopener noreferrer\" class='uagb-image-ratio-inherit'><img loading=\"lazy\" decoding=\"async\" width=\"960\" height=\"675\" src=\"https:\/\/blogit.gradia.fi\/mkpt2303-valkonen\/wp-content\/uploads\/sites\/523\/2024\/01\/dog-4719904_960_720.jpg\" class=\"attachment-large size-large\" alt=\"\" srcset=\"https:\/\/blogit.gradia.fi\/mkpt2303-valkonen\/wp-content\/uploads\/sites\/523\/2024\/01\/dog-4719904_960_720.jpg 960w, https:\/\/blogit.gradia.fi\/mkpt2303-valkonen\/wp-content\/uploads\/sites\/523\/2024\/01\/dog-4719904_960_720-300x211.jpg 300w, https:\/\/blogit.gradia.fi\/mkpt2303-valkonen\/wp-content\/uploads\/sites\/523\/2024\/01\/dog-4719904_960_720-768x540.jpg 768w\" sizes=\"auto, (max-width: 960px) 100vw, 960px\" \/>\t\t\t\t\t<\/a>\n\t\t\t\t\t\t\t<\/div>\n\t\t\t\t\t\t<h4 class=\"uagb-post__title uagb-post__text\">\n\t\t\t\t<a href=\"https:\/\/blogit.gradia.fi\/mkpt2303-valkonen\/2024\/01\/09\/koiran-sairaudet\/\" target=\"_self\" rel=\"bookmark noopener noreferrer\">Koiran sairaudet\u00a0<\/a>\n\t\t\t<\/h4>\n\t\t\t\t\t\t<div class='uagb-post__text uagb-post-grid-byline'>\n\t\t\t\t\t\t\t\t<time datetime=\"2024-01-09T13:54:49+02:00\" class=\"uagb-post__date\">\n\t\t\t\t<span class=\"dashicons-calendar dashicons\"><\/span>\t\t\t\t\t9.1.2024\t\t\t\t<\/time>\n\t\t\t\t\t\t\t<span class=\"uagb-post__comment\">\n\t\t\t\t<span class=\"dashicons-admin-comments dashicons\"><\/span>\t\t\t\t\tEi kommentteja\t\t\t\t<\/span>\n\t\t\t\t\t\t<\/div>\n\t\t\t\t\t\t\t<div class='uagb-post__text uagb-post__excerpt'>\n\t\t\t\t\t<p>Koiralla on todettu yli 400 perinn\u00f6llist\u00e4 sairautta. Koirat sairastavat hyvin samanlaisia sairauksia kuin ihmisetkin. Koirilla&#8230;\t\t\t\t<\/div>\n\t\t\t\t\t\t<div class=\"uagb-post__text uagb-post__cta wp-block-button\">\n\t\t\t\t<a class=\"wp-block-button__link uagb-text-link\" style=\"\" href=\"https:\/\/blogit.gradia.fi\/mkpt2303-valkonen\/2024\/01\/09\/koiran-sairaudet\/\" target=\"_self\" rel=\"bookmark noopener noreferrer\">Read More<\/a>\n\t\t\t<\/div>\n\t\t\t\n\t\t\t\t\t\t\t\t\t<\/article>\n\t\t\t\t\t\t\t\t\t\t\t\t\t\t\t\t<article class=\"uagb-post__inner-wrap\">\t\t\t\t\t\t\t\t<div class='uagb-post__image'>\n\t\t\t\t\t\t\t\t\t<a href=\"https:\/\/blogit.gradia.fi\/mkpt2303-valkonen\/2024\/01\/09\/ruokinta-ja-vaaralliset-ruoka-aineet\/\" target=\"_self\" rel=\"bookmark noopener noreferrer\" class='uagb-image-ratio-inherit'><img loading=\"lazy\" decoding=\"async\" width=\"640\" height=\"427\" src=\"https:\/\/blogit.gradia.fi\/mkpt2303-valkonen\/wp-content\/uploads\/sites\/523\/2024\/01\/dog-5632005_640.jpg\" class=\"attachment-large size-large\" alt=\"\" srcset=\"https:\/\/blogit.gradia.fi\/mkpt2303-valkonen\/wp-content\/uploads\/sites\/523\/2024\/01\/dog-5632005_640.jpg 640w, https:\/\/blogit.gradia.fi\/mkpt2303-valkonen\/wp-content\/uploads\/sites\/523\/2024\/01\/dog-5632005_640-300x200.jpg 300w\" sizes=\"auto, (max-width: 640px) 100vw, 640px\" \/>\t\t\t\t\t<\/a>\n\t\t\t\t\t\t\t<\/div>\n\t\t\t\t\t\t<h4 class=\"uagb-post__title uagb-post__text\">\n\t\t\t\t<a href=\"https:\/\/blogit.gradia.fi\/mkpt2303-valkonen\/2024\/01\/09\/ruokinta-ja-vaaralliset-ruoka-aineet\/\" target=\"_self\" rel=\"bookmark noopener noreferrer\">Ruokinta ja vaaralliset ruoka-aineet\u00a0<\/a>\n\t\t\t<\/h4>\n\t\t\t\t\t\t<div class='uagb-post__text uagb-post-grid-byline'>\n\t\t\t\t\t\t\t\t<time datetime=\"2024-01-09T13:52:44+02:00\" class=\"uagb-post__date\">\n\t\t\t\t<span class=\"dashicons-calendar dashicons\"><\/span>\t\t\t\t\t9.1.2024\t\t\t\t<\/time>\n\t\t\t\t\t\t\t<span class=\"uagb-post__comment\">\n\t\t\t\t<span class=\"dashicons-admin-comments dashicons\"><\/span>\t\t\t\t\tEi kommentteja\t\t\t\t<\/span>\n\t\t\t\t\t\t<\/div>\n\t\t\t\t\t\t\t<div class='uagb-post__text uagb-post__excerpt'>\n\t\t\t\t\t<p>Koiran ruokinnassa on monia eri tapoja. Koiranomistajan t\u00e4ytyy valita ruokintatapa, jolla koira voi hyvin ja&#8230;\t\t\t\t<\/div>\n\t\t\t\t\t\t<div class=\"uagb-post__text uagb-post__cta wp-block-button\">\n\t\t\t\t<a class=\"wp-block-button__link uagb-text-link\" style=\"\" href=\"https:\/\/blogit.gradia.fi\/mkpt2303-valkonen\/2024\/01\/09\/ruokinta-ja-vaaralliset-ruoka-aineet\/\" target=\"_self\" rel=\"bookmark noopener noreferrer\">Read More<\/a>\n\t\t\t<\/div>\n\t\t\t\n\t\t\t\t\t\t\t\t\t<\/article>\n\t\t\t\t\t\t\t\t\t\t\t\t\t\t\t\t<article class=\"uagb-post__inner-wrap\">\t\t\t\t\t\t\t\t<div class='uagb-post__image'>\n\t\t\t\t\t\t\t\t\t<a href=\"https:\/\/blogit.gradia.fi\/mkpt2303-valkonen\/2024\/01\/09\/koiralle-vakuutus-2\/\" target=\"_self\" rel=\"bookmark noopener noreferrer\" class='uagb-image-ratio-inherit'><img loading=\"lazy\" decoding=\"async\" width=\"1024\" height=\"718\" src=\"https:\/\/blogit.gradia.fi\/mkpt2303-valkonen\/wp-content\/uploads\/sites\/523\/2024\/01\/golden-retriever-4390884_1280-1024x718.jpg\" class=\"attachment-large size-large\" alt=\"\" srcset=\"https:\/\/blogit.gradia.fi\/mkpt2303-valkonen\/wp-content\/uploads\/sites\/523\/2024\/01\/golden-retriever-4390884_1280-1024x718.jpg 1024w, https:\/\/blogit.gradia.fi\/mkpt2303-valkonen\/wp-content\/uploads\/sites\/523\/2024\/01\/golden-retriever-4390884_1280-300x210.jpg 300w, https:\/\/blogit.gradia.fi\/mkpt2303-valkonen\/wp-content\/uploads\/sites\/523\/2024\/01\/golden-retriever-4390884_1280-768x539.jpg 768w, https:\/\/blogit.gradia.fi\/mkpt2303-valkonen\/wp-content\/uploads\/sites\/523\/2024\/01\/golden-retriever-4390884_1280.jpg 1280w\" sizes=\"auto, (max-width: 1024px) 100vw, 1024px\" \/>\t\t\t\t\t<\/a>\n\t\t\t\t\t\t\t<\/div>\n\t\t\t\t\t\t<h4 class=\"uagb-post__title uagb-post__text\">\n\t\t\t\t<a href=\"https:\/\/blogit.gradia.fi\/mkpt2303-valkonen\/2024\/01\/09\/koiralle-vakuutus-2\/\" target=\"_self\" rel=\"bookmark noopener noreferrer\">Koiralle vakuutus\u00a0<\/a>\n\t\t\t<\/h4>\n\t\t\t\t\t\t<div class='uagb-post__text uagb-post-grid-byline'>\n\t\t\t\t\t\t\t\t<time datetime=\"2024-01-09T13:41:34+02:00\" class=\"uagb-post__date\">\n\t\t\t\t<span class=\"dashicons-calendar dashicons\"><\/span>\t\t\t\t\t9.1.2024\t\t\t\t<\/time>\n\t\t\t\t\t\t\t<span class=\"uagb-post__comment\">\n\t\t\t\t<span class=\"dashicons-admin-comments dashicons\"><\/span>\t\t\t\t\tEi kommentteja\t\t\t\t<\/span>\n\t\t\t\t\t\t<\/div>\n\t\t\t\t\t\t\t<div class='uagb-post__text uagb-post__excerpt'>\n\t\t\t\t\t<p>Suurimmalla osalla suomalaisista vakuutusyhti\u00f6ist\u00e4 on koiralle lemmikkiel\u00e4invakuutus. Yleens\u00e4 vakuutukset on luokiteltu seuraavasti:&nbsp; Perusvakuutus: korvaa yleens\u00e4&#8230;\t\t\t\t<\/div>\n\t\t\t\t\t\t<div class=\"uagb-post__text uagb-post__cta wp-block-button\">\n\t\t\t\t<a class=\"wp-block-button__link uagb-text-link\" style=\"\" href=\"https:\/\/blogit.gradia.fi\/mkpt2303-valkonen\/2024\/01\/09\/koiralle-vakuutus-2\/\" target=\"_self\" rel=\"bookmark noopener noreferrer\">Read More<\/a>\n\t\t\t<\/div>\n\t\t\t\n\t\t\t\t\t\t\t\t\t<\/article>\n\t\t\t\t\t\t\t\t\t\t\t\t\t\t\t\t<article class=\"uagb-post__inner-wrap\">\t\t\t\t\t\t\t\t<div class='uagb-post__image'>\n\t\t\t\t\t\t\t\t\t<a href=\"https:\/\/blogit.gradia.fi\/mkpt2303-valkonen\/2024\/01\/09\/koiralle-vakuutus\/\" target=\"_self\" rel=\"bookmark noopener noreferrer\" class='uagb-image-ratio-inherit'><img loading=\"lazy\" decoding=\"async\" width=\"960\" height=\"640\" src=\"https:\/\/blogit.gradia.fi\/mkpt2303-valkonen\/wp-content\/uploads\/sites\/523\/2024\/01\/dog-2619108_960_720.jpg\" class=\"attachment-large size-large\" alt=\"\" srcset=\"https:\/\/blogit.gradia.fi\/mkpt2303-valkonen\/wp-content\/uploads\/sites\/523\/2024\/01\/dog-2619108_960_720.jpg 960w, https:\/\/blogit.gradia.fi\/mkpt2303-valkonen\/wp-content\/uploads\/sites\/523\/2024\/01\/dog-2619108_960_720-300x200.jpg 300w, https:\/\/blogit.gradia.fi\/mkpt2303-valkonen\/wp-content\/uploads\/sites\/523\/2024\/01\/dog-2619108_960_720-768x512.jpg 768w\" sizes=\"auto, (max-width: 960px) 100vw, 960px\" \/>\t\t\t\t\t<\/a>\n\t\t\t\t\t\t\t<\/div>\n\t\t\t\t\t\t<h4 class=\"uagb-post__title uagb-post__text\">\n\t\t\t\t<a href=\"https:\/\/blogit.gradia.fi\/mkpt2303-valkonen\/2024\/01\/09\/koiralle-vakuutus\/\" target=\"_self\" rel=\"bookmark noopener noreferrer\">koiran hankkiminen<\/a>\n\t\t\t<\/h4>\n\t\t\t\t\t\t<div class='uagb-post__text uagb-post-grid-byline'>\n\t\t\t\t\t\t\t\t<time datetime=\"2024-01-09T13:22:40+02:00\" class=\"uagb-post__date\">\n\t\t\t\t<span class=\"dashicons-calendar dashicons\"><\/span>\t\t\t\t\t9.1.2024\t\t\t\t<\/time>\n\t\t\t\t\t\t\t<span class=\"uagb-post__comment\">\n\t\t\t\t<span class=\"dashicons-admin-comments dashicons\"><\/span>\t\t\t\t\tEi kommentteja\t\t\t\t<\/span>\n\t\t\t\t\t\t<\/div>\n\t\t\t\t\t\t\t<div class='uagb-post__text uagb-post__excerpt'>\n\t\t\t\t\t<p>Koiran omistaminen\u00a0 Koiran hankkiminen vaatii harkintaa&nbsp; Koiran hankkiminen vaatii huolellista harkintaa ja asiaan perehtymist\u00e4. Koiraa&#8230;\t\t\t\t<\/div>\n\t\t\t\t\t\t<div class=\"uagb-post__text uagb-post__cta wp-block-button\">\n\t\t\t\t<a class=\"wp-block-button__link uagb-text-link\" style=\"\" href=\"https:\/\/blogit.gradia.fi\/mkpt2303-valkonen\/2024\/01\/09\/koiralle-vakuutus\/\" target=\"_self\" rel=\"bookmark noopener noreferrer\">Read More<\/a>\n\t\t\t<\/div>\n\t\t\t\n\t\t\t\t\t\t\t\t\t<\/article>\n\t\t\t\t\t\t\t\t\t\t\t<\/div>\n\t\t\t","protected":false},"excerpt":{"rendered":"","protected":false},"author":1060,"featured_media":0,"parent":0,"menu_order":0,"comment_status":"closed","ping_status":"closed","template":"","meta":{"_uag_custom_page_level_css":"","site-sidebar-layout":"default","site-content-layout":"","ast-site-content-layout":"default","site-content-style":"default","site-sidebar-style":"default","ast-global-header-display":"","ast-banner-title-visibility":"","ast-main-header-display":"","ast-hfb-above-header-display":"","ast-hfb-below-header-display":"","ast-hfb-mobile-header-display":"","site-post-title":"","ast-breadcrumbs-content":"","ast-featured-img":"","footer-sml-layout":"","ast-disable-related-posts":"","theme-transparent-header-meta":"","adv-header-id-meta":"","stick-header-meta":"","header-above-stick-meta":"","header-main-stick-meta":"","header-below-stick-meta":"","astra-migrate-meta-layouts":"default","ast-page-background-enabled":"default","ast-page-background-meta":{"desktop":{"background-color":"var(--ast-global-color-4)","background-image":"","background-repeat":"repeat","background-position":"center center","background-size":"auto","background-attachment":"scroll","background-type":"","background-media":"","overlay-type":"","overlay-color":"","overlay-opacity":"","overlay-gradient":""},"tablet":{"background-color":"","background-image":"","background-repeat":"repeat","background-position":"center center","background-size":"auto","background-attachment":"scroll","background-type":"","background-media":"","overlay-type":"","overlay-color":"","overlay-opacity":"","overlay-gradient":""},"mobile":{"background-color":"","background-image":"","background-repeat":"repeat","background-position":"center center","background-size":"auto","background-attachment":"scroll","background-type":"","background-media":"","overlay-type":"","overlay-color":"","overlay-opacity":"","overlay-gradient":""}},"ast-content-background-meta":{"desktop":{"background-color":"var(--ast-global-color-5)","background-image":"","background-repeat":"repeat","background-position":"center center","background-size":"auto","background-attachment":"scroll","background-type":"","background-media":"","overlay-type":"","overlay-color":"","overlay-opacity":"","overlay-gradient":""},"tablet":{"background-color":"var(--ast-global-color-5)","background-image":"","background-repeat":"repeat","background-position":"center center","background-size":"auto","background-attachment":"scroll","background-type":"","background-media":"","overlay-type":"","overlay-color":"","overlay-opacity":"","overlay-gradient":""},"mobile":{"background-color":"var(--ast-global-color-5)","background-image":"","background-repeat":"repeat","background-position":"center center","background-size":"auto","background-attachment":"scroll","background-type":"","background-media":"","overlay-type":"","overlay-color":"","overlay-opacity":"","overlay-gradient":""}},"footnotes":""},"class_list":["post-104","page","type-page","status-publish","hentry"],"yoast_head":"<!-- This site is optimized with the Yoast SEO plugin v27.4 - https:\/\/yoast.com\/product\/yoast-seo-wordpress\/ -->\n<title>Tietoa koirien hoidosta - KennelGoldie<\/title>\n<meta name=\"robots\" content=\"index, follow, max-snippet:-1, max-image-preview:large, max-video-preview:-1\" \/>\n<link rel=\"canonical\" href=\"https:\/\/blogit.gradia.fi\/mkpt2303-valkonen\/blogi\/\" \/>\n<meta property=\"og:locale\" content=\"fi_FI\" \/>\n<meta property=\"og:type\" content=\"article\" \/>\n<meta property=\"og:title\" content=\"Tietoa koirien hoidosta - KennelGoldie\" \/>\n<meta property=\"og:url\" content=\"https:\/\/blogit.gradia.fi\/mkpt2303-valkonen\/blogi\/\" \/>\n<meta property=\"og:site_name\" content=\"KennelGoldie\" \/>\n<meta property=\"article:modified_time\" content=\"2024-01-15T12:08:43+00:00\" \/>\n<meta name=\"twitter:card\" content=\"summary_large_image\" \/>\n<script type=\"application\/ld+json\" class=\"yoast-schema-graph\">{\"@context\":\"https:\\\/\\\/schema.org\",\"@graph\":[{\"@type\":\"WebPage\",\"@id\":\"https:\\\/\\\/blogit.gradia.fi\\\/mkpt2303-valkonen\\\/blogi\\\/\",\"url\":\"https:\\\/\\\/blogit.gradia.fi\\\/mkpt2303-valkonen\\\/blogi\\\/\",\"name\":\"Tietoa koirien hoidosta - KennelGoldie\",\"isPartOf\":{\"@id\":\"https:\\\/\\\/blogit.gradia.fi\\\/mkpt2303-valkonen\\\/#website\"},\"datePublished\":\"2024-01-09T10:16:32+00:00\",\"dateModified\":\"2024-01-15T12:08:43+00:00\",\"breadcrumb\":{\"@id\":\"https:\\\/\\\/blogit.gradia.fi\\\/mkpt2303-valkonen\\\/blogi\\\/#breadcrumb\"},\"inLanguage\":\"fi\",\"potentialAction\":[{\"@type\":\"ReadAction\",\"target\":[\"https:\\\/\\\/blogit.gradia.fi\\\/mkpt2303-valkonen\\\/blogi\\\/\"]}]},{\"@type\":\"BreadcrumbList\",\"@id\":\"https:\\\/\\\/blogit.gradia.fi\\\/mkpt2303-valkonen\\\/blogi\\\/#breadcrumb\",\"itemListElement\":[{\"@type\":\"ListItem\",\"position\":1,\"name\":\"Etusivu\",\"item\":\"https:\\\/\\\/blogit.gradia.fi\\\/mkpt2303-valkonen\\\/\"},{\"@type\":\"ListItem\",\"position\":2,\"name\":\"Tietoa koirien hoidosta\"}]},{\"@type\":\"WebSite\",\"@id\":\"https:\\\/\\\/blogit.gradia.fi\\\/mkpt2303-valkonen\\\/#website\",\"url\":\"https:\\\/\\\/blogit.gradia.fi\\\/mkpt2303-valkonen\\\/\",\"name\":\"KennelGoldie\",\"description\":\"Digimarkkinointia keskisuopmessa\",\"publisher\":{\"@id\":\"https:\\\/\\\/blogit.gradia.fi\\\/mkpt2303-valkonen\\\/#organization\"},\"potentialAction\":[{\"@type\":\"SearchAction\",\"target\":{\"@type\":\"EntryPoint\",\"urlTemplate\":\"https:\\\/\\\/blogit.gradia.fi\\\/mkpt2303-valkonen\\\/?s={search_term_string}\"},\"query-input\":{\"@type\":\"PropertyValueSpecification\",\"valueRequired\":true,\"valueName\":\"search_term_string\"}}],\"inLanguage\":\"fi\"},{\"@type\":\"Organization\",\"@id\":\"https:\\\/\\\/blogit.gradia.fi\\\/mkpt2303-valkonen\\\/#organization\",\"name\":\"KennelGoldie\",\"url\":\"https:\\\/\\\/blogit.gradia.fi\\\/mkpt2303-valkonen\\\/\",\"logo\":{\"@type\":\"ImageObject\",\"inLanguage\":\"fi\",\"@id\":\"https:\\\/\\\/blogit.gradia.fi\\\/mkpt2303-valkonen\\\/#\\\/schema\\\/logo\\\/image\\\/\",\"url\":\"https:\\\/\\\/blogit.gradia.fi\\\/mkpt2303-valkonen\\\/wp-content\\\/uploads\\\/sites\\\/523\\\/2024\\\/01\\\/Untitled-2.gif\",\"contentUrl\":\"https:\\\/\\\/blogit.gradia.fi\\\/mkpt2303-valkonen\\\/wp-content\\\/uploads\\\/sites\\\/523\\\/2024\\\/01\\\/Untitled-2.gif\",\"width\":236,\"height\":173,\"caption\":\"KennelGoldie\"},\"image\":{\"@id\":\"https:\\\/\\\/blogit.gradia.fi\\\/mkpt2303-valkonen\\\/#\\\/schema\\\/logo\\\/image\\\/\"}}]}<\/script>\n<!-- \/ Yoast SEO plugin. -->","yoast_head_json":{"title":"Tietoa koirien hoidosta - KennelGoldie","robots":{"index":"index","follow":"follow","max-snippet":"max-snippet:-1","max-image-preview":"max-image-preview:large","max-video-preview":"max-video-preview:-1"},"canonical":"https:\/\/blogit.gradia.fi\/mkpt2303-valkonen\/blogi\/","og_locale":"fi_FI","og_type":"article","og_title":"Tietoa koirien hoidosta - KennelGoldie","og_url":"https:\/\/blogit.gradia.fi\/mkpt2303-valkonen\/blogi\/","og_site_name":"KennelGoldie","article_modified_time":"2024-01-15T12:08:43+00:00","twitter_card":"summary_large_image","schema":{"@context":"https:\/\/schema.org","@graph":[{"@type":"WebPage","@id":"https:\/\/blogit.gradia.fi\/mkpt2303-valkonen\/blogi\/","url":"https:\/\/blogit.gradia.fi\/mkpt2303-valkonen\/blogi\/","name":"Tietoa koirien hoidosta - KennelGoldie","isPartOf":{"@id":"https:\/\/blogit.gradia.fi\/mkpt2303-valkonen\/#website"},"datePublished":"2024-01-09T10:16:32+00:00","dateModified":"2024-01-15T12:08:43+00:00","breadcrumb":{"@id":"https:\/\/blogit.gradia.fi\/mkpt2303-valkonen\/blogi\/#breadcrumb"},"inLanguage":"fi","potentialAction":[{"@type":"ReadAction","target":["https:\/\/blogit.gradia.fi\/mkpt2303-valkonen\/blogi\/"]}]},{"@type":"BreadcrumbList","@id":"https:\/\/blogit.gradia.fi\/mkpt2303-valkonen\/blogi\/#breadcrumb","itemListElement":[{"@type":"ListItem","position":1,"name":"Etusivu","item":"https:\/\/blogit.gradia.fi\/mkpt2303-valkonen\/"},{"@type":"ListItem","position":2,"name":"Tietoa koirien hoidosta"}]},{"@type":"WebSite","@id":"https:\/\/blogit.gradia.fi\/mkpt2303-valkonen\/#website","url":"https:\/\/blogit.gradia.fi\/mkpt2303-valkonen\/","name":"KennelGoldie","description":"Digimarkkinointia keskisuopmessa","publisher":{"@id":"https:\/\/blogit.gradia.fi\/mkpt2303-valkonen\/#organization"},"potentialAction":[{"@type":"SearchAction","target":{"@type":"EntryPoint","urlTemplate":"https:\/\/blogit.gradia.fi\/mkpt2303-valkonen\/?s={search_term_string}"},"query-input":{"@type":"PropertyValueSpecification","valueRequired":true,"valueName":"search_term_string"}}],"inLanguage":"fi"},{"@type":"Organization","@id":"https:\/\/blogit.gradia.fi\/mkpt2303-valkonen\/#organization","name":"KennelGoldie","url":"https:\/\/blogit.gradia.fi\/mkpt2303-valkonen\/","logo":{"@type":"ImageObject","inLanguage":"fi","@id":"https:\/\/blogit.gradia.fi\/mkpt2303-valkonen\/#\/schema\/logo\/image\/","url":"https:\/\/blogit.gradia.fi\/mkpt2303-valkonen\/wp-content\/uploads\/sites\/523\/2024\/01\/Untitled-2.gif","contentUrl":"https:\/\/blogit.gradia.fi\/mkpt2303-valkonen\/wp-content\/uploads\/sites\/523\/2024\/01\/Untitled-2.gif","width":236,"height":173,"caption":"KennelGoldie"},"image":{"@id":"https:\/\/blogit.gradia.fi\/mkpt2303-valkonen\/#\/schema\/logo\/image\/"}}]}},"uagb_featured_image_src":{"full":false,"thumbnail":false,"medium":false,"medium_large":false,"large":false,"1536x1536":false,"2048x2048":false},"uagb_author_info":{"display_name":"Annukka Valkonen","author_link":"https:\/\/blogit.gradia.fi\/mkpt2303-valkonen\/author\/gr289318\/"},"uagb_comment_info":0,"uagb_excerpt":null,"_links":{"self":[{"href":"https:\/\/blogit.gradia.fi\/mkpt2303-valkonen\/wp-json\/wp\/v2\/pages\/104","targetHints":{"allow":["GET"]}}],"collection":[{"href":"https:\/\/blogit.gradia.fi\/mkpt2303-valkonen\/wp-json\/wp\/v2\/pages"}],"about":[{"href":"https:\/\/blogit.gradia.fi\/mkpt2303-valkonen\/wp-json\/wp\/v2\/types\/page"}],"author":[{"embeddable":true,"href":"https:\/\/blogit.gradia.fi\/mkpt2303-valkonen\/wp-json\/wp\/v2\/users\/1060"}],"replies":[{"embeddable":true,"href":"https:\/\/blogit.gradia.fi\/mkpt2303-valkonen\/wp-json\/wp\/v2\/comments?post=104"}],"version-history":[{"count":2,"href":"https:\/\/blogit.gradia.fi\/mkpt2303-valkonen\/wp-json\/wp\/v2\/pages\/104\/revisions"}],"predecessor-version":[{"id":190,"href":"https:\/\/blogit.gradia.fi\/mkpt2303-valkonen\/wp-json\/wp\/v2\/pages\/104\/revisions\/190"}],"wp:attachment":[{"href":"https:\/\/blogit.gradia.fi\/mkpt2303-valkonen\/wp-json\/wp\/v2\/media?parent=104"}],"curies":[{"name":"wp","href":"https:\/\/api.w.org\/{rel}","templated":true}]}}