{"id":22,"date":"2023-11-24T08:53:18","date_gmt":"2023-11-24T06:53:18","guid":{"rendered":"https:\/\/blogit.gradia.fi\/mkpt2303-pasanen\/?page_id=22"},"modified":"2024-01-26T10:17:17","modified_gmt":"2024-01-26T08:17:17","slug":"meista","status":"publish","type":"page","link":"https:\/\/blogit.gradia.fi\/mkpt2303-pasanen\/meista\/","title":{"rendered":"Meist\u00e4"},"content":{"rendered":"\n<div class=\"wp-block-uagb-container uagb-block-1a17263a alignwide uagb-is-root-container\">\n<div class=\"wp-block-uagb-container uagb-block-ad9d5ed8\">\n<p class=\"has-medium-font-size\">Kennel perustettiin vuonna 2003 ja on kasvanut nopeasti kolmen koiran kenneliksi. Kennelin v\u00e4keen kuuluu 2 innokasta kasvattajaa ja kolme kaunista narttua.<\/p>\n\n\n\n<div class=\"wp-block-uagb-separator uagb-block-7112fe8f\"><div class=\"wp-block-uagb-separator__inner\" style=\"--my-background-image:\"><\/div><\/div>\n\n\n\n<p class=\"has-medium-font-size\">Kenneliss\u00e4mme on t\u00e4ll\u00e4 kasvanut t\u00e4h\u00e4n menness\u00e4 kolme kaunista pentuetta. Pentujamme kuvaillaan reippaiksi, hyv\u00e4 luonteisiksi ja iloisiksi. Meid\u00e4n teht\u00e4v\u00e4n\u00e4mme ei ole ainoastaan tuottaa pentuja, vaan parantaa (valloittaa) maailmaa lis\u00e4\u00e4m\u00e4ll\u00e4 tietoutta ihanasta rodusta ja koiran kasvatuksesta.&nbsp;<\/p>\n<\/div>\n\n\n\n<div class=\"wp-block-uagb-container uagb-block-cae8b28f\">\n<div class=\"wp-block-uagb-image uagb-block-ea502e8a wp-block-uagb-image--layout-default wp-block-uagb-image--effect-zoomin wp-block-uagb-image--align-none\"><figure class=\"wp-block-uagb-image__figure\"><img decoding=\"async\" src=\"https:\/\/blogit.gradia.fi\/mkpt2303-pasanen\/wp-content\/uploads\/sites\/518\/2024\/01\/puppies-2243686_640.jpg\" alt=\"\" class=\"uag-image-56\" width=\"580\" height=\"416\" title=\"\" loading=\"lazy\" \/><\/figure><\/div>\n<\/div>\n<\/div>\n\n\n\n<p class=\"has-text-align-center has-medium-font-size\">                                                                                      <\/p>\n\n\n\n<div class=\"wp-block-uagb-container uagb-block-fe7932da alignwide uagb-is-root-container\">\n<div class=\"wp-block-uagb-container uagb-block-83bbf1ce\">\n<div class=\"wp-block-uagb-advanced-heading uagb-block-6e71d5e1\"><h4 class=\"uagb-heading-text\">Pienimuoitoisesti kotioloissa<\/h4><\/div>\n\n\n\n<p style=\"font-size:17px\">Tavoitteenamme on kasvattaa terveit\u00e4 ja tasapainoisia noutajia perheenj\u00e4seniksi sek\u00e4 monipuolisiksi harrastuskavereiksi. Kasvatusty\u00f6 on alkumetreill\u00e4 ja harkitsen tarkkaan jokaisen astutetun yhdistelm\u00e4n. Tavoitteena on kasvattaa terveit\u00e4 ja rotum\u00e4\u00e4ritelm\u00e4n mukaisia kultaisianoutajia, joiden kanssa voi harrastaa monipuolisesti. Meill\u00e4 pennut kasvavat kotona muiden koirien ja perheemme keskell\u00e4.&nbsp;&nbsp;<\/p>\n<\/div>\n<\/div>\n\n\n\n<div class=\"wp-block-uagb-separator uagb-block-0851e791\"><div class=\"wp-block-uagb-separator__inner\" style=\"--my-background-image:\"><\/div><\/div>\n\n\n\n<div class=\"wp-block-uagb-advanced-heading uagb-block-e51b3099\"><h2 class=\"uagb-heading-text\">Omat koirat<\/h2><\/div>\n\n\n\n<div class=\"wp-block-uagb-container uagb-block-6f0c37df alignfull uagb-is-root-container\"><div class=\"uagb-container-inner-blocks-wrap\">\n<figure class=\"wp-block-table\"><table><tbody><tr><td><strong>Nimi:<\/strong> Stella&nbsp;<br><strong>Virallinen nimi:<\/strong> Stella Palefur&nbsp;<br><strong>Sukupuoli:<\/strong> Naaras&nbsp;<br><strong>Syntym\u00e4p\u00e4iv\u00e4<\/strong>: 24.8.2018&nbsp;<br><strong>Terveys:<\/strong>&nbsp;<br>Lonkat: A\/A\u202f&nbsp;<br>Kyyn\u00e4rp\u00e4\u00e4t:\u202f0\/0&nbsp;<br>Silm\u00e4t:\u202fclear, PRA-1 clear&nbsp;<br><strong>Meriitit:<\/strong>&nbsp;<br>Puppy class 2nd with HP&nbsp;<br>Open class 1st\/EXC, CQ -&gt; 2nd BEST BITCH -&gt; CAC&nbsp;<\/td><td><strong>Nimi:<\/strong> Tille&nbsp;<br><strong>Virallinen nimi:<\/strong> Tiara Spiritrunner&nbsp;<br><strong>Sukupuoli:<\/strong> Naaras&nbsp;<br><strong>Syntym\u00e4p\u00e4iv\u00e4<\/strong>: 11.3.2019&nbsp;<br><strong>Terveys:<\/strong>&nbsp;<br>Lonkat: A\/A\u202f&nbsp;<br>Kyyn\u00e4rp\u00e4\u00e4t:\u202f0\/0&nbsp;<br>Silm\u00e4t:\u202fclear&nbsp;<br><strong>Meriitit:<\/strong>&nbsp;<br>Junior class 2nd with EXC&nbsp;<br>&nbsp;<\/td><td><strong>Nimi:<\/strong> Minni&nbsp;<br><strong>Virallinen nimi:<\/strong> Lady Minnie Cupcake&nbsp;&nbsp;<br><strong>Sukupuoli:<\/strong> Naaras&nbsp;<br><strong>Oma koira<\/strong>: X&nbsp;<br><strong>Kasvattaja<\/strong>:&nbsp;&nbsp;<br><strong>Syntym\u00e4p\u00e4iv\u00e4<\/strong>: 7.9.2014&nbsp;<br><strong>Terveys:<\/strong>&nbsp;<br>Lonkat: A\/A\u202f&nbsp;<br>Kyyn\u00e4rp\u00e4\u00e4t:\u202f0\/0&nbsp;<br>Silm\u00e4t:\u202fok&nbsp;<br><strong>Meriitit:<\/strong>&nbsp;<br>Puppy class 5-7 months 3rd with HP&nbsp;<br>Puppy class 7-9 months 1st with HP -&gt;BOB PUPPY&nbsp;<br>Junior class 1st EXC, CQ, 3rd BEST BITCH, rec CC&nbsp;<br>&nbsp;<\/td><\/tr><\/tbody><\/table><\/figure>\n<\/div><\/div>\n\n\n\n<div class=\"wp-block-uagb-separator uagb-block-1236f80d\"><div class=\"wp-block-uagb-separator__inner\" style=\"--my-background-image:\"><\/div><\/div>\n\n\n\n<div class=\"wp-block-uagb-advanced-heading uagb-block-be4b835d\"><h2 class=\"uagb-heading-text\">Pentueet<\/h2><\/div>\n\n\n\n<div class=\"wp-block-uagb-container uagb-block-8ec5153a alignfull uagb-is-root-container\"><div class=\"uagb-container-inner-blocks-wrap\">\n<figure class=\"wp-block-table\"><table><tbody><tr><td><strong>A-pentue<\/strong>&nbsp;<br>Syntyneet: 23.5.2022&nbsp;<br>Is\u00e4: Murphy Von Reynard&nbsp;<br>Emo: Lady Minnie Cupcake&nbsp;<br>Pentuja: Uroksia: 3, Narttuja: 1&nbsp;<\/td><td><strong>B-pentue<\/strong>&nbsp;<br>Syntyneet: 4.7.2023&nbsp;<br>Is\u00e4: Tophias Darktooth&nbsp;<br>Emo: Stella Palefur&nbsp;&nbsp;<br>Pentuja: Uroksia: 1, Narttuja: 2&nbsp;<\/td><td><strong>C-pentue<\/strong>&nbsp;<br>Suunnitteilla: Kev\u00e4t\/kes\u00e4 2024&nbsp;<br>Is\u00e4: Murphy Von Reynard&nbsp;<br>Emo: Tiara Spiritrunner&nbsp;<\/td><\/tr><\/tbody><\/table><\/figure>\n<\/div><\/div>\n\n\n\n<div class=\"wp-block-uagb-container uagb-block-7a3c7adc alignfull uagb-is-root-container\"><div class=\"uagb-container-inner-blocks-wrap\">\n<div class=\"wp-block-uagb-container uagb-block-a62ca6c8\">\n<div class=\"wp-block-uagb-image uagb-block-b0a27baf wp-block-uagb-image--layout-default wp-block-uagb-image--effect-zoomin wp-block-uagb-image--align-none\"><figure class=\"wp-block-uagb-image__figure\"><img decoding=\"async\" src=\"https:\/\/blogit.gradia.fi\/mkpt2303-pasanen\/wp-content\/uploads\/sites\/518\/2024\/01\/puppies-2658725_1920-1024x514.jpg\" alt=\"\" class=\"uag-image-259\" width=\"381\" height=\"191\" title=\"\" loading=\"lazy\" \/><\/figure><\/div>\n<\/div>\n\n\n\n<div class=\"wp-block-uagb-container uagb-block-b413c9ee\">\n<div class=\"wp-block-uagb-image aligncenter uagb-block-1ddfa71f wp-block-uagb-image--layout-default wp-block-uagb-image--effect-zoomin wp-block-uagb-image--align-center\"><figure class=\"wp-block-uagb-image__figure\"><img decoding=\"async\" src=\"https:\/\/blogit.gradia.fi\/mkpt2303-pasanen\/wp-content\/uploads\/sites\/518\/2024\/01\/dog-2550643_1920-1024x576.jpg\" alt=\"\" class=\"uag-image-261\" width=\"377\" height=\"211\" title=\"\" loading=\"lazy\" \/><\/figure><\/div>\n<\/div>\n\n\n\n<div class=\"wp-block-uagb-container uagb-block-307df1e4\">\n<div class=\"wp-block-uagb-image uagb-block-95c65f95 wp-block-uagb-image--layout-default wp-block-uagb-image--effect-zoomin wp-block-uagb-image--align-none\"><figure class=\"wp-block-uagb-image__figure\"><img decoding=\"async\" src=\"https:\/\/blogit.gradia.fi\/mkpt2303-pasanen\/wp-content\/uploads\/sites\/518\/2024\/01\/puppy-1207816_1920-300x217.jpg\" alt=\"\" class=\"uag-image-258\" width=\"300\" height=\"217\" title=\"\" loading=\"lazy\" \/><\/figure><\/div>\n<\/div>\n<\/div><\/div>\n","protected":false},"excerpt":{"rendered":"<p>Kennel perustettiin vuonna 2003 ja on kasvanut nopeasti kolmen koiran kenneliksi. Kennelin v\u00e4keen kuuluu 2 innokasta kasvattajaa ja kolme kaunista narttua. Kenneliss\u00e4mme on t\u00e4ll\u00e4 kasvanut t\u00e4h\u00e4n menness\u00e4 kolme kaunista pentuetta. Pentujamme kuvaillaan reippaiksi, hyv\u00e4 luonteisiksi ja iloisiksi. Meid\u00e4n teht\u00e4v\u00e4n\u00e4mme ei ole ainoastaan tuottaa pentuja, vaan parantaa (valloittaa) maailmaa lis\u00e4\u00e4m\u00e4ll\u00e4 tietoutta ihanasta rodusta ja koiran kasvatuksesta.&nbsp; [&hellip;]<\/p>\n","protected":false},"author":1055,"featured_media":0,"parent":0,"menu_order":0,"comment_status":"closed","ping_status":"closed","template":"","meta":{"_uag_custom_page_level_css":"","site-sidebar-layout":"default","site-content-layout":"","ast-site-content-layout":"default","site-content-style":"default","site-sidebar-style":"default","ast-global-header-display":"","ast-banner-title-visibility":"","ast-main-header-display":"","ast-hfb-above-header-display":"","ast-hfb-below-header-display":"","ast-hfb-mobile-header-display":"","site-post-title":"disabled","ast-breadcrumbs-content":"","ast-featured-img":"","footer-sml-layout":"","ast-disable-related-posts":"","theme-transparent-header-meta":"","adv-header-id-meta":"","stick-header-meta":"","header-above-stick-meta":"","header-main-stick-meta":"","header-below-stick-meta":"","astra-migrate-meta-layouts":"default","ast-page-background-enabled":"default","ast-page-background-meta":{"desktop":{"background-color":"var(--ast-global-color-4)","background-image":"","background-repeat":"repeat","background-position":"center center","background-size":"auto","background-attachment":"scroll","background-type":"","background-media":"","overlay-type":"","overlay-color":"","overlay-opacity":"","overlay-gradient":""},"tablet":{"background-color":"","background-image":"","background-repeat":"repeat","background-position":"center center","background-size":"auto","background-attachment":"scroll","background-type":"","background-media":"","overlay-type":"","overlay-color":"","overlay-opacity":"","overlay-gradient":""},"mobile":{"background-color":"","background-image":"","background-repeat":"repeat","background-position":"center center","background-size":"auto","background-attachment":"scroll","background-type":"","background-media":"","overlay-type":"","overlay-color":"","overlay-opacity":"","overlay-gradient":""}},"ast-content-background-meta":{"desktop":{"background-color":"var(--ast-global-color-5)","background-image":"","background-repeat":"repeat","background-position":"center center","background-size":"auto","background-attachment":"scroll","background-type":"","background-media":"","overlay-type":"","overlay-color":"","overlay-opacity":"","overlay-gradient":""},"tablet":{"background-color":"var(--ast-global-color-5)","background-image":"","background-repeat":"repeat","background-position":"center center","background-size":"auto","background-attachment":"scroll","background-type":"","background-media":"","overlay-type":"","overlay-color":"","overlay-opacity":"","overlay-gradient":""},"mobile":{"background-color":"var(--ast-global-color-5)","background-image":"","background-repeat":"repeat","background-position":"center center","background-size":"auto","background-attachment":"scroll","background-type":"","background-media":"","overlay-type":"","overlay-color":"","overlay-opacity":"","overlay-gradient":""}},"footnotes":""},"class_list":["post-22","page","type-page","status-publish","hentry"],"yoast_head":"<!-- This site is optimized with the Yoast SEO plugin v27.2 - https:\/\/yoast.com\/product\/yoast-seo-wordpress\/ -->\n<title>Meist\u00e4 - KennelGoldie<\/title>\n<meta name=\"robots\" content=\"index, follow, max-snippet:-1, max-image-preview:large, max-video-preview:-1\" \/>\n<link rel=\"canonical\" href=\"https:\/\/blogit.gradia.fi\/mkpt2303-pasanen\/meista\/\" \/>\n<meta property=\"og:locale\" content=\"fi_FI\" \/>\n<meta property=\"og:type\" content=\"article\" \/>\n<meta property=\"og:title\" content=\"Meist\u00e4 - KennelGoldie\" \/>\n<meta property=\"og:description\" content=\"Kennel perustettiin vuonna 2003 ja on kasvanut nopeasti kolmen koiran kenneliksi. Kennelin v\u00e4keen kuuluu 2 innokasta kasvattajaa ja kolme kaunista narttua. Kenneliss\u00e4mme on t\u00e4ll\u00e4 kasvanut t\u00e4h\u00e4n menness\u00e4 kolme kaunista pentuetta. Pentujamme kuvaillaan reippaiksi, hyv\u00e4 luonteisiksi ja iloisiksi. Meid\u00e4n teht\u00e4v\u00e4n\u00e4mme ei ole ainoastaan tuottaa pentuja, vaan parantaa (valloittaa) maailmaa lis\u00e4\u00e4m\u00e4ll\u00e4 tietoutta ihanasta rodusta ja koiran kasvatuksesta.&nbsp; [&hellip;]\" \/>\n<meta property=\"og:url\" content=\"https:\/\/blogit.gradia.fi\/mkpt2303-pasanen\/meista\/\" \/>\n<meta property=\"og:site_name\" content=\"KennelGoldie\" \/>\n<meta property=\"article:modified_time\" content=\"2024-01-26T08:17:17+00:00\" \/>\n<meta property=\"og:image\" content=\"https:\/\/blogit.gradia.fi\/mkpt2303-pasanen\/wp-content\/uploads\/sites\/518\/2024\/01\/puppies-2243686_640.jpg\" \/>\n<meta name=\"twitter:card\" content=\"summary_large_image\" \/>\n<meta name=\"twitter:label1\" content=\"Arvioitu lukuaika\" \/>\n\t<meta name=\"twitter:data1\" content=\"3 minuuttia\" \/>\n<script type=\"application\/ld+json\" class=\"yoast-schema-graph\">{\"@context\":\"https:\/\/schema.org\",\"@graph\":[{\"@type\":\"WebPage\",\"@id\":\"https:\/\/blogit.gradia.fi\/mkpt2303-pasanen\/meista\/\",\"url\":\"https:\/\/blogit.gradia.fi\/mkpt2303-pasanen\/meista\/\",\"name\":\"Meist\u00e4 - KennelGoldie\",\"isPartOf\":{\"@id\":\"https:\/\/blogit.gradia.fi\/mkpt2303-pasanen\/#website\"},\"primaryImageOfPage\":{\"@id\":\"https:\/\/blogit.gradia.fi\/mkpt2303-pasanen\/meista\/#primaryimage\"},\"image\":{\"@id\":\"https:\/\/blogit.gradia.fi\/mkpt2303-pasanen\/meista\/#primaryimage\"},\"thumbnailUrl\":\"https:\/\/blogit.gradia.fi\/mkpt2303-pasanen\/wp-content\/uploads\/sites\/518\/2024\/01\/puppies-2243686_640.jpg\",\"datePublished\":\"2023-11-24T06:53:18+00:00\",\"dateModified\":\"2024-01-26T08:17:17+00:00\",\"breadcrumb\":{\"@id\":\"https:\/\/blogit.gradia.fi\/mkpt2303-pasanen\/meista\/#breadcrumb\"},\"inLanguage\":\"fi\",\"potentialAction\":[{\"@type\":\"ReadAction\",\"target\":[\"https:\/\/blogit.gradia.fi\/mkpt2303-pasanen\/meista\/\"]}]},{\"@type\":\"ImageObject\",\"inLanguage\":\"fi\",\"@id\":\"https:\/\/blogit.gradia.fi\/mkpt2303-pasanen\/meista\/#primaryimage\",\"url\":\"https:\/\/blogit.gradia.fi\/mkpt2303-pasanen\/wp-content\/uploads\/sites\/518\/2024\/01\/puppies-2243686_640.jpg\",\"contentUrl\":\"https:\/\/blogit.gradia.fi\/mkpt2303-pasanen\/wp-content\/uploads\/sites\/518\/2024\/01\/puppies-2243686_640.jpg\",\"width\":640,\"height\":460},{\"@type\":\"BreadcrumbList\",\"@id\":\"https:\/\/blogit.gradia.fi\/mkpt2303-pasanen\/meista\/#breadcrumb\",\"itemListElement\":[{\"@type\":\"ListItem\",\"position\":1,\"name\":\"Etusivu\",\"item\":\"https:\/\/blogit.gradia.fi\/mkpt2303-pasanen\/\"},{\"@type\":\"ListItem\",\"position\":2,\"name\":\"Meist\u00e4\"}]},{\"@type\":\"WebSite\",\"@id\":\"https:\/\/blogit.gradia.fi\/mkpt2303-pasanen\/#website\",\"url\":\"https:\/\/blogit.gradia.fi\/mkpt2303-pasanen\/\",\"name\":\"KennelGoldie\",\"description\":\"Kenneli\",\"publisher\":{\"@id\":\"https:\/\/blogit.gradia.fi\/mkpt2303-pasanen\/#organization\"},\"potentialAction\":[{\"@type\":\"SearchAction\",\"target\":{\"@type\":\"EntryPoint\",\"urlTemplate\":\"https:\/\/blogit.gradia.fi\/mkpt2303-pasanen\/?s={search_term_string}\"},\"query-input\":{\"@type\":\"PropertyValueSpecification\",\"valueRequired\":true,\"valueName\":\"search_term_string\"}}],\"inLanguage\":\"fi\"},{\"@type\":\"Organization\",\"@id\":\"https:\/\/blogit.gradia.fi\/mkpt2303-pasanen\/#organization\",\"name\":\"KennelGoldie\",\"url\":\"https:\/\/blogit.gradia.fi\/mkpt2303-pasanen\/\",\"logo\":{\"@type\":\"ImageObject\",\"inLanguage\":\"fi\",\"@id\":\"https:\/\/blogit.gradia.fi\/mkpt2303-pasanen\/#\/schema\/logo\/image\/\",\"url\":\"https:\/\/blogit.gradia.fi\/mkpt2303-pasanen\/wp-content\/uploads\/sites\/518\/2024\/01\/cropped-logo.png\",\"contentUrl\":\"https:\/\/blogit.gradia.fi\/mkpt2303-pasanen\/wp-content\/uploads\/sites\/518\/2024\/01\/cropped-logo.png\",\"width\":1208,\"height\":1218,\"caption\":\"KennelGoldie\"},\"image\":{\"@id\":\"https:\/\/blogit.gradia.fi\/mkpt2303-pasanen\/#\/schema\/logo\/image\/\"}}]}<\/script>\n<!-- \/ Yoast SEO plugin. -->","yoast_head_json":{"title":"Meist\u00e4 - KennelGoldie","robots":{"index":"index","follow":"follow","max-snippet":"max-snippet:-1","max-image-preview":"max-image-preview:large","max-video-preview":"max-video-preview:-1"},"canonical":"https:\/\/blogit.gradia.fi\/mkpt2303-pasanen\/meista\/","og_locale":"fi_FI","og_type":"article","og_title":"Meist\u00e4 - KennelGoldie","og_description":"Kennel perustettiin vuonna 2003 ja on kasvanut nopeasti kolmen koiran kenneliksi. Kennelin v\u00e4keen kuuluu 2 innokasta kasvattajaa ja kolme kaunista narttua. Kenneliss\u00e4mme on t\u00e4ll\u00e4 kasvanut t\u00e4h\u00e4n menness\u00e4 kolme kaunista pentuetta. Pentujamme kuvaillaan reippaiksi, hyv\u00e4 luonteisiksi ja iloisiksi. Meid\u00e4n teht\u00e4v\u00e4n\u00e4mme ei ole ainoastaan tuottaa pentuja, vaan parantaa (valloittaa) maailmaa lis\u00e4\u00e4m\u00e4ll\u00e4 tietoutta ihanasta rodusta ja koiran kasvatuksesta.&nbsp; [&hellip;]","og_url":"https:\/\/blogit.gradia.fi\/mkpt2303-pasanen\/meista\/","og_site_name":"KennelGoldie","article_modified_time":"2024-01-26T08:17:17+00:00","og_image":[{"url":"https:\/\/blogit.gradia.fi\/mkpt2303-pasanen\/wp-content\/uploads\/sites\/518\/2024\/01\/puppies-2243686_640.jpg","type":"","width":"","height":""}],"twitter_card":"summary_large_image","twitter_misc":{"Arvioitu lukuaika":"3 minuuttia"},"schema":{"@context":"https:\/\/schema.org","@graph":[{"@type":"WebPage","@id":"https:\/\/blogit.gradia.fi\/mkpt2303-pasanen\/meista\/","url":"https:\/\/blogit.gradia.fi\/mkpt2303-pasanen\/meista\/","name":"Meist\u00e4 - KennelGoldie","isPartOf":{"@id":"https:\/\/blogit.gradia.fi\/mkpt2303-pasanen\/#website"},"primaryImageOfPage":{"@id":"https:\/\/blogit.gradia.fi\/mkpt2303-pasanen\/meista\/#primaryimage"},"image":{"@id":"https:\/\/blogit.gradia.fi\/mkpt2303-pasanen\/meista\/#primaryimage"},"thumbnailUrl":"https:\/\/blogit.gradia.fi\/mkpt2303-pasanen\/wp-content\/uploads\/sites\/518\/2024\/01\/puppies-2243686_640.jpg","datePublished":"2023-11-24T06:53:18+00:00","dateModified":"2024-01-26T08:17:17+00:00","breadcrumb":{"@id":"https:\/\/blogit.gradia.fi\/mkpt2303-pasanen\/meista\/#breadcrumb"},"inLanguage":"fi","potentialAction":[{"@type":"ReadAction","target":["https:\/\/blogit.gradia.fi\/mkpt2303-pasanen\/meista\/"]}]},{"@type":"ImageObject","inLanguage":"fi","@id":"https:\/\/blogit.gradia.fi\/mkpt2303-pasanen\/meista\/#primaryimage","url":"https:\/\/blogit.gradia.fi\/mkpt2303-pasanen\/wp-content\/uploads\/sites\/518\/2024\/01\/puppies-2243686_640.jpg","contentUrl":"https:\/\/blogit.gradia.fi\/mkpt2303-pasanen\/wp-content\/uploads\/sites\/518\/2024\/01\/puppies-2243686_640.jpg","width":640,"height":460},{"@type":"BreadcrumbList","@id":"https:\/\/blogit.gradia.fi\/mkpt2303-pasanen\/meista\/#breadcrumb","itemListElement":[{"@type":"ListItem","position":1,"name":"Etusivu","item":"https:\/\/blogit.gradia.fi\/mkpt2303-pasanen\/"},{"@type":"ListItem","position":2,"name":"Meist\u00e4"}]},{"@type":"WebSite","@id":"https:\/\/blogit.gradia.fi\/mkpt2303-pasanen\/#website","url":"https:\/\/blogit.gradia.fi\/mkpt2303-pasanen\/","name":"KennelGoldie","description":"Kenneli","publisher":{"@id":"https:\/\/blogit.gradia.fi\/mkpt2303-pasanen\/#organization"},"potentialAction":[{"@type":"SearchAction","target":{"@type":"EntryPoint","urlTemplate":"https:\/\/blogit.gradia.fi\/mkpt2303-pasanen\/?s={search_term_string}"},"query-input":{"@type":"PropertyValueSpecification","valueRequired":true,"valueName":"search_term_string"}}],"inLanguage":"fi"},{"@type":"Organization","@id":"https:\/\/blogit.gradia.fi\/mkpt2303-pasanen\/#organization","name":"KennelGoldie","url":"https:\/\/blogit.gradia.fi\/mkpt2303-pasanen\/","logo":{"@type":"ImageObject","inLanguage":"fi","@id":"https:\/\/blogit.gradia.fi\/mkpt2303-pasanen\/#\/schema\/logo\/image\/","url":"https:\/\/blogit.gradia.fi\/mkpt2303-pasanen\/wp-content\/uploads\/sites\/518\/2024\/01\/cropped-logo.png","contentUrl":"https:\/\/blogit.gradia.fi\/mkpt2303-pasanen\/wp-content\/uploads\/sites\/518\/2024\/01\/cropped-logo.png","width":1208,"height":1218,"caption":"KennelGoldie"},"image":{"@id":"https:\/\/blogit.gradia.fi\/mkpt2303-pasanen\/#\/schema\/logo\/image\/"}}]}},"uagb_featured_image_src":{"full":false,"thumbnail":false,"medium":false,"medium_large":false,"large":false,"1536x1536":false,"2048x2048":false},"uagb_author_info":{"display_name":"Helmi Pasanen","author_link":"https:\/\/blogit.gradia.fi\/mkpt2303-pasanen\/author\/gr289294\/"},"uagb_comment_info":0,"uagb_excerpt":"Kennel perustettiin vuonna 2003 ja on kasvanut nopeasti kolmen koiran kenneliksi. Kennelin v\u00e4keen kuuluu 2 innokasta kasvattajaa ja kolme kaunista narttua. Kenneliss\u00e4mme on t\u00e4ll\u00e4 kasvanut t\u00e4h\u00e4n menness\u00e4 kolme kaunista pentuetta. Pentujamme kuvaillaan reippaiksi, hyv\u00e4 luonteisiksi ja iloisiksi. Meid\u00e4n teht\u00e4v\u00e4n\u00e4mme ei ole ainoastaan tuottaa pentuja, vaan parantaa (valloittaa) maailmaa lis\u00e4\u00e4m\u00e4ll\u00e4 tietoutta ihanasta rodusta ja koiran kasvatuksesta.&nbsp;&hellip;","_links":{"self":[{"href":"https:\/\/blogit.gradia.fi\/mkpt2303-pasanen\/wp-json\/wp\/v2\/pages\/22","targetHints":{"allow":["GET"]}}],"collection":[{"href":"https:\/\/blogit.gradia.fi\/mkpt2303-pasanen\/wp-json\/wp\/v2\/pages"}],"about":[{"href":"https:\/\/blogit.gradia.fi\/mkpt2303-pasanen\/wp-json\/wp\/v2\/types\/page"}],"author":[{"embeddable":true,"href":"https:\/\/blogit.gradia.fi\/mkpt2303-pasanen\/wp-json\/wp\/v2\/users\/1055"}],"replies":[{"embeddable":true,"href":"https:\/\/blogit.gradia.fi\/mkpt2303-pasanen\/wp-json\/wp\/v2\/comments?post=22"}],"version-history":[{"count":32,"href":"https:\/\/blogit.gradia.fi\/mkpt2303-pasanen\/wp-json\/wp\/v2\/pages\/22\/revisions"}],"predecessor-version":[{"id":328,"href":"https:\/\/blogit.gradia.fi\/mkpt2303-pasanen\/wp-json\/wp\/v2\/pages\/22\/revisions\/328"}],"wp:attachment":[{"href":"https:\/\/blogit.gradia.fi\/mkpt2303-pasanen\/wp-json\/wp\/v2\/media?parent=22"}],"curies":[{"name":"wp","href":"https:\/\/api.w.org\/{rel}","templated":true}]}}