{"id":20,"date":"2023-11-24T08:50:18","date_gmt":"2023-11-24T06:50:18","guid":{"rendered":"https:\/\/blogit.gradia.fi\/mkpt2303-pasanen\/?page_id=20"},"modified":"2024-01-26T10:12:32","modified_gmt":"2024-01-26T08:12:32","slug":"etusivu","status":"publish","type":"page","link":"https:\/\/blogit.gradia.fi\/mkpt2303-pasanen\/","title":{"rendered":"Etusivu"},"content":{"rendered":"\n<div class=\"wp-block-uagb-container uagb-block-5bfa69ee alignwide uagb-is-root-container\">\n<div class=\"wp-block-uagb-advanced-heading uagb-block-30c33019\"><h1 class=\"uagb-heading-text\">KennelGoldie<\/h1><\/div>\n<\/div>\n\n\n\n<div class=\"wp-block-uagb-container uagb-block-4262a47c alignwide uagb-is-root-container\">\n<div class=\"wp-block-uagb-container uagb-block-d1376014\">\n<div class=\"wp-block-uagb-separator uagb-block-2d07b5fb\"><div class=\"wp-block-uagb-separator__inner\" style=\"--my-background-image:\"><\/div><\/div>\n\n\n\n<p class=\"has-text-align-center\">Kaarnankatu 4, Palokka, Jyv\u00e4skyl\u00e4<\/p>\n\n\n\n<p class=\"has-text-align-center\">Kennelimme on kultaistennoutajien erikoiskennel. Palvelemme koiranomistajia Jyv\u00e4skyl\u00e4n seudulla ja pentujamme kasvaa t\u00e4ll\u00e4 hetkell\u00e4 ymp\u00e4ri Suomen Rovaniemelt\u00e4 Helsinkiin.&nbsp;<\/p>\n<\/div>\n\n\n\n<div class=\"wp-block-uagb-container uagb-block-1e0b1216\">\n<div class=\"wp-block-uagb-image alignright uagb-block-8a406ab3 wp-block-uagb-image--layout-default wp-block-uagb-image--effect-zoomin wp-block-uagb-image--align-right\"><figure class=\"wp-block-uagb-image__figure\"><img decoding=\"async\" src=\"https:\/\/blogit.gradia.fi\/mkpt2303-pasanen\/wp-content\/uploads\/sites\/518\/2024\/01\/dog-4390885_1280-1024x649.jpg\" alt=\"\" class=\"uag-image-57\" width=\"1024\" height=\"649\" title=\"\" loading=\"lazy\" \/><\/figure><\/div>\n<\/div>\n<\/div>\n\n\n\n<div class=\"wp-block-uagb-container uagb-block-6b8c6f36 alignwide uagb-is-root-container\">\n<div class=\"wp-block-uagb-container uagb-block-60b16fc7\">\n<div class=\"wp-block-uagb-image uagb-block-067787fc wp-block-uagb-image--layout-default wp-block-uagb-image--effect-zoomin wp-block-uagb-image--align-none\"><figure class=\"wp-block-uagb-image__figure\"><img decoding=\"async\" src=\"https:\/\/blogit.gradia.fi\/mkpt2303-pasanen\/wp-content\/uploads\/sites\/518\/2024\/01\/golden-retriever-2288933_1280-1024x768.jpg\" alt=\"\" class=\"uag-image-69\" width=\"376\" height=\"252\" title=\"\" loading=\"lazy\" \/><\/figure><\/div>\n<\/div>\n\n\n\n<div class=\"wp-block-uagb-container uagb-block-b00393b7\">\n<div class=\"wp-block-uagb-image uagb-block-66a9b739 wp-block-uagb-image--layout-default wp-block-uagb-image--effect-zoomin wp-block-uagb-image--align-none\"><figure class=\"wp-block-uagb-image__figure\"><img decoding=\"async\" src=\"https:\/\/blogit.gradia.fi\/mkpt2303-pasanen\/wp-content\/uploads\/sites\/518\/2024\/01\/dogs-2556820_1280-1024x682.jpg\" alt=\"\" class=\"uag-image-71\" width=\"405\" height=\"250\" title=\"\" loading=\"lazy\" \/><\/figure><\/div>\n<\/div>\n\n\n\n<div class=\"wp-block-uagb-container uagb-block-25105a35\">\n<div class=\"wp-block-uagb-image uagb-block-b82023c2 wp-block-uagb-image--layout-default wp-block-uagb-image--effect-zoomin wp-block-uagb-image--align-none\"><figure class=\"wp-block-uagb-image__figure\"><img decoding=\"async\" src=\"https:\/\/blogit.gradia.fi\/mkpt2303-pasanen\/wp-content\/uploads\/sites\/518\/2024\/01\/golden-retriever-750592_1280-1024x824.jpg\" alt=\"\" class=\"uag-image-73\" width=\"336\" height=\"199\" title=\"\" loading=\"lazy\" \/><\/figure><\/div>\n<\/div>\n<\/div>\n\n\n\n<div class=\"wp-block-uagb-container uagb-block-9f66cc2a alignwide uagb-is-root-container\">\n<div class=\"wp-block-uagb-advanced-heading uagb-block-e5d13700\"><h2 class=\"uagb-heading-text\">Miksi Kultainennoutaja?<\/h2><\/div>\n\n\n\n<p class=\"has-text-align-left has-medium-font-size\">Kultainennoutaja on sek\u00e4 Suomessa ett\u00e4 maailmanlaajuisesti eritt\u00e4in suosittu rotu. Suomessa se on nelj\u00e4nneksi suosituin rotu. Kultainennoutaja on \u00e4lyk\u00e4s, keskikokoinen, miellytt\u00e4misenhaluinen sek\u00e4 toiminnanhaluinen koira. Kultaisennoutajan ominaisuudet tekev\u00e4t siit\u00e4 hyv\u00e4n harrastuskoiran. Alun perin se on jalostettu mets\u00e4styskoiraksi (ammutun pienriistan noutaja). Kultainennoutaja ei ole pelkk\u00e4 seurakoira, vaan se kaipaa my\u00f6s liikuntaa ja ohjattua toimintaa.&nbsp;<\/p>\n\n\n\n<p><\/p>\n<\/div>\n\n\n\n<div class=\"wp-block-uagb-container uagb-block-93a977e5 alignwide uagb-is-root-container\">\n<div class=\"wp-block-uagb-container uagb-block-519e1960\">\n<div class=\"wp-block-uagb-info-box uagb-block-96694aee uagb-infobox__content-wrap  uagb-infobox-icon-above-title uagb-infobox-image-valign-top\"><div class=\"uagb-ifb-content\"><div class=\"uagb-ifb-icon-wrap\"><\/div><div class=\"uagb-ifb-title-wrap\"><h3 class=\"uagb-ifb-title\">Arvot<\/h3><\/div><p class=\"uagb-ifb-desc\">L\u00e4ht\u00f6kohtanamme on pentukeskeinen n\u00e4kemys. N\u00e4emme jokaisen pennun yksil\u00f6n\u00e4, joka on aktiivinen toimija sek\u00e4 yksin, ett\u00e4 ryhm\u00e4ss\u00e4.<\/p><\/div><\/div>\n<\/div>\n\n\n\n<div class=\"wp-block-uagb-container uagb-block-a500582a\">\n<div class=\"wp-block-uagb-advanced-heading uagb-block-c2241c2c\"><h4 class=\"uagb-heading-text\">Missio<\/h4><\/div>\n\n\n\n<div class=\"wp-block-uagb-icon-list uagb-block-a99c2cc6\"><div class=\"uagb-icon-list__wrap\">\n<div class=\"wp-block-uagb-icon-list-child uagb-block-8cdf78a2\"><span class=\"uagb-icon-list__source-wrap\"><\/span><span class=\"uagb-icon-list__label\">1. Kohdata haasteet rohkeasti\u00a0<\/span><\/div>\n\n\n\n<div class=\"wp-block-uagb-icon-list-child uagb-block-71f3f9b6\"><span class=\"uagb-icon-list__source-wrap\"><\/span><span class=\"uagb-icon-list__label\">2. Tehd\u00e4 pentuja, joista voi olla ylpe\u00e4\u00a0<\/span><\/div>\n\n\n\n<div class=\"wp-block-uagb-icon-list-child uagb-block-99171050\"><span class=\"uagb-icon-list__source-wrap\"><\/span><span class=\"uagb-icon-list__label\">3. Jakaa tietoa ja kokemuksia koiran kasvatuksesta\u00a0<\/span><\/div>\n<\/div><\/div>\n<\/div>\n\n\n\n<div class=\"wp-block-uagb-container uagb-block-3d2de562\">\n<div class=\"wp-block-uagb-info-box uagb-block-1f7cae40 uagb-infobox__content-wrap  uagb-infobox-icon-above-title uagb-infobox-image-valign-top\"><div class=\"uagb-ifb-content\"><div class=\"uagb-ifb-icon-wrap\"><\/div><div class=\"uagb-ifb-title-wrap\"><h3 class=\"uagb-ifb-title\">Visio<\/h3><\/div><p class=\"uagb-ifb-desc\">Haluamme olla edell\u00e4k\u00e4vij\u00e4 Suomen ensimm\u00e4isen\u00e4 kennelin\u00e4, jonka pentujen varhaiskasvatus perustuu pentu-behavioristiseen kasvatusteoriaan.&nbsp;<\/p><\/div><\/div>\n<\/div>\n<\/div>\n","protected":false},"excerpt":{"rendered":"<p>KennelGoldie Kaarnankatu 4, Palokka, Jyv\u00e4skyl\u00e4 Kennelimme on kultaistennoutajien erikoiskennel. Palvelemme koiranomistajia Jyv\u00e4skyl\u00e4n seudulla ja pentujamme kasvaa t\u00e4ll\u00e4 hetkell\u00e4 ymp\u00e4ri Suomen Rovaniemelt\u00e4 Helsinkiin.&nbsp; Miksi Kultainennoutaja? Kultainennoutaja on sek\u00e4 Suomessa ett\u00e4 maailmanlaajuisesti eritt\u00e4in suosittu rotu. Suomessa se on nelj\u00e4nneksi suosituin rotu. Kultainennoutaja on \u00e4lyk\u00e4s, keskikokoinen, miellytt\u00e4misenhaluinen sek\u00e4 toiminnanhaluinen koira. Kultaisennoutajan ominaisuudet tekev\u00e4t siit\u00e4 hyv\u00e4n harrastuskoiran. Alun perin [&hellip;]<\/p>\n","protected":false},"author":1055,"featured_media":0,"parent":0,"menu_order":0,"comment_status":"closed","ping_status":"closed","template":"","meta":{"_uag_custom_page_level_css":"","site-sidebar-layout":"default","site-content-layout":"","ast-site-content-layout":"default","site-content-style":"default","site-sidebar-style":"default","ast-global-header-display":"","ast-banner-title-visibility":"","ast-main-header-display":"","ast-hfb-above-header-display":"","ast-hfb-below-header-display":"","ast-hfb-mobile-header-display":"","site-post-title":"disabled","ast-breadcrumbs-content":"","ast-featured-img":"","footer-sml-layout":"","ast-disable-related-posts":"","theme-transparent-header-meta":"","adv-header-id-meta":"","stick-header-meta":"","header-above-stick-meta":"","header-main-stick-meta":"","header-below-stick-meta":"","astra-migrate-meta-layouts":"default","ast-page-background-enabled":"default","ast-page-background-meta":{"desktop":{"background-color":"var(--ast-global-color-4)","background-image":"","background-repeat":"repeat","background-position":"center center","background-size":"auto","background-attachment":"scroll","background-type":"","background-media":"","overlay-type":"","overlay-color":"","overlay-opacity":"","overlay-gradient":""},"tablet":{"background-color":"","background-image":"","background-repeat":"repeat","background-position":"center center","background-size":"auto","background-attachment":"scroll","background-type":"","background-media":"","overlay-type":"","overlay-color":"","overlay-opacity":"","overlay-gradient":""},"mobile":{"background-color":"","background-image":"","background-repeat":"repeat","background-position":"center center","background-size":"auto","background-attachment":"scroll","background-type":"","background-media":"","overlay-type":"","overlay-color":"","overlay-opacity":"","overlay-gradient":""}},"ast-content-background-meta":{"desktop":{"background-color":"var(--ast-global-color-5)","background-image":"","background-repeat":"repeat","background-position":"center center","background-size":"auto","background-attachment":"scroll","background-type":"","background-media":"","overlay-type":"","overlay-color":"","overlay-opacity":"","overlay-gradient":""},"tablet":{"background-color":"var(--ast-global-color-5)","background-image":"","background-repeat":"repeat","background-position":"center center","background-size":"auto","background-attachment":"scroll","background-type":"","background-media":"","overlay-type":"","overlay-color":"","overlay-opacity":"","overlay-gradient":""},"mobile":{"background-color":"var(--ast-global-color-5)","background-image":"","background-repeat":"repeat","background-position":"center center","background-size":"auto","background-attachment":"scroll","background-type":"","background-media":"","overlay-type":"","overlay-color":"","overlay-opacity":"","overlay-gradient":""}},"footnotes":""},"class_list":["post-20","page","type-page","status-publish","hentry"],"yoast_head":"<!-- This site is optimized with the Yoast SEO plugin v27.2 - https:\/\/yoast.com\/product\/yoast-seo-wordpress\/ -->\n<title>Etusivu - KennelGoldie<\/title>\n<meta name=\"robots\" content=\"index, follow, max-snippet:-1, max-image-preview:large, max-video-preview:-1\" \/>\n<link rel=\"canonical\" href=\"https:\/\/blogit.gradia.fi\/mkpt2303-pasanen\/\" \/>\n<meta property=\"og:locale\" content=\"fi_FI\" \/>\n<meta property=\"og:type\" content=\"article\" \/>\n<meta property=\"og:title\" content=\"Etusivu - KennelGoldie\" \/>\n<meta property=\"og:description\" content=\"KennelGoldie Kaarnankatu 4, Palokka, Jyv\u00e4skyl\u00e4 Kennelimme on kultaistennoutajien erikoiskennel. Palvelemme koiranomistajia Jyv\u00e4skyl\u00e4n seudulla ja pentujamme kasvaa t\u00e4ll\u00e4 hetkell\u00e4 ymp\u00e4ri Suomen Rovaniemelt\u00e4 Helsinkiin.&nbsp; Miksi Kultainennoutaja? Kultainennoutaja on sek\u00e4 Suomessa ett\u00e4 maailmanlaajuisesti eritt\u00e4in suosittu rotu. Suomessa se on nelj\u00e4nneksi suosituin rotu. Kultainennoutaja on \u00e4lyk\u00e4s, keskikokoinen, miellytt\u00e4misenhaluinen sek\u00e4 toiminnanhaluinen koira. Kultaisennoutajan ominaisuudet tekev\u00e4t siit\u00e4 hyv\u00e4n harrastuskoiran. Alun perin [&hellip;]\" \/>\n<meta property=\"og:url\" content=\"https:\/\/blogit.gradia.fi\/mkpt2303-pasanen\/\" \/>\n<meta property=\"og:site_name\" content=\"KennelGoldie\" \/>\n<meta property=\"article:modified_time\" content=\"2024-01-26T08:12:32+00:00\" \/>\n<meta property=\"og:image\" content=\"https:\/\/blogit.gradia.fi\/mkpt2303-pasanen\/wp-content\/uploads\/sites\/518\/2024\/01\/dog-4390885_1280-1024x649.jpg\" \/>\n<meta name=\"twitter:card\" content=\"summary_large_image\" \/>\n<meta name=\"twitter:label1\" content=\"Arvioitu lukuaika\" \/>\n\t<meta name=\"twitter:data1\" content=\"2 minuuttia\" \/>\n<script type=\"application\/ld+json\" class=\"yoast-schema-graph\">{\"@context\":\"https:\/\/schema.org\",\"@graph\":[{\"@type\":\"WebPage\",\"@id\":\"https:\/\/blogit.gradia.fi\/mkpt2303-pasanen\/\",\"url\":\"https:\/\/blogit.gradia.fi\/mkpt2303-pasanen\/\",\"name\":\"Etusivu - KennelGoldie\",\"isPartOf\":{\"@id\":\"https:\/\/blogit.gradia.fi\/mkpt2303-pasanen\/#website\"},\"primaryImageOfPage\":{\"@id\":\"https:\/\/blogit.gradia.fi\/mkpt2303-pasanen\/#primaryimage\"},\"image\":{\"@id\":\"https:\/\/blogit.gradia.fi\/mkpt2303-pasanen\/#primaryimage\"},\"thumbnailUrl\":\"https:\/\/blogit.gradia.fi\/mkpt2303-pasanen\/wp-content\/uploads\/sites\/518\/2024\/01\/dog-4390885_1280-1024x649.jpg\",\"datePublished\":\"2023-11-24T06:50:18+00:00\",\"dateModified\":\"2024-01-26T08:12:32+00:00\",\"breadcrumb\":{\"@id\":\"https:\/\/blogit.gradia.fi\/mkpt2303-pasanen\/#breadcrumb\"},\"inLanguage\":\"fi\",\"potentialAction\":[{\"@type\":\"ReadAction\",\"target\":[\"https:\/\/blogit.gradia.fi\/mkpt2303-pasanen\/\"]}]},{\"@type\":\"ImageObject\",\"inLanguage\":\"fi\",\"@id\":\"https:\/\/blogit.gradia.fi\/mkpt2303-pasanen\/#primaryimage\",\"url\":\"https:\/\/blogit.gradia.fi\/mkpt2303-pasanen\/wp-content\/uploads\/sites\/518\/2024\/01\/dog-4390885_1280.jpg\",\"contentUrl\":\"https:\/\/blogit.gradia.fi\/mkpt2303-pasanen\/wp-content\/uploads\/sites\/518\/2024\/01\/dog-4390885_1280.jpg\",\"width\":1280,\"height\":811},{\"@type\":\"BreadcrumbList\",\"@id\":\"https:\/\/blogit.gradia.fi\/mkpt2303-pasanen\/#breadcrumb\",\"itemListElement\":[{\"@type\":\"ListItem\",\"position\":1,\"name\":\"Etusivu\",\"item\":\"https:\/\/blogit.gradia.fi\/mkpt2303-pasanen\/\"},{\"@type\":\"ListItem\",\"position\":2,\"name\":\"Etusivu\"}]},{\"@type\":\"WebSite\",\"@id\":\"https:\/\/blogit.gradia.fi\/mkpt2303-pasanen\/#website\",\"url\":\"https:\/\/blogit.gradia.fi\/mkpt2303-pasanen\/\",\"name\":\"KennelGoldie\",\"description\":\"Kenneli\",\"publisher\":{\"@id\":\"https:\/\/blogit.gradia.fi\/mkpt2303-pasanen\/#organization\"},\"potentialAction\":[{\"@type\":\"SearchAction\",\"target\":{\"@type\":\"EntryPoint\",\"urlTemplate\":\"https:\/\/blogit.gradia.fi\/mkpt2303-pasanen\/?s={search_term_string}\"},\"query-input\":{\"@type\":\"PropertyValueSpecification\",\"valueRequired\":true,\"valueName\":\"search_term_string\"}}],\"inLanguage\":\"fi\"},{\"@type\":\"Organization\",\"@id\":\"https:\/\/blogit.gradia.fi\/mkpt2303-pasanen\/#organization\",\"name\":\"KennelGoldie\",\"url\":\"https:\/\/blogit.gradia.fi\/mkpt2303-pasanen\/\",\"logo\":{\"@type\":\"ImageObject\",\"inLanguage\":\"fi\",\"@id\":\"https:\/\/blogit.gradia.fi\/mkpt2303-pasanen\/#\/schema\/logo\/image\/\",\"url\":\"https:\/\/blogit.gradia.fi\/mkpt2303-pasanen\/wp-content\/uploads\/sites\/518\/2024\/01\/cropped-logo.png\",\"contentUrl\":\"https:\/\/blogit.gradia.fi\/mkpt2303-pasanen\/wp-content\/uploads\/sites\/518\/2024\/01\/cropped-logo.png\",\"width\":1208,\"height\":1218,\"caption\":\"KennelGoldie\"},\"image\":{\"@id\":\"https:\/\/blogit.gradia.fi\/mkpt2303-pasanen\/#\/schema\/logo\/image\/\"}}]}<\/script>\n<!-- \/ Yoast SEO plugin. -->","yoast_head_json":{"title":"Etusivu - KennelGoldie","robots":{"index":"index","follow":"follow","max-snippet":"max-snippet:-1","max-image-preview":"max-image-preview:large","max-video-preview":"max-video-preview:-1"},"canonical":"https:\/\/blogit.gradia.fi\/mkpt2303-pasanen\/","og_locale":"fi_FI","og_type":"article","og_title":"Etusivu - KennelGoldie","og_description":"KennelGoldie Kaarnankatu 4, Palokka, Jyv\u00e4skyl\u00e4 Kennelimme on kultaistennoutajien erikoiskennel. Palvelemme koiranomistajia Jyv\u00e4skyl\u00e4n seudulla ja pentujamme kasvaa t\u00e4ll\u00e4 hetkell\u00e4 ymp\u00e4ri Suomen Rovaniemelt\u00e4 Helsinkiin.&nbsp; Miksi Kultainennoutaja? Kultainennoutaja on sek\u00e4 Suomessa ett\u00e4 maailmanlaajuisesti eritt\u00e4in suosittu rotu. Suomessa se on nelj\u00e4nneksi suosituin rotu. Kultainennoutaja on \u00e4lyk\u00e4s, keskikokoinen, miellytt\u00e4misenhaluinen sek\u00e4 toiminnanhaluinen koira. Kultaisennoutajan ominaisuudet tekev\u00e4t siit\u00e4 hyv\u00e4n harrastuskoiran. Alun perin [&hellip;]","og_url":"https:\/\/blogit.gradia.fi\/mkpt2303-pasanen\/","og_site_name":"KennelGoldie","article_modified_time":"2024-01-26T08:12:32+00:00","og_image":[{"url":"https:\/\/blogit.gradia.fi\/mkpt2303-pasanen\/wp-content\/uploads\/sites\/518\/2024\/01\/dog-4390885_1280-1024x649.jpg","type":"","width":"","height":""}],"twitter_card":"summary_large_image","twitter_misc":{"Arvioitu lukuaika":"2 minuuttia"},"schema":{"@context":"https:\/\/schema.org","@graph":[{"@type":"WebPage","@id":"https:\/\/blogit.gradia.fi\/mkpt2303-pasanen\/","url":"https:\/\/blogit.gradia.fi\/mkpt2303-pasanen\/","name":"Etusivu - KennelGoldie","isPartOf":{"@id":"https:\/\/blogit.gradia.fi\/mkpt2303-pasanen\/#website"},"primaryImageOfPage":{"@id":"https:\/\/blogit.gradia.fi\/mkpt2303-pasanen\/#primaryimage"},"image":{"@id":"https:\/\/blogit.gradia.fi\/mkpt2303-pasanen\/#primaryimage"},"thumbnailUrl":"https:\/\/blogit.gradia.fi\/mkpt2303-pasanen\/wp-content\/uploads\/sites\/518\/2024\/01\/dog-4390885_1280-1024x649.jpg","datePublished":"2023-11-24T06:50:18+00:00","dateModified":"2024-01-26T08:12:32+00:00","breadcrumb":{"@id":"https:\/\/blogit.gradia.fi\/mkpt2303-pasanen\/#breadcrumb"},"inLanguage":"fi","potentialAction":[{"@type":"ReadAction","target":["https:\/\/blogit.gradia.fi\/mkpt2303-pasanen\/"]}]},{"@type":"ImageObject","inLanguage":"fi","@id":"https:\/\/blogit.gradia.fi\/mkpt2303-pasanen\/#primaryimage","url":"https:\/\/blogit.gradia.fi\/mkpt2303-pasanen\/wp-content\/uploads\/sites\/518\/2024\/01\/dog-4390885_1280.jpg","contentUrl":"https:\/\/blogit.gradia.fi\/mkpt2303-pasanen\/wp-content\/uploads\/sites\/518\/2024\/01\/dog-4390885_1280.jpg","width":1280,"height":811},{"@type":"BreadcrumbList","@id":"https:\/\/blogit.gradia.fi\/mkpt2303-pasanen\/#breadcrumb","itemListElement":[{"@type":"ListItem","position":1,"name":"Etusivu","item":"https:\/\/blogit.gradia.fi\/mkpt2303-pasanen\/"},{"@type":"ListItem","position":2,"name":"Etusivu"}]},{"@type":"WebSite","@id":"https:\/\/blogit.gradia.fi\/mkpt2303-pasanen\/#website","url":"https:\/\/blogit.gradia.fi\/mkpt2303-pasanen\/","name":"KennelGoldie","description":"Kenneli","publisher":{"@id":"https:\/\/blogit.gradia.fi\/mkpt2303-pasanen\/#organization"},"potentialAction":[{"@type":"SearchAction","target":{"@type":"EntryPoint","urlTemplate":"https:\/\/blogit.gradia.fi\/mkpt2303-pasanen\/?s={search_term_string}"},"query-input":{"@type":"PropertyValueSpecification","valueRequired":true,"valueName":"search_term_string"}}],"inLanguage":"fi"},{"@type":"Organization","@id":"https:\/\/blogit.gradia.fi\/mkpt2303-pasanen\/#organization","name":"KennelGoldie","url":"https:\/\/blogit.gradia.fi\/mkpt2303-pasanen\/","logo":{"@type":"ImageObject","inLanguage":"fi","@id":"https:\/\/blogit.gradia.fi\/mkpt2303-pasanen\/#\/schema\/logo\/image\/","url":"https:\/\/blogit.gradia.fi\/mkpt2303-pasanen\/wp-content\/uploads\/sites\/518\/2024\/01\/cropped-logo.png","contentUrl":"https:\/\/blogit.gradia.fi\/mkpt2303-pasanen\/wp-content\/uploads\/sites\/518\/2024\/01\/cropped-logo.png","width":1208,"height":1218,"caption":"KennelGoldie"},"image":{"@id":"https:\/\/blogit.gradia.fi\/mkpt2303-pasanen\/#\/schema\/logo\/image\/"}}]}},"uagb_featured_image_src":{"full":false,"thumbnail":false,"medium":false,"medium_large":false,"large":false,"1536x1536":false,"2048x2048":false},"uagb_author_info":{"display_name":"Helmi Pasanen","author_link":"https:\/\/blogit.gradia.fi\/mkpt2303-pasanen\/author\/gr289294\/"},"uagb_comment_info":0,"uagb_excerpt":"KennelGoldie Kaarnankatu 4, Palokka, Jyv\u00e4skyl\u00e4 Kennelimme on kultaistennoutajien erikoiskennel. Palvelemme koiranomistajia Jyv\u00e4skyl\u00e4n seudulla ja pentujamme kasvaa t\u00e4ll\u00e4 hetkell\u00e4 ymp\u00e4ri Suomen Rovaniemelt\u00e4 Helsinkiin.&nbsp; Miksi Kultainennoutaja? Kultainennoutaja on sek\u00e4 Suomessa ett\u00e4 maailmanlaajuisesti eritt\u00e4in suosittu rotu. Suomessa se on nelj\u00e4nneksi suosituin rotu. Kultainennoutaja on \u00e4lyk\u00e4s, keskikokoinen, miellytt\u00e4misenhaluinen sek\u00e4 toiminnanhaluinen koira. Kultaisennoutajan ominaisuudet tekev\u00e4t siit\u00e4 hyv\u00e4n harrastuskoiran. Alun perin&hellip;","_links":{"self":[{"href":"https:\/\/blogit.gradia.fi\/mkpt2303-pasanen\/wp-json\/wp\/v2\/pages\/20","targetHints":{"allow":["GET"]}}],"collection":[{"href":"https:\/\/blogit.gradia.fi\/mkpt2303-pasanen\/wp-json\/wp\/v2\/pages"}],"about":[{"href":"https:\/\/blogit.gradia.fi\/mkpt2303-pasanen\/wp-json\/wp\/v2\/types\/page"}],"author":[{"embeddable":true,"href":"https:\/\/blogit.gradia.fi\/mkpt2303-pasanen\/wp-json\/wp\/v2\/users\/1055"}],"replies":[{"embeddable":true,"href":"https:\/\/blogit.gradia.fi\/mkpt2303-pasanen\/wp-json\/wp\/v2\/comments?post=20"}],"version-history":[{"count":46,"href":"https:\/\/blogit.gradia.fi\/mkpt2303-pasanen\/wp-json\/wp\/v2\/pages\/20\/revisions"}],"predecessor-version":[{"id":322,"href":"https:\/\/blogit.gradia.fi\/mkpt2303-pasanen\/wp-json\/wp\/v2\/pages\/20\/revisions\/322"}],"wp:attachment":[{"href":"https:\/\/blogit.gradia.fi\/mkpt2303-pasanen\/wp-json\/wp\/v2\/media?parent=20"}],"curies":[{"name":"wp","href":"https:\/\/api.w.org\/{rel}","templated":true}]}}