{"id":14,"date":"2023-11-24T08:55:14","date_gmt":"2023-11-24T06:55:14","guid":{"rendered":"https:\/\/blogit.gradia.fi\/mkpt2303-kemppainen\/?page_id=14"},"modified":"2024-01-25T09:28:05","modified_gmt":"2024-01-25T07:28:05","slug":"meidan-koirat-ja-pentueet","status":"publish","type":"page","link":"https:\/\/blogit.gradia.fi\/mkpt2303-kemppainen\/meidan-koirat-ja-pentueet\/","title":{"rendered":"Meid\u00e4n koirat ja pentueet"},"content":{"rendered":"\n<div style=\"height:100px\" aria-hidden=\"true\" class=\"wp-block-spacer\"><\/div>\n\n\n\n<div class=\"wp-block-uagb-advanced-heading uagb-block-ea6efac7\"><h2 class=\"uagb-heading-text\">OMAT KOIRAT<\/h2><\/div>\n\n\n\n<div class=\"wp-block-uagb-container uagb-block-46c95b13 alignfull uagb-is-root-container\"><div class=\"uagb-container-inner-blocks-wrap\">\n<div class=\"wp-block-uagb-container uagb-block-581f506f alignfull uagb-is-root-container\"><div class=\"uagb-container-inner-blocks-wrap\">\n<div class=\"wp-block-uagb-container uagb-block-8837d7ec\">\n<div class=\"wp-block-uagb-info-box uagb-block-1dfbfdaa uagb-infobox__content-wrap  uagb-infobox-icon-below-title uagb-infobox-image-valign-top\"><div class=\"uagb-ifb-content\"><div class=\"uagb-ifb-title-wrap\"><h3 class=\"uagb-ifb-title\">stella<\/h3><\/div><div class=\"uagb-ifb-image-content\"><img decoding=\"async\" src=\"https:\/\/blogit.gradia.fi\/mkpt2303-kemppainen\/wp-content\/uploads\/sites\/515\/2024\/01\/5-1-200x300.jpg\" alt=\"\" width=\"231\" height=\"346\" loading=\"lazy\" \/><\/div><div class=\"uagb-ifb-separator\"><\/div><p class=\"uagb-ifb-desc\"><strong>Virallinen nimi:<\/strong> Stella Palefur&nbsp;<br><strong>Sukupuoli:<\/strong> Naaras&nbsp;<br><strong>Syntym\u00e4p\u00e4iv\u00e4<\/strong>: 24.8.2018&nbsp;<br><strong>Terveys:<\/strong>&nbsp;<br>Lonkat: A\/A\u202f&nbsp;<br>Kyyn\u00e4rp\u00e4\u00e4t:\u202f0\/0&nbsp;<br>Silm\u00e4t:\u202fclear, PRA-1 clear&nbsp;<br><strong>Meriitit:<\/strong>&nbsp;<br>Puppy class 2nd with HP&nbsp;<br>Open class 1st\/EXC, CQ -&gt; 2nd BEST BITCH -&gt; CAC&nbsp;<\/p><\/div><\/div>\n<\/div>\n\n\n\n<div class=\"wp-block-uagb-container uagb-block-16faeac2\">\n<div class=\"wp-block-uagb-info-box uagb-block-20e4e90a uagb-infobox__content-wrap  uagb-infobox-icon-below-title uagb-infobox-image-valign-top\"><div class=\"uagb-ifb-content\"><div class=\"uagb-ifb-title-wrap\"><h3 class=\"uagb-ifb-title\">tille<\/h3><\/div><div class=\"uagb-ifb-image-content\"><img decoding=\"async\" src=\"https:\/\/blogit.gradia.fi\/mkpt2303-kemppainen\/wp-content\/uploads\/sites\/515\/2024\/01\/6-200x300.jpg\" alt=\"\" width=\"266\" height=\"399\" loading=\"lazy\" \/><\/div><div class=\"uagb-ifb-separator\"><\/div><p class=\"uagb-ifb-desc\"><strong>Virallinen nimi:<\/strong> Tiara Spiritrunner&nbsp;<br><strong>Sukupuoli:<\/strong> Naaras&nbsp;<br><strong>Syntym\u00e4p\u00e4iv\u00e4<\/strong>: 11.3.2019&nbsp;<br><strong>Terveys:<\/strong>&nbsp;<br>Lonkat: A\/A\u202f&nbsp;<br>Kyyn\u00e4rp\u00e4\u00e4t:\u202f0\/0&nbsp;<br>Silm\u00e4t:\u202fclear&nbsp;<br><strong>Meriitit:<\/strong>&nbsp;<br>Junior class 2nd with EXC&nbsp;<\/p><\/div><\/div>\n<\/div>\n\n\n\n<div class=\"wp-block-uagb-container uagb-block-362d9519\">\n<div class=\"wp-block-uagb-info-box uagb-block-53b743fd uagb-infobox__content-wrap  uagb-infobox-icon-below-title uagb-infobox-image-valign-top\"><div class=\"uagb-ifb-content\"><div class=\"uagb-ifb-title-wrap\"><h3 class=\"uagb-ifb-title\">minni<\/h3><\/div><div class=\"uagb-ifb-image-content\"><img decoding=\"async\" src=\"https:\/\/blogit.gradia.fi\/mkpt2303-kemppainen\/wp-content\/uploads\/sites\/515\/2024\/01\/1-225x300.jpg\" alt=\"\" width=\"214\" height=\"285\" loading=\"lazy\" \/><\/div><div class=\"uagb-ifb-separator\"><\/div><p class=\"uagb-ifb-desc\"><strong>Virallinen nimi:<\/strong> Lady Minnie Cupcake&nbsp;&nbsp;<br><strong>Sukupuoli:<\/strong> Naaras&nbsp;<br><strong>Oma koira<\/strong>: X&nbsp;<br><strong>Kasvattaja<\/strong>:&nbsp;&nbsp;<br><strong>Syntym\u00e4p\u00e4iv\u00e4<\/strong>: 7.9.2014&nbsp;<br><strong>Terveys:<\/strong>&nbsp;<br>Lonkat: A\/A\u202f&nbsp;<br>Kyyn\u00e4rp\u00e4\u00e4t:\u202f0\/0&nbsp;<br>Silm\u00e4t:\u202fok&nbsp;<br><strong>Meriitit:<\/strong>&nbsp;<br>Puppy class 5-7 months 3rd with HP&nbsp;<br>Puppy class 7-9 months 1st with HP -&gt;BOB PUPPY&nbsp;<br>Junior class 1st EXC, CQ, 3rd BEST BITCH, rec CC&nbsp;<\/p><\/div><\/div>\n<\/div>\n<\/div><\/div>\n<\/div><\/div>\n\n\n\n<div style=\"height:130px\" aria-hidden=\"true\" class=\"wp-block-spacer\"><\/div>\n\n\n\n<div class=\"wp-block-uagb-advanced-heading uagb-block-4698c1ee\"><h2 class=\"uagb-heading-text\">PENTUEET<\/h2><\/div>\n\n\n\n<div class=\"wp-block-uagb-container uagb-block-2bdb73a9 alignfull uagb-is-root-container\"><div class=\"uagb-container-inner-blocks-wrap\">\n<div class=\"wp-block-uagb-container uagb-block-273d2d39\">\n<div class=\"wp-block-uagb-info-box uagb-block-5531db67 uagb-infobox__content-wrap  uagb-infobox-icon-above-title uagb-infobox-image-valign-top\"><div class=\"uagb-ifb-content\"><div class=\"uagb-ifb-title-wrap\"><h3 class=\"uagb-ifb-title\">A-PENTUE<\/h3><\/div><p class=\"uagb-ifb-desc\">Syntyneet: 23.5.2022&nbsp;<br>Is\u00e4: Murphy Von Reynard&nbsp;<br>Emo: Lady Minnie Cupcake&nbsp;<br>Pentuja: Uroksia: 3, Narttuja: 1<\/p><\/div><\/div>\n<\/div>\n\n\n\n<div class=\"wp-block-uagb-container uagb-block-e4aadb38\">\n<div class=\"wp-block-uagb-info-box uagb-block-dffaf256 uagb-infobox__content-wrap  uagb-infobox-icon-above-title uagb-infobox-image-valign-top\"><div class=\"uagb-ifb-content\"><div class=\"uagb-ifb-title-wrap\"><h3 class=\"uagb-ifb-title\">B-PENTUE<\/h3><\/div><p class=\"uagb-ifb-desc\">Syntyneet: 4.7.2023&nbsp;<br>Is\u00e4: Tophias Darktooth&nbsp;<br>Emo: Stella Palefur&nbsp;&nbsp;<br>Pentuja: Uroksia: 1, Narttuja: 2&nbsp;<\/p><\/div><\/div>\n<\/div>\n<\/div><\/div>\n","protected":false},"excerpt":{"rendered":"<p>OMAT KOIRAT PENTUEET<\/p>\n","protected":false},"author":1052,"featured_media":0,"parent":0,"menu_order":3,"comment_status":"closed","ping_status":"closed","template":"","meta":{"_uag_custom_page_level_css":"","site-sidebar-layout":"default","site-content-layout":"","ast-site-content-layout":"default","site-content-style":"default","site-sidebar-style":"default","ast-global-header-display":"","ast-banner-title-visibility":"","ast-main-header-display":"","ast-hfb-above-header-display":"","ast-hfb-below-header-display":"","ast-hfb-mobile-header-display":"","site-post-title":"disabled","ast-breadcrumbs-content":"","ast-featured-img":"","footer-sml-layout":"","ast-disable-related-posts":"","theme-transparent-header-meta":"","adv-header-id-meta":"","stick-header-meta":"","header-above-stick-meta":"","header-main-stick-meta":"","header-below-stick-meta":"","astra-migrate-meta-layouts":"","ast-page-background-enabled":"default","ast-page-background-meta":{"desktop":{"background-color":"var(--ast-global-color-4)","background-image":"","background-repeat":"repeat","background-position":"center center","background-size":"auto","background-attachment":"scroll","background-type":"","background-media":"","overlay-type":"","overlay-color":"","overlay-opacity":"","overlay-gradient":""},"tablet":{"background-color":"","background-image":"","background-repeat":"repeat","background-position":"center center","background-size":"auto","background-attachment":"scroll","background-type":"","background-media":"","overlay-type":"","overlay-color":"","overlay-opacity":"","overlay-gradient":""},"mobile":{"background-color":"","background-image":"","background-repeat":"repeat","background-position":"center center","background-size":"auto","background-attachment":"scroll","background-type":"","background-media":"","overlay-type":"","overlay-color":"","overlay-opacity":"","overlay-gradient":""}},"ast-content-background-meta":{"desktop":{"background-color":"var(--ast-global-color-5)","background-image":"","background-repeat":"repeat","background-position":"center center","background-size":"auto","background-attachment":"scroll","background-type":"","background-media":"","overlay-type":"","overlay-color":"","overlay-opacity":"","overlay-gradient":""},"tablet":{"background-color":"var(--ast-global-color-5)","background-image":"","background-repeat":"repeat","background-position":"center center","background-size":"auto","background-attachment":"scroll","background-type":"","background-media":"","overlay-type":"","overlay-color":"","overlay-opacity":"","overlay-gradient":""},"mobile":{"background-color":"var(--ast-global-color-5)","background-image":"","background-repeat":"repeat","background-position":"center center","background-size":"auto","background-attachment":"scroll","background-type":"","background-media":"","overlay-type":"","overlay-color":"","overlay-opacity":"","overlay-gradient":""}},"footnotes":""},"class_list":["post-14","page","type-page","status-publish","hentry"],"yoast_head":"<!-- This site is optimized with the Yoast SEO plugin v27.2 - https:\/\/yoast.com\/product\/yoast-seo-wordpress\/ -->\n<title>Meid\u00e4n koirat ja pentueet - KennelGoldie<\/title>\n<meta name=\"robots\" content=\"index, follow, max-snippet:-1, max-image-preview:large, max-video-preview:-1\" \/>\n<link rel=\"canonical\" href=\"https:\/\/blogit.gradia.fi\/mkpt2303-kemppainen\/meidan-koirat-ja-pentueet\/\" \/>\n<meta property=\"og:locale\" content=\"fi_FI\" \/>\n<meta property=\"og:type\" content=\"article\" \/>\n<meta property=\"og:title\" content=\"Meid\u00e4n koirat ja pentueet - KennelGoldie\" \/>\n<meta property=\"og:description\" content=\"OMAT KOIRAT PENTUEET\" \/>\n<meta property=\"og:url\" content=\"https:\/\/blogit.gradia.fi\/mkpt2303-kemppainen\/meidan-koirat-ja-pentueet\/\" \/>\n<meta property=\"og:site_name\" content=\"KennelGoldie\" \/>\n<meta property=\"article:modified_time\" content=\"2024-01-25T07:28:05+00:00\" \/>\n<meta property=\"og:image\" content=\"https:\/\/blogit.gradia.fi\/mkpt2303-kemppainen\/wp-content\/uploads\/sites\/515\/2024\/01\/5-1-200x300.jpg\" \/>\n<meta name=\"twitter:card\" content=\"summary_large_image\" \/>\n<meta name=\"twitter:label1\" content=\"Arvioitu lukuaika\" \/>\n\t<meta name=\"twitter:data1\" content=\"2 minuuttia\" \/>\n<script type=\"application\/ld+json\" class=\"yoast-schema-graph\">{\"@context\":\"https:\/\/schema.org\",\"@graph\":[{\"@type\":\"WebPage\",\"@id\":\"https:\/\/blogit.gradia.fi\/mkpt2303-kemppainen\/meidan-koirat-ja-pentueet\/\",\"url\":\"https:\/\/blogit.gradia.fi\/mkpt2303-kemppainen\/meidan-koirat-ja-pentueet\/\",\"name\":\"Meid\u00e4n koirat ja pentueet - KennelGoldie\",\"isPartOf\":{\"@id\":\"https:\/\/blogit.gradia.fi\/mkpt2303-kemppainen\/#website\"},\"primaryImageOfPage\":{\"@id\":\"https:\/\/blogit.gradia.fi\/mkpt2303-kemppainen\/meidan-koirat-ja-pentueet\/#primaryimage\"},\"image\":{\"@id\":\"https:\/\/blogit.gradia.fi\/mkpt2303-kemppainen\/meidan-koirat-ja-pentueet\/#primaryimage\"},\"thumbnailUrl\":\"https:\/\/blogit.gradia.fi\/mkpt2303-kemppainen\/wp-content\/uploads\/sites\/515\/2024\/01\/5-1-200x300.jpg\",\"datePublished\":\"2023-11-24T06:55:14+00:00\",\"dateModified\":\"2024-01-25T07:28:05+00:00\",\"breadcrumb\":{\"@id\":\"https:\/\/blogit.gradia.fi\/mkpt2303-kemppainen\/meidan-koirat-ja-pentueet\/#breadcrumb\"},\"inLanguage\":\"fi\",\"potentialAction\":[{\"@type\":\"ReadAction\",\"target\":[\"https:\/\/blogit.gradia.fi\/mkpt2303-kemppainen\/meidan-koirat-ja-pentueet\/\"]}]},{\"@type\":\"ImageObject\",\"inLanguage\":\"fi\",\"@id\":\"https:\/\/blogit.gradia.fi\/mkpt2303-kemppainen\/meidan-koirat-ja-pentueet\/#primaryimage\",\"url\":\"https:\/\/blogit.gradia.fi\/mkpt2303-kemppainen\/wp-content\/uploads\/sites\/515\/2024\/01\/5-1.jpg\",\"contentUrl\":\"https:\/\/blogit.gradia.fi\/mkpt2303-kemppainen\/wp-content\/uploads\/sites\/515\/2024\/01\/5-1.jpg\",\"width\":427,\"height\":640},{\"@type\":\"BreadcrumbList\",\"@id\":\"https:\/\/blogit.gradia.fi\/mkpt2303-kemppainen\/meidan-koirat-ja-pentueet\/#breadcrumb\",\"itemListElement\":[{\"@type\":\"ListItem\",\"position\":1,\"name\":\"Etusivu\",\"item\":\"https:\/\/blogit.gradia.fi\/mkpt2303-kemppainen\/\"},{\"@type\":\"ListItem\",\"position\":2,\"name\":\"Meid\u00e4n koirat ja pentueet\"}]},{\"@type\":\"WebSite\",\"@id\":\"https:\/\/blogit.gradia.fi\/mkpt2303-kemppainen\/#website\",\"url\":\"https:\/\/blogit.gradia.fi\/mkpt2303-kemppainen\/\",\"name\":\"KennelGoldie\",\"description\":\"Digimarkkinointia keskisuomessa\",\"publisher\":{\"@id\":\"https:\/\/blogit.gradia.fi\/mkpt2303-kemppainen\/#organization\"},\"potentialAction\":[{\"@type\":\"SearchAction\",\"target\":{\"@type\":\"EntryPoint\",\"urlTemplate\":\"https:\/\/blogit.gradia.fi\/mkpt2303-kemppainen\/?s={search_term_string}\"},\"query-input\":{\"@type\":\"PropertyValueSpecification\",\"valueRequired\":true,\"valueName\":\"search_term_string\"}}],\"inLanguage\":\"fi\"},{\"@type\":\"Organization\",\"@id\":\"https:\/\/blogit.gradia.fi\/mkpt2303-kemppainen\/#organization\",\"name\":\"KennelGoldie\",\"url\":\"https:\/\/blogit.gradia.fi\/mkpt2303-kemppainen\/\",\"logo\":{\"@type\":\"ImageObject\",\"inLanguage\":\"fi\",\"@id\":\"https:\/\/blogit.gradia.fi\/mkpt2303-kemppainen\/#\/schema\/logo\/image\/\",\"url\":\"https:\/\/blogit.gradia.fi\/mkpt2303-kemppainen\/wp-content\/uploads\/sites\/515\/2024\/01\/logo.png\",\"contentUrl\":\"https:\/\/blogit.gradia.fi\/mkpt2303-kemppainen\/wp-content\/uploads\/sites\/515\/2024\/01\/logo.png\",\"width\":244,\"height\":241,\"caption\":\"KennelGoldie\"},\"image\":{\"@id\":\"https:\/\/blogit.gradia.fi\/mkpt2303-kemppainen\/#\/schema\/logo\/image\/\"}}]}<\/script>\n<!-- \/ Yoast SEO plugin. -->","yoast_head_json":{"title":"Meid\u00e4n koirat ja pentueet - KennelGoldie","robots":{"index":"index","follow":"follow","max-snippet":"max-snippet:-1","max-image-preview":"max-image-preview:large","max-video-preview":"max-video-preview:-1"},"canonical":"https:\/\/blogit.gradia.fi\/mkpt2303-kemppainen\/meidan-koirat-ja-pentueet\/","og_locale":"fi_FI","og_type":"article","og_title":"Meid\u00e4n koirat ja pentueet - KennelGoldie","og_description":"OMAT KOIRAT PENTUEET","og_url":"https:\/\/blogit.gradia.fi\/mkpt2303-kemppainen\/meidan-koirat-ja-pentueet\/","og_site_name":"KennelGoldie","article_modified_time":"2024-01-25T07:28:05+00:00","og_image":[{"url":"https:\/\/blogit.gradia.fi\/mkpt2303-kemppainen\/wp-content\/uploads\/sites\/515\/2024\/01\/5-1-200x300.jpg","type":"","width":"","height":""}],"twitter_card":"summary_large_image","twitter_misc":{"Arvioitu lukuaika":"2 minuuttia"},"schema":{"@context":"https:\/\/schema.org","@graph":[{"@type":"WebPage","@id":"https:\/\/blogit.gradia.fi\/mkpt2303-kemppainen\/meidan-koirat-ja-pentueet\/","url":"https:\/\/blogit.gradia.fi\/mkpt2303-kemppainen\/meidan-koirat-ja-pentueet\/","name":"Meid\u00e4n koirat ja pentueet - KennelGoldie","isPartOf":{"@id":"https:\/\/blogit.gradia.fi\/mkpt2303-kemppainen\/#website"},"primaryImageOfPage":{"@id":"https:\/\/blogit.gradia.fi\/mkpt2303-kemppainen\/meidan-koirat-ja-pentueet\/#primaryimage"},"image":{"@id":"https:\/\/blogit.gradia.fi\/mkpt2303-kemppainen\/meidan-koirat-ja-pentueet\/#primaryimage"},"thumbnailUrl":"https:\/\/blogit.gradia.fi\/mkpt2303-kemppainen\/wp-content\/uploads\/sites\/515\/2024\/01\/5-1-200x300.jpg","datePublished":"2023-11-24T06:55:14+00:00","dateModified":"2024-01-25T07:28:05+00:00","breadcrumb":{"@id":"https:\/\/blogit.gradia.fi\/mkpt2303-kemppainen\/meidan-koirat-ja-pentueet\/#breadcrumb"},"inLanguage":"fi","potentialAction":[{"@type":"ReadAction","target":["https:\/\/blogit.gradia.fi\/mkpt2303-kemppainen\/meidan-koirat-ja-pentueet\/"]}]},{"@type":"ImageObject","inLanguage":"fi","@id":"https:\/\/blogit.gradia.fi\/mkpt2303-kemppainen\/meidan-koirat-ja-pentueet\/#primaryimage","url":"https:\/\/blogit.gradia.fi\/mkpt2303-kemppainen\/wp-content\/uploads\/sites\/515\/2024\/01\/5-1.jpg","contentUrl":"https:\/\/blogit.gradia.fi\/mkpt2303-kemppainen\/wp-content\/uploads\/sites\/515\/2024\/01\/5-1.jpg","width":427,"height":640},{"@type":"BreadcrumbList","@id":"https:\/\/blogit.gradia.fi\/mkpt2303-kemppainen\/meidan-koirat-ja-pentueet\/#breadcrumb","itemListElement":[{"@type":"ListItem","position":1,"name":"Etusivu","item":"https:\/\/blogit.gradia.fi\/mkpt2303-kemppainen\/"},{"@type":"ListItem","position":2,"name":"Meid\u00e4n koirat ja pentueet"}]},{"@type":"WebSite","@id":"https:\/\/blogit.gradia.fi\/mkpt2303-kemppainen\/#website","url":"https:\/\/blogit.gradia.fi\/mkpt2303-kemppainen\/","name":"KennelGoldie","description":"Digimarkkinointia keskisuomessa","publisher":{"@id":"https:\/\/blogit.gradia.fi\/mkpt2303-kemppainen\/#organization"},"potentialAction":[{"@type":"SearchAction","target":{"@type":"EntryPoint","urlTemplate":"https:\/\/blogit.gradia.fi\/mkpt2303-kemppainen\/?s={search_term_string}"},"query-input":{"@type":"PropertyValueSpecification","valueRequired":true,"valueName":"search_term_string"}}],"inLanguage":"fi"},{"@type":"Organization","@id":"https:\/\/blogit.gradia.fi\/mkpt2303-kemppainen\/#organization","name":"KennelGoldie","url":"https:\/\/blogit.gradia.fi\/mkpt2303-kemppainen\/","logo":{"@type":"ImageObject","inLanguage":"fi","@id":"https:\/\/blogit.gradia.fi\/mkpt2303-kemppainen\/#\/schema\/logo\/image\/","url":"https:\/\/blogit.gradia.fi\/mkpt2303-kemppainen\/wp-content\/uploads\/sites\/515\/2024\/01\/logo.png","contentUrl":"https:\/\/blogit.gradia.fi\/mkpt2303-kemppainen\/wp-content\/uploads\/sites\/515\/2024\/01\/logo.png","width":244,"height":241,"caption":"KennelGoldie"},"image":{"@id":"https:\/\/blogit.gradia.fi\/mkpt2303-kemppainen\/#\/schema\/logo\/image\/"}}]}},"uagb_featured_image_src":{"full":false,"thumbnail":false,"medium":false,"medium_large":false,"large":false,"1536x1536":false,"2048x2048":false},"uagb_author_info":{"display_name":"Eevi Kemppainen","author_link":"https:\/\/blogit.gradia.fi\/mkpt2303-kemppainen\/author\/gr289276\/"},"uagb_comment_info":0,"uagb_excerpt":"OMAT KOIRAT PENTUEET","_links":{"self":[{"href":"https:\/\/blogit.gradia.fi\/mkpt2303-kemppainen\/wp-json\/wp\/v2\/pages\/14","targetHints":{"allow":["GET"]}}],"collection":[{"href":"https:\/\/blogit.gradia.fi\/mkpt2303-kemppainen\/wp-json\/wp\/v2\/pages"}],"about":[{"href":"https:\/\/blogit.gradia.fi\/mkpt2303-kemppainen\/wp-json\/wp\/v2\/types\/page"}],"author":[{"embeddable":true,"href":"https:\/\/blogit.gradia.fi\/mkpt2303-kemppainen\/wp-json\/wp\/v2\/users\/1052"}],"replies":[{"embeddable":true,"href":"https:\/\/blogit.gradia.fi\/mkpt2303-kemppainen\/wp-json\/wp\/v2\/comments?post=14"}],"version-history":[{"count":15,"href":"https:\/\/blogit.gradia.fi\/mkpt2303-kemppainen\/wp-json\/wp\/v2\/pages\/14\/revisions"}],"predecessor-version":[{"id":191,"href":"https:\/\/blogit.gradia.fi\/mkpt2303-kemppainen\/wp-json\/wp\/v2\/pages\/14\/revisions\/191"}],"wp:attachment":[{"href":"https:\/\/blogit.gradia.fi\/mkpt2303-kemppainen\/wp-json\/wp\/v2\/media?parent=14"}],"curies":[{"name":"wp","href":"https:\/\/api.w.org\/{rel}","templated":true}]}}