{"id":46,"date":"2023-01-26T08:48:02","date_gmt":"2023-01-26T06:48:02","guid":{"rendered":"https:\/\/blogit.gradia.fi\/mkpt2204-vinogradova\/?page_id=46"},"modified":"2023-03-12T10:05:31","modified_gmt":"2023-03-12T08:05:31","slug":"ota-yhteytta","status":"publish","type":"page","link":"https:\/\/blogit.gradia.fi\/mkpt2204-vinogradova\/ota-yhteytta\/","title":{"rendered":"Ota yhteytt\u00e4"},"content":{"rendered":"\n<div class=\"wp-block-uagb-advanced-heading uagb-block-d41249f4\"><h1 class=\"uagb-heading-text\">Ota yhteytt\u00e4<\/h1><\/div>\n\n\n\n<div class=\"wp-block-uagb-container uagb-block-eacbb7a1 alignfull uagb-is-root-container\"><div class=\"uagb-container-inner-blocks-wrap\">\n<div class=\"wp-block-uagb-container uagb-block-dad0ce53\">\n<h2 class=\"has-text-align-center has-large-font-size wp-block-heading\">Aukioloajat<\/h2>\n\n\n\n<p class=\"has-text-align-center\">Arkisin 8:00 &#8211; 20:00<br>Viikonloppuisin 10:00 &#8211; 16:00<br>Lomilla sopimuksen mukaan<\/p>\n<\/div>\n\n\n\n<div class=\"wp-block-uagb-container uagb-block-c02c7778\">\n<div class=\"wp-block-uagb-image uagb-block-481385ab wp-block-uagb-image--layout-default wp-block-uagb-image--effect-static wp-block-uagb-image--align-none\"><figure class=\"wp-block-uagb-image__figure\"><img decoding=\"async\" src=\"https:\/\/blogit.gradia.fi\/mkpt2204-vinogradova\/wp-content\/uploads\/sites\/391\/2023\/03\/wildlife-photography-1551699_1920-1024x678.jpg\" alt=\"\" class=\"uag-image-408\" width=\"\" height=\"\" title=\"\" loading=\"lazy\" \/><\/figure><\/div>\n<\/div>\n<\/div><\/div>\n\n\n\n<div class=\"wp-block-uagb-container uagb-block-8eb1cb9a alignfull uagb-is-root-container\"><div class=\"uagb-container-inner-blocks-wrap\">\n<div class=\"wp-block-uagb-container uagb-block-bfbcd045\">\n<div class=\"wp-block-uagb-image uagb-block-948a50e5 wp-block-uagb-image--layout-default wp-block-uagb-image--effect-static wp-block-uagb-image--align-none\"><figure class=\"wp-block-uagb-image__figure\"><img loading=\"lazy\" decoding=\"async\" src=\"https:\/\/blogit.gradia.fi\/mkpt2204-vinogradova\/wp-content\/uploads\/sites\/391\/2023\/03\/golden-2763254_1920-kopio-1024x678.jpg\" alt=\"\" class=\"uag-image-409\" width=\"667\" height=\"463\" title=\"\" loading=\"lazy\" \/><\/figure><\/div>\n<\/div>\n\n\n\n<div class=\"wp-block-uagb-container uagb-block-ee6ef438\">\n<h2 class=\"has-text-align-center has-large-font-size wp-block-heading\">Osoite<\/h2>\n\n\n\n<p class=\"has-text-align-center\" style=\"font-size:16px\">Viitaniementie A1<br>Jyv\u00e4skyl\u00e4<\/p>\n<\/div>\n<\/div><\/div>\n\n\n\n<div class=\"wp-block-uagb-container uagb-block-545d6283 alignfull uagb-is-root-container\"><div class=\"uagb-container-inner-blocks-wrap\">\n<div class=\"wp-block-uagb-container uagb-block-2f6882c4\">\n<h2 class=\"has-text-align-center wp-block-heading\">Meid\u00e4n tiimi<\/h2>\n<\/div>\n<\/div><\/div>\n\n\n\n<div class=\"wp-block-uagb-container uagb-block-a87c4246 alignfull uagb-is-root-container\"><div class=\"uagb-container-inner-blocks-wrap\">\n<div class=\"wp-block-uagb-container uagb-block-347eba4c\">\n<div class=\"wp-block-uagb-image uagb-block-29441010 wp-block-uagb-image--layout-default wp-block-uagb-image--effect-static wp-block-uagb-image--align-none\"><figure class=\"wp-block-uagb-image__figure\"><img loading=\"lazy\" decoding=\"async\" src=\"https:\/\/blogit.gradia.fi\/mkpt2204-vinogradova\/wp-content\/uploads\/sites\/391\/2023\/01\/pexels-photo-1681010.jpeg\" alt=\"\" class=\"uag-image-82\" width=\"129\" height=\"138\" title=\"\" loading=\"lazy\" \/><\/figure><\/div>\n<\/div>\n\n\n\n<div class=\"wp-block-uagb-container uagb-block-8c21383d\">\n<div class=\"wp-block-uagb-image uagb-block-881cb8ee wp-block-uagb-image--layout-default wp-block-uagb-image--effect-static wp-block-uagb-image--align-none\"><figure class=\"wp-block-uagb-image__figure\"><img loading=\"lazy\" decoding=\"async\" src=\"https:\/\/blogit.gradia.fi\/mkpt2204-vinogradova\/wp-content\/uploads\/sites\/391\/2023\/01\/pexels-photo-774909-1.jpeg\" alt=\"\" class=\"uag-image-97\" width=\"129\" height=\"194\" title=\"\" loading=\"lazy\" \/><\/figure><\/div>\n<\/div>\n<\/div><\/div>\n","protected":false},"excerpt":{"rendered":"<p>Ota yhteytt\u00e4 Aukioloajat Arkisin 8:00 &#8211; 20:00Viikonloppuisin 10:00 &#8211; 16:00Lomilla sopimuksen mukaan Osoite Viitaniementie A1Jyv\u00e4skyl\u00e4 Meid\u00e4n tiimi<\/p>\n","protected":false},"author":932,"featured_media":0,"parent":0,"menu_order":0,"comment_status":"closed","ping_status":"closed","template":"","meta":{"_uag_custom_page_level_css":"","site-sidebar-layout":"default","site-content-layout":"","ast-site-content-layout":"default","site-content-style":"default","site-sidebar-style":"default","ast-global-header-display":"","ast-banner-title-visibility":"","ast-main-header-display":"","ast-hfb-above-header-display":"","ast-hfb-below-header-display":"","ast-hfb-mobile-header-display":"","site-post-title":"disabled","ast-breadcrumbs-content":"","ast-featured-img":"","footer-sml-layout":"","ast-disable-related-posts":"","theme-transparent-header-meta":"","adv-header-id-meta":"","stick-header-meta":"","header-above-stick-meta":"","header-main-stick-meta":"","header-below-stick-meta":"","astra-migrate-meta-layouts":"default","ast-page-background-enabled":"default","ast-page-background-meta":{"desktop":{"background-color":"var(--ast-global-color-4)","background-image":"","background-repeat":"repeat","background-position":"center center","background-size":"auto","background-attachment":"scroll","background-type":"","background-media":"","overlay-type":"","overlay-color":"","overlay-opacity":"","overlay-gradient":""},"tablet":{"background-color":"","background-image":"","background-repeat":"repeat","background-position":"center center","background-size":"auto","background-attachment":"scroll","background-type":"","background-media":"","overlay-type":"","overlay-color":"","overlay-opacity":"","overlay-gradient":""},"mobile":{"background-color":"","background-image":"","background-repeat":"repeat","background-position":"center center","background-size":"auto","background-attachment":"scroll","background-type":"","background-media":"","overlay-type":"","overlay-color":"","overlay-opacity":"","overlay-gradient":""}},"ast-content-background-meta":{"desktop":{"background-color":"var(--ast-global-color-5)","background-image":"","background-repeat":"repeat","background-position":"center center","background-size":"auto","background-attachment":"scroll","background-type":"","background-media":"","overlay-type":"","overlay-color":"","overlay-opacity":"","overlay-gradient":""},"tablet":{"background-color":"var(--ast-global-color-5)","background-image":"","background-repeat":"repeat","background-position":"center center","background-size":"auto","background-attachment":"scroll","background-type":"","background-media":"","overlay-type":"","overlay-color":"","overlay-opacity":"","overlay-gradient":""},"mobile":{"background-color":"var(--ast-global-color-5)","background-image":"","background-repeat":"repeat","background-position":"center center","background-size":"auto","background-attachment":"scroll","background-type":"","background-media":"","overlay-type":"","overlay-color":"","overlay-opacity":"","overlay-gradient":""}},"footnotes":""},"class_list":["post-46","page","type-page","status-publish","hentry"],"yoast_head":"<!-- This site is optimized with the Yoast SEO plugin v27.2 - https:\/\/yoast.com\/product\/yoast-seo-wordpress\/ -->\n<title>Ota yhteytt\u00e4 - Kultsi &amp; Noutaja<\/title>\n<meta name=\"robots\" content=\"index, follow, max-snippet:-1, max-image-preview:large, max-video-preview:-1\" \/>\n<link rel=\"canonical\" href=\"https:\/\/blogit.gradia.fi\/mkpt2204-vinogradova\/ota-yhteytta\/\" \/>\n<meta property=\"og:locale\" content=\"fi_FI\" \/>\n<meta property=\"og:type\" content=\"article\" \/>\n<meta property=\"og:title\" content=\"Ota yhteytt\u00e4 - Kultsi &amp; Noutaja\" \/>\n<meta property=\"og:description\" content=\"Ota yhteytt\u00e4 Aukioloajat Arkisin 8:00 &#8211; 20:00Viikonloppuisin 10:00 &#8211; 16:00Lomilla sopimuksen mukaan Osoite Viitaniementie A1Jyv\u00e4skyl\u00e4 Meid\u00e4n tiimi\" \/>\n<meta property=\"og:url\" content=\"https:\/\/blogit.gradia.fi\/mkpt2204-vinogradova\/ota-yhteytta\/\" \/>\n<meta property=\"og:site_name\" content=\"Kultsi &amp; Noutaja\" \/>\n<meta property=\"article:modified_time\" content=\"2023-03-12T08:05:31+00:00\" \/>\n<meta property=\"og:image\" content=\"https:\/\/blogit.gradia.fi\/mkpt2204-vinogradova\/wp-content\/uploads\/sites\/391\/2023\/03\/wildlife-photography-1551699_1920-1024x678.jpg\" \/>\n<meta name=\"twitter:card\" content=\"summary_large_image\" \/>\n<meta name=\"twitter:label1\" content=\"Arvioitu lukuaika\" \/>\n\t<meta name=\"twitter:data1\" content=\"1 minuutti\" \/>\n<script type=\"application\/ld+json\" class=\"yoast-schema-graph\">{\"@context\":\"https:\/\/schema.org\",\"@graph\":[{\"@type\":\"WebPage\",\"@id\":\"https:\/\/blogit.gradia.fi\/mkpt2204-vinogradova\/ota-yhteytta\/\",\"url\":\"https:\/\/blogit.gradia.fi\/mkpt2204-vinogradova\/ota-yhteytta\/\",\"name\":\"Ota yhteytt\u00e4 - Kultsi &amp; Noutaja\",\"isPartOf\":{\"@id\":\"https:\/\/blogit.gradia.fi\/mkpt2204-vinogradova\/#website\"},\"primaryImageOfPage\":{\"@id\":\"https:\/\/blogit.gradia.fi\/mkpt2204-vinogradova\/ota-yhteytta\/#primaryimage\"},\"image\":{\"@id\":\"https:\/\/blogit.gradia.fi\/mkpt2204-vinogradova\/ota-yhteytta\/#primaryimage\"},\"thumbnailUrl\":\"https:\/\/blogit.gradia.fi\/mkpt2204-vinogradova\/wp-content\/uploads\/sites\/391\/2023\/03\/wildlife-photography-1551699_1920-1024x678.jpg\",\"datePublished\":\"2023-01-26T06:48:02+00:00\",\"dateModified\":\"2023-03-12T08:05:31+00:00\",\"breadcrumb\":{\"@id\":\"https:\/\/blogit.gradia.fi\/mkpt2204-vinogradova\/ota-yhteytta\/#breadcrumb\"},\"inLanguage\":\"fi\",\"potentialAction\":[{\"@type\":\"ReadAction\",\"target\":[\"https:\/\/blogit.gradia.fi\/mkpt2204-vinogradova\/ota-yhteytta\/\"]}]},{\"@type\":\"ImageObject\",\"inLanguage\":\"fi\",\"@id\":\"https:\/\/blogit.gradia.fi\/mkpt2204-vinogradova\/ota-yhteytta\/#primaryimage\",\"url\":\"https:\/\/blogit.gradia.fi\/mkpt2204-vinogradova\/wp-content\/uploads\/sites\/391\/2023\/03\/wildlife-photography-1551699_1920.jpg\",\"contentUrl\":\"https:\/\/blogit.gradia.fi\/mkpt2204-vinogradova\/wp-content\/uploads\/sites\/391\/2023\/03\/wildlife-photography-1551699_1920.jpg\",\"width\":1920,\"height\":1271},{\"@type\":\"BreadcrumbList\",\"@id\":\"https:\/\/blogit.gradia.fi\/mkpt2204-vinogradova\/ota-yhteytta\/#breadcrumb\",\"itemListElement\":[{\"@type\":\"ListItem\",\"position\":1,\"name\":\"Etusivu\",\"item\":\"https:\/\/blogit.gradia.fi\/mkpt2204-vinogradova\/\"},{\"@type\":\"ListItem\",\"position\":2,\"name\":\"Ota yhteytt\u00e4\"}]},{\"@type\":\"WebSite\",\"@id\":\"https:\/\/blogit.gradia.fi\/mkpt2204-vinogradova\/#website\",\"url\":\"https:\/\/blogit.gradia.fi\/mkpt2204-vinogradova\/\",\"name\":\"Kultsi &amp; Noutaja\",\"description\":\"Jyv\u00e4skyl\u00e4n seudulla sijaitseva kultaistennoutajien erikoiskennel\",\"publisher\":{\"@id\":\"https:\/\/blogit.gradia.fi\/mkpt2204-vinogradova\/#organization\"},\"potentialAction\":[{\"@type\":\"SearchAction\",\"target\":{\"@type\":\"EntryPoint\",\"urlTemplate\":\"https:\/\/blogit.gradia.fi\/mkpt2204-vinogradova\/?s={search_term_string}\"},\"query-input\":{\"@type\":\"PropertyValueSpecification\",\"valueRequired\":true,\"valueName\":\"search_term_string\"}}],\"inLanguage\":\"fi\"},{\"@type\":\"Organization\",\"@id\":\"https:\/\/blogit.gradia.fi\/mkpt2204-vinogradova\/#organization\",\"name\":\"Kultsi &amp; Noutaja\",\"url\":\"https:\/\/blogit.gradia.fi\/mkpt2204-vinogradova\/\",\"logo\":{\"@type\":\"ImageObject\",\"inLanguage\":\"fi\",\"@id\":\"https:\/\/blogit.gradia.fi\/mkpt2204-vinogradova\/#\/schema\/logo\/image\/\",\"url\":\"https:\/\/blogit.gradia.fi\/mkpt2204-vinogradova\/wp-content\/uploads\/sites\/391\/2023\/03\/tassu_logo_lada.png\",\"contentUrl\":\"https:\/\/blogit.gradia.fi\/mkpt2204-vinogradova\/wp-content\/uploads\/sites\/391\/2023\/03\/tassu_logo_lada.png\",\"width\":403,\"height\":402,\"caption\":\"Kultsi &amp; Noutaja\"},\"image\":{\"@id\":\"https:\/\/blogit.gradia.fi\/mkpt2204-vinogradova\/#\/schema\/logo\/image\/\"}}]}<\/script>\n<!-- \/ Yoast SEO plugin. -->","yoast_head_json":{"title":"Ota yhteytt\u00e4 - Kultsi &amp; Noutaja","robots":{"index":"index","follow":"follow","max-snippet":"max-snippet:-1","max-image-preview":"max-image-preview:large","max-video-preview":"max-video-preview:-1"},"canonical":"https:\/\/blogit.gradia.fi\/mkpt2204-vinogradova\/ota-yhteytta\/","og_locale":"fi_FI","og_type":"article","og_title":"Ota yhteytt\u00e4 - Kultsi &amp; Noutaja","og_description":"Ota yhteytt\u00e4 Aukioloajat Arkisin 8:00 &#8211; 20:00Viikonloppuisin 10:00 &#8211; 16:00Lomilla sopimuksen mukaan Osoite Viitaniementie A1Jyv\u00e4skyl\u00e4 Meid\u00e4n tiimi","og_url":"https:\/\/blogit.gradia.fi\/mkpt2204-vinogradova\/ota-yhteytta\/","og_site_name":"Kultsi &amp; Noutaja","article_modified_time":"2023-03-12T08:05:31+00:00","og_image":[{"url":"https:\/\/blogit.gradia.fi\/mkpt2204-vinogradova\/wp-content\/uploads\/sites\/391\/2023\/03\/wildlife-photography-1551699_1920-1024x678.jpg","type":"","width":"","height":""}],"twitter_card":"summary_large_image","twitter_misc":{"Arvioitu lukuaika":"1 minuutti"},"schema":{"@context":"https:\/\/schema.org","@graph":[{"@type":"WebPage","@id":"https:\/\/blogit.gradia.fi\/mkpt2204-vinogradova\/ota-yhteytta\/","url":"https:\/\/blogit.gradia.fi\/mkpt2204-vinogradova\/ota-yhteytta\/","name":"Ota yhteytt\u00e4 - Kultsi &amp; Noutaja","isPartOf":{"@id":"https:\/\/blogit.gradia.fi\/mkpt2204-vinogradova\/#website"},"primaryImageOfPage":{"@id":"https:\/\/blogit.gradia.fi\/mkpt2204-vinogradova\/ota-yhteytta\/#primaryimage"},"image":{"@id":"https:\/\/blogit.gradia.fi\/mkpt2204-vinogradova\/ota-yhteytta\/#primaryimage"},"thumbnailUrl":"https:\/\/blogit.gradia.fi\/mkpt2204-vinogradova\/wp-content\/uploads\/sites\/391\/2023\/03\/wildlife-photography-1551699_1920-1024x678.jpg","datePublished":"2023-01-26T06:48:02+00:00","dateModified":"2023-03-12T08:05:31+00:00","breadcrumb":{"@id":"https:\/\/blogit.gradia.fi\/mkpt2204-vinogradova\/ota-yhteytta\/#breadcrumb"},"inLanguage":"fi","potentialAction":[{"@type":"ReadAction","target":["https:\/\/blogit.gradia.fi\/mkpt2204-vinogradova\/ota-yhteytta\/"]}]},{"@type":"ImageObject","inLanguage":"fi","@id":"https:\/\/blogit.gradia.fi\/mkpt2204-vinogradova\/ota-yhteytta\/#primaryimage","url":"https:\/\/blogit.gradia.fi\/mkpt2204-vinogradova\/wp-content\/uploads\/sites\/391\/2023\/03\/wildlife-photography-1551699_1920.jpg","contentUrl":"https:\/\/blogit.gradia.fi\/mkpt2204-vinogradova\/wp-content\/uploads\/sites\/391\/2023\/03\/wildlife-photography-1551699_1920.jpg","width":1920,"height":1271},{"@type":"BreadcrumbList","@id":"https:\/\/blogit.gradia.fi\/mkpt2204-vinogradova\/ota-yhteytta\/#breadcrumb","itemListElement":[{"@type":"ListItem","position":1,"name":"Etusivu","item":"https:\/\/blogit.gradia.fi\/mkpt2204-vinogradova\/"},{"@type":"ListItem","position":2,"name":"Ota yhteytt\u00e4"}]},{"@type":"WebSite","@id":"https:\/\/blogit.gradia.fi\/mkpt2204-vinogradova\/#website","url":"https:\/\/blogit.gradia.fi\/mkpt2204-vinogradova\/","name":"Kultsi &amp; Noutaja","description":"Jyv\u00e4skyl\u00e4n seudulla sijaitseva kultaistennoutajien erikoiskennel","publisher":{"@id":"https:\/\/blogit.gradia.fi\/mkpt2204-vinogradova\/#organization"},"potentialAction":[{"@type":"SearchAction","target":{"@type":"EntryPoint","urlTemplate":"https:\/\/blogit.gradia.fi\/mkpt2204-vinogradova\/?s={search_term_string}"},"query-input":{"@type":"PropertyValueSpecification","valueRequired":true,"valueName":"search_term_string"}}],"inLanguage":"fi"},{"@type":"Organization","@id":"https:\/\/blogit.gradia.fi\/mkpt2204-vinogradova\/#organization","name":"Kultsi &amp; Noutaja","url":"https:\/\/blogit.gradia.fi\/mkpt2204-vinogradova\/","logo":{"@type":"ImageObject","inLanguage":"fi","@id":"https:\/\/blogit.gradia.fi\/mkpt2204-vinogradova\/#\/schema\/logo\/image\/","url":"https:\/\/blogit.gradia.fi\/mkpt2204-vinogradova\/wp-content\/uploads\/sites\/391\/2023\/03\/tassu_logo_lada.png","contentUrl":"https:\/\/blogit.gradia.fi\/mkpt2204-vinogradova\/wp-content\/uploads\/sites\/391\/2023\/03\/tassu_logo_lada.png","width":403,"height":402,"caption":"Kultsi &amp; Noutaja"},"image":{"@id":"https:\/\/blogit.gradia.fi\/mkpt2204-vinogradova\/#\/schema\/logo\/image\/"}}]}},"uagb_featured_image_src":{"full":false,"thumbnail":false,"medium":false,"medium_large":false,"large":false,"1536x1536":false,"2048x2048":false},"uagb_author_info":{"display_name":"Lada Vinogradova","author_link":"https:\/\/blogit.gradia.fi\/mkpt2204-vinogradova\/author\/gr276331\/"},"uagb_comment_info":0,"uagb_excerpt":"Ota yhteytt\u00e4 Aukioloajat Arkisin 8:00 &#8211; 20:00Viikonloppuisin 10:00 &#8211; 16:00Lomilla sopimuksen mukaan Osoite Viitaniementie A1Jyv\u00e4skyl\u00e4 Meid\u00e4n tiimi","_links":{"self":[{"href":"https:\/\/blogit.gradia.fi\/mkpt2204-vinogradova\/wp-json\/wp\/v2\/pages\/46","targetHints":{"allow":["GET"]}}],"collection":[{"href":"https:\/\/blogit.gradia.fi\/mkpt2204-vinogradova\/wp-json\/wp\/v2\/pages"}],"about":[{"href":"https:\/\/blogit.gradia.fi\/mkpt2204-vinogradova\/wp-json\/wp\/v2\/types\/page"}],"author":[{"embeddable":true,"href":"https:\/\/blogit.gradia.fi\/mkpt2204-vinogradova\/wp-json\/wp\/v2\/users\/932"}],"replies":[{"embeddable":true,"href":"https:\/\/blogit.gradia.fi\/mkpt2204-vinogradova\/wp-json\/wp\/v2\/comments?post=46"}],"version-history":[{"count":15,"href":"https:\/\/blogit.gradia.fi\/mkpt2204-vinogradova\/wp-json\/wp\/v2\/pages\/46\/revisions"}],"predecessor-version":[{"id":445,"href":"https:\/\/blogit.gradia.fi\/mkpt2204-vinogradova\/wp-json\/wp\/v2\/pages\/46\/revisions\/445"}],"wp:attachment":[{"href":"https:\/\/blogit.gradia.fi\/mkpt2204-vinogradova\/wp-json\/wp\/v2\/media?parent=46"}],"curies":[{"name":"wp","href":"https:\/\/api.w.org\/{rel}","templated":true}]}}