{"id":39,"date":"2023-01-26T08:46:22","date_gmt":"2023-01-26T06:46:22","guid":{"rendered":"https:\/\/blogit.gradia.fi\/mkpt2204-vinogradova\/?page_id=39"},"modified":"2023-03-11T11:26:07","modified_gmt":"2023-03-11T09:26:07","slug":"palvelut","status":"publish","type":"page","link":"https:\/\/blogit.gradia.fi\/mkpt2204-vinogradova\/palvelut\/","title":{"rendered":"Meid\u00e4n koirat"},"content":{"rendered":"\n<div class=\"wp-block-uagb-advanced-heading uagb-block-8c3756c0\"><h1 class=\"uagb-heading-text\">Koiramme<\/h1><\/div>\n\n\n\n<div class=\"wp-block-uagb-container uagb-block-7cbfad58 alignfull uagb-is-root-container\"><div class=\"uagb-container-inner-blocks-wrap\">\n<div class=\"wp-block-uagb-container uagb-block-b86547a7\">\n<div class=\"wp-block-uagb-image uagb-block-9ea5bad0 wp-block-uagb-image--layout-default wp-block-uagb-image--effect-static wp-block-uagb-image--align-none\"><figure class=\"wp-block-uagb-image__figure\"><img decoding=\"async\" src=\"https:\/\/blogit.gradia.fi\/mkpt2204-vinogradova\/wp-content\/uploads\/sites\/391\/2023\/03\/Toto-kopio-1-1024x635.jpg\" alt=\"\" class=\"uag-image-287\" width=\"\" height=\"\" title=\"\" loading=\"lazy\" \/><\/figure><\/div>\n<\/div>\n\n\n\n<div class=\"wp-block-uagb-container uagb-block-5efc91ca\">\n<div class=\"wp-block-uagb-info-box uagb-block-a8e2bc86 uagb-infobox__content-wrap  uagb-infobox-icon-above-title uagb-infobox-image-valign-top\"><div class=\"uagb-ifb-content\"><div class=\"uagb-ifb-icon-wrap\"><\/div><div class=\"uagb-ifb-title-wrap\"><h3 class=\"uagb-ifb-title\">Toto<\/h3><\/div><p class=\"uagb-ifb-desc\">Virallinen nimi: Tophias Darktooth<br>Sukupuoli: Uros<br>Oma koira:<br>Kasvattaja: Kennel Cerbi<br>Syntym\u00e4p\u00e4iv\u00e4: 12.5.2011<br>Terveys:<br>Lonkat: A\/A Kyyn\u00e4rp\u00e4\u00e4t: 0\/0 Silm\u00e4t: ok<br>Meriitit:<br>1 x reserve CC 1 x CC from Estonia<\/p><\/div><\/div>\n<\/div>\n<\/div><\/div>\n\n\n\n<div class=\"wp-block-uagb-container uagb-block-2122a73d alignfull uagb-is-root-container\"><div class=\"uagb-container-inner-blocks-wrap\">\n<div class=\"wp-block-uagb-container uagb-block-476cd252\">\n<div class=\"wp-block-uagb-info-box uagb-block-35a95ce3 uagb-infobox__content-wrap  uagb-infobox-icon-above-title uagb-infobox-image-valign-top\"><div class=\"uagb-ifb-content\"><div class=\"uagb-ifb-icon-wrap\"><\/div><div class=\"uagb-ifb-title-wrap\"><h3 class=\"uagb-ifb-title\">Stella<\/h3><\/div><p class=\"uagb-ifb-desc\">Virallinen nimi: Stella Palefur<br>Sukupuoli: Naaras<br>Oma koira: X<br>Kasvattaja:<br>Syntym\u00e4p\u00e4iv\u00e4: 24.8.2015<br>Terveys:<br>Lonkat: A\/A Kyyn\u00e4rp\u00e4\u00e4t: 0\/0 Silm\u00e4t: clear, PRA-1 clear<br>Meriitit:<br>Puppy class 2nd with HP<br>Open class 1st\/EXC, CQ -&gt; 2nd BEST BITCH -&gt; CAC<\/p><\/div><\/div>\n<\/div>\n\n\n\n<div class=\"wp-block-uagb-container uagb-block-ca8a1373\"><\/div>\n<\/div><\/div>\n\n\n\n<div class=\"wp-block-uagb-container uagb-block-d6de09b7 alignfull uagb-is-root-container\"><div class=\"uagb-container-inner-blocks-wrap\">\n<div class=\"wp-block-uagb-container uagb-block-c6404b28\">\n<div class=\"wp-block-uagb-image uagb-block-ea02e30c wp-block-uagb-image--layout-default wp-block-uagb-image--effect-static wp-block-uagb-image--align-none\"><figure class=\"wp-block-uagb-image__figure\"><img decoding=\"async\" src=\"https:\/\/blogit.gradia.fi\/mkpt2204-vinogradova\/wp-content\/uploads\/sites\/391\/2023\/03\/Tille-kopio-1024x683.jpg\" alt=\"\" class=\"uag-image-283\" width=\"\" height=\"\" title=\"\" loading=\"lazy\" \/><\/figure><\/div>\n<\/div>\n\n\n\n<div class=\"wp-block-uagb-container uagb-block-58c1ca10\">\n<div class=\"wp-block-uagb-info-box uagb-block-71f1b022 uagb-infobox__content-wrap  uagb-infobox-icon-above-title uagb-infobox-image-valign-top\"><div class=\"uagb-ifb-content\"><div class=\"uagb-ifb-icon-wrap\"><\/div><div class=\"uagb-ifb-title-wrap\"><h3 class=\"uagb-ifb-title\">Tille<\/h3><\/div><p class=\"uagb-ifb-desc\">Virallinen nimi: Tiara Spiritrunner<br>Sukupuoli: Naaras<br>Oma koira: X<br>Kasvattaja:<br>Syntym\u00e4p\u00e4iv\u00e4: 11.3.2016<br>Terveys:<br>Lonkat: A\/A Kyyn\u00e4rp\u00e4\u00e4t: 0\/0 Silm\u00e4t: clear<br>Meriitit: Junior class 2nd with EXC<\/p><\/div><\/div>\n<\/div>\n<\/div><div class=\"uagb-container__shape uagb-container__shape-bottom uagb-container__invert\" data-negative=\"false\"><\/div><\/div>\n\n\n\n<div class=\"wp-block-uagb-container uagb-block-0cd06975 alignfull uagb-is-root-container\"><div class=\"uagb-container-inner-blocks-wrap\">\n<div class=\"wp-block-uagb-container uagb-block-738e2b89\">\n<div class=\"wp-block-uagb-info-box uagb-block-45c43d61 uagb-infobox__content-wrap  uagb-infobox-icon-above-title uagb-infobox-image-valign-top\"><div class=\"uagb-ifb-content\"><div class=\"uagb-ifb-icon-wrap\"><\/div><div class=\"uagb-ifb-title-wrap\"><h3 class=\"uagb-ifb-title\">Musti<\/h3><\/div><p class=\"uagb-ifb-desc\">Virallinen nimi: Murphy Von Reynard<br>Sukupuoli: Uros<br>Oma koira:<br>Kasvattaja: Kennel Reynard<br>Syntym\u00e4p\u00e4iv\u00e4: 5.1.2015<br>Terveys:<br>Lonkat: A\/A Kyyn\u00e4rp\u00e4\u00e4t: 0\/0 Silm\u00e4t: ok<br>Meriitit:<br>Puppy class 5-7 months 2nd with HP Junior class 3rd with EXC<\/p><\/div><\/div>\n<\/div>\n\n\n\n<div class=\"wp-block-uagb-container uagb-block-9e179d20\">\n<div class=\"wp-block-uagb-image uagb-block-cccf36fe wp-block-uagb-image--layout-default wp-block-uagb-image--effect-static wp-block-uagb-image--align-none\"><figure class=\"wp-block-uagb-image__figure\"><img decoding=\"async\" src=\"https:\/\/blogit.gradia.fi\/mkpt2204-vinogradova\/wp-content\/uploads\/sites\/391\/2023\/03\/Musti-kopio-2-1024x746.jpg\" alt=\"\" class=\"uag-image-286\" width=\"\" height=\"\" title=\"\" loading=\"lazy\" \/><\/figure><\/div>\n<\/div>\n<\/div><\/div>\n\n\n\n<div class=\"wp-block-uagb-container uagb-block-c418878d alignfull uagb-is-root-container\"><div class=\"uagb-container-inner-blocks-wrap\">\n<div class=\"wp-block-uagb-container uagb-block-3ef2a930\">\n<div class=\"wp-block-uagb-image uagb-block-c8e8c0bb wp-block-uagb-image--layout-default wp-block-uagb-image--effect-static wp-block-uagb-image--align-none\"><figure class=\"wp-block-uagb-image__figure\"><img decoding=\"async\" src=\"https:\/\/blogit.gradia.fi\/mkpt2204-vinogradova\/wp-content\/uploads\/sites\/391\/2023\/03\/Minni-kopio-1024x683.jpg\" alt=\"\" class=\"uag-image-285\" width=\"\" height=\"\" title=\"\" loading=\"lazy\" \/><\/figure><\/div>\n<\/div>\n\n\n\n<div class=\"wp-block-uagb-container uagb-block-e9a46545\">\n<div class=\"wp-block-uagb-info-box uagb-block-b4b82c45 uagb-infobox__content-wrap  uagb-infobox-icon-above-title uagb-infobox-image-valign-top\"><div class=\"uagb-ifb-content\"><div class=\"uagb-ifb-icon-wrap\"><\/div><div class=\"uagb-ifb-title-wrap\"><h3 class=\"uagb-ifb-title\">Minni<\/h3><\/div><p class=\"uagb-ifb-desc\">Virallinen nimi: Lady Minnie Cupcake<br>Sukupuoli: Naaras<br>Oma koira: X<br>Kasvattaja:<br>Syntym\u00e4p\u00e4iv\u00e4: 7.9.2014<br>Terveys:<br>Lonkat: A\/A Kyyn\u00e4rp\u00e4\u00e4t: 0\/0 Silm\u00e4t: ok<br>Meriitit:<br>Puppy class 5-7 months 3rd with HP Puppy class 7-9 months 1st with HP -&gt;BOB PUPPY Junior class 1st EXC, CQ, 3rd BEST BITCH, rec CC<\/p><\/div><\/div>\n<\/div>\n<\/div><\/div>\n","protected":false},"excerpt":{"rendered":"<p>Koiramme<\/p>\n","protected":false},"author":932,"featured_media":0,"parent":0,"menu_order":0,"comment_status":"closed","ping_status":"closed","template":"","meta":{"_uag_custom_page_level_css":"","site-sidebar-layout":"default","site-content-layout":"","ast-site-content-layout":"default","site-content-style":"default","site-sidebar-style":"default","ast-global-header-display":"","ast-banner-title-visibility":"","ast-main-header-display":"","ast-hfb-above-header-display":"","ast-hfb-below-header-display":"","ast-hfb-mobile-header-display":"","site-post-title":"disabled","ast-breadcrumbs-content":"","ast-featured-img":"","footer-sml-layout":"","ast-disable-related-posts":"","theme-transparent-header-meta":"","adv-header-id-meta":"","stick-header-meta":"","header-above-stick-meta":"","header-main-stick-meta":"","header-below-stick-meta":"","astra-migrate-meta-layouts":"default","ast-page-background-enabled":"default","ast-page-background-meta":{"desktop":{"background-color":"var(--ast-global-color-4)","background-image":"","background-repeat":"repeat","background-position":"center center","background-size":"auto","background-attachment":"scroll","background-type":"","background-media":"","overlay-type":"","overlay-color":"","overlay-opacity":"","overlay-gradient":""},"tablet":{"background-color":"","background-image":"","background-repeat":"repeat","background-position":"center center","background-size":"auto","background-attachment":"scroll","background-type":"","background-media":"","overlay-type":"","overlay-color":"","overlay-opacity":"","overlay-gradient":""},"mobile":{"background-color":"","background-image":"","background-repeat":"repeat","background-position":"center center","background-size":"auto","background-attachment":"scroll","background-type":"","background-media":"","overlay-type":"","overlay-color":"","overlay-opacity":"","overlay-gradient":""}},"ast-content-background-meta":{"desktop":{"background-color":"var(--ast-global-color-5)","background-image":"","background-repeat":"repeat","background-position":"center center","background-size":"auto","background-attachment":"scroll","background-type":"","background-media":"","overlay-type":"","overlay-color":"","overlay-opacity":"","overlay-gradient":""},"tablet":{"background-color":"var(--ast-global-color-5)","background-image":"","background-repeat":"repeat","background-position":"center center","background-size":"auto","background-attachment":"scroll","background-type":"","background-media":"","overlay-type":"","overlay-color":"","overlay-opacity":"","overlay-gradient":""},"mobile":{"background-color":"var(--ast-global-color-5)","background-image":"","background-repeat":"repeat","background-position":"center center","background-size":"auto","background-attachment":"scroll","background-type":"","background-media":"","overlay-type":"","overlay-color":"","overlay-opacity":"","overlay-gradient":""}},"footnotes":""},"class_list":["post-39","page","type-page","status-publish","hentry"],"yoast_head":"<!-- This site is optimized with the Yoast SEO plugin v27.2 - https:\/\/yoast.com\/product\/yoast-seo-wordpress\/ -->\n<title>Meid\u00e4n koirat - Kultsi &amp; Noutaja<\/title>\n<meta name=\"robots\" content=\"index, follow, max-snippet:-1, max-image-preview:large, max-video-preview:-1\" \/>\n<link rel=\"canonical\" href=\"https:\/\/blogit.gradia.fi\/mkpt2204-vinogradova\/palvelut\/\" \/>\n<meta property=\"og:locale\" content=\"fi_FI\" \/>\n<meta property=\"og:type\" content=\"article\" \/>\n<meta property=\"og:title\" content=\"Meid\u00e4n koirat - Kultsi &amp; Noutaja\" \/>\n<meta property=\"og:description\" content=\"Koiramme\" \/>\n<meta property=\"og:url\" content=\"https:\/\/blogit.gradia.fi\/mkpt2204-vinogradova\/palvelut\/\" \/>\n<meta property=\"og:site_name\" content=\"Kultsi &amp; Noutaja\" \/>\n<meta property=\"article:modified_time\" content=\"2023-03-11T09:26:07+00:00\" \/>\n<meta property=\"og:image\" content=\"https:\/\/blogit.gradia.fi\/mkpt2204-vinogradova\/wp-content\/uploads\/sites\/391\/2023\/03\/Toto-kopio-1-1024x635.jpg\" \/>\n<meta name=\"twitter:card\" content=\"summary_large_image\" \/>\n<meta name=\"twitter:label1\" content=\"Arvioitu lukuaika\" \/>\n\t<meta name=\"twitter:data1\" content=\"2 minuuttia\" \/>\n<script type=\"application\/ld+json\" class=\"yoast-schema-graph\">{\"@context\":\"https:\/\/schema.org\",\"@graph\":[{\"@type\":\"WebPage\",\"@id\":\"https:\/\/blogit.gradia.fi\/mkpt2204-vinogradova\/palvelut\/\",\"url\":\"https:\/\/blogit.gradia.fi\/mkpt2204-vinogradova\/palvelut\/\",\"name\":\"Meid\u00e4n koirat - Kultsi &amp; Noutaja\",\"isPartOf\":{\"@id\":\"https:\/\/blogit.gradia.fi\/mkpt2204-vinogradova\/#website\"},\"primaryImageOfPage\":{\"@id\":\"https:\/\/blogit.gradia.fi\/mkpt2204-vinogradova\/palvelut\/#primaryimage\"},\"image\":{\"@id\":\"https:\/\/blogit.gradia.fi\/mkpt2204-vinogradova\/palvelut\/#primaryimage\"},\"thumbnailUrl\":\"https:\/\/blogit.gradia.fi\/mkpt2204-vinogradova\/wp-content\/uploads\/sites\/391\/2023\/03\/Toto-kopio-1-1024x635.jpg\",\"datePublished\":\"2023-01-26T06:46:22+00:00\",\"dateModified\":\"2023-03-11T09:26:07+00:00\",\"breadcrumb\":{\"@id\":\"https:\/\/blogit.gradia.fi\/mkpt2204-vinogradova\/palvelut\/#breadcrumb\"},\"inLanguage\":\"fi\",\"potentialAction\":[{\"@type\":\"ReadAction\",\"target\":[\"https:\/\/blogit.gradia.fi\/mkpt2204-vinogradova\/palvelut\/\"]}]},{\"@type\":\"ImageObject\",\"inLanguage\":\"fi\",\"@id\":\"https:\/\/blogit.gradia.fi\/mkpt2204-vinogradova\/palvelut\/#primaryimage\",\"url\":\"https:\/\/blogit.gradia.fi\/mkpt2204-vinogradova\/wp-content\/uploads\/sites\/391\/2023\/03\/Toto-kopio-1.jpg\",\"contentUrl\":\"https:\/\/blogit.gradia.fi\/mkpt2204-vinogradova\/wp-content\/uploads\/sites\/391\/2023\/03\/Toto-kopio-1.jpg\",\"width\":1920,\"height\":1190},{\"@type\":\"BreadcrumbList\",\"@id\":\"https:\/\/blogit.gradia.fi\/mkpt2204-vinogradova\/palvelut\/#breadcrumb\",\"itemListElement\":[{\"@type\":\"ListItem\",\"position\":1,\"name\":\"Etusivu\",\"item\":\"https:\/\/blogit.gradia.fi\/mkpt2204-vinogradova\/\"},{\"@type\":\"ListItem\",\"position\":2,\"name\":\"Meid\u00e4n koirat\"}]},{\"@type\":\"WebSite\",\"@id\":\"https:\/\/blogit.gradia.fi\/mkpt2204-vinogradova\/#website\",\"url\":\"https:\/\/blogit.gradia.fi\/mkpt2204-vinogradova\/\",\"name\":\"Kultsi &amp; Noutaja\",\"description\":\"Jyv\u00e4skyl\u00e4n seudulla sijaitseva kultaistennoutajien erikoiskennel\",\"publisher\":{\"@id\":\"https:\/\/blogit.gradia.fi\/mkpt2204-vinogradova\/#organization\"},\"potentialAction\":[{\"@type\":\"SearchAction\",\"target\":{\"@type\":\"EntryPoint\",\"urlTemplate\":\"https:\/\/blogit.gradia.fi\/mkpt2204-vinogradova\/?s={search_term_string}\"},\"query-input\":{\"@type\":\"PropertyValueSpecification\",\"valueRequired\":true,\"valueName\":\"search_term_string\"}}],\"inLanguage\":\"fi\"},{\"@type\":\"Organization\",\"@id\":\"https:\/\/blogit.gradia.fi\/mkpt2204-vinogradova\/#organization\",\"name\":\"Kultsi &amp; Noutaja\",\"url\":\"https:\/\/blogit.gradia.fi\/mkpt2204-vinogradova\/\",\"logo\":{\"@type\":\"ImageObject\",\"inLanguage\":\"fi\",\"@id\":\"https:\/\/blogit.gradia.fi\/mkpt2204-vinogradova\/#\/schema\/logo\/image\/\",\"url\":\"https:\/\/blogit.gradia.fi\/mkpt2204-vinogradova\/wp-content\/uploads\/sites\/391\/2023\/03\/tassu_logo_lada.png\",\"contentUrl\":\"https:\/\/blogit.gradia.fi\/mkpt2204-vinogradova\/wp-content\/uploads\/sites\/391\/2023\/03\/tassu_logo_lada.png\",\"width\":403,\"height\":402,\"caption\":\"Kultsi &amp; Noutaja\"},\"image\":{\"@id\":\"https:\/\/blogit.gradia.fi\/mkpt2204-vinogradova\/#\/schema\/logo\/image\/\"}}]}<\/script>\n<!-- \/ Yoast SEO plugin. -->","yoast_head_json":{"title":"Meid\u00e4n koirat - Kultsi &amp; Noutaja","robots":{"index":"index","follow":"follow","max-snippet":"max-snippet:-1","max-image-preview":"max-image-preview:large","max-video-preview":"max-video-preview:-1"},"canonical":"https:\/\/blogit.gradia.fi\/mkpt2204-vinogradova\/palvelut\/","og_locale":"fi_FI","og_type":"article","og_title":"Meid\u00e4n koirat - Kultsi &amp; Noutaja","og_description":"Koiramme","og_url":"https:\/\/blogit.gradia.fi\/mkpt2204-vinogradova\/palvelut\/","og_site_name":"Kultsi &amp; Noutaja","article_modified_time":"2023-03-11T09:26:07+00:00","og_image":[{"url":"https:\/\/blogit.gradia.fi\/mkpt2204-vinogradova\/wp-content\/uploads\/sites\/391\/2023\/03\/Toto-kopio-1-1024x635.jpg","type":"","width":"","height":""}],"twitter_card":"summary_large_image","twitter_misc":{"Arvioitu lukuaika":"2 minuuttia"},"schema":{"@context":"https:\/\/schema.org","@graph":[{"@type":"WebPage","@id":"https:\/\/blogit.gradia.fi\/mkpt2204-vinogradova\/palvelut\/","url":"https:\/\/blogit.gradia.fi\/mkpt2204-vinogradova\/palvelut\/","name":"Meid\u00e4n koirat - Kultsi &amp; Noutaja","isPartOf":{"@id":"https:\/\/blogit.gradia.fi\/mkpt2204-vinogradova\/#website"},"primaryImageOfPage":{"@id":"https:\/\/blogit.gradia.fi\/mkpt2204-vinogradova\/palvelut\/#primaryimage"},"image":{"@id":"https:\/\/blogit.gradia.fi\/mkpt2204-vinogradova\/palvelut\/#primaryimage"},"thumbnailUrl":"https:\/\/blogit.gradia.fi\/mkpt2204-vinogradova\/wp-content\/uploads\/sites\/391\/2023\/03\/Toto-kopio-1-1024x635.jpg","datePublished":"2023-01-26T06:46:22+00:00","dateModified":"2023-03-11T09:26:07+00:00","breadcrumb":{"@id":"https:\/\/blogit.gradia.fi\/mkpt2204-vinogradova\/palvelut\/#breadcrumb"},"inLanguage":"fi","potentialAction":[{"@type":"ReadAction","target":["https:\/\/blogit.gradia.fi\/mkpt2204-vinogradova\/palvelut\/"]}]},{"@type":"ImageObject","inLanguage":"fi","@id":"https:\/\/blogit.gradia.fi\/mkpt2204-vinogradova\/palvelut\/#primaryimage","url":"https:\/\/blogit.gradia.fi\/mkpt2204-vinogradova\/wp-content\/uploads\/sites\/391\/2023\/03\/Toto-kopio-1.jpg","contentUrl":"https:\/\/blogit.gradia.fi\/mkpt2204-vinogradova\/wp-content\/uploads\/sites\/391\/2023\/03\/Toto-kopio-1.jpg","width":1920,"height":1190},{"@type":"BreadcrumbList","@id":"https:\/\/blogit.gradia.fi\/mkpt2204-vinogradova\/palvelut\/#breadcrumb","itemListElement":[{"@type":"ListItem","position":1,"name":"Etusivu","item":"https:\/\/blogit.gradia.fi\/mkpt2204-vinogradova\/"},{"@type":"ListItem","position":2,"name":"Meid\u00e4n koirat"}]},{"@type":"WebSite","@id":"https:\/\/blogit.gradia.fi\/mkpt2204-vinogradova\/#website","url":"https:\/\/blogit.gradia.fi\/mkpt2204-vinogradova\/","name":"Kultsi &amp; Noutaja","description":"Jyv\u00e4skyl\u00e4n seudulla sijaitseva kultaistennoutajien erikoiskennel","publisher":{"@id":"https:\/\/blogit.gradia.fi\/mkpt2204-vinogradova\/#organization"},"potentialAction":[{"@type":"SearchAction","target":{"@type":"EntryPoint","urlTemplate":"https:\/\/blogit.gradia.fi\/mkpt2204-vinogradova\/?s={search_term_string}"},"query-input":{"@type":"PropertyValueSpecification","valueRequired":true,"valueName":"search_term_string"}}],"inLanguage":"fi"},{"@type":"Organization","@id":"https:\/\/blogit.gradia.fi\/mkpt2204-vinogradova\/#organization","name":"Kultsi &amp; Noutaja","url":"https:\/\/blogit.gradia.fi\/mkpt2204-vinogradova\/","logo":{"@type":"ImageObject","inLanguage":"fi","@id":"https:\/\/blogit.gradia.fi\/mkpt2204-vinogradova\/#\/schema\/logo\/image\/","url":"https:\/\/blogit.gradia.fi\/mkpt2204-vinogradova\/wp-content\/uploads\/sites\/391\/2023\/03\/tassu_logo_lada.png","contentUrl":"https:\/\/blogit.gradia.fi\/mkpt2204-vinogradova\/wp-content\/uploads\/sites\/391\/2023\/03\/tassu_logo_lada.png","width":403,"height":402,"caption":"Kultsi &amp; Noutaja"},"image":{"@id":"https:\/\/blogit.gradia.fi\/mkpt2204-vinogradova\/#\/schema\/logo\/image\/"}}]}},"uagb_featured_image_src":{"full":false,"thumbnail":false,"medium":false,"medium_large":false,"large":false,"1536x1536":false,"2048x2048":false},"uagb_author_info":{"display_name":"Lada Vinogradova","author_link":"https:\/\/blogit.gradia.fi\/mkpt2204-vinogradova\/author\/gr276331\/"},"uagb_comment_info":0,"uagb_excerpt":"Koiramme","_links":{"self":[{"href":"https:\/\/blogit.gradia.fi\/mkpt2204-vinogradova\/wp-json\/wp\/v2\/pages\/39","targetHints":{"allow":["GET"]}}],"collection":[{"href":"https:\/\/blogit.gradia.fi\/mkpt2204-vinogradova\/wp-json\/wp\/v2\/pages"}],"about":[{"href":"https:\/\/blogit.gradia.fi\/mkpt2204-vinogradova\/wp-json\/wp\/v2\/types\/page"}],"author":[{"embeddable":true,"href":"https:\/\/blogit.gradia.fi\/mkpt2204-vinogradova\/wp-json\/wp\/v2\/users\/932"}],"replies":[{"embeddable":true,"href":"https:\/\/blogit.gradia.fi\/mkpt2204-vinogradova\/wp-json\/wp\/v2\/comments?post=39"}],"version-history":[{"count":12,"href":"https:\/\/blogit.gradia.fi\/mkpt2204-vinogradova\/wp-json\/wp\/v2\/pages\/39\/revisions"}],"predecessor-version":[{"id":446,"href":"https:\/\/blogit.gradia.fi\/mkpt2204-vinogradova\/wp-json\/wp\/v2\/pages\/39\/revisions\/446"}],"wp:attachment":[{"href":"https:\/\/blogit.gradia.fi\/mkpt2204-vinogradova\/wp-json\/wp\/v2\/media?parent=39"}],"curies":[{"name":"wp","href":"https:\/\/api.w.org\/{rel}","templated":true}]}}