{"id":165,"date":"2023-03-07T14:18:09","date_gmt":"2023-03-07T12:18:09","guid":{"rendered":"https:\/\/blogit.gradia.fi\/mkpt2204-vinogradova\/?page_id=165"},"modified":"2023-03-13T10:13:39","modified_gmt":"2023-03-13T08:13:39","slug":"kultsi-noutaja","status":"publish","type":"page","link":"https:\/\/blogit.gradia.fi\/mkpt2204-vinogradova\/","title":{"rendered":"Kultsi &amp; Noutaja"},"content":{"rendered":"\n<div class=\"wp-block-uagb-container uagb-block-d7584cc5 alignfull uagb-is-root-container\"><div class=\"uagb-container-inner-blocks-wrap\">\n<div class=\"wp-block-uagb-container uagb-block-5e749191\">\n<h1 class=\"has-text-align-right has-ast-global-color-5-color has-text-color wp-block-heading\" style=\"margin-top:0;margin-right:0;margin-bottom:0;margin-left:0;padding-top:var(--wp--preset--spacing--40);padding-right:var(--wp--preset--spacing--40);padding-bottom:var(--wp--preset--spacing--40);padding-left:var(--wp--preset--spacing--40);font-size:60px\">Kultsi &amp; Noutaja <\/h1>\n\n\n\n<p class=\"has-text-align-center has-ast-global-color-5-color has-text-color has-medium-font-size\" style=\"margin-top:0;margin-right:0;margin-bottom:0;margin-left:0;padding-top:0;padding-right:0;padding-bottom:0;padding-left:0\">L\u00f6yd\u00e4 arvokasta tietoa kultainennoutajista ja uuden yst\u00e4v\u00e4si t\u00e4\u00e4lt\u00e4!<\/p>\n<\/div>\n\n\n\n<div class=\"wp-block-uagb-container uagb-block-7bbf1994\"><\/div>\n<\/div><\/div>\n\n\n\n<div class=\"wp-block-uagb-container uagb-block-9fe1fbcd alignfull uagb-is-root-container\"><div class=\"uagb-container__shape uagb-container__shape-top\"><\/div><div class=\"uagb-container-inner-blocks-wrap\">\n<div class=\"wp-block-uagb-container uagb-block-1a491cc8\">\n<div class=\"wp-block-uagb-info-box uagb-block-e6f4ac47 uagb-infobox__content-wrap  uagb-infobox-icon-above-title uagb-infobox-image-valign-top\"><div class=\"uagb-ifb-content\"><div class=\"uagb-ifb-title-wrap\"><h2 class=\"uagb-ifb-title\">Meid\u00e4n kennelist\u00e4<\/h2><\/div><p class=\"uagb-ifb-desc\">Kennelimme on kultaistennoutajien erikoiskennel. Palvelemme koiranomistajia Jyv\u00e4skyl\u00e4n seudulla ja pentujamme kasvaa t\u00e4ll\u00e4 hetkell\u00e4 ymp\u00e4ri Suomen Rovaniemelt\u00e4 Helsinkiin.<\/p><\/div><\/div>\n\n\n\n<div class=\"wp-block-uagb-container uagb-block-6296de99\">\n<div class=\"wp-block-uagb-container uagb-block-09b0cca9\">\n<div class=\"wp-block-uagb-info-box uagb-block-c063620c uagb-infobox__content-wrap  uagb-infobox-icon-above-title uagb-infobox-image-valign-top\"><div class=\"uagb-ifb-content\"><div class=\"uagb-ifb-title-wrap\"><h4 class=\"uagb-ifb-title\">Kokemus<\/h4><\/div><p class=\"uagb-ifb-desc\">Kennel perustettiin vuonna 2003 ja on kasvanut nopeasti kolmen koiran kenneliksi. Kennelin v\u00e4keen kuuluu 2 innokasta kasvattajaa ja kolme kaunista narttua.<\/p><\/div><\/div>\n<\/div>\n\n\n\n<div class=\"wp-block-uagb-container uagb-block-9b493854\">\n<div class=\"wp-block-uagb-info-box uagb-block-cf9e52ee uagb-infobox__content-wrap  uagb-infobox-icon-above-title uagb-infobox-image-valign-top\"><div class=\"uagb-ifb-content\"><div class=\"uagb-ifb-title-wrap\"><h4 class=\"uagb-ifb-title\">Uudet pennut<\/h4><\/div><p class=\"uagb-ifb-desc\">Valikoimastamme on t\u00e4ll\u00e4 hetkell\u00e4 tullut kolme kaunista pentuetta. Pentujamme kuvaillaan reippaiksi, hyv\u00e4 luonteisiksi ja iloisiksi. Meid\u00e4n teht\u00e4v\u00e4n\u00e4mme ei ole ainoastaan tuottaa pentuja, vaan parantaa (valloittaa) maailmaa lis\u00e4\u00e4m\u00e4ll\u00e4 tietoutta ihanasta rodusta ja koiran kasvatuksesta.<\/p><\/div><\/div>\n<\/div>\n<\/div>\n\n\n\n<p class=\"has-ast-global-color-5-color has-text-color has-background\" style=\"background-color:#a8db7b\">Asiakkaistamme pidet\u00e4\u00e4n huolta my\u00f6s pennun luovutuksen j\u00e4lkeen. Olemme taidoistamme ja kokemuksestamme ylpeit\u00e4.<\/p>\n<\/div>\n\n\n\n<div class=\"wp-block-uagb-container uagb-block-320f4afa\">\n<div class=\"wp-block-uagb-image uagb-block-feea6079 wp-block-uagb-image--layout-default wp-block-uagb-image--effect-static wp-block-uagb-image--align-none\"><figure class=\"wp-block-uagb-image__figure\"><img loading=\"lazy\" decoding=\"async\" src=\"https:\/\/blogit.gradia.fi\/mkpt2204-vinogradova\/wp-content\/uploads\/sites\/391\/2023\/03\/dog-220455_1280-kopio-1024x972.jpg\" alt=\"\" class=\"uag-image-238\" width=\"364\" height=\"345\" title=\"\" loading=\"lazy\" \/><\/figure><\/div>\n<\/div>\n<\/div><div class=\"uagb-container__shape uagb-container__shape-bottom uagb-container__invert\" data-negative=\"false\"><\/div><\/div>\n\n\n\n<div class=\"wp-block-uagb-container uagb-block-b9669f9f alignfull uagb-is-root-container\"><div class=\"uagb-container-inner-blocks-wrap\">\n<div class=\"wp-block-uagb-advanced-heading uagb-block-f0d83813\"><\/div>\n\n\n\n<div class=\"wp-block-uagb-container uagb-block-0ccd2a73\">\n<div class=\"wp-block-uagb-advanced-heading uagb-block-1840289d\"><h2 class=\"uagb-heading-text\">Pienimuotoisesti kotioloissa<\/h2><\/div>\n\n\n\n<p>Tavoitteenamme on kasvattaa terveit\u00e4 ja tasapainoisia noutajia perheenj\u00e4seniksi sek\u00e4 monipuolisiksi harrastuskavereiksi. Kasvatusty\u00f6 on alkumetreill\u00e4 ja harkitsen tarkkaan jokaisen astutetun yhdistelm\u00e4n. Tavoitteena on kasvattaa terveit\u00e4 ja rotum\u00e4\u00e4ritelm\u00e4n mukaisia kultaisianoutajia, joiden kanssa voi harrastaa monipuolisesti. Meill\u00e4 pennut kasvavat kotona muiden koirien ja perheemme keskell\u00e4.<\/p>\n<\/div>\n<\/div><\/div>\n\n\n\n<div class=\"wp-block-uagb-container uagb-block-4c43e8f3 alignfull uagb-is-root-container\"><div class=\"uagb-container-inner-blocks-wrap\">\n<div class=\"wp-block-uagb-container uagb-block-b81275a8\">\n<div class=\"wp-block-uagb-advanced-heading uagb-block-cf7d4023\"><h2 class=\"uagb-heading-text\">Miksi kultainennoutaja?<\/h2><\/div>\n<\/div>\n\n\n\n<div class=\"wp-block-uagb-container uagb-block-c832c754\">\n<p class=\"has-ast-global-color-3-color has-text-color\">Kultainennoutaja on sek\u00e4 Suomessa ett\u00e4 maailmanlaajuisesti eritt\u00e4in suosittu rotu. Suomessa se on nelj\u00e4nneksi suosituin rotu. Kultainennoutaja on \u00e4lyk\u00e4s, keskikokoinen, miellytt\u00e4misenhaluinen sek\u00e4 toiminnanhaluinen koira. Kultaisennoutajan ominaisuudet tekev\u00e4t siit\u00e4 hyv\u00e4n harrastuskoiran. Alun perin se on jalostettu mets\u00e4styskoiraksi (ammutun pienriistan noutajai). Kultainennoutaja ei ole pelkk\u00e4 seurakoira, vaan se kaipaa my\u00f6s liikuntaa ja ohjattua toimintaa.<\/p>\n<\/div>\n<\/div><div class=\"uagb-container__shape uagb-container__shape-bottom uagb-container__invert\" data-negative=\"false\"><\/div><\/div>\n\n\n\n<div class=\"wp-block-uagb-container uagb-block-c30665c9 alignfull uagb-is-root-container\"><div class=\"uagb-container-inner-blocks-wrap\">\n<div class=\"wp-block-uagb-info-box uagb-block-08bd954f uagb-infobox__content-wrap  uagb-infobox-icon-above-title uagb-infobox-image-valign-top\"><div class=\"uagb-ifb-content\"><div class=\"uagb-ifb-title-wrap\"><h2 class=\"uagb-ifb-title\">T\u00e4rke\u00e4\u00e4 meille<\/h2><\/div><\/div><\/div>\n\n\n\n<div class=\"wp-block-uagb-container uagb-block-467741b8\">\n<div class=\"wp-block-uagb-container uagb-block-7bbaa0a0\">\n<div class=\"wp-block-uagb-info-box uagb-block-86c9b517 uagb-infobox__content-wrap  uagb-infobox-icon-above-title uagb-infobox-image-valign-top\"><div class=\"uagb-ifb-content\"><div class=\"uagb-ifb-title-wrap\"><h3 class=\"uagb-ifb-title\">Arvot<\/h3><\/div><p class=\"uagb-ifb-desc\">L\u00e4ht\u00f6kohtanamme on pentukeskeinen n\u00e4kemys. N\u00e4emme jokaisen pennun yksil\u00f6n\u00e4, joka on aktiivinen toimija sek\u00e4 yksin, ett\u00e4 ryhm\u00e4ss\u00e4.<\/p><\/div><\/div>\n<\/div>\n\n\n\n<div class=\"wp-block-uagb-container uagb-block-17dba224\">\n<div class=\"wp-block-uagb-info-box uagb-block-d2d891a8 uagb-infobox__content-wrap  uagb-infobox-icon-above-title uagb-infobox-image-valign-top\"><div class=\"uagb-ifb-content\"><div class=\"uagb-ifb-title-wrap\"><h3 class=\"uagb-ifb-title\"><strong>Missio<\/strong><\/h3><\/div><p class=\"uagb-ifb-desc\">\u00b7 Kohdata haasteet rohkeasti<br>\u00b7 Tehd\u00e4 pentuja, joista voi olla ylpe\u00e4<br>\u00b7 Jakaa tietoa ja kokemuksia koiran kasvatuksesta<\/p><\/div><\/div>\n<\/div>\n\n\n\n<div class=\"wp-block-uagb-container uagb-block-915e4911\">\n<div class=\"wp-block-uagb-info-box uagb-block-b4864e9b uagb-infobox__content-wrap  uagb-infobox-icon-above-title uagb-infobox-image-valign-top\"><div class=\"uagb-ifb-content\"><div class=\"uagb-ifb-title-wrap\"><h3 class=\"uagb-ifb-title\">Visio<\/h3><\/div><p class=\"uagb-ifb-desc\">Haluamme olla edell\u00e4k\u00e4vij\u00e4 Suomen ensimm\u00e4isen\u00e4 kennelin\u00e4, jonka pentujen varhaiskasvatus perustuu pentu-behavioristiseen kasvatusteoriaan.<\/p><\/div><\/div>\n<\/div>\n<\/div>\n<\/div><\/div>\n","protected":false},"excerpt":{"rendered":"<p>Kultsi &amp; Noutaja L\u00f6yd\u00e4 arvokasta tietoa kultainennoutajista ja uuden yst\u00e4v\u00e4si t\u00e4\u00e4lt\u00e4! Asiakkaistamme pidet\u00e4\u00e4n huolta my\u00f6s pennun luovutuksen j\u00e4lkeen. Olemme taidoistamme ja kokemuksestamme ylpeit\u00e4. Pienimuotoisesti kotioloissa Tavoitteenamme on kasvattaa terveit\u00e4 ja tasapainoisia noutajia perheenj\u00e4seniksi sek\u00e4 monipuolisiksi harrastuskavereiksi. Kasvatusty\u00f6 on alkumetreill\u00e4 ja harkitsen tarkkaan jokaisen astutetun yhdistelm\u00e4n. Tavoitteena on kasvattaa terveit\u00e4 ja rotum\u00e4\u00e4ritelm\u00e4n mukaisia kultaisianoutajia, joiden kanssa [&hellip;]<\/p>\n","protected":false},"author":932,"featured_media":0,"parent":0,"menu_order":0,"comment_status":"closed","ping_status":"closed","template":"","meta":{"_uag_custom_page_level_css":"","site-sidebar-layout":"default","site-content-layout":"","ast-site-content-layout":"default","site-content-style":"default","site-sidebar-style":"default","ast-global-header-display":"","ast-banner-title-visibility":"","ast-main-header-display":"","ast-hfb-above-header-display":"","ast-hfb-below-header-display":"","ast-hfb-mobile-header-display":"","site-post-title":"disabled","ast-breadcrumbs-content":"","ast-featured-img":"","footer-sml-layout":"","ast-disable-related-posts":"","theme-transparent-header-meta":"","adv-header-id-meta":"","stick-header-meta":"","header-above-stick-meta":"","header-main-stick-meta":"","header-below-stick-meta":"","astra-migrate-meta-layouts":"default","ast-page-background-enabled":"default","ast-page-background-meta":{"desktop":{"background-color":"var(--ast-global-color-4)","background-image":"","background-repeat":"repeat","background-position":"center center","background-size":"auto","background-attachment":"scroll","background-type":"","background-media":"","overlay-type":"","overlay-color":"","overlay-opacity":"","overlay-gradient":""},"tablet":{"background-color":"","background-image":"","background-repeat":"repeat","background-position":"center center","background-size":"auto","background-attachment":"scroll","background-type":"","background-media":"","overlay-type":"","overlay-color":"","overlay-opacity":"","overlay-gradient":""},"mobile":{"background-color":"","background-image":"","background-repeat":"repeat","background-position":"center center","background-size":"auto","background-attachment":"scroll","background-type":"","background-media":"","overlay-type":"","overlay-color":"","overlay-opacity":"","overlay-gradient":""}},"ast-content-background-meta":{"desktop":{"background-color":"var(--ast-global-color-5)","background-image":"","background-repeat":"repeat","background-position":"center center","background-size":"auto","background-attachment":"scroll","background-type":"","background-media":"","overlay-type":"","overlay-color":"","overlay-opacity":"","overlay-gradient":""},"tablet":{"background-color":"var(--ast-global-color-5)","background-image":"","background-repeat":"repeat","background-position":"center center","background-size":"auto","background-attachment":"scroll","background-type":"","background-media":"","overlay-type":"","overlay-color":"","overlay-opacity":"","overlay-gradient":""},"mobile":{"background-color":"var(--ast-global-color-5)","background-image":"","background-repeat":"repeat","background-position":"center center","background-size":"auto","background-attachment":"scroll","background-type":"","background-media":"","overlay-type":"","overlay-color":"","overlay-opacity":"","overlay-gradient":""}},"footnotes":""},"class_list":["post-165","page","type-page","status-publish","hentry"],"yoast_head":"<!-- This site is optimized with the Yoast SEO plugin v27.2 - https:\/\/yoast.com\/product\/yoast-seo-wordpress\/ -->\n<title>Kultsi &amp; Noutaja - Kultsi &amp; Noutaja<\/title>\n<meta name=\"robots\" content=\"index, follow, max-snippet:-1, max-image-preview:large, max-video-preview:-1\" \/>\n<link rel=\"canonical\" href=\"https:\/\/blogit.gradia.fi\/mkpt2204-vinogradova\/\" \/>\n<meta property=\"og:locale\" content=\"fi_FI\" \/>\n<meta property=\"og:type\" content=\"article\" \/>\n<meta property=\"og:title\" content=\"Kultsi &amp; Noutaja - Kultsi &amp; Noutaja\" \/>\n<meta property=\"og:description\" content=\"Kultsi &amp; Noutaja L\u00f6yd\u00e4 arvokasta tietoa kultainennoutajista ja uuden yst\u00e4v\u00e4si t\u00e4\u00e4lt\u00e4! Asiakkaistamme pidet\u00e4\u00e4n huolta my\u00f6s pennun luovutuksen j\u00e4lkeen. Olemme taidoistamme ja kokemuksestamme ylpeit\u00e4. Pienimuotoisesti kotioloissa Tavoitteenamme on kasvattaa terveit\u00e4 ja tasapainoisia noutajia perheenj\u00e4seniksi sek\u00e4 monipuolisiksi harrastuskavereiksi. Kasvatusty\u00f6 on alkumetreill\u00e4 ja harkitsen tarkkaan jokaisen astutetun yhdistelm\u00e4n. Tavoitteena on kasvattaa terveit\u00e4 ja rotum\u00e4\u00e4ritelm\u00e4n mukaisia kultaisianoutajia, joiden kanssa [&hellip;]\" \/>\n<meta property=\"og:url\" content=\"https:\/\/blogit.gradia.fi\/mkpt2204-vinogradova\/\" \/>\n<meta property=\"og:site_name\" content=\"Kultsi &amp; Noutaja\" \/>\n<meta property=\"article:modified_time\" content=\"2023-03-13T08:13:39+00:00\" \/>\n<meta property=\"og:image\" content=\"https:\/\/blogit.gradia.fi\/mkpt2204-vinogradova\/wp-content\/uploads\/sites\/391\/2023\/03\/dog-220455_1280-kopio-1024x972.jpg\" \/>\n<meta name=\"twitter:card\" content=\"summary_large_image\" \/>\n<meta name=\"twitter:label1\" content=\"Arvioitu lukuaika\" \/>\n\t<meta name=\"twitter:data1\" content=\"2 minuuttia\" \/>\n<script type=\"application\/ld+json\" class=\"yoast-schema-graph\">{\"@context\":\"https:\/\/schema.org\",\"@graph\":[{\"@type\":\"WebPage\",\"@id\":\"https:\/\/blogit.gradia.fi\/mkpt2204-vinogradova\/\",\"url\":\"https:\/\/blogit.gradia.fi\/mkpt2204-vinogradova\/\",\"name\":\"Kultsi &amp; Noutaja - Kultsi &amp; Noutaja\",\"isPartOf\":{\"@id\":\"https:\/\/blogit.gradia.fi\/mkpt2204-vinogradova\/#website\"},\"primaryImageOfPage\":{\"@id\":\"https:\/\/blogit.gradia.fi\/mkpt2204-vinogradova\/#primaryimage\"},\"image\":{\"@id\":\"https:\/\/blogit.gradia.fi\/mkpt2204-vinogradova\/#primaryimage\"},\"thumbnailUrl\":\"https:\/\/blogit.gradia.fi\/mkpt2204-vinogradova\/wp-content\/uploads\/sites\/391\/2023\/03\/dog-220455_1280-kopio-1024x972.jpg\",\"datePublished\":\"2023-03-07T12:18:09+00:00\",\"dateModified\":\"2023-03-13T08:13:39+00:00\",\"breadcrumb\":{\"@id\":\"https:\/\/blogit.gradia.fi\/mkpt2204-vinogradova\/#breadcrumb\"},\"inLanguage\":\"fi\",\"potentialAction\":[{\"@type\":\"ReadAction\",\"target\":[\"https:\/\/blogit.gradia.fi\/mkpt2204-vinogradova\/\"]}]},{\"@type\":\"ImageObject\",\"inLanguage\":\"fi\",\"@id\":\"https:\/\/blogit.gradia.fi\/mkpt2204-vinogradova\/#primaryimage\",\"url\":\"https:\/\/blogit.gradia.fi\/mkpt2204-vinogradova\/wp-content\/uploads\/sites\/391\/2023\/03\/dog-220455_1280-kopio-scaled.jpg\",\"contentUrl\":\"https:\/\/blogit.gradia.fi\/mkpt2204-vinogradova\/wp-content\/uploads\/sites\/391\/2023\/03\/dog-220455_1280-kopio-scaled.jpg\",\"width\":2560,\"height\":2430},{\"@type\":\"BreadcrumbList\",\"@id\":\"https:\/\/blogit.gradia.fi\/mkpt2204-vinogradova\/#breadcrumb\",\"itemListElement\":[{\"@type\":\"ListItem\",\"position\":1,\"name\":\"Etusivu\",\"item\":\"https:\/\/blogit.gradia.fi\/mkpt2204-vinogradova\/\"},{\"@type\":\"ListItem\",\"position\":2,\"name\":\"Kultsi &amp; Noutaja\"}]},{\"@type\":\"WebSite\",\"@id\":\"https:\/\/blogit.gradia.fi\/mkpt2204-vinogradova\/#website\",\"url\":\"https:\/\/blogit.gradia.fi\/mkpt2204-vinogradova\/\",\"name\":\"Kultsi &amp; Noutaja\",\"description\":\"Jyv\u00e4skyl\u00e4n seudulla sijaitseva kultaistennoutajien erikoiskennel\",\"publisher\":{\"@id\":\"https:\/\/blogit.gradia.fi\/mkpt2204-vinogradova\/#organization\"},\"potentialAction\":[{\"@type\":\"SearchAction\",\"target\":{\"@type\":\"EntryPoint\",\"urlTemplate\":\"https:\/\/blogit.gradia.fi\/mkpt2204-vinogradova\/?s={search_term_string}\"},\"query-input\":{\"@type\":\"PropertyValueSpecification\",\"valueRequired\":true,\"valueName\":\"search_term_string\"}}],\"inLanguage\":\"fi\"},{\"@type\":\"Organization\",\"@id\":\"https:\/\/blogit.gradia.fi\/mkpt2204-vinogradova\/#organization\",\"name\":\"Kultsi &amp; Noutaja\",\"url\":\"https:\/\/blogit.gradia.fi\/mkpt2204-vinogradova\/\",\"logo\":{\"@type\":\"ImageObject\",\"inLanguage\":\"fi\",\"@id\":\"https:\/\/blogit.gradia.fi\/mkpt2204-vinogradova\/#\/schema\/logo\/image\/\",\"url\":\"https:\/\/blogit.gradia.fi\/mkpt2204-vinogradova\/wp-content\/uploads\/sites\/391\/2023\/03\/tassu_logo_lada.png\",\"contentUrl\":\"https:\/\/blogit.gradia.fi\/mkpt2204-vinogradova\/wp-content\/uploads\/sites\/391\/2023\/03\/tassu_logo_lada.png\",\"width\":403,\"height\":402,\"caption\":\"Kultsi &amp; Noutaja\"},\"image\":{\"@id\":\"https:\/\/blogit.gradia.fi\/mkpt2204-vinogradova\/#\/schema\/logo\/image\/\"}}]}<\/script>\n<!-- \/ Yoast SEO plugin. -->","yoast_head_json":{"title":"Kultsi &amp; Noutaja - Kultsi &amp; Noutaja","robots":{"index":"index","follow":"follow","max-snippet":"max-snippet:-1","max-image-preview":"max-image-preview:large","max-video-preview":"max-video-preview:-1"},"canonical":"https:\/\/blogit.gradia.fi\/mkpt2204-vinogradova\/","og_locale":"fi_FI","og_type":"article","og_title":"Kultsi &amp; Noutaja - Kultsi &amp; Noutaja","og_description":"Kultsi &amp; Noutaja L\u00f6yd\u00e4 arvokasta tietoa kultainennoutajista ja uuden yst\u00e4v\u00e4si t\u00e4\u00e4lt\u00e4! Asiakkaistamme pidet\u00e4\u00e4n huolta my\u00f6s pennun luovutuksen j\u00e4lkeen. Olemme taidoistamme ja kokemuksestamme ylpeit\u00e4. Pienimuotoisesti kotioloissa Tavoitteenamme on kasvattaa terveit\u00e4 ja tasapainoisia noutajia perheenj\u00e4seniksi sek\u00e4 monipuolisiksi harrastuskavereiksi. Kasvatusty\u00f6 on alkumetreill\u00e4 ja harkitsen tarkkaan jokaisen astutetun yhdistelm\u00e4n. Tavoitteena on kasvattaa terveit\u00e4 ja rotum\u00e4\u00e4ritelm\u00e4n mukaisia kultaisianoutajia, joiden kanssa [&hellip;]","og_url":"https:\/\/blogit.gradia.fi\/mkpt2204-vinogradova\/","og_site_name":"Kultsi &amp; Noutaja","article_modified_time":"2023-03-13T08:13:39+00:00","og_image":[{"url":"https:\/\/blogit.gradia.fi\/mkpt2204-vinogradova\/wp-content\/uploads\/sites\/391\/2023\/03\/dog-220455_1280-kopio-1024x972.jpg","type":"","width":"","height":""}],"twitter_card":"summary_large_image","twitter_misc":{"Arvioitu lukuaika":"2 minuuttia"},"schema":{"@context":"https:\/\/schema.org","@graph":[{"@type":"WebPage","@id":"https:\/\/blogit.gradia.fi\/mkpt2204-vinogradova\/","url":"https:\/\/blogit.gradia.fi\/mkpt2204-vinogradova\/","name":"Kultsi &amp; Noutaja - Kultsi &amp; Noutaja","isPartOf":{"@id":"https:\/\/blogit.gradia.fi\/mkpt2204-vinogradova\/#website"},"primaryImageOfPage":{"@id":"https:\/\/blogit.gradia.fi\/mkpt2204-vinogradova\/#primaryimage"},"image":{"@id":"https:\/\/blogit.gradia.fi\/mkpt2204-vinogradova\/#primaryimage"},"thumbnailUrl":"https:\/\/blogit.gradia.fi\/mkpt2204-vinogradova\/wp-content\/uploads\/sites\/391\/2023\/03\/dog-220455_1280-kopio-1024x972.jpg","datePublished":"2023-03-07T12:18:09+00:00","dateModified":"2023-03-13T08:13:39+00:00","breadcrumb":{"@id":"https:\/\/blogit.gradia.fi\/mkpt2204-vinogradova\/#breadcrumb"},"inLanguage":"fi","potentialAction":[{"@type":"ReadAction","target":["https:\/\/blogit.gradia.fi\/mkpt2204-vinogradova\/"]}]},{"@type":"ImageObject","inLanguage":"fi","@id":"https:\/\/blogit.gradia.fi\/mkpt2204-vinogradova\/#primaryimage","url":"https:\/\/blogit.gradia.fi\/mkpt2204-vinogradova\/wp-content\/uploads\/sites\/391\/2023\/03\/dog-220455_1280-kopio-scaled.jpg","contentUrl":"https:\/\/blogit.gradia.fi\/mkpt2204-vinogradova\/wp-content\/uploads\/sites\/391\/2023\/03\/dog-220455_1280-kopio-scaled.jpg","width":2560,"height":2430},{"@type":"BreadcrumbList","@id":"https:\/\/blogit.gradia.fi\/mkpt2204-vinogradova\/#breadcrumb","itemListElement":[{"@type":"ListItem","position":1,"name":"Etusivu","item":"https:\/\/blogit.gradia.fi\/mkpt2204-vinogradova\/"},{"@type":"ListItem","position":2,"name":"Kultsi &amp; Noutaja"}]},{"@type":"WebSite","@id":"https:\/\/blogit.gradia.fi\/mkpt2204-vinogradova\/#website","url":"https:\/\/blogit.gradia.fi\/mkpt2204-vinogradova\/","name":"Kultsi &amp; Noutaja","description":"Jyv\u00e4skyl\u00e4n seudulla sijaitseva kultaistennoutajien erikoiskennel","publisher":{"@id":"https:\/\/blogit.gradia.fi\/mkpt2204-vinogradova\/#organization"},"potentialAction":[{"@type":"SearchAction","target":{"@type":"EntryPoint","urlTemplate":"https:\/\/blogit.gradia.fi\/mkpt2204-vinogradova\/?s={search_term_string}"},"query-input":{"@type":"PropertyValueSpecification","valueRequired":true,"valueName":"search_term_string"}}],"inLanguage":"fi"},{"@type":"Organization","@id":"https:\/\/blogit.gradia.fi\/mkpt2204-vinogradova\/#organization","name":"Kultsi &amp; Noutaja","url":"https:\/\/blogit.gradia.fi\/mkpt2204-vinogradova\/","logo":{"@type":"ImageObject","inLanguage":"fi","@id":"https:\/\/blogit.gradia.fi\/mkpt2204-vinogradova\/#\/schema\/logo\/image\/","url":"https:\/\/blogit.gradia.fi\/mkpt2204-vinogradova\/wp-content\/uploads\/sites\/391\/2023\/03\/tassu_logo_lada.png","contentUrl":"https:\/\/blogit.gradia.fi\/mkpt2204-vinogradova\/wp-content\/uploads\/sites\/391\/2023\/03\/tassu_logo_lada.png","width":403,"height":402,"caption":"Kultsi &amp; Noutaja"},"image":{"@id":"https:\/\/blogit.gradia.fi\/mkpt2204-vinogradova\/#\/schema\/logo\/image\/"}}]}},"uagb_featured_image_src":{"full":false,"thumbnail":false,"medium":false,"medium_large":false,"large":false,"1536x1536":false,"2048x2048":false},"uagb_author_info":{"display_name":"Lada Vinogradova","author_link":"https:\/\/blogit.gradia.fi\/mkpt2204-vinogradova\/author\/gr276331\/"},"uagb_comment_info":0,"uagb_excerpt":"Kultsi &amp; Noutaja L\u00f6yd\u00e4 arvokasta tietoa kultainennoutajista ja uuden yst\u00e4v\u00e4si t\u00e4\u00e4lt\u00e4! Asiakkaistamme pidet\u00e4\u00e4n huolta my\u00f6s pennun luovutuksen j\u00e4lkeen. Olemme taidoistamme ja kokemuksestamme ylpeit\u00e4. Pienimuotoisesti kotioloissa Tavoitteenamme on kasvattaa terveit\u00e4 ja tasapainoisia noutajia perheenj\u00e4seniksi sek\u00e4 monipuolisiksi harrastuskavereiksi. Kasvatusty\u00f6 on alkumetreill\u00e4 ja harkitsen tarkkaan jokaisen astutetun yhdistelm\u00e4n. Tavoitteena on kasvattaa terveit\u00e4 ja rotum\u00e4\u00e4ritelm\u00e4n mukaisia kultaisianoutajia, joiden kanssa&hellip;","_links":{"self":[{"href":"https:\/\/blogit.gradia.fi\/mkpt2204-vinogradova\/wp-json\/wp\/v2\/pages\/165","targetHints":{"allow":["GET"]}}],"collection":[{"href":"https:\/\/blogit.gradia.fi\/mkpt2204-vinogradova\/wp-json\/wp\/v2\/pages"}],"about":[{"href":"https:\/\/blogit.gradia.fi\/mkpt2204-vinogradova\/wp-json\/wp\/v2\/types\/page"}],"author":[{"embeddable":true,"href":"https:\/\/blogit.gradia.fi\/mkpt2204-vinogradova\/wp-json\/wp\/v2\/users\/932"}],"replies":[{"embeddable":true,"href":"https:\/\/blogit.gradia.fi\/mkpt2204-vinogradova\/wp-json\/wp\/v2\/comments?post=165"}],"version-history":[{"count":35,"href":"https:\/\/blogit.gradia.fi\/mkpt2204-vinogradova\/wp-json\/wp\/v2\/pages\/165\/revisions"}],"predecessor-version":[{"id":449,"href":"https:\/\/blogit.gradia.fi\/mkpt2204-vinogradova\/wp-json\/wp\/v2\/pages\/165\/revisions\/449"}],"wp:attachment":[{"href":"https:\/\/blogit.gradia.fi\/mkpt2204-vinogradova\/wp-json\/wp\/v2\/media?parent=165"}],"curies":[{"name":"wp","href":"https:\/\/api.w.org\/{rel}","templated":true}]}}