{"id":47,"date":"2023-03-13T10:35:44","date_gmt":"2023-03-13T08:35:44","guid":{"rendered":"https:\/\/blogit.gradia.fi\/mkpt2204-suokas\/?page_id=47"},"modified":"2023-03-13T10:35:45","modified_gmt":"2023-03-13T08:35:45","slug":"omistajalle","status":"publish","type":"page","link":"https:\/\/blogit.gradia.fi\/mkpt2204-suokas\/omistajalle\/","title":{"rendered":"Omistajalle"},"content":{"rendered":"\n<div class=\"wp-block-uagb-info-box uagb-block-4bbaceb6 uagb-infobox__content-wrap  uagb-infobox-icon-above-title uagb-infobox-image-valign-top\"><div class=\"uagb-ifb-content\"><div class=\"uagb-ifb-icon-wrap\"><\/div><div class=\"uagb-ifb-title-wrap\"><h3 class=\"uagb-ifb-title\">Koiran hankkiminen vaatii harkintaa<\/h3><\/div><p class=\"uagb-ifb-desc\">Koiran hankkiminen vaatii huolellista harkintaa ja asiaan perehtymist\u00e4. Koiraa ei voi ottaa hetken mielijohteesta. Kun pohjaty\u00f6n tekee huolella, koirasta saa uskollisen yst\u00e4v\u00e4n pitk\u00e4ksi aikaa ja se tuo iloa omistajalleen vuosiksi.<br>Faktalaatikko<br>\u00c4l\u00e4 hanki koiraa, jos et ole varma onko sinulla riitt\u00e4v\u00e4sti aikaa koiralle<br>Koira vaatii paljon, koira on kuin lapsi<br>Tutustu huolella koiran kasvattajaan<br>Pohdi n\u00e4it\u00e4 kysymyksi\u00e4, ennen kuin otat koiran:<br>\u00b7 Onko sinulla tarpeeksi aikaa koiralle?<br>\u00b7 Oletko valmis sitoutumaan koiraan sen elini\u00e4ksi, 10\u201315 vuodeksi?<br>\u00b7 Onko perheess\u00e4si tai l\u00e4hipiiriss\u00e4si allergiaa?<br>\u00b7 Kest\u00e4\u00e4k\u00f6 taloutesi koirasta aiheutuvat kustannukset?<br>\u00b7 Saako asunnossasi pit\u00e4\u00e4 koiraa?<br>\u00b7 Oletko valmis ulkoilemaan koiran kanssa useita kertoja p\u00e4iv\u00e4ss\u00e4?<\/p><\/div><\/div>\n\n\n\n<div class=\"wp-block-uagb-info-box uagb-block-9be7a7f0 uagb-infobox__content-wrap  uagb-infobox-icon-above-title uagb-infobox-image-valign-top\"><div class=\"uagb-ifb-content\"><div class=\"uagb-ifb-icon-wrap\"><\/div><div class=\"uagb-ifb-title-wrap\"><h3 class=\"uagb-ifb-title\">Valitse rotu huolella<\/h3><\/div><p class=\"uagb-ifb-desc\">Koiraa valitessasi sinun on hyv\u00e4 ottaa selv\u00e4\u00e4 esimerkiksi eri rotujen luonteista, liikunnantarpeista, luontaisista vaistoista, turkinhoidosta ja koulutettavuudesta. My\u00f6s kiinnostus johonkin tiettyyn koiraharrastuslajiin on hyv\u00e4 huomioida rotuvaihtoehtoja punnitessa.<br>Kiinnit\u00e4 huomiota my\u00f6s rodun kokoon, energisyyteen, alkuper\u00e4\u00e4n ja k\u00e4ytt\u00f6tarkoitukseen. K\u00e4ytt\u00f6tarkoitus voi edelleen vaikuttaa koiran luonteeseen ja k\u00e4yt\u00f6kseen.<br>Tutustu huolella eri rotujen terveystilanteisiin. Useilla roduilla on jalostuksentavoiteohjelmia, JTO, joissa on kerrottu kattavasti muun muassa rodun terveystilanteesta ja perinn\u00f6llisist\u00e4 sairauksista, luonneominaisuuksista ja mahdollisista luonneongelmista sek\u00e4 rotujen historiasta.<br>Muista, ett\u00e4 rodun valinta ei saa perustua pelk\u00e4st\u00e4\u00e4n ulkon\u00e4k\u00f6\u00f6n. Apua rodun valintaan saat Kennelliiton hankikoira.fin rotutestist\u00e4 ja rotuesittelyist\u00e4.<\/p><\/div><\/div>\n\n\n\n<div class=\"wp-block-uagb-info-box uagb-block-53ce5b30 uagb-infobox__content-wrap  uagb-infobox-icon-above-title uagb-infobox-image-valign-top\"><div class=\"uagb-ifb-content\"><div class=\"uagb-ifb-icon-wrap\"><\/div><div class=\"uagb-ifb-title-wrap\"><h3 class=\"uagb-ifb-title\">Koiran omistaminen<\/h3><\/div><p class=\"uagb-ifb-desc\">Koiran hankkiminen asettaa koiranomistajalle vaatimuksia, joista on hyv\u00e4 olla selvill\u00e4. Omistajan on huolehdittava muun muassa koiran rokotuksista ja kannattaa my\u00f6s harkita, pit\u00e4isik\u00f6 koiralle ottaa lemmikkiel\u00e4invakuutus.<br>Kaupasta kauppasopimus<br>Koiran kaupasta tulee aina tehd\u00e4 virallinen kirjallinen kauppasopimus. Kauppahintaan kuuluu rekisteritodistus, jos koira on Kennelliiton rekister\u00f6im\u00e4. Ilman rekisteritodistusta ei voi olla varma pennun tai sen vanhempien alkuper\u00e4st\u00e4. Rekister\u00f6im\u00e4t\u00f6nt\u00e4 pentua ei saa myyd\u00e4 mink\u00e4\u00e4n rotunimikkeen alla.<br>Rokotukset suojaavat koiraa taudeilta<br>Rokottamisen tarkoituksena on suojata koiraa tartuntatauteja vastaan. Raivotauti- ja penikkatautirokotukset ovat n\u00e4yttelyiss\u00e4 ja kokeissa k\u00e4yville koirille pakollisia.<br>Suositeltavia ovat my\u00f6s rokotukset tarttuvaa maksatulehdusta ja parvoviruksen aiheuttamaa ripulia sek\u00e4 kennelysk\u00e4\u00e4 vastaan.<br>Koiralle vakuutus<br>Suurimmalla osalla suomalaisista vakuutusyhti\u00f6ist\u00e4 on koiralle lemmikkiel\u00e4invakuutus. Yleens\u00e4 vakuutukset on luokiteltu seuraavasti:<br>\u00b7 Perusvakuutus: korvaa yleens\u00e4 koiran menetyksen, kun koira kuolee, katoaa, vahingoittuu tai sairastuu niin pahoin, ett\u00e4 se on lopetettava.<br>\u00b7 K\u00e4ytt\u00f6koiran vakuutus: tarkoitettu mets\u00e4stys-, palvelus- ja siitoskoirille.<br>\u00b7 El\u00e4inl\u00e4\u00e4k\u00e4rikuluvakuutus: koiran hoitoja tutkimuskuluja varten sairauden ja tapaturman yhteydess\u00e4.<br>\u00b7 Henkivakuutus: korvaa koiran menetyksen sairaus- tai tapaturmaisessa kuolemassa.<br>\u00b7 Vastuuvakuutus: koiran ulkopuolisille aiheuttamien henkil\u00f6- ja esinevahinkojen varalle.<br>\u00b7 Kasvattajan pentuevakuutus: korvaa pentueen menetyksen ja el\u00e4inl\u00e4\u00e4k\u00e4rikuluja, jos pennuilla on ollut piilevi\u00e4 tai perinn\u00f6llisi\u00e4 vikoja.<\/p><\/div><\/div>\n\n\n\n<div class=\"wp-block-uagb-info-box uagb-block-5498cc7a uagb-infobox__content-wrap  uagb-infobox-icon-above-title uagb-infobox-image-valign-top\"><div class=\"uagb-ifb-content\"><div class=\"uagb-ifb-icon-wrap\"><\/div><div class=\"uagb-ifb-title-wrap\"><h3 class=\"uagb-ifb-title\">Vastuullinen koiranomistaja<\/h3><\/div><p class=\"uagb-ifb-desc\">Koiran omistaminen tuo paljon vastuuta ja monia velvollisuuksia. Omistaja on aina vastuussa koirastaan, joten omistajalla on velvollisuus kouluttaa koirastaan yhteiskuntakelpoinen. Eri roduilla on erilaiset tarpeet ja omistajan tulee huolehtia koiran rodunomaisten tarpeiden t\u00e4ytt\u00e4misest\u00e4. Omistajan tulee my\u00f6s muistaa, ett\u00e4 koira on el\u00e4in, eik\u00e4 sit\u00e4 pid\u00e4 inhimillist\u00e4\u00e4 liikaa.<br>Vastuullinen koiranomistaja ottaa seuraavat seikat huomioon toimiessaan koiransa kanssa:<br>\u00b7 Koiran omistaja vastaa aina koirastaan ja sen tekemisist\u00e4<br>\u00b7 Jokaiselle koiralle tulee opettaa arkitottelevaisuus<br>\u00b7 Koiran on saatava riitt\u00e4v\u00e4sti liikuntaa, ravintoa ja huolenpitoa<br>\u00b7 Koira tarvitsee lis\u00e4ksi ulkoilua, lajinomaisia virikkeit\u00e4 ja riitt\u00e4v\u00e4sti lepoa<br>\u00b7 Koira on pidett\u00e4v\u00e4 kytkettyn\u00e4 taajama-alueella ja sen j\u00e4t\u00f6kset on korjattava<br>\u00b7 Koiranpidosta ei saa aiheutua kohtuutonta haittaa ymp\u00e4rist\u00f6lle<br>\u00b7 Koiran kanssa liikkuessa on aina otettava huomioon my\u00f6s muut ihmiset ja el\u00e4imet<br>\u00b7 Hyv\u00e4 omistaja ei inhimillist\u00e4 koiraansa liikaa, vaan antaa koiralleen koiramaisen el\u00e4m\u00e4n<br>\u00b7 Koiran omistaja huomioi Koiranomistajan ja -haltijan peruss\u00e4\u00e4nn\u00f6ss\u00e4 m\u00e4\u00e4ritellyt periaatteet.<\/p><\/div><\/div>\n\n\n\n<div class=\"wp-block-uagb-info-box uagb-block-2dc9c63e uagb-infobox__content-wrap  uagb-infobox-icon-above-title uagb-infobox-image-valign-top\"><div class=\"uagb-ifb-content\"><div class=\"uagb-ifb-icon-wrap\"><\/div><div class=\"uagb-ifb-title-wrap\"><h3 class=\"uagb-ifb-title\">Koiran hankinta<\/h3><\/div><p class=\"uagb-ifb-desc\">Koirakuume valtaa koiranyst\u00e4v\u00e4n silloin t\u00e4ll\u00f6in. Koirasta saa uskollisen yst\u00e4v\u00e4n pitk\u00e4ksi aikaa ja se tuo iloa omistajalleen vuosiksi.<br>Koiraa ei kuitenkaan tule ottaa hetken mielijohteesta, sill\u00e4 koiran hankintaan tutustuminen vaatii paljon aikaa, huolellista harkintaa ja asiaan perehtymist\u00e4.<br>Koira ei k\u00e4y lapselle lahjaksi, sill\u00e4 vastuu koirasta on aina vanhemmilla.<\/p><\/div><\/div>\n\n\n\n<div class=\"wp-block-uagb-container uagb-block-7c142f81 alignfull uagb-is-root-container\"><div class=\"uagb-container-inner-blocks-wrap\">\n<div class=\"wp-block-uagb-container uagb-block-9a75f6b7\">\n<figure class=\"wp-block-image alignleft size-large\"><img loading=\"lazy\" decoding=\"async\" width=\"1024\" height=\"683\" src=\"https:\/\/blogit.gradia.fi\/mkpt2204-suokas\/wp-content\/uploads\/sites\/388\/2023\/03\/golden-retriever-2841285_1920-1024x683.jpg\" alt=\"\" class=\"wp-image-48\" srcset=\"https:\/\/blogit.gradia.fi\/mkpt2204-suokas\/wp-content\/uploads\/sites\/388\/2023\/03\/golden-retriever-2841285_1920-1024x683.jpg 1024w, https:\/\/blogit.gradia.fi\/mkpt2204-suokas\/wp-content\/uploads\/sites\/388\/2023\/03\/golden-retriever-2841285_1920-300x200.jpg 300w, https:\/\/blogit.gradia.fi\/mkpt2204-suokas\/wp-content\/uploads\/sites\/388\/2023\/03\/golden-retriever-2841285_1920-768x512.jpg 768w, https:\/\/blogit.gradia.fi\/mkpt2204-suokas\/wp-content\/uploads\/sites\/388\/2023\/03\/golden-retriever-2841285_1920-1536x1024.jpg 1536w, https:\/\/blogit.gradia.fi\/mkpt2204-suokas\/wp-content\/uploads\/sites\/388\/2023\/03\/golden-retriever-2841285_1920.jpg 1920w\" sizes=\"auto, (max-width: 1024px) 100vw, 1024px\" \/><\/figure>\n<\/div>\n\n\n\n<div class=\"wp-block-uagb-container uagb-block-f9c6b155\">\n<figure class=\"wp-block-image alignright size-large\"><img loading=\"lazy\" decoding=\"async\" width=\"1024\" height=\"683\" src=\"https:\/\/blogit.gradia.fi\/mkpt2204-suokas\/wp-content\/uploads\/sites\/388\/2023\/03\/Minni-1024x683.jpg\" alt=\"\" class=\"wp-image-49\" srcset=\"https:\/\/blogit.gradia.fi\/mkpt2204-suokas\/wp-content\/uploads\/sites\/388\/2023\/03\/Minni-1024x683.jpg 1024w, https:\/\/blogit.gradia.fi\/mkpt2204-suokas\/wp-content\/uploads\/sites\/388\/2023\/03\/Minni-300x200.jpg 300w, https:\/\/blogit.gradia.fi\/mkpt2204-suokas\/wp-content\/uploads\/sites\/388\/2023\/03\/Minni-768x512.jpg 768w, https:\/\/blogit.gradia.fi\/mkpt2204-suokas\/wp-content\/uploads\/sites\/388\/2023\/03\/Minni-1536x1025.jpg 1536w, https:\/\/blogit.gradia.fi\/mkpt2204-suokas\/wp-content\/uploads\/sites\/388\/2023\/03\/Minni.jpg 1920w\" sizes=\"auto, (max-width: 1024px) 100vw, 1024px\" \/><\/figure>\n<\/div>\n<\/div><\/div>\n","protected":false},"excerpt":{"rendered":"","protected":false},"author":928,"featured_media":0,"parent":0,"menu_order":0,"comment_status":"closed","ping_status":"closed","template":"","meta":{"_uag_custom_page_level_css":"","site-sidebar-layout":"default","site-content-layout":"","ast-site-content-layout":"default","site-content-style":"default","site-sidebar-style":"default","ast-global-header-display":"","ast-banner-title-visibility":"","ast-main-header-display":"","ast-hfb-above-header-display":"","ast-hfb-below-header-display":"","ast-hfb-mobile-header-display":"","site-post-title":"","ast-breadcrumbs-content":"","ast-featured-img":"","footer-sml-layout":"","ast-disable-related-posts":"","theme-transparent-header-meta":"","adv-header-id-meta":"","stick-header-meta":"","header-above-stick-meta":"","header-main-stick-meta":"","header-below-stick-meta":"","astra-migrate-meta-layouts":"default","ast-page-background-enabled":"default","ast-page-background-meta":{"desktop":{"background-color":"var(--ast-global-color-4)","background-image":"","background-repeat":"repeat","background-position":"center center","background-size":"auto","background-attachment":"scroll","background-type":"","background-media":"","overlay-type":"","overlay-color":"","overlay-opacity":"","overlay-gradient":""},"tablet":{"background-color":"","background-image":"","background-repeat":"repeat","background-position":"center center","background-size":"auto","background-attachment":"scroll","background-type":"","background-media":"","overlay-type":"","overlay-color":"","overlay-opacity":"","overlay-gradient":""},"mobile":{"background-color":"","background-image":"","background-repeat":"repeat","background-position":"center center","background-size":"auto","background-attachment":"scroll","background-type":"","background-media":"","overlay-type":"","overlay-color":"","overlay-opacity":"","overlay-gradient":""}},"ast-content-background-meta":{"desktop":{"background-color":"var(--ast-global-color-5)","background-image":"","background-repeat":"repeat","background-position":"center center","background-size":"auto","background-attachment":"scroll","background-type":"","background-media":"","overlay-type":"","overlay-color":"","overlay-opacity":"","overlay-gradient":""},"tablet":{"background-color":"var(--ast-global-color-5)","background-image":"","background-repeat":"repeat","background-position":"center center","background-size":"auto","background-attachment":"scroll","background-type":"","background-media":"","overlay-type":"","overlay-color":"","overlay-opacity":"","overlay-gradient":""},"mobile":{"background-color":"var(--ast-global-color-5)","background-image":"","background-repeat":"repeat","background-position":"center center","background-size":"auto","background-attachment":"scroll","background-type":"","background-media":"","overlay-type":"","overlay-color":"","overlay-opacity":"","overlay-gradient":""}},"footnotes":""},"class_list":["post-47","page","type-page","status-publish","hentry"],"yoast_head":"<!-- This site is optimized with the Yoast SEO plugin v27.2 - https:\/\/yoast.com\/product\/yoast-seo-wordpress\/ -->\n<title>Omistajalle - Kultsi&amp;Noutaja<\/title>\n<meta name=\"robots\" content=\"index, follow, max-snippet:-1, max-image-preview:large, max-video-preview:-1\" \/>\n<link rel=\"canonical\" href=\"https:\/\/blogit.gradia.fi\/mkpt2204-suokas\/omistajalle\/\" \/>\n<meta property=\"og:locale\" content=\"fi_FI\" \/>\n<meta property=\"og:type\" content=\"article\" \/>\n<meta property=\"og:title\" content=\"Omistajalle - Kultsi&amp;Noutaja\" \/>\n<meta property=\"og:url\" content=\"https:\/\/blogit.gradia.fi\/mkpt2204-suokas\/omistajalle\/\" \/>\n<meta property=\"og:site_name\" content=\"Kultsi&amp;Noutaja\" \/>\n<meta property=\"article:modified_time\" content=\"2023-03-13T08:35:45+00:00\" \/>\n<meta property=\"og:image\" content=\"https:\/\/blogit.gradia.fi\/mkpt2204-suokas\/wp-content\/uploads\/sites\/388\/2023\/03\/golden-retriever-2841285_1920-1024x683.jpg\" \/>\n<meta name=\"twitter:card\" content=\"summary_large_image\" \/>\n<meta name=\"twitter:label1\" content=\"Arvioitu lukuaika\" \/>\n\t<meta name=\"twitter:data1\" content=\"4 minuuttia\" \/>\n<script type=\"application\/ld+json\" class=\"yoast-schema-graph\">{\"@context\":\"https:\/\/schema.org\",\"@graph\":[{\"@type\":\"WebPage\",\"@id\":\"https:\/\/blogit.gradia.fi\/mkpt2204-suokas\/omistajalle\/\",\"url\":\"https:\/\/blogit.gradia.fi\/mkpt2204-suokas\/omistajalle\/\",\"name\":\"Omistajalle - Kultsi&amp;Noutaja\",\"isPartOf\":{\"@id\":\"https:\/\/blogit.gradia.fi\/mkpt2204-suokas\/#website\"},\"primaryImageOfPage\":{\"@id\":\"https:\/\/blogit.gradia.fi\/mkpt2204-suokas\/omistajalle\/#primaryimage\"},\"image\":{\"@id\":\"https:\/\/blogit.gradia.fi\/mkpt2204-suokas\/omistajalle\/#primaryimage\"},\"thumbnailUrl\":\"https:\/\/blogit.gradia.fi\/mkpt2204-suokas\/wp-content\/uploads\/sites\/388\/2023\/03\/golden-retriever-2841285_1920-1024x683.jpg\",\"datePublished\":\"2023-03-13T08:35:44+00:00\",\"dateModified\":\"2023-03-13T08:35:45+00:00\",\"breadcrumb\":{\"@id\":\"https:\/\/blogit.gradia.fi\/mkpt2204-suokas\/omistajalle\/#breadcrumb\"},\"inLanguage\":\"fi\",\"potentialAction\":[{\"@type\":\"ReadAction\",\"target\":[\"https:\/\/blogit.gradia.fi\/mkpt2204-suokas\/omistajalle\/\"]}]},{\"@type\":\"ImageObject\",\"inLanguage\":\"fi\",\"@id\":\"https:\/\/blogit.gradia.fi\/mkpt2204-suokas\/omistajalle\/#primaryimage\",\"url\":\"https:\/\/blogit.gradia.fi\/mkpt2204-suokas\/wp-content\/uploads\/sites\/388\/2023\/03\/golden-retriever-2841285_1920.jpg\",\"contentUrl\":\"https:\/\/blogit.gradia.fi\/mkpt2204-suokas\/wp-content\/uploads\/sites\/388\/2023\/03\/golden-retriever-2841285_1920.jpg\",\"width\":1920,\"height\":1280},{\"@type\":\"BreadcrumbList\",\"@id\":\"https:\/\/blogit.gradia.fi\/mkpt2204-suokas\/omistajalle\/#breadcrumb\",\"itemListElement\":[{\"@type\":\"ListItem\",\"position\":1,\"name\":\"Etusivu\",\"item\":\"https:\/\/blogit.gradia.fi\/mkpt2204-suokas\/\"},{\"@type\":\"ListItem\",\"position\":2,\"name\":\"Omistajalle\"}]},{\"@type\":\"WebSite\",\"@id\":\"https:\/\/blogit.gradia.fi\/mkpt2204-suokas\/#website\",\"url\":\"https:\/\/blogit.gradia.fi\/mkpt2204-suokas\/\",\"name\":\"Kultsi&amp;Noutaja\",\"description\":\"\",\"publisher\":{\"@id\":\"https:\/\/blogit.gradia.fi\/mkpt2204-suokas\/#organization\"},\"potentialAction\":[{\"@type\":\"SearchAction\",\"target\":{\"@type\":\"EntryPoint\",\"urlTemplate\":\"https:\/\/blogit.gradia.fi\/mkpt2204-suokas\/?s={search_term_string}\"},\"query-input\":{\"@type\":\"PropertyValueSpecification\",\"valueRequired\":true,\"valueName\":\"search_term_string\"}}],\"inLanguage\":\"fi\"},{\"@type\":\"Organization\",\"@id\":\"https:\/\/blogit.gradia.fi\/mkpt2204-suokas\/#organization\",\"name\":\"Kultsi&amp;Noutaja\",\"url\":\"https:\/\/blogit.gradia.fi\/mkpt2204-suokas\/\",\"logo\":{\"@type\":\"ImageObject\",\"inLanguage\":\"fi\",\"@id\":\"https:\/\/blogit.gradia.fi\/mkpt2204-suokas\/#\/schema\/logo\/image\/\",\"url\":\"https:\/\/blogit.gradia.fi\/mkpt2204-suokas\/wp-content\/uploads\/sites\/388\/2023\/03\/Asset-1.png\",\"contentUrl\":\"https:\/\/blogit.gradia.fi\/mkpt2204-suokas\/wp-content\/uploads\/sites\/388\/2023\/03\/Asset-1.png\",\"width\":434,\"height\":437,\"caption\":\"Kultsi&amp;Noutaja\"},\"image\":{\"@id\":\"https:\/\/blogit.gradia.fi\/mkpt2204-suokas\/#\/schema\/logo\/image\/\"}}]}<\/script>\n<!-- \/ Yoast SEO plugin. -->","yoast_head_json":{"title":"Omistajalle - Kultsi&amp;Noutaja","robots":{"index":"index","follow":"follow","max-snippet":"max-snippet:-1","max-image-preview":"max-image-preview:large","max-video-preview":"max-video-preview:-1"},"canonical":"https:\/\/blogit.gradia.fi\/mkpt2204-suokas\/omistajalle\/","og_locale":"fi_FI","og_type":"article","og_title":"Omistajalle - Kultsi&amp;Noutaja","og_url":"https:\/\/blogit.gradia.fi\/mkpt2204-suokas\/omistajalle\/","og_site_name":"Kultsi&amp;Noutaja","article_modified_time":"2023-03-13T08:35:45+00:00","og_image":[{"url":"https:\/\/blogit.gradia.fi\/mkpt2204-suokas\/wp-content\/uploads\/sites\/388\/2023\/03\/golden-retriever-2841285_1920-1024x683.jpg","type":"","width":"","height":""}],"twitter_card":"summary_large_image","twitter_misc":{"Arvioitu lukuaika":"4 minuuttia"},"schema":{"@context":"https:\/\/schema.org","@graph":[{"@type":"WebPage","@id":"https:\/\/blogit.gradia.fi\/mkpt2204-suokas\/omistajalle\/","url":"https:\/\/blogit.gradia.fi\/mkpt2204-suokas\/omistajalle\/","name":"Omistajalle - Kultsi&amp;Noutaja","isPartOf":{"@id":"https:\/\/blogit.gradia.fi\/mkpt2204-suokas\/#website"},"primaryImageOfPage":{"@id":"https:\/\/blogit.gradia.fi\/mkpt2204-suokas\/omistajalle\/#primaryimage"},"image":{"@id":"https:\/\/blogit.gradia.fi\/mkpt2204-suokas\/omistajalle\/#primaryimage"},"thumbnailUrl":"https:\/\/blogit.gradia.fi\/mkpt2204-suokas\/wp-content\/uploads\/sites\/388\/2023\/03\/golden-retriever-2841285_1920-1024x683.jpg","datePublished":"2023-03-13T08:35:44+00:00","dateModified":"2023-03-13T08:35:45+00:00","breadcrumb":{"@id":"https:\/\/blogit.gradia.fi\/mkpt2204-suokas\/omistajalle\/#breadcrumb"},"inLanguage":"fi","potentialAction":[{"@type":"ReadAction","target":["https:\/\/blogit.gradia.fi\/mkpt2204-suokas\/omistajalle\/"]}]},{"@type":"ImageObject","inLanguage":"fi","@id":"https:\/\/blogit.gradia.fi\/mkpt2204-suokas\/omistajalle\/#primaryimage","url":"https:\/\/blogit.gradia.fi\/mkpt2204-suokas\/wp-content\/uploads\/sites\/388\/2023\/03\/golden-retriever-2841285_1920.jpg","contentUrl":"https:\/\/blogit.gradia.fi\/mkpt2204-suokas\/wp-content\/uploads\/sites\/388\/2023\/03\/golden-retriever-2841285_1920.jpg","width":1920,"height":1280},{"@type":"BreadcrumbList","@id":"https:\/\/blogit.gradia.fi\/mkpt2204-suokas\/omistajalle\/#breadcrumb","itemListElement":[{"@type":"ListItem","position":1,"name":"Etusivu","item":"https:\/\/blogit.gradia.fi\/mkpt2204-suokas\/"},{"@type":"ListItem","position":2,"name":"Omistajalle"}]},{"@type":"WebSite","@id":"https:\/\/blogit.gradia.fi\/mkpt2204-suokas\/#website","url":"https:\/\/blogit.gradia.fi\/mkpt2204-suokas\/","name":"Kultsi&amp;Noutaja","description":"","publisher":{"@id":"https:\/\/blogit.gradia.fi\/mkpt2204-suokas\/#organization"},"potentialAction":[{"@type":"SearchAction","target":{"@type":"EntryPoint","urlTemplate":"https:\/\/blogit.gradia.fi\/mkpt2204-suokas\/?s={search_term_string}"},"query-input":{"@type":"PropertyValueSpecification","valueRequired":true,"valueName":"search_term_string"}}],"inLanguage":"fi"},{"@type":"Organization","@id":"https:\/\/blogit.gradia.fi\/mkpt2204-suokas\/#organization","name":"Kultsi&amp;Noutaja","url":"https:\/\/blogit.gradia.fi\/mkpt2204-suokas\/","logo":{"@type":"ImageObject","inLanguage":"fi","@id":"https:\/\/blogit.gradia.fi\/mkpt2204-suokas\/#\/schema\/logo\/image\/","url":"https:\/\/blogit.gradia.fi\/mkpt2204-suokas\/wp-content\/uploads\/sites\/388\/2023\/03\/Asset-1.png","contentUrl":"https:\/\/blogit.gradia.fi\/mkpt2204-suokas\/wp-content\/uploads\/sites\/388\/2023\/03\/Asset-1.png","width":434,"height":437,"caption":"Kultsi&amp;Noutaja"},"image":{"@id":"https:\/\/blogit.gradia.fi\/mkpt2204-suokas\/#\/schema\/logo\/image\/"}}]}},"uagb_featured_image_src":{"full":false,"thumbnail":false,"medium":false,"medium_large":false,"large":false,"1536x1536":false,"2048x2048":false},"uagb_author_info":{"display_name":"Saku Suokas","author_link":"https:\/\/blogit.gradia.fi\/mkpt2204-suokas\/author\/gr276323\/"},"uagb_comment_info":0,"uagb_excerpt":null,"_links":{"self":[{"href":"https:\/\/blogit.gradia.fi\/mkpt2204-suokas\/wp-json\/wp\/v2\/pages\/47","targetHints":{"allow":["GET"]}}],"collection":[{"href":"https:\/\/blogit.gradia.fi\/mkpt2204-suokas\/wp-json\/wp\/v2\/pages"}],"about":[{"href":"https:\/\/blogit.gradia.fi\/mkpt2204-suokas\/wp-json\/wp\/v2\/types\/page"}],"author":[{"embeddable":true,"href":"https:\/\/blogit.gradia.fi\/mkpt2204-suokas\/wp-json\/wp\/v2\/users\/928"}],"replies":[{"embeddable":true,"href":"https:\/\/blogit.gradia.fi\/mkpt2204-suokas\/wp-json\/wp\/v2\/comments?post=47"}],"version-history":[{"count":1,"href":"https:\/\/blogit.gradia.fi\/mkpt2204-suokas\/wp-json\/wp\/v2\/pages\/47\/revisions"}],"predecessor-version":[{"id":50,"href":"https:\/\/blogit.gradia.fi\/mkpt2204-suokas\/wp-json\/wp\/v2\/pages\/47\/revisions\/50"}],"wp:attachment":[{"href":"https:\/\/blogit.gradia.fi\/mkpt2204-suokas\/wp-json\/wp\/v2\/media?parent=47"}],"curies":[{"name":"wp","href":"https:\/\/api.w.org\/{rel}","templated":true}]}}