{"id":45,"date":"2023-03-13T10:29:48","date_gmt":"2023-03-13T08:29:48","guid":{"rendered":"https:\/\/blogit.gradia.fi\/mkpt2204-suokas\/?page_id=45"},"modified":"2023-03-13T10:29:49","modified_gmt":"2023-03-13T08:29:49","slug":"koirat","status":"publish","type":"page","link":"https:\/\/blogit.gradia.fi\/mkpt2204-suokas\/koirat\/","title":{"rendered":"Koirat"},"content":{"rendered":"\n<div class=\"wp-block-uagb-container uagb-block-55f98af0 alignfull uagb-is-root-container\"><div class=\"uagb-container-inner-blocks-wrap\">\n<div class=\"wp-block-uagb-container uagb-block-dc5d1de6\">\n<div class=\"wp-block-uagb-info-box uagb-block-48db7ddf uagb-infobox__content-wrap  uagb-infobox-icon-above-title uagb-infobox-image-valign-top\"><div class=\"uagb-ifb-content\"><div class=\"uagb-ifb-icon-wrap\"><\/div><div class=\"uagb-ifb-title-wrap\"><h3 class=\"uagb-ifb-title\">Toto<\/h3><\/div><p class=\"uagb-ifb-desc\">1<br>Nimi: Toto<br>Virallinen nimi: Tophias Darktooth<br>Sukupuoli: Uros<br>Oma koira:<br>Kasvattaja: Kennel Cerbi<br>Syntym\u00e4p\u00e4iv\u00e4: 12.5.2011<br>Terveys:<br>Lonkat: A\/A Kyyn\u00e4rp\u00e4\u00e4t: 0\/0 Silm\u00e4t: ok<br>Meriitit:<br>1 x reserve CC 1 x CC from Estonia<\/p><\/div><\/div>\n<\/div>\n\n\n\n<div class=\"wp-block-uagb-container uagb-block-cad8e6f4\">\n<div class=\"wp-block-uagb-info-box uagb-block-590a9b82 uagb-infobox__content-wrap  uagb-infobox-icon-above-title uagb-infobox-image-valign-top\"><div class=\"uagb-ifb-content\"><div class=\"uagb-ifb-icon-wrap\"><\/div><div class=\"uagb-ifb-title-wrap\"><h3 class=\"uagb-ifb-title\">Stella<\/h3><\/div><p class=\"uagb-ifb-desc\">2<br>Nimi: Stella<br>Virallinen nimi: Stella Palefur<br>Sukupuoli: Naaras<br>Oma koira: X<br>Kasvattaja:<br>Syntym\u00e4p\u00e4iv\u00e4: 24.8.2015<br>Terveys:<br>Lonkat: A\/A Kyyn\u00e4rp\u00e4\u00e4t: 0\/0 Silm\u00e4t: clear, PRA-1 clear<br>Meriitit:<br>Puppy class 2nd with HP<br>Open class 1st\/EXC, CQ -&gt; 2nd BEST BITCH -&gt; CAC<\/p><\/div><\/div>\n<\/div>\n\n\n\n<div class=\"wp-block-uagb-container uagb-block-f810d03f\">\n<div class=\"wp-block-uagb-info-box uagb-block-cd5b253c uagb-infobox__content-wrap  uagb-infobox-icon-above-title uagb-infobox-image-valign-top\"><div class=\"uagb-ifb-content\"><div class=\"uagb-ifb-icon-wrap\"><\/div><div class=\"uagb-ifb-title-wrap\"><h3 class=\"uagb-ifb-title\">Tille<\/h3><\/div><p class=\"uagb-ifb-desc\">3<br>Nimi: Tille<br>Virallinen nimi: Tiara Spiritrunner<br>Sukupuoli: Naaras<br>Oma koira: X<br>Kasvattaja:<br>Syntym\u00e4p\u00e4iv\u00e4: 11.3.2016<br>Terveys:<br>Lonkat: A\/A Kyyn\u00e4rp\u00e4\u00e4t: 0\/0 Silm\u00e4t: clear<br>Meriitit: Junior class 2nd with EXC<\/p><\/div><\/div>\n<\/div>\n<\/div><\/div>\n\n\n\n<div class=\"wp-block-uagb-container uagb-block-a4b604f4 alignfull uagb-is-root-container\"><div class=\"uagb-container-inner-blocks-wrap\">\n<div class=\"wp-block-uagb-container uagb-block-124bdd9e\">\n<div class=\"wp-block-uagb-container uagb-block-fbec4599\">\n<div class=\"wp-block-uagb-container uagb-block-a21a8d2c\">\n<div class=\"wp-block-uagb-info-box uagb-block-5ab663b7 uagb-infobox__content-wrap  uagb-infobox-icon-above-title uagb-infobox-image-valign-top\"><div class=\"uagb-ifb-content\"><div class=\"uagb-ifb-icon-wrap\"><\/div><div class=\"uagb-ifb-title-wrap\"><h3 class=\"uagb-ifb-title\">Musti<\/h3><\/div><p class=\"uagb-ifb-desc\">4<br>Nimi: Musti<br>Virallinen nimi: Murphy Von Reynard<br>Sukupuoli: Uros<br>Oma koira:<br>Kasvattaja: Kennel Reynard<br>Syntym\u00e4p\u00e4iv\u00e4: 5.1.2015<br>Terveys:<br>Lonkat: A\/A Kyyn\u00e4rp\u00e4\u00e4t: 0\/0 Silm\u00e4t: ok<br>Meriitit:<br>Puppy class 5-7 months 2nd with HP Junior class 3rd with EXC<\/p><\/div><\/div>\n<\/div>\n<\/div>\n<\/div>\n\n\n\n<div class=\"wp-block-uagb-info-box uagb-block-b11a3918 uagb-infobox__content-wrap  uagb-infobox-icon-above-title uagb-infobox-image-valign-top\"><div class=\"uagb-ifb-content\"><div class=\"uagb-ifb-icon-wrap\"><\/div><div class=\"uagb-ifb-title-wrap\"><h3 class=\"uagb-ifb-title\">Minni<\/h3><\/div><p class=\"uagb-ifb-desc\">5<br>Nimi: Minni<br>Virallinen nimi: Lady Minnie Cupcake<br>Sukupuoli: Naaras<br>Oma koira: X<br>Kasvattaja:<br>Syntym\u00e4p\u00e4iv\u00e4: 7.9.2014<br>Terveys:<br>Lonkat: A\/A Kyyn\u00e4rp\u00e4\u00e4t: 0\/0 Silm\u00e4t: ok<br>Meriitit:<br>Puppy class 5-7 months 3rd with HP Puppy class 7-9 months 1st with HP -&gt;BOB PUPPY Junior class 1st EXC, CQ, 3rd BEST BITCH, rec CC<\/p><\/div><\/div>\n<\/div><\/div>\n","protected":false},"excerpt":{"rendered":"","protected":false},"author":928,"featured_media":0,"parent":0,"menu_order":0,"comment_status":"closed","ping_status":"closed","template":"","meta":{"_uag_custom_page_level_css":"","site-sidebar-layout":"default","site-content-layout":"","ast-site-content-layout":"default","site-content-style":"default","site-sidebar-style":"default","ast-global-header-display":"","ast-banner-title-visibility":"","ast-main-header-display":"","ast-hfb-above-header-display":"","ast-hfb-below-header-display":"","ast-hfb-mobile-header-display":"","site-post-title":"","ast-breadcrumbs-content":"","ast-featured-img":"","footer-sml-layout":"","ast-disable-related-posts":"","theme-transparent-header-meta":"","adv-header-id-meta":"","stick-header-meta":"","header-above-stick-meta":"","header-main-stick-meta":"","header-below-stick-meta":"","astra-migrate-meta-layouts":"default","ast-page-background-enabled":"default","ast-page-background-meta":{"desktop":{"background-color":"var(--ast-global-color-4)","background-image":"","background-repeat":"repeat","background-position":"center center","background-size":"auto","background-attachment":"scroll","background-type":"","background-media":"","overlay-type":"","overlay-color":"","overlay-opacity":"","overlay-gradient":""},"tablet":{"background-color":"","background-image":"","background-repeat":"repeat","background-position":"center center","background-size":"auto","background-attachment":"scroll","background-type":"","background-media":"","overlay-type":"","overlay-color":"","overlay-opacity":"","overlay-gradient":""},"mobile":{"background-color":"","background-image":"","background-repeat":"repeat","background-position":"center center","background-size":"auto","background-attachment":"scroll","background-type":"","background-media":"","overlay-type":"","overlay-color":"","overlay-opacity":"","overlay-gradient":""}},"ast-content-background-meta":{"desktop":{"background-color":"var(--ast-global-color-5)","background-image":"","background-repeat":"repeat","background-position":"center center","background-size":"auto","background-attachment":"scroll","background-type":"","background-media":"","overlay-type":"","overlay-color":"","overlay-opacity":"","overlay-gradient":""},"tablet":{"background-color":"var(--ast-global-color-5)","background-image":"","background-repeat":"repeat","background-position":"center center","background-size":"auto","background-attachment":"scroll","background-type":"","background-media":"","overlay-type":"","overlay-color":"","overlay-opacity":"","overlay-gradient":""},"mobile":{"background-color":"var(--ast-global-color-5)","background-image":"","background-repeat":"repeat","background-position":"center center","background-size":"auto","background-attachment":"scroll","background-type":"","background-media":"","overlay-type":"","overlay-color":"","overlay-opacity":"","overlay-gradient":""}},"footnotes":""},"class_list":["post-45","page","type-page","status-publish","hentry"],"yoast_head":"<!-- This site is optimized with the Yoast SEO plugin v27.2 - https:\/\/yoast.com\/product\/yoast-seo-wordpress\/ -->\n<title>Koirat - Kultsi&amp;Noutaja<\/title>\n<meta name=\"robots\" content=\"index, follow, max-snippet:-1, max-image-preview:large, max-video-preview:-1\" \/>\n<link rel=\"canonical\" href=\"https:\/\/blogit.gradia.fi\/mkpt2204-suokas\/koirat\/\" \/>\n<meta property=\"og:locale\" content=\"fi_FI\" \/>\n<meta property=\"og:type\" content=\"article\" \/>\n<meta property=\"og:title\" content=\"Koirat - Kultsi&amp;Noutaja\" \/>\n<meta property=\"og:url\" content=\"https:\/\/blogit.gradia.fi\/mkpt2204-suokas\/koirat\/\" \/>\n<meta property=\"og:site_name\" content=\"Kultsi&amp;Noutaja\" \/>\n<meta property=\"article:modified_time\" content=\"2023-03-13T08:29:49+00:00\" \/>\n<meta name=\"twitter:card\" content=\"summary_large_image\" \/>\n<meta name=\"twitter:label1\" content=\"Arvioitu lukuaika\" \/>\n\t<meta name=\"twitter:data1\" content=\"2 minuuttia\" \/>\n<script type=\"application\/ld+json\" class=\"yoast-schema-graph\">{\"@context\":\"https:\/\/schema.org\",\"@graph\":[{\"@type\":\"WebPage\",\"@id\":\"https:\/\/blogit.gradia.fi\/mkpt2204-suokas\/koirat\/\",\"url\":\"https:\/\/blogit.gradia.fi\/mkpt2204-suokas\/koirat\/\",\"name\":\"Koirat - Kultsi&amp;Noutaja\",\"isPartOf\":{\"@id\":\"https:\/\/blogit.gradia.fi\/mkpt2204-suokas\/#website\"},\"datePublished\":\"2023-03-13T08:29:48+00:00\",\"dateModified\":\"2023-03-13T08:29:49+00:00\",\"breadcrumb\":{\"@id\":\"https:\/\/blogit.gradia.fi\/mkpt2204-suokas\/koirat\/#breadcrumb\"},\"inLanguage\":\"fi\",\"potentialAction\":[{\"@type\":\"ReadAction\",\"target\":[\"https:\/\/blogit.gradia.fi\/mkpt2204-suokas\/koirat\/\"]}]},{\"@type\":\"BreadcrumbList\",\"@id\":\"https:\/\/blogit.gradia.fi\/mkpt2204-suokas\/koirat\/#breadcrumb\",\"itemListElement\":[{\"@type\":\"ListItem\",\"position\":1,\"name\":\"Etusivu\",\"item\":\"https:\/\/blogit.gradia.fi\/mkpt2204-suokas\/\"},{\"@type\":\"ListItem\",\"position\":2,\"name\":\"Koirat\"}]},{\"@type\":\"WebSite\",\"@id\":\"https:\/\/blogit.gradia.fi\/mkpt2204-suokas\/#website\",\"url\":\"https:\/\/blogit.gradia.fi\/mkpt2204-suokas\/\",\"name\":\"Kultsi&amp;Noutaja\",\"description\":\"\",\"publisher\":{\"@id\":\"https:\/\/blogit.gradia.fi\/mkpt2204-suokas\/#organization\"},\"potentialAction\":[{\"@type\":\"SearchAction\",\"target\":{\"@type\":\"EntryPoint\",\"urlTemplate\":\"https:\/\/blogit.gradia.fi\/mkpt2204-suokas\/?s={search_term_string}\"},\"query-input\":{\"@type\":\"PropertyValueSpecification\",\"valueRequired\":true,\"valueName\":\"search_term_string\"}}],\"inLanguage\":\"fi\"},{\"@type\":\"Organization\",\"@id\":\"https:\/\/blogit.gradia.fi\/mkpt2204-suokas\/#organization\",\"name\":\"Kultsi&amp;Noutaja\",\"url\":\"https:\/\/blogit.gradia.fi\/mkpt2204-suokas\/\",\"logo\":{\"@type\":\"ImageObject\",\"inLanguage\":\"fi\",\"@id\":\"https:\/\/blogit.gradia.fi\/mkpt2204-suokas\/#\/schema\/logo\/image\/\",\"url\":\"https:\/\/blogit.gradia.fi\/mkpt2204-suokas\/wp-content\/uploads\/sites\/388\/2023\/03\/Asset-1.png\",\"contentUrl\":\"https:\/\/blogit.gradia.fi\/mkpt2204-suokas\/wp-content\/uploads\/sites\/388\/2023\/03\/Asset-1.png\",\"width\":434,\"height\":437,\"caption\":\"Kultsi&amp;Noutaja\"},\"image\":{\"@id\":\"https:\/\/blogit.gradia.fi\/mkpt2204-suokas\/#\/schema\/logo\/image\/\"}}]}<\/script>\n<!-- \/ Yoast SEO plugin. -->","yoast_head_json":{"title":"Koirat - Kultsi&amp;Noutaja","robots":{"index":"index","follow":"follow","max-snippet":"max-snippet:-1","max-image-preview":"max-image-preview:large","max-video-preview":"max-video-preview:-1"},"canonical":"https:\/\/blogit.gradia.fi\/mkpt2204-suokas\/koirat\/","og_locale":"fi_FI","og_type":"article","og_title":"Koirat - Kultsi&amp;Noutaja","og_url":"https:\/\/blogit.gradia.fi\/mkpt2204-suokas\/koirat\/","og_site_name":"Kultsi&amp;Noutaja","article_modified_time":"2023-03-13T08:29:49+00:00","twitter_card":"summary_large_image","twitter_misc":{"Arvioitu lukuaika":"2 minuuttia"},"schema":{"@context":"https:\/\/schema.org","@graph":[{"@type":"WebPage","@id":"https:\/\/blogit.gradia.fi\/mkpt2204-suokas\/koirat\/","url":"https:\/\/blogit.gradia.fi\/mkpt2204-suokas\/koirat\/","name":"Koirat - Kultsi&amp;Noutaja","isPartOf":{"@id":"https:\/\/blogit.gradia.fi\/mkpt2204-suokas\/#website"},"datePublished":"2023-03-13T08:29:48+00:00","dateModified":"2023-03-13T08:29:49+00:00","breadcrumb":{"@id":"https:\/\/blogit.gradia.fi\/mkpt2204-suokas\/koirat\/#breadcrumb"},"inLanguage":"fi","potentialAction":[{"@type":"ReadAction","target":["https:\/\/blogit.gradia.fi\/mkpt2204-suokas\/koirat\/"]}]},{"@type":"BreadcrumbList","@id":"https:\/\/blogit.gradia.fi\/mkpt2204-suokas\/koirat\/#breadcrumb","itemListElement":[{"@type":"ListItem","position":1,"name":"Etusivu","item":"https:\/\/blogit.gradia.fi\/mkpt2204-suokas\/"},{"@type":"ListItem","position":2,"name":"Koirat"}]},{"@type":"WebSite","@id":"https:\/\/blogit.gradia.fi\/mkpt2204-suokas\/#website","url":"https:\/\/blogit.gradia.fi\/mkpt2204-suokas\/","name":"Kultsi&amp;Noutaja","description":"","publisher":{"@id":"https:\/\/blogit.gradia.fi\/mkpt2204-suokas\/#organization"},"potentialAction":[{"@type":"SearchAction","target":{"@type":"EntryPoint","urlTemplate":"https:\/\/blogit.gradia.fi\/mkpt2204-suokas\/?s={search_term_string}"},"query-input":{"@type":"PropertyValueSpecification","valueRequired":true,"valueName":"search_term_string"}}],"inLanguage":"fi"},{"@type":"Organization","@id":"https:\/\/blogit.gradia.fi\/mkpt2204-suokas\/#organization","name":"Kultsi&amp;Noutaja","url":"https:\/\/blogit.gradia.fi\/mkpt2204-suokas\/","logo":{"@type":"ImageObject","inLanguage":"fi","@id":"https:\/\/blogit.gradia.fi\/mkpt2204-suokas\/#\/schema\/logo\/image\/","url":"https:\/\/blogit.gradia.fi\/mkpt2204-suokas\/wp-content\/uploads\/sites\/388\/2023\/03\/Asset-1.png","contentUrl":"https:\/\/blogit.gradia.fi\/mkpt2204-suokas\/wp-content\/uploads\/sites\/388\/2023\/03\/Asset-1.png","width":434,"height":437,"caption":"Kultsi&amp;Noutaja"},"image":{"@id":"https:\/\/blogit.gradia.fi\/mkpt2204-suokas\/#\/schema\/logo\/image\/"}}]}},"uagb_featured_image_src":{"full":false,"thumbnail":false,"medium":false,"medium_large":false,"large":false,"1536x1536":false,"2048x2048":false},"uagb_author_info":{"display_name":"Saku Suokas","author_link":"https:\/\/blogit.gradia.fi\/mkpt2204-suokas\/author\/gr276323\/"},"uagb_comment_info":0,"uagb_excerpt":null,"_links":{"self":[{"href":"https:\/\/blogit.gradia.fi\/mkpt2204-suokas\/wp-json\/wp\/v2\/pages\/45","targetHints":{"allow":["GET"]}}],"collection":[{"href":"https:\/\/blogit.gradia.fi\/mkpt2204-suokas\/wp-json\/wp\/v2\/pages"}],"about":[{"href":"https:\/\/blogit.gradia.fi\/mkpt2204-suokas\/wp-json\/wp\/v2\/types\/page"}],"author":[{"embeddable":true,"href":"https:\/\/blogit.gradia.fi\/mkpt2204-suokas\/wp-json\/wp\/v2\/users\/928"}],"replies":[{"embeddable":true,"href":"https:\/\/blogit.gradia.fi\/mkpt2204-suokas\/wp-json\/wp\/v2\/comments?post=45"}],"version-history":[{"count":1,"href":"https:\/\/blogit.gradia.fi\/mkpt2204-suokas\/wp-json\/wp\/v2\/pages\/45\/revisions"}],"predecessor-version":[{"id":46,"href":"https:\/\/blogit.gradia.fi\/mkpt2204-suokas\/wp-json\/wp\/v2\/pages\/45\/revisions\/46"}],"wp:attachment":[{"href":"https:\/\/blogit.gradia.fi\/mkpt2204-suokas\/wp-json\/wp\/v2\/media?parent=45"}],"curies":[{"name":"wp","href":"https:\/\/api.w.org\/{rel}","templated":true}]}}