{"id":11,"date":"2023-01-26T09:01:07","date_gmt":"2023-01-26T07:01:07","guid":{"rendered":"https:\/\/blogit.gradia.fi\/mkpt2204-suokas\/?page_id=11"},"modified":"2023-03-13T10:46:53","modified_gmt":"2023-03-13T08:46:53","slug":"etusivu","status":"publish","type":"page","link":"https:\/\/blogit.gradia.fi\/mkpt2204-suokas\/","title":{"rendered":"Etusivu"},"content":{"rendered":"\n<div class=\"wp-block-uagb-info-box uagb-block-9bdb73e9 uagb-infobox__content-wrap  uagb-infobox-icon-above-title uagb-infobox-image-valign-top\"><div class=\"uagb-ifb-content\"><div class=\"uagb-ifb-icon-wrap\"><\/div><div class=\"uagb-ifb-title-wrap\"><h3 class=\"uagb-ifb-title\"><strong>Kultsi&amp;Noutaja<\/strong><br><em>Kultaistennoutajien erikoiskennel<\/em><\/h3><\/div><p class=\"uagb-ifb-desc\">Kennelimme on kultaistennoutajien erikoiskennel. Palvelemme koiranomistajia Jyv\u00e4skyl\u00e4n seudulla ja pentujamme kasvaa t\u00e4ll\u00e4 hetkell\u00e4 ymp\u00e4ri Suomen Rovaniemelt\u00e4 Helsinkiin.<br>Kennel perustettiin vuonna 2003 ja on kasvanut nopeasti kolmen koiran kenneliksi. Kennelin v\u00e4keen kuuluu 2 innokasta kasvattajaa ja kolme kaunista narttua.<br>Valikoimastamme on t\u00e4ll\u00e4 hetkell\u00e4 tullut kolme kaunista pentuetta. Pentujamme kuvaillaan reippaiksi, hyv\u00e4 luonteisiksi ja iloisiksi. Meid\u00e4n teht\u00e4v\u00e4n\u00e4mme ei ole ainoastaan tuottaa pentuja, vaan parantaa (valloittaa) maailmaa lis\u00e4\u00e4m\u00e4ll\u00e4 tietoutta ihanasta rodusta ja koiran kasvatuksesta.<br>Asiakkaistamme pidet\u00e4\u00e4n huolta my\u00f6s pennun luovutuksen j\u00e4lkeen. Olemme taidoistamme ja kokemuksestamme ylpeit\u00e4.<br>&#8212;-<br>Pienimuotoisesti kotioloissa<br>Tavoitteenamme on kasvattaa terveit\u00e4 ja tasapainoisia noutajia perheenj\u00e4seniksi sek\u00e4 monipuolisiksi harrastuskavereiksi. Kasvatusty\u00f6 on alkumetreill\u00e4 ja harkitsen tarkkaan jokaisen astutetun yhdistelm\u00e4n. Tavoitteena on kasvattaa terveit\u00e4 ja rotum\u00e4\u00e4ritelm\u00e4n mukaisia kultaisianoutajia, joiden kanssa voi harrastaa monipuolisesti. Meill\u00e4 pennut kasvavat kotona muiden koirien ja perheemme keskell\u00e4.<br>Miksi kultainennoutaja?<br>Kultainennoutaja on sek\u00e4 Suomessa ett\u00e4 maailmanlaajuisesti eritt\u00e4in suosittu rotu. Suomessa se on nelj\u00e4nneksi suosituin rotu. Kultainennoutaja on \u00e4lyk\u00e4s, keskikokoinen, miellytt\u00e4misenhaluinen sek\u00e4 toiminnanhaluinen koira. Kultaisennoutajan ominaisuudet tekev\u00e4t siit\u00e4 hyv\u00e4n harrastuskoiran. Alun perin se on jalostettu mets\u00e4styskoiraksi (ammutun pienriistan noutajai). Kultainennoutaja ei ole pelkk\u00e4 seurakoira, vaan se kaipaa my\u00f6s liikuntaa ja ohjattua toimintaa.<br>&#8212;-<br>Arvot<br>L\u00e4ht\u00f6kohtanamme on pentukeskeinen n\u00e4kemys. N\u00e4emme jokaisen pennun yksil\u00f6n\u00e4, joka on aktiivinen toimija sek\u00e4 yksin, ett\u00e4 ryhm\u00e4ss\u00e4.<br>Missio<br>\u00b7 Kohdata haasteet rohkeasti<br>\u00b7 Tehd\u00e4 pentuja, joista voi olla ylpe\u00e4<br>\u00b7 Jakaa tietoa ja kokemuksia koiran kasvatuksesta<br>Visio<br>Haluamme olla edell\u00e4k\u00e4vij\u00e4 Suomen ensimm\u00e4isen\u00e4 kennelin\u00e4, jonka pentujen varhaiskasvatus perustuu pentu-behavioristiseen kasvatusteoriaan.<\/p><\/div><\/div>\n\n\n\n<figure class=\"wp-block-image aligncenter size-large is-resized\"><img loading=\"lazy\" decoding=\"async\" src=\"https:\/\/blogit.gradia.fi\/mkpt2204-suokas\/wp-content\/uploads\/sites\/388\/2023\/03\/animal-3083246_1920-1024x685.jpg\" alt=\"\" class=\"wp-image-36\" width=\"766\" height=\"511\" srcset=\"https:\/\/blogit.gradia.fi\/mkpt2204-suokas\/wp-content\/uploads\/sites\/388\/2023\/03\/animal-3083246_1920-1024x685.jpg 1024w, https:\/\/blogit.gradia.fi\/mkpt2204-suokas\/wp-content\/uploads\/sites\/388\/2023\/03\/animal-3083246_1920-300x201.jpg 300w\" sizes=\"auto, (max-width: 766px) 100vw, 766px\" \/><\/figure>\n","protected":false},"excerpt":{"rendered":"","protected":false},"author":928,"featured_media":0,"parent":0,"menu_order":0,"comment_status":"closed","ping_status":"closed","template":"","meta":{"_uag_custom_page_level_css":"","site-sidebar-layout":"default","site-content-layout":"","ast-site-content-layout":"default","site-content-style":"default","site-sidebar-style":"default","ast-global-header-display":"","ast-banner-title-visibility":"","ast-main-header-display":"","ast-hfb-above-header-display":"","ast-hfb-below-header-display":"","ast-hfb-mobile-header-display":"","site-post-title":"","ast-breadcrumbs-content":"","ast-featured-img":"","footer-sml-layout":"","ast-disable-related-posts":"","theme-transparent-header-meta":"","adv-header-id-meta":"","stick-header-meta":"","header-above-stick-meta":"","header-main-stick-meta":"","header-below-stick-meta":"","astra-migrate-meta-layouts":"default","ast-page-background-enabled":"default","ast-page-background-meta":{"desktop":{"background-color":"var(--ast-global-color-4)","background-image":"","background-repeat":"repeat","background-position":"center center","background-size":"auto","background-attachment":"scroll","background-type":"","background-media":"","overlay-type":"","overlay-color":"","overlay-opacity":"","overlay-gradient":""},"tablet":{"background-color":"","background-image":"","background-repeat":"repeat","background-position":"center center","background-size":"auto","background-attachment":"scroll","background-type":"","background-media":"","overlay-type":"","overlay-color":"","overlay-opacity":"","overlay-gradient":""},"mobile":{"background-color":"","background-image":"","background-repeat":"repeat","background-position":"center center","background-size":"auto","background-attachment":"scroll","background-type":"","background-media":"","overlay-type":"","overlay-color":"","overlay-opacity":"","overlay-gradient":""}},"ast-content-background-meta":{"desktop":{"background-color":"var(--ast-global-color-5)","background-image":"","background-repeat":"repeat","background-position":"center center","background-size":"auto","background-attachment":"scroll","background-type":"","background-media":"","overlay-type":"","overlay-color":"","overlay-opacity":"","overlay-gradient":""},"tablet":{"background-color":"var(--ast-global-color-5)","background-image":"","background-repeat":"repeat","background-position":"center center","background-size":"auto","background-attachment":"scroll","background-type":"","background-media":"","overlay-type":"","overlay-color":"","overlay-opacity":"","overlay-gradient":""},"mobile":{"background-color":"var(--ast-global-color-5)","background-image":"","background-repeat":"repeat","background-position":"center center","background-size":"auto","background-attachment":"scroll","background-type":"","background-media":"","overlay-type":"","overlay-color":"","overlay-opacity":"","overlay-gradient":""}},"footnotes":""},"class_list":["post-11","page","type-page","status-publish","hentry"],"yoast_head":"<!-- This site is optimized with the Yoast SEO plugin v27.2 - https:\/\/yoast.com\/product\/yoast-seo-wordpress\/ -->\n<title>Etusivu - Kultsi&amp;Noutaja<\/title>\n<meta name=\"robots\" content=\"index, follow, max-snippet:-1, max-image-preview:large, max-video-preview:-1\" \/>\n<link rel=\"canonical\" href=\"https:\/\/blogit.gradia.fi\/mkpt2204-suokas\/\" \/>\n<meta property=\"og:locale\" content=\"fi_FI\" \/>\n<meta property=\"og:type\" content=\"article\" \/>\n<meta property=\"og:title\" content=\"Etusivu - Kultsi&amp;Noutaja\" \/>\n<meta property=\"og:url\" content=\"https:\/\/blogit.gradia.fi\/mkpt2204-suokas\/\" \/>\n<meta property=\"og:site_name\" content=\"Kultsi&amp;Noutaja\" \/>\n<meta property=\"article:modified_time\" content=\"2023-03-13T08:46:53+00:00\" \/>\n<meta property=\"og:image\" content=\"https:\/\/blogit.gradia.fi\/mkpt2204-suokas\/wp-content\/uploads\/sites\/388\/2023\/03\/animal-3083246_1920-1024x685.jpg\" \/>\n<meta name=\"twitter:card\" content=\"summary_large_image\" \/>\n<meta name=\"twitter:label1\" content=\"Arvioitu lukuaika\" \/>\n\t<meta name=\"twitter:data1\" content=\"2 minuuttia\" \/>\n<script type=\"application\/ld+json\" class=\"yoast-schema-graph\">{\"@context\":\"https:\/\/schema.org\",\"@graph\":[{\"@type\":\"WebPage\",\"@id\":\"https:\/\/blogit.gradia.fi\/mkpt2204-suokas\/\",\"url\":\"https:\/\/blogit.gradia.fi\/mkpt2204-suokas\/\",\"name\":\"Etusivu - Kultsi&amp;Noutaja\",\"isPartOf\":{\"@id\":\"https:\/\/blogit.gradia.fi\/mkpt2204-suokas\/#website\"},\"primaryImageOfPage\":{\"@id\":\"https:\/\/blogit.gradia.fi\/mkpt2204-suokas\/#primaryimage\"},\"image\":{\"@id\":\"https:\/\/blogit.gradia.fi\/mkpt2204-suokas\/#primaryimage\"},\"thumbnailUrl\":\"https:\/\/blogit.gradia.fi\/mkpt2204-suokas\/wp-content\/uploads\/sites\/388\/2023\/03\/animal-3083246_1920-1024x685.jpg\",\"datePublished\":\"2023-01-26T07:01:07+00:00\",\"dateModified\":\"2023-03-13T08:46:53+00:00\",\"breadcrumb\":{\"@id\":\"https:\/\/blogit.gradia.fi\/mkpt2204-suokas\/#breadcrumb\"},\"inLanguage\":\"fi\",\"potentialAction\":[{\"@type\":\"ReadAction\",\"target\":[\"https:\/\/blogit.gradia.fi\/mkpt2204-suokas\/\"]}]},{\"@type\":\"ImageObject\",\"inLanguage\":\"fi\",\"@id\":\"https:\/\/blogit.gradia.fi\/mkpt2204-suokas\/#primaryimage\",\"url\":\"https:\/\/blogit.gradia.fi\/mkpt2204-suokas\/wp-content\/uploads\/sites\/388\/2023\/03\/animal-3083246_1920.jpg\",\"contentUrl\":\"https:\/\/blogit.gradia.fi\/mkpt2204-suokas\/wp-content\/uploads\/sites\/388\/2023\/03\/animal-3083246_1920.jpg\",\"width\":1920,\"height\":1285},{\"@type\":\"BreadcrumbList\",\"@id\":\"https:\/\/blogit.gradia.fi\/mkpt2204-suokas\/#breadcrumb\",\"itemListElement\":[{\"@type\":\"ListItem\",\"position\":1,\"name\":\"Etusivu\",\"item\":\"https:\/\/blogit.gradia.fi\/mkpt2204-suokas\/\"},{\"@type\":\"ListItem\",\"position\":2,\"name\":\"Etusivu\"}]},{\"@type\":\"WebSite\",\"@id\":\"https:\/\/blogit.gradia.fi\/mkpt2204-suokas\/#website\",\"url\":\"https:\/\/blogit.gradia.fi\/mkpt2204-suokas\/\",\"name\":\"Kultsi&amp;Noutaja\",\"description\":\"\",\"publisher\":{\"@id\":\"https:\/\/blogit.gradia.fi\/mkpt2204-suokas\/#organization\"},\"potentialAction\":[{\"@type\":\"SearchAction\",\"target\":{\"@type\":\"EntryPoint\",\"urlTemplate\":\"https:\/\/blogit.gradia.fi\/mkpt2204-suokas\/?s={search_term_string}\"},\"query-input\":{\"@type\":\"PropertyValueSpecification\",\"valueRequired\":true,\"valueName\":\"search_term_string\"}}],\"inLanguage\":\"fi\"},{\"@type\":\"Organization\",\"@id\":\"https:\/\/blogit.gradia.fi\/mkpt2204-suokas\/#organization\",\"name\":\"Kultsi&amp;Noutaja\",\"url\":\"https:\/\/blogit.gradia.fi\/mkpt2204-suokas\/\",\"logo\":{\"@type\":\"ImageObject\",\"inLanguage\":\"fi\",\"@id\":\"https:\/\/blogit.gradia.fi\/mkpt2204-suokas\/#\/schema\/logo\/image\/\",\"url\":\"https:\/\/blogit.gradia.fi\/mkpt2204-suokas\/wp-content\/uploads\/sites\/388\/2023\/03\/Asset-1.png\",\"contentUrl\":\"https:\/\/blogit.gradia.fi\/mkpt2204-suokas\/wp-content\/uploads\/sites\/388\/2023\/03\/Asset-1.png\",\"width\":434,\"height\":437,\"caption\":\"Kultsi&amp;Noutaja\"},\"image\":{\"@id\":\"https:\/\/blogit.gradia.fi\/mkpt2204-suokas\/#\/schema\/logo\/image\/\"}}]}<\/script>\n<!-- \/ Yoast SEO plugin. -->","yoast_head_json":{"title":"Etusivu - Kultsi&amp;Noutaja","robots":{"index":"index","follow":"follow","max-snippet":"max-snippet:-1","max-image-preview":"max-image-preview:large","max-video-preview":"max-video-preview:-1"},"canonical":"https:\/\/blogit.gradia.fi\/mkpt2204-suokas\/","og_locale":"fi_FI","og_type":"article","og_title":"Etusivu - Kultsi&amp;Noutaja","og_url":"https:\/\/blogit.gradia.fi\/mkpt2204-suokas\/","og_site_name":"Kultsi&amp;Noutaja","article_modified_time":"2023-03-13T08:46:53+00:00","og_image":[{"url":"https:\/\/blogit.gradia.fi\/mkpt2204-suokas\/wp-content\/uploads\/sites\/388\/2023\/03\/animal-3083246_1920-1024x685.jpg","type":"","width":"","height":""}],"twitter_card":"summary_large_image","twitter_misc":{"Arvioitu lukuaika":"2 minuuttia"},"schema":{"@context":"https:\/\/schema.org","@graph":[{"@type":"WebPage","@id":"https:\/\/blogit.gradia.fi\/mkpt2204-suokas\/","url":"https:\/\/blogit.gradia.fi\/mkpt2204-suokas\/","name":"Etusivu - Kultsi&amp;Noutaja","isPartOf":{"@id":"https:\/\/blogit.gradia.fi\/mkpt2204-suokas\/#website"},"primaryImageOfPage":{"@id":"https:\/\/blogit.gradia.fi\/mkpt2204-suokas\/#primaryimage"},"image":{"@id":"https:\/\/blogit.gradia.fi\/mkpt2204-suokas\/#primaryimage"},"thumbnailUrl":"https:\/\/blogit.gradia.fi\/mkpt2204-suokas\/wp-content\/uploads\/sites\/388\/2023\/03\/animal-3083246_1920-1024x685.jpg","datePublished":"2023-01-26T07:01:07+00:00","dateModified":"2023-03-13T08:46:53+00:00","breadcrumb":{"@id":"https:\/\/blogit.gradia.fi\/mkpt2204-suokas\/#breadcrumb"},"inLanguage":"fi","potentialAction":[{"@type":"ReadAction","target":["https:\/\/blogit.gradia.fi\/mkpt2204-suokas\/"]}]},{"@type":"ImageObject","inLanguage":"fi","@id":"https:\/\/blogit.gradia.fi\/mkpt2204-suokas\/#primaryimage","url":"https:\/\/blogit.gradia.fi\/mkpt2204-suokas\/wp-content\/uploads\/sites\/388\/2023\/03\/animal-3083246_1920.jpg","contentUrl":"https:\/\/blogit.gradia.fi\/mkpt2204-suokas\/wp-content\/uploads\/sites\/388\/2023\/03\/animal-3083246_1920.jpg","width":1920,"height":1285},{"@type":"BreadcrumbList","@id":"https:\/\/blogit.gradia.fi\/mkpt2204-suokas\/#breadcrumb","itemListElement":[{"@type":"ListItem","position":1,"name":"Etusivu","item":"https:\/\/blogit.gradia.fi\/mkpt2204-suokas\/"},{"@type":"ListItem","position":2,"name":"Etusivu"}]},{"@type":"WebSite","@id":"https:\/\/blogit.gradia.fi\/mkpt2204-suokas\/#website","url":"https:\/\/blogit.gradia.fi\/mkpt2204-suokas\/","name":"Kultsi&amp;Noutaja","description":"","publisher":{"@id":"https:\/\/blogit.gradia.fi\/mkpt2204-suokas\/#organization"},"potentialAction":[{"@type":"SearchAction","target":{"@type":"EntryPoint","urlTemplate":"https:\/\/blogit.gradia.fi\/mkpt2204-suokas\/?s={search_term_string}"},"query-input":{"@type":"PropertyValueSpecification","valueRequired":true,"valueName":"search_term_string"}}],"inLanguage":"fi"},{"@type":"Organization","@id":"https:\/\/blogit.gradia.fi\/mkpt2204-suokas\/#organization","name":"Kultsi&amp;Noutaja","url":"https:\/\/blogit.gradia.fi\/mkpt2204-suokas\/","logo":{"@type":"ImageObject","inLanguage":"fi","@id":"https:\/\/blogit.gradia.fi\/mkpt2204-suokas\/#\/schema\/logo\/image\/","url":"https:\/\/blogit.gradia.fi\/mkpt2204-suokas\/wp-content\/uploads\/sites\/388\/2023\/03\/Asset-1.png","contentUrl":"https:\/\/blogit.gradia.fi\/mkpt2204-suokas\/wp-content\/uploads\/sites\/388\/2023\/03\/Asset-1.png","width":434,"height":437,"caption":"Kultsi&amp;Noutaja"},"image":{"@id":"https:\/\/blogit.gradia.fi\/mkpt2204-suokas\/#\/schema\/logo\/image\/"}}]}},"uagb_featured_image_src":{"full":false,"thumbnail":false,"medium":false,"medium_large":false,"large":false,"1536x1536":false,"2048x2048":false},"uagb_author_info":{"display_name":"Saku Suokas","author_link":"https:\/\/blogit.gradia.fi\/mkpt2204-suokas\/author\/gr276323\/"},"uagb_comment_info":0,"uagb_excerpt":null,"_links":{"self":[{"href":"https:\/\/blogit.gradia.fi\/mkpt2204-suokas\/wp-json\/wp\/v2\/pages\/11","targetHints":{"allow":["GET"]}}],"collection":[{"href":"https:\/\/blogit.gradia.fi\/mkpt2204-suokas\/wp-json\/wp\/v2\/pages"}],"about":[{"href":"https:\/\/blogit.gradia.fi\/mkpt2204-suokas\/wp-json\/wp\/v2\/types\/page"}],"author":[{"embeddable":true,"href":"https:\/\/blogit.gradia.fi\/mkpt2204-suokas\/wp-json\/wp\/v2\/users\/928"}],"replies":[{"embeddable":true,"href":"https:\/\/blogit.gradia.fi\/mkpt2204-suokas\/wp-json\/wp\/v2\/comments?post=11"}],"version-history":[{"count":3,"href":"https:\/\/blogit.gradia.fi\/mkpt2204-suokas\/wp-json\/wp\/v2\/pages\/11\/revisions"}],"predecessor-version":[{"id":53,"href":"https:\/\/blogit.gradia.fi\/mkpt2204-suokas\/wp-json\/wp\/v2\/pages\/11\/revisions\/53"}],"wp:attachment":[{"href":"https:\/\/blogit.gradia.fi\/mkpt2204-suokas\/wp-json\/wp\/v2\/media?parent=11"}],"curies":[{"name":"wp","href":"https:\/\/api.w.org\/{rel}","templated":true}]}}