{"id":33,"date":"2023-01-26T08:46:37","date_gmt":"2023-01-26T06:46:37","guid":{"rendered":"https:\/\/blogit.gradia.fi\/mkpt2204-salonmaa\/?page_id=33"},"modified":"2023-03-11T17:00:10","modified_gmt":"2023-03-11T15:00:10","slug":"koirat","status":"publish","type":"page","link":"https:\/\/blogit.gradia.fi\/mkpt2204-salonmaa\/koirat\/","title":{"rendered":"Koirat"},"content":{"rendered":"\n<div class=\"wp-block-uagb-container uagb-block-2c23d33d alignfull uagb-is-root-container\"><div class=\"uagb-container-inner-blocks-wrap\">\n<div class=\"wp-block-uagb-container uagb-block-5d8b7db5\">\n<div class=\"wp-block-uagb-image alignleft uagb-block-b5f9e5d7 wp-block-uagb-image--layout-default wp-block-uagb-image--effect-static wp-block-uagb-image--align-left\"><figure class=\"wp-block-uagb-image__figure\"><img decoding=\"async\" src=\"https:\/\/blogit.gradia.fi\/mkpt2204-salonmaa\/wp-content\/uploads\/sites\/386\/2023\/03\/Toto.jpg\" alt=\"\" class=\"uag-image-270\" width=\"469\" height=\"274\" title=\"\" loading=\"lazy\" \/><\/figure><\/div>\n\n\n\n<div style=\"height:25px\" aria-hidden=\"true\" class=\"wp-block-spacer\"><\/div>\n\n\n\n<div class=\"wp-block-uagb-advanced-heading uagb-block-cad02cf2\"><h2 class=\"uagb-heading-text\">Toto<\/h2><\/div>\n\n\n\n<p style=\"line-height:1.5\"><strong>Nimi:<\/strong> Toto<\/p>\n\n\n\n<p><strong>Virallinen nimi:<\/strong> Tophias Darktooth<\/p>\n\n\n\n<p><strong>Sukupuoli:<\/strong> Uros<\/p>\n\n\n\n<p><strong>Oma koira:<\/strong><\/p>\n\n\n\n<p><strong>Kasvattaja: <\/strong>Kennel Cerbi<\/p>\n\n\n\n<p><strong>Syntym\u00e4p\u00e4iv\u00e4:<\/strong> 12.5. 2011<\/p>\n\n\n\n<p><strong>Terveys:<\/strong><\/p>\n\n\n\n<p>Lonkat: A\/A<\/p>\n\n\n\n<p>Kyyn\u00e4rp\u00e4\u00e4t: 0\/0<\/p>\n\n\n\n<p>Silm\u00e4t: ok<\/p>\n\n\n\n<p><strong>Meriitit:<\/strong><\/p>\n\n\n\n<p>1 x reserve CC<\/p>\n\n\n\n<p>1 x CC from Estonia<\/p>\n<\/div>\n\n\n\n<div class=\"wp-block-uagb-container uagb-block-c23376c3\">\n<div class=\"wp-block-uagb-image alignleft uagb-block-cad4f1b5 wp-block-uagb-image--layout-default wp-block-uagb-image--effect-static wp-block-uagb-image--align-left\"><figure class=\"wp-block-uagb-image__figure\"><img decoding=\"async\" src=\"https:\/\/blogit.gradia.fi\/mkpt2204-salonmaa\/wp-content\/uploads\/sites\/386\/2023\/03\/Stella.jpg\" alt=\"\" class=\"uag-image-275\" width=\"440\" height=\"287\" title=\"\" loading=\"lazy\" \/><\/figure><\/div>\n\n\n\n<div style=\"height:25px\" aria-hidden=\"true\" class=\"wp-block-spacer\"><\/div>\n\n\n\n<div class=\"wp-block-uagb-advanced-heading uagb-block-0141e8fc\"><h2 class=\"uagb-heading-text\">Stella<\/h2><\/div>\n\n\n\n<p><strong>Nimi: <\/strong>Stella<\/p>\n\n\n\n<p><strong>Virallinen nimi:<\/strong> Stella Palefur<\/p>\n\n\n\n<p><strong>Sukupuoli:<\/strong> Naaras<\/p>\n\n\n\n<p><strong>Oma koira: <\/strong>X<\/p>\n\n\n\n<p><strong>Kasvattaja:<\/strong><\/p>\n\n\n\n<p><strong>Syntym\u00e4p\u00e4iv\u00e4: <\/strong>24.8. 2015<\/p>\n\n\n\n<p><strong>Terveys:<\/strong><\/p>\n\n\n\n<p>Lonkat: A\/A<\/p>\n\n\n\n<p>Kyyn\u00e4rp\u00e4\u00e4t: 0\/0<\/p>\n\n\n\n<p>Silm\u00e4t: clear, PRA-1 clear<\/p>\n\n\n\n<p><strong>Meriitit:<\/strong><\/p>\n\n\n\n<p>Puppy class 2nd with HP<\/p>\n\n\n\n<p>Open class 1st\/EXC, CQ -&gt; 2nd BEST BITCH -&gt; CAC<\/p>\n<\/div>\n<\/div><\/div>\n\n\n\n<div style=\"height:50px\" aria-hidden=\"true\" class=\"wp-block-spacer\"><\/div>\n\n\n\n<div class=\"wp-block-uagb-container uagb-block-23803ec0 alignfull uagb-is-root-container\"><div class=\"uagb-container-inner-blocks-wrap\">\n<div class=\"wp-block-uagb-container uagb-block-7fa8adf0\">\n<div class=\"wp-block-uagb-image alignleft uagb-block-508a8a6b wp-block-uagb-image--layout-default wp-block-uagb-image--effect-static wp-block-uagb-image--align-left\"><figure class=\"wp-block-uagb-image__figure\"><img decoding=\"async\" src=\"https:\/\/blogit.gradia.fi\/mkpt2204-salonmaa\/wp-content\/uploads\/sites\/386\/2023\/03\/Tille.jpg\" alt=\"\" class=\"uag-image-287\" width=\"435\" height=\"289\" title=\"\" loading=\"lazy\" \/><\/figure><\/div>\n\n\n\n<div style=\"height:25px\" aria-hidden=\"true\" class=\"wp-block-spacer\"><\/div>\n\n\n\n<div class=\"wp-block-uagb-advanced-heading uagb-block-eaf4d752\"><h2 class=\"uagb-heading-text\">Tille<\/h2><\/div>\n\n\n\n<p><strong>Nimi<\/strong>: Tille<\/p>\n\n\n\n<p><strong>Virallinen nimi: <\/strong>Tiara Spiritrunner<\/p>\n\n\n\n<p><strong>Sukupuoli:<\/strong> Naaras<\/p>\n\n\n\n<p><strong>Oma koira: <\/strong>X<\/p>\n\n\n\n<p><strong>Kasvattaja:<\/strong><\/p>\n\n\n\n<p><strong>Syntym\u00e4p\u00e4iv\u00e4: <\/strong>11.3. 2016<\/p>\n\n\n\n<p><strong>Terveys:<\/strong><\/p>\n\n\n\n<p>Lonkat: A\/A<\/p>\n\n\n\n<p>Kyyn\u00e4rp\u00e4\u00e4t: 0\/0<\/p>\n\n\n\n<p>Silm\u00e4t: clear<\/p>\n\n\n\n<p><strong>Meriitit:<\/strong><\/p>\n\n\n\n<p>Junior class 2nd with EXC<\/p>\n\n\n\n<p><\/p>\n<\/div>\n\n\n\n<div class=\"wp-block-uagb-container uagb-block-f9b0afa9\">\n<div class=\"wp-block-uagb-image alignleft uagb-block-bd4f800e wp-block-uagb-image--layout-default wp-block-uagb-image--effect-static wp-block-uagb-image--align-left\"><figure class=\"wp-block-uagb-image__figure\"><img decoding=\"async\" src=\"https:\/\/blogit.gradia.fi\/mkpt2204-salonmaa\/wp-content\/uploads\/sites\/386\/2023\/03\/Musti.jpg\" alt=\"\" class=\"uag-image-289\" width=\"403\" height=\"294\" title=\"\" loading=\"lazy\" \/><\/figure><\/div>\n\n\n\n<div style=\"height:25px\" aria-hidden=\"true\" class=\"wp-block-spacer\"><\/div>\n\n\n\n<div class=\"wp-block-uagb-advanced-heading uagb-block-718e9b95\"><h2 class=\"uagb-heading-text\">Musti<\/h2><\/div>\n\n\n\n<p><strong>Nimi:<\/strong> Musti<\/p>\n\n\n\n<p><strong>Virallinen nimi:<\/strong> Murphy Von Reynard<\/p>\n\n\n\n<p><strong>Sukupuoli:<\/strong> Uros<\/p>\n\n\n\n<p><strong>Oma koira:<\/strong><\/p>\n\n\n\n<p><strong>Kasvattaja:<\/strong> Kennel Reynard<\/p>\n\n\n\n<p><strong>Syntym\u00e4p\u00e4iv\u00e4: <\/strong>5.1. 2015<\/p>\n\n\n\n<p><strong>Terveys:<\/strong><\/p>\n\n\n\n<p>Lonkat: A\/A<\/p>\n\n\n\n<p>Kyyn\u00e4rp\u00e4\u00e4t: 0\/0<\/p>\n\n\n\n<p>Silm\u00e4t: ok<\/p>\n\n\n\n<p><strong>Meriitit:<\/strong><\/p>\n\n\n\n<p>Puppy class 5-7 months 2nd with HP<\/p>\n\n\n\n<p>Junior class 3rd with EXC<\/p>\n<\/div>\n<\/div><\/div>\n\n\n\n<div style=\"height:50px\" aria-hidden=\"true\" class=\"wp-block-spacer\"><\/div>\n\n\n\n<div class=\"wp-block-uagb-container uagb-block-1888a17d alignfull uagb-is-root-container\"><div class=\"uagb-container-inner-blocks-wrap\">\n<div class=\"wp-block-uagb-container uagb-block-1c7f6f76\">\n<div class=\"wp-block-uagb-image alignleft uagb-block-065209d6 wp-block-uagb-image--layout-default wp-block-uagb-image--effect-static wp-block-uagb-image--align-left\"><figure class=\"wp-block-uagb-image__figure\"><img decoding=\"async\" src=\"https:\/\/blogit.gradia.fi\/mkpt2204-salonmaa\/wp-content\/uploads\/sites\/386\/2023\/03\/Minni.jpg\" alt=\"\" class=\"uag-image-295\" width=\"443\" height=\"241\" title=\"\" loading=\"lazy\" \/><\/figure><\/div>\n\n\n\n<div style=\"height:25px\" aria-hidden=\"true\" class=\"wp-block-spacer\"><\/div>\n\n\n\n<div class=\"wp-block-uagb-advanced-heading uagb-block-d1923135\"><h2 class=\"uagb-heading-text\">Minni<\/h2><\/div>\n\n\n\n<p><strong>Nimi:<\/strong> Minni<\/p>\n\n\n\n<p><strong>Virallinen nimi:<\/strong> Lady Minnie Cupcake<\/p>\n\n\n\n<p><strong>Sukupuoli:<\/strong> Naaras<\/p>\n\n\n\n<p><strong>Oma koira:<\/strong> X<\/p>\n\n\n\n<p><strong>Kasvattaja:<\/strong><\/p>\n\n\n\n<p><strong>Syntym\u00e4p\u00e4iv\u00e4:<\/strong> 7.9. 2014<\/p>\n\n\n\n<p><strong>Terveys:<\/strong><\/p>\n\n\n\n<p>Lonkat: A\/A<\/p>\n\n\n\n<p>Kyyn\u00e4rp\u00e4\u00e4t: 0\/0<\/p>\n\n\n\n<p>Silm\u00e4t: ok<\/p>\n\n\n\n<p><strong>Meriitit:<\/strong><\/p>\n\n\n\n<p>Puppy class 5-7 months 3rd with HP<\/p>\n\n\n\n<p>Puppy class 7-9 months 1st with HP -&gt;BOB PUPPY<\/p>\n\n\n\n<p>Junior class 1st EXC, CQ, 3rd BEST BITCH, rec CC<\/p>\n<\/div>\n\n\n\n<div class=\"wp-block-uagb-container uagb-block-8f33138a\"><\/div>\n<\/div><\/div>\n","protected":false},"excerpt":{"rendered":"<p>Toto Nimi: Toto Virallinen nimi: Tophias Darktooth Sukupuoli: Uros Oma koira: Kasvattaja: Kennel Cerbi Syntym\u00e4p\u00e4iv\u00e4: 12.5. 2011 Terveys: Lonkat: A\/A Kyyn\u00e4rp\u00e4\u00e4t: 0\/0 Silm\u00e4t: ok Meriitit: 1 x reserve CC 1 x CC from Estonia Stella Nimi: Stella Virallinen nimi: Stella Palefur Sukupuoli: Naaras Oma koira: X Kasvattaja: Syntym\u00e4p\u00e4iv\u00e4: 24.8. 2015 Terveys: Lonkat: A\/A Kyyn\u00e4rp\u00e4\u00e4t: 0\/0 [&hellip;]<\/p>\n","protected":false},"author":927,"featured_media":0,"parent":0,"menu_order":0,"comment_status":"closed","ping_status":"closed","template":"","meta":{"_uag_custom_page_level_css":"","site-sidebar-layout":"default","site-content-layout":"","ast-site-content-layout":"default","site-content-style":"default","site-sidebar-style":"default","ast-global-header-display":"","ast-banner-title-visibility":"","ast-main-header-display":"","ast-hfb-above-header-display":"","ast-hfb-below-header-display":"","ast-hfb-mobile-header-display":"","site-post-title":"","ast-breadcrumbs-content":"","ast-featured-img":"","footer-sml-layout":"","ast-disable-related-posts":"","theme-transparent-header-meta":"","adv-header-id-meta":"","stick-header-meta":"","header-above-stick-meta":"","header-main-stick-meta":"","header-below-stick-meta":"","astra-migrate-meta-layouts":"default","ast-page-background-enabled":"default","ast-page-background-meta":{"desktop":{"background-color":"var(--ast-global-color-4)","background-image":"","background-repeat":"repeat","background-position":"center center","background-size":"auto","background-attachment":"scroll","background-type":"","background-media":"","overlay-type":"","overlay-color":"","overlay-opacity":"","overlay-gradient":""},"tablet":{"background-color":"","background-image":"","background-repeat":"repeat","background-position":"center center","background-size":"auto","background-attachment":"scroll","background-type":"","background-media":"","overlay-type":"","overlay-color":"","overlay-opacity":"","overlay-gradient":""},"mobile":{"background-color":"","background-image":"","background-repeat":"repeat","background-position":"center center","background-size":"auto","background-attachment":"scroll","background-type":"","background-media":"","overlay-type":"","overlay-color":"","overlay-opacity":"","overlay-gradient":""}},"ast-content-background-meta":{"desktop":{"background-color":"var(--ast-global-color-5)","background-image":"","background-repeat":"repeat","background-position":"center center","background-size":"auto","background-attachment":"scroll","background-type":"","background-media":"","overlay-type":"","overlay-color":"","overlay-opacity":"","overlay-gradient":""},"tablet":{"background-color":"var(--ast-global-color-5)","background-image":"","background-repeat":"repeat","background-position":"center center","background-size":"auto","background-attachment":"scroll","background-type":"","background-media":"","overlay-type":"","overlay-color":"","overlay-opacity":"","overlay-gradient":""},"mobile":{"background-color":"var(--ast-global-color-5)","background-image":"","background-repeat":"repeat","background-position":"center center","background-size":"auto","background-attachment":"scroll","background-type":"","background-media":"","overlay-type":"","overlay-color":"","overlay-opacity":"","overlay-gradient":""}},"footnotes":""},"class_list":["post-33","page","type-page","status-publish","hentry"],"yoast_head":"<!-- This site is optimized with the Yoast SEO plugin v27.2 - https:\/\/yoast.com\/product\/yoast-seo-wordpress\/ -->\n<title>Koirat - Kultsi &amp; Noutaja<\/title>\n<meta name=\"robots\" content=\"index, follow, max-snippet:-1, max-image-preview:large, max-video-preview:-1\" \/>\n<link rel=\"canonical\" href=\"https:\/\/blogit.gradia.fi\/mkpt2204-salonmaa\/koirat\/\" \/>\n<meta property=\"og:locale\" content=\"fi_FI\" \/>\n<meta property=\"og:type\" content=\"article\" \/>\n<meta property=\"og:title\" content=\"Koirat - Kultsi &amp; Noutaja\" \/>\n<meta property=\"og:description\" content=\"Toto Nimi: Toto Virallinen nimi: Tophias Darktooth Sukupuoli: Uros Oma koira: Kasvattaja: Kennel Cerbi Syntym\u00e4p\u00e4iv\u00e4: 12.5. 2011 Terveys: Lonkat: A\/A Kyyn\u00e4rp\u00e4\u00e4t: 0\/0 Silm\u00e4t: ok Meriitit: 1 x reserve CC 1 x CC from Estonia Stella Nimi: Stella Virallinen nimi: Stella Palefur Sukupuoli: Naaras Oma koira: X Kasvattaja: Syntym\u00e4p\u00e4iv\u00e4: 24.8. 2015 Terveys: Lonkat: A\/A Kyyn\u00e4rp\u00e4\u00e4t: 0\/0 [&hellip;]\" \/>\n<meta property=\"og:url\" content=\"https:\/\/blogit.gradia.fi\/mkpt2204-salonmaa\/koirat\/\" \/>\n<meta property=\"og:site_name\" content=\"Kultsi &amp; Noutaja\" \/>\n<meta property=\"article:modified_time\" content=\"2023-03-11T15:00:10+00:00\" \/>\n<meta property=\"og:image\" content=\"https:\/\/blogit.gradia.fi\/mkpt2204-salonmaa\/wp-content\/uploads\/sites\/386\/2023\/03\/Toto.jpg\" \/>\n<meta name=\"twitter:card\" content=\"summary_large_image\" \/>\n<meta name=\"twitter:label1\" content=\"Arvioitu lukuaika\" \/>\n\t<meta name=\"twitter:data1\" content=\"3 minuuttia\" \/>\n<script type=\"application\/ld+json\" class=\"yoast-schema-graph\">{\"@context\":\"https:\/\/schema.org\",\"@graph\":[{\"@type\":\"WebPage\",\"@id\":\"https:\/\/blogit.gradia.fi\/mkpt2204-salonmaa\/koirat\/\",\"url\":\"https:\/\/blogit.gradia.fi\/mkpt2204-salonmaa\/koirat\/\",\"name\":\"Koirat - Kultsi &amp; Noutaja\",\"isPartOf\":{\"@id\":\"https:\/\/blogit.gradia.fi\/mkpt2204-salonmaa\/#website\"},\"primaryImageOfPage\":{\"@id\":\"https:\/\/blogit.gradia.fi\/mkpt2204-salonmaa\/koirat\/#primaryimage\"},\"image\":{\"@id\":\"https:\/\/blogit.gradia.fi\/mkpt2204-salonmaa\/koirat\/#primaryimage\"},\"thumbnailUrl\":\"https:\/\/blogit.gradia.fi\/mkpt2204-salonmaa\/wp-content\/uploads\/sites\/386\/2023\/03\/Toto.jpg\",\"datePublished\":\"2023-01-26T06:46:37+00:00\",\"dateModified\":\"2023-03-11T15:00:10+00:00\",\"breadcrumb\":{\"@id\":\"https:\/\/blogit.gradia.fi\/mkpt2204-salonmaa\/koirat\/#breadcrumb\"},\"inLanguage\":\"fi\",\"potentialAction\":[{\"@type\":\"ReadAction\",\"target\":[\"https:\/\/blogit.gradia.fi\/mkpt2204-salonmaa\/koirat\/\"]}]},{\"@type\":\"ImageObject\",\"inLanguage\":\"fi\",\"@id\":\"https:\/\/blogit.gradia.fi\/mkpt2204-salonmaa\/koirat\/#primaryimage\",\"url\":\"https:\/\/blogit.gradia.fi\/mkpt2204-salonmaa\/wp-content\/uploads\/sites\/386\/2023\/03\/Toto.jpg\",\"contentUrl\":\"https:\/\/blogit.gradia.fi\/mkpt2204-salonmaa\/wp-content\/uploads\/sites\/386\/2023\/03\/Toto.jpg\",\"width\":1920,\"height\":1190},{\"@type\":\"BreadcrumbList\",\"@id\":\"https:\/\/blogit.gradia.fi\/mkpt2204-salonmaa\/koirat\/#breadcrumb\",\"itemListElement\":[{\"@type\":\"ListItem\",\"position\":1,\"name\":\"Etusivu\",\"item\":\"https:\/\/blogit.gradia.fi\/mkpt2204-salonmaa\/\"},{\"@type\":\"ListItem\",\"position\":2,\"name\":\"Koirat\"}]},{\"@type\":\"WebSite\",\"@id\":\"https:\/\/blogit.gradia.fi\/mkpt2204-salonmaa\/#website\",\"url\":\"https:\/\/blogit.gradia.fi\/mkpt2204-salonmaa\/\",\"name\":\"Kultsi &amp; Noutaja\",\"description\":\"Kultaistennoutajien erikoiskennel\",\"publisher\":{\"@id\":\"https:\/\/blogit.gradia.fi\/mkpt2204-salonmaa\/#organization\"},\"potentialAction\":[{\"@type\":\"SearchAction\",\"target\":{\"@type\":\"EntryPoint\",\"urlTemplate\":\"https:\/\/blogit.gradia.fi\/mkpt2204-salonmaa\/?s={search_term_string}\"},\"query-input\":{\"@type\":\"PropertyValueSpecification\",\"valueRequired\":true,\"valueName\":\"search_term_string\"}}],\"inLanguage\":\"fi\"},{\"@type\":\"Organization\",\"@id\":\"https:\/\/blogit.gradia.fi\/mkpt2204-salonmaa\/#organization\",\"name\":\"Kultsi &amp; Noutaja\",\"url\":\"https:\/\/blogit.gradia.fi\/mkpt2204-salonmaa\/\",\"logo\":{\"@type\":\"ImageObject\",\"inLanguage\":\"fi\",\"@id\":\"https:\/\/blogit.gradia.fi\/mkpt2204-salonmaa\/#\/schema\/logo\/image\/\",\"url\":\"https:\/\/blogit.gradia.fi\/mkpt2204-salonmaa\/wp-content\/uploads\/sites\/386\/2023\/03\/KultsiNoutaja_logo_800px.png\",\"contentUrl\":\"https:\/\/blogit.gradia.fi\/mkpt2204-salonmaa\/wp-content\/uploads\/sites\/386\/2023\/03\/KultsiNoutaja_logo_800px.png\",\"width\":800,\"height\":765,\"caption\":\"Kultsi &amp; Noutaja\"},\"image\":{\"@id\":\"https:\/\/blogit.gradia.fi\/mkpt2204-salonmaa\/#\/schema\/logo\/image\/\"}}]}<\/script>\n<!-- \/ Yoast SEO plugin. -->","yoast_head_json":{"title":"Koirat - Kultsi &amp; Noutaja","robots":{"index":"index","follow":"follow","max-snippet":"max-snippet:-1","max-image-preview":"max-image-preview:large","max-video-preview":"max-video-preview:-1"},"canonical":"https:\/\/blogit.gradia.fi\/mkpt2204-salonmaa\/koirat\/","og_locale":"fi_FI","og_type":"article","og_title":"Koirat - Kultsi &amp; Noutaja","og_description":"Toto Nimi: Toto Virallinen nimi: Tophias Darktooth Sukupuoli: Uros Oma koira: Kasvattaja: Kennel Cerbi Syntym\u00e4p\u00e4iv\u00e4: 12.5. 2011 Terveys: Lonkat: A\/A Kyyn\u00e4rp\u00e4\u00e4t: 0\/0 Silm\u00e4t: ok Meriitit: 1 x reserve CC 1 x CC from Estonia Stella Nimi: Stella Virallinen nimi: Stella Palefur Sukupuoli: Naaras Oma koira: X Kasvattaja: Syntym\u00e4p\u00e4iv\u00e4: 24.8. 2015 Terveys: Lonkat: A\/A Kyyn\u00e4rp\u00e4\u00e4t: 0\/0 [&hellip;]","og_url":"https:\/\/blogit.gradia.fi\/mkpt2204-salonmaa\/koirat\/","og_site_name":"Kultsi &amp; Noutaja","article_modified_time":"2023-03-11T15:00:10+00:00","og_image":[{"url":"https:\/\/blogit.gradia.fi\/mkpt2204-salonmaa\/wp-content\/uploads\/sites\/386\/2023\/03\/Toto.jpg","type":"","width":"","height":""}],"twitter_card":"summary_large_image","twitter_misc":{"Arvioitu lukuaika":"3 minuuttia"},"schema":{"@context":"https:\/\/schema.org","@graph":[{"@type":"WebPage","@id":"https:\/\/blogit.gradia.fi\/mkpt2204-salonmaa\/koirat\/","url":"https:\/\/blogit.gradia.fi\/mkpt2204-salonmaa\/koirat\/","name":"Koirat - Kultsi &amp; Noutaja","isPartOf":{"@id":"https:\/\/blogit.gradia.fi\/mkpt2204-salonmaa\/#website"},"primaryImageOfPage":{"@id":"https:\/\/blogit.gradia.fi\/mkpt2204-salonmaa\/koirat\/#primaryimage"},"image":{"@id":"https:\/\/blogit.gradia.fi\/mkpt2204-salonmaa\/koirat\/#primaryimage"},"thumbnailUrl":"https:\/\/blogit.gradia.fi\/mkpt2204-salonmaa\/wp-content\/uploads\/sites\/386\/2023\/03\/Toto.jpg","datePublished":"2023-01-26T06:46:37+00:00","dateModified":"2023-03-11T15:00:10+00:00","breadcrumb":{"@id":"https:\/\/blogit.gradia.fi\/mkpt2204-salonmaa\/koirat\/#breadcrumb"},"inLanguage":"fi","potentialAction":[{"@type":"ReadAction","target":["https:\/\/blogit.gradia.fi\/mkpt2204-salonmaa\/koirat\/"]}]},{"@type":"ImageObject","inLanguage":"fi","@id":"https:\/\/blogit.gradia.fi\/mkpt2204-salonmaa\/koirat\/#primaryimage","url":"https:\/\/blogit.gradia.fi\/mkpt2204-salonmaa\/wp-content\/uploads\/sites\/386\/2023\/03\/Toto.jpg","contentUrl":"https:\/\/blogit.gradia.fi\/mkpt2204-salonmaa\/wp-content\/uploads\/sites\/386\/2023\/03\/Toto.jpg","width":1920,"height":1190},{"@type":"BreadcrumbList","@id":"https:\/\/blogit.gradia.fi\/mkpt2204-salonmaa\/koirat\/#breadcrumb","itemListElement":[{"@type":"ListItem","position":1,"name":"Etusivu","item":"https:\/\/blogit.gradia.fi\/mkpt2204-salonmaa\/"},{"@type":"ListItem","position":2,"name":"Koirat"}]},{"@type":"WebSite","@id":"https:\/\/blogit.gradia.fi\/mkpt2204-salonmaa\/#website","url":"https:\/\/blogit.gradia.fi\/mkpt2204-salonmaa\/","name":"Kultsi &amp; Noutaja","description":"Kultaistennoutajien erikoiskennel","publisher":{"@id":"https:\/\/blogit.gradia.fi\/mkpt2204-salonmaa\/#organization"},"potentialAction":[{"@type":"SearchAction","target":{"@type":"EntryPoint","urlTemplate":"https:\/\/blogit.gradia.fi\/mkpt2204-salonmaa\/?s={search_term_string}"},"query-input":{"@type":"PropertyValueSpecification","valueRequired":true,"valueName":"search_term_string"}}],"inLanguage":"fi"},{"@type":"Organization","@id":"https:\/\/blogit.gradia.fi\/mkpt2204-salonmaa\/#organization","name":"Kultsi &amp; Noutaja","url":"https:\/\/blogit.gradia.fi\/mkpt2204-salonmaa\/","logo":{"@type":"ImageObject","inLanguage":"fi","@id":"https:\/\/blogit.gradia.fi\/mkpt2204-salonmaa\/#\/schema\/logo\/image\/","url":"https:\/\/blogit.gradia.fi\/mkpt2204-salonmaa\/wp-content\/uploads\/sites\/386\/2023\/03\/KultsiNoutaja_logo_800px.png","contentUrl":"https:\/\/blogit.gradia.fi\/mkpt2204-salonmaa\/wp-content\/uploads\/sites\/386\/2023\/03\/KultsiNoutaja_logo_800px.png","width":800,"height":765,"caption":"Kultsi &amp; Noutaja"},"image":{"@id":"https:\/\/blogit.gradia.fi\/mkpt2204-salonmaa\/#\/schema\/logo\/image\/"}}]}},"uagb_featured_image_src":{"full":false,"thumbnail":false,"medium":false,"medium_large":false,"large":false,"1536x1536":false,"2048x2048":false},"uagb_author_info":{"display_name":"Moona Salonmaa","author_link":"https:\/\/blogit.gradia.fi\/mkpt2204-salonmaa\/author\/gr276322\/"},"uagb_comment_info":0,"uagb_excerpt":"Toto Nimi: Toto Virallinen nimi: Tophias Darktooth Sukupuoli: Uros Oma koira: Kasvattaja: Kennel Cerbi Syntym\u00e4p\u00e4iv\u00e4: 12.5. 2011 Terveys: Lonkat: A\/A Kyyn\u00e4rp\u00e4\u00e4t: 0\/0 Silm\u00e4t: ok Meriitit: 1 x reserve CC 1 x CC from Estonia Stella Nimi: Stella Virallinen nimi: Stella Palefur Sukupuoli: Naaras Oma koira: X Kasvattaja: Syntym\u00e4p\u00e4iv\u00e4: 24.8. 2015 Terveys: Lonkat: A\/A Kyyn\u00e4rp\u00e4\u00e4t: 0\/0&hellip;","_links":{"self":[{"href":"https:\/\/blogit.gradia.fi\/mkpt2204-salonmaa\/wp-json\/wp\/v2\/pages\/33","targetHints":{"allow":["GET"]}}],"collection":[{"href":"https:\/\/blogit.gradia.fi\/mkpt2204-salonmaa\/wp-json\/wp\/v2\/pages"}],"about":[{"href":"https:\/\/blogit.gradia.fi\/mkpt2204-salonmaa\/wp-json\/wp\/v2\/types\/page"}],"author":[{"embeddable":true,"href":"https:\/\/blogit.gradia.fi\/mkpt2204-salonmaa\/wp-json\/wp\/v2\/users\/927"}],"replies":[{"embeddable":true,"href":"https:\/\/blogit.gradia.fi\/mkpt2204-salonmaa\/wp-json\/wp\/v2\/comments?post=33"}],"version-history":[{"count":22,"href":"https:\/\/blogit.gradia.fi\/mkpt2204-salonmaa\/wp-json\/wp\/v2\/pages\/33\/revisions"}],"predecessor-version":[{"id":396,"href":"https:\/\/blogit.gradia.fi\/mkpt2204-salonmaa\/wp-json\/wp\/v2\/pages\/33\/revisions\/396"}],"wp:attachment":[{"href":"https:\/\/blogit.gradia.fi\/mkpt2204-salonmaa\/wp-json\/wp\/v2\/media?parent=33"}],"curies":[{"name":"wp","href":"https:\/\/api.w.org\/{rel}","templated":true}]}}