{"id":40,"date":"2023-01-26T12:47:02","date_gmt":"2023-01-26T10:47:02","guid":{"rendered":"https:\/\/blogit.gradia.fi\/mkpt2204-rekonen\/?page_id=40"},"modified":"2023-03-08T08:23:37","modified_gmt":"2023-03-08T06:23:37","slug":"ota-yhteytta","status":"publish","type":"page","link":"https:\/\/blogit.gradia.fi\/mkpt2204-rekonen\/ota-yhteytta\/","title":{"rendered":"Koiran hankkiminen"},"content":{"rendered":"\n<div class=\"wp-block-uagb-container uagb-block-59cf8459 alignfull uagb-is-root-container\"><div class=\"uagb-container-inner-blocks-wrap\">\n<div class=\"wp-block-uagb-container uagb-block-f7456c63\">\n<div class=\"wp-block-uagb-advanced-heading uagb-block-7541b60a\"><h2 class=\"uagb-heading-text\">Koiran hankkiminen vaatii harkintaa<\/h2><\/div>\n<\/div>\n\n\n\n<div class=\"wp-block-uagb-container uagb-block-f745057e\">\n<div class=\"wp-block-uagb-advanced-heading uagb-block-ad94fdf2\"><p class=\"uagb-desc-text\">Koiran hankkiminen vaatii huolellista harkintaa ja asiaan perehtymist\u00e4. Koiraa ei voi ottaa hetken mielijohteesta. Kun pohjaty\u00f6n tekee huolella, koirasta saa uskollisen yst\u00e4v\u00e4n pitk\u00e4ksi aikaa ja se tuo iloa omistajalleen vuosiksi.<\/p><\/div>\n<\/div>\n<\/div><\/div>\n\n\n\n<div class=\"wp-block-uagb-container uagb-block-e7081380 alignfull uagb-is-root-container\"><div class=\"uagb-container-inner-blocks-wrap\">\n<div class=\"wp-block-uagb-container uagb-block-e1f36aad\"><\/div>\n\n\n\n<div class=\"wp-block-uagb-container uagb-block-ff1ea807\">\n<div class=\"wp-block-uagb-advanced-heading uagb-block-cbde5302\"><p class=\"uagb-desc-text\">\u00c4l\u00e4 hanki koiraa, jos et ole varma onko sinulla riitt\u00e4v\u00e4sti aikaa koiralle<br><br>Koira vaatii paljon, koira on kuin lapsi<br><br>Tutustu huolella koiran kasvattajaan<\/p><\/div>\n<\/div>\n<\/div><\/div>\n","protected":false},"excerpt":{"rendered":"<p>Koiran hankkiminen vaatii harkintaa Koiran hankkiminen vaatii huolellista harkintaa ja asiaan perehtymist\u00e4. Koiraa ei voi ottaa hetken mielijohteesta. Kun pohjaty\u00f6n tekee huolella, koirasta saa uskollisen yst\u00e4v\u00e4n pitk\u00e4ksi aikaa ja se tuo iloa omistajalleen vuosiksi. \u00c4l\u00e4 hanki koiraa, jos et ole varma onko sinulla riitt\u00e4v\u00e4sti aikaa koiralle Koira vaatii paljon, koira on kuin lapsi Tutustu huolella [&hellip;]<\/p>\n","protected":false},"author":925,"featured_media":0,"parent":0,"menu_order":0,"comment_status":"closed","ping_status":"closed","template":"","meta":{"_uag_custom_page_level_css":"","site-sidebar-layout":"default","site-content-layout":"","ast-site-content-layout":"default","site-content-style":"default","site-sidebar-style":"default","ast-global-header-display":"","ast-banner-title-visibility":"","ast-main-header-display":"","ast-hfb-above-header-display":"","ast-hfb-below-header-display":"","ast-hfb-mobile-header-display":"","site-post-title":"","ast-breadcrumbs-content":"","ast-featured-img":"","footer-sml-layout":"","ast-disable-related-posts":"","theme-transparent-header-meta":"","adv-header-id-meta":"","stick-header-meta":"","header-above-stick-meta":"","header-main-stick-meta":"","header-below-stick-meta":"","astra-migrate-meta-layouts":"default","ast-page-background-enabled":"default","ast-page-background-meta":{"desktop":{"background-color":"var(--ast-global-color-4)","background-image":"","background-repeat":"repeat","background-position":"center center","background-size":"auto","background-attachment":"scroll","background-type":"","background-media":"","overlay-type":"","overlay-color":"","overlay-opacity":"","overlay-gradient":""},"tablet":{"background-color":"","background-image":"","background-repeat":"repeat","background-position":"center center","background-size":"auto","background-attachment":"scroll","background-type":"","background-media":"","overlay-type":"","overlay-color":"","overlay-opacity":"","overlay-gradient":""},"mobile":{"background-color":"","background-image":"","background-repeat":"repeat","background-position":"center center","background-size":"auto","background-attachment":"scroll","background-type":"","background-media":"","overlay-type":"","overlay-color":"","overlay-opacity":"","overlay-gradient":""}},"ast-content-background-meta":{"desktop":{"background-color":"var(--ast-global-color-5)","background-image":"","background-repeat":"repeat","background-position":"center center","background-size":"auto","background-attachment":"scroll","background-type":"","background-media":"","overlay-type":"","overlay-color":"","overlay-opacity":"","overlay-gradient":""},"tablet":{"background-color":"var(--ast-global-color-5)","background-image":"","background-repeat":"repeat","background-position":"center center","background-size":"auto","background-attachment":"scroll","background-type":"","background-media":"","overlay-type":"","overlay-color":"","overlay-opacity":"","overlay-gradient":""},"mobile":{"background-color":"var(--ast-global-color-5)","background-image":"","background-repeat":"repeat","background-position":"center center","background-size":"auto","background-attachment":"scroll","background-type":"","background-media":"","overlay-type":"","overlay-color":"","overlay-opacity":"","overlay-gradient":""}},"footnotes":""},"class_list":["post-40","page","type-page","status-publish","hentry"],"yoast_head":"<!-- This site is optimized with the Yoast SEO plugin v27.2 - https:\/\/yoast.com\/product\/yoast-seo-wordpress\/ -->\n<title>Koiran hankkiminen - Kultsi &amp; Noutaja<\/title>\n<meta name=\"robots\" content=\"index, follow, max-snippet:-1, max-image-preview:large, max-video-preview:-1\" \/>\n<link rel=\"canonical\" href=\"https:\/\/blogit.gradia.fi\/mkpt2204-rekonen\/ota-yhteytta\/\" \/>\n<meta property=\"og:locale\" content=\"fi_FI\" \/>\n<meta property=\"og:type\" content=\"article\" \/>\n<meta property=\"og:title\" content=\"Koiran hankkiminen - Kultsi &amp; Noutaja\" \/>\n<meta property=\"og:description\" content=\"Koiran hankkiminen vaatii harkintaa Koiran hankkiminen vaatii huolellista harkintaa ja asiaan perehtymist\u00e4. Koiraa ei voi ottaa hetken mielijohteesta. Kun pohjaty\u00f6n tekee huolella, koirasta saa uskollisen yst\u00e4v\u00e4n pitk\u00e4ksi aikaa ja se tuo iloa omistajalleen vuosiksi. \u00c4l\u00e4 hanki koiraa, jos et ole varma onko sinulla riitt\u00e4v\u00e4sti aikaa koiralle Koira vaatii paljon, koira on kuin lapsi Tutustu huolella [&hellip;]\" \/>\n<meta property=\"og:url\" content=\"https:\/\/blogit.gradia.fi\/mkpt2204-rekonen\/ota-yhteytta\/\" \/>\n<meta property=\"og:site_name\" content=\"Kultsi &amp; Noutaja\" \/>\n<meta property=\"article:modified_time\" content=\"2023-03-08T06:23:37+00:00\" \/>\n<meta name=\"twitter:card\" content=\"summary_large_image\" \/>\n<meta name=\"twitter:label1\" content=\"Arvioitu lukuaika\" \/>\n\t<meta name=\"twitter:data1\" content=\"1 minuutti\" \/>\n<script type=\"application\/ld+json\" class=\"yoast-schema-graph\">{\"@context\":\"https:\/\/schema.org\",\"@graph\":[{\"@type\":\"WebPage\",\"@id\":\"https:\/\/blogit.gradia.fi\/mkpt2204-rekonen\/ota-yhteytta\/\",\"url\":\"https:\/\/blogit.gradia.fi\/mkpt2204-rekonen\/ota-yhteytta\/\",\"name\":\"Koiran hankkiminen - Kultsi &amp; Noutaja\",\"isPartOf\":{\"@id\":\"https:\/\/blogit.gradia.fi\/mkpt2204-rekonen\/#website\"},\"datePublished\":\"2023-01-26T10:47:02+00:00\",\"dateModified\":\"2023-03-08T06:23:37+00:00\",\"breadcrumb\":{\"@id\":\"https:\/\/blogit.gradia.fi\/mkpt2204-rekonen\/ota-yhteytta\/#breadcrumb\"},\"inLanguage\":\"fi\",\"potentialAction\":[{\"@type\":\"ReadAction\",\"target\":[\"https:\/\/blogit.gradia.fi\/mkpt2204-rekonen\/ota-yhteytta\/\"]}]},{\"@type\":\"BreadcrumbList\",\"@id\":\"https:\/\/blogit.gradia.fi\/mkpt2204-rekonen\/ota-yhteytta\/#breadcrumb\",\"itemListElement\":[{\"@type\":\"ListItem\",\"position\":1,\"name\":\"Etusivu\",\"item\":\"https:\/\/blogit.gradia.fi\/mkpt2204-rekonen\/\"},{\"@type\":\"ListItem\",\"position\":2,\"name\":\"Koiran hankkiminen\"}]},{\"@type\":\"WebSite\",\"@id\":\"https:\/\/blogit.gradia.fi\/mkpt2204-rekonen\/#website\",\"url\":\"https:\/\/blogit.gradia.fi\/mkpt2204-rekonen\/\",\"name\":\"Kultsi &amp; Noutaja\",\"description\":\"\",\"publisher\":{\"@id\":\"https:\/\/blogit.gradia.fi\/mkpt2204-rekonen\/#organization\"},\"potentialAction\":[{\"@type\":\"SearchAction\",\"target\":{\"@type\":\"EntryPoint\",\"urlTemplate\":\"https:\/\/blogit.gradia.fi\/mkpt2204-rekonen\/?s={search_term_string}\"},\"query-input\":{\"@type\":\"PropertyValueSpecification\",\"valueRequired\":true,\"valueName\":\"search_term_string\"}}],\"inLanguage\":\"fi\"},{\"@type\":\"Organization\",\"@id\":\"https:\/\/blogit.gradia.fi\/mkpt2204-rekonen\/#organization\",\"name\":\"Kultsi &amp; Noutaja\",\"url\":\"https:\/\/blogit.gradia.fi\/mkpt2204-rekonen\/\",\"logo\":{\"@type\":\"ImageObject\",\"inLanguage\":\"fi\",\"@id\":\"https:\/\/blogit.gradia.fi\/mkpt2204-rekonen\/#\/schema\/logo\/image\/\",\"url\":\"https:\/\/blogit.gradia.fi\/mkpt2204-rekonen\/wp-content\/uploads\/sites\/384\/2023\/03\/Kultainen-noutaja-2.png\",\"contentUrl\":\"https:\/\/blogit.gradia.fi\/mkpt2204-rekonen\/wp-content\/uploads\/sites\/384\/2023\/03\/Kultainen-noutaja-2.png\",\"width\":2194,\"height\":2294,\"caption\":\"Kultsi &amp; Noutaja\"},\"image\":{\"@id\":\"https:\/\/blogit.gradia.fi\/mkpt2204-rekonen\/#\/schema\/logo\/image\/\"}}]}<\/script>\n<!-- \/ Yoast SEO plugin. -->","yoast_head_json":{"title":"Koiran hankkiminen - Kultsi &amp; Noutaja","robots":{"index":"index","follow":"follow","max-snippet":"max-snippet:-1","max-image-preview":"max-image-preview:large","max-video-preview":"max-video-preview:-1"},"canonical":"https:\/\/blogit.gradia.fi\/mkpt2204-rekonen\/ota-yhteytta\/","og_locale":"fi_FI","og_type":"article","og_title":"Koiran hankkiminen - Kultsi &amp; Noutaja","og_description":"Koiran hankkiminen vaatii harkintaa Koiran hankkiminen vaatii huolellista harkintaa ja asiaan perehtymist\u00e4. Koiraa ei voi ottaa hetken mielijohteesta. Kun pohjaty\u00f6n tekee huolella, koirasta saa uskollisen yst\u00e4v\u00e4n pitk\u00e4ksi aikaa ja se tuo iloa omistajalleen vuosiksi. \u00c4l\u00e4 hanki koiraa, jos et ole varma onko sinulla riitt\u00e4v\u00e4sti aikaa koiralle Koira vaatii paljon, koira on kuin lapsi Tutustu huolella [&hellip;]","og_url":"https:\/\/blogit.gradia.fi\/mkpt2204-rekonen\/ota-yhteytta\/","og_site_name":"Kultsi &amp; Noutaja","article_modified_time":"2023-03-08T06:23:37+00:00","twitter_card":"summary_large_image","twitter_misc":{"Arvioitu lukuaika":"1 minuutti"},"schema":{"@context":"https:\/\/schema.org","@graph":[{"@type":"WebPage","@id":"https:\/\/blogit.gradia.fi\/mkpt2204-rekonen\/ota-yhteytta\/","url":"https:\/\/blogit.gradia.fi\/mkpt2204-rekonen\/ota-yhteytta\/","name":"Koiran hankkiminen - Kultsi &amp; Noutaja","isPartOf":{"@id":"https:\/\/blogit.gradia.fi\/mkpt2204-rekonen\/#website"},"datePublished":"2023-01-26T10:47:02+00:00","dateModified":"2023-03-08T06:23:37+00:00","breadcrumb":{"@id":"https:\/\/blogit.gradia.fi\/mkpt2204-rekonen\/ota-yhteytta\/#breadcrumb"},"inLanguage":"fi","potentialAction":[{"@type":"ReadAction","target":["https:\/\/blogit.gradia.fi\/mkpt2204-rekonen\/ota-yhteytta\/"]}]},{"@type":"BreadcrumbList","@id":"https:\/\/blogit.gradia.fi\/mkpt2204-rekonen\/ota-yhteytta\/#breadcrumb","itemListElement":[{"@type":"ListItem","position":1,"name":"Etusivu","item":"https:\/\/blogit.gradia.fi\/mkpt2204-rekonen\/"},{"@type":"ListItem","position":2,"name":"Koiran hankkiminen"}]},{"@type":"WebSite","@id":"https:\/\/blogit.gradia.fi\/mkpt2204-rekonen\/#website","url":"https:\/\/blogit.gradia.fi\/mkpt2204-rekonen\/","name":"Kultsi &amp; Noutaja","description":"","publisher":{"@id":"https:\/\/blogit.gradia.fi\/mkpt2204-rekonen\/#organization"},"potentialAction":[{"@type":"SearchAction","target":{"@type":"EntryPoint","urlTemplate":"https:\/\/blogit.gradia.fi\/mkpt2204-rekonen\/?s={search_term_string}"},"query-input":{"@type":"PropertyValueSpecification","valueRequired":true,"valueName":"search_term_string"}}],"inLanguage":"fi"},{"@type":"Organization","@id":"https:\/\/blogit.gradia.fi\/mkpt2204-rekonen\/#organization","name":"Kultsi &amp; Noutaja","url":"https:\/\/blogit.gradia.fi\/mkpt2204-rekonen\/","logo":{"@type":"ImageObject","inLanguage":"fi","@id":"https:\/\/blogit.gradia.fi\/mkpt2204-rekonen\/#\/schema\/logo\/image\/","url":"https:\/\/blogit.gradia.fi\/mkpt2204-rekonen\/wp-content\/uploads\/sites\/384\/2023\/03\/Kultainen-noutaja-2.png","contentUrl":"https:\/\/blogit.gradia.fi\/mkpt2204-rekonen\/wp-content\/uploads\/sites\/384\/2023\/03\/Kultainen-noutaja-2.png","width":2194,"height":2294,"caption":"Kultsi &amp; Noutaja"},"image":{"@id":"https:\/\/blogit.gradia.fi\/mkpt2204-rekonen\/#\/schema\/logo\/image\/"}}]}},"uagb_featured_image_src":{"full":false,"thumbnail":false,"medium":false,"medium_large":false,"large":false,"1536x1536":false,"2048x2048":false},"uagb_author_info":{"display_name":"Reetta Rekonen","author_link":"https:\/\/blogit.gradia.fi\/mkpt2204-rekonen\/author\/gr276318\/"},"uagb_comment_info":0,"uagb_excerpt":"Koiran hankkiminen vaatii harkintaa Koiran hankkiminen vaatii huolellista harkintaa ja asiaan perehtymist\u00e4. Koiraa ei voi ottaa hetken mielijohteesta. Kun pohjaty\u00f6n tekee huolella, koirasta saa uskollisen yst\u00e4v\u00e4n pitk\u00e4ksi aikaa ja se tuo iloa omistajalleen vuosiksi. \u00c4l\u00e4 hanki koiraa, jos et ole varma onko sinulla riitt\u00e4v\u00e4sti aikaa koiralle Koira vaatii paljon, koira on kuin lapsi Tutustu huolella&hellip;","_links":{"self":[{"href":"https:\/\/blogit.gradia.fi\/mkpt2204-rekonen\/wp-json\/wp\/v2\/pages\/40","targetHints":{"allow":["GET"]}}],"collection":[{"href":"https:\/\/blogit.gradia.fi\/mkpt2204-rekonen\/wp-json\/wp\/v2\/pages"}],"about":[{"href":"https:\/\/blogit.gradia.fi\/mkpt2204-rekonen\/wp-json\/wp\/v2\/types\/page"}],"author":[{"embeddable":true,"href":"https:\/\/blogit.gradia.fi\/mkpt2204-rekonen\/wp-json\/wp\/v2\/users\/925"}],"replies":[{"embeddable":true,"href":"https:\/\/blogit.gradia.fi\/mkpt2204-rekonen\/wp-json\/wp\/v2\/comments?post=40"}],"version-history":[{"count":4,"href":"https:\/\/blogit.gradia.fi\/mkpt2204-rekonen\/wp-json\/wp\/v2\/pages\/40\/revisions"}],"predecessor-version":[{"id":432,"href":"https:\/\/blogit.gradia.fi\/mkpt2204-rekonen\/wp-json\/wp\/v2\/pages\/40\/revisions\/432"}],"wp:attachment":[{"href":"https:\/\/blogit.gradia.fi\/mkpt2204-rekonen\/wp-json\/wp\/v2\/media?parent=40"}],"curies":[{"name":"wp","href":"https:\/\/api.w.org\/{rel}","templated":true}]}}