{"id":4,"date":"2023-01-26T08:54:35","date_gmt":"2023-01-26T06:54:35","guid":{"rendered":"https:\/\/blogit.gradia.fi\/mkpt2204-rekonen\/?page_id=4"},"modified":"2023-03-09T13:32:02","modified_gmt":"2023-03-09T11:32:02","slug":"etusivu","status":"publish","type":"page","link":"https:\/\/blogit.gradia.fi\/mkpt2204-rekonen\/","title":{"rendered":"Etusivu"},"content":{"rendered":"\n<div class=\"wp-block-uagb-container uagb-block-90a0f592 alignfull uagb-is-root-container\"><\/div>\n\n\n\n<div class=\"wp-block-uagb-container uagb-block-d0e41bff alignfull uagb-is-root-container\"><div class=\"uagb-container-inner-blocks-wrap\">\n<div class=\"wp-block-uagb-advanced-heading uagb-block-05b6bf41\"><h2 class=\"uagb-heading-text\">Kultsi &amp; Noutaja<\/h2><p class=\"uagb-desc-text\">Kennelimme on kultaistennoutajien erikoiskennel. Palvelemme koiranomistajia Jyv\u00e4skyl\u00e4n seudulla ja pentujamme kasvaa t\u00e4ll\u00e4 hetkell\u00e4 ymp\u00e4ri Suomen Rovaniemelt\u00e4 Helsinkiin.<\/p><\/div>\n<\/div><\/div>\n\n\n\n<div class=\"wp-block-uagb-container uagb-block-5c7ded8d alignfull uagb-is-root-container\"><div class=\"uagb-container-inner-blocks-wrap\">\n<div class=\"wp-block-uagb-container uagb-block-c93bed82\">\n<div class=\"wp-block-uagb-advanced-heading uagb-block-a2dd2fe0\"><h2 class=\"uagb-heading-text\">Kultaistennoutajien erikoiskennel<\/h2><p class=\"uagb-desc-text\">Kennel perustettiin vuonna 2003 ja on kasvanut nopeasti kolmen koiran kenneliksi. Kennelin v\u00e4keen kuuluu 2 innokasta kasvattajaa ja kolme kaunista narttua.<br><br>Valikoimastamme on t\u00e4ll\u00e4 hetkell\u00e4 tullut kolme kaunista pentuetta. Pentujamme kuvaillaan reippaiksi, hyv\u00e4 luonteisiksi ja iloisiksi. Meid\u00e4n teht\u00e4v\u00e4n\u00e4mme ei ole ainoastaan tuottaa pentuja, vaan parantaa (valloittaa) maailmaa lis\u00e4\u00e4m\u00e4ll\u00e4 tietoutta ihanasta rodusta ja koiran kasvatuksesta.<br><br>Asiakkaistamme pidet\u00e4\u00e4n huolta my\u00f6s pennun luovutuksen j\u00e4lkeen. Olemme taidoistamme ja kokemuksestamme ylpeit\u00e4.<\/p><\/div>\n<\/div>\n\n\n\n<div class=\"wp-block-uagb-container uagb-block-844dbf36\">\n<div class=\"wp-block-uagb-image uagb-block-18ec13e5 wp-block-uagb-image--layout-default wp-block-uagb-image--effect-static wp-block-uagb-image--align-none\"><figure class=\"wp-block-uagb-image__figure\"><img decoding=\"async\" src=\"https:\/\/blogit.gradia.fi\/mkpt2204-rekonen\/wp-content\/uploads\/sites\/384\/2023\/03\/child-1867463__480.jpg\" alt=\"\" class=\"uag-image-552\" title=\"\" loading=\"lazy\" \/><\/figure><\/div>\n<\/div>\n<\/div><\/div>\n\n\n\n<div class=\"wp-block-uagb-container uagb-block-6929b58d alignfull uagb-is-root-container\"><div class=\"uagb-container-inner-blocks-wrap\">\n<div class=\"wp-block-uagb-container uagb-block-969ad7c4\">\n<div class=\"wp-block-uagb-advanced-heading uagb-block-3e9b78f6\"><h2 class=\"uagb-heading-text\">Pienimuotoisesti kotioloissa<\/h2><p class=\"uagb-desc-text\">Tavoitteenamme on kasvattaa terveit\u00e4 ja tasapainoisia noutajia perheenj\u00e4seniksi sek\u00e4 monipuolisiksi harrastuskavereiksi. Kasvatusty\u00f6 on alkumetreill\u00e4 ja harkitsen tarkkaan jokaisen astutetun yhdistelm\u00e4n. Tavoitteena on kasvattaa terveit\u00e4 ja rotum\u00e4\u00e4ritelm\u00e4n mukaisia kultaisianoutajia, joiden kanssa voi harrastaa monipuolisesti. Meill\u00e4 pennut kasvavat kotona muiden koirien ja perheemme keskell\u00e4.<\/p><\/div>\n<\/div>\n\n\n\n<div class=\"wp-block-uagb-container uagb-block-04c7b7b4\">\n<div class=\"wp-block-uagb-image uagb-block-21c7d9d2 wp-block-uagb-image--layout-default wp-block-uagb-image--effect-static wp-block-uagb-image--align-none\"><figure class=\"wp-block-uagb-image__figure\"><img decoding=\"async\" src=\"https:\/\/blogit.gradia.fi\/mkpt2204-rekonen\/wp-content\/uploads\/sites\/384\/2023\/03\/living-room-2583032__480.jpg\" alt=\"\" class=\"uag-image-457\" width=\"439\" height=\"178\" title=\"\" loading=\"lazy\" \/><\/figure><\/div>\n<\/div>\n<\/div><\/div>\n\n\n\n<div class=\"wp-block-uagb-container uagb-block-bc9fe79a alignfull uagb-is-root-container\"><div class=\"uagb-container-inner-blocks-wrap\">\n<div class=\"wp-block-uagb-container uagb-block-932e5f30\">\n<div class=\"wp-block-uagb-advanced-heading uagb-block-515229f8\"><h2 class=\"uagb-heading-text\">Miksi kultainennoutaja?<\/h2><p class=\"uagb-desc-text\">Kultainennoutaja on sek\u00e4 Suomessa ett\u00e4 maailmanlaajuisesti eritt\u00e4in suosittu rotu. Suomessa se on nelj\u00e4nneksi suosituin rotu. Kultainennoutaja on \u00e4lyk\u00e4s, keskikokoinen, miellytt\u00e4misenhaluinen sek\u00e4 toiminnanhaluinen koira. Kultaisennoutajan ominaisuudet tekev\u00e4t siit\u00e4 hyv\u00e4n harrastuskoiran. Alun perin se on jalostettu mets\u00e4styskoiraksi (ammutun pienriistan noutajai). Kultainennoutaja ei ole pelkk\u00e4 seurakoira, vaan se kaipaa my\u00f6s liikuntaa ja ohjattua toimintaa.<\/p><\/div>\n<\/div>\n\n\n\n<div class=\"wp-block-uagb-container uagb-block-ec69c402\">\n<div class=\"wp-block-uagb-image uagb-block-024eb194 wp-block-uagb-image--layout-default wp-block-uagb-image--effect-static wp-block-uagb-image--align-none\"><figure class=\"wp-block-uagb-image__figure\"><img decoding=\"async\" src=\"https:\/\/blogit.gradia.fi\/mkpt2204-rekonen\/wp-content\/uploads\/sites\/384\/2023\/03\/dog-1903021_1920-1-1024x682.jpg\" alt=\"\" class=\"uag-image-445\" width=\"443\" height=\"295\" title=\"\" loading=\"lazy\" \/><\/figure><\/div>\n<\/div>\n<\/div><\/div>\n\n\n\n<div class=\"wp-block-uagb-container uagb-block-2e38e585 alignfull uagb-is-root-container\"><div class=\"uagb-container-inner-blocks-wrap\">\n<div class=\"wp-block-uagb-container uagb-block-74a9dfcf\">\n<div class=\"wp-block-uagb-advanced-heading uagb-block-2f6f95ea\"><h2 class=\"uagb-heading-text\">Koirat<\/h2><p class=\"uagb-desc-text\"><strong>Nimi<\/strong>: Toto<br><strong>Virallinen nimi:<\/strong> Tophias Darktooth<br><strong>Sukupuoli:<\/strong> Uros<br><strong>Oma koira<\/strong>:<br><strong>Kasvattaja<\/strong>: Kennel Cerbi<br><strong>Syntym\u00e4p\u00e4iv\u00e4<\/strong>: 12.5.2011<br><strong>Terveys:<\/strong><br>Lonkat: A\/A&nbsp;<br>Kyyn\u00e4rp\u00e4\u00e4t:&nbsp;0\/0<br>Silm\u00e4t:&nbsp;ok<br><strong>Meriitit:<\/strong><br>1 x reserve CC<br>1 x CC from Estonia<\/p><\/div>\n<\/div>\n\n\n\n<div class=\"wp-block-uagb-container uagb-block-9ef7f413\">\n<div class=\"wp-block-uagb-image uagb-block-165dfa88 wp-block-uagb-image--layout-default wp-block-uagb-image--effect-static wp-block-uagb-image--align-none\"><figure class=\"wp-block-uagb-image__figure\"><img decoding=\"async\" src=\"https:\/\/blogit.gradia.fi\/mkpt2204-rekonen\/wp-content\/uploads\/sites\/384\/2023\/03\/Toto-2-1024x635.jpg\" alt=\"\" class=\"uag-image-343\" title=\"\" loading=\"lazy\" \/><\/figure><\/div>\n<\/div>\n<\/div><\/div>\n\n\n\n<div class=\"wp-block-uagb-container uagb-block-2ef32097 alignfull uagb-is-root-container\"><div class=\"uagb-container-inner-blocks-wrap\">\n<div class=\"wp-block-uagb-container uagb-block-60b3396e\">\n<div class=\"wp-block-uagb-advanced-heading uagb-block-59bc7b0a\"><p class=\"uagb-desc-text\"><strong>Nimi:<\/strong> Stella<br><strong>Virallinen nimi:<\/strong> Stella Palefur<br><strong>Sukupuoli:<\/strong> Naaras<br><strong>Oma koira<\/strong>: X<br><strong>Kasvattaja<\/strong>:<br><strong>Syntym\u00e4p\u00e4iv\u00e4<\/strong>: 24.8.2015<br><strong>Terveys:<\/strong><br>Lonkat: A\/A&nbsp;<br>Kyyn\u00e4rp\u00e4\u00e4t:&nbsp;0\/0<br>Silm\u00e4t:&nbsp;clear, PRA-1 clear<br><strong>Meriitit:<\/strong><br>Puppy class 2nd with HP<br>Open class 1st\/EXC, CQ -&gt; 2nd BEST BITCH -&gt; CACL<\/p><\/div>\n<\/div>\n\n\n\n<div class=\"wp-block-uagb-container uagb-block-262c18cb\">\n<div class=\"wp-block-uagb-image uagb-block-52efb018 wp-block-uagb-image--layout-default wp-block-uagb-image--effect-static wp-block-uagb-image--align-none\"><figure class=\"wp-block-uagb-image__figure\"><img decoding=\"async\" src=\"https:\/\/blogit.gradia.fi\/mkpt2204-rekonen\/wp-content\/uploads\/sites\/384\/2023\/03\/Stella-1024x683.jpg\" alt=\"\" class=\"uag-image-342\" title=\"\" loading=\"lazy\" \/><\/figure><\/div>\n<\/div>\n<\/div><\/div>\n\n\n\n<div class=\"wp-block-uagb-container uagb-block-3f802da7 alignfull uagb-is-root-container\"><div class=\"uagb-container-inner-blocks-wrap\">\n<div class=\"wp-block-uagb-container uagb-block-cb58449b\">\n<div class=\"wp-block-uagb-advanced-heading uagb-block-345bdf03\"><p class=\"uagb-desc-text\"><strong>Nimi:<\/strong> Tille<br><strong>Virallinen nimi:<\/strong> Tiara Spiritrunner<br><strong>Sukupuoli:<\/strong> Naaras<br><strong>Oma koira<\/strong>: X<br><strong>Kasvattaja<\/strong>:<br><strong>Syntym\u00e4p\u00e4iv\u00e4<\/strong>: 11.3.2016<br><strong>Terveys:<\/strong><br>Lonkat: A\/A&nbsp;<br>Kyyn\u00e4rp\u00e4\u00e4t:&nbsp;0\/0<br>Silm\u00e4t:&nbsp;clear<br><strong>Meriitit:<\/strong><br>Junior class 2nd with EXC<\/p><\/div>\n<\/div>\n\n\n\n<div class=\"wp-block-uagb-container uagb-block-c04681dd\">\n<div class=\"wp-block-uagb-image uagb-block-a223b146 wp-block-uagb-image--layout-default wp-block-uagb-image--effect-static wp-block-uagb-image--align-none\"><figure class=\"wp-block-uagb-image__figure\"><img decoding=\"async\" src=\"https:\/\/blogit.gradia.fi\/mkpt2204-rekonen\/wp-content\/uploads\/sites\/384\/2023\/03\/Tille-1024x683.jpg\" alt=\"\" class=\"uag-image-344\" title=\"\" loading=\"lazy\" \/><\/figure><\/div>\n<\/div>\n<\/div><\/div>\n\n\n\n<div class=\"wp-block-uagb-container uagb-block-90eaa210 alignfull uagb-is-root-container\"><div class=\"uagb-container-inner-blocks-wrap\">\n<div class=\"wp-block-uagb-container uagb-block-16c5e4d0\">\n<div class=\"wp-block-uagb-advanced-heading uagb-block-add34fe1\"><p class=\"uagb-desc-text\"><strong>Nimi:<\/strong> Musti<br><strong>Virallinen nimi:<\/strong> Murphy Von Reynard<br><strong>Sukupuoli:<\/strong> Uros<br><strong>Oma koira<\/strong>:<br><strong>Kasvattaja<\/strong>: Kennel Reynard<br><strong>Syntym\u00e4p\u00e4iv\u00e4<\/strong>: 5.1.2015<br><strong>Terveys:<\/strong><br>Lonkat: A\/A&nbsp;<br>Kyyn\u00e4rp\u00e4\u00e4t:&nbsp;0\/0<br>Silm\u00e4t:&nbsp;ok<br><strong>Meriitit:<\/strong><br>Puppy class 5-7 months 2nd with HP<br>Junior class 3rd with EXC<\/p><\/div>\n<\/div>\n\n\n\n<div class=\"wp-block-uagb-container uagb-block-178c962b\">\n<div class=\"wp-block-uagb-image uagb-block-7975f30e wp-block-uagb-image--layout-default wp-block-uagb-image--effect-static wp-block-uagb-image--align-none\"><figure class=\"wp-block-uagb-image__figure\"><img decoding=\"async\" src=\"https:\/\/blogit.gradia.fi\/mkpt2204-rekonen\/wp-content\/uploads\/sites\/384\/2023\/03\/Musti-2-1024x746.jpg\" alt=\"\" class=\"uag-image-346\" title=\"\" loading=\"lazy\" \/><\/figure><\/div>\n<\/div>\n<\/div><\/div>\n\n\n\n<div class=\"wp-block-uagb-container uagb-block-1c3d2f65 alignfull uagb-is-root-container\"><div class=\"uagb-container-inner-blocks-wrap\">\n<div class=\"wp-block-uagb-container uagb-block-5276f44d\">\n<div class=\"wp-block-uagb-advanced-heading uagb-block-ce5af249\"><p class=\"uagb-desc-text\"><strong>Nimi:<\/strong> Minni<br><strong>Virallinen nimi:<\/strong> Lady Minnie Cupcake<br><strong>Sukupuoli:<\/strong> Naaras<br><strong>Oma koira<\/strong>: X<br><strong>Kasvattaja<\/strong>:<br><strong>Syntym\u00e4p\u00e4iv\u00e4<\/strong>: 7.9.2014<br><strong>Terveys:<\/strong><br>Lonkat: A\/A&nbsp;<br>Kyyn\u00e4rp\u00e4\u00e4t:&nbsp;0\/0<br>Silm\u00e4t:&nbsp;ok<br><strong>Meriitit:<\/strong><br>Puppy class 5-7 months 3rd with HP<br>Puppy class 7-9 months 1st with HP -&gt;BOB PUPPY<br>Junior class 1st EXC, CQ, 3rd BEST BITCH, rec CC<\/p><\/div>\n<\/div>\n\n\n\n<div class=\"wp-block-uagb-container uagb-block-9f2bd39a\">\n<div class=\"wp-block-uagb-image uagb-block-26761287 wp-block-uagb-image--layout-default wp-block-uagb-image--effect-static wp-block-uagb-image--align-none\"><figure class=\"wp-block-uagb-image__figure\"><img decoding=\"async\" src=\"https:\/\/blogit.gradia.fi\/mkpt2204-rekonen\/wp-content\/uploads\/sites\/384\/2023\/03\/Minni-1-1024x683.jpg\" alt=\"\" class=\"uag-image-540\" title=\"\" loading=\"lazy\" \/><\/figure><\/div>\n<\/div>\n<\/div><\/div>\n","protected":false},"excerpt":{"rendered":"<p>Kultsi &amp; Noutaja Kennelimme on kultaistennoutajien erikoiskennel. Palvelemme koiranomistajia Jyv\u00e4skyl\u00e4n seudulla ja pentujamme kasvaa t\u00e4ll\u00e4 hetkell\u00e4 ymp\u00e4ri Suomen Rovaniemelt\u00e4 Helsinkiin. Kultaistennoutajien erikoiskennel Kennel perustettiin vuonna 2003 ja on kasvanut nopeasti kolmen koiran kenneliksi. Kennelin v\u00e4keen kuuluu 2 innokasta kasvattajaa ja kolme kaunista narttua. Valikoimastamme on t\u00e4ll\u00e4 hetkell\u00e4 tullut kolme kaunista pentuetta. Pentujamme kuvaillaan reippaiksi, hyv\u00e4 [&hellip;]<\/p>\n","protected":false},"author":925,"featured_media":0,"parent":0,"menu_order":0,"comment_status":"closed","ping_status":"closed","template":"","meta":{"_uag_custom_page_level_css":"","site-sidebar-layout":"default","site-content-layout":"","ast-site-content-layout":"default","site-content-style":"default","site-sidebar-style":"default","ast-global-header-display":"","ast-banner-title-visibility":"","ast-main-header-display":"","ast-hfb-above-header-display":"","ast-hfb-below-header-display":"","ast-hfb-mobile-header-display":"","site-post-title":"disabled","ast-breadcrumbs-content":"","ast-featured-img":"","footer-sml-layout":"","ast-disable-related-posts":"","theme-transparent-header-meta":"","adv-header-id-meta":"","stick-header-meta":"","header-above-stick-meta":"","header-main-stick-meta":"","header-below-stick-meta":"","astra-migrate-meta-layouts":"default","ast-page-background-enabled":"default","ast-page-background-meta":{"desktop":{"background-color":"var(--ast-global-color-4)","background-image":"","background-repeat":"repeat","background-position":"center center","background-size":"auto","background-attachment":"scroll","background-type":"","background-media":"","overlay-type":"","overlay-color":"","overlay-opacity":"","overlay-gradient":""},"tablet":{"background-color":"","background-image":"","background-repeat":"repeat","background-position":"center center","background-size":"auto","background-attachment":"scroll","background-type":"","background-media":"","overlay-type":"","overlay-color":"","overlay-opacity":"","overlay-gradient":""},"mobile":{"background-color":"","background-image":"","background-repeat":"repeat","background-position":"center center","background-size":"auto","background-attachment":"scroll","background-type":"","background-media":"","overlay-type":"","overlay-color":"","overlay-opacity":"","overlay-gradient":""}},"ast-content-background-meta":{"desktop":{"background-color":"var(--ast-global-color-5)","background-image":"","background-repeat":"repeat","background-position":"center center","background-size":"auto","background-attachment":"scroll","background-type":"","background-media":"","overlay-type":"","overlay-color":"","overlay-opacity":"","overlay-gradient":""},"tablet":{"background-color":"var(--ast-global-color-5)","background-image":"","background-repeat":"repeat","background-position":"center center","background-size":"auto","background-attachment":"scroll","background-type":"","background-media":"","overlay-type":"","overlay-color":"","overlay-opacity":"","overlay-gradient":""},"mobile":{"background-color":"var(--ast-global-color-5)","background-image":"","background-repeat":"repeat","background-position":"center center","background-size":"auto","background-attachment":"scroll","background-type":"","background-media":"","overlay-type":"","overlay-color":"","overlay-opacity":"","overlay-gradient":""}},"footnotes":""},"class_list":["post-4","page","type-page","status-publish","hentry"],"yoast_head":"<!-- This site is optimized with the Yoast SEO plugin v27.2 - https:\/\/yoast.com\/product\/yoast-seo-wordpress\/ -->\n<title>Etusivu - Kultsi &amp; Noutaja<\/title>\n<meta name=\"robots\" content=\"index, follow, max-snippet:-1, max-image-preview:large, max-video-preview:-1\" \/>\n<link rel=\"canonical\" href=\"https:\/\/blogit.gradia.fi\/mkpt2204-rekonen\/\" \/>\n<meta property=\"og:locale\" content=\"fi_FI\" \/>\n<meta property=\"og:type\" content=\"article\" \/>\n<meta property=\"og:title\" content=\"Etusivu - Kultsi &amp; Noutaja\" \/>\n<meta property=\"og:description\" content=\"Kultsi &amp; Noutaja Kennelimme on kultaistennoutajien erikoiskennel. Palvelemme koiranomistajia Jyv\u00e4skyl\u00e4n seudulla ja pentujamme kasvaa t\u00e4ll\u00e4 hetkell\u00e4 ymp\u00e4ri Suomen Rovaniemelt\u00e4 Helsinkiin. Kultaistennoutajien erikoiskennel Kennel perustettiin vuonna 2003 ja on kasvanut nopeasti kolmen koiran kenneliksi. Kennelin v\u00e4keen kuuluu 2 innokasta kasvattajaa ja kolme kaunista narttua. Valikoimastamme on t\u00e4ll\u00e4 hetkell\u00e4 tullut kolme kaunista pentuetta. Pentujamme kuvaillaan reippaiksi, hyv\u00e4 [&hellip;]\" \/>\n<meta property=\"og:url\" content=\"https:\/\/blogit.gradia.fi\/mkpt2204-rekonen\/\" \/>\n<meta property=\"og:site_name\" content=\"Kultsi &amp; Noutaja\" \/>\n<meta property=\"article:modified_time\" content=\"2023-03-09T11:32:02+00:00\" \/>\n<meta property=\"og:image\" content=\"https:\/\/blogit.gradia.fi\/mkpt2204-rekonen\/wp-content\/uploads\/sites\/384\/2023\/03\/child-1867463__480.jpg\" \/>\n<meta name=\"twitter:card\" content=\"summary_large_image\" \/>\n<meta name=\"twitter:label1\" content=\"Arvioitu lukuaika\" \/>\n\t<meta name=\"twitter:data1\" content=\"4 minuuttia\" \/>\n<script type=\"application\/ld+json\" class=\"yoast-schema-graph\">{\"@context\":\"https:\/\/schema.org\",\"@graph\":[{\"@type\":\"WebPage\",\"@id\":\"https:\/\/blogit.gradia.fi\/mkpt2204-rekonen\/\",\"url\":\"https:\/\/blogit.gradia.fi\/mkpt2204-rekonen\/\",\"name\":\"Etusivu - Kultsi &amp; Noutaja\",\"isPartOf\":{\"@id\":\"https:\/\/blogit.gradia.fi\/mkpt2204-rekonen\/#website\"},\"primaryImageOfPage\":{\"@id\":\"https:\/\/blogit.gradia.fi\/mkpt2204-rekonen\/#primaryimage\"},\"image\":{\"@id\":\"https:\/\/blogit.gradia.fi\/mkpt2204-rekonen\/#primaryimage\"},\"thumbnailUrl\":\"https:\/\/blogit.gradia.fi\/mkpt2204-rekonen\/wp-content\/uploads\/sites\/384\/2023\/03\/child-1867463__480.jpg\",\"datePublished\":\"2023-01-26T06:54:35+00:00\",\"dateModified\":\"2023-03-09T11:32:02+00:00\",\"breadcrumb\":{\"@id\":\"https:\/\/blogit.gradia.fi\/mkpt2204-rekonen\/#breadcrumb\"},\"inLanguage\":\"fi\",\"potentialAction\":[{\"@type\":\"ReadAction\",\"target\":[\"https:\/\/blogit.gradia.fi\/mkpt2204-rekonen\/\"]}]},{\"@type\":\"ImageObject\",\"inLanguage\":\"fi\",\"@id\":\"https:\/\/blogit.gradia.fi\/mkpt2204-rekonen\/#primaryimage\",\"url\":\"https:\/\/blogit.gradia.fi\/mkpt2204-rekonen\/wp-content\/uploads\/sites\/384\/2023\/03\/child-1867463__480.jpg\",\"contentUrl\":\"https:\/\/blogit.gradia.fi\/mkpt2204-rekonen\/wp-content\/uploads\/sites\/384\/2023\/03\/child-1867463__480.jpg\",\"width\":720,\"height\":480},{\"@type\":\"BreadcrumbList\",\"@id\":\"https:\/\/blogit.gradia.fi\/mkpt2204-rekonen\/#breadcrumb\",\"itemListElement\":[{\"@type\":\"ListItem\",\"position\":1,\"name\":\"Etusivu\",\"item\":\"https:\/\/blogit.gradia.fi\/mkpt2204-rekonen\/\"},{\"@type\":\"ListItem\",\"position\":2,\"name\":\"Etusivu\"}]},{\"@type\":\"WebSite\",\"@id\":\"https:\/\/blogit.gradia.fi\/mkpt2204-rekonen\/#website\",\"url\":\"https:\/\/blogit.gradia.fi\/mkpt2204-rekonen\/\",\"name\":\"Kultsi &amp; Noutaja\",\"description\":\"\",\"publisher\":{\"@id\":\"https:\/\/blogit.gradia.fi\/mkpt2204-rekonen\/#organization\"},\"potentialAction\":[{\"@type\":\"SearchAction\",\"target\":{\"@type\":\"EntryPoint\",\"urlTemplate\":\"https:\/\/blogit.gradia.fi\/mkpt2204-rekonen\/?s={search_term_string}\"},\"query-input\":{\"@type\":\"PropertyValueSpecification\",\"valueRequired\":true,\"valueName\":\"search_term_string\"}}],\"inLanguage\":\"fi\"},{\"@type\":\"Organization\",\"@id\":\"https:\/\/blogit.gradia.fi\/mkpt2204-rekonen\/#organization\",\"name\":\"Kultsi &amp; Noutaja\",\"url\":\"https:\/\/blogit.gradia.fi\/mkpt2204-rekonen\/\",\"logo\":{\"@type\":\"ImageObject\",\"inLanguage\":\"fi\",\"@id\":\"https:\/\/blogit.gradia.fi\/mkpt2204-rekonen\/#\/schema\/logo\/image\/\",\"url\":\"https:\/\/blogit.gradia.fi\/mkpt2204-rekonen\/wp-content\/uploads\/sites\/384\/2023\/03\/Kultainen-noutaja-2.png\",\"contentUrl\":\"https:\/\/blogit.gradia.fi\/mkpt2204-rekonen\/wp-content\/uploads\/sites\/384\/2023\/03\/Kultainen-noutaja-2.png\",\"width\":2194,\"height\":2294,\"caption\":\"Kultsi &amp; Noutaja\"},\"image\":{\"@id\":\"https:\/\/blogit.gradia.fi\/mkpt2204-rekonen\/#\/schema\/logo\/image\/\"}}]}<\/script>\n<!-- \/ Yoast SEO plugin. -->","yoast_head_json":{"title":"Etusivu - Kultsi &amp; Noutaja","robots":{"index":"index","follow":"follow","max-snippet":"max-snippet:-1","max-image-preview":"max-image-preview:large","max-video-preview":"max-video-preview:-1"},"canonical":"https:\/\/blogit.gradia.fi\/mkpt2204-rekonen\/","og_locale":"fi_FI","og_type":"article","og_title":"Etusivu - Kultsi &amp; Noutaja","og_description":"Kultsi &amp; Noutaja Kennelimme on kultaistennoutajien erikoiskennel. Palvelemme koiranomistajia Jyv\u00e4skyl\u00e4n seudulla ja pentujamme kasvaa t\u00e4ll\u00e4 hetkell\u00e4 ymp\u00e4ri Suomen Rovaniemelt\u00e4 Helsinkiin. Kultaistennoutajien erikoiskennel Kennel perustettiin vuonna 2003 ja on kasvanut nopeasti kolmen koiran kenneliksi. Kennelin v\u00e4keen kuuluu 2 innokasta kasvattajaa ja kolme kaunista narttua. Valikoimastamme on t\u00e4ll\u00e4 hetkell\u00e4 tullut kolme kaunista pentuetta. Pentujamme kuvaillaan reippaiksi, hyv\u00e4 [&hellip;]","og_url":"https:\/\/blogit.gradia.fi\/mkpt2204-rekonen\/","og_site_name":"Kultsi &amp; Noutaja","article_modified_time":"2023-03-09T11:32:02+00:00","og_image":[{"url":"https:\/\/blogit.gradia.fi\/mkpt2204-rekonen\/wp-content\/uploads\/sites\/384\/2023\/03\/child-1867463__480.jpg","type":"","width":"","height":""}],"twitter_card":"summary_large_image","twitter_misc":{"Arvioitu lukuaika":"4 minuuttia"},"schema":{"@context":"https:\/\/schema.org","@graph":[{"@type":"WebPage","@id":"https:\/\/blogit.gradia.fi\/mkpt2204-rekonen\/","url":"https:\/\/blogit.gradia.fi\/mkpt2204-rekonen\/","name":"Etusivu - Kultsi &amp; Noutaja","isPartOf":{"@id":"https:\/\/blogit.gradia.fi\/mkpt2204-rekonen\/#website"},"primaryImageOfPage":{"@id":"https:\/\/blogit.gradia.fi\/mkpt2204-rekonen\/#primaryimage"},"image":{"@id":"https:\/\/blogit.gradia.fi\/mkpt2204-rekonen\/#primaryimage"},"thumbnailUrl":"https:\/\/blogit.gradia.fi\/mkpt2204-rekonen\/wp-content\/uploads\/sites\/384\/2023\/03\/child-1867463__480.jpg","datePublished":"2023-01-26T06:54:35+00:00","dateModified":"2023-03-09T11:32:02+00:00","breadcrumb":{"@id":"https:\/\/blogit.gradia.fi\/mkpt2204-rekonen\/#breadcrumb"},"inLanguage":"fi","potentialAction":[{"@type":"ReadAction","target":["https:\/\/blogit.gradia.fi\/mkpt2204-rekonen\/"]}]},{"@type":"ImageObject","inLanguage":"fi","@id":"https:\/\/blogit.gradia.fi\/mkpt2204-rekonen\/#primaryimage","url":"https:\/\/blogit.gradia.fi\/mkpt2204-rekonen\/wp-content\/uploads\/sites\/384\/2023\/03\/child-1867463__480.jpg","contentUrl":"https:\/\/blogit.gradia.fi\/mkpt2204-rekonen\/wp-content\/uploads\/sites\/384\/2023\/03\/child-1867463__480.jpg","width":720,"height":480},{"@type":"BreadcrumbList","@id":"https:\/\/blogit.gradia.fi\/mkpt2204-rekonen\/#breadcrumb","itemListElement":[{"@type":"ListItem","position":1,"name":"Etusivu","item":"https:\/\/blogit.gradia.fi\/mkpt2204-rekonen\/"},{"@type":"ListItem","position":2,"name":"Etusivu"}]},{"@type":"WebSite","@id":"https:\/\/blogit.gradia.fi\/mkpt2204-rekonen\/#website","url":"https:\/\/blogit.gradia.fi\/mkpt2204-rekonen\/","name":"Kultsi &amp; Noutaja","description":"","publisher":{"@id":"https:\/\/blogit.gradia.fi\/mkpt2204-rekonen\/#organization"},"potentialAction":[{"@type":"SearchAction","target":{"@type":"EntryPoint","urlTemplate":"https:\/\/blogit.gradia.fi\/mkpt2204-rekonen\/?s={search_term_string}"},"query-input":{"@type":"PropertyValueSpecification","valueRequired":true,"valueName":"search_term_string"}}],"inLanguage":"fi"},{"@type":"Organization","@id":"https:\/\/blogit.gradia.fi\/mkpt2204-rekonen\/#organization","name":"Kultsi &amp; Noutaja","url":"https:\/\/blogit.gradia.fi\/mkpt2204-rekonen\/","logo":{"@type":"ImageObject","inLanguage":"fi","@id":"https:\/\/blogit.gradia.fi\/mkpt2204-rekonen\/#\/schema\/logo\/image\/","url":"https:\/\/blogit.gradia.fi\/mkpt2204-rekonen\/wp-content\/uploads\/sites\/384\/2023\/03\/Kultainen-noutaja-2.png","contentUrl":"https:\/\/blogit.gradia.fi\/mkpt2204-rekonen\/wp-content\/uploads\/sites\/384\/2023\/03\/Kultainen-noutaja-2.png","width":2194,"height":2294,"caption":"Kultsi &amp; Noutaja"},"image":{"@id":"https:\/\/blogit.gradia.fi\/mkpt2204-rekonen\/#\/schema\/logo\/image\/"}}]}},"uagb_featured_image_src":{"full":false,"thumbnail":false,"medium":false,"medium_large":false,"large":false,"1536x1536":false,"2048x2048":false},"uagb_author_info":{"display_name":"Reetta Rekonen","author_link":"https:\/\/blogit.gradia.fi\/mkpt2204-rekonen\/author\/gr276318\/"},"uagb_comment_info":0,"uagb_excerpt":"Kultsi &amp; Noutaja Kennelimme on kultaistennoutajien erikoiskennel. Palvelemme koiranomistajia Jyv\u00e4skyl\u00e4n seudulla ja pentujamme kasvaa t\u00e4ll\u00e4 hetkell\u00e4 ymp\u00e4ri Suomen Rovaniemelt\u00e4 Helsinkiin. Kultaistennoutajien erikoiskennel Kennel perustettiin vuonna 2003 ja on kasvanut nopeasti kolmen koiran kenneliksi. Kennelin v\u00e4keen kuuluu 2 innokasta kasvattajaa ja kolme kaunista narttua. Valikoimastamme on t\u00e4ll\u00e4 hetkell\u00e4 tullut kolme kaunista pentuetta. Pentujamme kuvaillaan reippaiksi, hyv\u00e4&hellip;","_links":{"self":[{"href":"https:\/\/blogit.gradia.fi\/mkpt2204-rekonen\/wp-json\/wp\/v2\/pages\/4","targetHints":{"allow":["GET"]}}],"collection":[{"href":"https:\/\/blogit.gradia.fi\/mkpt2204-rekonen\/wp-json\/wp\/v2\/pages"}],"about":[{"href":"https:\/\/blogit.gradia.fi\/mkpt2204-rekonen\/wp-json\/wp\/v2\/types\/page"}],"author":[{"embeddable":true,"href":"https:\/\/blogit.gradia.fi\/mkpt2204-rekonen\/wp-json\/wp\/v2\/users\/925"}],"replies":[{"embeddable":true,"href":"https:\/\/blogit.gradia.fi\/mkpt2204-rekonen\/wp-json\/wp\/v2\/comments?post=4"}],"version-history":[{"count":68,"href":"https:\/\/blogit.gradia.fi\/mkpt2204-rekonen\/wp-json\/wp\/v2\/pages\/4\/revisions"}],"predecessor-version":[{"id":553,"href":"https:\/\/blogit.gradia.fi\/mkpt2204-rekonen\/wp-json\/wp\/v2\/pages\/4\/revisions\/553"}],"wp:attachment":[{"href":"https:\/\/blogit.gradia.fi\/mkpt2204-rekonen\/wp-json\/wp\/v2\/media?parent=4"}],"curies":[{"name":"wp","href":"https:\/\/api.w.org\/{rel}","templated":true}]}}