{"id":16,"date":"2023-01-26T09:03:16","date_gmt":"2023-01-26T07:03:16","guid":{"rendered":"https:\/\/blogit.gradia.fi\/mkpt2204-rekonen\/?page_id=16"},"modified":"2023-03-09T13:39:24","modified_gmt":"2023-03-09T11:39:24","slug":"varaus","status":"publish","type":"page","link":"https:\/\/blogit.gradia.fi\/mkpt2204-rekonen\/varaus\/","title":{"rendered":"Koiran omistaminen"},"content":{"rendered":"\n<div class=\"wp-block-uagb-container uagb-block-1bd18674 alignfull uagb-is-root-container\"><div class=\"uagb-container-inner-blocks-wrap\">\n<div class=\"wp-block-uagb-container uagb-block-69f4078e\">\n<div class=\"wp-block-uagb-advanced-heading uagb-block-548ddaae\"><h2 class=\"uagb-heading-text\">Koiran omistaminen<\/h2><p class=\"uagb-desc-text\">Koiran hankkiminen asettaa koiranomistajalle vaatimuksia, joista on hyv\u00e4 olla selvill\u00e4. Omistajan on huolehdittava muun muassa koiran rokotuksista ja kannattaa my\u00f6s harkita, pit\u00e4isik\u00f6 koiralle ottaa lemmikkiel\u00e4invakuutus.<br><br><strong>Kaupasta kauppasopimus<\/strong><br>Koiran kaupasta tulee aina tehd\u00e4 virallinen kirjallinen kauppasopimus. Kauppahintaan kuuluu rekisteritodistus, jos koira on Kennelliiton rekister\u00f6im\u00e4. Ilman rekisteritodistusta ei voi olla varma pennun tai sen vanhempien alkuper\u00e4st\u00e4. Rekister\u00f6im\u00e4t\u00f6nt\u00e4 pentua ei saa myyd\u00e4 mink\u00e4\u00e4n rotunimikkeen alla.<br><br><strong>Rokotukset suojaavat koiraa taudeilta<\/strong><br>Rokottamisen tarkoituksena on suojata koiraa tartuntatauteja vastaan. Raivotauti- ja penikkatautirokotukset ovat n\u00e4yttelyiss\u00e4 ja kokeissa k\u00e4yville koirille pakollisia.<br>Suositeltavia ovat my\u00f6s rokotukset tarttuvaa maksatulehdusta ja parvoviruksen aiheuttamaa ripulia sek\u00e4 kennelysk\u00e4\u00e4 vastaan.<br><br><strong>Koiralle vakuutus<\/strong><br>Suurimmalla osalla suomalaisista vakuutusyhti\u00f6ist\u00e4 on koiralle lemmikkiel\u00e4invakuutus. Yleens\u00e4 vakuutukset on luokiteltu seuraavasti:<br><br>Perusvakuutus: korvaa yleens\u00e4 koiran menetyksen, kun koira kuolee, katoaa, vahingoittuu tai sairastuu niin pahoin, ett\u00e4 se on lopetettava.<br><br>K\u00e4ytt\u00f6koiran vakuutus: tarkoitettu mets\u00e4stys-, palvelus- ja siitoskoirille.<br><br>El\u00e4inl\u00e4\u00e4k\u00e4rikuluvakuutus: koiran hoitoja tutkimuskuluja varten sairauden ja tapaturman yhteydess\u00e4.<br><br>Henkivakuutus: korvaa koiran menetyksen sairaus- tai tapaturmaisessa kuolemassa.<br><br>Vastuuvakuutus: koiran ulkopuolisille aiheuttamien henkil\u00f6- ja esinevahinkojen varalle.<br><br>Kasvattajan pentuevakuutus: korvaa pentueen menetyksen ja el\u00e4inl\u00e4\u00e4k\u00e4rikuluja, jos pennuilla on ollut piilevi\u00e4 tai perinn\u00f6llisi\u00e4 vikoja.<br><br>Teksti:&nbsp;<a href=\"https:\/\/www.kennelliitto.fi\" target=\"_blank\" rel=\"noreferrer noopener\">www.kennelliitto.fi<\/a><\/p><\/div>\n<\/div>\n\n\n\n<div class=\"wp-block-uagb-container uagb-block-d70d2be2\">\n<div class=\"wp-block-uagb-image uagb-block-3324972e wp-block-uagb-image--layout-default wp-block-uagb-image--effect-static wp-block-uagb-image--align-none\"><figure class=\"wp-block-uagb-image__figure\"><img decoding=\"async\" src=\"https:\/\/blogit.gradia.fi\/mkpt2204-rekonen\/wp-content\/uploads\/sites\/384\/2023\/03\/golden-retriever-642015_1920-768x1024.jpg\" alt=\"\" class=\"uag-image-256\" title=\"\" loading=\"lazy\" \/><\/figure><\/div>\n<\/div>\n<\/div><\/div>\n\n\n\n<div class=\"wp-block-uagb-container uagb-block-859c2101 alignfull uagb-is-root-container\"><div class=\"uagb-container-inner-blocks-wrap\">\n<div class=\"wp-block-uagb-container uagb-block-d0874c41\">\n<div class=\"wp-block-uagb-advanced-heading uagb-block-89f2a3a0\"><h2 class=\"uagb-heading-text\">Vastuullinen koiranomistaja<\/h2><p class=\"uagb-desc-text\">Koiran omistaminen tuo paljon vastuuta ja monia velvollisuuksia. Omistaja on aina vastuussa koirastaan, joten omistajalla on velvollisuus kouluttaa koirastaan yhteiskuntakelpoinen. Eri roduilla on erilaiset tarpeet ja omistajan tulee huolehtia koiran rodunomaisten tarpeiden t\u00e4ytt\u00e4misest\u00e4. Omistajan tulee my\u00f6s muistaa, ett\u00e4 koira on el\u00e4in, eik\u00e4 sit\u00e4 pid\u00e4 inhimillist\u00e4\u00e4 liikaa.<\/p><\/div>\n<\/div>\n\n\n\n<div class=\"wp-block-uagb-container uagb-block-bc66d0b5\">\n<div class=\"wp-block-uagb-image uagb-block-3936c27c wp-block-uagb-image--layout-default wp-block-uagb-image--effect-static wp-block-uagb-image--align-none\"><figure class=\"wp-block-uagb-image__figure\"><img decoding=\"async\" src=\"https:\/\/blogit.gradia.fi\/mkpt2204-rekonen\/wp-content\/uploads\/sites\/384\/2023\/03\/animal-3083246_1920-1024x685.jpg\" alt=\"\" class=\"uag-image-393\" title=\"\" loading=\"lazy\" \/><\/figure><\/div>\n<\/div>\n<\/div><\/div>\n\n\n\n<div class=\"wp-block-uagb-container uagb-block-5c11f78f alignfull uagb-is-root-container\"><div class=\"uagb-container-inner-blocks-wrap\">\n<div class=\"wp-block-uagb-container uagb-block-6ffab295\">\n<div class=\"wp-block-uagb-advanced-heading uagb-block-e9669f33\"><h2 class=\"uagb-heading-text\">Vastuullinen koiranomistaja ottaa seuraavat seikat huomioon toimiessaan koiransa kanssa:<\/h2><p class=\"uagb-desc-text\">-Koiran omistaja vastaa aina koirastaan ja sen tekemisist\u00e4<br>Jokaiselle koiralle tulee opettaa arkitottelevaisuus<br>-Koiran on saatava riitt\u00e4v\u00e4sti liikuntaa, ravintoa ja huolenpitoa<br>-Koira tarvitsee lis\u00e4ksi ulkoilua, lajinomaisia virikkeit\u00e4 ja riitt\u00e4v\u00e4sti lepoa<br>-Koira on pidett\u00e4v\u00e4 kytkettyn\u00e4 taajama-alueella ja sen j\u00e4t\u00f6kset on korjattava<br>-Koiranpidosta ei saa aiheutua kohtuutonta haittaa ymp\u00e4rist\u00f6lle<br>-Koiran kanssa liikkuessa on aina otettava huomioon my\u00f6s muut ihmiset ja el\u00e4imet<br>-Hyv\u00e4 omistaja ei inhimillist\u00e4 koiraansa liikaa, vaan antaa -koiralleen koiramaisen el\u00e4m\u00e4n<br>-Koiran omistaja huomioi Koiranomistajan ja -haltijan peruss\u00e4\u00e4nn\u00f6ss\u00e4 m\u00e4\u00e4ritellyt periaatteet<\/p><\/div>\n<\/div>\n\n\n\n<div class=\"wp-block-uagb-container uagb-block-c40a188d\">\n<div class=\"wp-block-uagb-image uagb-block-f0363a2f wp-block-uagb-image--layout-default wp-block-uagb-image--effect-static wp-block-uagb-image--align-none\"><figure class=\"wp-block-uagb-image__figure\"><img decoding=\"async\" src=\"https:\/\/blogit.gradia.fi\/mkpt2204-rekonen\/wp-content\/uploads\/sites\/384\/2023\/03\/puppies-2985943_640-1.jpg\" alt=\"\" class=\"uag-image-392\" title=\"\" loading=\"lazy\" \/><\/figure><\/div>\n<\/div>\n<\/div><\/div>\n","protected":false},"excerpt":{"rendered":"<p>Koiran omistaminen Koiran hankkiminen asettaa koiranomistajalle vaatimuksia, joista on hyv\u00e4 olla selvill\u00e4. Omistajan on huolehdittava muun muassa koiran rokotuksista ja kannattaa my\u00f6s harkita, pit\u00e4isik\u00f6 koiralle ottaa lemmikkiel\u00e4invakuutus. Kaupasta kauppasopimusKoiran kaupasta tulee aina tehd\u00e4 virallinen kirjallinen kauppasopimus. Kauppahintaan kuuluu rekisteritodistus, jos koira on Kennelliiton rekister\u00f6im\u00e4. Ilman rekisteritodistusta ei voi olla varma pennun tai sen vanhempien alkuper\u00e4st\u00e4. [&hellip;]<\/p>\n","protected":false},"author":925,"featured_media":0,"parent":0,"menu_order":0,"comment_status":"closed","ping_status":"closed","template":"","meta":{"_uag_custom_page_level_css":"","site-sidebar-layout":"default","site-content-layout":"","ast-site-content-layout":"default","site-content-style":"default","site-sidebar-style":"default","ast-global-header-display":"","ast-banner-title-visibility":"","ast-main-header-display":"","ast-hfb-above-header-display":"","ast-hfb-below-header-display":"","ast-hfb-mobile-header-display":"","site-post-title":"disabled","ast-breadcrumbs-content":"","ast-featured-img":"","footer-sml-layout":"","ast-disable-related-posts":"","theme-transparent-header-meta":"","adv-header-id-meta":"","stick-header-meta":"","header-above-stick-meta":"","header-main-stick-meta":"","header-below-stick-meta":"","astra-migrate-meta-layouts":"default","ast-page-background-enabled":"default","ast-page-background-meta":{"desktop":{"background-color":"var(--ast-global-color-4)","background-image":"","background-repeat":"repeat","background-position":"center center","background-size":"auto","background-attachment":"scroll","background-type":"","background-media":"","overlay-type":"","overlay-color":"","overlay-opacity":"","overlay-gradient":""},"tablet":{"background-color":"","background-image":"","background-repeat":"repeat","background-position":"center center","background-size":"auto","background-attachment":"scroll","background-type":"","background-media":"","overlay-type":"","overlay-color":"","overlay-opacity":"","overlay-gradient":""},"mobile":{"background-color":"","background-image":"","background-repeat":"repeat","background-position":"center center","background-size":"auto","background-attachment":"scroll","background-type":"","background-media":"","overlay-type":"","overlay-color":"","overlay-opacity":"","overlay-gradient":""}},"ast-content-background-meta":{"desktop":{"background-color":"var(--ast-global-color-5)","background-image":"","background-repeat":"repeat","background-position":"center center","background-size":"auto","background-attachment":"scroll","background-type":"","background-media":"","overlay-type":"","overlay-color":"","overlay-opacity":"","overlay-gradient":""},"tablet":{"background-color":"var(--ast-global-color-5)","background-image":"","background-repeat":"repeat","background-position":"center center","background-size":"auto","background-attachment":"scroll","background-type":"","background-media":"","overlay-type":"","overlay-color":"","overlay-opacity":"","overlay-gradient":""},"mobile":{"background-color":"var(--ast-global-color-5)","background-image":"","background-repeat":"repeat","background-position":"center center","background-size":"auto","background-attachment":"scroll","background-type":"","background-media":"","overlay-type":"","overlay-color":"","overlay-opacity":"","overlay-gradient":""}},"footnotes":""},"class_list":["post-16","page","type-page","status-publish","hentry"],"yoast_head":"<!-- This site is optimized with the Yoast SEO plugin v27.2 - https:\/\/yoast.com\/product\/yoast-seo-wordpress\/ -->\n<title>Koiran omistaminen - Kultsi &amp; Noutaja<\/title>\n<meta name=\"robots\" content=\"index, follow, max-snippet:-1, max-image-preview:large, max-video-preview:-1\" \/>\n<link rel=\"canonical\" href=\"https:\/\/blogit.gradia.fi\/mkpt2204-rekonen\/varaus\/\" \/>\n<meta property=\"og:locale\" content=\"fi_FI\" \/>\n<meta property=\"og:type\" content=\"article\" \/>\n<meta property=\"og:title\" content=\"Koiran omistaminen - Kultsi &amp; Noutaja\" \/>\n<meta property=\"og:description\" content=\"Koiran omistaminen Koiran hankkiminen asettaa koiranomistajalle vaatimuksia, joista on hyv\u00e4 olla selvill\u00e4. Omistajan on huolehdittava muun muassa koiran rokotuksista ja kannattaa my\u00f6s harkita, pit\u00e4isik\u00f6 koiralle ottaa lemmikkiel\u00e4invakuutus. Kaupasta kauppasopimusKoiran kaupasta tulee aina tehd\u00e4 virallinen kirjallinen kauppasopimus. Kauppahintaan kuuluu rekisteritodistus, jos koira on Kennelliiton rekister\u00f6im\u00e4. Ilman rekisteritodistusta ei voi olla varma pennun tai sen vanhempien alkuper\u00e4st\u00e4. [&hellip;]\" \/>\n<meta property=\"og:url\" content=\"https:\/\/blogit.gradia.fi\/mkpt2204-rekonen\/varaus\/\" \/>\n<meta property=\"og:site_name\" content=\"Kultsi &amp; Noutaja\" \/>\n<meta property=\"article:modified_time\" content=\"2023-03-09T11:39:24+00:00\" \/>\n<meta property=\"og:image\" content=\"https:\/\/blogit.gradia.fi\/mkpt2204-rekonen\/wp-content\/uploads\/sites\/384\/2023\/03\/golden-retriever-642015_1920-768x1024.jpg\" \/>\n<meta name=\"twitter:card\" content=\"summary_large_image\" \/>\n<meta name=\"twitter:label1\" content=\"Arvioitu lukuaika\" \/>\n\t<meta name=\"twitter:data1\" content=\"3 minuuttia\" \/>\n<script type=\"application\/ld+json\" class=\"yoast-schema-graph\">{\"@context\":\"https:\/\/schema.org\",\"@graph\":[{\"@type\":\"WebPage\",\"@id\":\"https:\/\/blogit.gradia.fi\/mkpt2204-rekonen\/varaus\/\",\"url\":\"https:\/\/blogit.gradia.fi\/mkpt2204-rekonen\/varaus\/\",\"name\":\"Koiran omistaminen - Kultsi &amp; Noutaja\",\"isPartOf\":{\"@id\":\"https:\/\/blogit.gradia.fi\/mkpt2204-rekonen\/#website\"},\"primaryImageOfPage\":{\"@id\":\"https:\/\/blogit.gradia.fi\/mkpt2204-rekonen\/varaus\/#primaryimage\"},\"image\":{\"@id\":\"https:\/\/blogit.gradia.fi\/mkpt2204-rekonen\/varaus\/#primaryimage\"},\"thumbnailUrl\":\"https:\/\/blogit.gradia.fi\/mkpt2204-rekonen\/wp-content\/uploads\/sites\/384\/2023\/03\/golden-retriever-642015_1920-768x1024.jpg\",\"datePublished\":\"2023-01-26T07:03:16+00:00\",\"dateModified\":\"2023-03-09T11:39:24+00:00\",\"breadcrumb\":{\"@id\":\"https:\/\/blogit.gradia.fi\/mkpt2204-rekonen\/varaus\/#breadcrumb\"},\"inLanguage\":\"fi\",\"potentialAction\":[{\"@type\":\"ReadAction\",\"target\":[\"https:\/\/blogit.gradia.fi\/mkpt2204-rekonen\/varaus\/\"]}]},{\"@type\":\"ImageObject\",\"inLanguage\":\"fi\",\"@id\":\"https:\/\/blogit.gradia.fi\/mkpt2204-rekonen\/varaus\/#primaryimage\",\"url\":\"https:\/\/blogit.gradia.fi\/mkpt2204-rekonen\/wp-content\/uploads\/sites\/384\/2023\/03\/golden-retriever-642015_1920.jpg\",\"contentUrl\":\"https:\/\/blogit.gradia.fi\/mkpt2204-rekonen\/wp-content\/uploads\/sites\/384\/2023\/03\/golden-retriever-642015_1920.jpg\",\"width\":1440,\"height\":1920},{\"@type\":\"BreadcrumbList\",\"@id\":\"https:\/\/blogit.gradia.fi\/mkpt2204-rekonen\/varaus\/#breadcrumb\",\"itemListElement\":[{\"@type\":\"ListItem\",\"position\":1,\"name\":\"Etusivu\",\"item\":\"https:\/\/blogit.gradia.fi\/mkpt2204-rekonen\/\"},{\"@type\":\"ListItem\",\"position\":2,\"name\":\"Koiran omistaminen\"}]},{\"@type\":\"WebSite\",\"@id\":\"https:\/\/blogit.gradia.fi\/mkpt2204-rekonen\/#website\",\"url\":\"https:\/\/blogit.gradia.fi\/mkpt2204-rekonen\/\",\"name\":\"Kultsi &amp; Noutaja\",\"description\":\"\",\"publisher\":{\"@id\":\"https:\/\/blogit.gradia.fi\/mkpt2204-rekonen\/#organization\"},\"potentialAction\":[{\"@type\":\"SearchAction\",\"target\":{\"@type\":\"EntryPoint\",\"urlTemplate\":\"https:\/\/blogit.gradia.fi\/mkpt2204-rekonen\/?s={search_term_string}\"},\"query-input\":{\"@type\":\"PropertyValueSpecification\",\"valueRequired\":true,\"valueName\":\"search_term_string\"}}],\"inLanguage\":\"fi\"},{\"@type\":\"Organization\",\"@id\":\"https:\/\/blogit.gradia.fi\/mkpt2204-rekonen\/#organization\",\"name\":\"Kultsi &amp; Noutaja\",\"url\":\"https:\/\/blogit.gradia.fi\/mkpt2204-rekonen\/\",\"logo\":{\"@type\":\"ImageObject\",\"inLanguage\":\"fi\",\"@id\":\"https:\/\/blogit.gradia.fi\/mkpt2204-rekonen\/#\/schema\/logo\/image\/\",\"url\":\"https:\/\/blogit.gradia.fi\/mkpt2204-rekonen\/wp-content\/uploads\/sites\/384\/2023\/03\/Kultainen-noutaja-2.png\",\"contentUrl\":\"https:\/\/blogit.gradia.fi\/mkpt2204-rekonen\/wp-content\/uploads\/sites\/384\/2023\/03\/Kultainen-noutaja-2.png\",\"width\":2194,\"height\":2294,\"caption\":\"Kultsi &amp; Noutaja\"},\"image\":{\"@id\":\"https:\/\/blogit.gradia.fi\/mkpt2204-rekonen\/#\/schema\/logo\/image\/\"}}]}<\/script>\n<!-- \/ Yoast SEO plugin. -->","yoast_head_json":{"title":"Koiran omistaminen - Kultsi &amp; Noutaja","robots":{"index":"index","follow":"follow","max-snippet":"max-snippet:-1","max-image-preview":"max-image-preview:large","max-video-preview":"max-video-preview:-1"},"canonical":"https:\/\/blogit.gradia.fi\/mkpt2204-rekonen\/varaus\/","og_locale":"fi_FI","og_type":"article","og_title":"Koiran omistaminen - Kultsi &amp; Noutaja","og_description":"Koiran omistaminen Koiran hankkiminen asettaa koiranomistajalle vaatimuksia, joista on hyv\u00e4 olla selvill\u00e4. Omistajan on huolehdittava muun muassa koiran rokotuksista ja kannattaa my\u00f6s harkita, pit\u00e4isik\u00f6 koiralle ottaa lemmikkiel\u00e4invakuutus. Kaupasta kauppasopimusKoiran kaupasta tulee aina tehd\u00e4 virallinen kirjallinen kauppasopimus. Kauppahintaan kuuluu rekisteritodistus, jos koira on Kennelliiton rekister\u00f6im\u00e4. Ilman rekisteritodistusta ei voi olla varma pennun tai sen vanhempien alkuper\u00e4st\u00e4. [&hellip;]","og_url":"https:\/\/blogit.gradia.fi\/mkpt2204-rekonen\/varaus\/","og_site_name":"Kultsi &amp; Noutaja","article_modified_time":"2023-03-09T11:39:24+00:00","og_image":[{"url":"https:\/\/blogit.gradia.fi\/mkpt2204-rekonen\/wp-content\/uploads\/sites\/384\/2023\/03\/golden-retriever-642015_1920-768x1024.jpg","type":"","width":"","height":""}],"twitter_card":"summary_large_image","twitter_misc":{"Arvioitu lukuaika":"3 minuuttia"},"schema":{"@context":"https:\/\/schema.org","@graph":[{"@type":"WebPage","@id":"https:\/\/blogit.gradia.fi\/mkpt2204-rekonen\/varaus\/","url":"https:\/\/blogit.gradia.fi\/mkpt2204-rekonen\/varaus\/","name":"Koiran omistaminen - Kultsi &amp; Noutaja","isPartOf":{"@id":"https:\/\/blogit.gradia.fi\/mkpt2204-rekonen\/#website"},"primaryImageOfPage":{"@id":"https:\/\/blogit.gradia.fi\/mkpt2204-rekonen\/varaus\/#primaryimage"},"image":{"@id":"https:\/\/blogit.gradia.fi\/mkpt2204-rekonen\/varaus\/#primaryimage"},"thumbnailUrl":"https:\/\/blogit.gradia.fi\/mkpt2204-rekonen\/wp-content\/uploads\/sites\/384\/2023\/03\/golden-retriever-642015_1920-768x1024.jpg","datePublished":"2023-01-26T07:03:16+00:00","dateModified":"2023-03-09T11:39:24+00:00","breadcrumb":{"@id":"https:\/\/blogit.gradia.fi\/mkpt2204-rekonen\/varaus\/#breadcrumb"},"inLanguage":"fi","potentialAction":[{"@type":"ReadAction","target":["https:\/\/blogit.gradia.fi\/mkpt2204-rekonen\/varaus\/"]}]},{"@type":"ImageObject","inLanguage":"fi","@id":"https:\/\/blogit.gradia.fi\/mkpt2204-rekonen\/varaus\/#primaryimage","url":"https:\/\/blogit.gradia.fi\/mkpt2204-rekonen\/wp-content\/uploads\/sites\/384\/2023\/03\/golden-retriever-642015_1920.jpg","contentUrl":"https:\/\/blogit.gradia.fi\/mkpt2204-rekonen\/wp-content\/uploads\/sites\/384\/2023\/03\/golden-retriever-642015_1920.jpg","width":1440,"height":1920},{"@type":"BreadcrumbList","@id":"https:\/\/blogit.gradia.fi\/mkpt2204-rekonen\/varaus\/#breadcrumb","itemListElement":[{"@type":"ListItem","position":1,"name":"Etusivu","item":"https:\/\/blogit.gradia.fi\/mkpt2204-rekonen\/"},{"@type":"ListItem","position":2,"name":"Koiran omistaminen"}]},{"@type":"WebSite","@id":"https:\/\/blogit.gradia.fi\/mkpt2204-rekonen\/#website","url":"https:\/\/blogit.gradia.fi\/mkpt2204-rekonen\/","name":"Kultsi &amp; Noutaja","description":"","publisher":{"@id":"https:\/\/blogit.gradia.fi\/mkpt2204-rekonen\/#organization"},"potentialAction":[{"@type":"SearchAction","target":{"@type":"EntryPoint","urlTemplate":"https:\/\/blogit.gradia.fi\/mkpt2204-rekonen\/?s={search_term_string}"},"query-input":{"@type":"PropertyValueSpecification","valueRequired":true,"valueName":"search_term_string"}}],"inLanguage":"fi"},{"@type":"Organization","@id":"https:\/\/blogit.gradia.fi\/mkpt2204-rekonen\/#organization","name":"Kultsi &amp; Noutaja","url":"https:\/\/blogit.gradia.fi\/mkpt2204-rekonen\/","logo":{"@type":"ImageObject","inLanguage":"fi","@id":"https:\/\/blogit.gradia.fi\/mkpt2204-rekonen\/#\/schema\/logo\/image\/","url":"https:\/\/blogit.gradia.fi\/mkpt2204-rekonen\/wp-content\/uploads\/sites\/384\/2023\/03\/Kultainen-noutaja-2.png","contentUrl":"https:\/\/blogit.gradia.fi\/mkpt2204-rekonen\/wp-content\/uploads\/sites\/384\/2023\/03\/Kultainen-noutaja-2.png","width":2194,"height":2294,"caption":"Kultsi &amp; Noutaja"},"image":{"@id":"https:\/\/blogit.gradia.fi\/mkpt2204-rekonen\/#\/schema\/logo\/image\/"}}]}},"uagb_featured_image_src":{"full":false,"thumbnail":false,"medium":false,"medium_large":false,"large":false,"1536x1536":false,"2048x2048":false},"uagb_author_info":{"display_name":"Reetta Rekonen","author_link":"https:\/\/blogit.gradia.fi\/mkpt2204-rekonen\/author\/gr276318\/"},"uagb_comment_info":0,"uagb_excerpt":"Koiran omistaminen Koiran hankkiminen asettaa koiranomistajalle vaatimuksia, joista on hyv\u00e4 olla selvill\u00e4. Omistajan on huolehdittava muun muassa koiran rokotuksista ja kannattaa my\u00f6s harkita, pit\u00e4isik\u00f6 koiralle ottaa lemmikkiel\u00e4invakuutus. Kaupasta kauppasopimusKoiran kaupasta tulee aina tehd\u00e4 virallinen kirjallinen kauppasopimus. Kauppahintaan kuuluu rekisteritodistus, jos koira on Kennelliiton rekister\u00f6im\u00e4. Ilman rekisteritodistusta ei voi olla varma pennun tai sen vanhempien alkuper\u00e4st\u00e4.&hellip;","_links":{"self":[{"href":"https:\/\/blogit.gradia.fi\/mkpt2204-rekonen\/wp-json\/wp\/v2\/pages\/16","targetHints":{"allow":["GET"]}}],"collection":[{"href":"https:\/\/blogit.gradia.fi\/mkpt2204-rekonen\/wp-json\/wp\/v2\/pages"}],"about":[{"href":"https:\/\/blogit.gradia.fi\/mkpt2204-rekonen\/wp-json\/wp\/v2\/types\/page"}],"author":[{"embeddable":true,"href":"https:\/\/blogit.gradia.fi\/mkpt2204-rekonen\/wp-json\/wp\/v2\/users\/925"}],"replies":[{"embeddable":true,"href":"https:\/\/blogit.gradia.fi\/mkpt2204-rekonen\/wp-json\/wp\/v2\/comments?post=16"}],"version-history":[{"count":15,"href":"https:\/\/blogit.gradia.fi\/mkpt2204-rekonen\/wp-json\/wp\/v2\/pages\/16\/revisions"}],"predecessor-version":[{"id":556,"href":"https:\/\/blogit.gradia.fi\/mkpt2204-rekonen\/wp-json\/wp\/v2\/pages\/16\/revisions\/556"}],"wp:attachment":[{"href":"https:\/\/blogit.gradia.fi\/mkpt2204-rekonen\/wp-json\/wp\/v2\/media?parent=16"}],"curies":[{"name":"wp","href":"https:\/\/api.w.org\/{rel}","templated":true}]}}