{"id":11,"date":"2023-01-26T09:02:52","date_gmt":"2023-01-26T07:02:52","guid":{"rendered":"https:\/\/blogit.gradia.fi\/mkpt2204-rekonen\/?page_id=11"},"modified":"2023-03-09T09:11:25","modified_gmt":"2023-03-09T07:11:25","slug":"palvelut","status":"publish","type":"page","link":"https:\/\/blogit.gradia.fi\/mkpt2204-rekonen\/palvelut\/","title":{"rendered":"Kultainennoutaja"},"content":{"rendered":"\n<div class=\"wp-block-uagb-container uagb-block-78a28e42 alignfull uagb-is-root-container\"><div class=\"uagb-container-inner-blocks-wrap\">\n<div class=\"wp-block-uagb-container uagb-block-4c6bca4c\">\n<div class=\"wp-block-uagb-container uagb-block-c2b74b16\">\n<div class=\"wp-block-uagb-advanced-heading uagb-block-b816c108\"><h4 class=\"uagb-heading-text\">Arvot<\/h4><p class=\"uagb-desc-text\">L\u00e4ht\u00f6kohtanamme on pentukeskeinen n\u00e4kemys. N\u00e4emme jokaisen pennun yksil\u00f6n\u00e4, joka on aktiivinen toimija sek\u00e4 yksin, ett\u00e4 ryhm\u00e4ss\u00e4.&nbsp;<br><br><br><br><\/p><\/div>\n<\/div>\n\n\n\n<div class=\"wp-block-uagb-container uagb-block-7cc3b597\">\n<div class=\"wp-block-uagb-advanced-heading uagb-block-1ea0fd82\"><h4 class=\"uagb-heading-text\">Missio<\/h4><p class=\"uagb-desc-text\">\u00b7&nbsp;&nbsp;&nbsp;&nbsp;&nbsp;&nbsp; Kohdata haasteet rohkeasti<br>\u00b7&nbsp;&nbsp;&nbsp;&nbsp;&nbsp;&nbsp; Tehd\u00e4 pentuja, joista voi olla ylpe\u00e4<br>\u00b7&nbsp;&nbsp;&nbsp;&nbsp;&nbsp;&nbsp; Jakaa tietoa ja kokemuksia koiran kasvatuksesta<br><br><br><br><br><\/p><\/div>\n<\/div>\n\n\n\n<div class=\"wp-block-uagb-container uagb-block-5d7941f8\">\n<div class=\"wp-block-uagb-advanced-heading uagb-block-daf6e364\"><h4 class=\"uagb-heading-text\">Visio<\/h4><p class=\"uagb-desc-text\">Haluamme olla edell\u00e4k\u00e4vij\u00e4 Suomen ensimm\u00e4isen\u00e4 kennelin\u00e4, jonka pentujen varhaiskasvatus perustuu pentu-behavioristiseen kasvatusteoriaan.<br><br><br><br><\/p><\/div>\n<\/div>\n<\/div>\n<\/div><\/div>\n\n\n\n<div class=\"wp-block-uagb-container uagb-block-5b6af5d4 alignfull uagb-is-root-container\"><div class=\"uagb-container-inner-blocks-wrap\">\n<div class=\"wp-block-uagb-container uagb-block-c3dff390\">\n<div class=\"wp-block-uagb-image uagb-block-a8d110c6 wp-block-uagb-image--layout-default wp-block-uagb-image--effect-static wp-block-uagb-image--align-none\"><figure class=\"wp-block-uagb-image__figure\"><img decoding=\"async\" src=\"https:\/\/blogit.gradia.fi\/mkpt2204-rekonen\/wp-content\/uploads\/sites\/384\/2023\/03\/dog-185896__480.jpg\" alt=\"\" class=\"uag-image-486\" title=\"\" loading=\"lazy\" \/><\/figure><\/div>\n<\/div>\n\n\n\n<div class=\"wp-block-uagb-container uagb-block-96c1852e\">\n<div class=\"wp-block-uagb-info-box uagb-block-e94900c4 uagb-infobox__content-wrap  uagb-infobox-icon-above-title uagb-infobox-image-valign-top\"><div class=\"uagb-ifb-content\"><div class=\"uagb-ifb-title-wrap\"><h2 class=\"uagb-ifb-title\">Terveys<\/h2><\/div><p class=\"uagb-ifb-desc\">Koira.netin kuolinsyytilaston mukaan yleisin kuolinsyy 1988-2010 v\u00e4lill\u00e4 el\u00e4neist\u00e4 ja kuolleiksi ilmoitetuista koirista vanhuuden (luonnollinen tai lopetus) j\u00e4lkeen ovat kasvainsairaudet. Yhteens\u00e4 tuossa tilastossa oli 429 koiraa. Keskim\u00e4\u00e4r\u00e4inen elinik\u00e4 n\u00e4ill\u00e4 koirilla oli 10 vuotta ja 3 kuukautta. Kultaisilla noutajilla esiintyy perinn\u00f6llisen\u00e4 lonkkavikaa ja epilepsiaa. Lis\u00e4ksi niill\u00e4 on taipumusta sairastua kilpirauhasen vajaatoimintaan.       <br><br>L\u00e4hde: <a href=\"https:\/\/fi.wikipedia.org\/wiki\/Kultainennoutaja\">https:\/\/fi.wikipedia.org\/wiki\/Kultainennoutaja<\/a><\/p><\/div><\/div>\n<\/div>\n<\/div><\/div>\n\n\n\n<div class=\"wp-block-uagb-container uagb-block-68cd94df alignfull uagb-is-root-container\"><div class=\"uagb-container-inner-blocks-wrap\">\n<div class=\"wp-block-uagb-container uagb-block-ed1a7879\">\n<div class=\"wp-block-uagb-image uagb-block-a6ee9ad1 wp-block-uagb-image--layout-default wp-block-uagb-image--effect-static wp-block-uagb-image--align-none\"><figure class=\"wp-block-uagb-image__figure\"><img decoding=\"async\" src=\"https:\/\/blogit.gradia.fi\/mkpt2204-rekonen\/wp-content\/uploads\/sites\/384\/2023\/03\/dog-6945696__480.jpg\" alt=\"\" class=\"uag-image-475\" title=\"\" loading=\"lazy\" \/><\/figure><\/div>\n<\/div>\n\n\n\n<div class=\"wp-block-uagb-container uagb-block-1e3ae558\">\n<div class=\"wp-block-uagb-info-box uagb-block-cc173b0f uagb-infobox__content-wrap  uagb-infobox-icon-above-title uagb-infobox-image-valign-top\"><div class=\"uagb-ifb-content\"><div class=\"uagb-ifb-title-wrap\"><h2 class=\"uagb-ifb-title\">Ulkon\u00e4k\u00f6<\/h2><\/div><p class=\"uagb-ifb-desc\">Kultainennoutaja on yksi kuudesta noutajarodusta. Kultaisia noutajia on yleisesti olemassa kahta p\u00e4\u00e4linjaa: n\u00e4yttelylinjaista ja mets\u00e4styslinjaista. Suomessa koirat ovat useimmiten n\u00e4yttelytyyppisi\u00e4. Mets\u00e4styslinjaiset koirat ovat useimmiten hoikempia, lyhyempikarvaisia, v\u00e4rilt\u00e4\u00e4n tummempia ja paremmat riistataipumukset omaavampia. N\u00e4yttelylinjaisilla on useimmiten enemm\u00e4n karvaa, ne ovat raskasrakenteisimpia sek\u00e4 lyhytraajaisempia. <br><br>Rotum\u00e4\u00e4ritelm\u00e4n mukainen ihanne olisi koira, joka on sek\u00e4 k\u00e4ytt\u00f6koira ett\u00e4 ulkon\u00e4\u00f6lt\u00e4\u00e4n n\u00e4ytt\u00e4v\u00e4, eli niin sanottu dual purpose. Vaikka rotu miellet\u00e4\u00e4n kahtiajakautuneeksi, tavataan kokeissa ja n\u00e4yttelykehiss\u00e4 koiria, joilla on sek\u00e4 ulkon\u00e4k\u00f6\u00e4 ett\u00e4 riistaviettisyytt\u00e4. Englanninkielisiss\u00e4 maissa tunnetaan lis\u00e4ksi jako verrattain matalaan ja tukevarakenteiseen, muita painavampaan brittityyppiin, edell\u00e4 mainittua korkeampaan amerikkalaistyyppiin, sek\u00e4 muita lyhytkarvaisempaan ja korkeampaan kanadalaistyyppiin.<br><br>Kultainennoutaja on keskikokoinen koira, jonka s\u00e4k\u00e4korkeus uroksilla 56\u201361 cm ja nartuilla 51\u201356 cm. Se on sopusuhtainen, tasapainoinen, voimakas ja varmaliikkeinen koira. Se on luonteeltaan hyv\u00e4ntahtoinen ja yst\u00e4v\u00e4llinen. Karvapeite on sile\u00e4 tai laineikas ja runsashapsuinen, v\u00e4rein\u00e4 mik\u00e4 tahansa kullan- tai kermanv\u00e4rinen vivahde (ei kuitenkaan punainen eik\u00e4 mahonginv\u00e4rinen). Turkkia olisi hyv\u00e4 harjata p\u00e4ivitt\u00e4in karvanl\u00e4hd\u00f6n aikaan, jolloin karvaa irtoaa todella paljon.<\/p><\/div><\/div>\n<\/div>\n<\/div><\/div>\n\n\n\n<div class=\"wp-block-uagb-container uagb-block-c389ffad alignfull uagb-is-root-container\"><div class=\"uagb-container-inner-blocks-wrap\">\n<div class=\"wp-block-uagb-container uagb-block-49061e50\">\n<div class=\"wp-block-uagb-image uagb-block-2e6da62e wp-block-uagb-image--layout-default wp-block-uagb-image--effect-static wp-block-uagb-image--align-none\"><figure class=\"wp-block-uagb-image__figure\"><img decoding=\"async\" src=\"https:\/\/blogit.gradia.fi\/mkpt2204-rekonen\/wp-content\/uploads\/sites\/384\/2023\/03\/dog-5866869_1280-684x1024.jpg\" alt=\"\" class=\"uag-image-488\" width=\"326\" height=\"487\" title=\"\" loading=\"lazy\" \/><\/figure><\/div>\n<\/div>\n\n\n\n<div class=\"wp-block-uagb-container uagb-block-a60b286a\">\n<div class=\"wp-block-uagb-info-box uagb-block-f62e3e22 uagb-infobox__content-wrap  uagb-infobox-icon-above-title uagb-infobox-image-valign-top\"><div class=\"uagb-ifb-content\"><div class=\"uagb-ifb-title-wrap\"><h2 class=\"uagb-ifb-title\">Luonne ja k\u00e4ytt\u00e4ytyminen<\/h2><\/div><p class=\"uagb-ifb-desc\">Kultainennoutaja on luonteeltaan hyvin iloinen, avoin ja yst\u00e4v\u00e4llinen, varsinkin vanhusten ja lasten l\u00e4sn\u00e4 ollessa, mist\u00e4 syyst\u00e4 se sopii t\u00e4ydellisesti my\u00f6s perhekoiraksi. Kultainennoutaja on kovin ihmisrakas koirarotu. Rodussa esiintyy my\u00f6s eneneviss\u00e4 m\u00e4\u00e4rin arkuutta. Pentua hankkiessa tulisikin vanhempien luonteisiin ja pentueen kasvatusolosuhteisiin kiinnitt\u00e4\u00e4 huomiota. Mik\u00e4li pennut eiv\u00e4t luovutusi\u00e4ss\u00e4 ole kontaktinhakuisia ja pelk\u00e4\u00e4v\u00e4t uusia asioita ja vieraita ihmisi\u00e4, kannattaa pennun ostamista viel\u00e4 mietti\u00e4. Kultainennoutaja on useimmiten eritt\u00e4in sosiaalinen ja tulee hyvin toimeen toisten koirien kanssa. Se on hyvin oppivainen ja helposti koulutettavissa monenlaisiin harrastusmuotoihin. Noutajille tyypillinen piirre pysytell\u00e4 omistajansa l\u00e4heisyydess\u00e4 tekee kultaisesta noutajasta eritt\u00e4in helpon pit\u00e4\u00e4 vapaana. Se on k\u00e4rsiv\u00e4llinen, mutta my\u00f6s omistushaluinen. Kultainennoutaja vaatii kunnollisen peruskasvatuksen ja -koulutuksen. Kultaiset noutajat ovat hyvin ihmisl\u00e4heisi\u00e4 ja tulevat toimeen melkein kaikkien kanssa. Koirasta ei v\u00e4ltt\u00e4m\u00e4tt\u00e4 ole vahtikoiraksi, mutta moneen muuhun se sopii.<br><br>Kultainennoutaja on ty\u00f6koira ja sit\u00e4 k\u00e4ytet\u00e4\u00e4n laajalti muun muassa opaskoirina sek\u00e4 tullin huumekoirana. Se on my\u00f6s monipuolinen mets\u00e4styskoira muiden noutajarotujen tavoin. Lis\u00e4ksi kultainennoutaja on palveluskoirarotu ja soveltuu my\u00f6s palveluskoiralajeihin, vaikkakin n\u00e4iss\u00e4 nykyisin harvemmin t\u00f6rm\u00e4\u00e4 kultaisiinnoutajiin.<\/p><\/div><\/div>\n<\/div>\n<\/div><\/div>\n","protected":false},"excerpt":{"rendered":"<p>Arvot L\u00e4ht\u00f6kohtanamme on pentukeskeinen n\u00e4kemys. N\u00e4emme jokaisen pennun yksil\u00f6n\u00e4, joka on aktiivinen toimija sek\u00e4 yksin, ett\u00e4 ryhm\u00e4ss\u00e4.&nbsp; Missio \u00b7&nbsp;&nbsp;&nbsp;&nbsp;&nbsp;&nbsp; Kohdata haasteet rohkeasti\u00b7&nbsp;&nbsp;&nbsp;&nbsp;&nbsp;&nbsp; Tehd\u00e4 pentuja, joista voi olla ylpe\u00e4\u00b7&nbsp;&nbsp;&nbsp;&nbsp;&nbsp;&nbsp; Jakaa tietoa ja kokemuksia koiran kasvatuksesta Visio Haluamme olla edell\u00e4k\u00e4vij\u00e4 Suomen ensimm\u00e4isen\u00e4 kennelin\u00e4, jonka pentujen varhaiskasvatus perustuu pentu-behavioristiseen kasvatusteoriaan.<\/p>\n","protected":false},"author":925,"featured_media":0,"parent":0,"menu_order":0,"comment_status":"closed","ping_status":"closed","template":"","meta":{"_uag_custom_page_level_css":"","site-sidebar-layout":"default","site-content-layout":"","ast-site-content-layout":"default","site-content-style":"default","site-sidebar-style":"default","ast-global-header-display":"","ast-banner-title-visibility":"","ast-main-header-display":"","ast-hfb-above-header-display":"","ast-hfb-below-header-display":"","ast-hfb-mobile-header-display":"","site-post-title":"disabled","ast-breadcrumbs-content":"","ast-featured-img":"","footer-sml-layout":"","ast-disable-related-posts":"","theme-transparent-header-meta":"","adv-header-id-meta":"","stick-header-meta":"","header-above-stick-meta":"","header-main-stick-meta":"","header-below-stick-meta":"","astra-migrate-meta-layouts":"default","ast-page-background-enabled":"default","ast-page-background-meta":{"desktop":{"background-color":"var(--ast-global-color-4)","background-image":"","background-repeat":"repeat","background-position":"center center","background-size":"auto","background-attachment":"scroll","background-type":"","background-media":"","overlay-type":"","overlay-color":"","overlay-opacity":"","overlay-gradient":""},"tablet":{"background-color":"","background-image":"","background-repeat":"repeat","background-position":"center center","background-size":"auto","background-attachment":"scroll","background-type":"","background-media":"","overlay-type":"","overlay-color":"","overlay-opacity":"","overlay-gradient":""},"mobile":{"background-color":"","background-image":"","background-repeat":"repeat","background-position":"center center","background-size":"auto","background-attachment":"scroll","background-type":"","background-media":"","overlay-type":"","overlay-color":"","overlay-opacity":"","overlay-gradient":""}},"ast-content-background-meta":{"desktop":{"background-color":"var(--ast-global-color-5)","background-image":"","background-repeat":"repeat","background-position":"center center","background-size":"auto","background-attachment":"scroll","background-type":"","background-media":"","overlay-type":"","overlay-color":"","overlay-opacity":"","overlay-gradient":""},"tablet":{"background-color":"var(--ast-global-color-5)","background-image":"","background-repeat":"repeat","background-position":"center center","background-size":"auto","background-attachment":"scroll","background-type":"","background-media":"","overlay-type":"","overlay-color":"","overlay-opacity":"","overlay-gradient":""},"mobile":{"background-color":"var(--ast-global-color-5)","background-image":"","background-repeat":"repeat","background-position":"center center","background-size":"auto","background-attachment":"scroll","background-type":"","background-media":"","overlay-type":"","overlay-color":"","overlay-opacity":"","overlay-gradient":""}},"footnotes":""},"class_list":["post-11","page","type-page","status-publish","hentry"],"yoast_head":"<!-- This site is optimized with the Yoast SEO plugin v27.2 - https:\/\/yoast.com\/product\/yoast-seo-wordpress\/ -->\n<title>Kultainennoutaja - Kultsi &amp; Noutaja<\/title>\n<meta name=\"robots\" content=\"index, follow, max-snippet:-1, max-image-preview:large, max-video-preview:-1\" \/>\n<link rel=\"canonical\" href=\"https:\/\/blogit.gradia.fi\/mkpt2204-rekonen\/palvelut\/\" \/>\n<meta property=\"og:locale\" content=\"fi_FI\" \/>\n<meta property=\"og:type\" content=\"article\" \/>\n<meta property=\"og:title\" content=\"Kultainennoutaja - Kultsi &amp; Noutaja\" \/>\n<meta property=\"og:description\" content=\"Arvot L\u00e4ht\u00f6kohtanamme on pentukeskeinen n\u00e4kemys. N\u00e4emme jokaisen pennun yksil\u00f6n\u00e4, joka on aktiivinen toimija sek\u00e4 yksin, ett\u00e4 ryhm\u00e4ss\u00e4.&nbsp; Missio \u00b7&nbsp;&nbsp;&nbsp;&nbsp;&nbsp;&nbsp; Kohdata haasteet rohkeasti\u00b7&nbsp;&nbsp;&nbsp;&nbsp;&nbsp;&nbsp; Tehd\u00e4 pentuja, joista voi olla ylpe\u00e4\u00b7&nbsp;&nbsp;&nbsp;&nbsp;&nbsp;&nbsp; Jakaa tietoa ja kokemuksia koiran kasvatuksesta Visio Haluamme olla edell\u00e4k\u00e4vij\u00e4 Suomen ensimm\u00e4isen\u00e4 kennelin\u00e4, jonka pentujen varhaiskasvatus perustuu pentu-behavioristiseen kasvatusteoriaan.\" \/>\n<meta property=\"og:url\" content=\"https:\/\/blogit.gradia.fi\/mkpt2204-rekonen\/palvelut\/\" \/>\n<meta property=\"og:site_name\" content=\"Kultsi &amp; Noutaja\" \/>\n<meta property=\"article:modified_time\" content=\"2023-03-09T07:11:25+00:00\" \/>\n<meta property=\"og:image\" content=\"https:\/\/blogit.gradia.fi\/mkpt2204-rekonen\/wp-content\/uploads\/sites\/384\/2023\/03\/dog-185896__480.jpg\" \/>\n<meta name=\"twitter:card\" content=\"summary_large_image\" \/>\n<meta name=\"twitter:label1\" content=\"Arvioitu lukuaika\" \/>\n\t<meta name=\"twitter:data1\" content=\"4 minuuttia\" \/>\n<script type=\"application\/ld+json\" class=\"yoast-schema-graph\">{\"@context\":\"https:\/\/schema.org\",\"@graph\":[{\"@type\":\"WebPage\",\"@id\":\"https:\/\/blogit.gradia.fi\/mkpt2204-rekonen\/palvelut\/\",\"url\":\"https:\/\/blogit.gradia.fi\/mkpt2204-rekonen\/palvelut\/\",\"name\":\"Kultainennoutaja - Kultsi &amp; Noutaja\",\"isPartOf\":{\"@id\":\"https:\/\/blogit.gradia.fi\/mkpt2204-rekonen\/#website\"},\"primaryImageOfPage\":{\"@id\":\"https:\/\/blogit.gradia.fi\/mkpt2204-rekonen\/palvelut\/#primaryimage\"},\"image\":{\"@id\":\"https:\/\/blogit.gradia.fi\/mkpt2204-rekonen\/palvelut\/#primaryimage\"},\"thumbnailUrl\":\"https:\/\/blogit.gradia.fi\/mkpt2204-rekonen\/wp-content\/uploads\/sites\/384\/2023\/03\/dog-185896__480.jpg\",\"datePublished\":\"2023-01-26T07:02:52+00:00\",\"dateModified\":\"2023-03-09T07:11:25+00:00\",\"breadcrumb\":{\"@id\":\"https:\/\/blogit.gradia.fi\/mkpt2204-rekonen\/palvelut\/#breadcrumb\"},\"inLanguage\":\"fi\",\"potentialAction\":[{\"@type\":\"ReadAction\",\"target\":[\"https:\/\/blogit.gradia.fi\/mkpt2204-rekonen\/palvelut\/\"]}]},{\"@type\":\"ImageObject\",\"inLanguage\":\"fi\",\"@id\":\"https:\/\/blogit.gradia.fi\/mkpt2204-rekonen\/palvelut\/#primaryimage\",\"url\":\"https:\/\/blogit.gradia.fi\/mkpt2204-rekonen\/wp-content\/uploads\/sites\/384\/2023\/03\/dog-185896__480.jpg\",\"contentUrl\":\"https:\/\/blogit.gradia.fi\/mkpt2204-rekonen\/wp-content\/uploads\/sites\/384\/2023\/03\/dog-185896__480.jpg\",\"width\":320,\"height\":480},{\"@type\":\"BreadcrumbList\",\"@id\":\"https:\/\/blogit.gradia.fi\/mkpt2204-rekonen\/palvelut\/#breadcrumb\",\"itemListElement\":[{\"@type\":\"ListItem\",\"position\":1,\"name\":\"Etusivu\",\"item\":\"https:\/\/blogit.gradia.fi\/mkpt2204-rekonen\/\"},{\"@type\":\"ListItem\",\"position\":2,\"name\":\"Kultainennoutaja\"}]},{\"@type\":\"WebSite\",\"@id\":\"https:\/\/blogit.gradia.fi\/mkpt2204-rekonen\/#website\",\"url\":\"https:\/\/blogit.gradia.fi\/mkpt2204-rekonen\/\",\"name\":\"Kultsi &amp; Noutaja\",\"description\":\"\",\"publisher\":{\"@id\":\"https:\/\/blogit.gradia.fi\/mkpt2204-rekonen\/#organization\"},\"potentialAction\":[{\"@type\":\"SearchAction\",\"target\":{\"@type\":\"EntryPoint\",\"urlTemplate\":\"https:\/\/blogit.gradia.fi\/mkpt2204-rekonen\/?s={search_term_string}\"},\"query-input\":{\"@type\":\"PropertyValueSpecification\",\"valueRequired\":true,\"valueName\":\"search_term_string\"}}],\"inLanguage\":\"fi\"},{\"@type\":\"Organization\",\"@id\":\"https:\/\/blogit.gradia.fi\/mkpt2204-rekonen\/#organization\",\"name\":\"Kultsi &amp; Noutaja\",\"url\":\"https:\/\/blogit.gradia.fi\/mkpt2204-rekonen\/\",\"logo\":{\"@type\":\"ImageObject\",\"inLanguage\":\"fi\",\"@id\":\"https:\/\/blogit.gradia.fi\/mkpt2204-rekonen\/#\/schema\/logo\/image\/\",\"url\":\"https:\/\/blogit.gradia.fi\/mkpt2204-rekonen\/wp-content\/uploads\/sites\/384\/2023\/03\/Kultainen-noutaja-2.png\",\"contentUrl\":\"https:\/\/blogit.gradia.fi\/mkpt2204-rekonen\/wp-content\/uploads\/sites\/384\/2023\/03\/Kultainen-noutaja-2.png\",\"width\":2194,\"height\":2294,\"caption\":\"Kultsi &amp; Noutaja\"},\"image\":{\"@id\":\"https:\/\/blogit.gradia.fi\/mkpt2204-rekonen\/#\/schema\/logo\/image\/\"}}]}<\/script>\n<!-- \/ Yoast SEO plugin. -->","yoast_head_json":{"title":"Kultainennoutaja - Kultsi &amp; Noutaja","robots":{"index":"index","follow":"follow","max-snippet":"max-snippet:-1","max-image-preview":"max-image-preview:large","max-video-preview":"max-video-preview:-1"},"canonical":"https:\/\/blogit.gradia.fi\/mkpt2204-rekonen\/palvelut\/","og_locale":"fi_FI","og_type":"article","og_title":"Kultainennoutaja - Kultsi &amp; Noutaja","og_description":"Arvot L\u00e4ht\u00f6kohtanamme on pentukeskeinen n\u00e4kemys. N\u00e4emme jokaisen pennun yksil\u00f6n\u00e4, joka on aktiivinen toimija sek\u00e4 yksin, ett\u00e4 ryhm\u00e4ss\u00e4.&nbsp; Missio \u00b7&nbsp;&nbsp;&nbsp;&nbsp;&nbsp;&nbsp; Kohdata haasteet rohkeasti\u00b7&nbsp;&nbsp;&nbsp;&nbsp;&nbsp;&nbsp; Tehd\u00e4 pentuja, joista voi olla ylpe\u00e4\u00b7&nbsp;&nbsp;&nbsp;&nbsp;&nbsp;&nbsp; Jakaa tietoa ja kokemuksia koiran kasvatuksesta Visio Haluamme olla edell\u00e4k\u00e4vij\u00e4 Suomen ensimm\u00e4isen\u00e4 kennelin\u00e4, jonka pentujen varhaiskasvatus perustuu pentu-behavioristiseen kasvatusteoriaan.","og_url":"https:\/\/blogit.gradia.fi\/mkpt2204-rekonen\/palvelut\/","og_site_name":"Kultsi &amp; Noutaja","article_modified_time":"2023-03-09T07:11:25+00:00","og_image":[{"url":"https:\/\/blogit.gradia.fi\/mkpt2204-rekonen\/wp-content\/uploads\/sites\/384\/2023\/03\/dog-185896__480.jpg","type":"","width":"","height":""}],"twitter_card":"summary_large_image","twitter_misc":{"Arvioitu lukuaika":"4 minuuttia"},"schema":{"@context":"https:\/\/schema.org","@graph":[{"@type":"WebPage","@id":"https:\/\/blogit.gradia.fi\/mkpt2204-rekonen\/palvelut\/","url":"https:\/\/blogit.gradia.fi\/mkpt2204-rekonen\/palvelut\/","name":"Kultainennoutaja - Kultsi &amp; Noutaja","isPartOf":{"@id":"https:\/\/blogit.gradia.fi\/mkpt2204-rekonen\/#website"},"primaryImageOfPage":{"@id":"https:\/\/blogit.gradia.fi\/mkpt2204-rekonen\/palvelut\/#primaryimage"},"image":{"@id":"https:\/\/blogit.gradia.fi\/mkpt2204-rekonen\/palvelut\/#primaryimage"},"thumbnailUrl":"https:\/\/blogit.gradia.fi\/mkpt2204-rekonen\/wp-content\/uploads\/sites\/384\/2023\/03\/dog-185896__480.jpg","datePublished":"2023-01-26T07:02:52+00:00","dateModified":"2023-03-09T07:11:25+00:00","breadcrumb":{"@id":"https:\/\/blogit.gradia.fi\/mkpt2204-rekonen\/palvelut\/#breadcrumb"},"inLanguage":"fi","potentialAction":[{"@type":"ReadAction","target":["https:\/\/blogit.gradia.fi\/mkpt2204-rekonen\/palvelut\/"]}]},{"@type":"ImageObject","inLanguage":"fi","@id":"https:\/\/blogit.gradia.fi\/mkpt2204-rekonen\/palvelut\/#primaryimage","url":"https:\/\/blogit.gradia.fi\/mkpt2204-rekonen\/wp-content\/uploads\/sites\/384\/2023\/03\/dog-185896__480.jpg","contentUrl":"https:\/\/blogit.gradia.fi\/mkpt2204-rekonen\/wp-content\/uploads\/sites\/384\/2023\/03\/dog-185896__480.jpg","width":320,"height":480},{"@type":"BreadcrumbList","@id":"https:\/\/blogit.gradia.fi\/mkpt2204-rekonen\/palvelut\/#breadcrumb","itemListElement":[{"@type":"ListItem","position":1,"name":"Etusivu","item":"https:\/\/blogit.gradia.fi\/mkpt2204-rekonen\/"},{"@type":"ListItem","position":2,"name":"Kultainennoutaja"}]},{"@type":"WebSite","@id":"https:\/\/blogit.gradia.fi\/mkpt2204-rekonen\/#website","url":"https:\/\/blogit.gradia.fi\/mkpt2204-rekonen\/","name":"Kultsi &amp; Noutaja","description":"","publisher":{"@id":"https:\/\/blogit.gradia.fi\/mkpt2204-rekonen\/#organization"},"potentialAction":[{"@type":"SearchAction","target":{"@type":"EntryPoint","urlTemplate":"https:\/\/blogit.gradia.fi\/mkpt2204-rekonen\/?s={search_term_string}"},"query-input":{"@type":"PropertyValueSpecification","valueRequired":true,"valueName":"search_term_string"}}],"inLanguage":"fi"},{"@type":"Organization","@id":"https:\/\/blogit.gradia.fi\/mkpt2204-rekonen\/#organization","name":"Kultsi &amp; Noutaja","url":"https:\/\/blogit.gradia.fi\/mkpt2204-rekonen\/","logo":{"@type":"ImageObject","inLanguage":"fi","@id":"https:\/\/blogit.gradia.fi\/mkpt2204-rekonen\/#\/schema\/logo\/image\/","url":"https:\/\/blogit.gradia.fi\/mkpt2204-rekonen\/wp-content\/uploads\/sites\/384\/2023\/03\/Kultainen-noutaja-2.png","contentUrl":"https:\/\/blogit.gradia.fi\/mkpt2204-rekonen\/wp-content\/uploads\/sites\/384\/2023\/03\/Kultainen-noutaja-2.png","width":2194,"height":2294,"caption":"Kultsi &amp; Noutaja"},"image":{"@id":"https:\/\/blogit.gradia.fi\/mkpt2204-rekonen\/#\/schema\/logo\/image\/"}}]}},"uagb_featured_image_src":{"full":false,"thumbnail":false,"medium":false,"medium_large":false,"large":false,"1536x1536":false,"2048x2048":false},"uagb_author_info":{"display_name":"Reetta Rekonen","author_link":"https:\/\/blogit.gradia.fi\/mkpt2204-rekonen\/author\/gr276318\/"},"uagb_comment_info":0,"uagb_excerpt":"Arvot L\u00e4ht\u00f6kohtanamme on pentukeskeinen n\u00e4kemys. N\u00e4emme jokaisen pennun yksil\u00f6n\u00e4, joka on aktiivinen toimija sek\u00e4 yksin, ett\u00e4 ryhm\u00e4ss\u00e4.&nbsp; Missio \u00b7&nbsp;&nbsp;&nbsp;&nbsp;&nbsp;&nbsp; Kohdata haasteet rohkeasti\u00b7&nbsp;&nbsp;&nbsp;&nbsp;&nbsp;&nbsp; Tehd\u00e4 pentuja, joista voi olla ylpe\u00e4\u00b7&nbsp;&nbsp;&nbsp;&nbsp;&nbsp;&nbsp; Jakaa tietoa ja kokemuksia koiran kasvatuksesta Visio Haluamme olla edell\u00e4k\u00e4vij\u00e4 Suomen ensimm\u00e4isen\u00e4 kennelin\u00e4, jonka pentujen varhaiskasvatus perustuu pentu-behavioristiseen kasvatusteoriaan.","_links":{"self":[{"href":"https:\/\/blogit.gradia.fi\/mkpt2204-rekonen\/wp-json\/wp\/v2\/pages\/11","targetHints":{"allow":["GET"]}}],"collection":[{"href":"https:\/\/blogit.gradia.fi\/mkpt2204-rekonen\/wp-json\/wp\/v2\/pages"}],"about":[{"href":"https:\/\/blogit.gradia.fi\/mkpt2204-rekonen\/wp-json\/wp\/v2\/types\/page"}],"author":[{"embeddable":true,"href":"https:\/\/blogit.gradia.fi\/mkpt2204-rekonen\/wp-json\/wp\/v2\/users\/925"}],"replies":[{"embeddable":true,"href":"https:\/\/blogit.gradia.fi\/mkpt2204-rekonen\/wp-json\/wp\/v2\/comments?post=11"}],"version-history":[{"count":44,"href":"https:\/\/blogit.gradia.fi\/mkpt2204-rekonen\/wp-json\/wp\/v2\/pages\/11\/revisions"}],"predecessor-version":[{"id":491,"href":"https:\/\/blogit.gradia.fi\/mkpt2204-rekonen\/wp-json\/wp\/v2\/pages\/11\/revisions\/491"}],"wp:attachment":[{"href":"https:\/\/blogit.gradia.fi\/mkpt2204-rekonen\/wp-json\/wp\/v2\/media?parent=11"}],"curies":[{"name":"wp","href":"https:\/\/api.w.org\/{rel}","templated":true}]}}