{"id":5,"date":"2023-03-08T11:05:09","date_gmt":"2023-03-08T09:05:09","guid":{"rendered":"https:\/\/blogit.gradia.fi\/mkpt2204-ratilainen\/?page_id=5"},"modified":"2023-03-13T13:00:50","modified_gmt":"2023-03-13T11:00:50","slug":"kultsinoutaja","status":"publish","type":"page","link":"https:\/\/blogit.gradia.fi\/mkpt2204-ratilainen\/","title":{"rendered":"Etusivu"},"content":{"rendered":"\n<div class=\"wp-block-uagb-advanced-heading uagb-block-b680bef0\"><h2 class=\"uagb-heading-text\">Kultaistennoutajien erikoiskennel<\/h2><\/div>\n\n\n\n<div class=\"wp-block-uagb-container uagb-block-b2fd1c01 alignfull uagb-is-root-container\"><div class=\"uagb-container-inner-blocks-wrap\">\n<div class=\"wp-block-uagb-image aligncenter uagb-block-0773e3c0 wp-block-uagb-image--layout-default wp-block-uagb-image--effect-static wp-block-uagb-image--align-center\"><figure class=\"wp-block-uagb-image__figure\"><img decoding=\"async\" src=\"https:\/\/blogit.gradia.fi\/mkpt2204-ratilainen\/wp-content\/uploads\/sites\/383\/2023\/03\/dog-1903021_1920-1-1024x245.jpg\" alt=\"\" class=\"uag-image-14\" width=\"944\" height=\"226\" title=\"\" loading=\"lazy\" \/><\/figure><\/div>\n<\/div><\/div>\n\n\n\n<div class=\"wp-block-uagb-container uagb-block-b04dc94e alignfull uagb-is-root-container\"><div class=\"uagb-container-inner-blocks-wrap\">\n<div class=\"wp-block-uagb-container uagb-block-3f75a0db\">\n<p>Kennelimme on kultaistennoutajien erikoiskennel. Palvelemme koiranomistajia Jyv\u00e4skyl\u00e4n seudulla ja pentujamme kasvaa t\u00e4ll\u00e4 hetkell\u00e4 ymp\u00e4ri Suomen Rovaniemelt\u00e4 Helsinkiin. Kennel perustettiin vuonna 2003 ja on kasvanut nopeasti kolmen koiran kenneliksi. Kennelin v\u00e4keen kuuluu 2 innokasta kasvattajaa ja kolme kaunista narttua. Valikoimastamme on t\u00e4ll\u00e4 hetkell\u00e4 tullut kolme kaunista pentuetta. Pentujamme kuvaillaan reippaiksi, hyv\u00e4 luonteisiksi ja iloisiksi. Meid\u00e4n teht\u00e4v\u00e4n\u00e4mme ei ole ainoastaan tuottaa pentuja, vaan parantaa (valloittaa) maailmaa lis\u00e4\u00e4m\u00e4ll\u00e4 tietoutta ihanasta rodusta ja koiran kasvatuksesta. Asiakkaistamme pidet\u00e4\u00e4n huolta my\u00f6s pennun luovutuksen j\u00e4lkeen. Olemme taidoistamme ja kokemuksestamme ylpeit\u00e4.<\/p>\n<\/div>\n\n\n\n<div class=\"wp-block-uagb-container uagb-block-7bc95b22\">\n<div class=\"wp-block-uagb-image uagb-block-2e3cd252 wp-block-uagb-image--layout-default wp-block-uagb-image--effect-static wp-block-uagb-image--align-none\"><figure class=\"wp-block-uagb-image__figure\"><img decoding=\"async\" src=\"https:\/\/blogit.gradia.fi\/mkpt2204-ratilainen\/wp-content\/uploads\/sites\/383\/2023\/03\/golden-retriever-642015_1920-768x1024.jpg\" alt=\"\" class=\"uag-image-18\" width=\"\" height=\"\" title=\"\" loading=\"lazy\" \/><\/figure><\/div>\n<\/div>\n<\/div><\/div>\n\n\n\n<div class=\"wp-block-uagb-container uagb-block-fd2af2e2 alignfull uagb-is-root-container\"><div class=\"uagb-container-inner-blocks-wrap\">\n<div class=\"wp-block-uagb-container uagb-block-565a64af\">\n<div class=\"wp-block-uagb-container uagb-block-535767a0\">\n<p class=\"has-large-font-size\">Pienimuotoisesti kotioloissa<\/p>\n<\/div>\n\n\n\n<div class=\"wp-block-uagb-container uagb-block-928e644c\">\n<div class=\"wp-block-uagb-image aligncenter uagb-block-0f180eda wp-block-uagb-image--layout-default wp-block-uagb-image--effect-static wp-block-uagb-image--align-center\"><figure class=\"wp-block-uagb-image__figure\"><img decoding=\"async\" src=\"https:\/\/blogit.gradia.fi\/mkpt2204-ratilainen\/wp-content\/uploads\/sites\/383\/2023\/03\/animal-3083246_1920-1024x685.jpg\" alt=\"\" class=\"uag-image-82\" width=\"339\" height=\"226\" title=\"\" loading=\"lazy\" \/><\/figure><\/div>\n<\/div>\n<\/div>\n\n\n\n<div class=\"wp-block-uagb-container uagb-block-825fc3cb\">\n<p class=\"has-ast-global-color-2-color has-text-color has-small-font-size\">Tavoitteenamme on kasvattaa terveit\u00e4 ja tasapainoisia noutajia perheenj\u00e4seniksi sek\u00e4 monipuolisiksi harrastuskavereiksi. Kasvatusty\u00f6 on alkumetreill\u00e4 ja harkitsen tarkkaan jokaisen astutetun yhdistelm\u00e4n. Tavoitteena on kasvattaa terveit\u00e4 ja rotum\u00e4\u00e4ritelm\u00e4n mukaisia kultaisianoutajia, joiden kanssa voi harrastaa monipuolisesti. Meill\u00e4 pennut kasvavat kotona muiden koirien ja perheemme keskell\u00e4.<\/p>\n<\/div>\n\n\n\n<p class=\"has-large-font-size\">Miksi kultainennoutaja?<\/p>\n\n\n\n<p class=\"has-ast-global-color-2-color has-text-color has-small-font-size\">Kultainennoutaja on sek\u00e4 Suomessa ett\u00e4 maailmanlaajuisesti eritt\u00e4in suosittu rotu. Suomessa se on nelj\u00e4nneksi suosituin rotu. Kultainennoutaja on \u00e4lyk\u00e4s, keskikokoinen, miellytt\u00e4misenhaluinen sek\u00e4 toiminnanhaluinen koira. Kultaisennoutajan ominaisuudet tekev\u00e4t siit\u00e4 hyv\u00e4n harrastuskoiran. Alun perin se on jalostettu mets\u00e4styskoiraksi (ammutun pienriistan noutajai). Kultainennoutaja ei ole pelkk\u00e4 seurakoira, vaan se kaipaa my\u00f6s liikuntaa ja ohjattua toimintaa.<\/p>\n\n\n\n<div class=\"wp-block-uagb-image aligncenter uagb-block-73e08657 wp-block-uagb-image--layout-default wp-block-uagb-image--effect-static wp-block-uagb-image--align-center\"><figure class=\"wp-block-uagb-image__figure\"><img decoding=\"async\" src=\"https:\/\/blogit.gradia.fi\/mkpt2204-ratilainen\/wp-content\/uploads\/sites\/383\/2023\/03\/grass.png\" alt=\"\" class=\"uag-image-148\" width=\"\" height=\"\" title=\"\" loading=\"lazy\" \/><\/figure><\/div>\n<\/div><\/div>\n\n\n\n<div class=\"wp-block-uagb-info-box uagb-block-291043f2 uagb-infobox__content-wrap  uagb-infobox-icon-above-title uagb-infobox-image-valign-top\"><div class=\"uagb-ifb-content\"><div class=\"uagb-ifb-title-wrap\"><h3 class=\"uagb-ifb-title\">Arvot<\/h3><\/div><p class=\"uagb-ifb-desc\">L\u00e4ht\u00f6kohtanamme on pentukeskeinen n\u00e4kemys. N\u00e4emme jokaisen pennun yksil\u00f6n\u00e4, joka on aktiivinen toimija sek\u00e4 yksin, ett\u00e4 ryhm\u00e4ss\u00e4.<\/p><\/div><\/div>\n\n\n\n<div class=\"wp-block-uagb-info-box uagb-block-6d8bfdbb uagb-infobox__content-wrap  uagb-infobox-icon-above-title uagb-infobox-image-valign-top\"><div class=\"uagb-ifb-content\"><div class=\"uagb-ifb-title-wrap\"><h3 class=\"uagb-ifb-title\">Missio<\/h3><\/div><p class=\"uagb-ifb-desc\">\u00b7 Kohdata haasteet rohkeasti<br>\u00b7 Tehd\u00e4 pentuja, joista voi olla ylpe\u00e4<br>\u00b7 Jakaa tietoa ja kokemuksia koiran kasvatuksesta<\/p><\/div><\/div>\n\n\n\n<div class=\"wp-block-uagb-info-box uagb-block-7904c6ca uagb-infobox__content-wrap  uagb-infobox-icon-above-title uagb-infobox-image-valign-top\"><div class=\"uagb-ifb-content\"><div class=\"uagb-ifb-title-wrap\"><h3 class=\"uagb-ifb-title\">Visio<\/h3><\/div><p class=\"uagb-ifb-desc\">Haluamme olla edell\u00e4k\u00e4vij\u00e4 Suomen ensimm\u00e4isen\u00e4 kennelin\u00e4, jonka pentujen varhaiskasvatus perustuu pentu-behavioristiseen kasvatusteoriaan.<\/p><\/div><\/div>\n","protected":false},"excerpt":{"rendered":"<p>Kultaistennoutajien erikoiskennel Kennelimme on kultaistennoutajien erikoiskennel. Palvelemme koiranomistajia Jyv\u00e4skyl\u00e4n seudulla ja pentujamme kasvaa t\u00e4ll\u00e4 hetkell\u00e4 ymp\u00e4ri Suomen Rovaniemelt\u00e4 Helsinkiin. Kennel perustettiin vuonna 2003 ja on kasvanut nopeasti kolmen koiran kenneliksi. Kennelin v\u00e4keen kuuluu 2 innokasta kasvattajaa ja kolme kaunista narttua. Valikoimastamme on t\u00e4ll\u00e4 hetkell\u00e4 tullut kolme kaunista pentuetta. Pentujamme kuvaillaan reippaiksi, hyv\u00e4 luonteisiksi ja iloisiksi. [&hellip;]<\/p>\n","protected":false},"author":924,"featured_media":0,"parent":0,"menu_order":0,"comment_status":"closed","ping_status":"closed","template":"","meta":{"_uag_custom_page_level_css":"","site-sidebar-layout":"default","site-content-layout":"","ast-site-content-layout":"default","site-content-style":"default","site-sidebar-style":"default","ast-global-header-display":"","ast-banner-title-visibility":"","ast-main-header-display":"","ast-hfb-above-header-display":"","ast-hfb-below-header-display":"","ast-hfb-mobile-header-display":"","site-post-title":"disabled","ast-breadcrumbs-content":"","ast-featured-img":"","footer-sml-layout":"","ast-disable-related-posts":"","theme-transparent-header-meta":"","adv-header-id-meta":"","stick-header-meta":"","header-above-stick-meta":"","header-main-stick-meta":"","header-below-stick-meta":"","astra-migrate-meta-layouts":"default","ast-page-background-enabled":"default","ast-page-background-meta":{"desktop":{"background-color":"var(--ast-global-color-4)","background-image":"","background-repeat":"repeat","background-position":"center center","background-size":"auto","background-attachment":"scroll","background-type":"","background-media":"","overlay-type":"","overlay-color":"","overlay-opacity":"","overlay-gradient":""},"tablet":{"background-color":"","background-image":"","background-repeat":"repeat","background-position":"center center","background-size":"auto","background-attachment":"scroll","background-type":"","background-media":"","overlay-type":"","overlay-color":"","overlay-opacity":"","overlay-gradient":""},"mobile":{"background-color":"","background-image":"","background-repeat":"repeat","background-position":"center center","background-size":"auto","background-attachment":"scroll","background-type":"","background-media":"","overlay-type":"","overlay-color":"","overlay-opacity":"","overlay-gradient":""}},"ast-content-background-meta":{"desktop":{"background-color":"var(--ast-global-color-5)","background-image":"","background-repeat":"repeat","background-position":"center center","background-size":"auto","background-attachment":"scroll","background-type":"","background-media":"","overlay-type":"","overlay-color":"","overlay-opacity":"","overlay-gradient":""},"tablet":{"background-color":"var(--ast-global-color-5)","background-image":"","background-repeat":"repeat","background-position":"center center","background-size":"auto","background-attachment":"scroll","background-type":"","background-media":"","overlay-type":"","overlay-color":"","overlay-opacity":"","overlay-gradient":""},"mobile":{"background-color":"var(--ast-global-color-5)","background-image":"","background-repeat":"repeat","background-position":"center center","background-size":"auto","background-attachment":"scroll","background-type":"","background-media":"","overlay-type":"","overlay-color":"","overlay-opacity":"","overlay-gradient":""}},"footnotes":""},"class_list":["post-5","page","type-page","status-publish","hentry"],"yoast_head":"<!-- This site is optimized with the Yoast SEO plugin v27.2 - https:\/\/yoast.com\/product\/yoast-seo-wordpress\/ -->\n<title>Etusivu - Kultsi&amp;Noutaja Kultaistennoutajien erikoiskennel<\/title>\n<meta name=\"robots\" content=\"index, follow, max-snippet:-1, max-image-preview:large, max-video-preview:-1\" \/>\n<link rel=\"canonical\" href=\"https:\/\/blogit.gradia.fi\/mkpt2204-ratilainen\/\" \/>\n<meta property=\"og:locale\" content=\"fi_FI\" \/>\n<meta property=\"og:type\" content=\"article\" \/>\n<meta property=\"og:title\" content=\"Etusivu - Kultsi&amp;Noutaja Kultaistennoutajien erikoiskennel\" \/>\n<meta property=\"og:description\" content=\"Kultaistennoutajien erikoiskennel Kennelimme on kultaistennoutajien erikoiskennel. Palvelemme koiranomistajia Jyv\u00e4skyl\u00e4n seudulla ja pentujamme kasvaa t\u00e4ll\u00e4 hetkell\u00e4 ymp\u00e4ri Suomen Rovaniemelt\u00e4 Helsinkiin. Kennel perustettiin vuonna 2003 ja on kasvanut nopeasti kolmen koiran kenneliksi. Kennelin v\u00e4keen kuuluu 2 innokasta kasvattajaa ja kolme kaunista narttua. Valikoimastamme on t\u00e4ll\u00e4 hetkell\u00e4 tullut kolme kaunista pentuetta. Pentujamme kuvaillaan reippaiksi, hyv\u00e4 luonteisiksi ja iloisiksi. [&hellip;]\" \/>\n<meta property=\"og:url\" content=\"https:\/\/blogit.gradia.fi\/mkpt2204-ratilainen\/\" \/>\n<meta property=\"og:site_name\" content=\"Kultsi&amp;Noutaja Kultaistennoutajien erikoiskennel\" \/>\n<meta property=\"article:modified_time\" content=\"2023-03-13T11:00:50+00:00\" \/>\n<meta property=\"og:image\" content=\"https:\/\/blogit.gradia.fi\/mkpt2204-ratilainen\/wp-content\/uploads\/sites\/383\/2023\/03\/dog-1903021_1920-1-1024x245.jpg\" \/>\n<meta name=\"twitter:card\" content=\"summary_large_image\" \/>\n<meta name=\"twitter:label1\" content=\"Arvioitu lukuaika\" \/>\n\t<meta name=\"twitter:data1\" content=\"3 minuuttia\" \/>\n<script type=\"application\/ld+json\" class=\"yoast-schema-graph\">{\"@context\":\"https:\/\/schema.org\",\"@graph\":[{\"@type\":\"WebPage\",\"@id\":\"https:\/\/blogit.gradia.fi\/mkpt2204-ratilainen\/\",\"url\":\"https:\/\/blogit.gradia.fi\/mkpt2204-ratilainen\/\",\"name\":\"Etusivu - Kultsi&amp;Noutaja Kultaistennoutajien erikoiskennel\",\"isPartOf\":{\"@id\":\"https:\/\/blogit.gradia.fi\/mkpt2204-ratilainen\/#website\"},\"primaryImageOfPage\":{\"@id\":\"https:\/\/blogit.gradia.fi\/mkpt2204-ratilainen\/#primaryimage\"},\"image\":{\"@id\":\"https:\/\/blogit.gradia.fi\/mkpt2204-ratilainen\/#primaryimage\"},\"thumbnailUrl\":\"https:\/\/blogit.gradia.fi\/mkpt2204-ratilainen\/wp-content\/uploads\/sites\/383\/2023\/03\/dog-1903021_1920-1-1024x245.jpg\",\"datePublished\":\"2023-03-08T09:05:09+00:00\",\"dateModified\":\"2023-03-13T11:00:50+00:00\",\"breadcrumb\":{\"@id\":\"https:\/\/blogit.gradia.fi\/mkpt2204-ratilainen\/#breadcrumb\"},\"inLanguage\":\"fi\",\"potentialAction\":[{\"@type\":\"ReadAction\",\"target\":[\"https:\/\/blogit.gradia.fi\/mkpt2204-ratilainen\/\"]}]},{\"@type\":\"ImageObject\",\"inLanguage\":\"fi\",\"@id\":\"https:\/\/blogit.gradia.fi\/mkpt2204-ratilainen\/#primaryimage\",\"url\":\"https:\/\/blogit.gradia.fi\/mkpt2204-ratilainen\/wp-content\/uploads\/sites\/383\/2023\/03\/dog-1903021_1920-1.jpg\",\"contentUrl\":\"https:\/\/blogit.gradia.fi\/mkpt2204-ratilainen\/wp-content\/uploads\/sites\/383\/2023\/03\/dog-1903021_1920-1.jpg\",\"width\":1919,\"height\":459},{\"@type\":\"BreadcrumbList\",\"@id\":\"https:\/\/blogit.gradia.fi\/mkpt2204-ratilainen\/#breadcrumb\",\"itemListElement\":[{\"@type\":\"ListItem\",\"position\":1,\"name\":\"Etusivu\",\"item\":\"https:\/\/blogit.gradia.fi\/mkpt2204-ratilainen\/\"},{\"@type\":\"ListItem\",\"position\":2,\"name\":\"Etusivu\"}]},{\"@type\":\"WebSite\",\"@id\":\"https:\/\/blogit.gradia.fi\/mkpt2204-ratilainen\/#website\",\"url\":\"https:\/\/blogit.gradia.fi\/mkpt2204-ratilainen\/\",\"name\":\"Kultsi&amp;Noutaja Kultaistennoutajien erikoiskennel\",\"description\":\"\",\"potentialAction\":[{\"@type\":\"SearchAction\",\"target\":{\"@type\":\"EntryPoint\",\"urlTemplate\":\"https:\/\/blogit.gradia.fi\/mkpt2204-ratilainen\/?s={search_term_string}\"},\"query-input\":{\"@type\":\"PropertyValueSpecification\",\"valueRequired\":true,\"valueName\":\"search_term_string\"}}],\"inLanguage\":\"fi\"}]}<\/script>\n<!-- \/ Yoast SEO plugin. -->","yoast_head_json":{"title":"Etusivu - Kultsi&amp;Noutaja Kultaistennoutajien erikoiskennel","robots":{"index":"index","follow":"follow","max-snippet":"max-snippet:-1","max-image-preview":"max-image-preview:large","max-video-preview":"max-video-preview:-1"},"canonical":"https:\/\/blogit.gradia.fi\/mkpt2204-ratilainen\/","og_locale":"fi_FI","og_type":"article","og_title":"Etusivu - Kultsi&amp;Noutaja Kultaistennoutajien erikoiskennel","og_description":"Kultaistennoutajien erikoiskennel Kennelimme on kultaistennoutajien erikoiskennel. Palvelemme koiranomistajia Jyv\u00e4skyl\u00e4n seudulla ja pentujamme kasvaa t\u00e4ll\u00e4 hetkell\u00e4 ymp\u00e4ri Suomen Rovaniemelt\u00e4 Helsinkiin. Kennel perustettiin vuonna 2003 ja on kasvanut nopeasti kolmen koiran kenneliksi. Kennelin v\u00e4keen kuuluu 2 innokasta kasvattajaa ja kolme kaunista narttua. Valikoimastamme on t\u00e4ll\u00e4 hetkell\u00e4 tullut kolme kaunista pentuetta. Pentujamme kuvaillaan reippaiksi, hyv\u00e4 luonteisiksi ja iloisiksi. [&hellip;]","og_url":"https:\/\/blogit.gradia.fi\/mkpt2204-ratilainen\/","og_site_name":"Kultsi&amp;Noutaja Kultaistennoutajien erikoiskennel","article_modified_time":"2023-03-13T11:00:50+00:00","og_image":[{"url":"https:\/\/blogit.gradia.fi\/mkpt2204-ratilainen\/wp-content\/uploads\/sites\/383\/2023\/03\/dog-1903021_1920-1-1024x245.jpg","type":"","width":"","height":""}],"twitter_card":"summary_large_image","twitter_misc":{"Arvioitu lukuaika":"3 minuuttia"},"schema":{"@context":"https:\/\/schema.org","@graph":[{"@type":"WebPage","@id":"https:\/\/blogit.gradia.fi\/mkpt2204-ratilainen\/","url":"https:\/\/blogit.gradia.fi\/mkpt2204-ratilainen\/","name":"Etusivu - Kultsi&amp;Noutaja Kultaistennoutajien erikoiskennel","isPartOf":{"@id":"https:\/\/blogit.gradia.fi\/mkpt2204-ratilainen\/#website"},"primaryImageOfPage":{"@id":"https:\/\/blogit.gradia.fi\/mkpt2204-ratilainen\/#primaryimage"},"image":{"@id":"https:\/\/blogit.gradia.fi\/mkpt2204-ratilainen\/#primaryimage"},"thumbnailUrl":"https:\/\/blogit.gradia.fi\/mkpt2204-ratilainen\/wp-content\/uploads\/sites\/383\/2023\/03\/dog-1903021_1920-1-1024x245.jpg","datePublished":"2023-03-08T09:05:09+00:00","dateModified":"2023-03-13T11:00:50+00:00","breadcrumb":{"@id":"https:\/\/blogit.gradia.fi\/mkpt2204-ratilainen\/#breadcrumb"},"inLanguage":"fi","potentialAction":[{"@type":"ReadAction","target":["https:\/\/blogit.gradia.fi\/mkpt2204-ratilainen\/"]}]},{"@type":"ImageObject","inLanguage":"fi","@id":"https:\/\/blogit.gradia.fi\/mkpt2204-ratilainen\/#primaryimage","url":"https:\/\/blogit.gradia.fi\/mkpt2204-ratilainen\/wp-content\/uploads\/sites\/383\/2023\/03\/dog-1903021_1920-1.jpg","contentUrl":"https:\/\/blogit.gradia.fi\/mkpt2204-ratilainen\/wp-content\/uploads\/sites\/383\/2023\/03\/dog-1903021_1920-1.jpg","width":1919,"height":459},{"@type":"BreadcrumbList","@id":"https:\/\/blogit.gradia.fi\/mkpt2204-ratilainen\/#breadcrumb","itemListElement":[{"@type":"ListItem","position":1,"name":"Etusivu","item":"https:\/\/blogit.gradia.fi\/mkpt2204-ratilainen\/"},{"@type":"ListItem","position":2,"name":"Etusivu"}]},{"@type":"WebSite","@id":"https:\/\/blogit.gradia.fi\/mkpt2204-ratilainen\/#website","url":"https:\/\/blogit.gradia.fi\/mkpt2204-ratilainen\/","name":"Kultsi&amp;Noutaja Kultaistennoutajien erikoiskennel","description":"","potentialAction":[{"@type":"SearchAction","target":{"@type":"EntryPoint","urlTemplate":"https:\/\/blogit.gradia.fi\/mkpt2204-ratilainen\/?s={search_term_string}"},"query-input":{"@type":"PropertyValueSpecification","valueRequired":true,"valueName":"search_term_string"}}],"inLanguage":"fi"}]}},"uagb_featured_image_src":{"full":false,"thumbnail":false,"medium":false,"medium_large":false,"large":false,"1536x1536":false,"2048x2048":false},"uagb_author_info":{"display_name":"Leila Ratilainen","author_link":"https:\/\/blogit.gradia.fi\/mkpt2204-ratilainen\/author\/gr276315\/"},"uagb_comment_info":0,"uagb_excerpt":"Kultaistennoutajien erikoiskennel Kennelimme on kultaistennoutajien erikoiskennel. Palvelemme koiranomistajia Jyv\u00e4skyl\u00e4n seudulla ja pentujamme kasvaa t\u00e4ll\u00e4 hetkell\u00e4 ymp\u00e4ri Suomen Rovaniemelt\u00e4 Helsinkiin. Kennel perustettiin vuonna 2003 ja on kasvanut nopeasti kolmen koiran kenneliksi. Kennelin v\u00e4keen kuuluu 2 innokasta kasvattajaa ja kolme kaunista narttua. Valikoimastamme on t\u00e4ll\u00e4 hetkell\u00e4 tullut kolme kaunista pentuetta. Pentujamme kuvaillaan reippaiksi, hyv\u00e4 luonteisiksi ja iloisiksi.&hellip;","_links":{"self":[{"href":"https:\/\/blogit.gradia.fi\/mkpt2204-ratilainen\/wp-json\/wp\/v2\/pages\/5","targetHints":{"allow":["GET"]}}],"collection":[{"href":"https:\/\/blogit.gradia.fi\/mkpt2204-ratilainen\/wp-json\/wp\/v2\/pages"}],"about":[{"href":"https:\/\/blogit.gradia.fi\/mkpt2204-ratilainen\/wp-json\/wp\/v2\/types\/page"}],"author":[{"embeddable":true,"href":"https:\/\/blogit.gradia.fi\/mkpt2204-ratilainen\/wp-json\/wp\/v2\/users\/924"}],"replies":[{"embeddable":true,"href":"https:\/\/blogit.gradia.fi\/mkpt2204-ratilainen\/wp-json\/wp\/v2\/comments?post=5"}],"version-history":[{"count":21,"href":"https:\/\/blogit.gradia.fi\/mkpt2204-ratilainen\/wp-json\/wp\/v2\/pages\/5\/revisions"}],"predecessor-version":[{"id":154,"href":"https:\/\/blogit.gradia.fi\/mkpt2204-ratilainen\/wp-json\/wp\/v2\/pages\/5\/revisions\/154"}],"wp:attachment":[{"href":"https:\/\/blogit.gradia.fi\/mkpt2204-ratilainen\/wp-json\/wp\/v2\/media?parent=5"}],"curies":[{"name":"wp","href":"https:\/\/api.w.org\/{rel}","templated":true}]}}