{"id":28,"date":"2023-03-09T13:43:00","date_gmt":"2023-03-09T11:43:00","guid":{"rendered":"https:\/\/blogit.gradia.fi\/mkpt2204-ratilainen\/?page_id=28"},"modified":"2023-03-13T12:57:57","modified_gmt":"2023-03-13T10:57:57","slug":"pennut","status":"publish","type":"page","link":"https:\/\/blogit.gradia.fi\/mkpt2204-ratilainen\/pennut\/","title":{"rendered":"Koirat"},"content":{"rendered":"\n<div class=\"wp-block-uagb-container uagb-block-3b480987 alignfull uagb-is-root-container\"><div class=\"uagb-container-inner-blocks-wrap\">\n<div class=\"wp-block-uagb-container uagb-block-87cfdc50\">\n<figure class=\"wp-block-image size-large\"><img loading=\"lazy\" decoding=\"async\" width=\"1024\" height=\"635\" src=\"https:\/\/blogit.gradia.fi\/mkpt2204-ratilainen\/wp-content\/uploads\/sites\/383\/2023\/03\/Toto-1-1024x635.jpg\" alt=\"\" class=\"wp-image-121\" srcset=\"https:\/\/blogit.gradia.fi\/mkpt2204-ratilainen\/wp-content\/uploads\/sites\/383\/2023\/03\/Toto-1-1024x635.jpg 1024w, https:\/\/blogit.gradia.fi\/mkpt2204-ratilainen\/wp-content\/uploads\/sites\/383\/2023\/03\/Toto-1-300x186.jpg 300w, https:\/\/blogit.gradia.fi\/mkpt2204-ratilainen\/wp-content\/uploads\/sites\/383\/2023\/03\/Toto-1-768x476.jpg 768w, https:\/\/blogit.gradia.fi\/mkpt2204-ratilainen\/wp-content\/uploads\/sites\/383\/2023\/03\/Toto-1-1536x952.jpg 1536w, https:\/\/blogit.gradia.fi\/mkpt2204-ratilainen\/wp-content\/uploads\/sites\/383\/2023\/03\/Toto-1.jpg 1920w\" sizes=\"auto, (max-width: 1024px) 100vw, 1024px\" \/><\/figure>\n<\/div>\n\n\n\n<div class=\"wp-block-uagb-container uagb-block-9ad3d28b\">\n<p class=\"has-background\" style=\"background-color:#ffe86e\">1 Nimi: Toto Virallinen nimi: Tophias Darktooth Sukupuoli: Uros Oma koira: Kasvattaja: Kennel Cerbi Syntym\u00e4p\u00e4iv\u00e4: 12.5.2011 Terveys: Lonkat: A\/A Kyyn\u00e4rp\u00e4\u00e4t: 0\/0 Silm\u00e4t: ok Meriitit: 1 x reserve CC 1 x CC from Estonia<\/p>\n<\/div>\n\n\n\n<div class=\"wp-block-uagb-container uagb-block-be17ca80\">\n<p class=\"has-ast-global-color-2-color has-text-color has-background\" style=\"background-color:#ffe86e\">2 Nimi: Stella Virallinen nimi: Stella Palefur Sukupuoli: Naaras Oma koira: X Kasvattaja: Syntym\u00e4p\u00e4iv\u00e4: 24.8.2015 Terveys: Lonkat: A\/A Kyyn\u00e4rp\u00e4\u00e4t: 0\/0 Silm\u00e4t: clear, PRA-1 clear Meriitit: Puppy class 2nd with HP Open class 1st\/EXC, CQ -&gt; 2nd BEST BITCH -&gt; CAC<\/p>\n<\/div>\n\n\n\n<div class=\"wp-block-uagb-container uagb-block-9fbd5bd1\">\n<figure class=\"wp-block-image size-large\"><img loading=\"lazy\" decoding=\"async\" width=\"1024\" height=\"683\" src=\"https:\/\/blogit.gradia.fi\/mkpt2204-ratilainen\/wp-content\/uploads\/sites\/383\/2023\/03\/Stella-1-1024x683.jpg\" alt=\"\" class=\"wp-image-122\" srcset=\"https:\/\/blogit.gradia.fi\/mkpt2204-ratilainen\/wp-content\/uploads\/sites\/383\/2023\/03\/Stella-1-1024x683.jpg 1024w, https:\/\/blogit.gradia.fi\/mkpt2204-ratilainen\/wp-content\/uploads\/sites\/383\/2023\/03\/Stella-1-300x200.jpg 300w, https:\/\/blogit.gradia.fi\/mkpt2204-ratilainen\/wp-content\/uploads\/sites\/383\/2023\/03\/Stella-1-768x512.jpg 768w, https:\/\/blogit.gradia.fi\/mkpt2204-ratilainen\/wp-content\/uploads\/sites\/383\/2023\/03\/Stella-1-1536x1024.jpg 1536w, https:\/\/blogit.gradia.fi\/mkpt2204-ratilainen\/wp-content\/uploads\/sites\/383\/2023\/03\/Stella-1.jpg 1920w\" sizes=\"auto, (max-width: 1024px) 100vw, 1024px\" \/><\/figure>\n<\/div>\n<\/div><\/div>\n\n\n\n<div class=\"wp-block-uagb-container uagb-block-6095b5fd alignfull uagb-is-root-container\"><div class=\"uagb-container-inner-blocks-wrap\">\n<div class=\"wp-block-uagb-container uagb-block-29591e70\">\n<div class=\"wp-block-uagb-image uagb-block-b212dfc8 wp-block-uagb-image--layout-default wp-block-uagb-image--effect-static wp-block-uagb-image--align-none\"><figure class=\"wp-block-uagb-image__figure\"><img decoding=\"async\" src=\"https:\/\/blogit.gradia.fi\/mkpt2204-ratilainen\/wp-content\/uploads\/sites\/383\/2023\/03\/Tille-2-1024x683.jpg\" alt=\"\" class=\"uag-image-123\" width=\"\" height=\"\" title=\"\" loading=\"lazy\" \/><\/figure><\/div>\n<\/div>\n\n\n\n<div class=\"wp-block-uagb-container uagb-block-ca7a03e5\">\n<p class=\"has-background\" style=\"background-color:#ffe86e\">3 Nimi: Tille Virallinen nimi: Tiara Spiritrunner Sukupuoli: Naaras Oma koira: X Kasvattaja: Syntym\u00e4p\u00e4iv\u00e4: 11.3.2016 Terveys: Lonkat: A\/A Kyyn\u00e4rp\u00e4\u00e4t: 0\/0 Silm\u00e4t: clear Meriitit: Junior class 2nd with EXC<\/p>\n<\/div>\n\n\n\n<div class=\"wp-block-uagb-container uagb-block-32de24eb\">\n<p class=\"has-background\" style=\"background-color:#ffe86e\">4 Nimi: Musti Virallinen nimi: Murphy Von Reynard Sukupuoli: Uros Oma koira: Kasvattaja: Kennel Reynard Syntym\u00e4p\u00e4iv\u00e4: 5.1.2015 Terveys: Lonkat: A\/A Kyyn\u00e4rp\u00e4\u00e4t: 0\/0 Silm\u00e4t: ok Meriitit: Puppy class 5-7 months 2nd with HP Junior class 3rd with EXC<\/p>\n<\/div>\n\n\n\n<div class=\"wp-block-uagb-container uagb-block-eb952290\">\n<div class=\"wp-block-uagb-image uagb-block-1dba354b wp-block-uagb-image--layout-default wp-block-uagb-image--effect-static wp-block-uagb-image--align-none\"><figure class=\"wp-block-uagb-image__figure\"><img decoding=\"async\" src=\"https:\/\/blogit.gradia.fi\/mkpt2204-ratilainen\/wp-content\/uploads\/sites\/383\/2023\/03\/Musti-1-1024x746.jpg\" alt=\"\" class=\"uag-image-124\" width=\"\" height=\"\" title=\"\" loading=\"lazy\" \/><\/figure><\/div>\n<\/div>\n<\/div><\/div>\n\n\n\n<div class=\"wp-block-uagb-container uagb-block-606b89c7 alignfull uagb-is-root-container\"><div class=\"uagb-container-inner-blocks-wrap\">\n<div class=\"wp-block-uagb-container uagb-block-1ed71be2\">\n<div class=\"wp-block-uagb-image uagb-block-f201fee7 wp-block-uagb-image--layout-default wp-block-uagb-image--effect-static wp-block-uagb-image--align-none\"><figure class=\"wp-block-uagb-image__figure\"><img decoding=\"async\" src=\"https:\/\/blogit.gradia.fi\/mkpt2204-ratilainen\/wp-content\/uploads\/sites\/383\/2023\/03\/Minni-1-1024x683.jpg\" alt=\"\" class=\"uag-image-125\" width=\"\" height=\"\" title=\"\" loading=\"lazy\" \/><\/figure><\/div>\n<\/div>\n\n\n\n<div class=\"wp-block-uagb-container uagb-block-f749f463\">\n<p class=\"has-ast-global-color-2-color has-text-color has-background\" style=\"background-color:#ffe86e\">5 Nimi: Minni Virallinen nimi: Lady Minnie Cupcake Sukupuoli: Naaras Oma koira: X Kasvattaja: Syntym\u00e4p\u00e4iv\u00e4: 7.9.2014 Terveys: Lonkat: A\/A Kyyn\u00e4rp\u00e4\u00e4t: 0\/0 Silm\u00e4t: ok Meriitit:Puppy class 5-7 months 3rd with HP Puppy class 7-9 months 1st with HP -&gt;BOB PUPPY Junior class 1st EXC, CQ, 3rd BEST BITCH, rec CC<\/p>\n<\/div>\n<\/div><\/div>\n","protected":false},"excerpt":{"rendered":"<p>1 Nimi: Toto Virallinen nimi: Tophias Darktooth Sukupuoli: Uros Oma koira: Kasvattaja: Kennel Cerbi Syntym\u00e4p\u00e4iv\u00e4: 12.5.2011 Terveys: Lonkat: A\/A Kyyn\u00e4rp\u00e4\u00e4t: 0\/0 Silm\u00e4t: ok Meriitit: 1 x reserve CC 1 x CC from Estonia 2 Nimi: Stella Virallinen nimi: Stella Palefur Sukupuoli: Naaras Oma koira: X Kasvattaja: Syntym\u00e4p\u00e4iv\u00e4: 24.8.2015 Terveys: Lonkat: A\/A Kyyn\u00e4rp\u00e4\u00e4t: 0\/0 Silm\u00e4t: clear, [&hellip;]<\/p>\n","protected":false},"author":924,"featured_media":0,"parent":0,"menu_order":0,"comment_status":"closed","ping_status":"closed","template":"","meta":{"_uag_custom_page_level_css":"","site-sidebar-layout":"default","site-content-layout":"","ast-site-content-layout":"default","site-content-style":"default","site-sidebar-style":"default","ast-global-header-display":"","ast-banner-title-visibility":"","ast-main-header-display":"","ast-hfb-above-header-display":"","ast-hfb-below-header-display":"","ast-hfb-mobile-header-display":"","site-post-title":"","ast-breadcrumbs-content":"","ast-featured-img":"","footer-sml-layout":"","ast-disable-related-posts":"","theme-transparent-header-meta":"","adv-header-id-meta":"","stick-header-meta":"","header-above-stick-meta":"","header-main-stick-meta":"","header-below-stick-meta":"","astra-migrate-meta-layouts":"default","ast-page-background-enabled":"default","ast-page-background-meta":{"desktop":{"background-color":"var(--ast-global-color-4)","background-image":"","background-repeat":"repeat","background-position":"center center","background-size":"auto","background-attachment":"scroll","background-type":"","background-media":"","overlay-type":"","overlay-color":"","overlay-opacity":"","overlay-gradient":""},"tablet":{"background-color":"","background-image":"","background-repeat":"repeat","background-position":"center center","background-size":"auto","background-attachment":"scroll","background-type":"","background-media":"","overlay-type":"","overlay-color":"","overlay-opacity":"","overlay-gradient":""},"mobile":{"background-color":"","background-image":"","background-repeat":"repeat","background-position":"center center","background-size":"auto","background-attachment":"scroll","background-type":"","background-media":"","overlay-type":"","overlay-color":"","overlay-opacity":"","overlay-gradient":""}},"ast-content-background-meta":{"desktop":{"background-color":"var(--ast-global-color-5)","background-image":"","background-repeat":"repeat","background-position":"center center","background-size":"auto","background-attachment":"scroll","background-type":"","background-media":"","overlay-type":"","overlay-color":"","overlay-opacity":"","overlay-gradient":""},"tablet":{"background-color":"var(--ast-global-color-5)","background-image":"","background-repeat":"repeat","background-position":"center center","background-size":"auto","background-attachment":"scroll","background-type":"","background-media":"","overlay-type":"","overlay-color":"","overlay-opacity":"","overlay-gradient":""},"mobile":{"background-color":"var(--ast-global-color-5)","background-image":"","background-repeat":"repeat","background-position":"center center","background-size":"auto","background-attachment":"scroll","background-type":"","background-media":"","overlay-type":"","overlay-color":"","overlay-opacity":"","overlay-gradient":""}},"footnotes":""},"class_list":["post-28","page","type-page","status-publish","hentry"],"yoast_head":"<!-- This site is optimized with the Yoast SEO plugin v27.2 - https:\/\/yoast.com\/product\/yoast-seo-wordpress\/ -->\n<title>Koirat - Kultsi&amp;Noutaja Kultaistennoutajien erikoiskennel<\/title>\n<meta name=\"robots\" content=\"index, follow, max-snippet:-1, max-image-preview:large, max-video-preview:-1\" \/>\n<link rel=\"canonical\" href=\"https:\/\/blogit.gradia.fi\/mkpt2204-ratilainen\/pennut\/\" \/>\n<meta property=\"og:locale\" content=\"fi_FI\" \/>\n<meta property=\"og:type\" content=\"article\" \/>\n<meta property=\"og:title\" content=\"Koirat - Kultsi&amp;Noutaja Kultaistennoutajien erikoiskennel\" \/>\n<meta property=\"og:description\" content=\"1 Nimi: Toto Virallinen nimi: Tophias Darktooth Sukupuoli: Uros Oma koira: Kasvattaja: Kennel Cerbi Syntym\u00e4p\u00e4iv\u00e4: 12.5.2011 Terveys: Lonkat: A\/A Kyyn\u00e4rp\u00e4\u00e4t: 0\/0 Silm\u00e4t: ok Meriitit: 1 x reserve CC 1 x CC from Estonia 2 Nimi: Stella Virallinen nimi: Stella Palefur Sukupuoli: Naaras Oma koira: X Kasvattaja: Syntym\u00e4p\u00e4iv\u00e4: 24.8.2015 Terveys: Lonkat: A\/A Kyyn\u00e4rp\u00e4\u00e4t: 0\/0 Silm\u00e4t: clear, [&hellip;]\" \/>\n<meta property=\"og:url\" content=\"https:\/\/blogit.gradia.fi\/mkpt2204-ratilainen\/pennut\/\" \/>\n<meta property=\"og:site_name\" content=\"Kultsi&amp;Noutaja Kultaistennoutajien erikoiskennel\" \/>\n<meta property=\"article:modified_time\" content=\"2023-03-13T10:57:57+00:00\" \/>\n<meta property=\"og:image\" content=\"https:\/\/blogit.gradia.fi\/mkpt2204-ratilainen\/wp-content\/uploads\/sites\/383\/2023\/03\/Toto-1-1024x635.jpg\" \/>\n<meta name=\"twitter:card\" content=\"summary_large_image\" \/>\n<meta name=\"twitter:label1\" content=\"Arvioitu lukuaika\" \/>\n\t<meta name=\"twitter:data1\" content=\"3 minuuttia\" \/>\n<script type=\"application\/ld+json\" class=\"yoast-schema-graph\">{\"@context\":\"https:\/\/schema.org\",\"@graph\":[{\"@type\":\"WebPage\",\"@id\":\"https:\/\/blogit.gradia.fi\/mkpt2204-ratilainen\/pennut\/\",\"url\":\"https:\/\/blogit.gradia.fi\/mkpt2204-ratilainen\/pennut\/\",\"name\":\"Koirat - Kultsi&amp;Noutaja Kultaistennoutajien erikoiskennel\",\"isPartOf\":{\"@id\":\"https:\/\/blogit.gradia.fi\/mkpt2204-ratilainen\/#website\"},\"primaryImageOfPage\":{\"@id\":\"https:\/\/blogit.gradia.fi\/mkpt2204-ratilainen\/pennut\/#primaryimage\"},\"image\":{\"@id\":\"https:\/\/blogit.gradia.fi\/mkpt2204-ratilainen\/pennut\/#primaryimage\"},\"thumbnailUrl\":\"https:\/\/blogit.gradia.fi\/mkpt2204-ratilainen\/wp-content\/uploads\/sites\/383\/2023\/03\/Toto-1-1024x635.jpg\",\"datePublished\":\"2023-03-09T11:43:00+00:00\",\"dateModified\":\"2023-03-13T10:57:57+00:00\",\"breadcrumb\":{\"@id\":\"https:\/\/blogit.gradia.fi\/mkpt2204-ratilainen\/pennut\/#breadcrumb\"},\"inLanguage\":\"fi\",\"potentialAction\":[{\"@type\":\"ReadAction\",\"target\":[\"https:\/\/blogit.gradia.fi\/mkpt2204-ratilainen\/pennut\/\"]}]},{\"@type\":\"ImageObject\",\"inLanguage\":\"fi\",\"@id\":\"https:\/\/blogit.gradia.fi\/mkpt2204-ratilainen\/pennut\/#primaryimage\",\"url\":\"https:\/\/blogit.gradia.fi\/mkpt2204-ratilainen\/wp-content\/uploads\/sites\/383\/2023\/03\/Toto-1.jpg\",\"contentUrl\":\"https:\/\/blogit.gradia.fi\/mkpt2204-ratilainen\/wp-content\/uploads\/sites\/383\/2023\/03\/Toto-1.jpg\",\"width\":1920,\"height\":1190},{\"@type\":\"BreadcrumbList\",\"@id\":\"https:\/\/blogit.gradia.fi\/mkpt2204-ratilainen\/pennut\/#breadcrumb\",\"itemListElement\":[{\"@type\":\"ListItem\",\"position\":1,\"name\":\"Etusivu\",\"item\":\"https:\/\/blogit.gradia.fi\/mkpt2204-ratilainen\/\"},{\"@type\":\"ListItem\",\"position\":2,\"name\":\"Koirat\"}]},{\"@type\":\"WebSite\",\"@id\":\"https:\/\/blogit.gradia.fi\/mkpt2204-ratilainen\/#website\",\"url\":\"https:\/\/blogit.gradia.fi\/mkpt2204-ratilainen\/\",\"name\":\"Kultsi&amp;Noutaja Kultaistennoutajien erikoiskennel\",\"description\":\"\",\"potentialAction\":[{\"@type\":\"SearchAction\",\"target\":{\"@type\":\"EntryPoint\",\"urlTemplate\":\"https:\/\/blogit.gradia.fi\/mkpt2204-ratilainen\/?s={search_term_string}\"},\"query-input\":{\"@type\":\"PropertyValueSpecification\",\"valueRequired\":true,\"valueName\":\"search_term_string\"}}],\"inLanguage\":\"fi\"}]}<\/script>\n<!-- \/ Yoast SEO plugin. -->","yoast_head_json":{"title":"Koirat - Kultsi&amp;Noutaja Kultaistennoutajien erikoiskennel","robots":{"index":"index","follow":"follow","max-snippet":"max-snippet:-1","max-image-preview":"max-image-preview:large","max-video-preview":"max-video-preview:-1"},"canonical":"https:\/\/blogit.gradia.fi\/mkpt2204-ratilainen\/pennut\/","og_locale":"fi_FI","og_type":"article","og_title":"Koirat - Kultsi&amp;Noutaja Kultaistennoutajien erikoiskennel","og_description":"1 Nimi: Toto Virallinen nimi: Tophias Darktooth Sukupuoli: Uros Oma koira: Kasvattaja: Kennel Cerbi Syntym\u00e4p\u00e4iv\u00e4: 12.5.2011 Terveys: Lonkat: A\/A Kyyn\u00e4rp\u00e4\u00e4t: 0\/0 Silm\u00e4t: ok Meriitit: 1 x reserve CC 1 x CC from Estonia 2 Nimi: Stella Virallinen nimi: Stella Palefur Sukupuoli: Naaras Oma koira: X Kasvattaja: Syntym\u00e4p\u00e4iv\u00e4: 24.8.2015 Terveys: Lonkat: A\/A Kyyn\u00e4rp\u00e4\u00e4t: 0\/0 Silm\u00e4t: clear, [&hellip;]","og_url":"https:\/\/blogit.gradia.fi\/mkpt2204-ratilainen\/pennut\/","og_site_name":"Kultsi&amp;Noutaja Kultaistennoutajien erikoiskennel","article_modified_time":"2023-03-13T10:57:57+00:00","og_image":[{"url":"https:\/\/blogit.gradia.fi\/mkpt2204-ratilainen\/wp-content\/uploads\/sites\/383\/2023\/03\/Toto-1-1024x635.jpg","type":"","width":"","height":""}],"twitter_card":"summary_large_image","twitter_misc":{"Arvioitu lukuaika":"3 minuuttia"},"schema":{"@context":"https:\/\/schema.org","@graph":[{"@type":"WebPage","@id":"https:\/\/blogit.gradia.fi\/mkpt2204-ratilainen\/pennut\/","url":"https:\/\/blogit.gradia.fi\/mkpt2204-ratilainen\/pennut\/","name":"Koirat - Kultsi&amp;Noutaja Kultaistennoutajien erikoiskennel","isPartOf":{"@id":"https:\/\/blogit.gradia.fi\/mkpt2204-ratilainen\/#website"},"primaryImageOfPage":{"@id":"https:\/\/blogit.gradia.fi\/mkpt2204-ratilainen\/pennut\/#primaryimage"},"image":{"@id":"https:\/\/blogit.gradia.fi\/mkpt2204-ratilainen\/pennut\/#primaryimage"},"thumbnailUrl":"https:\/\/blogit.gradia.fi\/mkpt2204-ratilainen\/wp-content\/uploads\/sites\/383\/2023\/03\/Toto-1-1024x635.jpg","datePublished":"2023-03-09T11:43:00+00:00","dateModified":"2023-03-13T10:57:57+00:00","breadcrumb":{"@id":"https:\/\/blogit.gradia.fi\/mkpt2204-ratilainen\/pennut\/#breadcrumb"},"inLanguage":"fi","potentialAction":[{"@type":"ReadAction","target":["https:\/\/blogit.gradia.fi\/mkpt2204-ratilainen\/pennut\/"]}]},{"@type":"ImageObject","inLanguage":"fi","@id":"https:\/\/blogit.gradia.fi\/mkpt2204-ratilainen\/pennut\/#primaryimage","url":"https:\/\/blogit.gradia.fi\/mkpt2204-ratilainen\/wp-content\/uploads\/sites\/383\/2023\/03\/Toto-1.jpg","contentUrl":"https:\/\/blogit.gradia.fi\/mkpt2204-ratilainen\/wp-content\/uploads\/sites\/383\/2023\/03\/Toto-1.jpg","width":1920,"height":1190},{"@type":"BreadcrumbList","@id":"https:\/\/blogit.gradia.fi\/mkpt2204-ratilainen\/pennut\/#breadcrumb","itemListElement":[{"@type":"ListItem","position":1,"name":"Etusivu","item":"https:\/\/blogit.gradia.fi\/mkpt2204-ratilainen\/"},{"@type":"ListItem","position":2,"name":"Koirat"}]},{"@type":"WebSite","@id":"https:\/\/blogit.gradia.fi\/mkpt2204-ratilainen\/#website","url":"https:\/\/blogit.gradia.fi\/mkpt2204-ratilainen\/","name":"Kultsi&amp;Noutaja Kultaistennoutajien erikoiskennel","description":"","potentialAction":[{"@type":"SearchAction","target":{"@type":"EntryPoint","urlTemplate":"https:\/\/blogit.gradia.fi\/mkpt2204-ratilainen\/?s={search_term_string}"},"query-input":{"@type":"PropertyValueSpecification","valueRequired":true,"valueName":"search_term_string"}}],"inLanguage":"fi"}]}},"uagb_featured_image_src":{"full":false,"thumbnail":false,"medium":false,"medium_large":false,"large":false,"1536x1536":false,"2048x2048":false},"uagb_author_info":{"display_name":"Leila Ratilainen","author_link":"https:\/\/blogit.gradia.fi\/mkpt2204-ratilainen\/author\/gr276315\/"},"uagb_comment_info":0,"uagb_excerpt":"1 Nimi: Toto Virallinen nimi: Tophias Darktooth Sukupuoli: Uros Oma koira: Kasvattaja: Kennel Cerbi Syntym\u00e4p\u00e4iv\u00e4: 12.5.2011 Terveys: Lonkat: A\/A Kyyn\u00e4rp\u00e4\u00e4t: 0\/0 Silm\u00e4t: ok Meriitit: 1 x reserve CC 1 x CC from Estonia 2 Nimi: Stella Virallinen nimi: Stella Palefur Sukupuoli: Naaras Oma koira: X Kasvattaja: Syntym\u00e4p\u00e4iv\u00e4: 24.8.2015 Terveys: Lonkat: A\/A Kyyn\u00e4rp\u00e4\u00e4t: 0\/0 Silm\u00e4t: clear,&hellip;","_links":{"self":[{"href":"https:\/\/blogit.gradia.fi\/mkpt2204-ratilainen\/wp-json\/wp\/v2\/pages\/28","targetHints":{"allow":["GET"]}}],"collection":[{"href":"https:\/\/blogit.gradia.fi\/mkpt2204-ratilainen\/wp-json\/wp\/v2\/pages"}],"about":[{"href":"https:\/\/blogit.gradia.fi\/mkpt2204-ratilainen\/wp-json\/wp\/v2\/types\/page"}],"author":[{"embeddable":true,"href":"https:\/\/blogit.gradia.fi\/mkpt2204-ratilainen\/wp-json\/wp\/v2\/users\/924"}],"replies":[{"embeddable":true,"href":"https:\/\/blogit.gradia.fi\/mkpt2204-ratilainen\/wp-json\/wp\/v2\/comments?post=28"}],"version-history":[{"count":7,"href":"https:\/\/blogit.gradia.fi\/mkpt2204-ratilainen\/wp-json\/wp\/v2\/pages\/28\/revisions"}],"predecessor-version":[{"id":152,"href":"https:\/\/blogit.gradia.fi\/mkpt2204-ratilainen\/wp-json\/wp\/v2\/pages\/28\/revisions\/152"}],"wp:attachment":[{"href":"https:\/\/blogit.gradia.fi\/mkpt2204-ratilainen\/wp-json\/wp\/v2\/media?parent=28"}],"curies":[{"name":"wp","href":"https:\/\/api.w.org\/{rel}","templated":true}]}}