{"id":264,"date":"2023-03-06T12:05:01","date_gmt":"2023-03-06T10:05:01","guid":{"rendered":"https:\/\/blogit.gradia.fi\/mkpt2204-kannisto\/?page_id=264"},"modified":"2023-03-09T09:27:51","modified_gmt":"2023-03-09T07:27:51","slug":"tietoa","status":"publish","type":"page","link":"https:\/\/blogit.gradia.fi\/mkpt2204-kannisto\/tietoa\/","title":{"rendered":"Tietoa"},"content":{"rendered":"\n<div style=\"height:30px\" aria-hidden=\"true\" class=\"wp-block-spacer\"><\/div>\n\n\n\n<div class=\"wp-block-uagb-container uagb-block-14dfbf2f alignfull uagb-is-root-container\"><div class=\"uagb-container-inner-blocks-wrap\">\n<div class=\"wp-block-uagb-advanced-heading uagb-block-e12b3962\"><h1 class=\"uagb-heading-text\">Tietoa<\/h1><\/div>\n<\/div><\/div>\n\n\n\n<div style=\"height:34px\" aria-hidden=\"true\" class=\"wp-block-spacer\"><\/div>\n\n\n\n<div class=\"wp-block-uagb-container uagb-block-0d587ab5 alignfull uagb-is-root-container\"><div class=\"uagb-container-inner-blocks-wrap\">\n<div class=\"wp-block-uagb-container uagb-block-33357186\">\n<div class=\"wp-block-uagb-advanced-heading uagb-block-30f7b51d\"><h2 class=\"uagb-heading-text\"><strong>Pienimuotoisesti kotioloissa<\/strong><\/h2><\/div>\n\n\n\n<p>Tavoitteenamme on kasvattaa terveit\u00e4 ja tasapainoisia noutajia perheenj\u00e4seniksi sek\u00e4 monipuolisiksi harrastuskavereiksi. Kasvatusty\u00f6 on alkumetreill\u00e4 ja harkitsen tarkkaan jokaisen astutetun yhdistelm\u00e4n. Tavoitteena on kasvattaa terveit\u00e4 ja rotum\u00e4\u00e4ritelm\u00e4n mukaisia kultaisianoutajia, joiden kanssa voi harrastaa monipuolisesti. Meill\u00e4 pennut kasvavat kotona muiden koirien ja perheemme keskell\u00e4.<\/p>\n<\/div>\n\n\n\n<div class=\"wp-block-uagb-container uagb-block-cb33c592\">\n<div class=\"wp-block-uagb-advanced-heading uagb-block-28ec394d\"><h2 class=\"uagb-heading-text\"><strong>Miksi kultainennoutaja?<\/strong><\/h2><\/div>\n\n\n\n<p>Kultainennoutaja on sek\u00e4 Suomessa ett\u00e4 maailmanlaajuisesti eritt\u00e4in suosittu rotu. Suomessa se on nelj\u00e4nneksi suosituin rotu. Kultainennoutaja on \u00e4lyk\u00e4s, keskikokoinen, miellytt\u00e4misenhaluinen sek\u00e4 toiminnanhaluinen koira. Kultaisennoutajan ominaisuudet tekev\u00e4t siit\u00e4 hyv\u00e4n harrastuskoiran. Alun perin se on jalostettu mets\u00e4styskoiraksi (ammutun pienriistan noutajai). Kultainennoutaja ei ole pelkk\u00e4 seurakoira, vaan se kaipaa my\u00f6s liikuntaa ja ohjattua toimintaa.<\/p>\n<\/div>\n<\/div><\/div>\n\n\n\n<div style=\"height:49px\" aria-hidden=\"true\" class=\"wp-block-spacer\"><\/div>\n\n\n\n<div class=\"wp-block-uagb-container uagb-block-5e929fa3 alignfull uagb-is-root-container\"><div class=\"uagb-container-inner-blocks-wrap\">\n<div class=\"wp-block-uagb-container uagb-block-05d2c81f\">\n<div class=\"wp-block-uagb-image uagb-block-f93985b2 wp-block-uagb-image--layout-default wp-block-uagb-image--effect-static wp-block-uagb-image--align-none\"><figure class=\"wp-block-uagb-image__figure\"><img decoding=\"async\" src=\"https:\/\/blogit.gradia.fi\/mkpt2204-kannisto\/wp-content\/uploads\/sites\/376\/2023\/03\/golden-retriever-642015_1920-768x1024.jpg\" alt=\"\" class=\"uag-image-339\" width=\"\" height=\"\" title=\"\" loading=\"lazy\" \/><\/figure><\/div>\n<\/div>\n\n\n\n<div class=\"wp-block-uagb-container uagb-block-eb463d58\">\n<div class=\"wp-block-uagb-advanced-heading uagb-block-3cbaed32\"><h2 class=\"uagb-heading-text\">Arvot<\/h2><\/div>\n\n\n\n<p>L\u00e4ht\u00f6kohtanamme on pentukeskeinen n\u00e4kemys. N\u00e4emme jokaisen pennun yksil\u00f6n\u00e4, joka on aktiivinen toimija sek\u00e4 yksin, ett\u00e4 ryhm\u00e4ss\u00e4.&nbsp;<\/p>\n\n\n\n<div class=\"wp-block-uagb-advanced-heading uagb-block-59c7727e\"><h2 class=\"uagb-heading-text\"><strong>Missio<\/strong><\/h2><\/div>\n\n\n\n<ul class=\"wp-block-list\">\n<li>Kohdata haasteet rohkeasti<\/li>\n\n\n\n<li>Tehd\u00e4 pentuja, joista voi olla ylpe\u00e4<\/li>\n\n\n\n<li>Jakaa tietoa ja kokemuksia koiran kasvatuksesta<\/li>\n<\/ul>\n\n\n\n<div class=\"wp-block-uagb-advanced-heading uagb-block-0f14b5f7\"><h2 class=\"uagb-heading-text\"><strong>Visio<\/strong><\/h2><\/div>\n\n\n\n<p>Haluamme olla edell\u00e4k\u00e4vij\u00e4 Suomen ensimm\u00e4isen\u00e4 kennelin\u00e4, jonka pentujen varhaiskasvatus perustuu pentu-behavioristiseen kasvatusteoriaan.<\/p>\n<\/div>\n<\/div><\/div>\n","protected":false},"excerpt":{"rendered":"<p>Tietoa Pienimuotoisesti kotioloissa Tavoitteenamme on kasvattaa terveit\u00e4 ja tasapainoisia noutajia perheenj\u00e4seniksi sek\u00e4 monipuolisiksi harrastuskavereiksi. Kasvatusty\u00f6 on alkumetreill\u00e4 ja harkitsen tarkkaan jokaisen astutetun yhdistelm\u00e4n. Tavoitteena on kasvattaa terveit\u00e4 ja rotum\u00e4\u00e4ritelm\u00e4n mukaisia kultaisianoutajia, joiden kanssa voi harrastaa monipuolisesti. Meill\u00e4 pennut kasvavat kotona muiden koirien ja perheemme keskell\u00e4. Miksi kultainennoutaja? Kultainennoutaja on sek\u00e4 Suomessa ett\u00e4 maailmanlaajuisesti eritt\u00e4in suosittu [&hellip;]<\/p>\n","protected":false},"author":917,"featured_media":0,"parent":0,"menu_order":0,"comment_status":"closed","ping_status":"closed","template":"","meta":{"_uag_custom_page_level_css":"","site-sidebar-layout":"default","site-content-layout":"","ast-site-content-layout":"default","site-content-style":"default","site-sidebar-style":"default","ast-global-header-display":"","ast-banner-title-visibility":"","ast-main-header-display":"","ast-hfb-above-header-display":"","ast-hfb-below-header-display":"","ast-hfb-mobile-header-display":"","site-post-title":"disabled","ast-breadcrumbs-content":"","ast-featured-img":"","footer-sml-layout":"","ast-disable-related-posts":"","theme-transparent-header-meta":"","adv-header-id-meta":"","stick-header-meta":"","header-above-stick-meta":"","header-main-stick-meta":"","header-below-stick-meta":"","astra-migrate-meta-layouts":"default","ast-page-background-enabled":"default","ast-page-background-meta":{"desktop":{"background-color":"var(--ast-global-color-4)","background-image":"","background-repeat":"repeat","background-position":"center center","background-size":"auto","background-attachment":"scroll","background-type":"","background-media":"","overlay-type":"","overlay-color":"","overlay-opacity":"","overlay-gradient":""},"tablet":{"background-color":"","background-image":"","background-repeat":"repeat","background-position":"center center","background-size":"auto","background-attachment":"scroll","background-type":"","background-media":"","overlay-type":"","overlay-color":"","overlay-opacity":"","overlay-gradient":""},"mobile":{"background-color":"","background-image":"","background-repeat":"repeat","background-position":"center center","background-size":"auto","background-attachment":"scroll","background-type":"","background-media":"","overlay-type":"","overlay-color":"","overlay-opacity":"","overlay-gradient":""}},"ast-content-background-meta":{"desktop":{"background-color":"var(--ast-global-color-5)","background-image":"","background-repeat":"repeat","background-position":"center center","background-size":"auto","background-attachment":"scroll","background-type":"","background-media":"","overlay-type":"","overlay-color":"","overlay-opacity":"","overlay-gradient":""},"tablet":{"background-color":"var(--ast-global-color-5)","background-image":"","background-repeat":"repeat","background-position":"center center","background-size":"auto","background-attachment":"scroll","background-type":"","background-media":"","overlay-type":"","overlay-color":"","overlay-opacity":"","overlay-gradient":""},"mobile":{"background-color":"var(--ast-global-color-5)","background-image":"","background-repeat":"repeat","background-position":"center center","background-size":"auto","background-attachment":"scroll","background-type":"","background-media":"","overlay-type":"","overlay-color":"","overlay-opacity":"","overlay-gradient":""}},"footnotes":""},"class_list":["post-264","page","type-page","status-publish","hentry"],"yoast_head":"<!-- This site is optimized with the Yoast SEO plugin v27.2 - https:\/\/yoast.com\/product\/yoast-seo-wordpress\/ -->\n<title>Tietoa - Kultsi &amp; Noutaja<\/title>\n<meta name=\"robots\" content=\"index, follow, max-snippet:-1, max-image-preview:large, max-video-preview:-1\" \/>\n<link rel=\"canonical\" href=\"https:\/\/blogit.gradia.fi\/mkpt2204-kannisto\/tietoa\/\" \/>\n<meta property=\"og:locale\" content=\"fi_FI\" \/>\n<meta property=\"og:type\" content=\"article\" \/>\n<meta property=\"og:title\" content=\"Tietoa - Kultsi &amp; Noutaja\" \/>\n<meta property=\"og:description\" content=\"Tietoa Pienimuotoisesti kotioloissa Tavoitteenamme on kasvattaa terveit\u00e4 ja tasapainoisia noutajia perheenj\u00e4seniksi sek\u00e4 monipuolisiksi harrastuskavereiksi. Kasvatusty\u00f6 on alkumetreill\u00e4 ja harkitsen tarkkaan jokaisen astutetun yhdistelm\u00e4n. Tavoitteena on kasvattaa terveit\u00e4 ja rotum\u00e4\u00e4ritelm\u00e4n mukaisia kultaisianoutajia, joiden kanssa voi harrastaa monipuolisesti. Meill\u00e4 pennut kasvavat kotona muiden koirien ja perheemme keskell\u00e4. Miksi kultainennoutaja? Kultainennoutaja on sek\u00e4 Suomessa ett\u00e4 maailmanlaajuisesti eritt\u00e4in suosittu [&hellip;]\" \/>\n<meta property=\"og:url\" content=\"https:\/\/blogit.gradia.fi\/mkpt2204-kannisto\/tietoa\/\" \/>\n<meta property=\"og:site_name\" content=\"Kultsi &amp; Noutaja\" \/>\n<meta property=\"article:modified_time\" content=\"2023-03-09T07:27:51+00:00\" \/>\n<meta property=\"og:image\" content=\"https:\/\/blogit.gradia.fi\/mkpt2204-kannisto\/wp-content\/uploads\/sites\/376\/2023\/03\/golden-retriever-642015_1920-768x1024.jpg\" \/>\n<meta name=\"twitter:card\" content=\"summary_large_image\" \/>\n<meta name=\"twitter:label1\" content=\"Arvioitu lukuaika\" \/>\n\t<meta name=\"twitter:data1\" content=\"2 minuuttia\" \/>\n<script type=\"application\/ld+json\" class=\"yoast-schema-graph\">{\"@context\":\"https:\/\/schema.org\",\"@graph\":[{\"@type\":\"WebPage\",\"@id\":\"https:\/\/blogit.gradia.fi\/mkpt2204-kannisto\/tietoa\/\",\"url\":\"https:\/\/blogit.gradia.fi\/mkpt2204-kannisto\/tietoa\/\",\"name\":\"Tietoa - Kultsi &amp; Noutaja\",\"isPartOf\":{\"@id\":\"https:\/\/blogit.gradia.fi\/mkpt2204-kannisto\/#website\"},\"primaryImageOfPage\":{\"@id\":\"https:\/\/blogit.gradia.fi\/mkpt2204-kannisto\/tietoa\/#primaryimage\"},\"image\":{\"@id\":\"https:\/\/blogit.gradia.fi\/mkpt2204-kannisto\/tietoa\/#primaryimage\"},\"thumbnailUrl\":\"https:\/\/blogit.gradia.fi\/mkpt2204-kannisto\/wp-content\/uploads\/sites\/376\/2023\/03\/golden-retriever-642015_1920-768x1024.jpg\",\"datePublished\":\"2023-03-06T10:05:01+00:00\",\"dateModified\":\"2023-03-09T07:27:51+00:00\",\"breadcrumb\":{\"@id\":\"https:\/\/blogit.gradia.fi\/mkpt2204-kannisto\/tietoa\/#breadcrumb\"},\"inLanguage\":\"fi\",\"potentialAction\":[{\"@type\":\"ReadAction\",\"target\":[\"https:\/\/blogit.gradia.fi\/mkpt2204-kannisto\/tietoa\/\"]}]},{\"@type\":\"ImageObject\",\"inLanguage\":\"fi\",\"@id\":\"https:\/\/blogit.gradia.fi\/mkpt2204-kannisto\/tietoa\/#primaryimage\",\"url\":\"https:\/\/blogit.gradia.fi\/mkpt2204-kannisto\/wp-content\/uploads\/sites\/376\/2023\/03\/golden-retriever-642015_1920.jpg\",\"contentUrl\":\"https:\/\/blogit.gradia.fi\/mkpt2204-kannisto\/wp-content\/uploads\/sites\/376\/2023\/03\/golden-retriever-642015_1920.jpg\",\"width\":1440,\"height\":1920},{\"@type\":\"BreadcrumbList\",\"@id\":\"https:\/\/blogit.gradia.fi\/mkpt2204-kannisto\/tietoa\/#breadcrumb\",\"itemListElement\":[{\"@type\":\"ListItem\",\"position\":1,\"name\":\"Etusivu\",\"item\":\"https:\/\/blogit.gradia.fi\/mkpt2204-kannisto\/\"},{\"@type\":\"ListItem\",\"position\":2,\"name\":\"Tietoa\"}]},{\"@type\":\"WebSite\",\"@id\":\"https:\/\/blogit.gradia.fi\/mkpt2204-kannisto\/#website\",\"url\":\"https:\/\/blogit.gradia.fi\/mkpt2204-kannisto\/\",\"name\":\"Kultsi &amp; Noutaja\",\"description\":\"Lemmikkien Hoitola Jyv\u00e4skyl\u00e4ss\u00e4\",\"publisher\":{\"@id\":\"https:\/\/blogit.gradia.fi\/mkpt2204-kannisto\/#organization\"},\"potentialAction\":[{\"@type\":\"SearchAction\",\"target\":{\"@type\":\"EntryPoint\",\"urlTemplate\":\"https:\/\/blogit.gradia.fi\/mkpt2204-kannisto\/?s={search_term_string}\"},\"query-input\":{\"@type\":\"PropertyValueSpecification\",\"valueRequired\":true,\"valueName\":\"search_term_string\"}}],\"inLanguage\":\"fi\"},{\"@type\":\"Organization\",\"@id\":\"https:\/\/blogit.gradia.fi\/mkpt2204-kannisto\/#organization\",\"name\":\"Kultsi &amp; Noutaja\",\"url\":\"https:\/\/blogit.gradia.fi\/mkpt2204-kannisto\/\",\"logo\":{\"@type\":\"ImageObject\",\"inLanguage\":\"fi\",\"@id\":\"https:\/\/blogit.gradia.fi\/mkpt2204-kannisto\/#\/schema\/logo\/image\/\",\"url\":\"https:\/\/blogit.gradia.fi\/mkpt2204-kannisto\/wp-content\/uploads\/sites\/376\/2023\/03\/Logo-2.png\",\"contentUrl\":\"https:\/\/blogit.gradia.fi\/mkpt2204-kannisto\/wp-content\/uploads\/sites\/376\/2023\/03\/Logo-2.png\",\"width\":837,\"height\":637,\"caption\":\"Kultsi &amp; Noutaja\"},\"image\":{\"@id\":\"https:\/\/blogit.gradia.fi\/mkpt2204-kannisto\/#\/schema\/logo\/image\/\"}}]}<\/script>\n<!-- \/ Yoast SEO plugin. -->","yoast_head_json":{"title":"Tietoa - Kultsi &amp; Noutaja","robots":{"index":"index","follow":"follow","max-snippet":"max-snippet:-1","max-image-preview":"max-image-preview:large","max-video-preview":"max-video-preview:-1"},"canonical":"https:\/\/blogit.gradia.fi\/mkpt2204-kannisto\/tietoa\/","og_locale":"fi_FI","og_type":"article","og_title":"Tietoa - Kultsi &amp; Noutaja","og_description":"Tietoa Pienimuotoisesti kotioloissa Tavoitteenamme on kasvattaa terveit\u00e4 ja tasapainoisia noutajia perheenj\u00e4seniksi sek\u00e4 monipuolisiksi harrastuskavereiksi. Kasvatusty\u00f6 on alkumetreill\u00e4 ja harkitsen tarkkaan jokaisen astutetun yhdistelm\u00e4n. Tavoitteena on kasvattaa terveit\u00e4 ja rotum\u00e4\u00e4ritelm\u00e4n mukaisia kultaisianoutajia, joiden kanssa voi harrastaa monipuolisesti. Meill\u00e4 pennut kasvavat kotona muiden koirien ja perheemme keskell\u00e4. Miksi kultainennoutaja? Kultainennoutaja on sek\u00e4 Suomessa ett\u00e4 maailmanlaajuisesti eritt\u00e4in suosittu [&hellip;]","og_url":"https:\/\/blogit.gradia.fi\/mkpt2204-kannisto\/tietoa\/","og_site_name":"Kultsi &amp; Noutaja","article_modified_time":"2023-03-09T07:27:51+00:00","og_image":[{"url":"https:\/\/blogit.gradia.fi\/mkpt2204-kannisto\/wp-content\/uploads\/sites\/376\/2023\/03\/golden-retriever-642015_1920-768x1024.jpg","type":"","width":"","height":""}],"twitter_card":"summary_large_image","twitter_misc":{"Arvioitu lukuaika":"2 minuuttia"},"schema":{"@context":"https:\/\/schema.org","@graph":[{"@type":"WebPage","@id":"https:\/\/blogit.gradia.fi\/mkpt2204-kannisto\/tietoa\/","url":"https:\/\/blogit.gradia.fi\/mkpt2204-kannisto\/tietoa\/","name":"Tietoa - Kultsi &amp; Noutaja","isPartOf":{"@id":"https:\/\/blogit.gradia.fi\/mkpt2204-kannisto\/#website"},"primaryImageOfPage":{"@id":"https:\/\/blogit.gradia.fi\/mkpt2204-kannisto\/tietoa\/#primaryimage"},"image":{"@id":"https:\/\/blogit.gradia.fi\/mkpt2204-kannisto\/tietoa\/#primaryimage"},"thumbnailUrl":"https:\/\/blogit.gradia.fi\/mkpt2204-kannisto\/wp-content\/uploads\/sites\/376\/2023\/03\/golden-retriever-642015_1920-768x1024.jpg","datePublished":"2023-03-06T10:05:01+00:00","dateModified":"2023-03-09T07:27:51+00:00","breadcrumb":{"@id":"https:\/\/blogit.gradia.fi\/mkpt2204-kannisto\/tietoa\/#breadcrumb"},"inLanguage":"fi","potentialAction":[{"@type":"ReadAction","target":["https:\/\/blogit.gradia.fi\/mkpt2204-kannisto\/tietoa\/"]}]},{"@type":"ImageObject","inLanguage":"fi","@id":"https:\/\/blogit.gradia.fi\/mkpt2204-kannisto\/tietoa\/#primaryimage","url":"https:\/\/blogit.gradia.fi\/mkpt2204-kannisto\/wp-content\/uploads\/sites\/376\/2023\/03\/golden-retriever-642015_1920.jpg","contentUrl":"https:\/\/blogit.gradia.fi\/mkpt2204-kannisto\/wp-content\/uploads\/sites\/376\/2023\/03\/golden-retriever-642015_1920.jpg","width":1440,"height":1920},{"@type":"BreadcrumbList","@id":"https:\/\/blogit.gradia.fi\/mkpt2204-kannisto\/tietoa\/#breadcrumb","itemListElement":[{"@type":"ListItem","position":1,"name":"Etusivu","item":"https:\/\/blogit.gradia.fi\/mkpt2204-kannisto\/"},{"@type":"ListItem","position":2,"name":"Tietoa"}]},{"@type":"WebSite","@id":"https:\/\/blogit.gradia.fi\/mkpt2204-kannisto\/#website","url":"https:\/\/blogit.gradia.fi\/mkpt2204-kannisto\/","name":"Kultsi &amp; Noutaja","description":"Lemmikkien Hoitola Jyv\u00e4skyl\u00e4ss\u00e4","publisher":{"@id":"https:\/\/blogit.gradia.fi\/mkpt2204-kannisto\/#organization"},"potentialAction":[{"@type":"SearchAction","target":{"@type":"EntryPoint","urlTemplate":"https:\/\/blogit.gradia.fi\/mkpt2204-kannisto\/?s={search_term_string}"},"query-input":{"@type":"PropertyValueSpecification","valueRequired":true,"valueName":"search_term_string"}}],"inLanguage":"fi"},{"@type":"Organization","@id":"https:\/\/blogit.gradia.fi\/mkpt2204-kannisto\/#organization","name":"Kultsi &amp; Noutaja","url":"https:\/\/blogit.gradia.fi\/mkpt2204-kannisto\/","logo":{"@type":"ImageObject","inLanguage":"fi","@id":"https:\/\/blogit.gradia.fi\/mkpt2204-kannisto\/#\/schema\/logo\/image\/","url":"https:\/\/blogit.gradia.fi\/mkpt2204-kannisto\/wp-content\/uploads\/sites\/376\/2023\/03\/Logo-2.png","contentUrl":"https:\/\/blogit.gradia.fi\/mkpt2204-kannisto\/wp-content\/uploads\/sites\/376\/2023\/03\/Logo-2.png","width":837,"height":637,"caption":"Kultsi &amp; Noutaja"},"image":{"@id":"https:\/\/blogit.gradia.fi\/mkpt2204-kannisto\/#\/schema\/logo\/image\/"}}]}},"uagb_featured_image_src":{"full":false,"thumbnail":false,"medium":false,"medium_large":false,"large":false,"1536x1536":false,"2048x2048":false},"uagb_author_info":{"display_name":"Miika Kannisto","author_link":"https:\/\/blogit.gradia.fi\/mkpt2204-kannisto\/author\/gr276287\/"},"uagb_comment_info":0,"uagb_excerpt":"Tietoa Pienimuotoisesti kotioloissa Tavoitteenamme on kasvattaa terveit\u00e4 ja tasapainoisia noutajia perheenj\u00e4seniksi sek\u00e4 monipuolisiksi harrastuskavereiksi. Kasvatusty\u00f6 on alkumetreill\u00e4 ja harkitsen tarkkaan jokaisen astutetun yhdistelm\u00e4n. Tavoitteena on kasvattaa terveit\u00e4 ja rotum\u00e4\u00e4ritelm\u00e4n mukaisia kultaisianoutajia, joiden kanssa voi harrastaa monipuolisesti. Meill\u00e4 pennut kasvavat kotona muiden koirien ja perheemme keskell\u00e4. Miksi kultainennoutaja? Kultainennoutaja on sek\u00e4 Suomessa ett\u00e4 maailmanlaajuisesti eritt\u00e4in suosittu&hellip;","_links":{"self":[{"href":"https:\/\/blogit.gradia.fi\/mkpt2204-kannisto\/wp-json\/wp\/v2\/pages\/264","targetHints":{"allow":["GET"]}}],"collection":[{"href":"https:\/\/blogit.gradia.fi\/mkpt2204-kannisto\/wp-json\/wp\/v2\/pages"}],"about":[{"href":"https:\/\/blogit.gradia.fi\/mkpt2204-kannisto\/wp-json\/wp\/v2\/types\/page"}],"author":[{"embeddable":true,"href":"https:\/\/blogit.gradia.fi\/mkpt2204-kannisto\/wp-json\/wp\/v2\/users\/917"}],"replies":[{"embeddable":true,"href":"https:\/\/blogit.gradia.fi\/mkpt2204-kannisto\/wp-json\/wp\/v2\/comments?post=264"}],"version-history":[{"count":19,"href":"https:\/\/blogit.gradia.fi\/mkpt2204-kannisto\/wp-json\/wp\/v2\/pages\/264\/revisions"}],"predecessor-version":[{"id":554,"href":"https:\/\/blogit.gradia.fi\/mkpt2204-kannisto\/wp-json\/wp\/v2\/pages\/264\/revisions\/554"}],"wp:attachment":[{"href":"https:\/\/blogit.gradia.fi\/mkpt2204-kannisto\/wp-json\/wp\/v2\/media?parent=264"}],"curies":[{"name":"wp","href":"https:\/\/api.w.org\/{rel}","templated":true}]}}