{"id":482,"date":"2023-03-08T10:14:19","date_gmt":"2023-03-08T08:14:19","guid":{"rendered":"https:\/\/blogit.gradia.fi\/mkpt2203-ruusala\/?page_id=482"},"modified":"2023-03-08T11:03:50","modified_gmt":"2023-03-08T09:03:50","slug":"arvot","status":"publish","type":"page","link":"https:\/\/blogit.gradia.fi\/mkpt2203-ruusala\/arvot\/","title":{"rendered":"Kennelin arvot"},"content":{"rendered":"\n<div style=\"height:100px\" aria-hidden=\"true\" class=\"wp-block-spacer\"><\/div>\n\n\n\n<div class=\"wp-block-uagb-container uagb-block-20125a3b alignwide uagb-is-root-container\">\n<div class=\"wp-block-uagb-container uagb-block-f6f782b3 alignfull uagb-is-root-container\"><div class=\"uagb-container-inner-blocks-wrap\">\n<div class=\"wp-block-uagb-advanced-heading uagb-block-7bd258b8\"><h2 class=\"uagb-heading-text\">Arvot<\/h2><\/div>\n<\/div><\/div>\n\n\n\n<div class=\"wp-block-uagb-container uagb-block-328c81bd\">\n<p>L\u00e4ht\u00f6kohtanamme on pentukeskeinen n\u00e4kemys. N\u00e4emme jokaisen pennun yksil\u00f6n\u00e4, joka on aktiivinen toimija sek\u00e4 yksin, ett\u00e4 ryhm\u00e4ss\u00e4.<\/p>\n<\/div>\n\n\n\n<div class=\"wp-block-uagb-container uagb-block-2e9aa781\">\n<div class=\"wp-block-uagb-image uagb-block-50a19fb9 wp-block-uagb-image--layout-default wp-block-uagb-image--effect-static wp-block-uagb-image--align-none\"><figure class=\"wp-block-uagb-image__figure\"><img decoding=\"async\" src=\"https:\/\/blogit.gradia.fi\/mkpt2203-ruusala\/wp-content\/uploads\/sites\/414\/2023\/03\/dog-2655472_1280.png\" alt=\"\" class=\"uag-image-314\" width=\"\" height=\"\" title=\"\" loading=\"lazy\" \/><\/figure><\/div>\n<\/div>\n<\/div>\n\n\n\n<div style=\"height:100px\" aria-hidden=\"true\" class=\"wp-block-spacer\"><\/div>\n\n\n\n<div class=\"wp-block-uagb-container uagb-block-a6738840 alignwide uagb-is-root-container\">\n<div class=\"wp-block-uagb-advanced-heading uagb-block-1dc0d9f4\"><h4 class=\"uagb-heading-text\">Missio<\/h4><\/div>\n\n\n\n<ul class=\"has-medium-font-size wp-block-list\">\n<li>Kohdata haasteet rohkeasti<\/li>\n\n\n\n<li>\u00b7 Tehd\u00e4 pentuja, joista voi olla ylpe\u00e4<\/li>\n\n\n\n<li>\u00b7 Jakaa tietoa ja kokemuksia koiran kasvatuksesta<\/li>\n<\/ul>\n<\/div>\n\n\n\n<div style=\"height:100px\" aria-hidden=\"true\" class=\"wp-block-spacer\"><\/div>\n\n\n\n<div class=\"wp-block-uagb-container uagb-block-bca2c4c8 alignwide uagb-is-root-container\">\n<div class=\"wp-block-uagb-info-box uagb-block-980b4eb3 uagb-infobox__content-wrap  uagb-infobox-icon-above-title uagb-infobox-image-valign-top\"><div class=\"uagb-ifb-content\"><div class=\"uagb-ifb-title-wrap\"><h3 class=\"uagb-ifb-title\">Visio<\/h3><\/div><p class=\"uagb-ifb-desc\">Haluamme olla edell\u00e4k\u00e4vij\u00e4 Suomen ensimm\u00e4isen\u00e4 kennelin\u00e4, jonka pentujen varhaiskasvatus perustuu pentu-behavioristiseen kasvatusteoriaan.<\/p><\/div><\/div>\n\n\n\n<p>Tavoitteenamme on kasvattaa terveit\u00e4 ja tasapainoisia noutajia perheenj\u00e4seniksi sek\u00e4 monipuolisiksi harrastuskavereiksi. Kasvatusty\u00f6 on alkumetreill\u00e4 ja harkitsen tarkkaan jokaisen astutetun yhdistelm\u00e4n. Tavoitteena on kasvattaa terveit\u00e4 ja rotum\u00e4\u00e4ritelm\u00e4n mukaisia kultaisianoutajia, joiden kanssa voi harrastaa monipuolisesti. Meill\u00e4 pennut kasvavat kotona muiden koirien ja perheemme keskell\u00e4.<\/p>\n<\/div>\n\n\n\n<div style=\"height:100px\" aria-hidden=\"true\" class=\"wp-block-spacer\"><\/div>\n","protected":false},"excerpt":{"rendered":"<p>Arvot L\u00e4ht\u00f6kohtanamme on pentukeskeinen n\u00e4kemys. N\u00e4emme jokaisen pennun yksil\u00f6n\u00e4, joka on aktiivinen toimija sek\u00e4 yksin, ett\u00e4 ryhm\u00e4ss\u00e4. Missio Tavoitteenamme on kasvattaa terveit\u00e4 ja tasapainoisia noutajia perheenj\u00e4seniksi sek\u00e4 monipuolisiksi harrastuskavereiksi. Kasvatusty\u00f6 on alkumetreill\u00e4 ja harkitsen tarkkaan jokaisen astutetun yhdistelm\u00e4n. Tavoitteena on kasvattaa terveit\u00e4 ja rotum\u00e4\u00e4ritelm\u00e4n mukaisia kultaisianoutajia, joiden kanssa voi harrastaa monipuolisesti. Meill\u00e4 pennut kasvavat kotona [&hellip;]<\/p>\n","protected":false},"author":950,"featured_media":0,"parent":0,"menu_order":0,"comment_status":"closed","ping_status":"closed","template":"","meta":{"_uag_custom_page_level_css":"","site-sidebar-layout":"default","site-content-layout":"","ast-site-content-layout":"default","site-content-style":"default","site-sidebar-style":"default","ast-global-header-display":"","ast-banner-title-visibility":"","ast-main-header-display":"","ast-hfb-above-header-display":"","ast-hfb-below-header-display":"","ast-hfb-mobile-header-display":"","site-post-title":"disabled","ast-breadcrumbs-content":"","ast-featured-img":"","footer-sml-layout":"","ast-disable-related-posts":"","theme-transparent-header-meta":"","adv-header-id-meta":"","stick-header-meta":"","header-above-stick-meta":"","header-main-stick-meta":"","header-below-stick-meta":"","astra-migrate-meta-layouts":"default","ast-page-background-enabled":"default","ast-page-background-meta":{"desktop":{"background-color":"var(--ast-global-color-4)","background-image":"","background-repeat":"repeat","background-position":"center center","background-size":"auto","background-attachment":"scroll","background-type":"","background-media":"","overlay-type":"","overlay-color":"","overlay-opacity":"","overlay-gradient":""},"tablet":{"background-color":"","background-image":"","background-repeat":"repeat","background-position":"center center","background-size":"auto","background-attachment":"scroll","background-type":"","background-media":"","overlay-type":"","overlay-color":"","overlay-opacity":"","overlay-gradient":""},"mobile":{"background-color":"","background-image":"","background-repeat":"repeat","background-position":"center center","background-size":"auto","background-attachment":"scroll","background-type":"","background-media":"","overlay-type":"","overlay-color":"","overlay-opacity":"","overlay-gradient":""}},"ast-content-background-meta":{"desktop":{"background-color":"var(--ast-global-color-5)","background-image":"","background-repeat":"repeat","background-position":"center center","background-size":"auto","background-attachment":"scroll","background-type":"","background-media":"","overlay-type":"","overlay-color":"","overlay-opacity":"","overlay-gradient":""},"tablet":{"background-color":"var(--ast-global-color-5)","background-image":"","background-repeat":"repeat","background-position":"center center","background-size":"auto","background-attachment":"scroll","background-type":"","background-media":"","overlay-type":"","overlay-color":"","overlay-opacity":"","overlay-gradient":""},"mobile":{"background-color":"var(--ast-global-color-5)","background-image":"","background-repeat":"repeat","background-position":"center center","background-size":"auto","background-attachment":"scroll","background-type":"","background-media":"","overlay-type":"","overlay-color":"","overlay-opacity":"","overlay-gradient":""}},"footnotes":""},"class_list":["post-482","page","type-page","status-publish","hentry"],"yoast_head":"<!-- This site is optimized with the Yoast SEO plugin v27.2 - https:\/\/yoast.com\/product\/yoast-seo-wordpress\/ -->\n<title>Kennelin arvot - Kultsi&amp;Noutaja<\/title>\n<meta name=\"robots\" content=\"index, follow, max-snippet:-1, max-image-preview:large, max-video-preview:-1\" \/>\n<link rel=\"canonical\" href=\"https:\/\/blogit.gradia.fi\/mkpt2203-ruusala\/arvot\/\" \/>\n<meta property=\"og:locale\" content=\"fi_FI\" \/>\n<meta property=\"og:type\" content=\"article\" \/>\n<meta property=\"og:title\" content=\"Kennelin arvot - Kultsi&amp;Noutaja\" \/>\n<meta property=\"og:description\" content=\"Arvot L\u00e4ht\u00f6kohtanamme on pentukeskeinen n\u00e4kemys. N\u00e4emme jokaisen pennun yksil\u00f6n\u00e4, joka on aktiivinen toimija sek\u00e4 yksin, ett\u00e4 ryhm\u00e4ss\u00e4. Missio Tavoitteenamme on kasvattaa terveit\u00e4 ja tasapainoisia noutajia perheenj\u00e4seniksi sek\u00e4 monipuolisiksi harrastuskavereiksi. Kasvatusty\u00f6 on alkumetreill\u00e4 ja harkitsen tarkkaan jokaisen astutetun yhdistelm\u00e4n. Tavoitteena on kasvattaa terveit\u00e4 ja rotum\u00e4\u00e4ritelm\u00e4n mukaisia kultaisianoutajia, joiden kanssa voi harrastaa monipuolisesti. Meill\u00e4 pennut kasvavat kotona [&hellip;]\" \/>\n<meta property=\"og:url\" content=\"https:\/\/blogit.gradia.fi\/mkpt2203-ruusala\/arvot\/\" \/>\n<meta property=\"og:site_name\" content=\"Kultsi&amp;Noutaja\" \/>\n<meta property=\"article:modified_time\" content=\"2023-03-08T09:03:50+00:00\" \/>\n<meta property=\"og:image\" content=\"https:\/\/blogit.gradia.fi\/mkpt2203-ruusala\/wp-content\/uploads\/sites\/414\/2023\/03\/dog-2655472_1280.png\" \/>\n<meta name=\"twitter:card\" content=\"summary_large_image\" \/>\n<meta name=\"twitter:label1\" content=\"Arvioitu lukuaika\" \/>\n\t<meta name=\"twitter:data1\" content=\"1 minuutti\" \/>\n<script type=\"application\/ld+json\" class=\"yoast-schema-graph\">{\"@context\":\"https:\/\/schema.org\",\"@graph\":[{\"@type\":\"WebPage\",\"@id\":\"https:\/\/blogit.gradia.fi\/mkpt2203-ruusala\/arvot\/\",\"url\":\"https:\/\/blogit.gradia.fi\/mkpt2203-ruusala\/arvot\/\",\"name\":\"Kennelin arvot - Kultsi&amp;Noutaja\",\"isPartOf\":{\"@id\":\"https:\/\/blogit.gradia.fi\/mkpt2203-ruusala\/#website\"},\"primaryImageOfPage\":{\"@id\":\"https:\/\/blogit.gradia.fi\/mkpt2203-ruusala\/arvot\/#primaryimage\"},\"image\":{\"@id\":\"https:\/\/blogit.gradia.fi\/mkpt2203-ruusala\/arvot\/#primaryimage\"},\"thumbnailUrl\":\"https:\/\/blogit.gradia.fi\/mkpt2203-ruusala\/wp-content\/uploads\/sites\/414\/2023\/03\/dog-2655472_1280.png\",\"datePublished\":\"2023-03-08T08:14:19+00:00\",\"dateModified\":\"2023-03-08T09:03:50+00:00\",\"breadcrumb\":{\"@id\":\"https:\/\/blogit.gradia.fi\/mkpt2203-ruusala\/arvot\/#breadcrumb\"},\"inLanguage\":\"fi\",\"potentialAction\":[{\"@type\":\"ReadAction\",\"target\":[\"https:\/\/blogit.gradia.fi\/mkpt2203-ruusala\/arvot\/\"]}]},{\"@type\":\"ImageObject\",\"inLanguage\":\"fi\",\"@id\":\"https:\/\/blogit.gradia.fi\/mkpt2203-ruusala\/arvot\/#primaryimage\",\"url\":\"https:\/\/blogit.gradia.fi\/mkpt2203-ruusala\/wp-content\/uploads\/sites\/414\/2023\/03\/dog-2655472_1280.png\",\"contentUrl\":\"https:\/\/blogit.gradia.fi\/mkpt2203-ruusala\/wp-content\/uploads\/sites\/414\/2023\/03\/dog-2655472_1280.png\",\"width\":853,\"height\":853},{\"@type\":\"BreadcrumbList\",\"@id\":\"https:\/\/blogit.gradia.fi\/mkpt2203-ruusala\/arvot\/#breadcrumb\",\"itemListElement\":[{\"@type\":\"ListItem\",\"position\":1,\"name\":\"Etusivu\",\"item\":\"https:\/\/blogit.gradia.fi\/mkpt2203-ruusala\/\"},{\"@type\":\"ListItem\",\"position\":2,\"name\":\"Kennelin arvot\"}]},{\"@type\":\"WebSite\",\"@id\":\"https:\/\/blogit.gradia.fi\/mkpt2203-ruusala\/#website\",\"url\":\"https:\/\/blogit.gradia.fi\/mkpt2203-ruusala\/\",\"name\":\"Kultsi&amp;Noutaja\",\"description\":\"Kultaistennoutajien erikoiskennel\",\"publisher\":{\"@id\":\"https:\/\/blogit.gradia.fi\/mkpt2203-ruusala\/#organization\"},\"potentialAction\":[{\"@type\":\"SearchAction\",\"target\":{\"@type\":\"EntryPoint\",\"urlTemplate\":\"https:\/\/blogit.gradia.fi\/mkpt2203-ruusala\/?s={search_term_string}\"},\"query-input\":{\"@type\":\"PropertyValueSpecification\",\"valueRequired\":true,\"valueName\":\"search_term_string\"}}],\"inLanguage\":\"fi\"},{\"@type\":\"Organization\",\"@id\":\"https:\/\/blogit.gradia.fi\/mkpt2203-ruusala\/#organization\",\"name\":\"Kultsi&amp;Noutaja\",\"url\":\"https:\/\/blogit.gradia.fi\/mkpt2203-ruusala\/\",\"logo\":{\"@type\":\"ImageObject\",\"inLanguage\":\"fi\",\"@id\":\"https:\/\/blogit.gradia.fi\/mkpt2203-ruusala\/#\/schema\/logo\/image\/\",\"url\":\"https:\/\/blogit.gradia.fi\/mkpt2203-ruusala\/wp-content\/uploads\/sites\/414\/2023\/03\/Logo-kultsi-ja-noutaja-toinen-ver.png\",\"contentUrl\":\"https:\/\/blogit.gradia.fi\/mkpt2203-ruusala\/wp-content\/uploads\/sites\/414\/2023\/03\/Logo-kultsi-ja-noutaja-toinen-ver.png\",\"width\":595,\"height\":842,\"caption\":\"Kultsi&amp;Noutaja\"},\"image\":{\"@id\":\"https:\/\/blogit.gradia.fi\/mkpt2203-ruusala\/#\/schema\/logo\/image\/\"}}]}<\/script>\n<!-- \/ Yoast SEO plugin. -->","yoast_head_json":{"title":"Kennelin arvot - Kultsi&amp;Noutaja","robots":{"index":"index","follow":"follow","max-snippet":"max-snippet:-1","max-image-preview":"max-image-preview:large","max-video-preview":"max-video-preview:-1"},"canonical":"https:\/\/blogit.gradia.fi\/mkpt2203-ruusala\/arvot\/","og_locale":"fi_FI","og_type":"article","og_title":"Kennelin arvot - Kultsi&amp;Noutaja","og_description":"Arvot L\u00e4ht\u00f6kohtanamme on pentukeskeinen n\u00e4kemys. N\u00e4emme jokaisen pennun yksil\u00f6n\u00e4, joka on aktiivinen toimija sek\u00e4 yksin, ett\u00e4 ryhm\u00e4ss\u00e4. Missio Tavoitteenamme on kasvattaa terveit\u00e4 ja tasapainoisia noutajia perheenj\u00e4seniksi sek\u00e4 monipuolisiksi harrastuskavereiksi. Kasvatusty\u00f6 on alkumetreill\u00e4 ja harkitsen tarkkaan jokaisen astutetun yhdistelm\u00e4n. Tavoitteena on kasvattaa terveit\u00e4 ja rotum\u00e4\u00e4ritelm\u00e4n mukaisia kultaisianoutajia, joiden kanssa voi harrastaa monipuolisesti. Meill\u00e4 pennut kasvavat kotona [&hellip;]","og_url":"https:\/\/blogit.gradia.fi\/mkpt2203-ruusala\/arvot\/","og_site_name":"Kultsi&amp;Noutaja","article_modified_time":"2023-03-08T09:03:50+00:00","og_image":[{"url":"https:\/\/blogit.gradia.fi\/mkpt2203-ruusala\/wp-content\/uploads\/sites\/414\/2023\/03\/dog-2655472_1280.png","type":"","width":"","height":""}],"twitter_card":"summary_large_image","twitter_misc":{"Arvioitu lukuaika":"1 minuutti"},"schema":{"@context":"https:\/\/schema.org","@graph":[{"@type":"WebPage","@id":"https:\/\/blogit.gradia.fi\/mkpt2203-ruusala\/arvot\/","url":"https:\/\/blogit.gradia.fi\/mkpt2203-ruusala\/arvot\/","name":"Kennelin arvot - Kultsi&amp;Noutaja","isPartOf":{"@id":"https:\/\/blogit.gradia.fi\/mkpt2203-ruusala\/#website"},"primaryImageOfPage":{"@id":"https:\/\/blogit.gradia.fi\/mkpt2203-ruusala\/arvot\/#primaryimage"},"image":{"@id":"https:\/\/blogit.gradia.fi\/mkpt2203-ruusala\/arvot\/#primaryimage"},"thumbnailUrl":"https:\/\/blogit.gradia.fi\/mkpt2203-ruusala\/wp-content\/uploads\/sites\/414\/2023\/03\/dog-2655472_1280.png","datePublished":"2023-03-08T08:14:19+00:00","dateModified":"2023-03-08T09:03:50+00:00","breadcrumb":{"@id":"https:\/\/blogit.gradia.fi\/mkpt2203-ruusala\/arvot\/#breadcrumb"},"inLanguage":"fi","potentialAction":[{"@type":"ReadAction","target":["https:\/\/blogit.gradia.fi\/mkpt2203-ruusala\/arvot\/"]}]},{"@type":"ImageObject","inLanguage":"fi","@id":"https:\/\/blogit.gradia.fi\/mkpt2203-ruusala\/arvot\/#primaryimage","url":"https:\/\/blogit.gradia.fi\/mkpt2203-ruusala\/wp-content\/uploads\/sites\/414\/2023\/03\/dog-2655472_1280.png","contentUrl":"https:\/\/blogit.gradia.fi\/mkpt2203-ruusala\/wp-content\/uploads\/sites\/414\/2023\/03\/dog-2655472_1280.png","width":853,"height":853},{"@type":"BreadcrumbList","@id":"https:\/\/blogit.gradia.fi\/mkpt2203-ruusala\/arvot\/#breadcrumb","itemListElement":[{"@type":"ListItem","position":1,"name":"Etusivu","item":"https:\/\/blogit.gradia.fi\/mkpt2203-ruusala\/"},{"@type":"ListItem","position":2,"name":"Kennelin arvot"}]},{"@type":"WebSite","@id":"https:\/\/blogit.gradia.fi\/mkpt2203-ruusala\/#website","url":"https:\/\/blogit.gradia.fi\/mkpt2203-ruusala\/","name":"Kultsi&amp;Noutaja","description":"Kultaistennoutajien erikoiskennel","publisher":{"@id":"https:\/\/blogit.gradia.fi\/mkpt2203-ruusala\/#organization"},"potentialAction":[{"@type":"SearchAction","target":{"@type":"EntryPoint","urlTemplate":"https:\/\/blogit.gradia.fi\/mkpt2203-ruusala\/?s={search_term_string}"},"query-input":{"@type":"PropertyValueSpecification","valueRequired":true,"valueName":"search_term_string"}}],"inLanguage":"fi"},{"@type":"Organization","@id":"https:\/\/blogit.gradia.fi\/mkpt2203-ruusala\/#organization","name":"Kultsi&amp;Noutaja","url":"https:\/\/blogit.gradia.fi\/mkpt2203-ruusala\/","logo":{"@type":"ImageObject","inLanguage":"fi","@id":"https:\/\/blogit.gradia.fi\/mkpt2203-ruusala\/#\/schema\/logo\/image\/","url":"https:\/\/blogit.gradia.fi\/mkpt2203-ruusala\/wp-content\/uploads\/sites\/414\/2023\/03\/Logo-kultsi-ja-noutaja-toinen-ver.png","contentUrl":"https:\/\/blogit.gradia.fi\/mkpt2203-ruusala\/wp-content\/uploads\/sites\/414\/2023\/03\/Logo-kultsi-ja-noutaja-toinen-ver.png","width":595,"height":842,"caption":"Kultsi&amp;Noutaja"},"image":{"@id":"https:\/\/blogit.gradia.fi\/mkpt2203-ruusala\/#\/schema\/logo\/image\/"}}]}},"uagb_featured_image_src":{"full":false,"thumbnail":false,"medium":false,"medium_large":false,"large":false,"1536x1536":false,"2048x2048":false},"uagb_author_info":{"display_name":"Jenny Ruusala","author_link":"https:\/\/blogit.gradia.fi\/mkpt2203-ruusala\/author\/gr276319\/"},"uagb_comment_info":0,"uagb_excerpt":"Arvot L\u00e4ht\u00f6kohtanamme on pentukeskeinen n\u00e4kemys. N\u00e4emme jokaisen pennun yksil\u00f6n\u00e4, joka on aktiivinen toimija sek\u00e4 yksin, ett\u00e4 ryhm\u00e4ss\u00e4. Missio Tavoitteenamme on kasvattaa terveit\u00e4 ja tasapainoisia noutajia perheenj\u00e4seniksi sek\u00e4 monipuolisiksi harrastuskavereiksi. Kasvatusty\u00f6 on alkumetreill\u00e4 ja harkitsen tarkkaan jokaisen astutetun yhdistelm\u00e4n. Tavoitteena on kasvattaa terveit\u00e4 ja rotum\u00e4\u00e4ritelm\u00e4n mukaisia kultaisianoutajia, joiden kanssa voi harrastaa monipuolisesti. Meill\u00e4 pennut kasvavat kotona&hellip;","_links":{"self":[{"href":"https:\/\/blogit.gradia.fi\/mkpt2203-ruusala\/wp-json\/wp\/v2\/pages\/482","targetHints":{"allow":["GET"]}}],"collection":[{"href":"https:\/\/blogit.gradia.fi\/mkpt2203-ruusala\/wp-json\/wp\/v2\/pages"}],"about":[{"href":"https:\/\/blogit.gradia.fi\/mkpt2203-ruusala\/wp-json\/wp\/v2\/types\/page"}],"author":[{"embeddable":true,"href":"https:\/\/blogit.gradia.fi\/mkpt2203-ruusala\/wp-json\/wp\/v2\/users\/950"}],"replies":[{"embeddable":true,"href":"https:\/\/blogit.gradia.fi\/mkpt2203-ruusala\/wp-json\/wp\/v2\/comments?post=482"}],"version-history":[{"count":36,"href":"https:\/\/blogit.gradia.fi\/mkpt2203-ruusala\/wp-json\/wp\/v2\/pages\/482\/revisions"}],"predecessor-version":[{"id":570,"href":"https:\/\/blogit.gradia.fi\/mkpt2203-ruusala\/wp-json\/wp\/v2\/pages\/482\/revisions\/570"}],"wp:attachment":[{"href":"https:\/\/blogit.gradia.fi\/mkpt2203-ruusala\/wp-json\/wp\/v2\/media?parent=482"}],"curies":[{"name":"wp","href":"https:\/\/api.w.org\/{rel}","templated":true}]}}