{"id":275,"date":"2023-03-06T13:35:32","date_gmt":"2023-03-06T11:35:32","guid":{"rendered":"https:\/\/blogit.gradia.fi\/mkpt2203-ruusala\/?page_id=275"},"modified":"2023-03-08T11:03:46","modified_gmt":"2023-03-08T09:03:46","slug":"koirat","status":"publish","type":"page","link":"https:\/\/blogit.gradia.fi\/mkpt2203-ruusala\/koirat\/","title":{"rendered":"Koirat"},"content":{"rendered":"\n<div style=\"height:100px\" aria-hidden=\"true\" class=\"wp-block-spacer\"><\/div>\n\n\n\n<div class=\"wp-block-uagb-advanced-heading uagb-block-456e0c5b\"><h1 class=\"uagb-heading-text\">Koirat<\/h1><\/div>\n\n\n\n<div class=\"wp-block-uagb-container uagb-block-ddf34c94 alignwide uagb-is-root-container\">\n<div class=\"wp-block-uagb-container uagb-block-a1ba24fd\">\n<div class=\"wp-block-uagb-image uagb-block-7d2753ae wp-block-uagb-image--layout-default wp-block-uagb-image--effect-static wp-block-uagb-image--align-none\"><figure class=\"wp-block-uagb-image__figure\"><img decoding=\"async\" src=\"https:\/\/blogit.gradia.fi\/mkpt2203-ruusala\/wp-content\/uploads\/sites\/414\/2023\/03\/Toto-1024x635.jpg\" alt=\"\" class=\"uag-image-333\" title=\"\" loading=\"lazy\" \/><\/figure><\/div>\n<\/div>\n\n\n\n<div class=\"wp-block-uagb-container uagb-block-5d598a07\">\n<div class=\"wp-block-uagb-info-box uagb-block-d792c818 uagb-infobox__content-wrap  uagb-infobox-icon-above-title uagb-infobox-image-valign-top\"><div class=\"uagb-ifb-content\"><div class=\"uagb-ifb-title-wrap\"><h3 class=\"uagb-ifb-title\">Toto<\/h3><\/div><p class=\"uagb-ifb-desc\">Nimi: Toto<br>Virallinen nimi: Tophias Darktooth<br>Sukupuoli: Uros<br>Oma koira:<br>Kasvattaja: Kennel Cerbi<br>Syntym\u00e4p\u00e4iv\u00e4: 12.5.2011<br>Terveys:<br>Lonkat: A\/A <br>Kyyn\u00e4rp\u00e4\u00e4t: 0\/0 <br>Silm\u00e4t: ok<br>Meriitit:<br>1 x reserve CC <br>1 x CC from Estonia<\/p><\/div><\/div>\n<\/div>\n<\/div>\n\n\n\n<div style=\"height:100px\" aria-hidden=\"true\" class=\"wp-block-spacer\"><\/div>\n\n\n\n<div class=\"wp-block-uagb-container uagb-block-1e992b2d alignwide uagb-is-root-container\">\n<div class=\"wp-block-uagb-container uagb-block-98ac412d\">\n<div class=\"wp-block-uagb-image uagb-block-0405aac3 wp-block-uagb-image--layout-default wp-block-uagb-image--effect-static wp-block-uagb-image--align-none\"><figure class=\"wp-block-uagb-image__figure\"><img decoding=\"async\" src=\"https:\/\/blogit.gradia.fi\/mkpt2203-ruusala\/wp-content\/uploads\/sites\/414\/2023\/03\/Stella-1024x683.jpg\" alt=\"\" class=\"uag-image-331\" title=\"\" loading=\"lazy\" \/><\/figure><\/div>\n<\/div>\n\n\n\n<div class=\"wp-block-uagb-container uagb-block-2ebadc95\">\n<div class=\"wp-block-uagb-info-box uagb-block-f4f4dffc uagb-infobox__content-wrap  uagb-infobox-icon-above-title uagb-infobox-image-valign-top\"><div class=\"uagb-ifb-content\"><div class=\"uagb-ifb-title-wrap\"><h3 class=\"uagb-ifb-title\">Stella<\/h3><\/div><p class=\"uagb-ifb-desc\">Nimi: Stella<br>Virallinen nimi: Stella Palefur<br>Sukupuoli: Naaras<br>Oma koira: X<br>Kasvattaja:<br>Syntym\u00e4p\u00e4iv\u00e4: 24.8.2015<br>Terveys:<br>Lonkat: A\/A <br>Kyyn\u00e4rp\u00e4\u00e4t: 0\/0 <br>Silm\u00e4t: clear, PRA-1 clear<br>Meriitit:<br>Puppy class 2nd with HP<br>Open class 1st\/EXC, CQ -&gt; 2nd BEST BITCH -&gt; CAC<\/p><\/div><\/div>\n<\/div>\n<\/div>\n\n\n\n<div style=\"height:100px\" aria-hidden=\"true\" class=\"wp-block-spacer\"><\/div>\n\n\n\n<div class=\"wp-block-uagb-container uagb-block-5b0719d0 alignwide uagb-is-root-container\">\n<div class=\"wp-block-uagb-container uagb-block-bac58f1a\">\n<div class=\"wp-block-uagb-image uagb-block-31906a93 wp-block-uagb-image--layout-default wp-block-uagb-image--effect-static wp-block-uagb-image--align-none\"><figure class=\"wp-block-uagb-image__figure\"><img decoding=\"async\" src=\"https:\/\/blogit.gradia.fi\/mkpt2203-ruusala\/wp-content\/uploads\/sites\/414\/2023\/03\/Tille-1024x683.jpg\" alt=\"\" class=\"uag-image-332\" title=\"\" loading=\"lazy\" \/><\/figure><\/div>\n<\/div>\n\n\n\n<div class=\"wp-block-uagb-container uagb-block-62ec1b8f\">\n<div class=\"wp-block-uagb-info-box uagb-block-9a2e7935 uagb-infobox__content-wrap  uagb-infobox-icon-above-title uagb-infobox-image-valign-top\"><div class=\"uagb-ifb-content\"><div class=\"uagb-ifb-title-wrap\"><h3 class=\"uagb-ifb-title\">Tille<\/h3><\/div><p class=\"uagb-ifb-desc\">Nimi: Tille<br>Virallinen nimi: Tiara Spiritrunner<br>Sukupuoli: Naaras<br>Oma koira: X<br>Kasvattaja:<br>Syntym\u00e4p\u00e4iv\u00e4: 11.3.2016<br>Terveys:<br>Lonkat: A\/A <br>Kyyn\u00e4rp\u00e4\u00e4t: 0\/0 <br>Silm\u00e4t: clear<br>Meriitit: Junior class 2nd with EXC<\/p><\/div><\/div>\n<\/div>\n<\/div>\n\n\n\n<div style=\"height:100px\" aria-hidden=\"true\" class=\"wp-block-spacer\"><\/div>\n\n\n\n<div class=\"wp-block-uagb-container uagb-block-5396e15f alignwide uagb-is-root-container\">\n<div class=\"wp-block-uagb-container uagb-block-077fdc14\">\n<div class=\"wp-block-uagb-image uagb-block-aa38856f wp-block-uagb-image--layout-default wp-block-uagb-image--effect-static wp-block-uagb-image--align-none\"><figure class=\"wp-block-uagb-image__figure\"><img decoding=\"async\" src=\"https:\/\/blogit.gradia.fi\/mkpt2203-ruusala\/wp-content\/uploads\/sites\/414\/2023\/03\/Musti-1024x746.jpg\" alt=\"\" class=\"uag-image-326\" title=\"\" loading=\"lazy\" \/><\/figure><\/div>\n<\/div>\n\n\n\n<div class=\"wp-block-uagb-container uagb-block-5cb1b59b\">\n<div class=\"wp-block-uagb-info-box uagb-block-661085f1 uagb-infobox__content-wrap  uagb-infobox-icon-above-title uagb-infobox-image-valign-top\"><div class=\"uagb-ifb-content\"><div class=\"uagb-ifb-title-wrap\"><h3 class=\"uagb-ifb-title\">Musti<\/h3><\/div><p class=\"uagb-ifb-desc\">Nimi: Musti<br>Virallinen nimi: Murphy Von Reynard<br>Sukupuoli: Uros<br>Oma koira:<br>Kasvattaja: Kennel Reynard<br>Syntym\u00e4p\u00e4iv\u00e4: 5.1.2015<br>Terveys:<br>Lonkat: A\/A <br>Kyyn\u00e4rp\u00e4\u00e4t: 0\/0 <br>Silm\u00e4t: ok<br>Meriitit:<br>Puppy class 5-7 months 2nd with HP Junior class 3rd with EXC<\/p><\/div><\/div>\n<\/div>\n<\/div>\n\n\n\n<div style=\"height:100px\" aria-hidden=\"true\" class=\"wp-block-spacer\"><\/div>\n\n\n\n<div class=\"wp-block-uagb-container uagb-block-8c7228d2 alignwide uagb-is-root-container\">\n<div class=\"wp-block-uagb-container uagb-block-b8d0b32c\">\n<div class=\"wp-block-uagb-image uagb-block-0b70c12d wp-block-uagb-image--layout-default wp-block-uagb-image--effect-static wp-block-uagb-image--align-none\"><figure class=\"wp-block-uagb-image__figure\"><img decoding=\"async\" src=\"https:\/\/blogit.gradia.fi\/mkpt2203-ruusala\/wp-content\/uploads\/sites\/414\/2023\/03\/Minni-1024x683.jpg\" alt=\"\" class=\"uag-image-325\" title=\"\" loading=\"lazy\" \/><\/figure><\/div>\n<\/div>\n\n\n\n<div class=\"wp-block-uagb-container uagb-block-7dbbb58e\">\n<div class=\"wp-block-uagb-info-box uagb-block-bccc622d uagb-infobox__content-wrap  uagb-infobox-icon-above-title uagb-infobox-image-valign-top\"><div class=\"uagb-ifb-content\"><div class=\"uagb-ifb-title-wrap\"><h3 class=\"uagb-ifb-title\">Minni<\/h3><\/div><p class=\"uagb-ifb-desc\">Nimi: Minni<br>Virallinen nimi: Lady Minnie Cupcake<br>Sukupuoli: Naaras<br>Oma koira: X<br>Kasvattaja:<br>Syntym\u00e4p\u00e4iv\u00e4: 7.9.2014<br>Terveys:<br>Lonkat: A\/A <br>Kyyn\u00e4rp\u00e4\u00e4t: 0\/0 <br>Silm\u00e4t: ok<br>Meriitit:<br>Puppy class 5-7 months 3rd with HP <br>Puppy class 7-9 months 1st with HP -&gt;BOB PUPPY <br>Junior class 1st EXC, CQ, 3rd BEST BITCH, rec CC<\/p><\/div><\/div>\n<\/div>\n<\/div>\n\n\n\n<div style=\"height:100px\" aria-hidden=\"true\" class=\"wp-block-spacer\"><\/div>\n","protected":false},"excerpt":{"rendered":"<p>Koirat<\/p>\n","protected":false},"author":950,"featured_media":0,"parent":0,"menu_order":0,"comment_status":"closed","ping_status":"closed","template":"","meta":{"_uag_custom_page_level_css":"","site-sidebar-layout":"default","site-content-layout":"","ast-site-content-layout":"default","site-content-style":"default","site-sidebar-style":"default","ast-global-header-display":"","ast-banner-title-visibility":"","ast-main-header-display":"","ast-hfb-above-header-display":"","ast-hfb-below-header-display":"","ast-hfb-mobile-header-display":"","site-post-title":"disabled","ast-breadcrumbs-content":"","ast-featured-img":"","footer-sml-layout":"","ast-disable-related-posts":"","theme-transparent-header-meta":"","adv-header-id-meta":"","stick-header-meta":"","header-above-stick-meta":"","header-main-stick-meta":"","header-below-stick-meta":"","astra-migrate-meta-layouts":"default","ast-page-background-enabled":"default","ast-page-background-meta":{"desktop":{"background-color":"var(--ast-global-color-4)","background-image":"","background-repeat":"repeat","background-position":"center center","background-size":"auto","background-attachment":"scroll","background-type":"","background-media":"","overlay-type":"","overlay-color":"","overlay-opacity":"","overlay-gradient":""},"tablet":{"background-color":"","background-image":"","background-repeat":"repeat","background-position":"center center","background-size":"auto","background-attachment":"scroll","background-type":"","background-media":"","overlay-type":"","overlay-color":"","overlay-opacity":"","overlay-gradient":""},"mobile":{"background-color":"","background-image":"","background-repeat":"repeat","background-position":"center center","background-size":"auto","background-attachment":"scroll","background-type":"","background-media":"","overlay-type":"","overlay-color":"","overlay-opacity":"","overlay-gradient":""}},"ast-content-background-meta":{"desktop":{"background-color":"var(--ast-global-color-5)","background-image":"","background-repeat":"repeat","background-position":"center center","background-size":"auto","background-attachment":"scroll","background-type":"","background-media":"","overlay-type":"","overlay-color":"","overlay-opacity":"","overlay-gradient":""},"tablet":{"background-color":"var(--ast-global-color-5)","background-image":"","background-repeat":"repeat","background-position":"center center","background-size":"auto","background-attachment":"scroll","background-type":"","background-media":"","overlay-type":"","overlay-color":"","overlay-opacity":"","overlay-gradient":""},"mobile":{"background-color":"var(--ast-global-color-5)","background-image":"","background-repeat":"repeat","background-position":"center center","background-size":"auto","background-attachment":"scroll","background-type":"","background-media":"","overlay-type":"","overlay-color":"","overlay-opacity":"","overlay-gradient":""}},"footnotes":""},"class_list":["post-275","page","type-page","status-publish","hentry"],"yoast_head":"<!-- This site is optimized with the Yoast SEO plugin v27.2 - https:\/\/yoast.com\/product\/yoast-seo-wordpress\/ -->\n<title>Koirat - Kultsi&amp;Noutaja<\/title>\n<meta name=\"robots\" content=\"index, follow, max-snippet:-1, max-image-preview:large, max-video-preview:-1\" \/>\n<link rel=\"canonical\" href=\"https:\/\/blogit.gradia.fi\/mkpt2203-ruusala\/koirat\/\" \/>\n<meta property=\"og:locale\" content=\"fi_FI\" \/>\n<meta property=\"og:type\" content=\"article\" \/>\n<meta property=\"og:title\" content=\"Koirat - Kultsi&amp;Noutaja\" \/>\n<meta property=\"og:description\" content=\"Koirat\" \/>\n<meta property=\"og:url\" content=\"https:\/\/blogit.gradia.fi\/mkpt2203-ruusala\/koirat\/\" \/>\n<meta property=\"og:site_name\" content=\"Kultsi&amp;Noutaja\" \/>\n<meta property=\"article:modified_time\" content=\"2023-03-08T09:03:46+00:00\" \/>\n<meta property=\"og:image\" content=\"https:\/\/blogit.gradia.fi\/mkpt2203-ruusala\/wp-content\/uploads\/sites\/414\/2023\/03\/Toto-1024x635.jpg\" \/>\n<meta name=\"twitter:card\" content=\"summary_large_image\" \/>\n<meta name=\"twitter:label1\" content=\"Arvioitu lukuaika\" \/>\n\t<meta name=\"twitter:data1\" content=\"3 minuuttia\" \/>\n<script type=\"application\/ld+json\" class=\"yoast-schema-graph\">{\"@context\":\"https:\/\/schema.org\",\"@graph\":[{\"@type\":\"WebPage\",\"@id\":\"https:\/\/blogit.gradia.fi\/mkpt2203-ruusala\/koirat\/\",\"url\":\"https:\/\/blogit.gradia.fi\/mkpt2203-ruusala\/koirat\/\",\"name\":\"Koirat - Kultsi&amp;Noutaja\",\"isPartOf\":{\"@id\":\"https:\/\/blogit.gradia.fi\/mkpt2203-ruusala\/#website\"},\"primaryImageOfPage\":{\"@id\":\"https:\/\/blogit.gradia.fi\/mkpt2203-ruusala\/koirat\/#primaryimage\"},\"image\":{\"@id\":\"https:\/\/blogit.gradia.fi\/mkpt2203-ruusala\/koirat\/#primaryimage\"},\"thumbnailUrl\":\"https:\/\/blogit.gradia.fi\/mkpt2203-ruusala\/wp-content\/uploads\/sites\/414\/2023\/03\/Toto-1024x635.jpg\",\"datePublished\":\"2023-03-06T11:35:32+00:00\",\"dateModified\":\"2023-03-08T09:03:46+00:00\",\"breadcrumb\":{\"@id\":\"https:\/\/blogit.gradia.fi\/mkpt2203-ruusala\/koirat\/#breadcrumb\"},\"inLanguage\":\"fi\",\"potentialAction\":[{\"@type\":\"ReadAction\",\"target\":[\"https:\/\/blogit.gradia.fi\/mkpt2203-ruusala\/koirat\/\"]}]},{\"@type\":\"ImageObject\",\"inLanguage\":\"fi\",\"@id\":\"https:\/\/blogit.gradia.fi\/mkpt2203-ruusala\/koirat\/#primaryimage\",\"url\":\"https:\/\/blogit.gradia.fi\/mkpt2203-ruusala\/wp-content\/uploads\/sites\/414\/2023\/03\/Toto.jpg\",\"contentUrl\":\"https:\/\/blogit.gradia.fi\/mkpt2203-ruusala\/wp-content\/uploads\/sites\/414\/2023\/03\/Toto.jpg\",\"width\":1920,\"height\":1190},{\"@type\":\"BreadcrumbList\",\"@id\":\"https:\/\/blogit.gradia.fi\/mkpt2203-ruusala\/koirat\/#breadcrumb\",\"itemListElement\":[{\"@type\":\"ListItem\",\"position\":1,\"name\":\"Etusivu\",\"item\":\"https:\/\/blogit.gradia.fi\/mkpt2203-ruusala\/\"},{\"@type\":\"ListItem\",\"position\":2,\"name\":\"Koirat\"}]},{\"@type\":\"WebSite\",\"@id\":\"https:\/\/blogit.gradia.fi\/mkpt2203-ruusala\/#website\",\"url\":\"https:\/\/blogit.gradia.fi\/mkpt2203-ruusala\/\",\"name\":\"Kultsi&amp;Noutaja\",\"description\":\"Kultaistennoutajien erikoiskennel\",\"publisher\":{\"@id\":\"https:\/\/blogit.gradia.fi\/mkpt2203-ruusala\/#organization\"},\"potentialAction\":[{\"@type\":\"SearchAction\",\"target\":{\"@type\":\"EntryPoint\",\"urlTemplate\":\"https:\/\/blogit.gradia.fi\/mkpt2203-ruusala\/?s={search_term_string}\"},\"query-input\":{\"@type\":\"PropertyValueSpecification\",\"valueRequired\":true,\"valueName\":\"search_term_string\"}}],\"inLanguage\":\"fi\"},{\"@type\":\"Organization\",\"@id\":\"https:\/\/blogit.gradia.fi\/mkpt2203-ruusala\/#organization\",\"name\":\"Kultsi&amp;Noutaja\",\"url\":\"https:\/\/blogit.gradia.fi\/mkpt2203-ruusala\/\",\"logo\":{\"@type\":\"ImageObject\",\"inLanguage\":\"fi\",\"@id\":\"https:\/\/blogit.gradia.fi\/mkpt2203-ruusala\/#\/schema\/logo\/image\/\",\"url\":\"https:\/\/blogit.gradia.fi\/mkpt2203-ruusala\/wp-content\/uploads\/sites\/414\/2023\/03\/Logo-kultsi-ja-noutaja-toinen-ver.png\",\"contentUrl\":\"https:\/\/blogit.gradia.fi\/mkpt2203-ruusala\/wp-content\/uploads\/sites\/414\/2023\/03\/Logo-kultsi-ja-noutaja-toinen-ver.png\",\"width\":595,\"height\":842,\"caption\":\"Kultsi&amp;Noutaja\"},\"image\":{\"@id\":\"https:\/\/blogit.gradia.fi\/mkpt2203-ruusala\/#\/schema\/logo\/image\/\"}}]}<\/script>\n<!-- \/ Yoast SEO plugin. -->","yoast_head_json":{"title":"Koirat - Kultsi&amp;Noutaja","robots":{"index":"index","follow":"follow","max-snippet":"max-snippet:-1","max-image-preview":"max-image-preview:large","max-video-preview":"max-video-preview:-1"},"canonical":"https:\/\/blogit.gradia.fi\/mkpt2203-ruusala\/koirat\/","og_locale":"fi_FI","og_type":"article","og_title":"Koirat - Kultsi&amp;Noutaja","og_description":"Koirat","og_url":"https:\/\/blogit.gradia.fi\/mkpt2203-ruusala\/koirat\/","og_site_name":"Kultsi&amp;Noutaja","article_modified_time":"2023-03-08T09:03:46+00:00","og_image":[{"url":"https:\/\/blogit.gradia.fi\/mkpt2203-ruusala\/wp-content\/uploads\/sites\/414\/2023\/03\/Toto-1024x635.jpg","type":"","width":"","height":""}],"twitter_card":"summary_large_image","twitter_misc":{"Arvioitu lukuaika":"3 minuuttia"},"schema":{"@context":"https:\/\/schema.org","@graph":[{"@type":"WebPage","@id":"https:\/\/blogit.gradia.fi\/mkpt2203-ruusala\/koirat\/","url":"https:\/\/blogit.gradia.fi\/mkpt2203-ruusala\/koirat\/","name":"Koirat - Kultsi&amp;Noutaja","isPartOf":{"@id":"https:\/\/blogit.gradia.fi\/mkpt2203-ruusala\/#website"},"primaryImageOfPage":{"@id":"https:\/\/blogit.gradia.fi\/mkpt2203-ruusala\/koirat\/#primaryimage"},"image":{"@id":"https:\/\/blogit.gradia.fi\/mkpt2203-ruusala\/koirat\/#primaryimage"},"thumbnailUrl":"https:\/\/blogit.gradia.fi\/mkpt2203-ruusala\/wp-content\/uploads\/sites\/414\/2023\/03\/Toto-1024x635.jpg","datePublished":"2023-03-06T11:35:32+00:00","dateModified":"2023-03-08T09:03:46+00:00","breadcrumb":{"@id":"https:\/\/blogit.gradia.fi\/mkpt2203-ruusala\/koirat\/#breadcrumb"},"inLanguage":"fi","potentialAction":[{"@type":"ReadAction","target":["https:\/\/blogit.gradia.fi\/mkpt2203-ruusala\/koirat\/"]}]},{"@type":"ImageObject","inLanguage":"fi","@id":"https:\/\/blogit.gradia.fi\/mkpt2203-ruusala\/koirat\/#primaryimage","url":"https:\/\/blogit.gradia.fi\/mkpt2203-ruusala\/wp-content\/uploads\/sites\/414\/2023\/03\/Toto.jpg","contentUrl":"https:\/\/blogit.gradia.fi\/mkpt2203-ruusala\/wp-content\/uploads\/sites\/414\/2023\/03\/Toto.jpg","width":1920,"height":1190},{"@type":"BreadcrumbList","@id":"https:\/\/blogit.gradia.fi\/mkpt2203-ruusala\/koirat\/#breadcrumb","itemListElement":[{"@type":"ListItem","position":1,"name":"Etusivu","item":"https:\/\/blogit.gradia.fi\/mkpt2203-ruusala\/"},{"@type":"ListItem","position":2,"name":"Koirat"}]},{"@type":"WebSite","@id":"https:\/\/blogit.gradia.fi\/mkpt2203-ruusala\/#website","url":"https:\/\/blogit.gradia.fi\/mkpt2203-ruusala\/","name":"Kultsi&amp;Noutaja","description":"Kultaistennoutajien erikoiskennel","publisher":{"@id":"https:\/\/blogit.gradia.fi\/mkpt2203-ruusala\/#organization"},"potentialAction":[{"@type":"SearchAction","target":{"@type":"EntryPoint","urlTemplate":"https:\/\/blogit.gradia.fi\/mkpt2203-ruusala\/?s={search_term_string}"},"query-input":{"@type":"PropertyValueSpecification","valueRequired":true,"valueName":"search_term_string"}}],"inLanguage":"fi"},{"@type":"Organization","@id":"https:\/\/blogit.gradia.fi\/mkpt2203-ruusala\/#organization","name":"Kultsi&amp;Noutaja","url":"https:\/\/blogit.gradia.fi\/mkpt2203-ruusala\/","logo":{"@type":"ImageObject","inLanguage":"fi","@id":"https:\/\/blogit.gradia.fi\/mkpt2203-ruusala\/#\/schema\/logo\/image\/","url":"https:\/\/blogit.gradia.fi\/mkpt2203-ruusala\/wp-content\/uploads\/sites\/414\/2023\/03\/Logo-kultsi-ja-noutaja-toinen-ver.png","contentUrl":"https:\/\/blogit.gradia.fi\/mkpt2203-ruusala\/wp-content\/uploads\/sites\/414\/2023\/03\/Logo-kultsi-ja-noutaja-toinen-ver.png","width":595,"height":842,"caption":"Kultsi&amp;Noutaja"},"image":{"@id":"https:\/\/blogit.gradia.fi\/mkpt2203-ruusala\/#\/schema\/logo\/image\/"}}]}},"uagb_featured_image_src":{"full":false,"thumbnail":false,"medium":false,"medium_large":false,"large":false,"1536x1536":false,"2048x2048":false},"uagb_author_info":{"display_name":"Jenny Ruusala","author_link":"https:\/\/blogit.gradia.fi\/mkpt2203-ruusala\/author\/gr276319\/"},"uagb_comment_info":0,"uagb_excerpt":"Koirat","_links":{"self":[{"href":"https:\/\/blogit.gradia.fi\/mkpt2203-ruusala\/wp-json\/wp\/v2\/pages\/275","targetHints":{"allow":["GET"]}}],"collection":[{"href":"https:\/\/blogit.gradia.fi\/mkpt2203-ruusala\/wp-json\/wp\/v2\/pages"}],"about":[{"href":"https:\/\/blogit.gradia.fi\/mkpt2203-ruusala\/wp-json\/wp\/v2\/types\/page"}],"author":[{"embeddable":true,"href":"https:\/\/blogit.gradia.fi\/mkpt2203-ruusala\/wp-json\/wp\/v2\/users\/950"}],"replies":[{"embeddable":true,"href":"https:\/\/blogit.gradia.fi\/mkpt2203-ruusala\/wp-json\/wp\/v2\/comments?post=275"}],"version-history":[{"count":14,"href":"https:\/\/blogit.gradia.fi\/mkpt2203-ruusala\/wp-json\/wp\/v2\/pages\/275\/revisions"}],"predecessor-version":[{"id":536,"href":"https:\/\/blogit.gradia.fi\/mkpt2203-ruusala\/wp-json\/wp\/v2\/pages\/275\/revisions\/536"}],"wp:attachment":[{"href":"https:\/\/blogit.gradia.fi\/mkpt2203-ruusala\/wp-json\/wp\/v2\/media?parent=275"}],"curies":[{"name":"wp","href":"https:\/\/api.w.org\/{rel}","templated":true}]}}