{"id":269,"date":"2023-03-06T13:34:02","date_gmt":"2023-03-06T11:34:02","guid":{"rendered":"https:\/\/blogit.gradia.fi\/mkpt2203-ruusala\/?page_id=269"},"modified":"2023-03-08T11:15:35","modified_gmt":"2023-03-08T09:15:35","slug":"kultainennoutaja","status":"publish","type":"page","link":"https:\/\/blogit.gradia.fi\/mkpt2203-ruusala\/kultainennoutaja\/","title":{"rendered":"Kultainennoutaja"},"content":{"rendered":"\n<div class=\"wp-block-uagb-container uagb-block-086a7298 alignwide uagb-is-root-container\">\n<p>Kultainennoutaja on sek\u00e4 Suomessa ett\u00e4 maailmanlaajuisesti eritt\u00e4in suosittu rotu. Suomessa se on nelj\u00e4nneksi suosituin rotu. Kultainennoutaja on \u00e4lyk\u00e4s, keskikokoinen, miellytt\u00e4misenhaluinen sek\u00e4 toiminnanhaluinen koira. Kultaisennoutajan ominaisuudet tekev\u00e4t siit\u00e4 hyv\u00e4n harrastuskoiran. Alun perin se on jalostettu mets\u00e4styskoiraksi (ammutun pienriistan noutajai). Kultainennoutaja ei ole pelkk\u00e4 seurakoira, vaan se kaipaa my\u00f6s liikuntaa ja ohjattua toimintaa.<\/p>\n<\/div>\n\n\n\n<div class=\"wp-block-uagb-container uagb-block-9874a020 alignwide uagb-is-root-container\">\t\t\t\t<div class=\"wp-block-uagb-table-of-contents uagb-toc__align-left uagb-toc__columns-1  uagb-block-1e4e1e66      \"\n\t\t\t\t\tdata-scroll= \"1\"\n\t\t\t\t\tdata-offset= \"0\"\n\t\t\t\t\tstyle=\"\"\n\t\t\t\t>\n\t\t\t\t<div class=\"uagb-toc__wrap\">\n\t\t\t\t\t\t<div class=\"uagb-toc__title\">\n\t\t\t\t\t\t\tSis\u00e4lt\u00f6:\t\t\t\t\t\t<\/div>\n\t\t\t\t\t\t\t\t\t\t\t\t\t\t\t\t\t\t\t\t\t\t<div class=\"uagb-toc__list-wrap \">\n\t\t\t\t\t\t<ol class=\"uagb-toc__list\"><li class=\"uagb-toc__list\"><a href=\"#ulkon\u00e4k\u00f6\" class=\"uagb-toc-link__trigger\">Ulkon\u00e4k\u00f6<\/a><li class=\"uagb-toc__list\"><a href=\"#luonne-ja-k\u00e4ytt\u00e4ytyminen\" class=\"uagb-toc-link__trigger\">Luonne ja k\u00e4ytt\u00e4ytyminen<\/a><li class=\"uagb-toc__list\"><a href=\"#terveys\" class=\"uagb-toc-link__trigger\">Terveys<\/a><\/ol>\t\t\t\t\t<\/div>\n\t\t\t\t\t\t\t\t\t<\/div>\n\t\t\t\t<\/div>\n\t\t\t<\/div>\n\n\n\n<div style=\"height:100px\" aria-hidden=\"true\" class=\"wp-block-spacer\"><\/div>\n\n\n\n<div class=\"wp-block-uagb-container uagb-block-d47f1ef0 alignwide uagb-is-root-container\">\n<div class=\"wp-block-uagb-container uagb-block-b21ca193\">\n<div class=\"wp-block-uagb-advanced-heading uagb-block-b067ce12\"><h4 class=\"uagb-heading-text\">Ulkon\u00e4k\u00f6<\/h4><\/div>\n\n\n\n<p>Kultainennoutaja on yksi kuudesta noutajarodusta. Kultaisia noutajia on yleisesti olemassa kahta p\u00e4\u00e4linjaa: n\u00e4yttelylinjaista ja mets\u00e4styslinjaista. Suomessa koirat ovat useimmiten n\u00e4yttelytyyppisi\u00e4. Mets\u00e4styslinjaiset koirat ovat useimmiten hoikempia, lyhyempikarvaisia, v\u00e4rilt\u00e4\u00e4n tummempia ja paremmat riistataipumukset omaavampia. N\u00e4yttelylinjaisilla on useimmiten enemm\u00e4n karvaa, ne ovat raskasrakenteisimpia sek\u00e4 lyhytraajaisempia.<br>Rotum\u00e4\u00e4ritelm\u00e4n mukainen ihanne olisi koira, joka on sek\u00e4 k\u00e4ytt\u00f6koira ett\u00e4 ulkon\u00e4\u00f6lt\u00e4\u00e4n n\u00e4ytt\u00e4v\u00e4, eli niin sanottu dual purpose. Vaikka rotu miellet\u00e4\u00e4n kahtiajakautuneeksi, tavataan kokeissa ja n\u00e4yttelykehiss\u00e4 koiria, joilla on sek\u00e4 ulkon\u00e4k\u00f6\u00e4 ett\u00e4 riistaviettisyytt\u00e4. Englanninkielisiss\u00e4 maissa tunnetaan lis\u00e4ksi jako verrattain matalaan ja tukevarakenteiseen, muita painavampaan brittityyppiin, edell\u00e4 mainittua korkeampaan amerikkalaistyyppiin, sek\u00e4 muita lyhytkarvaisempaan ja korkeampaan kanadalaistyyppiin.<\/p>\n\n\n\n<p>Kultainennoutaja on keskikokoinen koira, jonka s\u00e4k\u00e4korkeus uroksilla 56\u201361 cm ja nartuilla 51\u201356 cm. Se on sopusuhtainen, tasapainoinen, voimakas ja varmaliikkeinen koira. Se on luonteeltaan hyv\u00e4ntahtoinen ja yst\u00e4v\u00e4llinen. Karvapeite on sile\u00e4 tai laineikas ja runsashapsuinen, v\u00e4rein\u00e4 mik\u00e4 tahansa kullan- tai kermanv\u00e4rinen vivahde (ei kuitenkaan punainen eik\u00e4 mahonginv\u00e4rinen). Turkkia olisi hyv\u00e4 harjata p\u00e4ivitt\u00e4in karvanl\u00e4hd\u00f6n aikaan, jolloin karvaa irtoaa todella paljon.<\/p>\n<\/div>\n\n\n\n<div class=\"wp-block-uagb-container uagb-block-2fac8b50\">\n<div class=\"wp-block-uagb-image uagb-block-2e32d86c wp-block-uagb-image--layout-default wp-block-uagb-image--effect-static wp-block-uagb-image--align-none\"><figure class=\"wp-block-uagb-image__figure\"><img decoding=\"async\" src=\"https:\/\/blogit.gradia.fi\/mkpt2203-ruusala\/wp-content\/uploads\/sites\/414\/2023\/03\/golden-retriever-642015_1920-768x1024.jpg\" alt=\"\" class=\"uag-image-321\" width=\"\" height=\"\" title=\"\" loading=\"lazy\" \/><\/figure><\/div>\n<\/div>\n<\/div>\n\n\n\n<div style=\"height:100px\" aria-hidden=\"true\" class=\"wp-block-spacer\"><\/div>\n\n\n\n<div class=\"wp-block-uagb-container uagb-block-670d7033 alignwide uagb-is-root-container\">\n<div class=\"wp-block-uagb-container uagb-block-564d0ecd\">\n<div class=\"wp-block-uagb-advanced-heading uagb-block-ac8828cc\"><h4 class=\"uagb-heading-text\">Luonne ja k\u00e4ytt\u00e4ytyminen<\/h4><\/div>\n<\/div>\n\n\n\n<div class=\"wp-block-uagb-container uagb-block-c8ad9327\">\n<p>Kultainennoutaja on luonteeltaan hyvin iloinen, avoin ja yst\u00e4v\u00e4llinen, varsinkin vanhusten ja lasten l\u00e4sn\u00e4 ollessa, mist\u00e4 syyst\u00e4 se sopii t\u00e4ydellisesti my\u00f6s perhekoiraksi. Kultainennoutaja on kovin ihmisrakas koirarotu. Rodussa esiintyy my\u00f6s eneneviss\u00e4 m\u00e4\u00e4rin arkuutta. Pentua hankkiessa tulisikin vanhempien luonteisiin ja pentueen kasvatusolosuhteisiin kiinnitt\u00e4\u00e4 huomiota. Mik\u00e4li pennut eiv\u00e4t luovutusi\u00e4ss\u00e4 ole kontaktinhakuisia ja pelk\u00e4\u00e4v\u00e4t uusia asioita ja vieraita ihmisi\u00e4, kannattaa pennun ostamista viel\u00e4 mietti\u00e4. Kultainennoutaja on useimmiten eritt\u00e4in sosiaalinen ja tulee hyvin toimeen toisten koirien kanssa. Se on hyvin oppivainen ja helposti koulutettavissa monenlaisiin harrastusmuotoihin. Noutajille tyypillinen piirre pysytell\u00e4 omistajansa l\u00e4heisyydess\u00e4 tekee kultaisesta noutajasta eritt\u00e4in helpon pit\u00e4\u00e4 vapaana. Se on k\u00e4rsiv\u00e4llinen, mutta my\u00f6s omistushaluinen. Kultainennoutaja vaatii kunnollisen peruskasvatuksen ja -koulutuksen. Kultaiset noutajat ovat hyvin ihmisl\u00e4heisi\u00e4 ja tulevat toimeen melkein kaikkien kanssa. Koirasta ei v\u00e4ltt\u00e4m\u00e4tt\u00e4 ole vahtikoiraksi, mutta moneen muuhun se sopii<\/p>\n<\/div>\n\n\n\n<div class=\"wp-block-uagb-container uagb-block-a0c842a4\">\n<div class=\"wp-block-uagb-image uagb-block-78917559 wp-block-uagb-image--layout-default wp-block-uagb-image--effect-static wp-block-uagb-image--align-none\"><figure class=\"wp-block-uagb-image__figure\"><img decoding=\"async\" src=\"https:\/\/blogit.gradia.fi\/mkpt2203-ruusala\/wp-content\/uploads\/sites\/414\/2023\/03\/golden-retriever-672814_1920-1024x979.jpg\" alt=\"\" class=\"uag-image-322\" width=\"\" height=\"\" title=\"\" loading=\"lazy\" \/><\/figure><\/div>\n<\/div>\n\n\n\n<div class=\"wp-block-uagb-container uagb-block-a11e79f7\">\n<div class=\"wp-block-uagb-image uagb-block-9c1e02f9 wp-block-uagb-image--layout-default wp-block-uagb-image--effect-static wp-block-uagb-image--align-none\"><figure class=\"wp-block-uagb-image__figure\"><img decoding=\"async\" src=\"https:\/\/blogit.gradia.fi\/mkpt2203-ruusala\/wp-content\/uploads\/sites\/414\/2023\/03\/animal-3083246_1920-1024x685.jpg\" alt=\"\" class=\"uag-image-308\" width=\"\" height=\"\" title=\"\" loading=\"lazy\" \/><\/figure><\/div>\n<\/div>\n\n\n\n<div class=\"wp-block-uagb-container uagb-block-4591a79b\">\n<p>Kultainennoutaja on ty\u00f6koira ja sit\u00e4 k\u00e4ytet\u00e4\u00e4n laajalti muun muassa opaskoirina sek\u00e4 tullin huumekoirana. Se on my\u00f6s monipuolinen mets\u00e4styskoira muiden noutajarotujen tavoin. Lis\u00e4ksi kultainennoutaja on palveluskoirarotu ja soveltuu my\u00f6s palveluskoiralajeihin, vaikkakin n\u00e4iss\u00e4 nykyisin harvemmin t\u00f6rm\u00e4\u00e4 kultaisiinnoutajiin.<\/p>\n<\/div>\n<\/div>\n\n\n\n<div style=\"height:100px\" aria-hidden=\"true\" class=\"wp-block-spacer\"><\/div>\n\n\n\n<div class=\"wp-block-uagb-container uagb-block-387afb44 alignwide uagb-is-root-container\">\n<div class=\"wp-block-uagb-advanced-heading uagb-block-6267ec4f\"><h4 class=\"uagb-heading-text\">Terveys<\/h4><\/div>\n\n\n\n<p>Koira.netin kuolinsyytilaston mukaan yleisin kuolinsyy 1988-2010 v\u00e4lill\u00e4 el\u00e4neist\u00e4 ja kuolleiksi ilmoitetuista koirista vanhuuden (luonnollinen tai lopetus) j\u00e4lkeen ovat kasvainsairaudet. Yhteens\u00e4 tuossa tilastossa oli 429 koiraa. Keskim\u00e4\u00e4r\u00e4inen elinik\u00e4 n\u00e4ill\u00e4 koirilla oli 10 vuotta ja 3 kuukautta. Kultaisilla noutajilla esiintyy perinn\u00f6llisen\u00e4 lonkkavikaa ja epilepsiaa. Lis\u00e4ksi niill\u00e4 on taipumusta sairastua kilpirauhasen vajaatoimintaan.<\/p>\n<\/div>\n\n\n\n<div class=\"wp-block-uagb-container uagb-block-2ac3076f alignfull uagb-is-root-container\"><div class=\"uagb-container-inner-blocks-wrap\">\n<p>L\u00e4hde: <a href=\"https:\/\/fi.wikipedia.org\/wiki\/Kultainennoutaja\" target=\"_blank\" rel=\"noreferrer noopener\">https:\/\/fi.wikipedia.org\/wiki\/Kultainennoutaja<\/a><\/p>\n<\/div><\/div>\n","protected":false},"excerpt":{"rendered":"<p>Kultainennoutaja on sek\u00e4 Suomessa ett\u00e4 maailmanlaajuisesti eritt\u00e4in suosittu rotu. Suomessa se on nelj\u00e4nneksi suosituin rotu. Kultainennoutaja on \u00e4lyk\u00e4s, keskikokoinen, miellytt\u00e4misenhaluinen sek\u00e4 toiminnanhaluinen koira. Kultaisennoutajan ominaisuudet tekev\u00e4t siit\u00e4 hyv\u00e4n harrastuskoiran. Alun perin se on jalostettu mets\u00e4styskoiraksi (ammutun pienriistan noutajai). Kultainennoutaja ei ole pelkk\u00e4 seurakoira, vaan se kaipaa my\u00f6s liikuntaa ja ohjattua toimintaa. Ulkon\u00e4k\u00f6 Kultainennoutaja on yksi [&hellip;]<\/p>\n","protected":false},"author":950,"featured_media":0,"parent":0,"menu_order":0,"comment_status":"closed","ping_status":"closed","template":"","meta":{"_uag_custom_page_level_css":"","site-sidebar-layout":"default","site-content-layout":"","ast-site-content-layout":"default","site-content-style":"default","site-sidebar-style":"default","ast-global-header-display":"","ast-banner-title-visibility":"","ast-main-header-display":"","ast-hfb-above-header-display":"","ast-hfb-below-header-display":"","ast-hfb-mobile-header-display":"","site-post-title":"","ast-breadcrumbs-content":"","ast-featured-img":"","footer-sml-layout":"","ast-disable-related-posts":"","theme-transparent-header-meta":"","adv-header-id-meta":"","stick-header-meta":"","header-above-stick-meta":"","header-main-stick-meta":"","header-below-stick-meta":"","astra-migrate-meta-layouts":"default","ast-page-background-enabled":"default","ast-page-background-meta":{"desktop":{"background-color":"var(--ast-global-color-4)","background-image":"","background-repeat":"repeat","background-position":"center center","background-size":"auto","background-attachment":"scroll","background-type":"","background-media":"","overlay-type":"","overlay-color":"","overlay-opacity":"","overlay-gradient":""},"tablet":{"background-color":"","background-image":"","background-repeat":"repeat","background-position":"center center","background-size":"auto","background-attachment":"scroll","background-type":"","background-media":"","overlay-type":"","overlay-color":"","overlay-opacity":"","overlay-gradient":""},"mobile":{"background-color":"","background-image":"","background-repeat":"repeat","background-position":"center center","background-size":"auto","background-attachment":"scroll","background-type":"","background-media":"","overlay-type":"","overlay-color":"","overlay-opacity":"","overlay-gradient":""}},"ast-content-background-meta":{"desktop":{"background-color":"var(--ast-global-color-5)","background-image":"","background-repeat":"repeat","background-position":"center center","background-size":"auto","background-attachment":"scroll","background-type":"","background-media":"","overlay-type":"","overlay-color":"","overlay-opacity":"","overlay-gradient":""},"tablet":{"background-color":"var(--ast-global-color-5)","background-image":"","background-repeat":"repeat","background-position":"center center","background-size":"auto","background-attachment":"scroll","background-type":"","background-media":"","overlay-type":"","overlay-color":"","overlay-opacity":"","overlay-gradient":""},"mobile":{"background-color":"var(--ast-global-color-5)","background-image":"","background-repeat":"repeat","background-position":"center center","background-size":"auto","background-attachment":"scroll","background-type":"","background-media":"","overlay-type":"","overlay-color":"","overlay-opacity":"","overlay-gradient":""}},"footnotes":""},"class_list":["post-269","page","type-page","status-publish","hentry"],"yoast_head":"<!-- This site is optimized with the Yoast SEO plugin v27.2 - https:\/\/yoast.com\/product\/yoast-seo-wordpress\/ -->\n<title>Kultainennoutaja - Kultsi&amp;Noutaja<\/title>\n<meta name=\"robots\" content=\"index, follow, max-snippet:-1, max-image-preview:large, max-video-preview:-1\" \/>\n<link rel=\"canonical\" href=\"https:\/\/blogit.gradia.fi\/mkpt2203-ruusala\/kultainennoutaja\/\" \/>\n<meta property=\"og:locale\" content=\"fi_FI\" \/>\n<meta property=\"og:type\" content=\"article\" \/>\n<meta property=\"og:title\" content=\"Kultainennoutaja - Kultsi&amp;Noutaja\" \/>\n<meta property=\"og:description\" content=\"Kultainennoutaja on sek\u00e4 Suomessa ett\u00e4 maailmanlaajuisesti eritt\u00e4in suosittu rotu. Suomessa se on nelj\u00e4nneksi suosituin rotu. Kultainennoutaja on \u00e4lyk\u00e4s, keskikokoinen, miellytt\u00e4misenhaluinen sek\u00e4 toiminnanhaluinen koira. Kultaisennoutajan ominaisuudet tekev\u00e4t siit\u00e4 hyv\u00e4n harrastuskoiran. Alun perin se on jalostettu mets\u00e4styskoiraksi (ammutun pienriistan noutajai). Kultainennoutaja ei ole pelkk\u00e4 seurakoira, vaan se kaipaa my\u00f6s liikuntaa ja ohjattua toimintaa. Ulkon\u00e4k\u00f6 Kultainennoutaja on yksi [&hellip;]\" \/>\n<meta property=\"og:url\" content=\"https:\/\/blogit.gradia.fi\/mkpt2203-ruusala\/kultainennoutaja\/\" \/>\n<meta property=\"og:site_name\" content=\"Kultsi&amp;Noutaja\" \/>\n<meta property=\"article:modified_time\" content=\"2023-03-08T09:15:35+00:00\" \/>\n<meta property=\"og:image\" content=\"https:\/\/blogit.gradia.fi\/mkpt2203-ruusala\/wp-content\/uploads\/sites\/414\/2023\/03\/golden-retriever-642015_1920-768x1024.jpg\" \/>\n<meta name=\"twitter:card\" content=\"summary_large_image\" \/>\n<meta name=\"twitter:label1\" content=\"Arvioitu lukuaika\" \/>\n\t<meta name=\"twitter:data1\" content=\"4 minuuttia\" \/>\n<script type=\"application\/ld+json\" class=\"yoast-schema-graph\">{\"@context\":\"https:\/\/schema.org\",\"@graph\":[{\"@type\":\"WebPage\",\"@id\":\"https:\/\/blogit.gradia.fi\/mkpt2203-ruusala\/kultainennoutaja\/\",\"url\":\"https:\/\/blogit.gradia.fi\/mkpt2203-ruusala\/kultainennoutaja\/\",\"name\":\"Kultainennoutaja - Kultsi&amp;Noutaja\",\"isPartOf\":{\"@id\":\"https:\/\/blogit.gradia.fi\/mkpt2203-ruusala\/#website\"},\"primaryImageOfPage\":{\"@id\":\"https:\/\/blogit.gradia.fi\/mkpt2203-ruusala\/kultainennoutaja\/#primaryimage\"},\"image\":{\"@id\":\"https:\/\/blogit.gradia.fi\/mkpt2203-ruusala\/kultainennoutaja\/#primaryimage\"},\"thumbnailUrl\":\"https:\/\/blogit.gradia.fi\/mkpt2203-ruusala\/wp-content\/uploads\/sites\/414\/2023\/03\/golden-retriever-642015_1920-768x1024.jpg\",\"datePublished\":\"2023-03-06T11:34:02+00:00\",\"dateModified\":\"2023-03-08T09:15:35+00:00\",\"breadcrumb\":{\"@id\":\"https:\/\/blogit.gradia.fi\/mkpt2203-ruusala\/kultainennoutaja\/#breadcrumb\"},\"inLanguage\":\"fi\",\"potentialAction\":[{\"@type\":\"ReadAction\",\"target\":[\"https:\/\/blogit.gradia.fi\/mkpt2203-ruusala\/kultainennoutaja\/\"]}]},{\"@type\":\"ImageObject\",\"inLanguage\":\"fi\",\"@id\":\"https:\/\/blogit.gradia.fi\/mkpt2203-ruusala\/kultainennoutaja\/#primaryimage\",\"url\":\"https:\/\/blogit.gradia.fi\/mkpt2203-ruusala\/wp-content\/uploads\/sites\/414\/2023\/03\/golden-retriever-642015_1920.jpg\",\"contentUrl\":\"https:\/\/blogit.gradia.fi\/mkpt2203-ruusala\/wp-content\/uploads\/sites\/414\/2023\/03\/golden-retriever-642015_1920.jpg\",\"width\":1440,\"height\":1920},{\"@type\":\"BreadcrumbList\",\"@id\":\"https:\/\/blogit.gradia.fi\/mkpt2203-ruusala\/kultainennoutaja\/#breadcrumb\",\"itemListElement\":[{\"@type\":\"ListItem\",\"position\":1,\"name\":\"Etusivu\",\"item\":\"https:\/\/blogit.gradia.fi\/mkpt2203-ruusala\/\"},{\"@type\":\"ListItem\",\"position\":2,\"name\":\"Kultainennoutaja\"}]},{\"@type\":\"WebSite\",\"@id\":\"https:\/\/blogit.gradia.fi\/mkpt2203-ruusala\/#website\",\"url\":\"https:\/\/blogit.gradia.fi\/mkpt2203-ruusala\/\",\"name\":\"Kultsi&amp;Noutaja\",\"description\":\"Kultaistennoutajien erikoiskennel\",\"publisher\":{\"@id\":\"https:\/\/blogit.gradia.fi\/mkpt2203-ruusala\/#organization\"},\"potentialAction\":[{\"@type\":\"SearchAction\",\"target\":{\"@type\":\"EntryPoint\",\"urlTemplate\":\"https:\/\/blogit.gradia.fi\/mkpt2203-ruusala\/?s={search_term_string}\"},\"query-input\":{\"@type\":\"PropertyValueSpecification\",\"valueRequired\":true,\"valueName\":\"search_term_string\"}}],\"inLanguage\":\"fi\"},{\"@type\":\"Organization\",\"@id\":\"https:\/\/blogit.gradia.fi\/mkpt2203-ruusala\/#organization\",\"name\":\"Kultsi&amp;Noutaja\",\"url\":\"https:\/\/blogit.gradia.fi\/mkpt2203-ruusala\/\",\"logo\":{\"@type\":\"ImageObject\",\"inLanguage\":\"fi\",\"@id\":\"https:\/\/blogit.gradia.fi\/mkpt2203-ruusala\/#\/schema\/logo\/image\/\",\"url\":\"https:\/\/blogit.gradia.fi\/mkpt2203-ruusala\/wp-content\/uploads\/sites\/414\/2023\/03\/Logo-kultsi-ja-noutaja-toinen-ver.png\",\"contentUrl\":\"https:\/\/blogit.gradia.fi\/mkpt2203-ruusala\/wp-content\/uploads\/sites\/414\/2023\/03\/Logo-kultsi-ja-noutaja-toinen-ver.png\",\"width\":595,\"height\":842,\"caption\":\"Kultsi&amp;Noutaja\"},\"image\":{\"@id\":\"https:\/\/blogit.gradia.fi\/mkpt2203-ruusala\/#\/schema\/logo\/image\/\"}}]}<\/script>\n<!-- \/ Yoast SEO plugin. -->","yoast_head_json":{"title":"Kultainennoutaja - Kultsi&amp;Noutaja","robots":{"index":"index","follow":"follow","max-snippet":"max-snippet:-1","max-image-preview":"max-image-preview:large","max-video-preview":"max-video-preview:-1"},"canonical":"https:\/\/blogit.gradia.fi\/mkpt2203-ruusala\/kultainennoutaja\/","og_locale":"fi_FI","og_type":"article","og_title":"Kultainennoutaja - Kultsi&amp;Noutaja","og_description":"Kultainennoutaja on sek\u00e4 Suomessa ett\u00e4 maailmanlaajuisesti eritt\u00e4in suosittu rotu. Suomessa se on nelj\u00e4nneksi suosituin rotu. Kultainennoutaja on \u00e4lyk\u00e4s, keskikokoinen, miellytt\u00e4misenhaluinen sek\u00e4 toiminnanhaluinen koira. Kultaisennoutajan ominaisuudet tekev\u00e4t siit\u00e4 hyv\u00e4n harrastuskoiran. Alun perin se on jalostettu mets\u00e4styskoiraksi (ammutun pienriistan noutajai). Kultainennoutaja ei ole pelkk\u00e4 seurakoira, vaan se kaipaa my\u00f6s liikuntaa ja ohjattua toimintaa. Ulkon\u00e4k\u00f6 Kultainennoutaja on yksi [&hellip;]","og_url":"https:\/\/blogit.gradia.fi\/mkpt2203-ruusala\/kultainennoutaja\/","og_site_name":"Kultsi&amp;Noutaja","article_modified_time":"2023-03-08T09:15:35+00:00","og_image":[{"url":"https:\/\/blogit.gradia.fi\/mkpt2203-ruusala\/wp-content\/uploads\/sites\/414\/2023\/03\/golden-retriever-642015_1920-768x1024.jpg","type":"","width":"","height":""}],"twitter_card":"summary_large_image","twitter_misc":{"Arvioitu lukuaika":"4 minuuttia"},"schema":{"@context":"https:\/\/schema.org","@graph":[{"@type":"WebPage","@id":"https:\/\/blogit.gradia.fi\/mkpt2203-ruusala\/kultainennoutaja\/","url":"https:\/\/blogit.gradia.fi\/mkpt2203-ruusala\/kultainennoutaja\/","name":"Kultainennoutaja - Kultsi&amp;Noutaja","isPartOf":{"@id":"https:\/\/blogit.gradia.fi\/mkpt2203-ruusala\/#website"},"primaryImageOfPage":{"@id":"https:\/\/blogit.gradia.fi\/mkpt2203-ruusala\/kultainennoutaja\/#primaryimage"},"image":{"@id":"https:\/\/blogit.gradia.fi\/mkpt2203-ruusala\/kultainennoutaja\/#primaryimage"},"thumbnailUrl":"https:\/\/blogit.gradia.fi\/mkpt2203-ruusala\/wp-content\/uploads\/sites\/414\/2023\/03\/golden-retriever-642015_1920-768x1024.jpg","datePublished":"2023-03-06T11:34:02+00:00","dateModified":"2023-03-08T09:15:35+00:00","breadcrumb":{"@id":"https:\/\/blogit.gradia.fi\/mkpt2203-ruusala\/kultainennoutaja\/#breadcrumb"},"inLanguage":"fi","potentialAction":[{"@type":"ReadAction","target":["https:\/\/blogit.gradia.fi\/mkpt2203-ruusala\/kultainennoutaja\/"]}]},{"@type":"ImageObject","inLanguage":"fi","@id":"https:\/\/blogit.gradia.fi\/mkpt2203-ruusala\/kultainennoutaja\/#primaryimage","url":"https:\/\/blogit.gradia.fi\/mkpt2203-ruusala\/wp-content\/uploads\/sites\/414\/2023\/03\/golden-retriever-642015_1920.jpg","contentUrl":"https:\/\/blogit.gradia.fi\/mkpt2203-ruusala\/wp-content\/uploads\/sites\/414\/2023\/03\/golden-retriever-642015_1920.jpg","width":1440,"height":1920},{"@type":"BreadcrumbList","@id":"https:\/\/blogit.gradia.fi\/mkpt2203-ruusala\/kultainennoutaja\/#breadcrumb","itemListElement":[{"@type":"ListItem","position":1,"name":"Etusivu","item":"https:\/\/blogit.gradia.fi\/mkpt2203-ruusala\/"},{"@type":"ListItem","position":2,"name":"Kultainennoutaja"}]},{"@type":"WebSite","@id":"https:\/\/blogit.gradia.fi\/mkpt2203-ruusala\/#website","url":"https:\/\/blogit.gradia.fi\/mkpt2203-ruusala\/","name":"Kultsi&amp;Noutaja","description":"Kultaistennoutajien erikoiskennel","publisher":{"@id":"https:\/\/blogit.gradia.fi\/mkpt2203-ruusala\/#organization"},"potentialAction":[{"@type":"SearchAction","target":{"@type":"EntryPoint","urlTemplate":"https:\/\/blogit.gradia.fi\/mkpt2203-ruusala\/?s={search_term_string}"},"query-input":{"@type":"PropertyValueSpecification","valueRequired":true,"valueName":"search_term_string"}}],"inLanguage":"fi"},{"@type":"Organization","@id":"https:\/\/blogit.gradia.fi\/mkpt2203-ruusala\/#organization","name":"Kultsi&amp;Noutaja","url":"https:\/\/blogit.gradia.fi\/mkpt2203-ruusala\/","logo":{"@type":"ImageObject","inLanguage":"fi","@id":"https:\/\/blogit.gradia.fi\/mkpt2203-ruusala\/#\/schema\/logo\/image\/","url":"https:\/\/blogit.gradia.fi\/mkpt2203-ruusala\/wp-content\/uploads\/sites\/414\/2023\/03\/Logo-kultsi-ja-noutaja-toinen-ver.png","contentUrl":"https:\/\/blogit.gradia.fi\/mkpt2203-ruusala\/wp-content\/uploads\/sites\/414\/2023\/03\/Logo-kultsi-ja-noutaja-toinen-ver.png","width":595,"height":842,"caption":"Kultsi&amp;Noutaja"},"image":{"@id":"https:\/\/blogit.gradia.fi\/mkpt2203-ruusala\/#\/schema\/logo\/image\/"}}]}},"uagb_featured_image_src":{"full":false,"thumbnail":false,"medium":false,"medium_large":false,"large":false,"1536x1536":false,"2048x2048":false},"uagb_author_info":{"display_name":"Jenny Ruusala","author_link":"https:\/\/blogit.gradia.fi\/mkpt2203-ruusala\/author\/gr276319\/"},"uagb_comment_info":0,"uagb_excerpt":"Kultainennoutaja on sek\u00e4 Suomessa ett\u00e4 maailmanlaajuisesti eritt\u00e4in suosittu rotu. Suomessa se on nelj\u00e4nneksi suosituin rotu. Kultainennoutaja on \u00e4lyk\u00e4s, keskikokoinen, miellytt\u00e4misenhaluinen sek\u00e4 toiminnanhaluinen koira. Kultaisennoutajan ominaisuudet tekev\u00e4t siit\u00e4 hyv\u00e4n harrastuskoiran. Alun perin se on jalostettu mets\u00e4styskoiraksi (ammutun pienriistan noutajai). Kultainennoutaja ei ole pelkk\u00e4 seurakoira, vaan se kaipaa my\u00f6s liikuntaa ja ohjattua toimintaa. Ulkon\u00e4k\u00f6 Kultainennoutaja on yksi&hellip;","_links":{"self":[{"href":"https:\/\/blogit.gradia.fi\/mkpt2203-ruusala\/wp-json\/wp\/v2\/pages\/269","targetHints":{"allow":["GET"]}}],"collection":[{"href":"https:\/\/blogit.gradia.fi\/mkpt2203-ruusala\/wp-json\/wp\/v2\/pages"}],"about":[{"href":"https:\/\/blogit.gradia.fi\/mkpt2203-ruusala\/wp-json\/wp\/v2\/types\/page"}],"author":[{"embeddable":true,"href":"https:\/\/blogit.gradia.fi\/mkpt2203-ruusala\/wp-json\/wp\/v2\/users\/950"}],"replies":[{"embeddable":true,"href":"https:\/\/blogit.gradia.fi\/mkpt2203-ruusala\/wp-json\/wp\/v2\/comments?post=269"}],"version-history":[{"count":16,"href":"https:\/\/blogit.gradia.fi\/mkpt2203-ruusala\/wp-json\/wp\/v2\/pages\/269\/revisions"}],"predecessor-version":[{"id":547,"href":"https:\/\/blogit.gradia.fi\/mkpt2203-ruusala\/wp-json\/wp\/v2\/pages\/269\/revisions\/547"}],"wp:attachment":[{"href":"https:\/\/blogit.gradia.fi\/mkpt2203-ruusala\/wp-json\/wp\/v2\/media?parent=269"}],"curies":[{"name":"wp","href":"https:\/\/api.w.org\/{rel}","templated":true}]}}