{"id":239,"date":"2023-03-07T08:28:01","date_gmt":"2023-03-07T06:28:01","guid":{"rendered":"https:\/\/blogit.gradia.fi\/mkpt2203-nieminen\/?page_id=239"},"modified":"2023-03-07T09:04:12","modified_gmt":"2023-03-07T07:04:12","slug":"koirat","status":"publish","type":"page","link":"https:\/\/blogit.gradia.fi\/mkpt2203-nieminen\/koirat\/","title":{"rendered":"koirat"},"content":{"rendered":"\n<div class=\"wp-block-uagb-container uagb-block-a6fd3a18 alignfull uagb-is-root-container\"><div class=\"uagb-container-inner-blocks-wrap\">\n<div class=\"wp-block-uagb-container uagb-block-80936e6b\">\n<div class=\"wp-block-uagb-info-box uagb-block-621c61f5 uagb-infobox__content-wrap  uagb-infobox-icon-left uagb-infobox-left uagb-infobox-stacked-tablet uagb-infobox-image-valign-top\"><div class=\"uagb-ifb-icon-wrap\"><\/div><div class=\"uagb-ifb-content\"><div class=\"uagb-ifb-title-wrap\"><h2 class=\"uagb-ifb-title\">Toto<\/h2><\/div><p class=\"uagb-ifb-desc\"><br>Virallinen nimi: Tophias Darktooth<br>Sukupuoli: Uros<br>Oma koira:<br>Kasvattaja: Kennel Cerbi<br>Syntym\u00e4p\u00e4iv\u00e4: 12.5.2011<br>Terveys:<br>Lonkat: A\/A Kyyn\u00e4rp\u00e4\u00e4t: 0\/0 Silm\u00e4t: ok<br>Meriitit:<\/p><\/div><\/div>\n<\/div>\n\n\n\n<div class=\"wp-block-uagb-container uagb-block-7db60d35\">\n<figure class=\"wp-block-image size-large\"><img loading=\"lazy\" decoding=\"async\" width=\"1024\" height=\"635\" src=\"https:\/\/blogit.gradia.fi\/mkpt2203-nieminen\/wp-content\/uploads\/sites\/408\/2023\/03\/Toto-1024x635.jpg\" alt=\"\" class=\"wp-image-261\" srcset=\"https:\/\/blogit.gradia.fi\/mkpt2203-nieminen\/wp-content\/uploads\/sites\/408\/2023\/03\/Toto-1024x635.jpg 1024w, https:\/\/blogit.gradia.fi\/mkpt2203-nieminen\/wp-content\/uploads\/sites\/408\/2023\/03\/Toto-300x186.jpg 300w, https:\/\/blogit.gradia.fi\/mkpt2203-nieminen\/wp-content\/uploads\/sites\/408\/2023\/03\/Toto-768x476.jpg 768w, https:\/\/blogit.gradia.fi\/mkpt2203-nieminen\/wp-content\/uploads\/sites\/408\/2023\/03\/Toto-1536x952.jpg 1536w, https:\/\/blogit.gradia.fi\/mkpt2203-nieminen\/wp-content\/uploads\/sites\/408\/2023\/03\/Toto.jpg 1920w\" sizes=\"auto, (max-width: 1024px) 100vw, 1024px\" \/><\/figure>\n<\/div>\n<\/div><\/div>\n\n\n\n<div class=\"wp-block-uagb-container uagb-block-c7d1d2a3 alignfull uagb-is-root-container\"><div class=\"uagb-container-inner-blocks-wrap\">\n<div class=\"wp-block-uagb-container uagb-block-6fa5681d\">\n<div class=\"wp-block-uagb-info-box uagb-block-cf1af3e0 uagb-infobox__content-wrap  uagb-infobox-icon-left uagb-infobox-left uagb-infobox-stacked-tablet uagb-infobox-image-valign-top\"><div class=\"uagb-ifb-icon-wrap\"><\/div><div class=\"uagb-ifb-content\"><div class=\"uagb-ifb-title-wrap\"><h3 class=\"uagb-ifb-title\">Stella<\/h3><\/div><p class=\"uagb-ifb-desc\"><br>Virallinen nimi: Stella Palefur<br>Sukupuoli: Naaras<br>Oma koira: X<br>Kasvattaja:<br>Syntym\u00e4p\u00e4iv\u00e4: 24.8.2015<br>Terveys:<br>Lonkat: A\/A Kyyn\u00e4rp\u00e4\u00e4t: 0\/0 Silm\u00e4t: clear, PRA-1 clear<br>Meriitit:<br>Puppy class 2nd with HP<br>Open class 1st\/EXC, CQ -&gt; 2nd BEST BITCH -&gt; CAC<\/p><\/div><\/div>\n<\/div>\n\n\n\n<div class=\"wp-block-uagb-container uagb-block-cad858b2\">\n<figure class=\"wp-block-image size-large\"><img loading=\"lazy\" decoding=\"async\" width=\"1024\" height=\"683\" src=\"https:\/\/blogit.gradia.fi\/mkpt2203-nieminen\/wp-content\/uploads\/sites\/408\/2023\/03\/Stella-1024x683.jpg\" alt=\"\" class=\"wp-image-264\" srcset=\"https:\/\/blogit.gradia.fi\/mkpt2203-nieminen\/wp-content\/uploads\/sites\/408\/2023\/03\/Stella-1024x683.jpg 1024w, https:\/\/blogit.gradia.fi\/mkpt2203-nieminen\/wp-content\/uploads\/sites\/408\/2023\/03\/Stella-300x200.jpg 300w, https:\/\/blogit.gradia.fi\/mkpt2203-nieminen\/wp-content\/uploads\/sites\/408\/2023\/03\/Stella-768x512.jpg 768w, https:\/\/blogit.gradia.fi\/mkpt2203-nieminen\/wp-content\/uploads\/sites\/408\/2023\/03\/Stella-1536x1024.jpg 1536w, https:\/\/blogit.gradia.fi\/mkpt2203-nieminen\/wp-content\/uploads\/sites\/408\/2023\/03\/Stella.jpg 1920w\" sizes=\"auto, (max-width: 1024px) 100vw, 1024px\" \/><\/figure>\n<\/div>\n<\/div><\/div>\n\n\n\n<div class=\"wp-block-uagb-container uagb-block-70f07335 alignfull uagb-is-root-container\"><div class=\"uagb-container-inner-blocks-wrap\">\n<div class=\"wp-block-uagb-container uagb-block-a83d140c\">\n<div class=\"wp-block-uagb-info-box uagb-block-b9dfed06 uagb-infobox__content-wrap  uagb-infobox-icon-left uagb-infobox-left uagb-infobox-stacked-tablet uagb-infobox-image-valign-top\"><div class=\"uagb-ifb-icon-wrap\"><\/div><div class=\"uagb-ifb-content\"><div class=\"uagb-ifb-title-wrap\"><h3 class=\"uagb-ifb-title\">Tille<\/h3><\/div><p class=\"uagb-ifb-desc\">Virallinen nimi: Tiara Spiritrunner<br>Sukupuoli: Naaras<br>Oma koira: X<br>Kasvattaja:<br>Syntym\u00e4p\u00e4iv\u00e4: 11.3.2016<br>Terveys:<br>Lonkat: A\/A Kyyn\u00e4rp\u00e4\u00e4t: 0\/0 Silm\u00e4t: clear<br>Meriitit: Junior class 2nd with EXC<\/p><\/div><\/div>\n<\/div>\n\n\n\n<div class=\"wp-block-uagb-container uagb-block-b876aaff\">\n<figure class=\"wp-block-image size-large\"><img loading=\"lazy\" decoding=\"async\" width=\"1024\" height=\"683\" src=\"https:\/\/blogit.gradia.fi\/mkpt2203-nieminen\/wp-content\/uploads\/sites\/408\/2023\/03\/Tille-1024x683.jpg\" alt=\"\" class=\"wp-image-267\" srcset=\"https:\/\/blogit.gradia.fi\/mkpt2203-nieminen\/wp-content\/uploads\/sites\/408\/2023\/03\/Tille-1024x683.jpg 1024w, https:\/\/blogit.gradia.fi\/mkpt2203-nieminen\/wp-content\/uploads\/sites\/408\/2023\/03\/Tille-300x200.jpg 300w, https:\/\/blogit.gradia.fi\/mkpt2203-nieminen\/wp-content\/uploads\/sites\/408\/2023\/03\/Tille-768x512.jpg 768w, https:\/\/blogit.gradia.fi\/mkpt2203-nieminen\/wp-content\/uploads\/sites\/408\/2023\/03\/Tille-1536x1024.jpg 1536w, https:\/\/blogit.gradia.fi\/mkpt2203-nieminen\/wp-content\/uploads\/sites\/408\/2023\/03\/Tille.jpg 1920w\" sizes=\"auto, (max-width: 1024px) 100vw, 1024px\" \/><\/figure>\n<\/div>\n<\/div><\/div>\n\n\n\n<div class=\"wp-block-uagb-container uagb-block-12c27e98 alignfull uagb-is-root-container\"><div class=\"uagb-container-inner-blocks-wrap\">\n<div class=\"wp-block-uagb-container uagb-block-bd73bfca\">\n<div class=\"wp-block-uagb-info-box uagb-block-1423d2f1 uagb-infobox__content-wrap  uagb-infobox-icon-left uagb-infobox-left uagb-infobox-stacked-tablet uagb-infobox-image-valign-top\"><div class=\"uagb-ifb-icon-wrap\"><\/div><div class=\"uagb-ifb-content\"><div class=\"uagb-ifb-title-wrap\"><h2 class=\"uagb-ifb-title\">Musti<\/h2><\/div><p class=\"uagb-ifb-desc\">Virallinen nimi: Murphy Von Reynard<br>Sukupuoli: Uros<br>Oma koira:<br>Kasvattaja: Kennel Reynard<br>Syntym\u00e4p\u00e4iv\u00e4: 5.1.2015<br>Terveys:<br>Lonkat: A\/A Kyyn\u00e4rp\u00e4\u00e4t: 0\/0 Silm\u00e4t: ok<br>Meriitit:<br>Puppy class 5-7 months 2nd with HP Junior class 3rd with EXC<br><\/p><\/div><\/div>\n<\/div>\n\n\n\n<div class=\"wp-block-uagb-container uagb-block-138bb002\">\n<figure class=\"wp-block-image size-large\"><img loading=\"lazy\" decoding=\"async\" width=\"1024\" height=\"746\" src=\"https:\/\/blogit.gradia.fi\/mkpt2203-nieminen\/wp-content\/uploads\/sites\/408\/2023\/03\/Musti-1024x746.jpg\" alt=\"\" class=\"wp-image-270\" srcset=\"https:\/\/blogit.gradia.fi\/mkpt2203-nieminen\/wp-content\/uploads\/sites\/408\/2023\/03\/Musti-1024x746.jpg 1024w, https:\/\/blogit.gradia.fi\/mkpt2203-nieminen\/wp-content\/uploads\/sites\/408\/2023\/03\/Musti-300x219.jpg 300w, https:\/\/blogit.gradia.fi\/mkpt2203-nieminen\/wp-content\/uploads\/sites\/408\/2023\/03\/Musti-768x560.jpg 768w, https:\/\/blogit.gradia.fi\/mkpt2203-nieminen\/wp-content\/uploads\/sites\/408\/2023\/03\/Musti-1536x1119.jpg 1536w, https:\/\/blogit.gradia.fi\/mkpt2203-nieminen\/wp-content\/uploads\/sites\/408\/2023\/03\/Musti.jpg 1920w\" sizes=\"auto, (max-width: 1024px) 100vw, 1024px\" \/><\/figure>\n<\/div>\n<\/div><\/div>\n\n\n\n<div class=\"wp-block-uagb-container uagb-block-ca5bb53e alignfull uagb-is-root-container\"><div class=\"uagb-container-inner-blocks-wrap\">\n<div class=\"wp-block-uagb-container uagb-block-04b0b63c\">\n<div class=\"wp-block-uagb-info-box uagb-block-90b8e8f9 uagb-infobox__content-wrap  uagb-infobox-icon-left uagb-infobox-left uagb-infobox-stacked-tablet uagb-infobox-image-valign-top\"><div class=\"uagb-ifb-icon-wrap\"><\/div><div class=\"uagb-ifb-content\"><div class=\"uagb-ifb-title-wrap\"><h2 class=\"uagb-ifb-title\">minni<\/h2><\/div><p class=\"uagb-ifb-desc\">Virallinen nimi: Lady Minnie Cupcake<br>Sukupuoli: Naaras<br>Oma koira: X<br>Kasvattaja:<br>Syntym\u00e4p\u00e4iv\u00e4: 7.9.2014<br>Terveys:<br>Lonkat: A\/A Kyyn\u00e4rp\u00e4\u00e4t: 0\/0 Silm\u00e4t: ok<br>Meriitit:<br>Puppy class 5-7 months 3rd with HP Puppy class 7-9 months 1st with HP -&gt;BOB PUPPY Junior class 1st EXC, CQ, 3rd BEST BITCH, rec CC<\/p><\/div><\/div>\n<\/div>\n\n\n\n<div class=\"wp-block-uagb-container uagb-block-5619af09\">\n<figure class=\"wp-block-image size-large\"><img loading=\"lazy\" decoding=\"async\" width=\"1024\" height=\"683\" src=\"https:\/\/blogit.gradia.fi\/mkpt2203-nieminen\/wp-content\/uploads\/sites\/408\/2023\/03\/Minni-1024x683.jpg\" alt=\"\" class=\"wp-image-271\" srcset=\"https:\/\/blogit.gradia.fi\/mkpt2203-nieminen\/wp-content\/uploads\/sites\/408\/2023\/03\/Minni-1024x683.jpg 1024w, https:\/\/blogit.gradia.fi\/mkpt2203-nieminen\/wp-content\/uploads\/sites\/408\/2023\/03\/Minni-300x200.jpg 300w, https:\/\/blogit.gradia.fi\/mkpt2203-nieminen\/wp-content\/uploads\/sites\/408\/2023\/03\/Minni-768x512.jpg 768w, https:\/\/blogit.gradia.fi\/mkpt2203-nieminen\/wp-content\/uploads\/sites\/408\/2023\/03\/Minni-1536x1025.jpg 1536w, https:\/\/blogit.gradia.fi\/mkpt2203-nieminen\/wp-content\/uploads\/sites\/408\/2023\/03\/Minni.jpg 1920w\" sizes=\"auto, (max-width: 1024px) 100vw, 1024px\" \/><\/figure>\n<\/div>\n<\/div><\/div>\n","protected":false},"excerpt":{"rendered":"","protected":false},"author":944,"featured_media":0,"parent":0,"menu_order":0,"comment_status":"closed","ping_status":"closed","template":"","meta":{"_uag_custom_page_level_css":"","site-sidebar-layout":"default","site-content-layout":"","ast-site-content-layout":"default","site-content-style":"default","site-sidebar-style":"default","ast-global-header-display":"","ast-banner-title-visibility":"","ast-main-header-display":"","ast-hfb-above-header-display":"","ast-hfb-below-header-display":"","ast-hfb-mobile-header-display":"","site-post-title":"","ast-breadcrumbs-content":"","ast-featured-img":"","footer-sml-layout":"","ast-disable-related-posts":"","theme-transparent-header-meta":"","adv-header-id-meta":"","stick-header-meta":"","header-above-stick-meta":"","header-main-stick-meta":"","header-below-stick-meta":"","astra-migrate-meta-layouts":"default","ast-page-background-enabled":"default","ast-page-background-meta":{"desktop":{"background-color":"var(--ast-global-color-4)","background-image":"","background-repeat":"repeat","background-position":"center center","background-size":"auto","background-attachment":"scroll","background-type":"","background-media":"","overlay-type":"","overlay-color":"","overlay-opacity":"","overlay-gradient":""},"tablet":{"background-color":"","background-image":"","background-repeat":"repeat","background-position":"center center","background-size":"auto","background-attachment":"scroll","background-type":"","background-media":"","overlay-type":"","overlay-color":"","overlay-opacity":"","overlay-gradient":""},"mobile":{"background-color":"","background-image":"","background-repeat":"repeat","background-position":"center center","background-size":"auto","background-attachment":"scroll","background-type":"","background-media":"","overlay-type":"","overlay-color":"","overlay-opacity":"","overlay-gradient":""}},"ast-content-background-meta":{"desktop":{"background-color":"var(--ast-global-color-5)","background-image":"","background-repeat":"repeat","background-position":"center center","background-size":"auto","background-attachment":"scroll","background-type":"","background-media":"","overlay-type":"","overlay-color":"","overlay-opacity":"","overlay-gradient":""},"tablet":{"background-color":"var(--ast-global-color-5)","background-image":"","background-repeat":"repeat","background-position":"center center","background-size":"auto","background-attachment":"scroll","background-type":"","background-media":"","overlay-type":"","overlay-color":"","overlay-opacity":"","overlay-gradient":""},"mobile":{"background-color":"var(--ast-global-color-5)","background-image":"","background-repeat":"repeat","background-position":"center center","background-size":"auto","background-attachment":"scroll","background-type":"","background-media":"","overlay-type":"","overlay-color":"","overlay-opacity":"","overlay-gradient":""}},"footnotes":""},"class_list":["post-239","page","type-page","status-publish","hentry"],"yoast_head":"<!-- This site is optimized with the Yoast SEO plugin v27.2 - https:\/\/yoast.com\/product\/yoast-seo-wordpress\/ -->\n<title>koirat - Kultsi &amp; Noutaja<\/title>\n<meta name=\"robots\" content=\"index, follow, max-snippet:-1, max-image-preview:large, max-video-preview:-1\" \/>\n<link rel=\"canonical\" href=\"https:\/\/blogit.gradia.fi\/mkpt2203-nieminen\/koirat\/\" \/>\n<meta property=\"og:locale\" content=\"fi_FI\" \/>\n<meta property=\"og:type\" content=\"article\" \/>\n<meta property=\"og:title\" content=\"koirat - Kultsi &amp; Noutaja\" \/>\n<meta property=\"og:url\" content=\"https:\/\/blogit.gradia.fi\/mkpt2203-nieminen\/koirat\/\" \/>\n<meta property=\"og:site_name\" content=\"Kultsi &amp; Noutaja\" \/>\n<meta property=\"article:modified_time\" content=\"2023-03-07T07:04:12+00:00\" \/>\n<meta property=\"og:image\" content=\"https:\/\/blogit.gradia.fi\/mkpt2203-nieminen\/wp-content\/uploads\/sites\/408\/2023\/03\/Toto-1024x635.jpg\" \/>\n<meta name=\"twitter:card\" content=\"summary_large_image\" \/>\n<meta name=\"twitter:label1\" content=\"Arvioitu lukuaika\" \/>\n\t<meta name=\"twitter:data1\" content=\"3 minuuttia\" \/>\n<script type=\"application\/ld+json\" class=\"yoast-schema-graph\">{\"@context\":\"https:\/\/schema.org\",\"@graph\":[{\"@type\":\"WebPage\",\"@id\":\"https:\/\/blogit.gradia.fi\/mkpt2203-nieminen\/koirat\/\",\"url\":\"https:\/\/blogit.gradia.fi\/mkpt2203-nieminen\/koirat\/\",\"name\":\"koirat - Kultsi &amp; Noutaja\",\"isPartOf\":{\"@id\":\"https:\/\/blogit.gradia.fi\/mkpt2203-nieminen\/#website\"},\"primaryImageOfPage\":{\"@id\":\"https:\/\/blogit.gradia.fi\/mkpt2203-nieminen\/koirat\/#primaryimage\"},\"image\":{\"@id\":\"https:\/\/blogit.gradia.fi\/mkpt2203-nieminen\/koirat\/#primaryimage\"},\"thumbnailUrl\":\"https:\/\/blogit.gradia.fi\/mkpt2203-nieminen\/wp-content\/uploads\/sites\/408\/2023\/03\/Toto-1024x635.jpg\",\"datePublished\":\"2023-03-07T06:28:01+00:00\",\"dateModified\":\"2023-03-07T07:04:12+00:00\",\"breadcrumb\":{\"@id\":\"https:\/\/blogit.gradia.fi\/mkpt2203-nieminen\/koirat\/#breadcrumb\"},\"inLanguage\":\"fi\",\"potentialAction\":[{\"@type\":\"ReadAction\",\"target\":[\"https:\/\/blogit.gradia.fi\/mkpt2203-nieminen\/koirat\/\"]}]},{\"@type\":\"ImageObject\",\"inLanguage\":\"fi\",\"@id\":\"https:\/\/blogit.gradia.fi\/mkpt2203-nieminen\/koirat\/#primaryimage\",\"url\":\"https:\/\/blogit.gradia.fi\/mkpt2203-nieminen\/wp-content\/uploads\/sites\/408\/2023\/03\/Toto.jpg\",\"contentUrl\":\"https:\/\/blogit.gradia.fi\/mkpt2203-nieminen\/wp-content\/uploads\/sites\/408\/2023\/03\/Toto.jpg\",\"width\":1920,\"height\":1190},{\"@type\":\"BreadcrumbList\",\"@id\":\"https:\/\/blogit.gradia.fi\/mkpt2203-nieminen\/koirat\/#breadcrumb\",\"itemListElement\":[{\"@type\":\"ListItem\",\"position\":1,\"name\":\"Etusivu\",\"item\":\"https:\/\/blogit.gradia.fi\/mkpt2203-nieminen\/\"},{\"@type\":\"ListItem\",\"position\":2,\"name\":\"koirat\"}]},{\"@type\":\"WebSite\",\"@id\":\"https:\/\/blogit.gradia.fi\/mkpt2203-nieminen\/#website\",\"url\":\"https:\/\/blogit.gradia.fi\/mkpt2203-nieminen\/\",\"name\":\"Kultsi &amp; Noutaja\",\"description\":\"ultaistennoutajien erikoiskennel\",\"publisher\":{\"@id\":\"https:\/\/blogit.gradia.fi\/mkpt2203-nieminen\/#organization\"},\"potentialAction\":[{\"@type\":\"SearchAction\",\"target\":{\"@type\":\"EntryPoint\",\"urlTemplate\":\"https:\/\/blogit.gradia.fi\/mkpt2203-nieminen\/?s={search_term_string}\"},\"query-input\":{\"@type\":\"PropertyValueSpecification\",\"valueRequired\":true,\"valueName\":\"search_term_string\"}}],\"inLanguage\":\"fi\"},{\"@type\":\"Organization\",\"@id\":\"https:\/\/blogit.gradia.fi\/mkpt2203-nieminen\/#organization\",\"name\":\"Kultsi &amp; Noutaja\",\"url\":\"https:\/\/blogit.gradia.fi\/mkpt2203-nieminen\/\",\"logo\":{\"@type\":\"ImageObject\",\"inLanguage\":\"fi\",\"@id\":\"https:\/\/blogit.gradia.fi\/mkpt2203-nieminen\/#\/schema\/logo\/image\/\",\"url\":\"https:\/\/blogit.gradia.fi\/mkpt2203-nieminen\/wp-content\/uploads\/sites\/408\/2023\/03\/cropped-Logo-1.png\",\"contentUrl\":\"https:\/\/blogit.gradia.fi\/mkpt2203-nieminen\/wp-content\/uploads\/sites\/408\/2023\/03\/cropped-Logo-1.png\",\"width\":594,\"height\":419,\"caption\":\"Kultsi &amp; Noutaja\"},\"image\":{\"@id\":\"https:\/\/blogit.gradia.fi\/mkpt2203-nieminen\/#\/schema\/logo\/image\/\"}}]}<\/script>\n<!-- \/ Yoast SEO plugin. -->","yoast_head_json":{"title":"koirat - Kultsi &amp; Noutaja","robots":{"index":"index","follow":"follow","max-snippet":"max-snippet:-1","max-image-preview":"max-image-preview:large","max-video-preview":"max-video-preview:-1"},"canonical":"https:\/\/blogit.gradia.fi\/mkpt2203-nieminen\/koirat\/","og_locale":"fi_FI","og_type":"article","og_title":"koirat - Kultsi &amp; Noutaja","og_url":"https:\/\/blogit.gradia.fi\/mkpt2203-nieminen\/koirat\/","og_site_name":"Kultsi &amp; Noutaja","article_modified_time":"2023-03-07T07:04:12+00:00","og_image":[{"url":"https:\/\/blogit.gradia.fi\/mkpt2203-nieminen\/wp-content\/uploads\/sites\/408\/2023\/03\/Toto-1024x635.jpg","type":"","width":"","height":""}],"twitter_card":"summary_large_image","twitter_misc":{"Arvioitu lukuaika":"3 minuuttia"},"schema":{"@context":"https:\/\/schema.org","@graph":[{"@type":"WebPage","@id":"https:\/\/blogit.gradia.fi\/mkpt2203-nieminen\/koirat\/","url":"https:\/\/blogit.gradia.fi\/mkpt2203-nieminen\/koirat\/","name":"koirat - Kultsi &amp; Noutaja","isPartOf":{"@id":"https:\/\/blogit.gradia.fi\/mkpt2203-nieminen\/#website"},"primaryImageOfPage":{"@id":"https:\/\/blogit.gradia.fi\/mkpt2203-nieminen\/koirat\/#primaryimage"},"image":{"@id":"https:\/\/blogit.gradia.fi\/mkpt2203-nieminen\/koirat\/#primaryimage"},"thumbnailUrl":"https:\/\/blogit.gradia.fi\/mkpt2203-nieminen\/wp-content\/uploads\/sites\/408\/2023\/03\/Toto-1024x635.jpg","datePublished":"2023-03-07T06:28:01+00:00","dateModified":"2023-03-07T07:04:12+00:00","breadcrumb":{"@id":"https:\/\/blogit.gradia.fi\/mkpt2203-nieminen\/koirat\/#breadcrumb"},"inLanguage":"fi","potentialAction":[{"@type":"ReadAction","target":["https:\/\/blogit.gradia.fi\/mkpt2203-nieminen\/koirat\/"]}]},{"@type":"ImageObject","inLanguage":"fi","@id":"https:\/\/blogit.gradia.fi\/mkpt2203-nieminen\/koirat\/#primaryimage","url":"https:\/\/blogit.gradia.fi\/mkpt2203-nieminen\/wp-content\/uploads\/sites\/408\/2023\/03\/Toto.jpg","contentUrl":"https:\/\/blogit.gradia.fi\/mkpt2203-nieminen\/wp-content\/uploads\/sites\/408\/2023\/03\/Toto.jpg","width":1920,"height":1190},{"@type":"BreadcrumbList","@id":"https:\/\/blogit.gradia.fi\/mkpt2203-nieminen\/koirat\/#breadcrumb","itemListElement":[{"@type":"ListItem","position":1,"name":"Etusivu","item":"https:\/\/blogit.gradia.fi\/mkpt2203-nieminen\/"},{"@type":"ListItem","position":2,"name":"koirat"}]},{"@type":"WebSite","@id":"https:\/\/blogit.gradia.fi\/mkpt2203-nieminen\/#website","url":"https:\/\/blogit.gradia.fi\/mkpt2203-nieminen\/","name":"Kultsi &amp; Noutaja","description":"ultaistennoutajien erikoiskennel","publisher":{"@id":"https:\/\/blogit.gradia.fi\/mkpt2203-nieminen\/#organization"},"potentialAction":[{"@type":"SearchAction","target":{"@type":"EntryPoint","urlTemplate":"https:\/\/blogit.gradia.fi\/mkpt2203-nieminen\/?s={search_term_string}"},"query-input":{"@type":"PropertyValueSpecification","valueRequired":true,"valueName":"search_term_string"}}],"inLanguage":"fi"},{"@type":"Organization","@id":"https:\/\/blogit.gradia.fi\/mkpt2203-nieminen\/#organization","name":"Kultsi &amp; Noutaja","url":"https:\/\/blogit.gradia.fi\/mkpt2203-nieminen\/","logo":{"@type":"ImageObject","inLanguage":"fi","@id":"https:\/\/blogit.gradia.fi\/mkpt2203-nieminen\/#\/schema\/logo\/image\/","url":"https:\/\/blogit.gradia.fi\/mkpt2203-nieminen\/wp-content\/uploads\/sites\/408\/2023\/03\/cropped-Logo-1.png","contentUrl":"https:\/\/blogit.gradia.fi\/mkpt2203-nieminen\/wp-content\/uploads\/sites\/408\/2023\/03\/cropped-Logo-1.png","width":594,"height":419,"caption":"Kultsi &amp; Noutaja"},"image":{"@id":"https:\/\/blogit.gradia.fi\/mkpt2203-nieminen\/#\/schema\/logo\/image\/"}}]}},"uagb_featured_image_src":{"full":false,"thumbnail":false,"medium":false,"medium_large":false,"large":false,"1536x1536":false,"2048x2048":false},"uagb_author_info":{"display_name":"Neea Nieminen","author_link":"https:\/\/blogit.gradia.fi\/mkpt2203-nieminen\/author\/gr276305\/"},"uagb_comment_info":0,"uagb_excerpt":null,"_links":{"self":[{"href":"https:\/\/blogit.gradia.fi\/mkpt2203-nieminen\/wp-json\/wp\/v2\/pages\/239","targetHints":{"allow":["GET"]}}],"collection":[{"href":"https:\/\/blogit.gradia.fi\/mkpt2203-nieminen\/wp-json\/wp\/v2\/pages"}],"about":[{"href":"https:\/\/blogit.gradia.fi\/mkpt2203-nieminen\/wp-json\/wp\/v2\/types\/page"}],"author":[{"embeddable":true,"href":"https:\/\/blogit.gradia.fi\/mkpt2203-nieminen\/wp-json\/wp\/v2\/users\/944"}],"replies":[{"embeddable":true,"href":"https:\/\/blogit.gradia.fi\/mkpt2203-nieminen\/wp-json\/wp\/v2\/comments?post=239"}],"version-history":[{"count":6,"href":"https:\/\/blogit.gradia.fi\/mkpt2203-nieminen\/wp-json\/wp\/v2\/pages\/239\/revisions"}],"predecessor-version":[{"id":274,"href":"https:\/\/blogit.gradia.fi\/mkpt2203-nieminen\/wp-json\/wp\/v2\/pages\/239\/revisions\/274"}],"wp:attachment":[{"href":"https:\/\/blogit.gradia.fi\/mkpt2203-nieminen\/wp-json\/wp\/v2\/media?parent=239"}],"curies":[{"name":"wp","href":"https:\/\/api.w.org\/{rel}","templated":true}]}}