{"id":237,"date":"2023-03-07T08:27:39","date_gmt":"2023-03-07T06:27:39","guid":{"rendered":"https:\/\/blogit.gradia.fi\/mkpt2203-nieminen\/?page_id=237"},"modified":"2023-03-09T09:16:08","modified_gmt":"2023-03-09T07:16:08","slug":"ulkonako","status":"publish","type":"page","link":"https:\/\/blogit.gradia.fi\/mkpt2203-nieminen\/ulkonako\/","title":{"rendered":"Ulkon\u00e4k\u00f6"},"content":{"rendered":"\n<div class=\"wp-block-uagb-container uagb-block-67c2fb22 alignfull uagb-is-root-container\"><div class=\"uagb-container-inner-blocks-wrap\">\n<p class=\"has-ast-global-color-4-color has-ast-global-color-8-background-color has-text-color has-background has-medium-font-size\">Rotum\u00e4\u00e4ritelm\u00e4n mukainen ihanne olisi koira, joka on sek\u00e4 k\u00e4ytt\u00f6koira ett\u00e4 ulkon\u00e4\u00f6lt\u00e4\u00e4n n\u00e4ytt\u00e4v\u00e4, eli niin sanottu dual purpose. Vaikka rotu miellet\u00e4\u00e4n kahtiajakautuneeksi, tavataan kokeissa ja n\u00e4yttelykehiss\u00e4 koiria, joilla on sek\u00e4 ulkon\u00e4k\u00f6\u00e4 ett\u00e4 riistaviettisyytt\u00e4. Englanninkielisiss\u00e4 maissa tunnetaan lis\u00e4ksi jako verrattain matalaan ja tukevarakenteiseen, muita painavampaan brittityyppiin, edell\u00e4 mainittua korkeampaan amerikkalaistyyppiin, sek\u00e4 muita lyhytkarvaisempaan ja korkeampaan kanadalaistyyppiin.<\/p>\n\n\n\n<p class=\"has-ast-global-color-5-color has-ast-global-color-8-background-color has-text-color has-background has-medium-font-size\">Kultainennoutaja on keskikokoinen koira, jonka s\u00e4k\u00e4korkeus uroksilla 56\u201361 cm ja nartuilla 51\u201356 cm. Se on sopusuhtainen, tasapainoinen, voimakas ja varmaliikkeinen koira. Se on luonteeltaan hyv\u00e4ntahtoinen ja yst\u00e4v\u00e4llinen. Karvapeite on sile\u00e4 tai laineikas ja runsashapsuinen, v\u00e4rein\u00e4 mik\u00e4 tahansa kullan- tai kermanv\u00e4rinen vivahde (ei kuitenkaan punainen eik\u00e4 mahonginv\u00e4rinen). Turkkia olisi hyv\u00e4 harjata p\u00e4ivitt\u00e4in karvanl\u00e4hd\u00f6n aikaan, jolloin karvaa irtoaa todella paljon<\/p>\n<\/div><\/div>\n","protected":false},"excerpt":{"rendered":"<p>Rotum\u00e4\u00e4ritelm\u00e4n mukainen ihanne olisi koira, joka on sek\u00e4 k\u00e4ytt\u00f6koira ett\u00e4 ulkon\u00e4\u00f6lt\u00e4\u00e4n n\u00e4ytt\u00e4v\u00e4, eli niin sanottu dual purpose. Vaikka rotu miellet\u00e4\u00e4n kahtiajakautuneeksi, tavataan kokeissa ja n\u00e4yttelykehiss\u00e4 koiria, joilla on sek\u00e4 ulkon\u00e4k\u00f6\u00e4 ett\u00e4 riistaviettisyytt\u00e4. Englanninkielisiss\u00e4 maissa tunnetaan lis\u00e4ksi jako verrattain matalaan ja tukevarakenteiseen, muita painavampaan brittityyppiin, edell\u00e4 mainittua korkeampaan amerikkalaistyyppiin, sek\u00e4 muita lyhytkarvaisempaan ja korkeampaan kanadalaistyyppiin. Kultainennoutaja [&hellip;]<\/p>\n","protected":false},"author":944,"featured_media":0,"parent":0,"menu_order":0,"comment_status":"closed","ping_status":"closed","template":"","meta":{"_uag_custom_page_level_css":"","site-sidebar-layout":"default","site-content-layout":"","ast-site-content-layout":"default","site-content-style":"default","site-sidebar-style":"default","ast-global-header-display":"","ast-banner-title-visibility":"","ast-main-header-display":"","ast-hfb-above-header-display":"","ast-hfb-below-header-display":"","ast-hfb-mobile-header-display":"","site-post-title":"","ast-breadcrumbs-content":"","ast-featured-img":"","footer-sml-layout":"","ast-disable-related-posts":"","theme-transparent-header-meta":"","adv-header-id-meta":"","stick-header-meta":"","header-above-stick-meta":"","header-main-stick-meta":"","header-below-stick-meta":"","astra-migrate-meta-layouts":"default","ast-page-background-enabled":"default","ast-page-background-meta":{"desktop":{"background-color":"var(--ast-global-color-4)","background-image":"","background-repeat":"repeat","background-position":"center center","background-size":"auto","background-attachment":"scroll","background-type":"","background-media":"","overlay-type":"","overlay-color":"","overlay-opacity":"","overlay-gradient":""},"tablet":{"background-color":"","background-image":"","background-repeat":"repeat","background-position":"center center","background-size":"auto","background-attachment":"scroll","background-type":"","background-media":"","overlay-type":"","overlay-color":"","overlay-opacity":"","overlay-gradient":""},"mobile":{"background-color":"","background-image":"","background-repeat":"repeat","background-position":"center center","background-size":"auto","background-attachment":"scroll","background-type":"","background-media":"","overlay-type":"","overlay-color":"","overlay-opacity":"","overlay-gradient":""}},"ast-content-background-meta":{"desktop":{"background-color":"var(--ast-global-color-5)","background-image":"","background-repeat":"repeat","background-position":"center center","background-size":"auto","background-attachment":"scroll","background-type":"","background-media":"","overlay-type":"","overlay-color":"","overlay-opacity":"","overlay-gradient":""},"tablet":{"background-color":"var(--ast-global-color-5)","background-image":"","background-repeat":"repeat","background-position":"center center","background-size":"auto","background-attachment":"scroll","background-type":"","background-media":"","overlay-type":"","overlay-color":"","overlay-opacity":"","overlay-gradient":""},"mobile":{"background-color":"var(--ast-global-color-5)","background-image":"","background-repeat":"repeat","background-position":"center center","background-size":"auto","background-attachment":"scroll","background-type":"","background-media":"","overlay-type":"","overlay-color":"","overlay-opacity":"","overlay-gradient":""}},"footnotes":""},"class_list":["post-237","page","type-page","status-publish","hentry"],"yoast_head":"<!-- This site is optimized with the Yoast SEO plugin v27.2 - https:\/\/yoast.com\/product\/yoast-seo-wordpress\/ -->\n<title>Ulkon\u00e4k\u00f6 - Kultsi &amp; Noutaja<\/title>\n<meta name=\"robots\" content=\"index, follow, max-snippet:-1, max-image-preview:large, max-video-preview:-1\" \/>\n<link rel=\"canonical\" href=\"https:\/\/blogit.gradia.fi\/mkpt2203-nieminen\/ulkonako\/\" \/>\n<meta property=\"og:locale\" content=\"fi_FI\" \/>\n<meta property=\"og:type\" content=\"article\" \/>\n<meta property=\"og:title\" content=\"Ulkon\u00e4k\u00f6 - Kultsi &amp; Noutaja\" \/>\n<meta property=\"og:description\" content=\"Rotum\u00e4\u00e4ritelm\u00e4n mukainen ihanne olisi koira, joka on sek\u00e4 k\u00e4ytt\u00f6koira ett\u00e4 ulkon\u00e4\u00f6lt\u00e4\u00e4n n\u00e4ytt\u00e4v\u00e4, eli niin sanottu dual purpose. Vaikka rotu miellet\u00e4\u00e4n kahtiajakautuneeksi, tavataan kokeissa ja n\u00e4yttelykehiss\u00e4 koiria, joilla on sek\u00e4 ulkon\u00e4k\u00f6\u00e4 ett\u00e4 riistaviettisyytt\u00e4. Englanninkielisiss\u00e4 maissa tunnetaan lis\u00e4ksi jako verrattain matalaan ja tukevarakenteiseen, muita painavampaan brittityyppiin, edell\u00e4 mainittua korkeampaan amerikkalaistyyppiin, sek\u00e4 muita lyhytkarvaisempaan ja korkeampaan kanadalaistyyppiin. Kultainennoutaja [&hellip;]\" \/>\n<meta property=\"og:url\" content=\"https:\/\/blogit.gradia.fi\/mkpt2203-nieminen\/ulkonako\/\" \/>\n<meta property=\"og:site_name\" content=\"Kultsi &amp; Noutaja\" \/>\n<meta property=\"article:modified_time\" content=\"2023-03-09T07:16:08+00:00\" \/>\n<meta name=\"twitter:card\" content=\"summary_large_image\" \/>\n<meta name=\"twitter:label1\" content=\"Arvioitu lukuaika\" \/>\n\t<meta name=\"twitter:data1\" content=\"1 minuutti\" \/>\n<script type=\"application\/ld+json\" class=\"yoast-schema-graph\">{\"@context\":\"https:\/\/schema.org\",\"@graph\":[{\"@type\":\"WebPage\",\"@id\":\"https:\/\/blogit.gradia.fi\/mkpt2203-nieminen\/ulkonako\/\",\"url\":\"https:\/\/blogit.gradia.fi\/mkpt2203-nieminen\/ulkonako\/\",\"name\":\"Ulkon\u00e4k\u00f6 - Kultsi &amp; Noutaja\",\"isPartOf\":{\"@id\":\"https:\/\/blogit.gradia.fi\/mkpt2203-nieminen\/#website\"},\"datePublished\":\"2023-03-07T06:27:39+00:00\",\"dateModified\":\"2023-03-09T07:16:08+00:00\",\"breadcrumb\":{\"@id\":\"https:\/\/blogit.gradia.fi\/mkpt2203-nieminen\/ulkonako\/#breadcrumb\"},\"inLanguage\":\"fi\",\"potentialAction\":[{\"@type\":\"ReadAction\",\"target\":[\"https:\/\/blogit.gradia.fi\/mkpt2203-nieminen\/ulkonako\/\"]}]},{\"@type\":\"BreadcrumbList\",\"@id\":\"https:\/\/blogit.gradia.fi\/mkpt2203-nieminen\/ulkonako\/#breadcrumb\",\"itemListElement\":[{\"@type\":\"ListItem\",\"position\":1,\"name\":\"Etusivu\",\"item\":\"https:\/\/blogit.gradia.fi\/mkpt2203-nieminen\/\"},{\"@type\":\"ListItem\",\"position\":2,\"name\":\"Ulkon\u00e4k\u00f6\"}]},{\"@type\":\"WebSite\",\"@id\":\"https:\/\/blogit.gradia.fi\/mkpt2203-nieminen\/#website\",\"url\":\"https:\/\/blogit.gradia.fi\/mkpt2203-nieminen\/\",\"name\":\"Kultsi &amp; Noutaja\",\"description\":\"ultaistennoutajien erikoiskennel\",\"publisher\":{\"@id\":\"https:\/\/blogit.gradia.fi\/mkpt2203-nieminen\/#organization\"},\"potentialAction\":[{\"@type\":\"SearchAction\",\"target\":{\"@type\":\"EntryPoint\",\"urlTemplate\":\"https:\/\/blogit.gradia.fi\/mkpt2203-nieminen\/?s={search_term_string}\"},\"query-input\":{\"@type\":\"PropertyValueSpecification\",\"valueRequired\":true,\"valueName\":\"search_term_string\"}}],\"inLanguage\":\"fi\"},{\"@type\":\"Organization\",\"@id\":\"https:\/\/blogit.gradia.fi\/mkpt2203-nieminen\/#organization\",\"name\":\"Kultsi &amp; Noutaja\",\"url\":\"https:\/\/blogit.gradia.fi\/mkpt2203-nieminen\/\",\"logo\":{\"@type\":\"ImageObject\",\"inLanguage\":\"fi\",\"@id\":\"https:\/\/blogit.gradia.fi\/mkpt2203-nieminen\/#\/schema\/logo\/image\/\",\"url\":\"https:\/\/blogit.gradia.fi\/mkpt2203-nieminen\/wp-content\/uploads\/sites\/408\/2023\/03\/cropped-Logo-1.png\",\"contentUrl\":\"https:\/\/blogit.gradia.fi\/mkpt2203-nieminen\/wp-content\/uploads\/sites\/408\/2023\/03\/cropped-Logo-1.png\",\"width\":594,\"height\":419,\"caption\":\"Kultsi &amp; Noutaja\"},\"image\":{\"@id\":\"https:\/\/blogit.gradia.fi\/mkpt2203-nieminen\/#\/schema\/logo\/image\/\"}}]}<\/script>\n<!-- \/ Yoast SEO plugin. -->","yoast_head_json":{"title":"Ulkon\u00e4k\u00f6 - Kultsi &amp; Noutaja","robots":{"index":"index","follow":"follow","max-snippet":"max-snippet:-1","max-image-preview":"max-image-preview:large","max-video-preview":"max-video-preview:-1"},"canonical":"https:\/\/blogit.gradia.fi\/mkpt2203-nieminen\/ulkonako\/","og_locale":"fi_FI","og_type":"article","og_title":"Ulkon\u00e4k\u00f6 - Kultsi &amp; Noutaja","og_description":"Rotum\u00e4\u00e4ritelm\u00e4n mukainen ihanne olisi koira, joka on sek\u00e4 k\u00e4ytt\u00f6koira ett\u00e4 ulkon\u00e4\u00f6lt\u00e4\u00e4n n\u00e4ytt\u00e4v\u00e4, eli niin sanottu dual purpose. Vaikka rotu miellet\u00e4\u00e4n kahtiajakautuneeksi, tavataan kokeissa ja n\u00e4yttelykehiss\u00e4 koiria, joilla on sek\u00e4 ulkon\u00e4k\u00f6\u00e4 ett\u00e4 riistaviettisyytt\u00e4. Englanninkielisiss\u00e4 maissa tunnetaan lis\u00e4ksi jako verrattain matalaan ja tukevarakenteiseen, muita painavampaan brittityyppiin, edell\u00e4 mainittua korkeampaan amerikkalaistyyppiin, sek\u00e4 muita lyhytkarvaisempaan ja korkeampaan kanadalaistyyppiin. Kultainennoutaja [&hellip;]","og_url":"https:\/\/blogit.gradia.fi\/mkpt2203-nieminen\/ulkonako\/","og_site_name":"Kultsi &amp; Noutaja","article_modified_time":"2023-03-09T07:16:08+00:00","twitter_card":"summary_large_image","twitter_misc":{"Arvioitu lukuaika":"1 minuutti"},"schema":{"@context":"https:\/\/schema.org","@graph":[{"@type":"WebPage","@id":"https:\/\/blogit.gradia.fi\/mkpt2203-nieminen\/ulkonako\/","url":"https:\/\/blogit.gradia.fi\/mkpt2203-nieminen\/ulkonako\/","name":"Ulkon\u00e4k\u00f6 - Kultsi &amp; Noutaja","isPartOf":{"@id":"https:\/\/blogit.gradia.fi\/mkpt2203-nieminen\/#website"},"datePublished":"2023-03-07T06:27:39+00:00","dateModified":"2023-03-09T07:16:08+00:00","breadcrumb":{"@id":"https:\/\/blogit.gradia.fi\/mkpt2203-nieminen\/ulkonako\/#breadcrumb"},"inLanguage":"fi","potentialAction":[{"@type":"ReadAction","target":["https:\/\/blogit.gradia.fi\/mkpt2203-nieminen\/ulkonako\/"]}]},{"@type":"BreadcrumbList","@id":"https:\/\/blogit.gradia.fi\/mkpt2203-nieminen\/ulkonako\/#breadcrumb","itemListElement":[{"@type":"ListItem","position":1,"name":"Etusivu","item":"https:\/\/blogit.gradia.fi\/mkpt2203-nieminen\/"},{"@type":"ListItem","position":2,"name":"Ulkon\u00e4k\u00f6"}]},{"@type":"WebSite","@id":"https:\/\/blogit.gradia.fi\/mkpt2203-nieminen\/#website","url":"https:\/\/blogit.gradia.fi\/mkpt2203-nieminen\/","name":"Kultsi &amp; Noutaja","description":"ultaistennoutajien erikoiskennel","publisher":{"@id":"https:\/\/blogit.gradia.fi\/mkpt2203-nieminen\/#organization"},"potentialAction":[{"@type":"SearchAction","target":{"@type":"EntryPoint","urlTemplate":"https:\/\/blogit.gradia.fi\/mkpt2203-nieminen\/?s={search_term_string}"},"query-input":{"@type":"PropertyValueSpecification","valueRequired":true,"valueName":"search_term_string"}}],"inLanguage":"fi"},{"@type":"Organization","@id":"https:\/\/blogit.gradia.fi\/mkpt2203-nieminen\/#organization","name":"Kultsi &amp; Noutaja","url":"https:\/\/blogit.gradia.fi\/mkpt2203-nieminen\/","logo":{"@type":"ImageObject","inLanguage":"fi","@id":"https:\/\/blogit.gradia.fi\/mkpt2203-nieminen\/#\/schema\/logo\/image\/","url":"https:\/\/blogit.gradia.fi\/mkpt2203-nieminen\/wp-content\/uploads\/sites\/408\/2023\/03\/cropped-Logo-1.png","contentUrl":"https:\/\/blogit.gradia.fi\/mkpt2203-nieminen\/wp-content\/uploads\/sites\/408\/2023\/03\/cropped-Logo-1.png","width":594,"height":419,"caption":"Kultsi &amp; Noutaja"},"image":{"@id":"https:\/\/blogit.gradia.fi\/mkpt2203-nieminen\/#\/schema\/logo\/image\/"}}]}},"uagb_featured_image_src":{"full":false,"thumbnail":false,"medium":false,"medium_large":false,"large":false,"1536x1536":false,"2048x2048":false},"uagb_author_info":{"display_name":"Neea Nieminen","author_link":"https:\/\/blogit.gradia.fi\/mkpt2203-nieminen\/author\/gr276305\/"},"uagb_comment_info":0,"uagb_excerpt":"Rotum\u00e4\u00e4ritelm\u00e4n mukainen ihanne olisi koira, joka on sek\u00e4 k\u00e4ytt\u00f6koira ett\u00e4 ulkon\u00e4\u00f6lt\u00e4\u00e4n n\u00e4ytt\u00e4v\u00e4, eli niin sanottu dual purpose. Vaikka rotu miellet\u00e4\u00e4n kahtiajakautuneeksi, tavataan kokeissa ja n\u00e4yttelykehiss\u00e4 koiria, joilla on sek\u00e4 ulkon\u00e4k\u00f6\u00e4 ett\u00e4 riistaviettisyytt\u00e4. Englanninkielisiss\u00e4 maissa tunnetaan lis\u00e4ksi jako verrattain matalaan ja tukevarakenteiseen, muita painavampaan brittityyppiin, edell\u00e4 mainittua korkeampaan amerikkalaistyyppiin, sek\u00e4 muita lyhytkarvaisempaan ja korkeampaan kanadalaistyyppiin. Kultainennoutaja&hellip;","_links":{"self":[{"href":"https:\/\/blogit.gradia.fi\/mkpt2203-nieminen\/wp-json\/wp\/v2\/pages\/237","targetHints":{"allow":["GET"]}}],"collection":[{"href":"https:\/\/blogit.gradia.fi\/mkpt2203-nieminen\/wp-json\/wp\/v2\/pages"}],"about":[{"href":"https:\/\/blogit.gradia.fi\/mkpt2203-nieminen\/wp-json\/wp\/v2\/types\/page"}],"author":[{"embeddable":true,"href":"https:\/\/blogit.gradia.fi\/mkpt2203-nieminen\/wp-json\/wp\/v2\/users\/944"}],"replies":[{"embeddable":true,"href":"https:\/\/blogit.gradia.fi\/mkpt2203-nieminen\/wp-json\/wp\/v2\/comments?post=237"}],"version-history":[{"count":4,"href":"https:\/\/blogit.gradia.fi\/mkpt2203-nieminen\/wp-json\/wp\/v2\/pages\/237\/revisions"}],"predecessor-version":[{"id":347,"href":"https:\/\/blogit.gradia.fi\/mkpt2203-nieminen\/wp-json\/wp\/v2\/pages\/237\/revisions\/347"}],"wp:attachment":[{"href":"https:\/\/blogit.gradia.fi\/mkpt2203-nieminen\/wp-json\/wp\/v2\/media?parent=237"}],"curies":[{"name":"wp","href":"https:\/\/api.w.org\/{rel}","templated":true}]}}