{"id":235,"date":"2023-03-07T08:27:16","date_gmt":"2023-03-07T06:27:16","guid":{"rendered":"https:\/\/blogit.gradia.fi\/mkpt2203-nieminen\/?page_id=235"},"modified":"2023-03-07T09:22:52","modified_gmt":"2023-03-07T07:22:52","slug":"luonne","status":"publish","type":"page","link":"https:\/\/blogit.gradia.fi\/mkpt2203-nieminen\/luonne\/","title":{"rendered":"Luonne ja k\u00e4ytt\u00e4ytyminen"},"content":{"rendered":"\n<div class=\"wp-block-uagb-container uagb-block-3fb89b51 alignfull uagb-is-root-container\"><div class=\"uagb-container-inner-blocks-wrap\">\n<div class=\"wp-block-uagb-container uagb-block-a4c49191\">\n<p>Pentua hankkiessa tulisikin vanhempien luonteisiin ja pentueen kasvatusolosuhteisiin kiinnitt\u00e4\u00e4 huomiota. Mik\u00e4li pennut eiv\u00e4t luovutusi\u00e4ss\u00e4 ole kontaktinhakuisia ja pelk\u00e4\u00e4v\u00e4t uusia asioita ja vieraita ihmisi\u00e4, kannattaa pennun ostamista viel\u00e4 mietti\u00e4. <\/p>\n<\/div>\n\n\n\n<div class=\"wp-block-uagb-container uagb-block-92370184\">\n<figure class=\"wp-block-image size-full is-style-rounded\"><img loading=\"lazy\" decoding=\"async\" width=\"853\" height=\"853\" src=\"https:\/\/blogit.gradia.fi\/mkpt2203-nieminen\/wp-content\/uploads\/sites\/408\/2023\/03\/dog-2655472_1280-1.png\" alt=\"\" class=\"wp-image-281\" srcset=\"https:\/\/blogit.gradia.fi\/mkpt2203-nieminen\/wp-content\/uploads\/sites\/408\/2023\/03\/dog-2655472_1280-1.png 853w, https:\/\/blogit.gradia.fi\/mkpt2203-nieminen\/wp-content\/uploads\/sites\/408\/2023\/03\/dog-2655472_1280-1-300x300.png 300w, https:\/\/blogit.gradia.fi\/mkpt2203-nieminen\/wp-content\/uploads\/sites\/408\/2023\/03\/dog-2655472_1280-1-150x150.png 150w, https:\/\/blogit.gradia.fi\/mkpt2203-nieminen\/wp-content\/uploads\/sites\/408\/2023\/03\/dog-2655472_1280-1-768x768.png 768w\" sizes=\"auto, (max-width: 853px) 100vw, 853px\" \/><\/figure>\n<\/div>\n\n\n\n<div class=\"wp-block-uagb-container uagb-block-55cd6aac\">\n<p>Kultainennoutaja on luonteeltaan hyvin iloinen, avoin ja yst\u00e4v\u00e4llinen, varsinkin vanhusten ja lasten l\u00e4sn\u00e4 ollessa, mist\u00e4 syyst\u00e4 se sopii t\u00e4ydellisesti my\u00f6s perhekoiraksi. Kultainennoutaja on kovin ihmisrakas koirarotu. Rodussa esiintyy my\u00f6s eneneviss\u00e4 m\u00e4\u00e4rin arkuutta.<\/p>\n<\/div>\n\n\n\n<div class=\"wp-block-uagb-container uagb-block-8af93156\">\n<p>Kultainennoutaja on ty\u00f6koira ja sit\u00e4 k\u00e4ytet\u00e4\u00e4n laajalti muun muassa opaskoirina sek\u00e4 tullin huumekoirana. Se on my\u00f6s monipuolinen mets\u00e4styskoira muiden noutajarotujen tavoin. Lis\u00e4ksi kultainennoutaja on palveluskoirarotu ja soveltuu my\u00f6s palveluskoiralajeihin, vaikkakin n\u00e4iss\u00e4 nykyisin harvemmin t\u00f6rm\u00e4\u00e4 kultaisiinnoutajiin.<\/p>\n<\/div>\n\n\n\n<div class=\"wp-block-uagb-container uagb-block-c41000ad\">\n<p>Kultainennoutaja on useimmiten eritt\u00e4in sosiaalinen ja tulee hyvin toimeen toisten koirien kanssa. Se on hyvin oppivainen ja helposti koulutettavissa monenlaisiin harrastusmuotoihin.<\/p>\n<\/div>\n\n\n\n<div class=\"wp-block-uagb-container uagb-block-a179109a\">\n<p>Noutajille tyypillinen piirre pysytell\u00e4 omistajansa l\u00e4heisyydess\u00e4 tekee kultaisesta noutajasta eritt\u00e4in helpon pit\u00e4\u00e4 vapaana. Se on k\u00e4rsiv\u00e4llinen, mutta my\u00f6s omistushaluinen. Kultainennoutaja vaatii kunnollisen peruskasvatuksen ja -koulutuksen. Kultaiset noutajat ovat hyvin ihmisl\u00e4heisi\u00e4 ja tulevat toimeen melkein kaikkien kanssa. Koirasta ei v\u00e4ltt\u00e4m\u00e4tt\u00e4 ole vahtikoiraksi, mutta moneen muuhun se sopii.<\/p>\n<\/div>\n<\/div><\/div>\n","protected":false},"excerpt":{"rendered":"<p>Pentua hankkiessa tulisikin vanhempien luonteisiin ja pentueen kasvatusolosuhteisiin kiinnitt\u00e4\u00e4 huomiota. Mik\u00e4li pennut eiv\u00e4t luovutusi\u00e4ss\u00e4 ole kontaktinhakuisia ja pelk\u00e4\u00e4v\u00e4t uusia asioita ja vieraita ihmisi\u00e4, kannattaa pennun ostamista viel\u00e4 mietti\u00e4. Kultainennoutaja on luonteeltaan hyvin iloinen, avoin ja yst\u00e4v\u00e4llinen, varsinkin vanhusten ja lasten l\u00e4sn\u00e4 ollessa, mist\u00e4 syyst\u00e4 se sopii t\u00e4ydellisesti my\u00f6s perhekoiraksi. Kultainennoutaja on kovin ihmisrakas koirarotu. Rodussa [&hellip;]<\/p>\n","protected":false},"author":944,"featured_media":0,"parent":0,"menu_order":0,"comment_status":"closed","ping_status":"closed","template":"","meta":{"_uag_custom_page_level_css":"","site-sidebar-layout":"default","site-content-layout":"","ast-site-content-layout":"default","site-content-style":"default","site-sidebar-style":"default","ast-global-header-display":"","ast-banner-title-visibility":"","ast-main-header-display":"","ast-hfb-above-header-display":"","ast-hfb-below-header-display":"","ast-hfb-mobile-header-display":"","site-post-title":"","ast-breadcrumbs-content":"","ast-featured-img":"","footer-sml-layout":"","ast-disable-related-posts":"","theme-transparent-header-meta":"","adv-header-id-meta":"","stick-header-meta":"","header-above-stick-meta":"","header-main-stick-meta":"","header-below-stick-meta":"","astra-migrate-meta-layouts":"default","ast-page-background-enabled":"default","ast-page-background-meta":{"desktop":{"background-color":"var(--ast-global-color-4)","background-image":"","background-repeat":"repeat","background-position":"center center","background-size":"auto","background-attachment":"scroll","background-type":"","background-media":"","overlay-type":"","overlay-color":"","overlay-opacity":"","overlay-gradient":""},"tablet":{"background-color":"","background-image":"","background-repeat":"repeat","background-position":"center center","background-size":"auto","background-attachment":"scroll","background-type":"","background-media":"","overlay-type":"","overlay-color":"","overlay-opacity":"","overlay-gradient":""},"mobile":{"background-color":"","background-image":"","background-repeat":"repeat","background-position":"center center","background-size":"auto","background-attachment":"scroll","background-type":"","background-media":"","overlay-type":"","overlay-color":"","overlay-opacity":"","overlay-gradient":""}},"ast-content-background-meta":{"desktop":{"background-color":"var(--ast-global-color-5)","background-image":"","background-repeat":"repeat","background-position":"center center","background-size":"auto","background-attachment":"scroll","background-type":"","background-media":"","overlay-type":"","overlay-color":"","overlay-opacity":"","overlay-gradient":""},"tablet":{"background-color":"var(--ast-global-color-5)","background-image":"","background-repeat":"repeat","background-position":"center center","background-size":"auto","background-attachment":"scroll","background-type":"","background-media":"","overlay-type":"","overlay-color":"","overlay-opacity":"","overlay-gradient":""},"mobile":{"background-color":"var(--ast-global-color-5)","background-image":"","background-repeat":"repeat","background-position":"center center","background-size":"auto","background-attachment":"scroll","background-type":"","background-media":"","overlay-type":"","overlay-color":"","overlay-opacity":"","overlay-gradient":""}},"footnotes":""},"class_list":["post-235","page","type-page","status-publish","hentry"],"yoast_head":"<!-- This site is optimized with the Yoast SEO plugin v27.2 - https:\/\/yoast.com\/product\/yoast-seo-wordpress\/ -->\n<title>Luonne ja k\u00e4ytt\u00e4ytyminen - Kultsi &amp; Noutaja<\/title>\n<meta name=\"robots\" content=\"index, follow, max-snippet:-1, max-image-preview:large, max-video-preview:-1\" \/>\n<link rel=\"canonical\" href=\"https:\/\/blogit.gradia.fi\/mkpt2203-nieminen\/luonne\/\" \/>\n<meta property=\"og:locale\" content=\"fi_FI\" \/>\n<meta property=\"og:type\" content=\"article\" \/>\n<meta property=\"og:title\" content=\"Luonne ja k\u00e4ytt\u00e4ytyminen - Kultsi &amp; Noutaja\" \/>\n<meta property=\"og:description\" content=\"Pentua hankkiessa tulisikin vanhempien luonteisiin ja pentueen kasvatusolosuhteisiin kiinnitt\u00e4\u00e4 huomiota. Mik\u00e4li pennut eiv\u00e4t luovutusi\u00e4ss\u00e4 ole kontaktinhakuisia ja pelk\u00e4\u00e4v\u00e4t uusia asioita ja vieraita ihmisi\u00e4, kannattaa pennun ostamista viel\u00e4 mietti\u00e4. Kultainennoutaja on luonteeltaan hyvin iloinen, avoin ja yst\u00e4v\u00e4llinen, varsinkin vanhusten ja lasten l\u00e4sn\u00e4 ollessa, mist\u00e4 syyst\u00e4 se sopii t\u00e4ydellisesti my\u00f6s perhekoiraksi. Kultainennoutaja on kovin ihmisrakas koirarotu. Rodussa [&hellip;]\" \/>\n<meta property=\"og:url\" content=\"https:\/\/blogit.gradia.fi\/mkpt2203-nieminen\/luonne\/\" \/>\n<meta property=\"og:site_name\" content=\"Kultsi &amp; Noutaja\" \/>\n<meta property=\"article:modified_time\" content=\"2023-03-07T07:22:52+00:00\" \/>\n<meta property=\"og:image\" content=\"https:\/\/blogit.gradia.fi\/mkpt2203-nieminen\/wp-content\/uploads\/sites\/408\/2023\/03\/dog-2655472_1280-1.png\" \/>\n<meta name=\"twitter:card\" content=\"summary_large_image\" \/>\n<meta name=\"twitter:label1\" content=\"Arvioitu lukuaika\" \/>\n\t<meta name=\"twitter:data1\" content=\"2 minuuttia\" \/>\n<script type=\"application\/ld+json\" class=\"yoast-schema-graph\">{\"@context\":\"https:\/\/schema.org\",\"@graph\":[{\"@type\":\"WebPage\",\"@id\":\"https:\/\/blogit.gradia.fi\/mkpt2203-nieminen\/luonne\/\",\"url\":\"https:\/\/blogit.gradia.fi\/mkpt2203-nieminen\/luonne\/\",\"name\":\"Luonne ja k\u00e4ytt\u00e4ytyminen - Kultsi &amp; Noutaja\",\"isPartOf\":{\"@id\":\"https:\/\/blogit.gradia.fi\/mkpt2203-nieminen\/#website\"},\"primaryImageOfPage\":{\"@id\":\"https:\/\/blogit.gradia.fi\/mkpt2203-nieminen\/luonne\/#primaryimage\"},\"image\":{\"@id\":\"https:\/\/blogit.gradia.fi\/mkpt2203-nieminen\/luonne\/#primaryimage\"},\"thumbnailUrl\":\"https:\/\/blogit.gradia.fi\/mkpt2203-nieminen\/wp-content\/uploads\/sites\/408\/2023\/03\/dog-2655472_1280-1.png\",\"datePublished\":\"2023-03-07T06:27:16+00:00\",\"dateModified\":\"2023-03-07T07:22:52+00:00\",\"breadcrumb\":{\"@id\":\"https:\/\/blogit.gradia.fi\/mkpt2203-nieminen\/luonne\/#breadcrumb\"},\"inLanguage\":\"fi\",\"potentialAction\":[{\"@type\":\"ReadAction\",\"target\":[\"https:\/\/blogit.gradia.fi\/mkpt2203-nieminen\/luonne\/\"]}]},{\"@type\":\"ImageObject\",\"inLanguage\":\"fi\",\"@id\":\"https:\/\/blogit.gradia.fi\/mkpt2203-nieminen\/luonne\/#primaryimage\",\"url\":\"https:\/\/blogit.gradia.fi\/mkpt2203-nieminen\/wp-content\/uploads\/sites\/408\/2023\/03\/dog-2655472_1280-1.png\",\"contentUrl\":\"https:\/\/blogit.gradia.fi\/mkpt2203-nieminen\/wp-content\/uploads\/sites\/408\/2023\/03\/dog-2655472_1280-1.png\",\"width\":853,\"height\":853},{\"@type\":\"BreadcrumbList\",\"@id\":\"https:\/\/blogit.gradia.fi\/mkpt2203-nieminen\/luonne\/#breadcrumb\",\"itemListElement\":[{\"@type\":\"ListItem\",\"position\":1,\"name\":\"Etusivu\",\"item\":\"https:\/\/blogit.gradia.fi\/mkpt2203-nieminen\/\"},{\"@type\":\"ListItem\",\"position\":2,\"name\":\"Luonne ja k\u00e4ytt\u00e4ytyminen\"}]},{\"@type\":\"WebSite\",\"@id\":\"https:\/\/blogit.gradia.fi\/mkpt2203-nieminen\/#website\",\"url\":\"https:\/\/blogit.gradia.fi\/mkpt2203-nieminen\/\",\"name\":\"Kultsi &amp; Noutaja\",\"description\":\"ultaistennoutajien erikoiskennel\",\"publisher\":{\"@id\":\"https:\/\/blogit.gradia.fi\/mkpt2203-nieminen\/#organization\"},\"potentialAction\":[{\"@type\":\"SearchAction\",\"target\":{\"@type\":\"EntryPoint\",\"urlTemplate\":\"https:\/\/blogit.gradia.fi\/mkpt2203-nieminen\/?s={search_term_string}\"},\"query-input\":{\"@type\":\"PropertyValueSpecification\",\"valueRequired\":true,\"valueName\":\"search_term_string\"}}],\"inLanguage\":\"fi\"},{\"@type\":\"Organization\",\"@id\":\"https:\/\/blogit.gradia.fi\/mkpt2203-nieminen\/#organization\",\"name\":\"Kultsi &amp; Noutaja\",\"url\":\"https:\/\/blogit.gradia.fi\/mkpt2203-nieminen\/\",\"logo\":{\"@type\":\"ImageObject\",\"inLanguage\":\"fi\",\"@id\":\"https:\/\/blogit.gradia.fi\/mkpt2203-nieminen\/#\/schema\/logo\/image\/\",\"url\":\"https:\/\/blogit.gradia.fi\/mkpt2203-nieminen\/wp-content\/uploads\/sites\/408\/2023\/03\/cropped-Logo-1.png\",\"contentUrl\":\"https:\/\/blogit.gradia.fi\/mkpt2203-nieminen\/wp-content\/uploads\/sites\/408\/2023\/03\/cropped-Logo-1.png\",\"width\":594,\"height\":419,\"caption\":\"Kultsi &amp; Noutaja\"},\"image\":{\"@id\":\"https:\/\/blogit.gradia.fi\/mkpt2203-nieminen\/#\/schema\/logo\/image\/\"}}]}<\/script>\n<!-- \/ Yoast SEO plugin. -->","yoast_head_json":{"title":"Luonne ja k\u00e4ytt\u00e4ytyminen - Kultsi &amp; Noutaja","robots":{"index":"index","follow":"follow","max-snippet":"max-snippet:-1","max-image-preview":"max-image-preview:large","max-video-preview":"max-video-preview:-1"},"canonical":"https:\/\/blogit.gradia.fi\/mkpt2203-nieminen\/luonne\/","og_locale":"fi_FI","og_type":"article","og_title":"Luonne ja k\u00e4ytt\u00e4ytyminen - Kultsi &amp; Noutaja","og_description":"Pentua hankkiessa tulisikin vanhempien luonteisiin ja pentueen kasvatusolosuhteisiin kiinnitt\u00e4\u00e4 huomiota. Mik\u00e4li pennut eiv\u00e4t luovutusi\u00e4ss\u00e4 ole kontaktinhakuisia ja pelk\u00e4\u00e4v\u00e4t uusia asioita ja vieraita ihmisi\u00e4, kannattaa pennun ostamista viel\u00e4 mietti\u00e4. Kultainennoutaja on luonteeltaan hyvin iloinen, avoin ja yst\u00e4v\u00e4llinen, varsinkin vanhusten ja lasten l\u00e4sn\u00e4 ollessa, mist\u00e4 syyst\u00e4 se sopii t\u00e4ydellisesti my\u00f6s perhekoiraksi. Kultainennoutaja on kovin ihmisrakas koirarotu. Rodussa [&hellip;]","og_url":"https:\/\/blogit.gradia.fi\/mkpt2203-nieminen\/luonne\/","og_site_name":"Kultsi &amp; Noutaja","article_modified_time":"2023-03-07T07:22:52+00:00","og_image":[{"url":"https:\/\/blogit.gradia.fi\/mkpt2203-nieminen\/wp-content\/uploads\/sites\/408\/2023\/03\/dog-2655472_1280-1.png","type":"","width":"","height":""}],"twitter_card":"summary_large_image","twitter_misc":{"Arvioitu lukuaika":"2 minuuttia"},"schema":{"@context":"https:\/\/schema.org","@graph":[{"@type":"WebPage","@id":"https:\/\/blogit.gradia.fi\/mkpt2203-nieminen\/luonne\/","url":"https:\/\/blogit.gradia.fi\/mkpt2203-nieminen\/luonne\/","name":"Luonne ja k\u00e4ytt\u00e4ytyminen - Kultsi &amp; Noutaja","isPartOf":{"@id":"https:\/\/blogit.gradia.fi\/mkpt2203-nieminen\/#website"},"primaryImageOfPage":{"@id":"https:\/\/blogit.gradia.fi\/mkpt2203-nieminen\/luonne\/#primaryimage"},"image":{"@id":"https:\/\/blogit.gradia.fi\/mkpt2203-nieminen\/luonne\/#primaryimage"},"thumbnailUrl":"https:\/\/blogit.gradia.fi\/mkpt2203-nieminen\/wp-content\/uploads\/sites\/408\/2023\/03\/dog-2655472_1280-1.png","datePublished":"2023-03-07T06:27:16+00:00","dateModified":"2023-03-07T07:22:52+00:00","breadcrumb":{"@id":"https:\/\/blogit.gradia.fi\/mkpt2203-nieminen\/luonne\/#breadcrumb"},"inLanguage":"fi","potentialAction":[{"@type":"ReadAction","target":["https:\/\/blogit.gradia.fi\/mkpt2203-nieminen\/luonne\/"]}]},{"@type":"ImageObject","inLanguage":"fi","@id":"https:\/\/blogit.gradia.fi\/mkpt2203-nieminen\/luonne\/#primaryimage","url":"https:\/\/blogit.gradia.fi\/mkpt2203-nieminen\/wp-content\/uploads\/sites\/408\/2023\/03\/dog-2655472_1280-1.png","contentUrl":"https:\/\/blogit.gradia.fi\/mkpt2203-nieminen\/wp-content\/uploads\/sites\/408\/2023\/03\/dog-2655472_1280-1.png","width":853,"height":853},{"@type":"BreadcrumbList","@id":"https:\/\/blogit.gradia.fi\/mkpt2203-nieminen\/luonne\/#breadcrumb","itemListElement":[{"@type":"ListItem","position":1,"name":"Etusivu","item":"https:\/\/blogit.gradia.fi\/mkpt2203-nieminen\/"},{"@type":"ListItem","position":2,"name":"Luonne ja k\u00e4ytt\u00e4ytyminen"}]},{"@type":"WebSite","@id":"https:\/\/blogit.gradia.fi\/mkpt2203-nieminen\/#website","url":"https:\/\/blogit.gradia.fi\/mkpt2203-nieminen\/","name":"Kultsi &amp; Noutaja","description":"ultaistennoutajien erikoiskennel","publisher":{"@id":"https:\/\/blogit.gradia.fi\/mkpt2203-nieminen\/#organization"},"potentialAction":[{"@type":"SearchAction","target":{"@type":"EntryPoint","urlTemplate":"https:\/\/blogit.gradia.fi\/mkpt2203-nieminen\/?s={search_term_string}"},"query-input":{"@type":"PropertyValueSpecification","valueRequired":true,"valueName":"search_term_string"}}],"inLanguage":"fi"},{"@type":"Organization","@id":"https:\/\/blogit.gradia.fi\/mkpt2203-nieminen\/#organization","name":"Kultsi &amp; Noutaja","url":"https:\/\/blogit.gradia.fi\/mkpt2203-nieminen\/","logo":{"@type":"ImageObject","inLanguage":"fi","@id":"https:\/\/blogit.gradia.fi\/mkpt2203-nieminen\/#\/schema\/logo\/image\/","url":"https:\/\/blogit.gradia.fi\/mkpt2203-nieminen\/wp-content\/uploads\/sites\/408\/2023\/03\/cropped-Logo-1.png","contentUrl":"https:\/\/blogit.gradia.fi\/mkpt2203-nieminen\/wp-content\/uploads\/sites\/408\/2023\/03\/cropped-Logo-1.png","width":594,"height":419,"caption":"Kultsi &amp; Noutaja"},"image":{"@id":"https:\/\/blogit.gradia.fi\/mkpt2203-nieminen\/#\/schema\/logo\/image\/"}}]}},"uagb_featured_image_src":{"full":false,"thumbnail":false,"medium":false,"medium_large":false,"large":false,"1536x1536":false,"2048x2048":false},"uagb_author_info":{"display_name":"Neea Nieminen","author_link":"https:\/\/blogit.gradia.fi\/mkpt2203-nieminen\/author\/gr276305\/"},"uagb_comment_info":0,"uagb_excerpt":"Pentua hankkiessa tulisikin vanhempien luonteisiin ja pentueen kasvatusolosuhteisiin kiinnitt\u00e4\u00e4 huomiota. Mik\u00e4li pennut eiv\u00e4t luovutusi\u00e4ss\u00e4 ole kontaktinhakuisia ja pelk\u00e4\u00e4v\u00e4t uusia asioita ja vieraita ihmisi\u00e4, kannattaa pennun ostamista viel\u00e4 mietti\u00e4. Kultainennoutaja on luonteeltaan hyvin iloinen, avoin ja yst\u00e4v\u00e4llinen, varsinkin vanhusten ja lasten l\u00e4sn\u00e4 ollessa, mist\u00e4 syyst\u00e4 se sopii t\u00e4ydellisesti my\u00f6s perhekoiraksi. Kultainennoutaja on kovin ihmisrakas koirarotu. Rodussa&hellip;","_links":{"self":[{"href":"https:\/\/blogit.gradia.fi\/mkpt2203-nieminen\/wp-json\/wp\/v2\/pages\/235","targetHints":{"allow":["GET"]}}],"collection":[{"href":"https:\/\/blogit.gradia.fi\/mkpt2203-nieminen\/wp-json\/wp\/v2\/pages"}],"about":[{"href":"https:\/\/blogit.gradia.fi\/mkpt2203-nieminen\/wp-json\/wp\/v2\/types\/page"}],"author":[{"embeddable":true,"href":"https:\/\/blogit.gradia.fi\/mkpt2203-nieminen\/wp-json\/wp\/v2\/users\/944"}],"replies":[{"embeddable":true,"href":"https:\/\/blogit.gradia.fi\/mkpt2203-nieminen\/wp-json\/wp\/v2\/comments?post=235"}],"version-history":[{"count":3,"href":"https:\/\/blogit.gradia.fi\/mkpt2203-nieminen\/wp-json\/wp\/v2\/pages\/235\/revisions"}],"predecessor-version":[{"id":283,"href":"https:\/\/blogit.gradia.fi\/mkpt2203-nieminen\/wp-json\/wp\/v2\/pages\/235\/revisions\/283"}],"wp:attachment":[{"href":"https:\/\/blogit.gradia.fi\/mkpt2203-nieminen\/wp-json\/wp\/v2\/media?parent=235"}],"curies":[{"name":"wp","href":"https:\/\/api.w.org\/{rel}","templated":true}]}}