{"id":233,"date":"2023-03-06T13:40:20","date_gmt":"2023-03-06T11:40:20","guid":{"rendered":"https:\/\/blogit.gradia.fi\/mkpt2203-nieminen\/?page_id=233"},"modified":"2023-03-07T09:15:16","modified_gmt":"2023-03-07T07:15:16","slug":"kultainennoutaja-lemmikina","status":"publish","type":"page","link":"https:\/\/blogit.gradia.fi\/mkpt2203-nieminen\/kultainennoutaja-lemmikina\/","title":{"rendered":"Kultainennoutaja lemmikin\u00e4"},"content":{"rendered":"\n<div class=\"wp-block-uagb-container uagb-block-3cf228df alignfull uagb-is-root-container\"><div class=\"uagb-container-inner-blocks-wrap\">\n<div class=\"wp-block-uagb-container uagb-block-38919535\">\n<p>Tavoitteenamme on kasvattaa terveit\u00e4 ja tasapainoisia noutajia perheenj\u00e4seniksi sek\u00e4 monipuolisiksi harrastuskavereiksi. Kasvatusty\u00f6 on alkumetreill\u00e4 ja harkitsen tarkkaan jokaisen astutetun yhdistelm\u00e4n. Tavoitteena on kasvattaa terveit\u00e4 ja rotum\u00e4\u00e4ritelm\u00e4n mukaisia kultaisianoutajia, joiden kanssa voi harrastaa monipuolisesti. Meill\u00e4 pennut kasvavat kotona muiden koirien ja perheemme keskell\u00e4<\/p>\n<\/div>\n\n\n\n<div class=\"wp-block-uagb-container uagb-block-b0b45fab\">\n<figure class=\"wp-block-image size-full\"><img loading=\"lazy\" decoding=\"async\" width=\"853\" height=\"853\" src=\"https:\/\/blogit.gradia.fi\/mkpt2203-nieminen\/wp-content\/uploads\/sites\/408\/2023\/03\/dog-2655472_1280.png\" alt=\"\" class=\"wp-image-278\" srcset=\"https:\/\/blogit.gradia.fi\/mkpt2203-nieminen\/wp-content\/uploads\/sites\/408\/2023\/03\/dog-2655472_1280.png 853w, https:\/\/blogit.gradia.fi\/mkpt2203-nieminen\/wp-content\/uploads\/sites\/408\/2023\/03\/dog-2655472_1280-300x300.png 300w, https:\/\/blogit.gradia.fi\/mkpt2203-nieminen\/wp-content\/uploads\/sites\/408\/2023\/03\/dog-2655472_1280-150x150.png 150w, https:\/\/blogit.gradia.fi\/mkpt2203-nieminen\/wp-content\/uploads\/sites\/408\/2023\/03\/dog-2655472_1280-768x768.png 768w\" sizes=\"auto, (max-width: 853px) 100vw, 853px\" \/><\/figure>\n<\/div>\n\n\n\n<div class=\"wp-block-uagb-container uagb-block-1d740b67\">\n<p>Kultainennoutaja on sek\u00e4 Suomessa ett\u00e4 maailmanlaajuisesti eritt\u00e4in suosittu rotu. Suomessa se on nelj\u00e4nneksi suosituin rotu. Kultainennoutaja on \u00e4lyk\u00e4s, keskikokoinen, miellytt\u00e4misenhaluinen sek\u00e4 toiminnanhaluinen koira. Kultaisennoutajan ominaisuudet tekev\u00e4t siit\u00e4 hyv\u00e4n harrastuskoiran. Alun perin se on jalostettu mets\u00e4styskoiraksi (ammutun pienriistan noutajai). Kultainennoutaja ei ole pelkk\u00e4 seurakoira, vaan se kaipaa my\u00f6s liikuntaa ja ohjattua toimintaa.<\/p>\n<\/div>\n<\/div><\/div>\n","protected":false},"excerpt":{"rendered":"<p>Tavoitteenamme on kasvattaa terveit\u00e4 ja tasapainoisia noutajia perheenj\u00e4seniksi sek\u00e4 monipuolisiksi harrastuskavereiksi. Kasvatusty\u00f6 on alkumetreill\u00e4 ja harkitsen tarkkaan jokaisen astutetun yhdistelm\u00e4n. Tavoitteena on kasvattaa terveit\u00e4 ja rotum\u00e4\u00e4ritelm\u00e4n mukaisia kultaisianoutajia, joiden kanssa voi harrastaa monipuolisesti. Meill\u00e4 pennut kasvavat kotona muiden koirien ja perheemme keskell\u00e4 Kultainennoutaja on sek\u00e4 Suomessa ett\u00e4 maailmanlaajuisesti eritt\u00e4in suosittu rotu. Suomessa se on nelj\u00e4nneksi [&hellip;]<\/p>\n","protected":false},"author":944,"featured_media":0,"parent":0,"menu_order":0,"comment_status":"closed","ping_status":"closed","template":"","meta":{"_uag_custom_page_level_css":"","site-sidebar-layout":"default","site-content-layout":"","ast-site-content-layout":"default","site-content-style":"default","site-sidebar-style":"default","ast-global-header-display":"","ast-banner-title-visibility":"","ast-main-header-display":"","ast-hfb-above-header-display":"","ast-hfb-below-header-display":"","ast-hfb-mobile-header-display":"","site-post-title":"","ast-breadcrumbs-content":"","ast-featured-img":"","footer-sml-layout":"","ast-disable-related-posts":"","theme-transparent-header-meta":"","adv-header-id-meta":"","stick-header-meta":"","header-above-stick-meta":"","header-main-stick-meta":"","header-below-stick-meta":"","astra-migrate-meta-layouts":"default","ast-page-background-enabled":"default","ast-page-background-meta":{"desktop":{"background-color":"var(--ast-global-color-4)","background-image":"","background-repeat":"repeat","background-position":"center center","background-size":"auto","background-attachment":"scroll","background-type":"","background-media":"","overlay-type":"","overlay-color":"","overlay-opacity":"","overlay-gradient":""},"tablet":{"background-color":"","background-image":"","background-repeat":"repeat","background-position":"center center","background-size":"auto","background-attachment":"scroll","background-type":"","background-media":"","overlay-type":"","overlay-color":"","overlay-opacity":"","overlay-gradient":""},"mobile":{"background-color":"","background-image":"","background-repeat":"repeat","background-position":"center center","background-size":"auto","background-attachment":"scroll","background-type":"","background-media":"","overlay-type":"","overlay-color":"","overlay-opacity":"","overlay-gradient":""}},"ast-content-background-meta":{"desktop":{"background-color":"var(--ast-global-color-5)","background-image":"","background-repeat":"repeat","background-position":"center center","background-size":"auto","background-attachment":"scroll","background-type":"","background-media":"","overlay-type":"","overlay-color":"","overlay-opacity":"","overlay-gradient":""},"tablet":{"background-color":"var(--ast-global-color-5)","background-image":"","background-repeat":"repeat","background-position":"center center","background-size":"auto","background-attachment":"scroll","background-type":"","background-media":"","overlay-type":"","overlay-color":"","overlay-opacity":"","overlay-gradient":""},"mobile":{"background-color":"var(--ast-global-color-5)","background-image":"","background-repeat":"repeat","background-position":"center center","background-size":"auto","background-attachment":"scroll","background-type":"","background-media":"","overlay-type":"","overlay-color":"","overlay-opacity":"","overlay-gradient":""}},"footnotes":""},"class_list":["post-233","page","type-page","status-publish","hentry"],"yoast_head":"<!-- This site is optimized with the Yoast SEO plugin v27.2 - https:\/\/yoast.com\/product\/yoast-seo-wordpress\/ -->\n<title>Kultainennoutaja lemmikin\u00e4 - Kultsi &amp; Noutaja<\/title>\n<meta name=\"robots\" content=\"index, follow, max-snippet:-1, max-image-preview:large, max-video-preview:-1\" \/>\n<link rel=\"canonical\" href=\"https:\/\/blogit.gradia.fi\/mkpt2203-nieminen\/kultainennoutaja-lemmikina\/\" \/>\n<meta property=\"og:locale\" content=\"fi_FI\" \/>\n<meta property=\"og:type\" content=\"article\" \/>\n<meta property=\"og:title\" content=\"Kultainennoutaja lemmikin\u00e4 - Kultsi &amp; Noutaja\" \/>\n<meta property=\"og:description\" content=\"Tavoitteenamme on kasvattaa terveit\u00e4 ja tasapainoisia noutajia perheenj\u00e4seniksi sek\u00e4 monipuolisiksi harrastuskavereiksi. Kasvatusty\u00f6 on alkumetreill\u00e4 ja harkitsen tarkkaan jokaisen astutetun yhdistelm\u00e4n. Tavoitteena on kasvattaa terveit\u00e4 ja rotum\u00e4\u00e4ritelm\u00e4n mukaisia kultaisianoutajia, joiden kanssa voi harrastaa monipuolisesti. Meill\u00e4 pennut kasvavat kotona muiden koirien ja perheemme keskell\u00e4 Kultainennoutaja on sek\u00e4 Suomessa ett\u00e4 maailmanlaajuisesti eritt\u00e4in suosittu rotu. Suomessa se on nelj\u00e4nneksi [&hellip;]\" \/>\n<meta property=\"og:url\" content=\"https:\/\/blogit.gradia.fi\/mkpt2203-nieminen\/kultainennoutaja-lemmikina\/\" \/>\n<meta property=\"og:site_name\" content=\"Kultsi &amp; Noutaja\" \/>\n<meta property=\"article:modified_time\" content=\"2023-03-07T07:15:16+00:00\" \/>\n<meta property=\"og:image\" content=\"https:\/\/blogit.gradia.fi\/mkpt2203-nieminen\/wp-content\/uploads\/sites\/408\/2023\/03\/dog-2655472_1280.png\" \/>\n<meta name=\"twitter:card\" content=\"summary_large_image\" \/>\n<meta name=\"twitter:label1\" content=\"Arvioitu lukuaika\" \/>\n\t<meta name=\"twitter:data1\" content=\"1 minuutti\" \/>\n<script type=\"application\/ld+json\" class=\"yoast-schema-graph\">{\"@context\":\"https:\/\/schema.org\",\"@graph\":[{\"@type\":\"WebPage\",\"@id\":\"https:\/\/blogit.gradia.fi\/mkpt2203-nieminen\/kultainennoutaja-lemmikina\/\",\"url\":\"https:\/\/blogit.gradia.fi\/mkpt2203-nieminen\/kultainennoutaja-lemmikina\/\",\"name\":\"Kultainennoutaja lemmikin\u00e4 - Kultsi &amp; Noutaja\",\"isPartOf\":{\"@id\":\"https:\/\/blogit.gradia.fi\/mkpt2203-nieminen\/#website\"},\"primaryImageOfPage\":{\"@id\":\"https:\/\/blogit.gradia.fi\/mkpt2203-nieminen\/kultainennoutaja-lemmikina\/#primaryimage\"},\"image\":{\"@id\":\"https:\/\/blogit.gradia.fi\/mkpt2203-nieminen\/kultainennoutaja-lemmikina\/#primaryimage\"},\"thumbnailUrl\":\"https:\/\/blogit.gradia.fi\/mkpt2203-nieminen\/wp-content\/uploads\/sites\/408\/2023\/03\/dog-2655472_1280.png\",\"datePublished\":\"2023-03-06T11:40:20+00:00\",\"dateModified\":\"2023-03-07T07:15:16+00:00\",\"breadcrumb\":{\"@id\":\"https:\/\/blogit.gradia.fi\/mkpt2203-nieminen\/kultainennoutaja-lemmikina\/#breadcrumb\"},\"inLanguage\":\"fi\",\"potentialAction\":[{\"@type\":\"ReadAction\",\"target\":[\"https:\/\/blogit.gradia.fi\/mkpt2203-nieminen\/kultainennoutaja-lemmikina\/\"]}]},{\"@type\":\"ImageObject\",\"inLanguage\":\"fi\",\"@id\":\"https:\/\/blogit.gradia.fi\/mkpt2203-nieminen\/kultainennoutaja-lemmikina\/#primaryimage\",\"url\":\"https:\/\/blogit.gradia.fi\/mkpt2203-nieminen\/wp-content\/uploads\/sites\/408\/2023\/03\/dog-2655472_1280.png\",\"contentUrl\":\"https:\/\/blogit.gradia.fi\/mkpt2203-nieminen\/wp-content\/uploads\/sites\/408\/2023\/03\/dog-2655472_1280.png\",\"width\":853,\"height\":853},{\"@type\":\"BreadcrumbList\",\"@id\":\"https:\/\/blogit.gradia.fi\/mkpt2203-nieminen\/kultainennoutaja-lemmikina\/#breadcrumb\",\"itemListElement\":[{\"@type\":\"ListItem\",\"position\":1,\"name\":\"Etusivu\",\"item\":\"https:\/\/blogit.gradia.fi\/mkpt2203-nieminen\/\"},{\"@type\":\"ListItem\",\"position\":2,\"name\":\"Kultainennoutaja lemmikin\u00e4\"}]},{\"@type\":\"WebSite\",\"@id\":\"https:\/\/blogit.gradia.fi\/mkpt2203-nieminen\/#website\",\"url\":\"https:\/\/blogit.gradia.fi\/mkpt2203-nieminen\/\",\"name\":\"Kultsi &amp; Noutaja\",\"description\":\"ultaistennoutajien erikoiskennel\",\"publisher\":{\"@id\":\"https:\/\/blogit.gradia.fi\/mkpt2203-nieminen\/#organization\"},\"potentialAction\":[{\"@type\":\"SearchAction\",\"target\":{\"@type\":\"EntryPoint\",\"urlTemplate\":\"https:\/\/blogit.gradia.fi\/mkpt2203-nieminen\/?s={search_term_string}\"},\"query-input\":{\"@type\":\"PropertyValueSpecification\",\"valueRequired\":true,\"valueName\":\"search_term_string\"}}],\"inLanguage\":\"fi\"},{\"@type\":\"Organization\",\"@id\":\"https:\/\/blogit.gradia.fi\/mkpt2203-nieminen\/#organization\",\"name\":\"Kultsi &amp; Noutaja\",\"url\":\"https:\/\/blogit.gradia.fi\/mkpt2203-nieminen\/\",\"logo\":{\"@type\":\"ImageObject\",\"inLanguage\":\"fi\",\"@id\":\"https:\/\/blogit.gradia.fi\/mkpt2203-nieminen\/#\/schema\/logo\/image\/\",\"url\":\"https:\/\/blogit.gradia.fi\/mkpt2203-nieminen\/wp-content\/uploads\/sites\/408\/2023\/03\/cropped-Logo-1.png\",\"contentUrl\":\"https:\/\/blogit.gradia.fi\/mkpt2203-nieminen\/wp-content\/uploads\/sites\/408\/2023\/03\/cropped-Logo-1.png\",\"width\":594,\"height\":419,\"caption\":\"Kultsi &amp; Noutaja\"},\"image\":{\"@id\":\"https:\/\/blogit.gradia.fi\/mkpt2203-nieminen\/#\/schema\/logo\/image\/\"}}]}<\/script>\n<!-- \/ Yoast SEO plugin. -->","yoast_head_json":{"title":"Kultainennoutaja lemmikin\u00e4 - Kultsi &amp; Noutaja","robots":{"index":"index","follow":"follow","max-snippet":"max-snippet:-1","max-image-preview":"max-image-preview:large","max-video-preview":"max-video-preview:-1"},"canonical":"https:\/\/blogit.gradia.fi\/mkpt2203-nieminen\/kultainennoutaja-lemmikina\/","og_locale":"fi_FI","og_type":"article","og_title":"Kultainennoutaja lemmikin\u00e4 - Kultsi &amp; Noutaja","og_description":"Tavoitteenamme on kasvattaa terveit\u00e4 ja tasapainoisia noutajia perheenj\u00e4seniksi sek\u00e4 monipuolisiksi harrastuskavereiksi. Kasvatusty\u00f6 on alkumetreill\u00e4 ja harkitsen tarkkaan jokaisen astutetun yhdistelm\u00e4n. Tavoitteena on kasvattaa terveit\u00e4 ja rotum\u00e4\u00e4ritelm\u00e4n mukaisia kultaisianoutajia, joiden kanssa voi harrastaa monipuolisesti. Meill\u00e4 pennut kasvavat kotona muiden koirien ja perheemme keskell\u00e4 Kultainennoutaja on sek\u00e4 Suomessa ett\u00e4 maailmanlaajuisesti eritt\u00e4in suosittu rotu. Suomessa se on nelj\u00e4nneksi [&hellip;]","og_url":"https:\/\/blogit.gradia.fi\/mkpt2203-nieminen\/kultainennoutaja-lemmikina\/","og_site_name":"Kultsi &amp; Noutaja","article_modified_time":"2023-03-07T07:15:16+00:00","og_image":[{"url":"https:\/\/blogit.gradia.fi\/mkpt2203-nieminen\/wp-content\/uploads\/sites\/408\/2023\/03\/dog-2655472_1280.png","type":"","width":"","height":""}],"twitter_card":"summary_large_image","twitter_misc":{"Arvioitu lukuaika":"1 minuutti"},"schema":{"@context":"https:\/\/schema.org","@graph":[{"@type":"WebPage","@id":"https:\/\/blogit.gradia.fi\/mkpt2203-nieminen\/kultainennoutaja-lemmikina\/","url":"https:\/\/blogit.gradia.fi\/mkpt2203-nieminen\/kultainennoutaja-lemmikina\/","name":"Kultainennoutaja lemmikin\u00e4 - Kultsi &amp; Noutaja","isPartOf":{"@id":"https:\/\/blogit.gradia.fi\/mkpt2203-nieminen\/#website"},"primaryImageOfPage":{"@id":"https:\/\/blogit.gradia.fi\/mkpt2203-nieminen\/kultainennoutaja-lemmikina\/#primaryimage"},"image":{"@id":"https:\/\/blogit.gradia.fi\/mkpt2203-nieminen\/kultainennoutaja-lemmikina\/#primaryimage"},"thumbnailUrl":"https:\/\/blogit.gradia.fi\/mkpt2203-nieminen\/wp-content\/uploads\/sites\/408\/2023\/03\/dog-2655472_1280.png","datePublished":"2023-03-06T11:40:20+00:00","dateModified":"2023-03-07T07:15:16+00:00","breadcrumb":{"@id":"https:\/\/blogit.gradia.fi\/mkpt2203-nieminen\/kultainennoutaja-lemmikina\/#breadcrumb"},"inLanguage":"fi","potentialAction":[{"@type":"ReadAction","target":["https:\/\/blogit.gradia.fi\/mkpt2203-nieminen\/kultainennoutaja-lemmikina\/"]}]},{"@type":"ImageObject","inLanguage":"fi","@id":"https:\/\/blogit.gradia.fi\/mkpt2203-nieminen\/kultainennoutaja-lemmikina\/#primaryimage","url":"https:\/\/blogit.gradia.fi\/mkpt2203-nieminen\/wp-content\/uploads\/sites\/408\/2023\/03\/dog-2655472_1280.png","contentUrl":"https:\/\/blogit.gradia.fi\/mkpt2203-nieminen\/wp-content\/uploads\/sites\/408\/2023\/03\/dog-2655472_1280.png","width":853,"height":853},{"@type":"BreadcrumbList","@id":"https:\/\/blogit.gradia.fi\/mkpt2203-nieminen\/kultainennoutaja-lemmikina\/#breadcrumb","itemListElement":[{"@type":"ListItem","position":1,"name":"Etusivu","item":"https:\/\/blogit.gradia.fi\/mkpt2203-nieminen\/"},{"@type":"ListItem","position":2,"name":"Kultainennoutaja lemmikin\u00e4"}]},{"@type":"WebSite","@id":"https:\/\/blogit.gradia.fi\/mkpt2203-nieminen\/#website","url":"https:\/\/blogit.gradia.fi\/mkpt2203-nieminen\/","name":"Kultsi &amp; Noutaja","description":"ultaistennoutajien erikoiskennel","publisher":{"@id":"https:\/\/blogit.gradia.fi\/mkpt2203-nieminen\/#organization"},"potentialAction":[{"@type":"SearchAction","target":{"@type":"EntryPoint","urlTemplate":"https:\/\/blogit.gradia.fi\/mkpt2203-nieminen\/?s={search_term_string}"},"query-input":{"@type":"PropertyValueSpecification","valueRequired":true,"valueName":"search_term_string"}}],"inLanguage":"fi"},{"@type":"Organization","@id":"https:\/\/blogit.gradia.fi\/mkpt2203-nieminen\/#organization","name":"Kultsi &amp; Noutaja","url":"https:\/\/blogit.gradia.fi\/mkpt2203-nieminen\/","logo":{"@type":"ImageObject","inLanguage":"fi","@id":"https:\/\/blogit.gradia.fi\/mkpt2203-nieminen\/#\/schema\/logo\/image\/","url":"https:\/\/blogit.gradia.fi\/mkpt2203-nieminen\/wp-content\/uploads\/sites\/408\/2023\/03\/cropped-Logo-1.png","contentUrl":"https:\/\/blogit.gradia.fi\/mkpt2203-nieminen\/wp-content\/uploads\/sites\/408\/2023\/03\/cropped-Logo-1.png","width":594,"height":419,"caption":"Kultsi &amp; Noutaja"},"image":{"@id":"https:\/\/blogit.gradia.fi\/mkpt2203-nieminen\/#\/schema\/logo\/image\/"}}]}},"uagb_featured_image_src":{"full":false,"thumbnail":false,"medium":false,"medium_large":false,"large":false,"1536x1536":false,"2048x2048":false},"uagb_author_info":{"display_name":"Neea Nieminen","author_link":"https:\/\/blogit.gradia.fi\/mkpt2203-nieminen\/author\/gr276305\/"},"uagb_comment_info":0,"uagb_excerpt":"Tavoitteenamme on kasvattaa terveit\u00e4 ja tasapainoisia noutajia perheenj\u00e4seniksi sek\u00e4 monipuolisiksi harrastuskavereiksi. Kasvatusty\u00f6 on alkumetreill\u00e4 ja harkitsen tarkkaan jokaisen astutetun yhdistelm\u00e4n. Tavoitteena on kasvattaa terveit\u00e4 ja rotum\u00e4\u00e4ritelm\u00e4n mukaisia kultaisianoutajia, joiden kanssa voi harrastaa monipuolisesti. Meill\u00e4 pennut kasvavat kotona muiden koirien ja perheemme keskell\u00e4 Kultainennoutaja on sek\u00e4 Suomessa ett\u00e4 maailmanlaajuisesti eritt\u00e4in suosittu rotu. Suomessa se on nelj\u00e4nneksi&hellip;","_links":{"self":[{"href":"https:\/\/blogit.gradia.fi\/mkpt2203-nieminen\/wp-json\/wp\/v2\/pages\/233","targetHints":{"allow":["GET"]}}],"collection":[{"href":"https:\/\/blogit.gradia.fi\/mkpt2203-nieminen\/wp-json\/wp\/v2\/pages"}],"about":[{"href":"https:\/\/blogit.gradia.fi\/mkpt2203-nieminen\/wp-json\/wp\/v2\/types\/page"}],"author":[{"embeddable":true,"href":"https:\/\/blogit.gradia.fi\/mkpt2203-nieminen\/wp-json\/wp\/v2\/users\/944"}],"replies":[{"embeddable":true,"href":"https:\/\/blogit.gradia.fi\/mkpt2203-nieminen\/wp-json\/wp\/v2\/comments?post=233"}],"version-history":[{"count":3,"href":"https:\/\/blogit.gradia.fi\/mkpt2203-nieminen\/wp-json\/wp\/v2\/pages\/233\/revisions"}],"predecessor-version":[{"id":279,"href":"https:\/\/blogit.gradia.fi\/mkpt2203-nieminen\/wp-json\/wp\/v2\/pages\/233\/revisions\/279"}],"wp:attachment":[{"href":"https:\/\/blogit.gradia.fi\/mkpt2203-nieminen\/wp-json\/wp\/v2\/media?parent=233"}],"curies":[{"name":"wp","href":"https:\/\/api.w.org\/{rel}","templated":true}]}}