{"id":520,"date":"2023-03-06T14:09:31","date_gmt":"2023-03-06T12:09:31","guid":{"rendered":"https:\/\/blogit.gradia.fi\/mkpt2203-mykkanen\/?page_id=520"},"modified":"2023-03-08T11:03:06","modified_gmt":"2023-03-08T09:03:06","slug":"koirat","status":"publish","type":"page","link":"https:\/\/blogit.gradia.fi\/mkpt2203-mykkanen\/koirat\/","title":{"rendered":"Koirat"},"content":{"rendered":"\n<div class=\"wp-block-uagb-container uagb-block-f61693f8 alignfull uagb-is-root-container\"><div class=\"uagb-container-inner-blocks-wrap\">\n<div class=\"wp-block-uagb-advanced-heading uagb-block-70d1d75b\"><h2 class=\"uagb-heading-text\">Koirat<\/h2><\/div>\n<\/div><\/div>\n\n\n\n<div class=\"wp-block-uagb-container uagb-block-117efa05 alignfull uagb-is-root-container\"><div class=\"uagb-container-inner-blocks-wrap\">\n<div class=\"wp-block-uagb-container uagb-block-ce32c472\">\n<div class=\"wp-block-uagb-image uagb-block-da4f910c wp-block-uagb-image--layout-default wp-block-uagb-image--effect-static wp-block-uagb-image--align-none\"><figure class=\"wp-block-uagb-image__figure\"><img decoding=\"async\" src=\"https:\/\/blogit.gradia.fi\/mkpt2203-mykkanen\/wp-content\/uploads\/sites\/407\/2023\/03\/dog-2753369_1920-1024x682.jpg\" alt=\"\" class=\"uag-image-529\" width=\"\" height=\"\" title=\"\" loading=\"lazy\" \/><\/figure><\/div>\n<\/div>\n\n\n\n<div class=\"wp-block-uagb-container uagb-block-40f81d2a\">\n<div class=\"wp-block-uagb-image uagb-block-675ebdc0 wp-block-uagb-image--layout-default wp-block-uagb-image--effect-static wp-block-uagb-image--align-none\"><figure class=\"wp-block-uagb-image__figure\"><img decoding=\"async\" src=\"https:\/\/blogit.gradia.fi\/mkpt2203-mykkanen\/wp-content\/uploads\/sites\/407\/2023\/03\/bitch-2645979_1920-1-1024x687.jpg\" alt=\"\" class=\"uag-image-530\" width=\"\" height=\"\" title=\"\" loading=\"lazy\" \/><\/figure><\/div>\n<\/div>\n\n\n\n<div class=\"wp-block-uagb-container uagb-block-c3f74a1f\">\n<div class=\"wp-block-uagb-image uagb-block-7093ab01 wp-block-uagb-image--layout-default wp-block-uagb-image--effect-static wp-block-uagb-image--align-none\"><figure class=\"wp-block-uagb-image__figure\"><img decoding=\"async\" src=\"https:\/\/blogit.gradia.fi\/mkpt2203-mykkanen\/wp-content\/uploads\/sites\/407\/2023\/03\/dog-golden-retriever-2659096_1920-1024x683.jpg\" alt=\"\" class=\"uag-image-531\" width=\"\" height=\"\" title=\"\" loading=\"lazy\" \/><\/figure><\/div>\n<\/div>\n<\/div><\/div>\n\n\n\n<div style=\"height:43px\" aria-hidden=\"true\" class=\"wp-block-spacer\"><\/div>\n\n\n\n<div class=\"wp-block-uagb-container uagb-block-f16c4680 alignfull uagb-is-root-container\"><div class=\"uagb-container-inner-blocks-wrap\">\n<div class=\"wp-block-uagb-container uagb-block-872c18d5\">\n<p class=\"has-text-align-left has-medium-font-size\"><strong>1<\/strong><\/p>\n\n\n\n<p><strong>Nimi:<\/strong> Toto<\/p>\n\n\n\n<p><strong>Virallinen nimi: <\/strong>Tophias Darktooth<\/p>\n\n\n\n<p><strong>Sukupuoli:<\/strong> Uros<\/p>\n\n\n\n<p><strong>Oma koira:<\/strong><\/p>\n\n\n\n<p><strong>Kasvattaja:<\/strong> Kennel Cerbi<\/p>\n\n\n\n<p><strong>Syntym\u00e4p\u00e4iv\u00e4: <\/strong>12.5.2011<\/p>\n\n\n\n<p><strong>Terveys:<\/strong><\/p>\n\n\n\n<p>Lonkat: A\/A Kyyn\u00e4rp\u00e4\u00e4t: 0\/0 Silm\u00e4t: ok<\/p>\n\n\n\n<p><strong>Meriitit:<\/strong><\/p>\n\n\n\n<p>1 x reserve CC 1 x CC from Estonia<\/p>\n<\/div>\n\n\n\n<div class=\"wp-block-uagb-container uagb-block-c621b980\">\n<p class=\"has-text-align-left has-medium-font-size\"><strong>2<\/strong><\/p>\n\n\n\n<p><strong>Nimi: <\/strong>Stella<\/p>\n\n\n\n<p><strong>Virallinen nimi:<\/strong> Stella Palefur<\/p>\n\n\n\n<p><strong>Sukupuoli:<\/strong> Naaras<\/p>\n\n\n\n<p><strong>Oma koira:<\/strong> X<\/p>\n\n\n\n<p><strong>Kasvattaja:<\/strong><\/p>\n\n\n\n<p><strong>Syntym\u00e4p\u00e4iv\u00e4: <\/strong>24.8.2015<\/p>\n\n\n\n<p><strong>Terveys:<\/strong><\/p>\n\n\n\n<p>Lonkat: A\/A Kyyn\u00e4rp\u00e4\u00e4t: 0\/0 Silm\u00e4t: clear, PRA-1 clear<\/p>\n\n\n\n<p><strong>Meriitit:<\/strong><\/p>\n\n\n\n<p>Puppy class 2nd with HP<\/p>\n\n\n\n<p>Open class 1st\/EXC, CQ -&gt; 2nd BEST BITCH -&gt; CAC<\/p>\n<\/div>\n\n\n\n<div class=\"wp-block-uagb-container uagb-block-ef46472e\">\n<p class=\"has-text-align-left has-medium-font-size\"><strong>3<\/strong><\/p>\n\n\n\n<p><strong>Nimi:<\/strong> Tille<\/p>\n\n\n\n<p><strong>Virallinen nimi:<\/strong> Tiara Spiritrunner<\/p>\n\n\n\n<p><strong>Sukupuoli:<\/strong> Naaras<\/p>\n\n\n\n<p><strong>Oma koira:<\/strong> X<\/p>\n\n\n\n<p><strong>Kasvattaja:<\/strong><\/p>\n\n\n\n<p><strong>Syntym\u00e4p\u00e4iv\u00e4: <\/strong>11.3.2016<\/p>\n\n\n\n<p><strong>Terveys:<\/strong><\/p>\n\n\n\n<p>Lonkat: A\/A Kyyn\u00e4rp\u00e4\u00e4t: 0\/0 Silm\u00e4t: clear<\/p>\n\n\n\n<p><strong>Meriitit:<\/strong> Junior class 2nd with EXC<\/p>\n<\/div>\n<\/div><\/div>\n\n\n\n<div class=\"wp-block-uagb-container uagb-block-f9993eab alignfull uagb-is-root-container\"><div class=\"uagb-container-inner-blocks-wrap\">\n<div class=\"wp-block-uagb-image aligncenter uagb-block-12113805 wp-block-uagb-image--layout-default wp-block-uagb-image--effect-static wp-block-uagb-image--align-center\"><figure class=\"wp-block-uagb-image__figure\"><img decoding=\"async\" src=\"https:\/\/blogit.gradia.fi\/mkpt2203-mykkanen\/wp-content\/uploads\/sites\/407\/2023\/03\/kuva-pinei-valkon-1-150x150.png\" alt=\"\" class=\"uag-image-787\" width=\"150\" height=\"150\" title=\"\" loading=\"lazy\" \/><\/figure><\/div>\n<\/div><\/div>\n\n\n\n<div class=\"wp-block-uagb-container uagb-block-ca4396a4 alignfull uagb-is-root-container\"><div class=\"uagb-container-inner-blocks-wrap\">\n<div class=\"wp-block-uagb-container uagb-block-c9c2e74b\">\n<div class=\"wp-block-uagb-image uagb-block-e2ba4d57 wp-block-uagb-image--layout-default wp-block-uagb-image--effect-static wp-block-uagb-image--align-none\"><figure class=\"wp-block-uagb-image__figure\"><img decoding=\"async\" src=\"https:\/\/blogit.gradia.fi\/mkpt2203-mykkanen\/wp-content\/uploads\/sites\/407\/2023\/03\/dog-1983156_1920-1024x682.jpg\" alt=\"\" class=\"uag-image-551\" title=\"\" loading=\"lazy\" \/><\/figure><\/div>\n<\/div>\n\n\n\n<div class=\"wp-block-uagb-container uagb-block-013c78a3\">\n<div class=\"wp-block-uagb-image uagb-block-b57e375f wp-block-uagb-image--layout-default wp-block-uagb-image--effect-static wp-block-uagb-image--align-none\"><figure class=\"wp-block-uagb-image__figure\"><img decoding=\"async\" src=\"https:\/\/blogit.gradia.fi\/mkpt2203-mykkanen\/wp-content\/uploads\/sites\/407\/2023\/03\/animal-3083246_1920-1-1024x685.jpg\" alt=\"\" class=\"uag-image-552\" title=\"\" loading=\"lazy\" \/><\/figure><\/div>\n<\/div>\n\n\n\n<div class=\"wp-block-uagb-container uagb-block-229744e4\">\n<div class=\"wp-block-uagb-image uagb-block-5cf1dcdd wp-block-uagb-image--layout-default wp-block-uagb-image--effect-static wp-block-uagb-image--align-none\"><figure class=\"wp-block-uagb-image__figure\"><img decoding=\"async\" src=\"https:\/\/blogit.gradia.fi\/mkpt2203-mykkanen\/wp-content\/uploads\/sites\/407\/2023\/03\/golden-2763243_1920-1024x678.jpg\" alt=\"\" class=\"uag-image-553\" title=\"\" loading=\"lazy\" \/><\/figure><\/div>\n<\/div>\n<\/div><\/div>\n\n\n\n<div class=\"wp-block-uagb-container uagb-block-8351fc86 alignfull uagb-is-root-container\"><div class=\"uagb-container-inner-blocks-wrap\">\n<div class=\"wp-block-uagb-container uagb-block-d272ddef\">\n<p class=\"has-medium-font-size\"><strong>4<\/strong><\/p>\n\n\n\n<p><strong>Nimi: <\/strong>Musti<\/p>\n\n\n\n<p><strong>Virallinen nimi:<\/strong> Murphy Von Reynard<\/p>\n\n\n\n<p><strong>Sukupuoli:<\/strong> Uros<\/p>\n\n\n\n<p><strong>Oma koira:<\/strong><\/p>\n\n\n\n<p><strong>Kasvattaja:<\/strong> Kennel Reynard<\/p>\n\n\n\n<p><strong>Syntym\u00e4p\u00e4iv\u00e4:<\/strong> 5.1.2015<\/p>\n\n\n\n<p><strong>Terveys:<\/strong><\/p>\n\n\n\n<p>Lonkat: A\/A Kyyn\u00e4rp\u00e4\u00e4t: 0\/0 Silm\u00e4t: ok<\/p>\n\n\n\n<p><strong>Meriitit:<\/strong><\/p>\n\n\n\n<p>Puppy class 5-7 months 2nd with HP Junior class 3rd with EXC<\/p>\n<\/div>\n\n\n\n<div class=\"wp-block-uagb-container uagb-block-d99f534e\">\n<p class=\"has-medium-font-size\"><strong>5<\/strong><\/p>\n\n\n\n<p><strong>Nimi:<\/strong> Minni<\/p>\n\n\n\n<p><strong>Virallinen nimi:<\/strong> Lady Minnie Cupcake<\/p>\n\n\n\n<p><strong>Sukupuoli:<\/strong> Naaras<\/p>\n\n\n\n<p><strong>Oma koira:<\/strong> X<\/p>\n\n\n\n<p><strong>Kasvattaja:<\/strong><\/p>\n\n\n\n<p><strong>Syntym\u00e4p\u00e4iv\u00e4:<\/strong> 7.9.2014<\/p>\n\n\n\n<p style=\"font-size:16px\"><strong>Terveys:<\/strong><\/p>\n\n\n\n<p>Lonkat: A\/A Kyyn\u00e4rp\u00e4\u00e4t: 0\/0 Silm\u00e4t: ok<\/p>\n\n\n\n<p><strong>Meriitit:<\/strong><\/p>\n\n\n\n<p>Puppy class 5-7 months 3rd with HP Puppy class 7-9 months 1st with HP -&gt;BOB PUPPY Junior class 1st EXC, CQ, 3rd BEST BITCH, rec CC<\/p>\n<\/div>\n<\/div><\/div>\n","protected":false},"excerpt":{"rendered":"<p>Koirat 1 Nimi: Toto Virallinen nimi: Tophias Darktooth Sukupuoli: Uros Oma koira: Kasvattaja: Kennel Cerbi Syntym\u00e4p\u00e4iv\u00e4: 12.5.2011 Terveys: Lonkat: A\/A Kyyn\u00e4rp\u00e4\u00e4t: 0\/0 Silm\u00e4t: ok Meriitit: 1 x reserve CC 1 x CC from Estonia 2 Nimi: Stella Virallinen nimi: Stella Palefur Sukupuoli: Naaras Oma koira: X Kasvattaja: Syntym\u00e4p\u00e4iv\u00e4: 24.8.2015 Terveys: Lonkat: A\/A Kyyn\u00e4rp\u00e4\u00e4t: 0\/0 Silm\u00e4t: [&hellip;]<\/p>\n","protected":false},"author":943,"featured_media":0,"parent":0,"menu_order":0,"comment_status":"closed","ping_status":"closed","template":"","meta":{"_uag_custom_page_level_css":"","site-sidebar-layout":"default","site-content-layout":"","ast-site-content-layout":"default","site-content-style":"default","site-sidebar-style":"default","ast-global-header-display":"","ast-banner-title-visibility":"","ast-main-header-display":"","ast-hfb-above-header-display":"","ast-hfb-below-header-display":"","ast-hfb-mobile-header-display":"","site-post-title":"","ast-breadcrumbs-content":"","ast-featured-img":"","footer-sml-layout":"","ast-disable-related-posts":"","theme-transparent-header-meta":"","adv-header-id-meta":"","stick-header-meta":"","header-above-stick-meta":"","header-main-stick-meta":"","header-below-stick-meta":"","astra-migrate-meta-layouts":"default","ast-page-background-enabled":"default","ast-page-background-meta":{"desktop":{"background-color":"var(--ast-global-color-4)","background-image":"","background-repeat":"repeat","background-position":"center center","background-size":"auto","background-attachment":"scroll","background-type":"","background-media":"","overlay-type":"","overlay-color":"","overlay-opacity":"","overlay-gradient":""},"tablet":{"background-color":"","background-image":"","background-repeat":"repeat","background-position":"center center","background-size":"auto","background-attachment":"scroll","background-type":"","background-media":"","overlay-type":"","overlay-color":"","overlay-opacity":"","overlay-gradient":""},"mobile":{"background-color":"","background-image":"","background-repeat":"repeat","background-position":"center center","background-size":"auto","background-attachment":"scroll","background-type":"","background-media":"","overlay-type":"","overlay-color":"","overlay-opacity":"","overlay-gradient":""}},"ast-content-background-meta":{"desktop":{"background-color":"var(--ast-global-color-5)","background-image":"","background-repeat":"repeat","background-position":"center center","background-size":"auto","background-attachment":"scroll","background-type":"","background-media":"","overlay-type":"","overlay-color":"","overlay-opacity":"","overlay-gradient":""},"tablet":{"background-color":"var(--ast-global-color-5)","background-image":"","background-repeat":"repeat","background-position":"center center","background-size":"auto","background-attachment":"scroll","background-type":"","background-media":"","overlay-type":"","overlay-color":"","overlay-opacity":"","overlay-gradient":""},"mobile":{"background-color":"var(--ast-global-color-5)","background-image":"","background-repeat":"repeat","background-position":"center center","background-size":"auto","background-attachment":"scroll","background-type":"","background-media":"","overlay-type":"","overlay-color":"","overlay-opacity":"","overlay-gradient":""}},"footnotes":""},"class_list":["post-520","page","type-page","status-publish","hentry"],"yoast_head":"<!-- This site is optimized with the Yoast SEO plugin v27.2 - https:\/\/yoast.com\/product\/yoast-seo-wordpress\/ -->\n<title>Koirat - Kultsi&amp;Noutaja<\/title>\n<meta name=\"robots\" content=\"index, follow, max-snippet:-1, max-image-preview:large, max-video-preview:-1\" \/>\n<link rel=\"canonical\" href=\"https:\/\/blogit.gradia.fi\/mkpt2203-mykkanen\/koirat\/\" \/>\n<meta property=\"og:locale\" content=\"fi_FI\" \/>\n<meta property=\"og:type\" content=\"article\" \/>\n<meta property=\"og:title\" content=\"Koirat - Kultsi&amp;Noutaja\" \/>\n<meta property=\"og:description\" content=\"Koirat 1 Nimi: Toto Virallinen nimi: Tophias Darktooth Sukupuoli: Uros Oma koira: Kasvattaja: Kennel Cerbi Syntym\u00e4p\u00e4iv\u00e4: 12.5.2011 Terveys: Lonkat: A\/A Kyyn\u00e4rp\u00e4\u00e4t: 0\/0 Silm\u00e4t: ok Meriitit: 1 x reserve CC 1 x CC from Estonia 2 Nimi: Stella Virallinen nimi: Stella Palefur Sukupuoli: Naaras Oma koira: X Kasvattaja: Syntym\u00e4p\u00e4iv\u00e4: 24.8.2015 Terveys: Lonkat: A\/A Kyyn\u00e4rp\u00e4\u00e4t: 0\/0 Silm\u00e4t: [&hellip;]\" \/>\n<meta property=\"og:url\" content=\"https:\/\/blogit.gradia.fi\/mkpt2203-mykkanen\/koirat\/\" \/>\n<meta property=\"og:site_name\" content=\"Kultsi&amp;Noutaja\" \/>\n<meta property=\"article:modified_time\" content=\"2023-03-08T09:03:06+00:00\" \/>\n<meta property=\"og:image\" content=\"https:\/\/blogit.gradia.fi\/mkpt2203-mykkanen\/wp-content\/uploads\/sites\/407\/2023\/03\/dog-2753369_1920-1024x682.jpg\" \/>\n<meta name=\"twitter:card\" content=\"summary_large_image\" \/>\n<meta name=\"twitter:label1\" content=\"Arvioitu lukuaika\" \/>\n\t<meta name=\"twitter:data1\" content=\"3 minuuttia\" \/>\n<script type=\"application\/ld+json\" class=\"yoast-schema-graph\">{\"@context\":\"https:\/\/schema.org\",\"@graph\":[{\"@type\":\"WebPage\",\"@id\":\"https:\/\/blogit.gradia.fi\/mkpt2203-mykkanen\/koirat\/\",\"url\":\"https:\/\/blogit.gradia.fi\/mkpt2203-mykkanen\/koirat\/\",\"name\":\"Koirat - Kultsi&amp;Noutaja\",\"isPartOf\":{\"@id\":\"https:\/\/blogit.gradia.fi\/mkpt2203-mykkanen\/#website\"},\"primaryImageOfPage\":{\"@id\":\"https:\/\/blogit.gradia.fi\/mkpt2203-mykkanen\/koirat\/#primaryimage\"},\"image\":{\"@id\":\"https:\/\/blogit.gradia.fi\/mkpt2203-mykkanen\/koirat\/#primaryimage\"},\"thumbnailUrl\":\"https:\/\/blogit.gradia.fi\/mkpt2203-mykkanen\/wp-content\/uploads\/sites\/407\/2023\/03\/dog-2753369_1920-1024x682.jpg\",\"datePublished\":\"2023-03-06T12:09:31+00:00\",\"dateModified\":\"2023-03-08T09:03:06+00:00\",\"breadcrumb\":{\"@id\":\"https:\/\/blogit.gradia.fi\/mkpt2203-mykkanen\/koirat\/#breadcrumb\"},\"inLanguage\":\"fi\",\"potentialAction\":[{\"@type\":\"ReadAction\",\"target\":[\"https:\/\/blogit.gradia.fi\/mkpt2203-mykkanen\/koirat\/\"]}]},{\"@type\":\"ImageObject\",\"inLanguage\":\"fi\",\"@id\":\"https:\/\/blogit.gradia.fi\/mkpt2203-mykkanen\/koirat\/#primaryimage\",\"url\":\"https:\/\/blogit.gradia.fi\/mkpt2203-mykkanen\/wp-content\/uploads\/sites\/407\/2023\/03\/dog-2753369_1920.jpg\",\"contentUrl\":\"https:\/\/blogit.gradia.fi\/mkpt2203-mykkanen\/wp-content\/uploads\/sites\/407\/2023\/03\/dog-2753369_1920.jpg\",\"width\":1920,\"height\":1279},{\"@type\":\"BreadcrumbList\",\"@id\":\"https:\/\/blogit.gradia.fi\/mkpt2203-mykkanen\/koirat\/#breadcrumb\",\"itemListElement\":[{\"@type\":\"ListItem\",\"position\":1,\"name\":\"Etusivu\",\"item\":\"https:\/\/blogit.gradia.fi\/mkpt2203-mykkanen\/\"},{\"@type\":\"ListItem\",\"position\":2,\"name\":\"Koirat\"}]},{\"@type\":\"WebSite\",\"@id\":\"https:\/\/blogit.gradia.fi\/mkpt2203-mykkanen\/#website\",\"url\":\"https:\/\/blogit.gradia.fi\/mkpt2203-mykkanen\/\",\"name\":\"Kultsi&amp;Noutaja\",\"description\":\"Kultaistennoutajien erikoiskennel\",\"publisher\":{\"@id\":\"https:\/\/blogit.gradia.fi\/mkpt2203-mykkanen\/#organization\"},\"potentialAction\":[{\"@type\":\"SearchAction\",\"target\":{\"@type\":\"EntryPoint\",\"urlTemplate\":\"https:\/\/blogit.gradia.fi\/mkpt2203-mykkanen\/?s={search_term_string}\"},\"query-input\":{\"@type\":\"PropertyValueSpecification\",\"valueRequired\":true,\"valueName\":\"search_term_string\"}}],\"inLanguage\":\"fi\"},{\"@type\":\"Organization\",\"@id\":\"https:\/\/blogit.gradia.fi\/mkpt2203-mykkanen\/#organization\",\"name\":\"Kultsi&amp;Noutaja\",\"url\":\"https:\/\/blogit.gradia.fi\/mkpt2203-mykkanen\/\",\"logo\":{\"@type\":\"ImageObject\",\"inLanguage\":\"fi\",\"@id\":\"https:\/\/blogit.gradia.fi\/mkpt2203-mykkanen\/#\/schema\/logo\/image\/\",\"url\":\"https:\/\/blogit.gradia.fi\/mkpt2203-mykkanen\/wp-content\/uploads\/sites\/407\/2023\/03\/cropped-Kultsi-noutaja-1.png\",\"contentUrl\":\"https:\/\/blogit.gradia.fi\/mkpt2203-mykkanen\/wp-content\/uploads\/sites\/407\/2023\/03\/cropped-Kultsi-noutaja-1.png\",\"width\":531,\"height\":435,\"caption\":\"Kultsi&amp;Noutaja\"},\"image\":{\"@id\":\"https:\/\/blogit.gradia.fi\/mkpt2203-mykkanen\/#\/schema\/logo\/image\/\"}}]}<\/script>\n<!-- \/ Yoast SEO plugin. -->","yoast_head_json":{"title":"Koirat - Kultsi&amp;Noutaja","robots":{"index":"index","follow":"follow","max-snippet":"max-snippet:-1","max-image-preview":"max-image-preview:large","max-video-preview":"max-video-preview:-1"},"canonical":"https:\/\/blogit.gradia.fi\/mkpt2203-mykkanen\/koirat\/","og_locale":"fi_FI","og_type":"article","og_title":"Koirat - Kultsi&amp;Noutaja","og_description":"Koirat 1 Nimi: Toto Virallinen nimi: Tophias Darktooth Sukupuoli: Uros Oma koira: Kasvattaja: Kennel Cerbi Syntym\u00e4p\u00e4iv\u00e4: 12.5.2011 Terveys: Lonkat: A\/A Kyyn\u00e4rp\u00e4\u00e4t: 0\/0 Silm\u00e4t: ok Meriitit: 1 x reserve CC 1 x CC from Estonia 2 Nimi: Stella Virallinen nimi: Stella Palefur Sukupuoli: Naaras Oma koira: X Kasvattaja: Syntym\u00e4p\u00e4iv\u00e4: 24.8.2015 Terveys: Lonkat: A\/A Kyyn\u00e4rp\u00e4\u00e4t: 0\/0 Silm\u00e4t: [&hellip;]","og_url":"https:\/\/blogit.gradia.fi\/mkpt2203-mykkanen\/koirat\/","og_site_name":"Kultsi&amp;Noutaja","article_modified_time":"2023-03-08T09:03:06+00:00","og_image":[{"url":"https:\/\/blogit.gradia.fi\/mkpt2203-mykkanen\/wp-content\/uploads\/sites\/407\/2023\/03\/dog-2753369_1920-1024x682.jpg","type":"","width":"","height":""}],"twitter_card":"summary_large_image","twitter_misc":{"Arvioitu lukuaika":"3 minuuttia"},"schema":{"@context":"https:\/\/schema.org","@graph":[{"@type":"WebPage","@id":"https:\/\/blogit.gradia.fi\/mkpt2203-mykkanen\/koirat\/","url":"https:\/\/blogit.gradia.fi\/mkpt2203-mykkanen\/koirat\/","name":"Koirat - Kultsi&amp;Noutaja","isPartOf":{"@id":"https:\/\/blogit.gradia.fi\/mkpt2203-mykkanen\/#website"},"primaryImageOfPage":{"@id":"https:\/\/blogit.gradia.fi\/mkpt2203-mykkanen\/koirat\/#primaryimage"},"image":{"@id":"https:\/\/blogit.gradia.fi\/mkpt2203-mykkanen\/koirat\/#primaryimage"},"thumbnailUrl":"https:\/\/blogit.gradia.fi\/mkpt2203-mykkanen\/wp-content\/uploads\/sites\/407\/2023\/03\/dog-2753369_1920-1024x682.jpg","datePublished":"2023-03-06T12:09:31+00:00","dateModified":"2023-03-08T09:03:06+00:00","breadcrumb":{"@id":"https:\/\/blogit.gradia.fi\/mkpt2203-mykkanen\/koirat\/#breadcrumb"},"inLanguage":"fi","potentialAction":[{"@type":"ReadAction","target":["https:\/\/blogit.gradia.fi\/mkpt2203-mykkanen\/koirat\/"]}]},{"@type":"ImageObject","inLanguage":"fi","@id":"https:\/\/blogit.gradia.fi\/mkpt2203-mykkanen\/koirat\/#primaryimage","url":"https:\/\/blogit.gradia.fi\/mkpt2203-mykkanen\/wp-content\/uploads\/sites\/407\/2023\/03\/dog-2753369_1920.jpg","contentUrl":"https:\/\/blogit.gradia.fi\/mkpt2203-mykkanen\/wp-content\/uploads\/sites\/407\/2023\/03\/dog-2753369_1920.jpg","width":1920,"height":1279},{"@type":"BreadcrumbList","@id":"https:\/\/blogit.gradia.fi\/mkpt2203-mykkanen\/koirat\/#breadcrumb","itemListElement":[{"@type":"ListItem","position":1,"name":"Etusivu","item":"https:\/\/blogit.gradia.fi\/mkpt2203-mykkanen\/"},{"@type":"ListItem","position":2,"name":"Koirat"}]},{"@type":"WebSite","@id":"https:\/\/blogit.gradia.fi\/mkpt2203-mykkanen\/#website","url":"https:\/\/blogit.gradia.fi\/mkpt2203-mykkanen\/","name":"Kultsi&amp;Noutaja","description":"Kultaistennoutajien erikoiskennel","publisher":{"@id":"https:\/\/blogit.gradia.fi\/mkpt2203-mykkanen\/#organization"},"potentialAction":[{"@type":"SearchAction","target":{"@type":"EntryPoint","urlTemplate":"https:\/\/blogit.gradia.fi\/mkpt2203-mykkanen\/?s={search_term_string}"},"query-input":{"@type":"PropertyValueSpecification","valueRequired":true,"valueName":"search_term_string"}}],"inLanguage":"fi"},{"@type":"Organization","@id":"https:\/\/blogit.gradia.fi\/mkpt2203-mykkanen\/#organization","name":"Kultsi&amp;Noutaja","url":"https:\/\/blogit.gradia.fi\/mkpt2203-mykkanen\/","logo":{"@type":"ImageObject","inLanguage":"fi","@id":"https:\/\/blogit.gradia.fi\/mkpt2203-mykkanen\/#\/schema\/logo\/image\/","url":"https:\/\/blogit.gradia.fi\/mkpt2203-mykkanen\/wp-content\/uploads\/sites\/407\/2023\/03\/cropped-Kultsi-noutaja-1.png","contentUrl":"https:\/\/blogit.gradia.fi\/mkpt2203-mykkanen\/wp-content\/uploads\/sites\/407\/2023\/03\/cropped-Kultsi-noutaja-1.png","width":531,"height":435,"caption":"Kultsi&amp;Noutaja"},"image":{"@id":"https:\/\/blogit.gradia.fi\/mkpt2203-mykkanen\/#\/schema\/logo\/image\/"}}]}},"uagb_featured_image_src":{"full":false,"thumbnail":false,"medium":false,"medium_large":false,"large":false,"1536x1536":false,"2048x2048":false},"uagb_author_info":{"display_name":"Milja Mykk\u00e4nen","author_link":"https:\/\/blogit.gradia.fi\/mkpt2203-mykkanen\/author\/gr276304\/"},"uagb_comment_info":0,"uagb_excerpt":"Koirat 1 Nimi: Toto Virallinen nimi: Tophias Darktooth Sukupuoli: Uros Oma koira: Kasvattaja: Kennel Cerbi Syntym\u00e4p\u00e4iv\u00e4: 12.5.2011 Terveys: Lonkat: A\/A Kyyn\u00e4rp\u00e4\u00e4t: 0\/0 Silm\u00e4t: ok Meriitit: 1 x reserve CC 1 x CC from Estonia 2 Nimi: Stella Virallinen nimi: Stella Palefur Sukupuoli: Naaras Oma koira: X Kasvattaja: Syntym\u00e4p\u00e4iv\u00e4: 24.8.2015 Terveys: Lonkat: A\/A Kyyn\u00e4rp\u00e4\u00e4t: 0\/0 Silm\u00e4t:&hellip;","_links":{"self":[{"href":"https:\/\/blogit.gradia.fi\/mkpt2203-mykkanen\/wp-json\/wp\/v2\/pages\/520","targetHints":{"allow":["GET"]}}],"collection":[{"href":"https:\/\/blogit.gradia.fi\/mkpt2203-mykkanen\/wp-json\/wp\/v2\/pages"}],"about":[{"href":"https:\/\/blogit.gradia.fi\/mkpt2203-mykkanen\/wp-json\/wp\/v2\/types\/page"}],"author":[{"embeddable":true,"href":"https:\/\/blogit.gradia.fi\/mkpt2203-mykkanen\/wp-json\/wp\/v2\/users\/943"}],"replies":[{"embeddable":true,"href":"https:\/\/blogit.gradia.fi\/mkpt2203-mykkanen\/wp-json\/wp\/v2\/comments?post=520"}],"version-history":[{"count":28,"href":"https:\/\/blogit.gradia.fi\/mkpt2203-mykkanen\/wp-json\/wp\/v2\/pages\/520\/revisions"}],"predecessor-version":[{"id":790,"href":"https:\/\/blogit.gradia.fi\/mkpt2203-mykkanen\/wp-json\/wp\/v2\/pages\/520\/revisions\/790"}],"wp:attachment":[{"href":"https:\/\/blogit.gradia.fi\/mkpt2203-mykkanen\/wp-json\/wp\/v2\/media?parent=520"}],"curies":[{"name":"wp","href":"https:\/\/api.w.org\/{rel}","templated":true}]}}