{"id":518,"date":"2023-03-06T14:07:22","date_gmt":"2023-03-06T12:07:22","guid":{"rendered":"https:\/\/blogit.gradia.fi\/mkpt2203-mykkanen\/?page_id=518"},"modified":"2023-03-08T10:59:21","modified_gmt":"2023-03-08T08:59:21","slug":"terveys","status":"publish","type":"page","link":"https:\/\/blogit.gradia.fi\/mkpt2203-mykkanen\/terveys\/","title":{"rendered":"Terveys"},"content":{"rendered":"\n<div class=\"wp-block-uagb-container uagb-block-b10fbf17 alignfull uagb-is-root-container\"><div class=\"uagb-container-inner-blocks-wrap\">\n<div class=\"wp-block-uagb-advanced-heading uagb-block-b29baa97\"><h1 class=\"uagb-heading-text\">Terveys<\/h1><\/div>\n<\/div><\/div>\n\n\n\n<div class=\"wp-block-uagb-container uagb-block-b126cf44 alignfull uagb-is-root-container\"><div class=\"uagb-container-inner-blocks-wrap\">\n<div class=\"wp-block-uagb-container uagb-block-73a47ab9\">\n<p>Koira.netin kuolinsyytilaston mukaan yleisin kuolinsyy 1988-2010 v\u00e4lill\u00e4 el\u00e4neist\u00e4 ja kuolleiksi ilmoitetuista koirista vanhuuden (luonnollinen tai lopetus) j\u00e4lkeen ovat kasvainsairaudet. Yhteens\u00e4 tuossa tilastossa oli 429 koiraa. Keskim\u00e4\u00e4r\u00e4inen elinik\u00e4 n\u00e4ill\u00e4 koirilla oli 10 vuotta ja 3 kuukautta. Kultaisilla noutajilla esiintyy perinn\u00f6llisen\u00e4 lonkkavikaa ja epilepsiaa. Lis\u00e4ksi niill\u00e4 on taipumusta sairastua kilpirauhasen vajaatoimintaan. <br><br>L\u00e4hteet: https:\/\/fi.wikipedia.org\/wiki\/Kultainennoutaja<\/p>\n<\/div>\n\n\n\n<div class=\"wp-block-uagb-container uagb-block-f74026fc\">\n<div class=\"wp-block-uagb-image uagb-block-fd652953 wp-block-uagb-image--layout-default wp-block-uagb-image--effect-static wp-block-uagb-image--align-none\"><figure class=\"wp-block-uagb-image__figure\"><img decoding=\"async\" src=\"https:\/\/blogit.gradia.fi\/mkpt2203-mykkanen\/wp-content\/uploads\/sites\/407\/2023\/03\/dogs-733957_1920-1024x683.jpg\" alt=\"\" class=\"uag-image-588\" title=\"\" loading=\"lazy\" \/><\/figure><\/div>\n<\/div>\n<\/div><\/div>\n\n\n\n<div class=\"wp-block-uagb-container uagb-block-2f81b9a1 alignfull uagb-is-root-container\"><div class=\"uagb-container-inner-blocks-wrap\">\n<div class=\"wp-block-uagb-container uagb-block-226c4eaf\">\n<div class=\"wp-block-uagb-image uagb-block-0f8f0d03 wp-block-uagb-image--layout-default wp-block-uagb-image--effect-static wp-block-uagb-image--align-none\"><figure class=\"wp-block-uagb-image__figure\"><img decoding=\"async\" src=\"https:\/\/blogit.gradia.fi\/mkpt2203-mykkanen\/wp-content\/uploads\/sites\/407\/2023\/03\/dog-220455_1280-3-1024x972.jpg\" alt=\"\" class=\"uag-image-783\" title=\"\" loading=\"lazy\" \/><\/figure><\/div>\n<\/div>\n\n\n\n<div class=\"wp-block-uagb-container uagb-block-9ea8aebf\">\n<div class=\"wp-block-uagb-image uagb-block-9f0de3ef wp-block-uagb-image--layout-default wp-block-uagb-image--effect-static wp-block-uagb-image--align-none\"><figure class=\"wp-block-uagb-image__figure\"><img decoding=\"async\" src=\"https:\/\/blogit.gradia.fi\/mkpt2203-mykkanen\/wp-content\/uploads\/sites\/407\/2023\/03\/kuva-pinei-1.png\" alt=\"\" class=\"uag-image-782\" title=\"\" loading=\"lazy\" \/><\/figure><\/div>\n<\/div>\n\n\n\n<div class=\"wp-block-uagb-container uagb-block-c02644af\">\n<div class=\"wp-block-uagb-image uagb-block-4df047db wp-block-uagb-image--layout-default wp-block-uagb-image--effect-static wp-block-uagb-image--align-none\"><figure class=\"wp-block-uagb-image__figure\"><img decoding=\"async\" src=\"https:\/\/blogit.gradia.fi\/mkpt2203-mykkanen\/wp-content\/uploads\/sites\/407\/2023\/03\/golden-retriever-672814_1920-1024x979.jpg\" alt=\"\" class=\"uag-image-479\" title=\"\" loading=\"lazy\" \/><\/figure><\/div>\n<\/div>\n<\/div><\/div>\n","protected":false},"excerpt":{"rendered":"<p>Terveys Koira.netin kuolinsyytilaston mukaan yleisin kuolinsyy 1988-2010 v\u00e4lill\u00e4 el\u00e4neist\u00e4 ja kuolleiksi ilmoitetuista koirista vanhuuden (luonnollinen tai lopetus) j\u00e4lkeen ovat kasvainsairaudet. Yhteens\u00e4 tuossa tilastossa oli 429 koiraa. Keskim\u00e4\u00e4r\u00e4inen elinik\u00e4 n\u00e4ill\u00e4 koirilla oli 10 vuotta ja 3 kuukautta. Kultaisilla noutajilla esiintyy perinn\u00f6llisen\u00e4 lonkkavikaa ja epilepsiaa. Lis\u00e4ksi niill\u00e4 on taipumusta sairastua kilpirauhasen vajaatoimintaan. L\u00e4hteet: https:\/\/fi.wikipedia.org\/wiki\/Kultainennoutaja<\/p>\n","protected":false},"author":943,"featured_media":0,"parent":0,"menu_order":0,"comment_status":"closed","ping_status":"closed","template":"","meta":{"_uag_custom_page_level_css":"","site-sidebar-layout":"default","site-content-layout":"","ast-site-content-layout":"default","site-content-style":"default","site-sidebar-style":"default","ast-global-header-display":"","ast-banner-title-visibility":"","ast-main-header-display":"","ast-hfb-above-header-display":"","ast-hfb-below-header-display":"","ast-hfb-mobile-header-display":"","site-post-title":"","ast-breadcrumbs-content":"","ast-featured-img":"","footer-sml-layout":"","ast-disable-related-posts":"","theme-transparent-header-meta":"","adv-header-id-meta":"","stick-header-meta":"","header-above-stick-meta":"","header-main-stick-meta":"","header-below-stick-meta":"","astra-migrate-meta-layouts":"default","ast-page-background-enabled":"default","ast-page-background-meta":{"desktop":{"background-color":"var(--ast-global-color-4)","background-image":"","background-repeat":"repeat","background-position":"center center","background-size":"auto","background-attachment":"scroll","background-type":"","background-media":"","overlay-type":"","overlay-color":"","overlay-opacity":"","overlay-gradient":""},"tablet":{"background-color":"","background-image":"","background-repeat":"repeat","background-position":"center center","background-size":"auto","background-attachment":"scroll","background-type":"","background-media":"","overlay-type":"","overlay-color":"","overlay-opacity":"","overlay-gradient":""},"mobile":{"background-color":"","background-image":"","background-repeat":"repeat","background-position":"center center","background-size":"auto","background-attachment":"scroll","background-type":"","background-media":"","overlay-type":"","overlay-color":"","overlay-opacity":"","overlay-gradient":""}},"ast-content-background-meta":{"desktop":{"background-color":"var(--ast-global-color-5)","background-image":"","background-repeat":"repeat","background-position":"center center","background-size":"auto","background-attachment":"scroll","background-type":"","background-media":"","overlay-type":"","overlay-color":"","overlay-opacity":"","overlay-gradient":""},"tablet":{"background-color":"var(--ast-global-color-5)","background-image":"","background-repeat":"repeat","background-position":"center center","background-size":"auto","background-attachment":"scroll","background-type":"","background-media":"","overlay-type":"","overlay-color":"","overlay-opacity":"","overlay-gradient":""},"mobile":{"background-color":"var(--ast-global-color-5)","background-image":"","background-repeat":"repeat","background-position":"center center","background-size":"auto","background-attachment":"scroll","background-type":"","background-media":"","overlay-type":"","overlay-color":"","overlay-opacity":"","overlay-gradient":""}},"footnotes":""},"class_list":["post-518","page","type-page","status-publish","hentry"],"yoast_head":"<!-- This site is optimized with the Yoast SEO plugin v27.2 - https:\/\/yoast.com\/product\/yoast-seo-wordpress\/ -->\n<title>Terveys - Kultsi&amp;Noutaja<\/title>\n<meta name=\"robots\" content=\"index, follow, max-snippet:-1, max-image-preview:large, max-video-preview:-1\" \/>\n<link rel=\"canonical\" href=\"https:\/\/blogit.gradia.fi\/mkpt2203-mykkanen\/terveys\/\" \/>\n<meta property=\"og:locale\" content=\"fi_FI\" \/>\n<meta property=\"og:type\" content=\"article\" \/>\n<meta property=\"og:title\" content=\"Terveys - Kultsi&amp;Noutaja\" \/>\n<meta property=\"og:description\" content=\"Terveys Koira.netin kuolinsyytilaston mukaan yleisin kuolinsyy 1988-2010 v\u00e4lill\u00e4 el\u00e4neist\u00e4 ja kuolleiksi ilmoitetuista koirista vanhuuden (luonnollinen tai lopetus) j\u00e4lkeen ovat kasvainsairaudet. Yhteens\u00e4 tuossa tilastossa oli 429 koiraa. Keskim\u00e4\u00e4r\u00e4inen elinik\u00e4 n\u00e4ill\u00e4 koirilla oli 10 vuotta ja 3 kuukautta. Kultaisilla noutajilla esiintyy perinn\u00f6llisen\u00e4 lonkkavikaa ja epilepsiaa. Lis\u00e4ksi niill\u00e4 on taipumusta sairastua kilpirauhasen vajaatoimintaan. L\u00e4hteet: https:\/\/fi.wikipedia.org\/wiki\/Kultainennoutaja\" \/>\n<meta property=\"og:url\" content=\"https:\/\/blogit.gradia.fi\/mkpt2203-mykkanen\/terveys\/\" \/>\n<meta property=\"og:site_name\" content=\"Kultsi&amp;Noutaja\" \/>\n<meta property=\"article:modified_time\" content=\"2023-03-08T08:59:21+00:00\" \/>\n<meta property=\"og:image\" content=\"https:\/\/blogit.gradia.fi\/mkpt2203-mykkanen\/wp-content\/uploads\/sites\/407\/2023\/03\/dogs-733957_1920-1024x683.jpg\" \/>\n<meta name=\"twitter:card\" content=\"summary_large_image\" \/>\n<meta name=\"twitter:label1\" content=\"Arvioitu lukuaika\" \/>\n\t<meta name=\"twitter:data1\" content=\"2 minuuttia\" \/>\n<script type=\"application\/ld+json\" class=\"yoast-schema-graph\">{\"@context\":\"https:\/\/schema.org\",\"@graph\":[{\"@type\":\"WebPage\",\"@id\":\"https:\/\/blogit.gradia.fi\/mkpt2203-mykkanen\/terveys\/\",\"url\":\"https:\/\/blogit.gradia.fi\/mkpt2203-mykkanen\/terveys\/\",\"name\":\"Terveys - Kultsi&amp;Noutaja\",\"isPartOf\":{\"@id\":\"https:\/\/blogit.gradia.fi\/mkpt2203-mykkanen\/#website\"},\"primaryImageOfPage\":{\"@id\":\"https:\/\/blogit.gradia.fi\/mkpt2203-mykkanen\/terveys\/#primaryimage\"},\"image\":{\"@id\":\"https:\/\/blogit.gradia.fi\/mkpt2203-mykkanen\/terveys\/#primaryimage\"},\"thumbnailUrl\":\"https:\/\/blogit.gradia.fi\/mkpt2203-mykkanen\/wp-content\/uploads\/sites\/407\/2023\/03\/dogs-733957_1920-1024x683.jpg\",\"datePublished\":\"2023-03-06T12:07:22+00:00\",\"dateModified\":\"2023-03-08T08:59:21+00:00\",\"breadcrumb\":{\"@id\":\"https:\/\/blogit.gradia.fi\/mkpt2203-mykkanen\/terveys\/#breadcrumb\"},\"inLanguage\":\"fi\",\"potentialAction\":[{\"@type\":\"ReadAction\",\"target\":[\"https:\/\/blogit.gradia.fi\/mkpt2203-mykkanen\/terveys\/\"]}]},{\"@type\":\"ImageObject\",\"inLanguage\":\"fi\",\"@id\":\"https:\/\/blogit.gradia.fi\/mkpt2203-mykkanen\/terveys\/#primaryimage\",\"url\":\"https:\/\/blogit.gradia.fi\/mkpt2203-mykkanen\/wp-content\/uploads\/sites\/407\/2023\/03\/dogs-733957_1920.jpg\",\"contentUrl\":\"https:\/\/blogit.gradia.fi\/mkpt2203-mykkanen\/wp-content\/uploads\/sites\/407\/2023\/03\/dogs-733957_1920.jpg\",\"width\":1920,\"height\":1280},{\"@type\":\"BreadcrumbList\",\"@id\":\"https:\/\/blogit.gradia.fi\/mkpt2203-mykkanen\/terveys\/#breadcrumb\",\"itemListElement\":[{\"@type\":\"ListItem\",\"position\":1,\"name\":\"Etusivu\",\"item\":\"https:\/\/blogit.gradia.fi\/mkpt2203-mykkanen\/\"},{\"@type\":\"ListItem\",\"position\":2,\"name\":\"Terveys\"}]},{\"@type\":\"WebSite\",\"@id\":\"https:\/\/blogit.gradia.fi\/mkpt2203-mykkanen\/#website\",\"url\":\"https:\/\/blogit.gradia.fi\/mkpt2203-mykkanen\/\",\"name\":\"Kultsi&amp;Noutaja\",\"description\":\"Kultaistennoutajien erikoiskennel\",\"publisher\":{\"@id\":\"https:\/\/blogit.gradia.fi\/mkpt2203-mykkanen\/#organization\"},\"potentialAction\":[{\"@type\":\"SearchAction\",\"target\":{\"@type\":\"EntryPoint\",\"urlTemplate\":\"https:\/\/blogit.gradia.fi\/mkpt2203-mykkanen\/?s={search_term_string}\"},\"query-input\":{\"@type\":\"PropertyValueSpecification\",\"valueRequired\":true,\"valueName\":\"search_term_string\"}}],\"inLanguage\":\"fi\"},{\"@type\":\"Organization\",\"@id\":\"https:\/\/blogit.gradia.fi\/mkpt2203-mykkanen\/#organization\",\"name\":\"Kultsi&amp;Noutaja\",\"url\":\"https:\/\/blogit.gradia.fi\/mkpt2203-mykkanen\/\",\"logo\":{\"@type\":\"ImageObject\",\"inLanguage\":\"fi\",\"@id\":\"https:\/\/blogit.gradia.fi\/mkpt2203-mykkanen\/#\/schema\/logo\/image\/\",\"url\":\"https:\/\/blogit.gradia.fi\/mkpt2203-mykkanen\/wp-content\/uploads\/sites\/407\/2023\/03\/cropped-Kultsi-noutaja-1.png\",\"contentUrl\":\"https:\/\/blogit.gradia.fi\/mkpt2203-mykkanen\/wp-content\/uploads\/sites\/407\/2023\/03\/cropped-Kultsi-noutaja-1.png\",\"width\":531,\"height\":435,\"caption\":\"Kultsi&amp;Noutaja\"},\"image\":{\"@id\":\"https:\/\/blogit.gradia.fi\/mkpt2203-mykkanen\/#\/schema\/logo\/image\/\"}}]}<\/script>\n<!-- \/ Yoast SEO plugin. -->","yoast_head_json":{"title":"Terveys - Kultsi&amp;Noutaja","robots":{"index":"index","follow":"follow","max-snippet":"max-snippet:-1","max-image-preview":"max-image-preview:large","max-video-preview":"max-video-preview:-1"},"canonical":"https:\/\/blogit.gradia.fi\/mkpt2203-mykkanen\/terveys\/","og_locale":"fi_FI","og_type":"article","og_title":"Terveys - Kultsi&amp;Noutaja","og_description":"Terveys Koira.netin kuolinsyytilaston mukaan yleisin kuolinsyy 1988-2010 v\u00e4lill\u00e4 el\u00e4neist\u00e4 ja kuolleiksi ilmoitetuista koirista vanhuuden (luonnollinen tai lopetus) j\u00e4lkeen ovat kasvainsairaudet. Yhteens\u00e4 tuossa tilastossa oli 429 koiraa. Keskim\u00e4\u00e4r\u00e4inen elinik\u00e4 n\u00e4ill\u00e4 koirilla oli 10 vuotta ja 3 kuukautta. Kultaisilla noutajilla esiintyy perinn\u00f6llisen\u00e4 lonkkavikaa ja epilepsiaa. Lis\u00e4ksi niill\u00e4 on taipumusta sairastua kilpirauhasen vajaatoimintaan. L\u00e4hteet: https:\/\/fi.wikipedia.org\/wiki\/Kultainennoutaja","og_url":"https:\/\/blogit.gradia.fi\/mkpt2203-mykkanen\/terveys\/","og_site_name":"Kultsi&amp;Noutaja","article_modified_time":"2023-03-08T08:59:21+00:00","og_image":[{"url":"https:\/\/blogit.gradia.fi\/mkpt2203-mykkanen\/wp-content\/uploads\/sites\/407\/2023\/03\/dogs-733957_1920-1024x683.jpg","type":"","width":"","height":""}],"twitter_card":"summary_large_image","twitter_misc":{"Arvioitu lukuaika":"2 minuuttia"},"schema":{"@context":"https:\/\/schema.org","@graph":[{"@type":"WebPage","@id":"https:\/\/blogit.gradia.fi\/mkpt2203-mykkanen\/terveys\/","url":"https:\/\/blogit.gradia.fi\/mkpt2203-mykkanen\/terveys\/","name":"Terveys - Kultsi&amp;Noutaja","isPartOf":{"@id":"https:\/\/blogit.gradia.fi\/mkpt2203-mykkanen\/#website"},"primaryImageOfPage":{"@id":"https:\/\/blogit.gradia.fi\/mkpt2203-mykkanen\/terveys\/#primaryimage"},"image":{"@id":"https:\/\/blogit.gradia.fi\/mkpt2203-mykkanen\/terveys\/#primaryimage"},"thumbnailUrl":"https:\/\/blogit.gradia.fi\/mkpt2203-mykkanen\/wp-content\/uploads\/sites\/407\/2023\/03\/dogs-733957_1920-1024x683.jpg","datePublished":"2023-03-06T12:07:22+00:00","dateModified":"2023-03-08T08:59:21+00:00","breadcrumb":{"@id":"https:\/\/blogit.gradia.fi\/mkpt2203-mykkanen\/terveys\/#breadcrumb"},"inLanguage":"fi","potentialAction":[{"@type":"ReadAction","target":["https:\/\/blogit.gradia.fi\/mkpt2203-mykkanen\/terveys\/"]}]},{"@type":"ImageObject","inLanguage":"fi","@id":"https:\/\/blogit.gradia.fi\/mkpt2203-mykkanen\/terveys\/#primaryimage","url":"https:\/\/blogit.gradia.fi\/mkpt2203-mykkanen\/wp-content\/uploads\/sites\/407\/2023\/03\/dogs-733957_1920.jpg","contentUrl":"https:\/\/blogit.gradia.fi\/mkpt2203-mykkanen\/wp-content\/uploads\/sites\/407\/2023\/03\/dogs-733957_1920.jpg","width":1920,"height":1280},{"@type":"BreadcrumbList","@id":"https:\/\/blogit.gradia.fi\/mkpt2203-mykkanen\/terveys\/#breadcrumb","itemListElement":[{"@type":"ListItem","position":1,"name":"Etusivu","item":"https:\/\/blogit.gradia.fi\/mkpt2203-mykkanen\/"},{"@type":"ListItem","position":2,"name":"Terveys"}]},{"@type":"WebSite","@id":"https:\/\/blogit.gradia.fi\/mkpt2203-mykkanen\/#website","url":"https:\/\/blogit.gradia.fi\/mkpt2203-mykkanen\/","name":"Kultsi&amp;Noutaja","description":"Kultaistennoutajien erikoiskennel","publisher":{"@id":"https:\/\/blogit.gradia.fi\/mkpt2203-mykkanen\/#organization"},"potentialAction":[{"@type":"SearchAction","target":{"@type":"EntryPoint","urlTemplate":"https:\/\/blogit.gradia.fi\/mkpt2203-mykkanen\/?s={search_term_string}"},"query-input":{"@type":"PropertyValueSpecification","valueRequired":true,"valueName":"search_term_string"}}],"inLanguage":"fi"},{"@type":"Organization","@id":"https:\/\/blogit.gradia.fi\/mkpt2203-mykkanen\/#organization","name":"Kultsi&amp;Noutaja","url":"https:\/\/blogit.gradia.fi\/mkpt2203-mykkanen\/","logo":{"@type":"ImageObject","inLanguage":"fi","@id":"https:\/\/blogit.gradia.fi\/mkpt2203-mykkanen\/#\/schema\/logo\/image\/","url":"https:\/\/blogit.gradia.fi\/mkpt2203-mykkanen\/wp-content\/uploads\/sites\/407\/2023\/03\/cropped-Kultsi-noutaja-1.png","contentUrl":"https:\/\/blogit.gradia.fi\/mkpt2203-mykkanen\/wp-content\/uploads\/sites\/407\/2023\/03\/cropped-Kultsi-noutaja-1.png","width":531,"height":435,"caption":"Kultsi&amp;Noutaja"},"image":{"@id":"https:\/\/blogit.gradia.fi\/mkpt2203-mykkanen\/#\/schema\/logo\/image\/"}}]}},"uagb_featured_image_src":{"full":false,"thumbnail":false,"medium":false,"medium_large":false,"large":false,"1536x1536":false,"2048x2048":false},"uagb_author_info":{"display_name":"Milja Mykk\u00e4nen","author_link":"https:\/\/blogit.gradia.fi\/mkpt2203-mykkanen\/author\/gr276304\/"},"uagb_comment_info":0,"uagb_excerpt":"Terveys Koira.netin kuolinsyytilaston mukaan yleisin kuolinsyy 1988-2010 v\u00e4lill\u00e4 el\u00e4neist\u00e4 ja kuolleiksi ilmoitetuista koirista vanhuuden (luonnollinen tai lopetus) j\u00e4lkeen ovat kasvainsairaudet. Yhteens\u00e4 tuossa tilastossa oli 429 koiraa. Keskim\u00e4\u00e4r\u00e4inen elinik\u00e4 n\u00e4ill\u00e4 koirilla oli 10 vuotta ja 3 kuukautta. Kultaisilla noutajilla esiintyy perinn\u00f6llisen\u00e4 lonkkavikaa ja epilepsiaa. Lis\u00e4ksi niill\u00e4 on taipumusta sairastua kilpirauhasen vajaatoimintaan. L\u00e4hteet: https:\/\/fi.wikipedia.org\/wiki\/Kultainennoutaja","_links":{"self":[{"href":"https:\/\/blogit.gradia.fi\/mkpt2203-mykkanen\/wp-json\/wp\/v2\/pages\/518","targetHints":{"allow":["GET"]}}],"collection":[{"href":"https:\/\/blogit.gradia.fi\/mkpt2203-mykkanen\/wp-json\/wp\/v2\/pages"}],"about":[{"href":"https:\/\/blogit.gradia.fi\/mkpt2203-mykkanen\/wp-json\/wp\/v2\/types\/page"}],"author":[{"embeddable":true,"href":"https:\/\/blogit.gradia.fi\/mkpt2203-mykkanen\/wp-json\/wp\/v2\/users\/943"}],"replies":[{"embeddable":true,"href":"https:\/\/blogit.gradia.fi\/mkpt2203-mykkanen\/wp-json\/wp\/v2\/comments?post=518"}],"version-history":[{"count":7,"href":"https:\/\/blogit.gradia.fi\/mkpt2203-mykkanen\/wp-json\/wp\/v2\/pages\/518\/revisions"}],"predecessor-version":[{"id":785,"href":"https:\/\/blogit.gradia.fi\/mkpt2203-mykkanen\/wp-json\/wp\/v2\/pages\/518\/revisions\/785"}],"wp:attachment":[{"href":"https:\/\/blogit.gradia.fi\/mkpt2203-mykkanen\/wp-json\/wp\/v2\/media?parent=518"}],"curies":[{"name":"wp","href":"https:\/\/api.w.org\/{rel}","templated":true}]}}