{"id":513,"date":"2023-03-06T14:04:59","date_gmt":"2023-03-06T12:04:59","guid":{"rendered":"https:\/\/blogit.gradia.fi\/mkpt2203-mykkanen\/?page_id=513"},"modified":"2023-03-08T11:04:26","modified_gmt":"2023-03-08T09:04:26","slug":"luonne-ja-kayttaytyminen-2","status":"publish","type":"page","link":"https:\/\/blogit.gradia.fi\/mkpt2203-mykkanen\/luonne-ja-kayttaytyminen-2\/","title":{"rendered":"Luonne ja k\u00e4ytt\u00e4ytyminen"},"content":{"rendered":"\n<div class=\"wp-block-uagb-container uagb-block-584d7875 alignfull uagb-is-root-container\"><div class=\"uagb-container-inner-blocks-wrap\">\n<div class=\"wp-block-uagb-advanced-heading uagb-block-8a5269f7\"><h1 class=\"uagb-heading-text\">Luonne ja k\u00e4ytt\u00e4ytyminen<\/h1><\/div>\n\n\n\n<div style=\"height:45px\" aria-hidden=\"true\" class=\"wp-block-spacer\"><\/div>\n<\/div><\/div>\n\n\n\n<div class=\"wp-block-uagb-container uagb-block-059a1785 alignfull uagb-is-root-container\"><div class=\"uagb-container-inner-blocks-wrap\">\n<div class=\"wp-block-uagb-image aligncenter uagb-block-a4a5a312 wp-block-uagb-image--layout-default wp-block-uagb-image--effect-static wp-block-uagb-image--align-center\"><figure class=\"wp-block-uagb-image__figure\"><img decoding=\"async\" src=\"https:\/\/blogit.gradia.fi\/mkpt2203-mykkanen\/wp-content\/uploads\/sites\/407\/2023\/03\/kuva-pinei-valkon-2-150x150.png\" alt=\"\" class=\"uag-image-791\" width=\"150\" height=\"150\" title=\"\" loading=\"lazy\" \/><\/figure><\/div>\n\n\n\n<p class=\"has-black-color has-text-color\">Kultainennoutaja on luonteeltaan hyvin iloinen, avoin ja yst\u00e4v\u00e4llinen, varsinkin vanhusten ja lasten l\u00e4sn\u00e4 ollessa, mist\u00e4 syyst\u00e4 se sopii t\u00e4ydellisesti my\u00f6s perhekoiraksi. Kultainennoutaja on kovin ihmisrakas koirarotu. Rodussa esiintyy my\u00f6s eneneviss\u00e4 m\u00e4\u00e4rin arkuutta. Pentua hankkiessa tulisikin vanhempien luonteisiin ja pentueen kasvatusolosuhteisiin kiinnitt\u00e4\u00e4 huomiota. Mik\u00e4li pennut eiv\u00e4t luovutusi\u00e4ss\u00e4 ole kontaktinhakuisia ja pelk\u00e4\u00e4v\u00e4t uusia asioita ja vieraita ihmisi\u00e4, kannattaa pennun ostamista viel\u00e4 mietti\u00e4. <\/p>\n<\/div><\/div>\n\n\n\n<div class=\"wp-block-uagb-container uagb-block-b983f1ae alignfull uagb-is-root-container\"><div class=\"uagb-container-inner-blocks-wrap\">\n<div style=\"height:45px\" aria-hidden=\"true\" class=\"wp-block-spacer\"><\/div>\n<\/div><\/div>\n\n\n\n<div class=\"wp-block-uagb-container uagb-block-cc5dc466 alignfull uagb-is-root-container\"><div class=\"uagb-container-inner-blocks-wrap\">\n<div class=\"wp-block-uagb-container uagb-block-0d868733\">\n<p>Kultainennoutaja on useimmiten eritt\u00e4in sosiaalinen ja tulee hyvin toimeen toisten koirien kanssa. Se on hyvin oppivainen ja helposti koulutettavissa monenlaisiin harrastusmuotoihin. Noutajille tyypillinen piirre pysytell\u00e4 omistajansa l\u00e4heisyydess\u00e4 tekee kultaisesta noutajasta eritt\u00e4in helpon pit\u00e4\u00e4 vapaana. Se on k\u00e4rsiv\u00e4llinen, mutta my\u00f6s omistushaluinen. Kultainennoutaja vaatii kunnollisen peruskasvatuksen ja -koulutuksen. Kultaiset noutajat ovat hyvin ihmisl\u00e4heisi\u00e4 ja tulevat toimeen melkein kaikkien kanssa. Koirasta ei v\u00e4ltt\u00e4m\u00e4tt\u00e4 ole vahtikoiraksi, mutta moneen muuhun se sopii.<\/p>\n\n\n\n<div class=\"wp-block-uagb-container uagb-block-7246d992\">\n<div style=\"height:70px\" aria-hidden=\"true\" class=\"wp-block-spacer\"><\/div>\n<\/div>\n\n\n\n<p>Kultainennoutaja on ty\u00f6koira ja sit\u00e4 k\u00e4ytet\u00e4\u00e4n laajalti muun muassa opaskoirina sek\u00e4 tullin huumekoirana. Se on my\u00f6s monipuolinen mets\u00e4styskoira muiden noutajarotujen tavoin. Lis\u00e4ksi kultainennoutaja on palveluskoirarotu ja soveltuu my\u00f6s palveluskoiralajeihin, vaikkakin n\u00e4iss\u00e4 nykyisin harvemmin t\u00f6rm\u00e4\u00e4 kultaisiinnoutajiin.<\/p>\n<\/div>\n\n\n\n<div class=\"wp-block-uagb-container uagb-block-6568e23c\">\n<div class=\"wp-block-uagb-image uagb-block-526f16c3 wp-block-uagb-image--layout-default wp-block-uagb-image--effect-static wp-block-uagb-image--align-none\"><figure class=\"wp-block-uagb-image__figure\"><img decoding=\"async\" src=\"https:\/\/blogit.gradia.fi\/mkpt2203-mykkanen\/wp-content\/uploads\/sites\/407\/2023\/03\/dog-220455_1280-1-1024x972.jpg\" alt=\"\" class=\"uag-image-574\" title=\"\" loading=\"lazy\" \/><\/figure><\/div>\n<\/div>\n<\/div><\/div>\n","protected":false},"excerpt":{"rendered":"<p>Luonne ja k\u00e4ytt\u00e4ytyminen Kultainennoutaja on luonteeltaan hyvin iloinen, avoin ja yst\u00e4v\u00e4llinen, varsinkin vanhusten ja lasten l\u00e4sn\u00e4 ollessa, mist\u00e4 syyst\u00e4 se sopii t\u00e4ydellisesti my\u00f6s perhekoiraksi. Kultainennoutaja on kovin ihmisrakas koirarotu. Rodussa esiintyy my\u00f6s eneneviss\u00e4 m\u00e4\u00e4rin arkuutta. Pentua hankkiessa tulisikin vanhempien luonteisiin ja pentueen kasvatusolosuhteisiin kiinnitt\u00e4\u00e4 huomiota. Mik\u00e4li pennut eiv\u00e4t luovutusi\u00e4ss\u00e4 ole kontaktinhakuisia ja pelk\u00e4\u00e4v\u00e4t uusia asioita [&hellip;]<\/p>\n","protected":false},"author":943,"featured_media":0,"parent":0,"menu_order":0,"comment_status":"closed","ping_status":"closed","template":"","meta":{"_uag_custom_page_level_css":"","site-sidebar-layout":"default","site-content-layout":"","ast-site-content-layout":"default","site-content-style":"default","site-sidebar-style":"default","ast-global-header-display":"","ast-banner-title-visibility":"","ast-main-header-display":"","ast-hfb-above-header-display":"","ast-hfb-below-header-display":"","ast-hfb-mobile-header-display":"","site-post-title":"","ast-breadcrumbs-content":"","ast-featured-img":"","footer-sml-layout":"","ast-disable-related-posts":"","theme-transparent-header-meta":"","adv-header-id-meta":"","stick-header-meta":"","header-above-stick-meta":"","header-main-stick-meta":"","header-below-stick-meta":"","astra-migrate-meta-layouts":"default","ast-page-background-enabled":"default","ast-page-background-meta":{"desktop":{"background-color":"var(--ast-global-color-4)","background-image":"","background-repeat":"repeat","background-position":"center center","background-size":"auto","background-attachment":"scroll","background-type":"","background-media":"","overlay-type":"","overlay-color":"","overlay-opacity":"","overlay-gradient":""},"tablet":{"background-color":"","background-image":"","background-repeat":"repeat","background-position":"center center","background-size":"auto","background-attachment":"scroll","background-type":"","background-media":"","overlay-type":"","overlay-color":"","overlay-opacity":"","overlay-gradient":""},"mobile":{"background-color":"","background-image":"","background-repeat":"repeat","background-position":"center center","background-size":"auto","background-attachment":"scroll","background-type":"","background-media":"","overlay-type":"","overlay-color":"","overlay-opacity":"","overlay-gradient":""}},"ast-content-background-meta":{"desktop":{"background-color":"var(--ast-global-color-5)","background-image":"","background-repeat":"repeat","background-position":"center center","background-size":"auto","background-attachment":"scroll","background-type":"","background-media":"","overlay-type":"","overlay-color":"","overlay-opacity":"","overlay-gradient":""},"tablet":{"background-color":"var(--ast-global-color-5)","background-image":"","background-repeat":"repeat","background-position":"center center","background-size":"auto","background-attachment":"scroll","background-type":"","background-media":"","overlay-type":"","overlay-color":"","overlay-opacity":"","overlay-gradient":""},"mobile":{"background-color":"var(--ast-global-color-5)","background-image":"","background-repeat":"repeat","background-position":"center center","background-size":"auto","background-attachment":"scroll","background-type":"","background-media":"","overlay-type":"","overlay-color":"","overlay-opacity":"","overlay-gradient":""}},"footnotes":""},"class_list":["post-513","page","type-page","status-publish","hentry"],"yoast_head":"<!-- This site is optimized with the Yoast SEO plugin v27.2 - https:\/\/yoast.com\/product\/yoast-seo-wordpress\/ -->\n<title>Luonne ja k\u00e4ytt\u00e4ytyminen - Kultsi&amp;Noutaja<\/title>\n<meta name=\"robots\" content=\"index, follow, max-snippet:-1, max-image-preview:large, max-video-preview:-1\" \/>\n<link rel=\"canonical\" href=\"https:\/\/blogit.gradia.fi\/mkpt2203-mykkanen\/luonne-ja-kayttaytyminen-2\/\" \/>\n<meta property=\"og:locale\" content=\"fi_FI\" \/>\n<meta property=\"og:type\" content=\"article\" \/>\n<meta property=\"og:title\" content=\"Luonne ja k\u00e4ytt\u00e4ytyminen - Kultsi&amp;Noutaja\" \/>\n<meta property=\"og:description\" content=\"Luonne ja k\u00e4ytt\u00e4ytyminen Kultainennoutaja on luonteeltaan hyvin iloinen, avoin ja yst\u00e4v\u00e4llinen, varsinkin vanhusten ja lasten l\u00e4sn\u00e4 ollessa, mist\u00e4 syyst\u00e4 se sopii t\u00e4ydellisesti my\u00f6s perhekoiraksi. Kultainennoutaja on kovin ihmisrakas koirarotu. Rodussa esiintyy my\u00f6s eneneviss\u00e4 m\u00e4\u00e4rin arkuutta. Pentua hankkiessa tulisikin vanhempien luonteisiin ja pentueen kasvatusolosuhteisiin kiinnitt\u00e4\u00e4 huomiota. Mik\u00e4li pennut eiv\u00e4t luovutusi\u00e4ss\u00e4 ole kontaktinhakuisia ja pelk\u00e4\u00e4v\u00e4t uusia asioita [&hellip;]\" \/>\n<meta property=\"og:url\" content=\"https:\/\/blogit.gradia.fi\/mkpt2203-mykkanen\/luonne-ja-kayttaytyminen-2\/\" \/>\n<meta property=\"og:site_name\" content=\"Kultsi&amp;Noutaja\" \/>\n<meta property=\"article:modified_time\" content=\"2023-03-08T09:04:26+00:00\" \/>\n<meta property=\"og:image\" content=\"https:\/\/blogit.gradia.fi\/mkpt2203-mykkanen\/wp-content\/uploads\/sites\/407\/2023\/03\/kuva-pinei-valkon-2-150x150.png\" \/>\n<meta name=\"twitter:card\" content=\"summary_large_image\" \/>\n<meta name=\"twitter:label1\" content=\"Arvioitu lukuaika\" \/>\n\t<meta name=\"twitter:data1\" content=\"2 minuuttia\" \/>\n<script type=\"application\/ld+json\" class=\"yoast-schema-graph\">{\"@context\":\"https:\/\/schema.org\",\"@graph\":[{\"@type\":\"WebPage\",\"@id\":\"https:\/\/blogit.gradia.fi\/mkpt2203-mykkanen\/luonne-ja-kayttaytyminen-2\/\",\"url\":\"https:\/\/blogit.gradia.fi\/mkpt2203-mykkanen\/luonne-ja-kayttaytyminen-2\/\",\"name\":\"Luonne ja k\u00e4ytt\u00e4ytyminen - Kultsi&amp;Noutaja\",\"isPartOf\":{\"@id\":\"https:\/\/blogit.gradia.fi\/mkpt2203-mykkanen\/#website\"},\"primaryImageOfPage\":{\"@id\":\"https:\/\/blogit.gradia.fi\/mkpt2203-mykkanen\/luonne-ja-kayttaytyminen-2\/#primaryimage\"},\"image\":{\"@id\":\"https:\/\/blogit.gradia.fi\/mkpt2203-mykkanen\/luonne-ja-kayttaytyminen-2\/#primaryimage\"},\"thumbnailUrl\":\"https:\/\/blogit.gradia.fi\/mkpt2203-mykkanen\/wp-content\/uploads\/sites\/407\/2023\/03\/kuva-pinei-valkon-2-150x150.png\",\"datePublished\":\"2023-03-06T12:04:59+00:00\",\"dateModified\":\"2023-03-08T09:04:26+00:00\",\"breadcrumb\":{\"@id\":\"https:\/\/blogit.gradia.fi\/mkpt2203-mykkanen\/luonne-ja-kayttaytyminen-2\/#breadcrumb\"},\"inLanguage\":\"fi\",\"potentialAction\":[{\"@type\":\"ReadAction\",\"target\":[\"https:\/\/blogit.gradia.fi\/mkpt2203-mykkanen\/luonne-ja-kayttaytyminen-2\/\"]}]},{\"@type\":\"ImageObject\",\"inLanguage\":\"fi\",\"@id\":\"https:\/\/blogit.gradia.fi\/mkpt2203-mykkanen\/luonne-ja-kayttaytyminen-2\/#primaryimage\",\"url\":\"https:\/\/blogit.gradia.fi\/mkpt2203-mykkanen\/wp-content\/uploads\/sites\/407\/2023\/03\/kuva-pinei-valkon-2.png\",\"contentUrl\":\"https:\/\/blogit.gradia.fi\/mkpt2203-mykkanen\/wp-content\/uploads\/sites\/407\/2023\/03\/kuva-pinei-valkon-2.png\",\"width\":280,\"height\":280},{\"@type\":\"BreadcrumbList\",\"@id\":\"https:\/\/blogit.gradia.fi\/mkpt2203-mykkanen\/luonne-ja-kayttaytyminen-2\/#breadcrumb\",\"itemListElement\":[{\"@type\":\"ListItem\",\"position\":1,\"name\":\"Etusivu\",\"item\":\"https:\/\/blogit.gradia.fi\/mkpt2203-mykkanen\/\"},{\"@type\":\"ListItem\",\"position\":2,\"name\":\"Luonne ja k\u00e4ytt\u00e4ytyminen\"}]},{\"@type\":\"WebSite\",\"@id\":\"https:\/\/blogit.gradia.fi\/mkpt2203-mykkanen\/#website\",\"url\":\"https:\/\/blogit.gradia.fi\/mkpt2203-mykkanen\/\",\"name\":\"Kultsi&amp;Noutaja\",\"description\":\"Kultaistennoutajien erikoiskennel\",\"publisher\":{\"@id\":\"https:\/\/blogit.gradia.fi\/mkpt2203-mykkanen\/#organization\"},\"potentialAction\":[{\"@type\":\"SearchAction\",\"target\":{\"@type\":\"EntryPoint\",\"urlTemplate\":\"https:\/\/blogit.gradia.fi\/mkpt2203-mykkanen\/?s={search_term_string}\"},\"query-input\":{\"@type\":\"PropertyValueSpecification\",\"valueRequired\":true,\"valueName\":\"search_term_string\"}}],\"inLanguage\":\"fi\"},{\"@type\":\"Organization\",\"@id\":\"https:\/\/blogit.gradia.fi\/mkpt2203-mykkanen\/#organization\",\"name\":\"Kultsi&amp;Noutaja\",\"url\":\"https:\/\/blogit.gradia.fi\/mkpt2203-mykkanen\/\",\"logo\":{\"@type\":\"ImageObject\",\"inLanguage\":\"fi\",\"@id\":\"https:\/\/blogit.gradia.fi\/mkpt2203-mykkanen\/#\/schema\/logo\/image\/\",\"url\":\"https:\/\/blogit.gradia.fi\/mkpt2203-mykkanen\/wp-content\/uploads\/sites\/407\/2023\/03\/cropped-Kultsi-noutaja-1.png\",\"contentUrl\":\"https:\/\/blogit.gradia.fi\/mkpt2203-mykkanen\/wp-content\/uploads\/sites\/407\/2023\/03\/cropped-Kultsi-noutaja-1.png\",\"width\":531,\"height\":435,\"caption\":\"Kultsi&amp;Noutaja\"},\"image\":{\"@id\":\"https:\/\/blogit.gradia.fi\/mkpt2203-mykkanen\/#\/schema\/logo\/image\/\"}}]}<\/script>\n<!-- \/ Yoast SEO plugin. -->","yoast_head_json":{"title":"Luonne ja k\u00e4ytt\u00e4ytyminen - Kultsi&amp;Noutaja","robots":{"index":"index","follow":"follow","max-snippet":"max-snippet:-1","max-image-preview":"max-image-preview:large","max-video-preview":"max-video-preview:-1"},"canonical":"https:\/\/blogit.gradia.fi\/mkpt2203-mykkanen\/luonne-ja-kayttaytyminen-2\/","og_locale":"fi_FI","og_type":"article","og_title":"Luonne ja k\u00e4ytt\u00e4ytyminen - Kultsi&amp;Noutaja","og_description":"Luonne ja k\u00e4ytt\u00e4ytyminen Kultainennoutaja on luonteeltaan hyvin iloinen, avoin ja yst\u00e4v\u00e4llinen, varsinkin vanhusten ja lasten l\u00e4sn\u00e4 ollessa, mist\u00e4 syyst\u00e4 se sopii t\u00e4ydellisesti my\u00f6s perhekoiraksi. Kultainennoutaja on kovin ihmisrakas koirarotu. Rodussa esiintyy my\u00f6s eneneviss\u00e4 m\u00e4\u00e4rin arkuutta. Pentua hankkiessa tulisikin vanhempien luonteisiin ja pentueen kasvatusolosuhteisiin kiinnitt\u00e4\u00e4 huomiota. Mik\u00e4li pennut eiv\u00e4t luovutusi\u00e4ss\u00e4 ole kontaktinhakuisia ja pelk\u00e4\u00e4v\u00e4t uusia asioita [&hellip;]","og_url":"https:\/\/blogit.gradia.fi\/mkpt2203-mykkanen\/luonne-ja-kayttaytyminen-2\/","og_site_name":"Kultsi&amp;Noutaja","article_modified_time":"2023-03-08T09:04:26+00:00","og_image":[{"url":"https:\/\/blogit.gradia.fi\/mkpt2203-mykkanen\/wp-content\/uploads\/sites\/407\/2023\/03\/kuva-pinei-valkon-2-150x150.png","type":"","width":"","height":""}],"twitter_card":"summary_large_image","twitter_misc":{"Arvioitu lukuaika":"2 minuuttia"},"schema":{"@context":"https:\/\/schema.org","@graph":[{"@type":"WebPage","@id":"https:\/\/blogit.gradia.fi\/mkpt2203-mykkanen\/luonne-ja-kayttaytyminen-2\/","url":"https:\/\/blogit.gradia.fi\/mkpt2203-mykkanen\/luonne-ja-kayttaytyminen-2\/","name":"Luonne ja k\u00e4ytt\u00e4ytyminen - Kultsi&amp;Noutaja","isPartOf":{"@id":"https:\/\/blogit.gradia.fi\/mkpt2203-mykkanen\/#website"},"primaryImageOfPage":{"@id":"https:\/\/blogit.gradia.fi\/mkpt2203-mykkanen\/luonne-ja-kayttaytyminen-2\/#primaryimage"},"image":{"@id":"https:\/\/blogit.gradia.fi\/mkpt2203-mykkanen\/luonne-ja-kayttaytyminen-2\/#primaryimage"},"thumbnailUrl":"https:\/\/blogit.gradia.fi\/mkpt2203-mykkanen\/wp-content\/uploads\/sites\/407\/2023\/03\/kuva-pinei-valkon-2-150x150.png","datePublished":"2023-03-06T12:04:59+00:00","dateModified":"2023-03-08T09:04:26+00:00","breadcrumb":{"@id":"https:\/\/blogit.gradia.fi\/mkpt2203-mykkanen\/luonne-ja-kayttaytyminen-2\/#breadcrumb"},"inLanguage":"fi","potentialAction":[{"@type":"ReadAction","target":["https:\/\/blogit.gradia.fi\/mkpt2203-mykkanen\/luonne-ja-kayttaytyminen-2\/"]}]},{"@type":"ImageObject","inLanguage":"fi","@id":"https:\/\/blogit.gradia.fi\/mkpt2203-mykkanen\/luonne-ja-kayttaytyminen-2\/#primaryimage","url":"https:\/\/blogit.gradia.fi\/mkpt2203-mykkanen\/wp-content\/uploads\/sites\/407\/2023\/03\/kuva-pinei-valkon-2.png","contentUrl":"https:\/\/blogit.gradia.fi\/mkpt2203-mykkanen\/wp-content\/uploads\/sites\/407\/2023\/03\/kuva-pinei-valkon-2.png","width":280,"height":280},{"@type":"BreadcrumbList","@id":"https:\/\/blogit.gradia.fi\/mkpt2203-mykkanen\/luonne-ja-kayttaytyminen-2\/#breadcrumb","itemListElement":[{"@type":"ListItem","position":1,"name":"Etusivu","item":"https:\/\/blogit.gradia.fi\/mkpt2203-mykkanen\/"},{"@type":"ListItem","position":2,"name":"Luonne ja k\u00e4ytt\u00e4ytyminen"}]},{"@type":"WebSite","@id":"https:\/\/blogit.gradia.fi\/mkpt2203-mykkanen\/#website","url":"https:\/\/blogit.gradia.fi\/mkpt2203-mykkanen\/","name":"Kultsi&amp;Noutaja","description":"Kultaistennoutajien erikoiskennel","publisher":{"@id":"https:\/\/blogit.gradia.fi\/mkpt2203-mykkanen\/#organization"},"potentialAction":[{"@type":"SearchAction","target":{"@type":"EntryPoint","urlTemplate":"https:\/\/blogit.gradia.fi\/mkpt2203-mykkanen\/?s={search_term_string}"},"query-input":{"@type":"PropertyValueSpecification","valueRequired":true,"valueName":"search_term_string"}}],"inLanguage":"fi"},{"@type":"Organization","@id":"https:\/\/blogit.gradia.fi\/mkpt2203-mykkanen\/#organization","name":"Kultsi&amp;Noutaja","url":"https:\/\/blogit.gradia.fi\/mkpt2203-mykkanen\/","logo":{"@type":"ImageObject","inLanguage":"fi","@id":"https:\/\/blogit.gradia.fi\/mkpt2203-mykkanen\/#\/schema\/logo\/image\/","url":"https:\/\/blogit.gradia.fi\/mkpt2203-mykkanen\/wp-content\/uploads\/sites\/407\/2023\/03\/cropped-Kultsi-noutaja-1.png","contentUrl":"https:\/\/blogit.gradia.fi\/mkpt2203-mykkanen\/wp-content\/uploads\/sites\/407\/2023\/03\/cropped-Kultsi-noutaja-1.png","width":531,"height":435,"caption":"Kultsi&amp;Noutaja"},"image":{"@id":"https:\/\/blogit.gradia.fi\/mkpt2203-mykkanen\/#\/schema\/logo\/image\/"}}]}},"uagb_featured_image_src":{"full":false,"thumbnail":false,"medium":false,"medium_large":false,"large":false,"1536x1536":false,"2048x2048":false},"uagb_author_info":{"display_name":"Milja Mykk\u00e4nen","author_link":"https:\/\/blogit.gradia.fi\/mkpt2203-mykkanen\/author\/gr276304\/"},"uagb_comment_info":0,"uagb_excerpt":"Luonne ja k\u00e4ytt\u00e4ytyminen Kultainennoutaja on luonteeltaan hyvin iloinen, avoin ja yst\u00e4v\u00e4llinen, varsinkin vanhusten ja lasten l\u00e4sn\u00e4 ollessa, mist\u00e4 syyst\u00e4 se sopii t\u00e4ydellisesti my\u00f6s perhekoiraksi. Kultainennoutaja on kovin ihmisrakas koirarotu. Rodussa esiintyy my\u00f6s eneneviss\u00e4 m\u00e4\u00e4rin arkuutta. Pentua hankkiessa tulisikin vanhempien luonteisiin ja pentueen kasvatusolosuhteisiin kiinnitt\u00e4\u00e4 huomiota. Mik\u00e4li pennut eiv\u00e4t luovutusi\u00e4ss\u00e4 ole kontaktinhakuisia ja pelk\u00e4\u00e4v\u00e4t uusia asioita&hellip;","_links":{"self":[{"href":"https:\/\/blogit.gradia.fi\/mkpt2203-mykkanen\/wp-json\/wp\/v2\/pages\/513","targetHints":{"allow":["GET"]}}],"collection":[{"href":"https:\/\/blogit.gradia.fi\/mkpt2203-mykkanen\/wp-json\/wp\/v2\/pages"}],"about":[{"href":"https:\/\/blogit.gradia.fi\/mkpt2203-mykkanen\/wp-json\/wp\/v2\/types\/page"}],"author":[{"embeddable":true,"href":"https:\/\/blogit.gradia.fi\/mkpt2203-mykkanen\/wp-json\/wp\/v2\/users\/943"}],"replies":[{"embeddable":true,"href":"https:\/\/blogit.gradia.fi\/mkpt2203-mykkanen\/wp-json\/wp\/v2\/comments?post=513"}],"version-history":[{"count":16,"href":"https:\/\/blogit.gradia.fi\/mkpt2203-mykkanen\/wp-json\/wp\/v2\/pages\/513\/revisions"}],"predecessor-version":[{"id":792,"href":"https:\/\/blogit.gradia.fi\/mkpt2203-mykkanen\/wp-json\/wp\/v2\/pages\/513\/revisions\/792"}],"wp:attachment":[{"href":"https:\/\/blogit.gradia.fi\/mkpt2203-mykkanen\/wp-json\/wp\/v2\/media?parent=513"}],"curies":[{"name":"wp","href":"https:\/\/api.w.org\/{rel}","templated":true}]}}