{"id":60,"date":"2023-02-02T08:53:28","date_gmt":"2023-02-02T06:53:28","guid":{"rendered":"https:\/\/blogit.gradia.fi\/mkpt2203-moilanen\/?page_id=60"},"modified":"2023-03-07T12:41:46","modified_gmt":"2023-03-07T10:41:46","slug":"varaa-hoitoaika","status":"publish","type":"page","link":"https:\/\/blogit.gradia.fi\/mkpt2203-moilanen\/varaa-hoitoaika\/","title":{"rendered":"Terveys"},"content":{"rendered":"\n<div class=\"wp-block-uagb-container uagb-block-c39845ff alignfull uagb-is-root-container\"><div class=\"uagb-container-inner-blocks-wrap\">\n<div class=\"wp-block-uagb-container uagb-block-80014281\">\n<figure class=\"wp-block-image size-large\"><img loading=\"lazy\" decoding=\"async\" width=\"1024\" height=\"682\" src=\"https:\/\/blogit.gradia.fi\/mkpt2203-moilanen\/wp-content\/uploads\/sites\/406\/2023\/03\/dog-1903021_1920-1024x682.jpg\" alt=\"\" class=\"wp-image-204\" srcset=\"https:\/\/blogit.gradia.fi\/mkpt2203-moilanen\/wp-content\/uploads\/sites\/406\/2023\/03\/dog-1903021_1920-1024x682.jpg 1024w, https:\/\/blogit.gradia.fi\/mkpt2203-moilanen\/wp-content\/uploads\/sites\/406\/2023\/03\/dog-1903021_1920-300x200.jpg 300w, https:\/\/blogit.gradia.fi\/mkpt2203-moilanen\/wp-content\/uploads\/sites\/406\/2023\/03\/dog-1903021_1920-768x512.jpg 768w, https:\/\/blogit.gradia.fi\/mkpt2203-moilanen\/wp-content\/uploads\/sites\/406\/2023\/03\/dog-1903021_1920-1536x1023.jpg 1536w, https:\/\/blogit.gradia.fi\/mkpt2203-moilanen\/wp-content\/uploads\/sites\/406\/2023\/03\/dog-1903021_1920.jpg 1920w\" sizes=\"auto, (max-width: 1024px) 100vw, 1024px\" \/><\/figure>\n<\/div>\n\n\n\n<div class=\"wp-block-uagb-container uagb-block-3ee51f47\">\n<p class=\"has-ast-global-color-3-color has-text-color has-x-large-font-size\">Terveys<\/p>\n<\/div>\n<\/div><\/div>\n\n\n\n<div class=\"wp-block-uagb-container uagb-block-6eef01b2 alignfull uagb-is-root-container\"><div class=\"uagb-container-inner-blocks-wrap\">\n<div class=\"wp-block-uagb-container uagb-block-3fe8b820\">\n<p class=\"has-ast-global-color-3-color has-text-color\">Koira.netin kuolinsyytilaston mukaan yleisin kuolinsyy 1988-2010 v\u00e4lill\u00e4 el\u00e4neist\u00e4 ja kuolleiksi ilmoitetuista koirista vanhuuden (luonnollinen tai lopetus) j\u00e4lkeen ovat kasvainsairaudet. Yhteens\u00e4 tuossa tilastossa oli 429 koiraa. Keskim\u00e4\u00e4r\u00e4inen elinik\u00e4 n\u00e4ill\u00e4 koirilla oli 10 vuotta ja 3 kuukautta. Kultaisilla noutajilla esiintyy perinn\u00f6llisen\u00e4 lonkkavikaa ja epilepsiaa. Lis\u00e4ksi niill\u00e4 on taipumusta sairastua kilpirauhasen vajaatoimintaan.<\/p>\n\n\n\n<p class=\"has-ast-global-color-3-color has-text-color\">L\u00e4hde: <a href=\"https:\/\/fi.wikipedia.org\/wiki\/Kultainennoutaja\">https:\/\/fi.wikipedia.org\/wiki\/Kultainennoutaja<\/a><\/p>\n<\/div>\n\n\n\n<div class=\"wp-block-uagb-container uagb-block-7d0e79af\">\n<figure class=\"wp-block-image size-large\"><img loading=\"lazy\" decoding=\"async\" width=\"1024\" height=\"682\" src=\"https:\/\/blogit.gradia.fi\/mkpt2203-moilanen\/wp-content\/uploads\/sites\/406\/2023\/03\/dogs-3122349_1920-1024x682.jpg\" alt=\"\" class=\"wp-image-207\" srcset=\"https:\/\/blogit.gradia.fi\/mkpt2203-moilanen\/wp-content\/uploads\/sites\/406\/2023\/03\/dogs-3122349_1920-1024x682.jpg 1024w, https:\/\/blogit.gradia.fi\/mkpt2203-moilanen\/wp-content\/uploads\/sites\/406\/2023\/03\/dogs-3122349_1920-300x200.jpg 300w, https:\/\/blogit.gradia.fi\/mkpt2203-moilanen\/wp-content\/uploads\/sites\/406\/2023\/03\/dogs-3122349_1920-768x512.jpg 768w, https:\/\/blogit.gradia.fi\/mkpt2203-moilanen\/wp-content\/uploads\/sites\/406\/2023\/03\/dogs-3122349_1920-1536x1023.jpg 1536w, https:\/\/blogit.gradia.fi\/mkpt2203-moilanen\/wp-content\/uploads\/sites\/406\/2023\/03\/dogs-3122349_1920.jpg 1920w\" sizes=\"auto, (max-width: 1024px) 100vw, 1024px\" \/><\/figure>\n<\/div>\n<\/div><\/div>\n","protected":false},"excerpt":{"rendered":"<p>Terveys Koira.netin kuolinsyytilaston mukaan yleisin kuolinsyy 1988-2010 v\u00e4lill\u00e4 el\u00e4neist\u00e4 ja kuolleiksi ilmoitetuista koirista vanhuuden (luonnollinen tai lopetus) j\u00e4lkeen ovat kasvainsairaudet. Yhteens\u00e4 tuossa tilastossa oli 429 koiraa. Keskim\u00e4\u00e4r\u00e4inen elinik\u00e4 n\u00e4ill\u00e4 koirilla oli 10 vuotta ja 3 kuukautta. Kultaisilla noutajilla esiintyy perinn\u00f6llisen\u00e4 lonkkavikaa ja epilepsiaa. Lis\u00e4ksi niill\u00e4 on taipumusta sairastua kilpirauhasen vajaatoimintaan. L\u00e4hde: https:\/\/fi.wikipedia.org\/wiki\/Kultainennoutaja<\/p>\n","protected":false},"author":942,"featured_media":0,"parent":0,"menu_order":0,"comment_status":"closed","ping_status":"closed","template":"","meta":{"_uag_custom_page_level_css":"","site-sidebar-layout":"default","site-content-layout":"","ast-site-content-layout":"default","site-content-style":"default","site-sidebar-style":"default","ast-global-header-display":"","ast-banner-title-visibility":"","ast-main-header-display":"","ast-hfb-above-header-display":"","ast-hfb-below-header-display":"","ast-hfb-mobile-header-display":"","site-post-title":"disabled","ast-breadcrumbs-content":"","ast-featured-img":"","footer-sml-layout":"","ast-disable-related-posts":"","theme-transparent-header-meta":"","adv-header-id-meta":"","stick-header-meta":"","header-above-stick-meta":"","header-main-stick-meta":"","header-below-stick-meta":"","astra-migrate-meta-layouts":"default","ast-page-background-enabled":"default","ast-page-background-meta":{"desktop":{"background-color":"var(--ast-global-color-4)","background-image":"","background-repeat":"repeat","background-position":"center center","background-size":"auto","background-attachment":"scroll","background-type":"","background-media":"","overlay-type":"","overlay-color":"","overlay-opacity":"","overlay-gradient":""},"tablet":{"background-color":"","background-image":"","background-repeat":"repeat","background-position":"center center","background-size":"auto","background-attachment":"scroll","background-type":"","background-media":"","overlay-type":"","overlay-color":"","overlay-opacity":"","overlay-gradient":""},"mobile":{"background-color":"","background-image":"","background-repeat":"repeat","background-position":"center center","background-size":"auto","background-attachment":"scroll","background-type":"","background-media":"","overlay-type":"","overlay-color":"","overlay-opacity":"","overlay-gradient":""}},"ast-content-background-meta":{"desktop":{"background-color":"var(--ast-global-color-5)","background-image":"","background-repeat":"repeat","background-position":"center center","background-size":"auto","background-attachment":"scroll","background-type":"","background-media":"","overlay-type":"","overlay-color":"","overlay-opacity":"","overlay-gradient":""},"tablet":{"background-color":"var(--ast-global-color-5)","background-image":"","background-repeat":"repeat","background-position":"center center","background-size":"auto","background-attachment":"scroll","background-type":"","background-media":"","overlay-type":"","overlay-color":"","overlay-opacity":"","overlay-gradient":""},"mobile":{"background-color":"var(--ast-global-color-5)","background-image":"","background-repeat":"repeat","background-position":"center center","background-size":"auto","background-attachment":"scroll","background-type":"","background-media":"","overlay-type":"","overlay-color":"","overlay-opacity":"","overlay-gradient":""}},"footnotes":""},"class_list":["post-60","page","type-page","status-publish","hentry"],"yoast_head":"<!-- This site is optimized with the Yoast SEO plugin v27.2 - https:\/\/yoast.com\/product\/yoast-seo-wordpress\/ -->\n<title>Terveys - Kultsi &amp; Noutaja<\/title>\n<meta name=\"robots\" content=\"index, follow, max-snippet:-1, max-image-preview:large, max-video-preview:-1\" \/>\n<link rel=\"canonical\" href=\"https:\/\/blogit.gradia.fi\/mkpt2203-moilanen\/varaa-hoitoaika\/\" \/>\n<meta property=\"og:locale\" content=\"fi_FI\" \/>\n<meta property=\"og:type\" content=\"article\" \/>\n<meta property=\"og:title\" content=\"Terveys - Kultsi &amp; Noutaja\" \/>\n<meta property=\"og:description\" content=\"Terveys Koira.netin kuolinsyytilaston mukaan yleisin kuolinsyy 1988-2010 v\u00e4lill\u00e4 el\u00e4neist\u00e4 ja kuolleiksi ilmoitetuista koirista vanhuuden (luonnollinen tai lopetus) j\u00e4lkeen ovat kasvainsairaudet. Yhteens\u00e4 tuossa tilastossa oli 429 koiraa. Keskim\u00e4\u00e4r\u00e4inen elinik\u00e4 n\u00e4ill\u00e4 koirilla oli 10 vuotta ja 3 kuukautta. Kultaisilla noutajilla esiintyy perinn\u00f6llisen\u00e4 lonkkavikaa ja epilepsiaa. Lis\u00e4ksi niill\u00e4 on taipumusta sairastua kilpirauhasen vajaatoimintaan. L\u00e4hde: https:\/\/fi.wikipedia.org\/wiki\/Kultainennoutaja\" \/>\n<meta property=\"og:url\" content=\"https:\/\/blogit.gradia.fi\/mkpt2203-moilanen\/varaa-hoitoaika\/\" \/>\n<meta property=\"og:site_name\" content=\"Kultsi &amp; Noutaja\" \/>\n<meta property=\"article:modified_time\" content=\"2023-03-07T10:41:46+00:00\" \/>\n<meta property=\"og:image\" content=\"https:\/\/blogit.gradia.fi\/mkpt2203-moilanen\/wp-content\/uploads\/sites\/406\/2023\/03\/dog-1903021_1920-1024x682.jpg\" \/>\n<meta name=\"twitter:card\" content=\"summary_large_image\" \/>\n<meta name=\"twitter:label1\" content=\"Arvioitu lukuaika\" \/>\n\t<meta name=\"twitter:data1\" content=\"1 minuutti\" \/>\n<script type=\"application\/ld+json\" class=\"yoast-schema-graph\">{\"@context\":\"https:\/\/schema.org\",\"@graph\":[{\"@type\":\"WebPage\",\"@id\":\"https:\/\/blogit.gradia.fi\/mkpt2203-moilanen\/varaa-hoitoaika\/\",\"url\":\"https:\/\/blogit.gradia.fi\/mkpt2203-moilanen\/varaa-hoitoaika\/\",\"name\":\"Terveys - Kultsi &amp; Noutaja\",\"isPartOf\":{\"@id\":\"https:\/\/blogit.gradia.fi\/mkpt2203-moilanen\/#website\"},\"primaryImageOfPage\":{\"@id\":\"https:\/\/blogit.gradia.fi\/mkpt2203-moilanen\/varaa-hoitoaika\/#primaryimage\"},\"image\":{\"@id\":\"https:\/\/blogit.gradia.fi\/mkpt2203-moilanen\/varaa-hoitoaika\/#primaryimage\"},\"thumbnailUrl\":\"https:\/\/blogit.gradia.fi\/mkpt2203-moilanen\/wp-content\/uploads\/sites\/406\/2023\/03\/dog-1903021_1920-1024x682.jpg\",\"datePublished\":\"2023-02-02T06:53:28+00:00\",\"dateModified\":\"2023-03-07T10:41:46+00:00\",\"breadcrumb\":{\"@id\":\"https:\/\/blogit.gradia.fi\/mkpt2203-moilanen\/varaa-hoitoaika\/#breadcrumb\"},\"inLanguage\":\"fi\",\"potentialAction\":[{\"@type\":\"ReadAction\",\"target\":[\"https:\/\/blogit.gradia.fi\/mkpt2203-moilanen\/varaa-hoitoaika\/\"]}]},{\"@type\":\"ImageObject\",\"inLanguage\":\"fi\",\"@id\":\"https:\/\/blogit.gradia.fi\/mkpt2203-moilanen\/varaa-hoitoaika\/#primaryimage\",\"url\":\"https:\/\/blogit.gradia.fi\/mkpt2203-moilanen\/wp-content\/uploads\/sites\/406\/2023\/03\/dog-1903021_1920.jpg\",\"contentUrl\":\"https:\/\/blogit.gradia.fi\/mkpt2203-moilanen\/wp-content\/uploads\/sites\/406\/2023\/03\/dog-1903021_1920.jpg\",\"width\":1920,\"height\":1279},{\"@type\":\"BreadcrumbList\",\"@id\":\"https:\/\/blogit.gradia.fi\/mkpt2203-moilanen\/varaa-hoitoaika\/#breadcrumb\",\"itemListElement\":[{\"@type\":\"ListItem\",\"position\":1,\"name\":\"Etusivu\",\"item\":\"https:\/\/blogit.gradia.fi\/mkpt2203-moilanen\/\"},{\"@type\":\"ListItem\",\"position\":2,\"name\":\"Terveys\"}]},{\"@type\":\"WebSite\",\"@id\":\"https:\/\/blogit.gradia.fi\/mkpt2203-moilanen\/#website\",\"url\":\"https:\/\/blogit.gradia.fi\/mkpt2203-moilanen\/\",\"name\":\"Kultsi &amp; Noutaja\",\"description\":\"Kultainennoutaja\",\"publisher\":{\"@id\":\"https:\/\/blogit.gradia.fi\/mkpt2203-moilanen\/#organization\"},\"potentialAction\":[{\"@type\":\"SearchAction\",\"target\":{\"@type\":\"EntryPoint\",\"urlTemplate\":\"https:\/\/blogit.gradia.fi\/mkpt2203-moilanen\/?s={search_term_string}\"},\"query-input\":{\"@type\":\"PropertyValueSpecification\",\"valueRequired\":true,\"valueName\":\"search_term_string\"}}],\"inLanguage\":\"fi\"},{\"@type\":\"Organization\",\"@id\":\"https:\/\/blogit.gradia.fi\/mkpt2203-moilanen\/#organization\",\"name\":\"Kultsi &amp; Noutaja\",\"url\":\"https:\/\/blogit.gradia.fi\/mkpt2203-moilanen\/\",\"logo\":{\"@type\":\"ImageObject\",\"inLanguage\":\"fi\",\"@id\":\"https:\/\/blogit.gradia.fi\/mkpt2203-moilanen\/#\/schema\/logo\/image\/\",\"url\":\"https:\/\/blogit.gradia.fi\/mkpt2203-moilanen\/wp-content\/uploads\/sites\/406\/2023\/03\/cropped-wheeeeeeeeeeee.png\",\"contentUrl\":\"https:\/\/blogit.gradia.fi\/mkpt2203-moilanen\/wp-content\/uploads\/sites\/406\/2023\/03\/cropped-wheeeeeeeeeeee.png\",\"width\":486,\"height\":450,\"caption\":\"Kultsi &amp; Noutaja\"},\"image\":{\"@id\":\"https:\/\/blogit.gradia.fi\/mkpt2203-moilanen\/#\/schema\/logo\/image\/\"}}]}<\/script>\n<!-- \/ Yoast SEO plugin. -->","yoast_head_json":{"title":"Terveys - Kultsi &amp; Noutaja","robots":{"index":"index","follow":"follow","max-snippet":"max-snippet:-1","max-image-preview":"max-image-preview:large","max-video-preview":"max-video-preview:-1"},"canonical":"https:\/\/blogit.gradia.fi\/mkpt2203-moilanen\/varaa-hoitoaika\/","og_locale":"fi_FI","og_type":"article","og_title":"Terveys - Kultsi &amp; Noutaja","og_description":"Terveys Koira.netin kuolinsyytilaston mukaan yleisin kuolinsyy 1988-2010 v\u00e4lill\u00e4 el\u00e4neist\u00e4 ja kuolleiksi ilmoitetuista koirista vanhuuden (luonnollinen tai lopetus) j\u00e4lkeen ovat kasvainsairaudet. Yhteens\u00e4 tuossa tilastossa oli 429 koiraa. Keskim\u00e4\u00e4r\u00e4inen elinik\u00e4 n\u00e4ill\u00e4 koirilla oli 10 vuotta ja 3 kuukautta. Kultaisilla noutajilla esiintyy perinn\u00f6llisen\u00e4 lonkkavikaa ja epilepsiaa. Lis\u00e4ksi niill\u00e4 on taipumusta sairastua kilpirauhasen vajaatoimintaan. L\u00e4hde: https:\/\/fi.wikipedia.org\/wiki\/Kultainennoutaja","og_url":"https:\/\/blogit.gradia.fi\/mkpt2203-moilanen\/varaa-hoitoaika\/","og_site_name":"Kultsi &amp; Noutaja","article_modified_time":"2023-03-07T10:41:46+00:00","og_image":[{"url":"https:\/\/blogit.gradia.fi\/mkpt2203-moilanen\/wp-content\/uploads\/sites\/406\/2023\/03\/dog-1903021_1920-1024x682.jpg","type":"","width":"","height":""}],"twitter_card":"summary_large_image","twitter_misc":{"Arvioitu lukuaika":"1 minuutti"},"schema":{"@context":"https:\/\/schema.org","@graph":[{"@type":"WebPage","@id":"https:\/\/blogit.gradia.fi\/mkpt2203-moilanen\/varaa-hoitoaika\/","url":"https:\/\/blogit.gradia.fi\/mkpt2203-moilanen\/varaa-hoitoaika\/","name":"Terveys - Kultsi &amp; Noutaja","isPartOf":{"@id":"https:\/\/blogit.gradia.fi\/mkpt2203-moilanen\/#website"},"primaryImageOfPage":{"@id":"https:\/\/blogit.gradia.fi\/mkpt2203-moilanen\/varaa-hoitoaika\/#primaryimage"},"image":{"@id":"https:\/\/blogit.gradia.fi\/mkpt2203-moilanen\/varaa-hoitoaika\/#primaryimage"},"thumbnailUrl":"https:\/\/blogit.gradia.fi\/mkpt2203-moilanen\/wp-content\/uploads\/sites\/406\/2023\/03\/dog-1903021_1920-1024x682.jpg","datePublished":"2023-02-02T06:53:28+00:00","dateModified":"2023-03-07T10:41:46+00:00","breadcrumb":{"@id":"https:\/\/blogit.gradia.fi\/mkpt2203-moilanen\/varaa-hoitoaika\/#breadcrumb"},"inLanguage":"fi","potentialAction":[{"@type":"ReadAction","target":["https:\/\/blogit.gradia.fi\/mkpt2203-moilanen\/varaa-hoitoaika\/"]}]},{"@type":"ImageObject","inLanguage":"fi","@id":"https:\/\/blogit.gradia.fi\/mkpt2203-moilanen\/varaa-hoitoaika\/#primaryimage","url":"https:\/\/blogit.gradia.fi\/mkpt2203-moilanen\/wp-content\/uploads\/sites\/406\/2023\/03\/dog-1903021_1920.jpg","contentUrl":"https:\/\/blogit.gradia.fi\/mkpt2203-moilanen\/wp-content\/uploads\/sites\/406\/2023\/03\/dog-1903021_1920.jpg","width":1920,"height":1279},{"@type":"BreadcrumbList","@id":"https:\/\/blogit.gradia.fi\/mkpt2203-moilanen\/varaa-hoitoaika\/#breadcrumb","itemListElement":[{"@type":"ListItem","position":1,"name":"Etusivu","item":"https:\/\/blogit.gradia.fi\/mkpt2203-moilanen\/"},{"@type":"ListItem","position":2,"name":"Terveys"}]},{"@type":"WebSite","@id":"https:\/\/blogit.gradia.fi\/mkpt2203-moilanen\/#website","url":"https:\/\/blogit.gradia.fi\/mkpt2203-moilanen\/","name":"Kultsi &amp; Noutaja","description":"Kultainennoutaja","publisher":{"@id":"https:\/\/blogit.gradia.fi\/mkpt2203-moilanen\/#organization"},"potentialAction":[{"@type":"SearchAction","target":{"@type":"EntryPoint","urlTemplate":"https:\/\/blogit.gradia.fi\/mkpt2203-moilanen\/?s={search_term_string}"},"query-input":{"@type":"PropertyValueSpecification","valueRequired":true,"valueName":"search_term_string"}}],"inLanguage":"fi"},{"@type":"Organization","@id":"https:\/\/blogit.gradia.fi\/mkpt2203-moilanen\/#organization","name":"Kultsi &amp; Noutaja","url":"https:\/\/blogit.gradia.fi\/mkpt2203-moilanen\/","logo":{"@type":"ImageObject","inLanguage":"fi","@id":"https:\/\/blogit.gradia.fi\/mkpt2203-moilanen\/#\/schema\/logo\/image\/","url":"https:\/\/blogit.gradia.fi\/mkpt2203-moilanen\/wp-content\/uploads\/sites\/406\/2023\/03\/cropped-wheeeeeeeeeeee.png","contentUrl":"https:\/\/blogit.gradia.fi\/mkpt2203-moilanen\/wp-content\/uploads\/sites\/406\/2023\/03\/cropped-wheeeeeeeeeeee.png","width":486,"height":450,"caption":"Kultsi &amp; Noutaja"},"image":{"@id":"https:\/\/blogit.gradia.fi\/mkpt2203-moilanen\/#\/schema\/logo\/image\/"}}]}},"uagb_featured_image_src":{"full":false,"thumbnail":false,"medium":false,"medium_large":false,"large":false,"1536x1536":false,"2048x2048":false},"uagb_author_info":{"display_name":"Oona Moilanen","author_link":"https:\/\/blogit.gradia.fi\/mkpt2203-moilanen\/author\/gr277770\/"},"uagb_comment_info":0,"uagb_excerpt":"Terveys Koira.netin kuolinsyytilaston mukaan yleisin kuolinsyy 1988-2010 v\u00e4lill\u00e4 el\u00e4neist\u00e4 ja kuolleiksi ilmoitetuista koirista vanhuuden (luonnollinen tai lopetus) j\u00e4lkeen ovat kasvainsairaudet. Yhteens\u00e4 tuossa tilastossa oli 429 koiraa. Keskim\u00e4\u00e4r\u00e4inen elinik\u00e4 n\u00e4ill\u00e4 koirilla oli 10 vuotta ja 3 kuukautta. Kultaisilla noutajilla esiintyy perinn\u00f6llisen\u00e4 lonkkavikaa ja epilepsiaa. Lis\u00e4ksi niill\u00e4 on taipumusta sairastua kilpirauhasen vajaatoimintaan. L\u00e4hde: https:\/\/fi.wikipedia.org\/wiki\/Kultainennoutaja","_links":{"self":[{"href":"https:\/\/blogit.gradia.fi\/mkpt2203-moilanen\/wp-json\/wp\/v2\/pages\/60","targetHints":{"allow":["GET"]}}],"collection":[{"href":"https:\/\/blogit.gradia.fi\/mkpt2203-moilanen\/wp-json\/wp\/v2\/pages"}],"about":[{"href":"https:\/\/blogit.gradia.fi\/mkpt2203-moilanen\/wp-json\/wp\/v2\/types\/page"}],"author":[{"embeddable":true,"href":"https:\/\/blogit.gradia.fi\/mkpt2203-moilanen\/wp-json\/wp\/v2\/users\/942"}],"replies":[{"embeddable":true,"href":"https:\/\/blogit.gradia.fi\/mkpt2203-moilanen\/wp-json\/wp\/v2\/comments?post=60"}],"version-history":[{"count":7,"href":"https:\/\/blogit.gradia.fi\/mkpt2203-moilanen\/wp-json\/wp\/v2\/pages\/60\/revisions"}],"predecessor-version":[{"id":287,"href":"https:\/\/blogit.gradia.fi\/mkpt2203-moilanen\/wp-json\/wp\/v2\/pages\/60\/revisions\/287"}],"wp:attachment":[{"href":"https:\/\/blogit.gradia.fi\/mkpt2203-moilanen\/wp-json\/wp\/v2\/media?parent=60"}],"curies":[{"name":"wp","href":"https:\/\/api.w.org\/{rel}","templated":true}]}}