{"id":242,"date":"2023-03-07T11:59:26","date_gmt":"2023-03-07T09:59:26","guid":{"rendered":"https:\/\/blogit.gradia.fi\/mkpt2203-moilanen\/?page_id=242"},"modified":"2023-03-08T09:32:40","modified_gmt":"2023-03-08T07:32:40","slug":"artikkelit","status":"publish","type":"page","link":"https:\/\/blogit.gradia.fi\/mkpt2203-moilanen\/artikkelit\/","title":{"rendered":"Artikkelit"},"content":{"rendered":"\n<div class=\"wp-block-columns alignwide are-vertically-aligned-bottom is-layout-flex wp-container-core-columns-is-layout-28f84493 wp-block-columns-is-layout-flex\">\n<div class=\"wp-block-column is-vertically-aligned-bottom is-layout-flow wp-block-column-is-layout-flow\" style=\"flex-basis:100%\">\n\t\t\t<div class=\"wp-block-uagb-post-carousel uagb-post-grid  uagb-post__image-position-top uagb-post__image-enabled uagb-block-9ad2607b     uagb-post__arrow-outside uagb-slick-carousel uagb-post__items uagb-post__columns-3 is-carousel uagb-post__columns-tablet-2 uagb-post__columns-mobile-1\" data-total=\"1\" style=\"\">\n\n\t\t\t\t\t\t\t\t\t\t\t\t<article class=\"uagb-post__inner-wrap\">\t\t\t\t\t\t\t\t<div class='uagb-post__image'>\n\t\t\t\t\t\t\t\t\t<a href=\"https:\/\/blogit.gradia.fi\/mkpt2203-moilanen\/koiran-hankinta\/\" target=\"_self\" rel=\"bookmark noopener noreferrer\"><img loading=\"lazy\" decoding=\"async\" width=\"1024\" height=\"683\" src=\"https:\/\/blogit.gradia.fi\/mkpt2203-moilanen\/wp-content\/uploads\/sites\/406\/2023\/03\/dogs-733957_1920-1024x683.jpg\" class=\"attachment-large size-large\" alt=\"\" srcset=\"https:\/\/blogit.gradia.fi\/mkpt2203-moilanen\/wp-content\/uploads\/sites\/406\/2023\/03\/dogs-733957_1920-1024x683.jpg 1024w, https:\/\/blogit.gradia.fi\/mkpt2203-moilanen\/wp-content\/uploads\/sites\/406\/2023\/03\/dogs-733957_1920-300x200.jpg 300w, https:\/\/blogit.gradia.fi\/mkpt2203-moilanen\/wp-content\/uploads\/sites\/406\/2023\/03\/dogs-733957_1920-768x512.jpg 768w, https:\/\/blogit.gradia.fi\/mkpt2203-moilanen\/wp-content\/uploads\/sites\/406\/2023\/03\/dogs-733957_1920-1536x1024.jpg 1536w, https:\/\/blogit.gradia.fi\/mkpt2203-moilanen\/wp-content\/uploads\/sites\/406\/2023\/03\/dogs-733957_1920.jpg 1920w\" sizes=\"auto, (max-width: 1024px) 100vw, 1024px\" \/>\t\t\t\t\t<\/a>\n\t\t\t\t\t\t\t\t\t<\/div>\n\t\t\t\t\t\t<h4 class=\"uagb-post__title uagb-post__text\">\n\t\t\t\t<a href=\"https:\/\/blogit.gradia.fi\/mkpt2203-moilanen\/koiran-hankinta\/\" target=\"_self\" rel=\"bookmark noopener noreferrer\">Koiran hankinta<\/a>\n\t\t\t<\/h4>\n\t\t\t\t\t\t<div class='uagb-post__text uagb-post-grid-byline'>\n\t\t\t\t\t\t\t\t<time datetime=\"2023-03-07T12:32:38+02:00\" class=\"uagb-post__date\">\n\t\t\t\t<span class=\"dashicons-calendar dashicons\"><\/span>\t\t\t\t\t7.3.2023\t\t\t\t<\/time>\n\t\t\t\t\t\t\t<span class=\"uagb-post__comment\">\n\t\t\t\t<span class=\"dashicons-admin-comments dashicons\"><\/span>\t\t\t\t\tEi kommentteja\t\t\t\t<\/span>\n\t\t\t\t\t\t<\/div>\n\t\t\t\t\t\t\t<div class='uagb-post__text uagb-post__excerpt'>\n\t\t\t\t\t<p>Koiran hankinta Koirakuume valtaa koiranyst\u00e4v\u00e4n silloin t\u00e4ll\u00f6in. Koirasta saa uskollisen yst\u00e4v\u00e4n pitk\u00e4ksi&#8230;\t\t\t\t<\/div>\n\t\t\t\t\t\t<div class=\"uagb-post__text uagb-post__cta wp-block-button\">\n\t\t\t\t<a class=\"wp-block-button__link uagb-text-link\" style=\"\" href=\"https:\/\/blogit.gradia.fi\/mkpt2203-moilanen\/koiran-hankinta\/\" target=\"_self\" rel=\"bookmark noopener noreferrer\">Lue lis\u00e4\u00e4.<\/a>\n\t\t\t<\/div>\n\t\t\t\n\t\t\t\t\t\t\t\t\t<\/article>\n\t\t\t\t\t\t\t\t\t\t\t\t\t\t\t\t<article class=\"uagb-post__inner-wrap\">\t\t\t\t\t\t\t\t<div class='uagb-post__image'>\n\t\t\t\t\t\t\t\t\t<a href=\"https:\/\/blogit.gradia.fi\/mkpt2203-moilanen\/vastuullinen-koiranomistaja\/\" target=\"_self\" rel=\"bookmark noopener noreferrer\"><img loading=\"lazy\" decoding=\"async\" width=\"1024\" height=\"739\" src=\"https:\/\/blogit.gradia.fi\/mkpt2203-moilanen\/wp-content\/uploads\/sites\/406\/2023\/03\/puppy-1207816_1920-2-1024x739.jpg\" class=\"attachment-large size-large\" alt=\"\" srcset=\"https:\/\/blogit.gradia.fi\/mkpt2203-moilanen\/wp-content\/uploads\/sites\/406\/2023\/03\/puppy-1207816_1920-2-1024x739.jpg 1024w, https:\/\/blogit.gradia.fi\/mkpt2203-moilanen\/wp-content\/uploads\/sites\/406\/2023\/03\/puppy-1207816_1920-2-300x217.jpg 300w, https:\/\/blogit.gradia.fi\/mkpt2203-moilanen\/wp-content\/uploads\/sites\/406\/2023\/03\/puppy-1207816_1920-2-768x554.jpg 768w, https:\/\/blogit.gradia.fi\/mkpt2203-moilanen\/wp-content\/uploads\/sites\/406\/2023\/03\/puppy-1207816_1920-2-1536x1109.jpg 1536w, https:\/\/blogit.gradia.fi\/mkpt2203-moilanen\/wp-content\/uploads\/sites\/406\/2023\/03\/puppy-1207816_1920-2.jpg 1920w\" sizes=\"auto, (max-width: 1024px) 100vw, 1024px\" \/>\t\t\t\t\t<\/a>\n\t\t\t\t\t\t\t\t\t<\/div>\n\t\t\t\t\t\t<h4 class=\"uagb-post__title uagb-post__text\">\n\t\t\t\t<a href=\"https:\/\/blogit.gradia.fi\/mkpt2203-moilanen\/vastuullinen-koiranomistaja\/\" target=\"_self\" rel=\"bookmark noopener noreferrer\">Vastuullinen koiranomistaja<\/a>\n\t\t\t<\/h4>\n\t\t\t\t\t\t<div class='uagb-post__text uagb-post-grid-byline'>\n\t\t\t\t\t\t\t\t<time datetime=\"2023-03-07T12:29:38+02:00\" class=\"uagb-post__date\">\n\t\t\t\t<span class=\"dashicons-calendar dashicons\"><\/span>\t\t\t\t\t7.3.2023\t\t\t\t<\/time>\n\t\t\t\t\t\t\t<span class=\"uagb-post__comment\">\n\t\t\t\t<span class=\"dashicons-admin-comments dashicons\"><\/span>\t\t\t\t\tEi kommentteja\t\t\t\t<\/span>\n\t\t\t\t\t\t<\/div>\n\t\t\t\t\t\t\t<div class='uagb-post__text uagb-post__excerpt'>\n\t\t\t\t\t<p>Vastuullinen koiranomistaja Koiran omistaminen tuo paljon vastuuta ja monia velvollisuuksia. Omistaja on&#8230;\t\t\t\t<\/div>\n\t\t\t\t\t\t<div class=\"uagb-post__text uagb-post__cta wp-block-button\">\n\t\t\t\t<a class=\"wp-block-button__link uagb-text-link\" style=\"\" href=\"https:\/\/blogit.gradia.fi\/mkpt2203-moilanen\/vastuullinen-koiranomistaja\/\" target=\"_self\" rel=\"bookmark noopener noreferrer\">Lue lis\u00e4\u00e4.<\/a>\n\t\t\t<\/div>\n\t\t\t\n\t\t\t\t\t\t\t\t\t<\/article>\n\t\t\t\t\t\t\t\t\t\t\t\t\t\t\t\t<article class=\"uagb-post__inner-wrap\">\t\t\t\t\t\t\t\t<div class='uagb-post__image'>\n\t\t\t\t\t\t\t\t\t<a href=\"https:\/\/blogit.gradia.fi\/mkpt2203-moilanen\/artikkelit-2\/\" target=\"_self\" rel=\"bookmark noopener noreferrer\"><img loading=\"lazy\" decoding=\"async\" width=\"1024\" height=\"514\" src=\"https:\/\/blogit.gradia.fi\/mkpt2203-moilanen\/wp-content\/uploads\/sites\/406\/2023\/03\/puppies-2658725_1920-1024x514.jpg\" class=\"attachment-large size-large\" alt=\"\" srcset=\"https:\/\/blogit.gradia.fi\/mkpt2203-moilanen\/wp-content\/uploads\/sites\/406\/2023\/03\/puppies-2658725_1920-1024x514.jpg 1024w, https:\/\/blogit.gradia.fi\/mkpt2203-moilanen\/wp-content\/uploads\/sites\/406\/2023\/03\/puppies-2658725_1920-300x151.jpg 300w, https:\/\/blogit.gradia.fi\/mkpt2203-moilanen\/wp-content\/uploads\/sites\/406\/2023\/03\/puppies-2658725_1920-768x386.jpg 768w, https:\/\/blogit.gradia.fi\/mkpt2203-moilanen\/wp-content\/uploads\/sites\/406\/2023\/03\/puppies-2658725_1920-1536x771.jpg 1536w, https:\/\/blogit.gradia.fi\/mkpt2203-moilanen\/wp-content\/uploads\/sites\/406\/2023\/03\/puppies-2658725_1920.jpg 1920w\" sizes=\"auto, (max-width: 1024px) 100vw, 1024px\" \/>\t\t\t\t\t<\/a>\n\t\t\t\t\t\t\t\t\t<\/div>\n\t\t\t\t\t\t<h4 class=\"uagb-post__title uagb-post__text\">\n\t\t\t\t<a href=\"https:\/\/blogit.gradia.fi\/mkpt2203-moilanen\/artikkelit-2\/\" target=\"_self\" rel=\"bookmark noopener noreferrer\">Koiran hankkiminen vaatii harkintaa<\/a>\n\t\t\t<\/h4>\n\t\t\t\t\t\t<div class='uagb-post__text uagb-post-grid-byline'>\n\t\t\t\t\t\t\t\t<time datetime=\"2023-03-07T11:57:50+02:00\" class=\"uagb-post__date\">\n\t\t\t\t<span class=\"dashicons-calendar dashicons\"><\/span>\t\t\t\t\t7.3.2023\t\t\t\t<\/time>\n\t\t\t\t\t\t\t<span class=\"uagb-post__comment\">\n\t\t\t\t<span class=\"dashicons-admin-comments dashicons\"><\/span>\t\t\t\t\tEi kommentteja\t\t\t\t<\/span>\n\t\t\t\t\t\t<\/div>\n\t\t\t\t\t\t\t<div class='uagb-post__text uagb-post__excerpt'>\n\t\t\t\t\t<p>Koiran hankkiminen vaatii harkintaa Koiran hankkiminen vaatii huolellista harkintaa ja asiaan perehtymist\u00e4&#8230;.\t\t\t\t<\/div>\n\t\t\t\t\t\t<div class=\"uagb-post__text uagb-post__cta wp-block-button\">\n\t\t\t\t<a class=\"wp-block-button__link uagb-text-link\" style=\"\" href=\"https:\/\/blogit.gradia.fi\/mkpt2203-moilanen\/artikkelit-2\/\" target=\"_self\" rel=\"bookmark noopener noreferrer\">Lue lis\u00e4\u00e4.<\/a>\n\t\t\t<\/div>\n\t\t\t\n\t\t\t\t\t\t\t\t\t<\/article>\n\t\t\t\t\t\t\t\t\t\t\t\t\t\t\t\t<article class=\"uagb-post__inner-wrap\">\t\t\t\t\t\t\t\t<div class='uagb-post__image'>\n\t\t\t\t\t\t\t\t\t<a href=\"https:\/\/blogit.gradia.fi\/mkpt2203-moilanen\/artikkelit\/\" target=\"_self\" rel=\"bookmark noopener noreferrer\"><img loading=\"lazy\" decoding=\"async\" width=\"1024\" height=\"678\" src=\"https:\/\/blogit.gradia.fi\/mkpt2203-moilanen\/wp-content\/uploads\/sites\/406\/2023\/03\/wildlife-photography-1551699_1920-1024x678.jpg\" class=\"attachment-large size-large\" alt=\"\" srcset=\"https:\/\/blogit.gradia.fi\/mkpt2203-moilanen\/wp-content\/uploads\/sites\/406\/2023\/03\/wildlife-photography-1551699_1920-1024x678.jpg 1024w, https:\/\/blogit.gradia.fi\/mkpt2203-moilanen\/wp-content\/uploads\/sites\/406\/2023\/03\/wildlife-photography-1551699_1920-300x199.jpg 300w, https:\/\/blogit.gradia.fi\/mkpt2203-moilanen\/wp-content\/uploads\/sites\/406\/2023\/03\/wildlife-photography-1551699_1920-768x508.jpg 768w, https:\/\/blogit.gradia.fi\/mkpt2203-moilanen\/wp-content\/uploads\/sites\/406\/2023\/03\/wildlife-photography-1551699_1920-1536x1017.jpg 1536w, https:\/\/blogit.gradia.fi\/mkpt2203-moilanen\/wp-content\/uploads\/sites\/406\/2023\/03\/wildlife-photography-1551699_1920.jpg 1920w\" sizes=\"auto, (max-width: 1024px) 100vw, 1024px\" \/>\t\t\t\t\t<\/a>\n\t\t\t\t\t\t\t\t\t<\/div>\n\t\t\t\t\t\t<h4 class=\"uagb-post__title uagb-post__text\">\n\t\t\t\t<a href=\"https:\/\/blogit.gradia.fi\/mkpt2203-moilanen\/artikkelit\/\" target=\"_self\" rel=\"bookmark noopener noreferrer\">Valitse rotu huolella<\/a>\n\t\t\t<\/h4>\n\t\t\t\t\t\t<div class='uagb-post__text uagb-post-grid-byline'>\n\t\t\t\t\t\t\t\t<time datetime=\"2023-03-07T11:19:11+02:00\" class=\"uagb-post__date\">\n\t\t\t\t<span class=\"dashicons-calendar dashicons\"><\/span>\t\t\t\t\t7.3.2023\t\t\t\t<\/time>\n\t\t\t\t\t\t\t<span class=\"uagb-post__comment\">\n\t\t\t\t<span class=\"dashicons-admin-comments dashicons\"><\/span>\t\t\t\t\tEi kommentteja\t\t\t\t<\/span>\n\t\t\t\t\t\t<\/div>\n\t\t\t\t\t\t\t<div class='uagb-post__text uagb-post__excerpt'>\n\t\t\t\t\t<p>Valitse rotu huolella Koiraa valitessasi sinun on hyv\u00e4 ottaa selv\u00e4\u00e4 esimerkiksi eri&#8230;\t\t\t\t<\/div>\n\t\t\t\t\t\t<div class=\"uagb-post__text uagb-post__cta wp-block-button\">\n\t\t\t\t<a class=\"wp-block-button__link uagb-text-link\" style=\"\" href=\"https:\/\/blogit.gradia.fi\/mkpt2203-moilanen\/artikkelit\/\" target=\"_self\" rel=\"bookmark noopener noreferrer\">Lue lis\u00e4\u00e4.<\/a>\n\t\t\t<\/div>\n\t\t\t\n\t\t\t\t\t\t\t\t\t<\/article>\n\t\t\t\t\t\t\t\t\t\t\t\t\t\t\t\t<article class=\"uagb-post__inner-wrap\">\t\t\t\t\t\t\t\t<div class='uagb-post__image'>\n\t\t\t\t\t\t\t\t\t<a href=\"https:\/\/blogit.gradia.fi\/mkpt2203-moilanen\/koirat\/\" target=\"_self\" rel=\"bookmark noopener noreferrer\"><img loading=\"lazy\" decoding=\"async\" width=\"1024\" height=\"683\" src=\"https:\/\/blogit.gradia.fi\/mkpt2203-moilanen\/wp-content\/uploads\/sites\/406\/2023\/03\/Tille-1024x683.jpg\" class=\"attachment-large size-large\" alt=\"\" srcset=\"https:\/\/blogit.gradia.fi\/mkpt2203-moilanen\/wp-content\/uploads\/sites\/406\/2023\/03\/Tille-1024x683.jpg 1024w, https:\/\/blogit.gradia.fi\/mkpt2203-moilanen\/wp-content\/uploads\/sites\/406\/2023\/03\/Tille-300x200.jpg 300w, https:\/\/blogit.gradia.fi\/mkpt2203-moilanen\/wp-content\/uploads\/sites\/406\/2023\/03\/Tille-768x512.jpg 768w, https:\/\/blogit.gradia.fi\/mkpt2203-moilanen\/wp-content\/uploads\/sites\/406\/2023\/03\/Tille-1536x1024.jpg 1536w, https:\/\/blogit.gradia.fi\/mkpt2203-moilanen\/wp-content\/uploads\/sites\/406\/2023\/03\/Tille.jpg 1920w\" sizes=\"auto, (max-width: 1024px) 100vw, 1024px\" \/>\t\t\t\t\t<\/a>\n\t\t\t\t\t\t\t\t\t<\/div>\n\t\t\t\t\t\t<h4 class=\"uagb-post__title uagb-post__text\">\n\t\t\t\t<a href=\"https:\/\/blogit.gradia.fi\/mkpt2203-moilanen\/koirat\/\" target=\"_self\" rel=\"bookmark noopener noreferrer\">Koiran omistaminen<\/a>\n\t\t\t<\/h4>\n\t\t\t\t\t\t<div class='uagb-post__text uagb-post-grid-byline'>\n\t\t\t\t\t\t\t\t<time datetime=\"2023-03-07T10:30:24+02:00\" class=\"uagb-post__date\">\n\t\t\t\t<span class=\"dashicons-calendar dashicons\"><\/span>\t\t\t\t\t7.3.2023\t\t\t\t<\/time>\n\t\t\t\t\t\t\t<span class=\"uagb-post__comment\">\n\t\t\t\t<span class=\"dashicons-admin-comments dashicons\"><\/span>\t\t\t\t\tEi kommentteja\t\t\t\t<\/span>\n\t\t\t\t\t\t<\/div>\n\t\t\t\t\t\t\t<div class='uagb-post__text uagb-post__excerpt'>\n\t\t\t\t\t<p>Koiran omistaminen Koiran hankkiminen asettaa koiranomistajalle vaatimuksia, joista on hyv\u00e4 olla selvill\u00e4&#8230;.\t\t\t\t<\/div>\n\t\t\t\t\t\t<div class=\"uagb-post__text uagb-post__cta wp-block-button\">\n\t\t\t\t<a class=\"wp-block-button__link uagb-text-link\" style=\"\" href=\"https:\/\/blogit.gradia.fi\/mkpt2203-moilanen\/koirat\/\" target=\"_self\" rel=\"bookmark noopener noreferrer\">Lue lis\u00e4\u00e4.<\/a>\n\t\t\t<\/div>\n\t\t\t\n\t\t\t\t\t\t\t\t\t<\/article>\n\t\t\t\t\t\t\t\t\t\t\t<\/div>\n\t\t\t<\/div>\n<\/div>\n","protected":false},"excerpt":{"rendered":"","protected":false},"author":942,"featured_media":0,"parent":0,"menu_order":0,"comment_status":"closed","ping_status":"closed","template":"","meta":{"_uag_custom_page_level_css":"","site-sidebar-layout":"default","site-content-layout":"","ast-site-content-layout":"default","site-content-style":"default","site-sidebar-style":"default","ast-global-header-display":"","ast-banner-title-visibility":"","ast-main-header-display":"","ast-hfb-above-header-display":"","ast-hfb-below-header-display":"","ast-hfb-mobile-header-display":"","site-post-title":"disabled","ast-breadcrumbs-content":"","ast-featured-img":"","footer-sml-layout":"","ast-disable-related-posts":"","theme-transparent-header-meta":"","adv-header-id-meta":"","stick-header-meta":"","header-above-stick-meta":"","header-main-stick-meta":"","header-below-stick-meta":"","astra-migrate-meta-layouts":"default","ast-page-background-enabled":"default","ast-page-background-meta":{"desktop":{"background-color":"var(--ast-global-color-4)","background-image":"","background-repeat":"repeat","background-position":"center center","background-size":"auto","background-attachment":"scroll","background-type":"","background-media":"","overlay-type":"","overlay-color":"","overlay-opacity":"","overlay-gradient":""},"tablet":{"background-color":"","background-image":"","background-repeat":"repeat","background-position":"center center","background-size":"auto","background-attachment":"scroll","background-type":"","background-media":"","overlay-type":"","overlay-color":"","overlay-opacity":"","overlay-gradient":""},"mobile":{"background-color":"","background-image":"","background-repeat":"repeat","background-position":"center center","background-size":"auto","background-attachment":"scroll","background-type":"","background-media":"","overlay-type":"","overlay-color":"","overlay-opacity":"","overlay-gradient":""}},"ast-content-background-meta":{"desktop":{"background-color":"var(--ast-global-color-5)","background-image":"","background-repeat":"repeat","background-position":"center center","background-size":"auto","background-attachment":"scroll","background-type":"","background-media":"","overlay-type":"","overlay-color":"","overlay-opacity":"","overlay-gradient":""},"tablet":{"background-color":"var(--ast-global-color-5)","background-image":"","background-repeat":"repeat","background-position":"center center","background-size":"auto","background-attachment":"scroll","background-type":"","background-media":"","overlay-type":"","overlay-color":"","overlay-opacity":"","overlay-gradient":""},"mobile":{"background-color":"var(--ast-global-color-5)","background-image":"","background-repeat":"repeat","background-position":"center center","background-size":"auto","background-attachment":"scroll","background-type":"","background-media":"","overlay-type":"","overlay-color":"","overlay-opacity":"","overlay-gradient":""}},"footnotes":""},"class_list":["post-242","page","type-page","status-publish","hentry"],"yoast_head":"<!-- This site is optimized with the Yoast SEO plugin v27.2 - https:\/\/yoast.com\/product\/yoast-seo-wordpress\/ -->\n<title>Artikkelit - Kultsi &amp; Noutaja<\/title>\n<meta name=\"robots\" content=\"index, follow, max-snippet:-1, max-image-preview:large, max-video-preview:-1\" \/>\n<link rel=\"canonical\" href=\"https:\/\/blogit.gradia.fi\/mkpt2203-moilanen\/artikkelit\/\" \/>\n<meta property=\"og:locale\" content=\"fi_FI\" \/>\n<meta property=\"og:type\" content=\"article\" \/>\n<meta property=\"og:title\" content=\"Artikkelit - Kultsi &amp; Noutaja\" \/>\n<meta property=\"og:url\" content=\"https:\/\/blogit.gradia.fi\/mkpt2203-moilanen\/artikkelit\/\" \/>\n<meta property=\"og:site_name\" content=\"Kultsi &amp; Noutaja\" \/>\n<meta property=\"article:modified_time\" content=\"2023-03-08T07:32:40+00:00\" \/>\n<meta name=\"twitter:card\" content=\"summary_large_image\" \/>\n<script type=\"application\/ld+json\" class=\"yoast-schema-graph\">{\"@context\":\"https:\/\/schema.org\",\"@graph\":[{\"@type\":\"WebPage\",\"@id\":\"https:\/\/blogit.gradia.fi\/mkpt2203-moilanen\/artikkelit\/\",\"url\":\"https:\/\/blogit.gradia.fi\/mkpt2203-moilanen\/artikkelit\/\",\"name\":\"Artikkelit - Kultsi &amp; Noutaja\",\"isPartOf\":{\"@id\":\"https:\/\/blogit.gradia.fi\/mkpt2203-moilanen\/#website\"},\"datePublished\":\"2023-03-07T09:59:26+00:00\",\"dateModified\":\"2023-03-08T07:32:40+00:00\",\"breadcrumb\":{\"@id\":\"https:\/\/blogit.gradia.fi\/mkpt2203-moilanen\/artikkelit\/#breadcrumb\"},\"inLanguage\":\"fi\",\"potentialAction\":[{\"@type\":\"ReadAction\",\"target\":[\"https:\/\/blogit.gradia.fi\/mkpt2203-moilanen\/artikkelit\/\"]}]},{\"@type\":\"BreadcrumbList\",\"@id\":\"https:\/\/blogit.gradia.fi\/mkpt2203-moilanen\/artikkelit\/#breadcrumb\",\"itemListElement\":[{\"@type\":\"ListItem\",\"position\":1,\"name\":\"Etusivu\",\"item\":\"https:\/\/blogit.gradia.fi\/mkpt2203-moilanen\/\"},{\"@type\":\"ListItem\",\"position\":2,\"name\":\"Artikkelit\"}]},{\"@type\":\"WebSite\",\"@id\":\"https:\/\/blogit.gradia.fi\/mkpt2203-moilanen\/#website\",\"url\":\"https:\/\/blogit.gradia.fi\/mkpt2203-moilanen\/\",\"name\":\"Kultsi &amp; Noutaja\",\"description\":\"Kultainennoutaja\",\"publisher\":{\"@id\":\"https:\/\/blogit.gradia.fi\/mkpt2203-moilanen\/#organization\"},\"potentialAction\":[{\"@type\":\"SearchAction\",\"target\":{\"@type\":\"EntryPoint\",\"urlTemplate\":\"https:\/\/blogit.gradia.fi\/mkpt2203-moilanen\/?s={search_term_string}\"},\"query-input\":{\"@type\":\"PropertyValueSpecification\",\"valueRequired\":true,\"valueName\":\"search_term_string\"}}],\"inLanguage\":\"fi\"},{\"@type\":\"Organization\",\"@id\":\"https:\/\/blogit.gradia.fi\/mkpt2203-moilanen\/#organization\",\"name\":\"Kultsi &amp; Noutaja\",\"url\":\"https:\/\/blogit.gradia.fi\/mkpt2203-moilanen\/\",\"logo\":{\"@type\":\"ImageObject\",\"inLanguage\":\"fi\",\"@id\":\"https:\/\/blogit.gradia.fi\/mkpt2203-moilanen\/#\/schema\/logo\/image\/\",\"url\":\"https:\/\/blogit.gradia.fi\/mkpt2203-moilanen\/wp-content\/uploads\/sites\/406\/2023\/03\/cropped-wheeeeeeeeeeee.png\",\"contentUrl\":\"https:\/\/blogit.gradia.fi\/mkpt2203-moilanen\/wp-content\/uploads\/sites\/406\/2023\/03\/cropped-wheeeeeeeeeeee.png\",\"width\":486,\"height\":450,\"caption\":\"Kultsi &amp; Noutaja\"},\"image\":{\"@id\":\"https:\/\/blogit.gradia.fi\/mkpt2203-moilanen\/#\/schema\/logo\/image\/\"}}]}<\/script>\n<!-- \/ Yoast SEO plugin. -->","yoast_head_json":{"title":"Artikkelit - Kultsi &amp; Noutaja","robots":{"index":"index","follow":"follow","max-snippet":"max-snippet:-1","max-image-preview":"max-image-preview:large","max-video-preview":"max-video-preview:-1"},"canonical":"https:\/\/blogit.gradia.fi\/mkpt2203-moilanen\/artikkelit\/","og_locale":"fi_FI","og_type":"article","og_title":"Artikkelit - Kultsi &amp; Noutaja","og_url":"https:\/\/blogit.gradia.fi\/mkpt2203-moilanen\/artikkelit\/","og_site_name":"Kultsi &amp; Noutaja","article_modified_time":"2023-03-08T07:32:40+00:00","twitter_card":"summary_large_image","schema":{"@context":"https:\/\/schema.org","@graph":[{"@type":"WebPage","@id":"https:\/\/blogit.gradia.fi\/mkpt2203-moilanen\/artikkelit\/","url":"https:\/\/blogit.gradia.fi\/mkpt2203-moilanen\/artikkelit\/","name":"Artikkelit - Kultsi &amp; Noutaja","isPartOf":{"@id":"https:\/\/blogit.gradia.fi\/mkpt2203-moilanen\/#website"},"datePublished":"2023-03-07T09:59:26+00:00","dateModified":"2023-03-08T07:32:40+00:00","breadcrumb":{"@id":"https:\/\/blogit.gradia.fi\/mkpt2203-moilanen\/artikkelit\/#breadcrumb"},"inLanguage":"fi","potentialAction":[{"@type":"ReadAction","target":["https:\/\/blogit.gradia.fi\/mkpt2203-moilanen\/artikkelit\/"]}]},{"@type":"BreadcrumbList","@id":"https:\/\/blogit.gradia.fi\/mkpt2203-moilanen\/artikkelit\/#breadcrumb","itemListElement":[{"@type":"ListItem","position":1,"name":"Etusivu","item":"https:\/\/blogit.gradia.fi\/mkpt2203-moilanen\/"},{"@type":"ListItem","position":2,"name":"Artikkelit"}]},{"@type":"WebSite","@id":"https:\/\/blogit.gradia.fi\/mkpt2203-moilanen\/#website","url":"https:\/\/blogit.gradia.fi\/mkpt2203-moilanen\/","name":"Kultsi &amp; Noutaja","description":"Kultainennoutaja","publisher":{"@id":"https:\/\/blogit.gradia.fi\/mkpt2203-moilanen\/#organization"},"potentialAction":[{"@type":"SearchAction","target":{"@type":"EntryPoint","urlTemplate":"https:\/\/blogit.gradia.fi\/mkpt2203-moilanen\/?s={search_term_string}"},"query-input":{"@type":"PropertyValueSpecification","valueRequired":true,"valueName":"search_term_string"}}],"inLanguage":"fi"},{"@type":"Organization","@id":"https:\/\/blogit.gradia.fi\/mkpt2203-moilanen\/#organization","name":"Kultsi &amp; Noutaja","url":"https:\/\/blogit.gradia.fi\/mkpt2203-moilanen\/","logo":{"@type":"ImageObject","inLanguage":"fi","@id":"https:\/\/blogit.gradia.fi\/mkpt2203-moilanen\/#\/schema\/logo\/image\/","url":"https:\/\/blogit.gradia.fi\/mkpt2203-moilanen\/wp-content\/uploads\/sites\/406\/2023\/03\/cropped-wheeeeeeeeeeee.png","contentUrl":"https:\/\/blogit.gradia.fi\/mkpt2203-moilanen\/wp-content\/uploads\/sites\/406\/2023\/03\/cropped-wheeeeeeeeeeee.png","width":486,"height":450,"caption":"Kultsi &amp; Noutaja"},"image":{"@id":"https:\/\/blogit.gradia.fi\/mkpt2203-moilanen\/#\/schema\/logo\/image\/"}}]}},"uagb_featured_image_src":{"full":false,"thumbnail":false,"medium":false,"medium_large":false,"large":false,"1536x1536":false,"2048x2048":false},"uagb_author_info":{"display_name":"Oona Moilanen","author_link":"https:\/\/blogit.gradia.fi\/mkpt2203-moilanen\/author\/gr277770\/"},"uagb_comment_info":0,"uagb_excerpt":null,"_links":{"self":[{"href":"https:\/\/blogit.gradia.fi\/mkpt2203-moilanen\/wp-json\/wp\/v2\/pages\/242","targetHints":{"allow":["GET"]}}],"collection":[{"href":"https:\/\/blogit.gradia.fi\/mkpt2203-moilanen\/wp-json\/wp\/v2\/pages"}],"about":[{"href":"https:\/\/blogit.gradia.fi\/mkpt2203-moilanen\/wp-json\/wp\/v2\/types\/page"}],"author":[{"embeddable":true,"href":"https:\/\/blogit.gradia.fi\/mkpt2203-moilanen\/wp-json\/wp\/v2\/users\/942"}],"replies":[{"embeddable":true,"href":"https:\/\/blogit.gradia.fi\/mkpt2203-moilanen\/wp-json\/wp\/v2\/comments?post=242"}],"version-history":[{"count":3,"href":"https:\/\/blogit.gradia.fi\/mkpt2203-moilanen\/wp-json\/wp\/v2\/pages\/242\/revisions"}],"predecessor-version":[{"id":300,"href":"https:\/\/blogit.gradia.fi\/mkpt2203-moilanen\/wp-json\/wp\/v2\/pages\/242\/revisions\/300"}],"wp:attachment":[{"href":"https:\/\/blogit.gradia.fi\/mkpt2203-moilanen\/wp-json\/wp\/v2\/media?parent=242"}],"curies":[{"name":"wp","href":"https:\/\/api.w.org\/{rel}","templated":true}]}}