{"id":44,"date":"2023-02-02T09:13:11","date_gmt":"2023-02-02T07:13:11","guid":{"rendered":"https:\/\/blogit.gradia.fi\/mkpt2203-koskinen\/?page_id=44"},"modified":"2023-03-08T13:16:09","modified_gmt":"2023-03-08T11:16:09","slug":"varaa-hoitoaika","status":"publish","type":"page","link":"https:\/\/blogit.gradia.fi\/mkpt2203-koskinen\/varaa-hoitoaika\/","title":{"rendered":"Koirat"},"content":{"rendered":"\n<div style=\"height:100px\" aria-hidden=\"true\" class=\"wp-block-spacer\"><\/div>\n\n\n\n<div class=\"wp-block-uagb-container uagb-block-3735ab4d alignfull uagb-is-root-container\"><div class=\"uagb-container-inner-blocks-wrap\">\n<div class=\"wp-block-uagb-container uagb-block-677b71d8\">\n<div class=\"wp-block-uagb-container uagb-block-0a3552f1\">\n<p class=\"has-ast-global-color-5-color has-text-color has-background\" style=\"background-color:#ffffff00\"><strong>1<br>Nimi:<\/strong> Toto<br><strong>Virallinen nimi:<\/strong> Tophias Darktooth<br><strong>Sukupuoli:<\/strong> Uros<br><strong>Oma koira:<br>Kasvattaja:<\/strong> Kennel Cerbi<br><strong>Syntym\u00e4p\u00e4iv\u00e4:<\/strong> 12.5.2011<br><strong>Terveys:<\/strong><br>Lonkat: A\/A<br>Kyyn\u00e4rp\u00e4\u00e4t: 0\/0<br>Silm\u00e4t: ok<br><strong>Meriitit:<\/strong><br>1 x reserve CC 1 x CC from Estonia<\/p>\n<\/div>\n<\/div>\n\n\n\n<div class=\"wp-block-uagb-container uagb-block-7624f42b\">\n<div class=\"wp-block-uagb-image uagb-block-8e73c604 wp-block-uagb-image--layout-default wp-block-uagb-image--effect-static wp-block-uagb-image--align-none\"><figure class=\"wp-block-uagb-image__figure\"><img decoding=\"async\" src=\"https:\/\/blogit.gradia.fi\/mkpt2203-koskinen\/wp-content\/uploads\/sites\/404\/2023\/03\/Toto2.png\" alt=\"\" class=\"uag-image-397\" width=\"375\" height=\"375\" title=\"\" loading=\"lazy\" \/><\/figure><\/div>\n<\/div>\n<\/div><\/div>\n\n\n\n<div class=\"wp-block-uagb-container uagb-block-aedc46c1 alignfull uagb-is-root-container\"><div class=\"uagb-container-inner-blocks-wrap\">\n<div style=\"height:100px\" aria-hidden=\"true\" class=\"wp-block-spacer\"><\/div>\n<\/div><\/div>\n\n\n\n<div class=\"wp-block-uagb-container uagb-block-4c58080c alignfull uagb-is-root-container\"><div class=\"uagb-container-inner-blocks-wrap\">\n<div class=\"wp-block-uagb-container uagb-block-c17454f2\">\n<div class=\"wp-block-uagb-container uagb-block-e7901c88\">\n<p class=\"has-ast-global-color-5-color has-text-color has-background\" style=\"background-color:#e3810900\"><strong>2<br>Nimi:<\/strong> Stella<br><strong>Virallinen nimi:<\/strong> Stella Palefur<br><strong>Sukupuoli:<\/strong> Naaras<br><strong>Oma koira:<\/strong> X<br><strong>Kasvattaja:<\/strong><br><strong>Syntym\u00e4p\u00e4iv\u00e4:<\/strong> 24.8.2015<br><strong>Terveys:<\/strong><br>Lonkat: A\/A<br>Kyyn\u00e4rp\u00e4\u00e4t: 0\/0<br>Silm\u00e4t: clear, PRA-1 clear<br><strong>Meriitit:<\/strong><br>Puppy class 2nd with HP<br>Open class 1st\/EXC, CQ -&gt; 2nd BEST BITCH -&gt; CAC<\/p>\n<\/div>\n<\/div>\n\n\n\n<div class=\"wp-block-uagb-container uagb-block-4795395c\">\n<div class=\"wp-block-uagb-image uagb-block-7b8f2f1d wp-block-uagb-image--layout-default wp-block-uagb-image--effect-static wp-block-uagb-image--align-none\"><figure class=\"wp-block-uagb-image__figure\"><img decoding=\"async\" src=\"https:\/\/blogit.gradia.fi\/mkpt2203-koskinen\/wp-content\/uploads\/sites\/404\/2023\/03\/Stella.png\" alt=\"\" class=\"uag-image-417\" width=\"375\" height=\"375\" title=\"\" loading=\"lazy\" \/><\/figure><\/div>\n<\/div>\n<\/div><\/div>\n\n\n\n<div class=\"wp-block-uagb-container uagb-block-36a81922 alignfull uagb-is-root-container\"><div class=\"uagb-container-inner-blocks-wrap\">\n<div style=\"height:100px\" aria-hidden=\"true\" class=\"wp-block-spacer\"><\/div>\n<\/div><\/div>\n\n\n\n<div class=\"wp-block-uagb-container uagb-block-73f00ab2 alignfull uagb-is-root-container\"><div class=\"uagb-container-inner-blocks-wrap\">\n<div class=\"wp-block-uagb-container uagb-block-b5e3e690\">\n<div class=\"wp-block-uagb-container uagb-block-353e480a\">\n<p class=\"has-background\" style=\"background-color:#e3810900\"><strong>3<\/strong><br><strong>Nimi:<\/strong> Tille<br><strong>Virallinen nimi:<\/strong> Tiara Spiritrunner<br><strong>Sukupuoli:<\/strong> Naaras<br><strong>Oma koira:<\/strong> X<br><strong>Kasvattaja:<\/strong><br><strong>Syntym\u00e4p\u00e4iv\u00e4:<\/strong> 11.3.2016<br><strong>Terveys:<\/strong><br>Lonkat: A\/A<br>Kyyn\u00e4rp\u00e4\u00e4t: 0\/0<br>Silm\u00e4t: clear<br><strong>Meriitit:<\/strong><br>Junior class 2nd with EXC<\/p>\n<\/div>\n<\/div>\n\n\n\n<div class=\"wp-block-uagb-container uagb-block-38150927\">\n<div class=\"wp-block-uagb-image uagb-block-a699d28b wp-block-uagb-image--layout-default wp-block-uagb-image--effect-static wp-block-uagb-image--align-none\"><figure class=\"wp-block-uagb-image__figure\"><img decoding=\"async\" src=\"https:\/\/blogit.gradia.fi\/mkpt2203-koskinen\/wp-content\/uploads\/sites\/404\/2023\/03\/Tiile.png\" alt=\"\" class=\"uag-image-486\" width=\"375\" height=\"375\" title=\"\" loading=\"lazy\" \/><\/figure><\/div>\n<\/div>\n<\/div><\/div>\n\n\n\n<div class=\"wp-block-uagb-container uagb-block-636f8b4c alignfull uagb-is-root-container\"><div class=\"uagb-container-inner-blocks-wrap\">\n<div style=\"height:100px\" aria-hidden=\"true\" class=\"wp-block-spacer\"><\/div>\n<\/div><\/div>\n\n\n\n<div class=\"wp-block-uagb-container uagb-block-d3c33ffa alignfull uagb-is-root-container\"><div class=\"uagb-container-inner-blocks-wrap\">\n<div class=\"wp-block-uagb-container uagb-block-11e12eb7\">\n<div class=\"wp-block-uagb-container uagb-block-c4a82dde\">\n<p class=\"has-background\" style=\"background-color:#e3810900\"><strong>4<\/strong><br><strong>Nimi:<\/strong> Musti<br><strong>Virallinen nimi:<\/strong> Murphy Von Reynard<br><strong>Sukupuoli:<\/strong> Uros<br><strong>Oma koira:<\/strong> <br><strong>Kasvattaja:<\/strong> Kennel Reynard<br><strong>Syntym\u00e4p\u00e4iv\u00e4:<\/strong> 5.1.2015<br><strong>Terveys:<\/strong><br>Lonkat: A\/A<br>Kyyn\u00e4rp\u00e4\u00e4t: 0\/0<br>Silm\u00e4t: ok<br><strong>Meriitit:<\/strong><br>Puppy class 5-7 months 2nd with HP Junior class 3rd with EXC<\/p>\n<\/div>\n<\/div>\n\n\n\n<div class=\"wp-block-uagb-container uagb-block-d966baab\">\n<div class=\"wp-block-uagb-image uagb-block-a796b4d3 wp-block-uagb-image--layout-default wp-block-uagb-image--effect-static wp-block-uagb-image--align-none\"><figure class=\"wp-block-uagb-image__figure\"><img decoding=\"async\" src=\"https:\/\/blogit.gradia.fi\/mkpt2203-koskinen\/wp-content\/uploads\/sites\/404\/2023\/03\/Musti.png\" alt=\"\" class=\"uag-image-501\" width=\"375\" height=\"375\" title=\"\" loading=\"lazy\" \/><\/figure><\/div>\n<\/div>\n<\/div><\/div>\n\n\n\n<div class=\"wp-block-uagb-container uagb-block-acd20015 alignfull uagb-is-root-container\"><div class=\"uagb-container-inner-blocks-wrap\">\n<div style=\"height:100px\" aria-hidden=\"true\" class=\"wp-block-spacer\"><\/div>\n<\/div><\/div>\n\n\n\n<div class=\"wp-block-uagb-container uagb-block-5a7af404 alignfull uagb-is-root-container\"><div class=\"uagb-container-inner-blocks-wrap\">\n<div class=\"wp-block-uagb-container uagb-block-3c268549\">\n<div class=\"wp-block-uagb-container uagb-block-c817c0f4\">\n<p class=\"has-background\" style=\"background-color:#e3810900\"><strong>5<\/strong><br><strong>Nimi:<\/strong> Minni<br><strong>Virallinen nimi:<\/strong> Lady Minnie Cupcake<br><strong>Sukupuoli:<\/strong> Naaras<br><strong>Oma koira:<\/strong> X<br><strong>Kasvattaja:<\/strong><br><strong>Syntym\u00e4p\u00e4iv\u00e4:<\/strong> 7.9.2014<br><strong>Terveys:<\/strong><br>Lonkat: A\/A<br>Kyyn\u00e4rp\u00e4\u00e4t: 0\/0<br>Silm\u00e4t: ok<br><strong>Meriitit:<\/strong><br>Puppy class 5-7 months 3rd with HP Puppy class 7-9 months 1st with HP -&gt;BOB PUPPY Junior class 1st EXC, CQ, 3rd BEST BITCH, rec CC<\/p>\n<\/div>\n<\/div>\n\n\n\n<div class=\"wp-block-uagb-container uagb-block-ae1c90b5\">\n<div class=\"wp-block-uagb-image uagb-block-2fcf9dea wp-block-uagb-image--layout-default wp-block-uagb-image--effect-static wp-block-uagb-image--align-none\"><figure class=\"wp-block-uagb-image__figure\"><img decoding=\"async\" src=\"https:\/\/blogit.gradia.fi\/mkpt2203-koskinen\/wp-content\/uploads\/sites\/404\/2023\/03\/Minni.png\" alt=\"\" class=\"uag-image-516\" width=\"375\" height=\"375\" title=\"\" loading=\"lazy\" \/><\/figure><\/div>\n<\/div>\n<\/div><\/div>\n\n\n\n<div style=\"height:100px\" aria-hidden=\"true\" class=\"wp-block-spacer\"><\/div>\n","protected":false},"excerpt":{"rendered":"<p>1Nimi: TotoVirallinen nimi: Tophias DarktoothSukupuoli: UrosOma koira:Kasvattaja: Kennel CerbiSyntym\u00e4p\u00e4iv\u00e4: 12.5.2011Terveys:Lonkat: A\/AKyyn\u00e4rp\u00e4\u00e4t: 0\/0Silm\u00e4t: okMeriitit:1 x reserve CC 1 x CC from Estonia 2Nimi: StellaVirallinen nimi: Stella PalefurSukupuoli: NaarasOma koira: XKasvattaja:Syntym\u00e4p\u00e4iv\u00e4: 24.8.2015Terveys:Lonkat: A\/AKyyn\u00e4rp\u00e4\u00e4t: 0\/0Silm\u00e4t: clear, PRA-1 clearMeriitit:Puppy class 2nd with HPOpen class 1st\/EXC, CQ -&gt; 2nd BEST BITCH -&gt; CAC 3Nimi: TilleVirallinen nimi: Tiara SpiritrunnerSukupuoli: NaarasOma koira: [&hellip;]<\/p>\n","protected":false},"author":940,"featured_media":0,"parent":0,"menu_order":0,"comment_status":"closed","ping_status":"closed","template":"","meta":{"_uag_custom_page_level_css":"","site-sidebar-layout":"default","site-content-layout":"","ast-site-content-layout":"default","site-content-style":"default","site-sidebar-style":"default","ast-global-header-display":"","ast-banner-title-visibility":"","ast-main-header-display":"","ast-hfb-above-header-display":"","ast-hfb-below-header-display":"","ast-hfb-mobile-header-display":"","site-post-title":"disabled","ast-breadcrumbs-content":"","ast-featured-img":"","footer-sml-layout":"","ast-disable-related-posts":"","theme-transparent-header-meta":"","adv-header-id-meta":"","stick-header-meta":"","header-above-stick-meta":"","header-main-stick-meta":"","header-below-stick-meta":"","astra-migrate-meta-layouts":"default","ast-page-background-enabled":"default","ast-page-background-meta":{"desktop":{"background-color":"var(--ast-global-color-4)","background-image":"","background-repeat":"repeat","background-position":"center center","background-size":"auto","background-attachment":"scroll","background-type":"","background-media":"","overlay-type":"","overlay-color":"","overlay-opacity":"","overlay-gradient":""},"tablet":{"background-color":"","background-image":"","background-repeat":"repeat","background-position":"center center","background-size":"auto","background-attachment":"scroll","background-type":"","background-media":"","overlay-type":"","overlay-color":"","overlay-opacity":"","overlay-gradient":""},"mobile":{"background-color":"","background-image":"","background-repeat":"repeat","background-position":"center center","background-size":"auto","background-attachment":"scroll","background-type":"","background-media":"","overlay-type":"","overlay-color":"","overlay-opacity":"","overlay-gradient":""}},"ast-content-background-meta":{"desktop":{"background-color":"var(--ast-global-color-5)","background-image":"","background-repeat":"repeat","background-position":"center center","background-size":"auto","background-attachment":"scroll","background-type":"","background-media":"","overlay-type":"","overlay-color":"","overlay-opacity":"","overlay-gradient":""},"tablet":{"background-color":"var(--ast-global-color-5)","background-image":"","background-repeat":"repeat","background-position":"center center","background-size":"auto","background-attachment":"scroll","background-type":"","background-media":"","overlay-type":"","overlay-color":"","overlay-opacity":"","overlay-gradient":""},"mobile":{"background-color":"var(--ast-global-color-5)","background-image":"","background-repeat":"repeat","background-position":"center center","background-size":"auto","background-attachment":"scroll","background-type":"","background-media":"","overlay-type":"","overlay-color":"","overlay-opacity":"","overlay-gradient":""}},"footnotes":""},"class_list":["post-44","page","type-page","status-publish","hentry"],"yoast_head":"<!-- This site is optimized with the Yoast SEO plugin v27.2 - https:\/\/yoast.com\/product\/yoast-seo-wordpress\/ -->\n<title>Koirat - Kultsi&amp;Noutaja<\/title>\n<meta name=\"robots\" content=\"index, follow, max-snippet:-1, max-image-preview:large, max-video-preview:-1\" \/>\n<link rel=\"canonical\" href=\"https:\/\/blogit.gradia.fi\/mkpt2203-koskinen\/varaa-hoitoaika\/\" \/>\n<meta property=\"og:locale\" content=\"fi_FI\" \/>\n<meta property=\"og:type\" content=\"article\" \/>\n<meta property=\"og:title\" content=\"Koirat - Kultsi&amp;Noutaja\" \/>\n<meta property=\"og:description\" content=\"1Nimi: TotoVirallinen nimi: Tophias DarktoothSukupuoli: UrosOma koira:Kasvattaja: Kennel CerbiSyntym\u00e4p\u00e4iv\u00e4: 12.5.2011Terveys:Lonkat: A\/AKyyn\u00e4rp\u00e4\u00e4t: 0\/0Silm\u00e4t: okMeriitit:1 x reserve CC 1 x CC from Estonia 2Nimi: StellaVirallinen nimi: Stella PalefurSukupuoli: NaarasOma koira: XKasvattaja:Syntym\u00e4p\u00e4iv\u00e4: 24.8.2015Terveys:Lonkat: A\/AKyyn\u00e4rp\u00e4\u00e4t: 0\/0Silm\u00e4t: clear, PRA-1 clearMeriitit:Puppy class 2nd with HPOpen class 1st\/EXC, CQ -&gt; 2nd BEST BITCH -&gt; CAC 3Nimi: TilleVirallinen nimi: Tiara SpiritrunnerSukupuoli: NaarasOma koira: [&hellip;]\" \/>\n<meta property=\"og:url\" content=\"https:\/\/blogit.gradia.fi\/mkpt2203-koskinen\/varaa-hoitoaika\/\" \/>\n<meta property=\"og:site_name\" content=\"Kultsi&amp;Noutaja\" \/>\n<meta property=\"article:modified_time\" content=\"2023-03-08T11:16:09+00:00\" \/>\n<meta property=\"og:image\" content=\"https:\/\/blogit.gradia.fi\/mkpt2203-koskinen\/wp-content\/uploads\/sites\/404\/2023\/03\/Toto2.png\" \/>\n<meta name=\"twitter:card\" content=\"summary_large_image\" \/>\n<meta name=\"twitter:label1\" content=\"Arvioitu lukuaika\" \/>\n\t<meta name=\"twitter:data1\" content=\"3 minuuttia\" \/>\n<script type=\"application\/ld+json\" class=\"yoast-schema-graph\">{\"@context\":\"https:\/\/schema.org\",\"@graph\":[{\"@type\":\"WebPage\",\"@id\":\"https:\/\/blogit.gradia.fi\/mkpt2203-koskinen\/varaa-hoitoaika\/\",\"url\":\"https:\/\/blogit.gradia.fi\/mkpt2203-koskinen\/varaa-hoitoaika\/\",\"name\":\"Koirat - Kultsi&amp;Noutaja\",\"isPartOf\":{\"@id\":\"https:\/\/blogit.gradia.fi\/mkpt2203-koskinen\/#website\"},\"primaryImageOfPage\":{\"@id\":\"https:\/\/blogit.gradia.fi\/mkpt2203-koskinen\/varaa-hoitoaika\/#primaryimage\"},\"image\":{\"@id\":\"https:\/\/blogit.gradia.fi\/mkpt2203-koskinen\/varaa-hoitoaika\/#primaryimage\"},\"thumbnailUrl\":\"https:\/\/blogit.gradia.fi\/mkpt2203-koskinen\/wp-content\/uploads\/sites\/404\/2023\/03\/Toto2.png\",\"datePublished\":\"2023-02-02T07:13:11+00:00\",\"dateModified\":\"2023-03-08T11:16:09+00:00\",\"breadcrumb\":{\"@id\":\"https:\/\/blogit.gradia.fi\/mkpt2203-koskinen\/varaa-hoitoaika\/#breadcrumb\"},\"inLanguage\":\"fi\",\"potentialAction\":[{\"@type\":\"ReadAction\",\"target\":[\"https:\/\/blogit.gradia.fi\/mkpt2203-koskinen\/varaa-hoitoaika\/\"]}]},{\"@type\":\"ImageObject\",\"inLanguage\":\"fi\",\"@id\":\"https:\/\/blogit.gradia.fi\/mkpt2203-koskinen\/varaa-hoitoaika\/#primaryimage\",\"url\":\"https:\/\/blogit.gradia.fi\/mkpt2203-koskinen\/wp-content\/uploads\/sites\/404\/2023\/03\/Toto2.png\",\"contentUrl\":\"https:\/\/blogit.gradia.fi\/mkpt2203-koskinen\/wp-content\/uploads\/sites\/404\/2023\/03\/Toto2.png\",\"width\":1000,\"height\":1000},{\"@type\":\"BreadcrumbList\",\"@id\":\"https:\/\/blogit.gradia.fi\/mkpt2203-koskinen\/varaa-hoitoaika\/#breadcrumb\",\"itemListElement\":[{\"@type\":\"ListItem\",\"position\":1,\"name\":\"Etusivu\",\"item\":\"https:\/\/blogit.gradia.fi\/mkpt2203-koskinen\/\"},{\"@type\":\"ListItem\",\"position\":2,\"name\":\"Koirat\"}]},{\"@type\":\"WebSite\",\"@id\":\"https:\/\/blogit.gradia.fi\/mkpt2203-koskinen\/#website\",\"url\":\"https:\/\/blogit.gradia.fi\/mkpt2203-koskinen\/\",\"name\":\"Kultsi&amp;Noutaja\",\"description\":\"Kultaistennoutajien erikoiskennel\",\"publisher\":{\"@id\":\"https:\/\/blogit.gradia.fi\/mkpt2203-koskinen\/#organization\"},\"potentialAction\":[{\"@type\":\"SearchAction\",\"target\":{\"@type\":\"EntryPoint\",\"urlTemplate\":\"https:\/\/blogit.gradia.fi\/mkpt2203-koskinen\/?s={search_term_string}\"},\"query-input\":{\"@type\":\"PropertyValueSpecification\",\"valueRequired\":true,\"valueName\":\"search_term_string\"}}],\"inLanguage\":\"fi\"},{\"@type\":\"Organization\",\"@id\":\"https:\/\/blogit.gradia.fi\/mkpt2203-koskinen\/#organization\",\"name\":\"Kultsi&amp;Noutaja\",\"url\":\"https:\/\/blogit.gradia.fi\/mkpt2203-koskinen\/\",\"logo\":{\"@type\":\"ImageObject\",\"inLanguage\":\"fi\",\"@id\":\"https:\/\/blogit.gradia.fi\/mkpt2203-koskinen\/#\/schema\/logo\/image\/\",\"url\":\"https:\/\/blogit.gradia.fi\/mkpt2203-koskinen\/wp-content\/uploads\/sites\/404\/2023\/03\/LOGO5.png\",\"contentUrl\":\"https:\/\/blogit.gradia.fi\/mkpt2203-koskinen\/wp-content\/uploads\/sites\/404\/2023\/03\/LOGO5.png\",\"width\":1191,\"height\":842,\"caption\":\"Kultsi&amp;Noutaja\"},\"image\":{\"@id\":\"https:\/\/blogit.gradia.fi\/mkpt2203-koskinen\/#\/schema\/logo\/image\/\"}}]}<\/script>\n<!-- \/ Yoast SEO plugin. -->","yoast_head_json":{"title":"Koirat - Kultsi&amp;Noutaja","robots":{"index":"index","follow":"follow","max-snippet":"max-snippet:-1","max-image-preview":"max-image-preview:large","max-video-preview":"max-video-preview:-1"},"canonical":"https:\/\/blogit.gradia.fi\/mkpt2203-koskinen\/varaa-hoitoaika\/","og_locale":"fi_FI","og_type":"article","og_title":"Koirat - Kultsi&amp;Noutaja","og_description":"1Nimi: TotoVirallinen nimi: Tophias DarktoothSukupuoli: UrosOma koira:Kasvattaja: Kennel CerbiSyntym\u00e4p\u00e4iv\u00e4: 12.5.2011Terveys:Lonkat: A\/AKyyn\u00e4rp\u00e4\u00e4t: 0\/0Silm\u00e4t: okMeriitit:1 x reserve CC 1 x CC from Estonia 2Nimi: StellaVirallinen nimi: Stella PalefurSukupuoli: NaarasOma koira: XKasvattaja:Syntym\u00e4p\u00e4iv\u00e4: 24.8.2015Terveys:Lonkat: A\/AKyyn\u00e4rp\u00e4\u00e4t: 0\/0Silm\u00e4t: clear, PRA-1 clearMeriitit:Puppy class 2nd with HPOpen class 1st\/EXC, CQ -&gt; 2nd BEST BITCH -&gt; CAC 3Nimi: TilleVirallinen nimi: Tiara SpiritrunnerSukupuoli: NaarasOma koira: [&hellip;]","og_url":"https:\/\/blogit.gradia.fi\/mkpt2203-koskinen\/varaa-hoitoaika\/","og_site_name":"Kultsi&amp;Noutaja","article_modified_time":"2023-03-08T11:16:09+00:00","og_image":[{"url":"https:\/\/blogit.gradia.fi\/mkpt2203-koskinen\/wp-content\/uploads\/sites\/404\/2023\/03\/Toto2.png","type":"","width":"","height":""}],"twitter_card":"summary_large_image","twitter_misc":{"Arvioitu lukuaika":"3 minuuttia"},"schema":{"@context":"https:\/\/schema.org","@graph":[{"@type":"WebPage","@id":"https:\/\/blogit.gradia.fi\/mkpt2203-koskinen\/varaa-hoitoaika\/","url":"https:\/\/blogit.gradia.fi\/mkpt2203-koskinen\/varaa-hoitoaika\/","name":"Koirat - Kultsi&amp;Noutaja","isPartOf":{"@id":"https:\/\/blogit.gradia.fi\/mkpt2203-koskinen\/#website"},"primaryImageOfPage":{"@id":"https:\/\/blogit.gradia.fi\/mkpt2203-koskinen\/varaa-hoitoaika\/#primaryimage"},"image":{"@id":"https:\/\/blogit.gradia.fi\/mkpt2203-koskinen\/varaa-hoitoaika\/#primaryimage"},"thumbnailUrl":"https:\/\/blogit.gradia.fi\/mkpt2203-koskinen\/wp-content\/uploads\/sites\/404\/2023\/03\/Toto2.png","datePublished":"2023-02-02T07:13:11+00:00","dateModified":"2023-03-08T11:16:09+00:00","breadcrumb":{"@id":"https:\/\/blogit.gradia.fi\/mkpt2203-koskinen\/varaa-hoitoaika\/#breadcrumb"},"inLanguage":"fi","potentialAction":[{"@type":"ReadAction","target":["https:\/\/blogit.gradia.fi\/mkpt2203-koskinen\/varaa-hoitoaika\/"]}]},{"@type":"ImageObject","inLanguage":"fi","@id":"https:\/\/blogit.gradia.fi\/mkpt2203-koskinen\/varaa-hoitoaika\/#primaryimage","url":"https:\/\/blogit.gradia.fi\/mkpt2203-koskinen\/wp-content\/uploads\/sites\/404\/2023\/03\/Toto2.png","contentUrl":"https:\/\/blogit.gradia.fi\/mkpt2203-koskinen\/wp-content\/uploads\/sites\/404\/2023\/03\/Toto2.png","width":1000,"height":1000},{"@type":"BreadcrumbList","@id":"https:\/\/blogit.gradia.fi\/mkpt2203-koskinen\/varaa-hoitoaika\/#breadcrumb","itemListElement":[{"@type":"ListItem","position":1,"name":"Etusivu","item":"https:\/\/blogit.gradia.fi\/mkpt2203-koskinen\/"},{"@type":"ListItem","position":2,"name":"Koirat"}]},{"@type":"WebSite","@id":"https:\/\/blogit.gradia.fi\/mkpt2203-koskinen\/#website","url":"https:\/\/blogit.gradia.fi\/mkpt2203-koskinen\/","name":"Kultsi&amp;Noutaja","description":"Kultaistennoutajien erikoiskennel","publisher":{"@id":"https:\/\/blogit.gradia.fi\/mkpt2203-koskinen\/#organization"},"potentialAction":[{"@type":"SearchAction","target":{"@type":"EntryPoint","urlTemplate":"https:\/\/blogit.gradia.fi\/mkpt2203-koskinen\/?s={search_term_string}"},"query-input":{"@type":"PropertyValueSpecification","valueRequired":true,"valueName":"search_term_string"}}],"inLanguage":"fi"},{"@type":"Organization","@id":"https:\/\/blogit.gradia.fi\/mkpt2203-koskinen\/#organization","name":"Kultsi&amp;Noutaja","url":"https:\/\/blogit.gradia.fi\/mkpt2203-koskinen\/","logo":{"@type":"ImageObject","inLanguage":"fi","@id":"https:\/\/blogit.gradia.fi\/mkpt2203-koskinen\/#\/schema\/logo\/image\/","url":"https:\/\/blogit.gradia.fi\/mkpt2203-koskinen\/wp-content\/uploads\/sites\/404\/2023\/03\/LOGO5.png","contentUrl":"https:\/\/blogit.gradia.fi\/mkpt2203-koskinen\/wp-content\/uploads\/sites\/404\/2023\/03\/LOGO5.png","width":1191,"height":842,"caption":"Kultsi&amp;Noutaja"},"image":{"@id":"https:\/\/blogit.gradia.fi\/mkpt2203-koskinen\/#\/schema\/logo\/image\/"}}]}},"uagb_featured_image_src":{"full":false,"thumbnail":false,"medium":false,"medium_large":false,"large":false,"1536x1536":false,"2048x2048":false},"uagb_author_info":{"display_name":"Helmi Koskinen","author_link":"https:\/\/blogit.gradia.fi\/mkpt2203-koskinen\/author\/gr276292\/"},"uagb_comment_info":0,"uagb_excerpt":"1Nimi: TotoVirallinen nimi: Tophias DarktoothSukupuoli: UrosOma koira:Kasvattaja: Kennel CerbiSyntym\u00e4p\u00e4iv\u00e4: 12.5.2011Terveys:Lonkat: A\/AKyyn\u00e4rp\u00e4\u00e4t: 0\/0Silm\u00e4t: okMeriitit:1 x reserve CC 1 x CC from Estonia 2Nimi: StellaVirallinen nimi: Stella PalefurSukupuoli: NaarasOma koira: XKasvattaja:Syntym\u00e4p\u00e4iv\u00e4: 24.8.2015Terveys:Lonkat: A\/AKyyn\u00e4rp\u00e4\u00e4t: 0\/0Silm\u00e4t: clear, PRA-1 clearMeriitit:Puppy class 2nd with HPOpen class 1st\/EXC, CQ -&gt; 2nd BEST BITCH -&gt; CAC 3Nimi: TilleVirallinen nimi: Tiara SpiritrunnerSukupuoli: NaarasOma koira:&hellip;","_links":{"self":[{"href":"https:\/\/blogit.gradia.fi\/mkpt2203-koskinen\/wp-json\/wp\/v2\/pages\/44","targetHints":{"allow":["GET"]}}],"collection":[{"href":"https:\/\/blogit.gradia.fi\/mkpt2203-koskinen\/wp-json\/wp\/v2\/pages"}],"about":[{"href":"https:\/\/blogit.gradia.fi\/mkpt2203-koskinen\/wp-json\/wp\/v2\/types\/page"}],"author":[{"embeddable":true,"href":"https:\/\/blogit.gradia.fi\/mkpt2203-koskinen\/wp-json\/wp\/v2\/users\/940"}],"replies":[{"embeddable":true,"href":"https:\/\/blogit.gradia.fi\/mkpt2203-koskinen\/wp-json\/wp\/v2\/comments?post=44"}],"version-history":[{"count":99,"href":"https:\/\/blogit.gradia.fi\/mkpt2203-koskinen\/wp-json\/wp\/v2\/pages\/44\/revisions"}],"predecessor-version":[{"id":823,"href":"https:\/\/blogit.gradia.fi\/mkpt2203-koskinen\/wp-json\/wp\/v2\/pages\/44\/revisions\/823"}],"wp:attachment":[{"href":"https:\/\/blogit.gradia.fi\/mkpt2203-koskinen\/wp-json\/wp\/v2\/media?parent=44"}],"curies":[{"name":"wp","href":"https:\/\/api.w.org\/{rel}","templated":true}]}}