{"id":40,"date":"2023-02-02T09:12:29","date_gmt":"2023-02-02T07:12:29","guid":{"rendered":"https:\/\/blogit.gradia.fi\/mkpt2203-koskinen\/?page_id=40"},"modified":"2023-03-07T10:22:44","modified_gmt":"2023-03-07T08:22:44","slug":"etusivu","status":"publish","type":"page","link":"https:\/\/blogit.gradia.fi\/mkpt2203-koskinen\/","title":{"rendered":"Etusivu"},"content":{"rendered":"\n<div class=\"wp-block-uagb-container uagb-block-2d84b2f1 alignfull uagb-is-root-container\">\n<div class=\"wp-block-uagb-container uagb-block-3e967a5a alignfull uagb-is-root-container\"><div class=\"uagb-container-inner-blocks-wrap\">\n<div class=\"wp-block-uagb-info-box uagb-block-7943a4d2 uagb-infobox__content-wrap  uagb-infobox-icon-above-title uagb-infobox-image-valign-top\"><div class=\"uagb-ifb-content\"><div class=\"uagb-ifb-title-wrap\"><h1 class=\"uagb-ifb-title\">Kultaistennoutajien erikoiskennel<\/h1><\/div><p class=\"uagb-ifb-desc\">Kennelimme on kultaistennoutajien erikoiskennel. Palvelemme koiranomistajia Jyv\u00e4skyl\u00e4n seudulla ja pentujamme kasvaa t\u00e4ll\u00e4 hetkell\u00e4 ymp\u00e4ri Suomen Rovaniemelt\u00e4 Helsinkiin.<\/p><\/div><\/div>\n<\/div><\/div>\n\n\n\n<div class=\"wp-block-uagb-container uagb-block-5c4f377b alignfull uagb-is-root-container\"><div class=\"uagb-container-inner-blocks-wrap\"><\/div><\/div>\n<\/div>\n\n\n\n<div class=\"wp-block-uagb-container uagb-block-70d9cdab alignfull uagb-is-root-container\"><div class=\"uagb-container-inner-blocks-wrap\">\n<div style=\"height:100px\" aria-hidden=\"true\" class=\"wp-block-spacer\"><\/div>\n<\/div><\/div>\n\n\n\n<div class=\"wp-block-uagb-container uagb-block-8616ba34 alignfull uagb-is-root-container\"><div class=\"uagb-container-inner-blocks-wrap\">\n<p>Kennel perustettiin vuonna 2003 ja on kasvanut nopeasti kolmen koiran kenneliksi. Kennelin v\u00e4keen kuuluu 2 innokasta kasvattajaa ja kolme kaunista narttua.<\/p>\n\n\n\n<p>Valikoimastamme on t\u00e4ll\u00e4 hetkell\u00e4 tullut kolme kaunista pentuetta. Pentujamme kuvaillaan reippaiksi, hyv\u00e4 luonteisiksi ja iloisiksi. Meid\u00e4n teht\u00e4v\u00e4n\u00e4mme ei ole ainoastaan tuottaa pentuja, vaan parantaa (valloittaa) maailmaa lis\u00e4\u00e4m\u00e4ll\u00e4 tietoutta ihanasta rodusta ja koiran kasvatuksesta.<\/p>\n\n\n\n<p>Asiakkaistamme pidet\u00e4\u00e4n huolta my\u00f6s pennun luovutuksen j\u00e4lkeen. Olemme taidoistamme ja kokemuksestamme ylpeit\u00e4.<\/p>\n\n\n\n<div style=\"height:78px\" aria-hidden=\"true\" class=\"wp-block-spacer\"><\/div>\n<\/div><\/div>\n\n\n\n<div class=\"wp-block-uagb-container uagb-block-eb635d78 alignfull uagb-is-root-container\"><div class=\"uagb-container-inner-blocks-wrap\">\n<div class=\"wp-block-uagb-container uagb-block-de94dc39\">\n<div class=\"wp-block-uagb-info-box uagb-block-3801b802 uagb-infobox__content-wrap  uagb-infobox-icon-above-title uagb-infobox-image-valign-top\"><div class=\"uagb-ifb-content\"><div class=\"uagb-ifb-title-wrap\"><h3 class=\"uagb-ifb-title\">Pienimuotoisesti kotioloissa<\/h3><\/div><p class=\"uagb-ifb-desc\">Tavoitteenamme on kasvattaa terveit\u00e4 ja tasapainoisia noutajia perheenj\u00e4seniksi sek\u00e4 monipuolisiksi harrastuskavereiksi. Kasvatusty\u00f6 on alkumetreill\u00e4 ja harkitsen tarkkaan jokaisen astutetun yhdistelm\u00e4n. Tavoitteena on kasvattaa terveit\u00e4 ja rotum\u00e4\u00e4ritelm\u00e4n mukaisia kultaisianoutajia, joiden kanssa voi harrastaa monipuolisesti. Meill\u00e4 pennut kasvavat kotona muiden koirien ja perheemme keskell\u00e4.<\/p><\/div><\/div>\n<\/div>\n\n\n\n<div class=\"wp-block-uagb-container uagb-block-d8e7d2f1\"><\/div>\n<\/div><\/div>\n\n\n\n<div class=\"wp-block-uagb-container uagb-block-616da0f8 alignfull uagb-is-root-container\"><div class=\"uagb-container-inner-blocks-wrap\">\n<div style=\"height:60px\" aria-hidden=\"true\" class=\"wp-block-spacer\"><\/div>\n\n\n\n<div class=\"wp-block-uagb-advanced-heading uagb-block-de91fbbc\"><h2 class=\"uagb-heading-text\">Miksi kultainennoutaja?<\/h2><\/div>\n\n\n\n<p class=\"has-text-align-left has-background\" style=\"background-color:#e3810900\">Kultainennoutaja on sek\u00e4 Suomessa ett\u00e4 maailmanlaajuisesti eritt\u00e4in suosittu rotu. Suomessa se on nelj\u00e4nneksi suosituin rotu. Kultainennoutaja on \u00e4lyk\u00e4s, keskikokoinen, miellytt\u00e4misenhaluinen sek\u00e4 toiminnanhaluinen koira. Kultaisennoutajan ominaisuudet tekev\u00e4t siit\u00e4 hyv\u00e4n harrastuskoiran. Alun perin se on jalostettu mets\u00e4styskoiraksi (ammutun pienriistan noutajai). Kultainennoutaja ei ole pelkk\u00e4 seurakoira, vaan se kaipaa my\u00f6s liikuntaa ja ohjattua toimintaa.<\/p>\n\n\n\n<div style=\"height:41px\" aria-hidden=\"true\" class=\"wp-block-spacer\"><\/div>\n<\/div><\/div>\n\n\n\n<div class=\"wp-block-uagb-container uagb-block-2cbdaebf alignfull uagb-is-root-container\"><div class=\"uagb-container-inner-blocks-wrap\">\n<div style=\"height:134px\" aria-hidden=\"true\" class=\"wp-block-spacer\"><\/div>\n<\/div><\/div>\n\n\n\n<div class=\"wp-block-uagb-container uagb-block-55eb4c83 alignfull uagb-is-root-container\"><div class=\"uagb-container-inner-blocks-wrap\">\n<div class=\"wp-block-uagb-container uagb-block-67134b5a\">\n<div style=\"height:100px\" aria-hidden=\"true\" class=\"wp-block-spacer\"><\/div>\n\n\n\n<div class=\"wp-block-uagb-advanced-heading uagb-block-40ecfda1\"><h3 class=\"uagb-heading-text\">Arvot<\/h3><\/div>\n\n\n\n<p>L\u00e4ht\u00f6kohtanamme on pentukeskeinen n\u00e4kemys. N\u00e4emme jokaisen pennun yksil\u00f6n\u00e4, joka on aktiivinen toimija sek\u00e4 yksin, ett\u00e4 ryhm\u00e4ss\u00e4.<\/p>\n<\/div>\n\n\n\n<div class=\"wp-block-uagb-container uagb-block-60b3ac83\">\n<div style=\"height:100px\" aria-hidden=\"true\" class=\"wp-block-spacer\"><\/div>\n\n\n\n<div class=\"wp-block-uagb-advanced-heading uagb-block-6d824cc3\"><h3 class=\"uagb-heading-text\">Missio<\/h3><\/div>\n\n\n\n<ul class=\"wp-block-list\">\n<li>Kohdata haasteet rohkeasti<\/li>\n\n\n\n<li>Tehd\u00e4 pentuja, joista voi olla ylpe\u00e4<\/li>\n\n\n\n<li>Jakaa tietoa ja kokemuksia koiran kasvatuksesta<\/li>\n<\/ul>\n<\/div>\n\n\n\n<div class=\"wp-block-uagb-container uagb-block-a27fb318\">\n<div class=\"wp-block-uagb-advanced-heading uagb-block-8ab9f343\"><h3 class=\"uagb-heading-text\">Visio<\/h3><\/div>\n\n\n\n<p>Haluamme olla edell\u00e4k\u00e4vij\u00e4 Suomen ensimm\u00e4isen\u00e4 kennelin\u00e4, jonka pentujen varhaiskasvatus perustuu pentu-behavioristiseen kasvatusteoriaan.<\/p>\n<\/div>\n\n\n\n<div class=\"wp-block-uagb-container uagb-block-4c324ba2\">\n<figure class=\"wp-block-image aligncenter size-full\"><img loading=\"lazy\" decoding=\"async\" width=\"535\" height=\"540\" src=\"https:\/\/blogit.gradia.fi\/mkpt2203-koskinen\/wp-content\/uploads\/sites\/404\/2023\/03\/Kuva3.png\" alt=\"\" class=\"wp-image-323\" srcset=\"https:\/\/blogit.gradia.fi\/mkpt2203-koskinen\/wp-content\/uploads\/sites\/404\/2023\/03\/Kuva3.png 535w, https:\/\/blogit.gradia.fi\/mkpt2203-koskinen\/wp-content\/uploads\/sites\/404\/2023\/03\/Kuva3-297x300.png 297w, https:\/\/blogit.gradia.fi\/mkpt2203-koskinen\/wp-content\/uploads\/sites\/404\/2023\/03\/Kuva3-150x150.png 150w\" sizes=\"auto, (max-width: 535px) 100vw, 535px\" \/><\/figure>\n<\/div>\n<\/div><\/div>\n","protected":false},"excerpt":{"rendered":"<p>Kennel perustettiin vuonna 2003 ja on kasvanut nopeasti kolmen koiran kenneliksi. Kennelin v\u00e4keen kuuluu 2 innokasta kasvattajaa ja kolme kaunista narttua. Valikoimastamme on t\u00e4ll\u00e4 hetkell\u00e4 tullut kolme kaunista pentuetta. Pentujamme kuvaillaan reippaiksi, hyv\u00e4 luonteisiksi ja iloisiksi. Meid\u00e4n teht\u00e4v\u00e4n\u00e4mme ei ole ainoastaan tuottaa pentuja, vaan parantaa (valloittaa) maailmaa lis\u00e4\u00e4m\u00e4ll\u00e4 tietoutta ihanasta rodusta ja koiran kasvatuksesta. Asiakkaistamme [&hellip;]<\/p>\n","protected":false},"author":940,"featured_media":0,"parent":0,"menu_order":0,"comment_status":"closed","ping_status":"closed","template":"","meta":{"_uag_custom_page_level_css":"","site-sidebar-layout":"default","site-content-layout":"","ast-site-content-layout":"default","site-content-style":"default","site-sidebar-style":"default","ast-global-header-display":"","ast-banner-title-visibility":"","ast-main-header-display":"","ast-hfb-above-header-display":"","ast-hfb-below-header-display":"","ast-hfb-mobile-header-display":"","site-post-title":"disabled","ast-breadcrumbs-content":"","ast-featured-img":"","footer-sml-layout":"","ast-disable-related-posts":"","theme-transparent-header-meta":"","adv-header-id-meta":"","stick-header-meta":"","header-above-stick-meta":"","header-main-stick-meta":"","header-below-stick-meta":"","astra-migrate-meta-layouts":"default","ast-page-background-enabled":"default","ast-page-background-meta":{"desktop":{"background-color":"var(--ast-global-color-4)","background-image":"","background-repeat":"repeat","background-position":"center center","background-size":"auto","background-attachment":"scroll","background-type":"","background-media":"","overlay-type":"","overlay-color":"","overlay-opacity":"","overlay-gradient":""},"tablet":{"background-color":"","background-image":"","background-repeat":"repeat","background-position":"center center","background-size":"auto","background-attachment":"scroll","background-type":"","background-media":"","overlay-type":"","overlay-color":"","overlay-opacity":"","overlay-gradient":""},"mobile":{"background-color":"","background-image":"","background-repeat":"repeat","background-position":"center center","background-size":"auto","background-attachment":"scroll","background-type":"","background-media":"","overlay-type":"","overlay-color":"","overlay-opacity":"","overlay-gradient":""}},"ast-content-background-meta":{"desktop":{"background-color":"var(--ast-global-color-5)","background-image":"","background-repeat":"repeat","background-position":"center center","background-size":"auto","background-attachment":"scroll","background-type":"","background-media":"","overlay-type":"","overlay-color":"","overlay-opacity":"","overlay-gradient":""},"tablet":{"background-color":"var(--ast-global-color-5)","background-image":"","background-repeat":"repeat","background-position":"center center","background-size":"auto","background-attachment":"scroll","background-type":"","background-media":"","overlay-type":"","overlay-color":"","overlay-opacity":"","overlay-gradient":""},"mobile":{"background-color":"var(--ast-global-color-5)","background-image":"","background-repeat":"repeat","background-position":"center center","background-size":"auto","background-attachment":"scroll","background-type":"","background-media":"","overlay-type":"","overlay-color":"","overlay-opacity":"","overlay-gradient":""}},"footnotes":""},"class_list":["post-40","page","type-page","status-publish","hentry"],"yoast_head":"<!-- This site is optimized with the Yoast SEO plugin v27.2 - https:\/\/yoast.com\/product\/yoast-seo-wordpress\/ -->\n<title>Etusivu - Kultsi&amp;Noutaja<\/title>\n<meta name=\"robots\" content=\"index, follow, max-snippet:-1, max-image-preview:large, max-video-preview:-1\" \/>\n<link rel=\"canonical\" href=\"https:\/\/blogit.gradia.fi\/mkpt2203-koskinen\/\" \/>\n<meta property=\"og:locale\" content=\"fi_FI\" \/>\n<meta property=\"og:type\" content=\"article\" \/>\n<meta property=\"og:title\" content=\"Etusivu - Kultsi&amp;Noutaja\" \/>\n<meta property=\"og:description\" content=\"Kennel perustettiin vuonna 2003 ja on kasvanut nopeasti kolmen koiran kenneliksi. Kennelin v\u00e4keen kuuluu 2 innokasta kasvattajaa ja kolme kaunista narttua. Valikoimastamme on t\u00e4ll\u00e4 hetkell\u00e4 tullut kolme kaunista pentuetta. Pentujamme kuvaillaan reippaiksi, hyv\u00e4 luonteisiksi ja iloisiksi. Meid\u00e4n teht\u00e4v\u00e4n\u00e4mme ei ole ainoastaan tuottaa pentuja, vaan parantaa (valloittaa) maailmaa lis\u00e4\u00e4m\u00e4ll\u00e4 tietoutta ihanasta rodusta ja koiran kasvatuksesta. Asiakkaistamme [&hellip;]\" \/>\n<meta property=\"og:url\" content=\"https:\/\/blogit.gradia.fi\/mkpt2203-koskinen\/\" \/>\n<meta property=\"og:site_name\" content=\"Kultsi&amp;Noutaja\" \/>\n<meta property=\"article:modified_time\" content=\"2023-03-07T08:22:44+00:00\" \/>\n<meta property=\"og:image\" content=\"https:\/\/blogit.gradia.fi\/mkpt2203-koskinen\/wp-content\/uploads\/sites\/404\/2023\/03\/Kuva3.png\" \/>\n<meta name=\"twitter:card\" content=\"summary_large_image\" \/>\n<meta name=\"twitter:label1\" content=\"Arvioitu lukuaika\" \/>\n\t<meta name=\"twitter:data1\" content=\"2 minuuttia\" \/>\n<script type=\"application\/ld+json\" class=\"yoast-schema-graph\">{\"@context\":\"https:\/\/schema.org\",\"@graph\":[{\"@type\":\"WebPage\",\"@id\":\"https:\/\/blogit.gradia.fi\/mkpt2203-koskinen\/\",\"url\":\"https:\/\/blogit.gradia.fi\/mkpt2203-koskinen\/\",\"name\":\"Etusivu - Kultsi&amp;Noutaja\",\"isPartOf\":{\"@id\":\"https:\/\/blogit.gradia.fi\/mkpt2203-koskinen\/#website\"},\"primaryImageOfPage\":{\"@id\":\"https:\/\/blogit.gradia.fi\/mkpt2203-koskinen\/#primaryimage\"},\"image\":{\"@id\":\"https:\/\/blogit.gradia.fi\/mkpt2203-koskinen\/#primaryimage\"},\"thumbnailUrl\":\"https:\/\/blogit.gradia.fi\/mkpt2203-koskinen\/wp-content\/uploads\/sites\/404\/2023\/03\/Kuva3.png\",\"datePublished\":\"2023-02-02T07:12:29+00:00\",\"dateModified\":\"2023-03-07T08:22:44+00:00\",\"breadcrumb\":{\"@id\":\"https:\/\/blogit.gradia.fi\/mkpt2203-koskinen\/#breadcrumb\"},\"inLanguage\":\"fi\",\"potentialAction\":[{\"@type\":\"ReadAction\",\"target\":[\"https:\/\/blogit.gradia.fi\/mkpt2203-koskinen\/\"]}]},{\"@type\":\"ImageObject\",\"inLanguage\":\"fi\",\"@id\":\"https:\/\/blogit.gradia.fi\/mkpt2203-koskinen\/#primaryimage\",\"url\":\"https:\/\/blogit.gradia.fi\/mkpt2203-koskinen\/wp-content\/uploads\/sites\/404\/2023\/03\/Kuva3.png\",\"contentUrl\":\"https:\/\/blogit.gradia.fi\/mkpt2203-koskinen\/wp-content\/uploads\/sites\/404\/2023\/03\/Kuva3.png\",\"width\":535,\"height\":540},{\"@type\":\"BreadcrumbList\",\"@id\":\"https:\/\/blogit.gradia.fi\/mkpt2203-koskinen\/#breadcrumb\",\"itemListElement\":[{\"@type\":\"ListItem\",\"position\":1,\"name\":\"Etusivu\",\"item\":\"https:\/\/blogit.gradia.fi\/mkpt2203-koskinen\/\"},{\"@type\":\"ListItem\",\"position\":2,\"name\":\"Etusivu\"}]},{\"@type\":\"WebSite\",\"@id\":\"https:\/\/blogit.gradia.fi\/mkpt2203-koskinen\/#website\",\"url\":\"https:\/\/blogit.gradia.fi\/mkpt2203-koskinen\/\",\"name\":\"Kultsi&amp;Noutaja\",\"description\":\"Kultaistennoutajien erikoiskennel\",\"publisher\":{\"@id\":\"https:\/\/blogit.gradia.fi\/mkpt2203-koskinen\/#organization\"},\"potentialAction\":[{\"@type\":\"SearchAction\",\"target\":{\"@type\":\"EntryPoint\",\"urlTemplate\":\"https:\/\/blogit.gradia.fi\/mkpt2203-koskinen\/?s={search_term_string}\"},\"query-input\":{\"@type\":\"PropertyValueSpecification\",\"valueRequired\":true,\"valueName\":\"search_term_string\"}}],\"inLanguage\":\"fi\"},{\"@type\":\"Organization\",\"@id\":\"https:\/\/blogit.gradia.fi\/mkpt2203-koskinen\/#organization\",\"name\":\"Kultsi&amp;Noutaja\",\"url\":\"https:\/\/blogit.gradia.fi\/mkpt2203-koskinen\/\",\"logo\":{\"@type\":\"ImageObject\",\"inLanguage\":\"fi\",\"@id\":\"https:\/\/blogit.gradia.fi\/mkpt2203-koskinen\/#\/schema\/logo\/image\/\",\"url\":\"https:\/\/blogit.gradia.fi\/mkpt2203-koskinen\/wp-content\/uploads\/sites\/404\/2023\/03\/LOGO5.png\",\"contentUrl\":\"https:\/\/blogit.gradia.fi\/mkpt2203-koskinen\/wp-content\/uploads\/sites\/404\/2023\/03\/LOGO5.png\",\"width\":1191,\"height\":842,\"caption\":\"Kultsi&amp;Noutaja\"},\"image\":{\"@id\":\"https:\/\/blogit.gradia.fi\/mkpt2203-koskinen\/#\/schema\/logo\/image\/\"}}]}<\/script>\n<!-- \/ Yoast SEO plugin. -->","yoast_head_json":{"title":"Etusivu - Kultsi&amp;Noutaja","robots":{"index":"index","follow":"follow","max-snippet":"max-snippet:-1","max-image-preview":"max-image-preview:large","max-video-preview":"max-video-preview:-1"},"canonical":"https:\/\/blogit.gradia.fi\/mkpt2203-koskinen\/","og_locale":"fi_FI","og_type":"article","og_title":"Etusivu - Kultsi&amp;Noutaja","og_description":"Kennel perustettiin vuonna 2003 ja on kasvanut nopeasti kolmen koiran kenneliksi. Kennelin v\u00e4keen kuuluu 2 innokasta kasvattajaa ja kolme kaunista narttua. Valikoimastamme on t\u00e4ll\u00e4 hetkell\u00e4 tullut kolme kaunista pentuetta. Pentujamme kuvaillaan reippaiksi, hyv\u00e4 luonteisiksi ja iloisiksi. Meid\u00e4n teht\u00e4v\u00e4n\u00e4mme ei ole ainoastaan tuottaa pentuja, vaan parantaa (valloittaa) maailmaa lis\u00e4\u00e4m\u00e4ll\u00e4 tietoutta ihanasta rodusta ja koiran kasvatuksesta. Asiakkaistamme [&hellip;]","og_url":"https:\/\/blogit.gradia.fi\/mkpt2203-koskinen\/","og_site_name":"Kultsi&amp;Noutaja","article_modified_time":"2023-03-07T08:22:44+00:00","og_image":[{"url":"https:\/\/blogit.gradia.fi\/mkpt2203-koskinen\/wp-content\/uploads\/sites\/404\/2023\/03\/Kuva3.png","type":"","width":"","height":""}],"twitter_card":"summary_large_image","twitter_misc":{"Arvioitu lukuaika":"2 minuuttia"},"schema":{"@context":"https:\/\/schema.org","@graph":[{"@type":"WebPage","@id":"https:\/\/blogit.gradia.fi\/mkpt2203-koskinen\/","url":"https:\/\/blogit.gradia.fi\/mkpt2203-koskinen\/","name":"Etusivu - Kultsi&amp;Noutaja","isPartOf":{"@id":"https:\/\/blogit.gradia.fi\/mkpt2203-koskinen\/#website"},"primaryImageOfPage":{"@id":"https:\/\/blogit.gradia.fi\/mkpt2203-koskinen\/#primaryimage"},"image":{"@id":"https:\/\/blogit.gradia.fi\/mkpt2203-koskinen\/#primaryimage"},"thumbnailUrl":"https:\/\/blogit.gradia.fi\/mkpt2203-koskinen\/wp-content\/uploads\/sites\/404\/2023\/03\/Kuva3.png","datePublished":"2023-02-02T07:12:29+00:00","dateModified":"2023-03-07T08:22:44+00:00","breadcrumb":{"@id":"https:\/\/blogit.gradia.fi\/mkpt2203-koskinen\/#breadcrumb"},"inLanguage":"fi","potentialAction":[{"@type":"ReadAction","target":["https:\/\/blogit.gradia.fi\/mkpt2203-koskinen\/"]}]},{"@type":"ImageObject","inLanguage":"fi","@id":"https:\/\/blogit.gradia.fi\/mkpt2203-koskinen\/#primaryimage","url":"https:\/\/blogit.gradia.fi\/mkpt2203-koskinen\/wp-content\/uploads\/sites\/404\/2023\/03\/Kuva3.png","contentUrl":"https:\/\/blogit.gradia.fi\/mkpt2203-koskinen\/wp-content\/uploads\/sites\/404\/2023\/03\/Kuva3.png","width":535,"height":540},{"@type":"BreadcrumbList","@id":"https:\/\/blogit.gradia.fi\/mkpt2203-koskinen\/#breadcrumb","itemListElement":[{"@type":"ListItem","position":1,"name":"Etusivu","item":"https:\/\/blogit.gradia.fi\/mkpt2203-koskinen\/"},{"@type":"ListItem","position":2,"name":"Etusivu"}]},{"@type":"WebSite","@id":"https:\/\/blogit.gradia.fi\/mkpt2203-koskinen\/#website","url":"https:\/\/blogit.gradia.fi\/mkpt2203-koskinen\/","name":"Kultsi&amp;Noutaja","description":"Kultaistennoutajien erikoiskennel","publisher":{"@id":"https:\/\/blogit.gradia.fi\/mkpt2203-koskinen\/#organization"},"potentialAction":[{"@type":"SearchAction","target":{"@type":"EntryPoint","urlTemplate":"https:\/\/blogit.gradia.fi\/mkpt2203-koskinen\/?s={search_term_string}"},"query-input":{"@type":"PropertyValueSpecification","valueRequired":true,"valueName":"search_term_string"}}],"inLanguage":"fi"},{"@type":"Organization","@id":"https:\/\/blogit.gradia.fi\/mkpt2203-koskinen\/#organization","name":"Kultsi&amp;Noutaja","url":"https:\/\/blogit.gradia.fi\/mkpt2203-koskinen\/","logo":{"@type":"ImageObject","inLanguage":"fi","@id":"https:\/\/blogit.gradia.fi\/mkpt2203-koskinen\/#\/schema\/logo\/image\/","url":"https:\/\/blogit.gradia.fi\/mkpt2203-koskinen\/wp-content\/uploads\/sites\/404\/2023\/03\/LOGO5.png","contentUrl":"https:\/\/blogit.gradia.fi\/mkpt2203-koskinen\/wp-content\/uploads\/sites\/404\/2023\/03\/LOGO5.png","width":1191,"height":842,"caption":"Kultsi&amp;Noutaja"},"image":{"@id":"https:\/\/blogit.gradia.fi\/mkpt2203-koskinen\/#\/schema\/logo\/image\/"}}]}},"uagb_featured_image_src":{"full":false,"thumbnail":false,"medium":false,"medium_large":false,"large":false,"1536x1536":false,"2048x2048":false},"uagb_author_info":{"display_name":"Helmi Koskinen","author_link":"https:\/\/blogit.gradia.fi\/mkpt2203-koskinen\/author\/gr276292\/"},"uagb_comment_info":0,"uagb_excerpt":"Kennel perustettiin vuonna 2003 ja on kasvanut nopeasti kolmen koiran kenneliksi. Kennelin v\u00e4keen kuuluu 2 innokasta kasvattajaa ja kolme kaunista narttua. Valikoimastamme on t\u00e4ll\u00e4 hetkell\u00e4 tullut kolme kaunista pentuetta. Pentujamme kuvaillaan reippaiksi, hyv\u00e4 luonteisiksi ja iloisiksi. Meid\u00e4n teht\u00e4v\u00e4n\u00e4mme ei ole ainoastaan tuottaa pentuja, vaan parantaa (valloittaa) maailmaa lis\u00e4\u00e4m\u00e4ll\u00e4 tietoutta ihanasta rodusta ja koiran kasvatuksesta. Asiakkaistamme&hellip;","_links":{"self":[{"href":"https:\/\/blogit.gradia.fi\/mkpt2203-koskinen\/wp-json\/wp\/v2\/pages\/40","targetHints":{"allow":["GET"]}}],"collection":[{"href":"https:\/\/blogit.gradia.fi\/mkpt2203-koskinen\/wp-json\/wp\/v2\/pages"}],"about":[{"href":"https:\/\/blogit.gradia.fi\/mkpt2203-koskinen\/wp-json\/wp\/v2\/types\/page"}],"author":[{"embeddable":true,"href":"https:\/\/blogit.gradia.fi\/mkpt2203-koskinen\/wp-json\/wp\/v2\/users\/940"}],"replies":[{"embeddable":true,"href":"https:\/\/blogit.gradia.fi\/mkpt2203-koskinen\/wp-json\/wp\/v2\/comments?post=40"}],"version-history":[{"count":105,"href":"https:\/\/blogit.gradia.fi\/mkpt2203-koskinen\/wp-json\/wp\/v2\/pages\/40\/revisions"}],"predecessor-version":[{"id":478,"href":"https:\/\/blogit.gradia.fi\/mkpt2203-koskinen\/wp-json\/wp\/v2\/pages\/40\/revisions\/478"}],"wp:attachment":[{"href":"https:\/\/blogit.gradia.fi\/mkpt2203-koskinen\/wp-json\/wp\/v2\/media?parent=40"}],"curies":[{"name":"wp","href":"https:\/\/api.w.org\/{rel}","templated":true}]}}