{"id":94,"date":"2023-05-24T13:46:05","date_gmt":"2023-05-24T10:46:05","guid":{"rendered":"https:\/\/blogit.gradia.fi\/mkpt2203-keskinen\/?page_id=94"},"modified":"2023-05-24T13:46:06","modified_gmt":"2023-05-24T10:46:06","slug":"94-2","status":"publish","type":"page","link":"https:\/\/blogit.gradia.fi\/mkpt2203-keskinen\/94-2\/","title":{"rendered":""},"content":{"rendered":"\n<h2 class=\"wp-block-heading has-text-align-center\">Artikkelit<\/h2>\n\n\n\n<p class=\"has-text-align-center\">Koiran hankkiminen vaatii harkintaa<\/p>\n\n\n\n<p class=\"has-text-align-center\">Koiran hankkiminen vaatii huolellista harkintaa ja asiaan perehtymist\u00e4. Koiraa ei voi ottaa hetken mielijohteesta. Kun pohjaty\u00f6n tekee huolella, koirasta saa uskollisen yst\u00e4v\u00e4n pitk\u00e4ksi aikaa ja se tuo iloa omistajalleen vuosiksi.<\/p>\n\n\n\n<p class=\"has-text-align-center\">Faktalaatikko<\/p>\n\n\n\n<p class=\"has-text-align-center\">\u00c4l\u00e4 hanki koiraa, jos et ole varma onko sinulla riitt\u00e4v\u00e4sti aikaa koiralle<\/p>\n\n\n\n<p class=\"has-text-align-center\">Koira vaatii paljon, koira on kuin lapsi<\/p>\n\n\n\n<p class=\"has-text-align-center\">Tutustu huolella koiran kasvattajaan<\/p>\n\n\n\n<p class=\"has-text-align-center\">Pohdi n\u00e4it\u00e4 kysymyksi\u00e4, ennen kuin otat koiran:<\/p>\n\n\n\n<p><\/p>\n\n\n\n<ul class=\"wp-block-list\">\n<li>Onko sinulla tarpeeksi aikaa koiralle?<\/li>\n\n\n\n<li>Oletko valmis sitoutumaan koiraan sen elini\u00e4ksi, 10\u201315 vuodeksi?<\/li>\n\n\n\n<li>Onko perheess\u00e4si tai l\u00e4hipiiriss\u00e4si allergiaa?<\/li>\n\n\n\n<li>Kest\u00e4\u00e4k\u00f6 taloutesi koirasta aiheutuvat kustannukset?<\/li>\n\n\n\n<li>Saako asunnossasi pit\u00e4\u00e4 koiraa?<\/li>\n\n\n\n<li>Oletko valmis ulkoilemaan koiran kanssa useita kertoja p\u00e4iv\u00e4ss\u00e4?<\/li>\n<\/ul>\n","protected":false},"excerpt":{"rendered":"<p>Artikkelit Koiran hankkiminen vaatii harkintaa Koiran hankkiminen vaatii huolellista harkintaa ja asiaan perehtymist\u00e4. Koiraa ei voi ottaa hetken mielijohteesta. Kun pohjaty\u00f6n tekee huolella, koirasta saa uskollisen yst\u00e4v\u00e4n pitk\u00e4ksi aikaa ja se tuo iloa omistajalleen vuosiksi. Faktalaatikko \u00c4l\u00e4 hanki koiraa, jos et ole varma onko sinulla riitt\u00e4v\u00e4sti aikaa koiralle Koira vaatii paljon, koira on kuin lapsi [&hellip;]<\/p>\n","protected":false},"author":939,"featured_media":0,"parent":0,"menu_order":0,"comment_status":"closed","ping_status":"closed","template":"","meta":{"_uag_custom_page_level_css":"","footnotes":""},"class_list":["post-94","page","type-page","status-publish","hentry"],"yoast_head":"<!-- This site is optimized with the Yoast SEO plugin v27.4 - https:\/\/yoast.com\/product\/yoast-seo-wordpress\/ -->\n<title>- MKTP2203 - Nova Keskinen<\/title>\n<meta name=\"robots\" content=\"index, follow, max-snippet:-1, max-image-preview:large, max-video-preview:-1\" \/>\n<link rel=\"canonical\" href=\"https:\/\/blogit.gradia.fi\/mkpt2203-keskinen\/94-2\/\" \/>\n<meta property=\"og:locale\" content=\"fi_FI\" \/>\n<meta property=\"og:type\" content=\"article\" \/>\n<meta property=\"og:title\" content=\"- MKTP2203 - Nova Keskinen\" \/>\n<meta property=\"og:description\" content=\"Artikkelit Koiran hankkiminen vaatii harkintaa Koiran hankkiminen vaatii huolellista harkintaa ja asiaan perehtymist\u00e4. Koiraa ei voi ottaa hetken mielijohteesta. Kun pohjaty\u00f6n tekee huolella, koirasta saa uskollisen yst\u00e4v\u00e4n pitk\u00e4ksi aikaa ja se tuo iloa omistajalleen vuosiksi. Faktalaatikko \u00c4l\u00e4 hanki koiraa, jos et ole varma onko sinulla riitt\u00e4v\u00e4sti aikaa koiralle Koira vaatii paljon, koira on kuin lapsi [&hellip;]\" \/>\n<meta property=\"og:url\" content=\"https:\/\/blogit.gradia.fi\/mkpt2203-keskinen\/94-2\/\" \/>\n<meta property=\"og:site_name\" content=\"MKTP2203 - Nova Keskinen\" \/>\n<meta property=\"article:modified_time\" content=\"2023-05-24T10:46:06+00:00\" \/>\n<meta name=\"twitter:card\" content=\"summary_large_image\" \/>\n<meta name=\"twitter:label1\" content=\"Arvioitu lukuaika\" \/>\n\t<meta name=\"twitter:data1\" content=\"1 minuutti\" \/>\n<script type=\"application\/ld+json\" class=\"yoast-schema-graph\">{\"@context\":\"https:\\\/\\\/schema.org\",\"@graph\":[{\"@type\":\"WebPage\",\"@id\":\"https:\\\/\\\/blogit.gradia.fi\\\/mkpt2203-keskinen\\\/94-2\\\/\",\"url\":\"https:\\\/\\\/blogit.gradia.fi\\\/mkpt2203-keskinen\\\/94-2\\\/\",\"name\":\"- MKTP2203 - Nova Keskinen\",\"isPartOf\":{\"@id\":\"https:\\\/\\\/blogit.gradia.fi\\\/mkpt2203-keskinen\\\/#website\"},\"datePublished\":\"2023-05-24T10:46:05+00:00\",\"dateModified\":\"2023-05-24T10:46:06+00:00\",\"inLanguage\":\"fi\",\"potentialAction\":[{\"@type\":\"ReadAction\",\"target\":[\"https:\\\/\\\/blogit.gradia.fi\\\/mkpt2203-keskinen\\\/94-2\\\/\"]}]},{\"@type\":\"WebSite\",\"@id\":\"https:\\\/\\\/blogit.gradia.fi\\\/mkpt2203-keskinen\\\/#website\",\"url\":\"https:\\\/\\\/blogit.gradia.fi\\\/mkpt2203-keskinen\\\/\",\"name\":\"MKTP2203 - Nova Keskinen\",\"description\":\"\",\"potentialAction\":[{\"@type\":\"SearchAction\",\"target\":{\"@type\":\"EntryPoint\",\"urlTemplate\":\"https:\\\/\\\/blogit.gradia.fi\\\/mkpt2203-keskinen\\\/?s={search_term_string}\"},\"query-input\":{\"@type\":\"PropertyValueSpecification\",\"valueRequired\":true,\"valueName\":\"search_term_string\"}}],\"inLanguage\":\"fi\"}]}<\/script>\n<!-- \/ Yoast SEO plugin. -->","yoast_head_json":{"title":"- MKTP2203 - Nova Keskinen","robots":{"index":"index","follow":"follow","max-snippet":"max-snippet:-1","max-image-preview":"max-image-preview:large","max-video-preview":"max-video-preview:-1"},"canonical":"https:\/\/blogit.gradia.fi\/mkpt2203-keskinen\/94-2\/","og_locale":"fi_FI","og_type":"article","og_title":"- MKTP2203 - Nova Keskinen","og_description":"Artikkelit Koiran hankkiminen vaatii harkintaa Koiran hankkiminen vaatii huolellista harkintaa ja asiaan perehtymist\u00e4. Koiraa ei voi ottaa hetken mielijohteesta. Kun pohjaty\u00f6n tekee huolella, koirasta saa uskollisen yst\u00e4v\u00e4n pitk\u00e4ksi aikaa ja se tuo iloa omistajalleen vuosiksi. Faktalaatikko \u00c4l\u00e4 hanki koiraa, jos et ole varma onko sinulla riitt\u00e4v\u00e4sti aikaa koiralle Koira vaatii paljon, koira on kuin lapsi [&hellip;]","og_url":"https:\/\/blogit.gradia.fi\/mkpt2203-keskinen\/94-2\/","og_site_name":"MKTP2203 - Nova Keskinen","article_modified_time":"2023-05-24T10:46:06+00:00","twitter_card":"summary_large_image","twitter_misc":{"Arvioitu lukuaika":"1 minuutti"},"schema":{"@context":"https:\/\/schema.org","@graph":[{"@type":"WebPage","@id":"https:\/\/blogit.gradia.fi\/mkpt2203-keskinen\/94-2\/","url":"https:\/\/blogit.gradia.fi\/mkpt2203-keskinen\/94-2\/","name":"- MKTP2203 - Nova Keskinen","isPartOf":{"@id":"https:\/\/blogit.gradia.fi\/mkpt2203-keskinen\/#website"},"datePublished":"2023-05-24T10:46:05+00:00","dateModified":"2023-05-24T10:46:06+00:00","inLanguage":"fi","potentialAction":[{"@type":"ReadAction","target":["https:\/\/blogit.gradia.fi\/mkpt2203-keskinen\/94-2\/"]}]},{"@type":"WebSite","@id":"https:\/\/blogit.gradia.fi\/mkpt2203-keskinen\/#website","url":"https:\/\/blogit.gradia.fi\/mkpt2203-keskinen\/","name":"MKTP2203 - Nova Keskinen","description":"","potentialAction":[{"@type":"SearchAction","target":{"@type":"EntryPoint","urlTemplate":"https:\/\/blogit.gradia.fi\/mkpt2203-keskinen\/?s={search_term_string}"},"query-input":{"@type":"PropertyValueSpecification","valueRequired":true,"valueName":"search_term_string"}}],"inLanguage":"fi"}]}},"uagb_featured_image_src":{"full":false,"thumbnail":false,"medium":false,"medium_large":false,"large":false,"1536x1536":false,"2048x2048":false},"uagb_author_info":{"display_name":"Nova Keskinen","author_link":"https:\/\/blogit.gradia.fi\/mkpt2203-keskinen\/author\/gr276289\/"},"uagb_comment_info":0,"uagb_excerpt":"Artikkelit Koiran hankkiminen vaatii harkintaa Koiran hankkiminen vaatii huolellista harkintaa ja asiaan perehtymist\u00e4. Koiraa ei voi ottaa hetken mielijohteesta. Kun pohjaty\u00f6n tekee huolella, koirasta saa uskollisen yst\u00e4v\u00e4n pitk\u00e4ksi aikaa ja se tuo iloa omistajalleen vuosiksi. Faktalaatikko \u00c4l\u00e4 hanki koiraa, jos et ole varma onko sinulla riitt\u00e4v\u00e4sti aikaa koiralle Koira vaatii paljon, koira on kuin lapsi&hellip;","_links":{"self":[{"href":"https:\/\/blogit.gradia.fi\/mkpt2203-keskinen\/wp-json\/wp\/v2\/pages\/94","targetHints":{"allow":["GET"]}}],"collection":[{"href":"https:\/\/blogit.gradia.fi\/mkpt2203-keskinen\/wp-json\/wp\/v2\/pages"}],"about":[{"href":"https:\/\/blogit.gradia.fi\/mkpt2203-keskinen\/wp-json\/wp\/v2\/types\/page"}],"author":[{"embeddable":true,"href":"https:\/\/blogit.gradia.fi\/mkpt2203-keskinen\/wp-json\/wp\/v2\/users\/939"}],"replies":[{"embeddable":true,"href":"https:\/\/blogit.gradia.fi\/mkpt2203-keskinen\/wp-json\/wp\/v2\/comments?post=94"}],"version-history":[{"count":1,"href":"https:\/\/blogit.gradia.fi\/mkpt2203-keskinen\/wp-json\/wp\/v2\/pages\/94\/revisions"}],"predecessor-version":[{"id":95,"href":"https:\/\/blogit.gradia.fi\/mkpt2203-keskinen\/wp-json\/wp\/v2\/pages\/94\/revisions\/95"}],"wp:attachment":[{"href":"https:\/\/blogit.gradia.fi\/mkpt2203-keskinen\/wp-json\/wp\/v2\/media?parent=94"}],"curies":[{"name":"wp","href":"https:\/\/api.w.org\/{rel}","templated":true}]}}