{"id":41,"date":"2023-05-24T12:12:54","date_gmt":"2023-05-24T09:12:54","guid":{"rendered":"https:\/\/blogit.gradia.fi\/mkpt2203-keskinen\/?page_id=41"},"modified":"2023-05-24T19:22:07","modified_gmt":"2023-05-24T16:22:07","slug":"kultsinoutaja","status":"publish","type":"page","link":"https:\/\/blogit.gradia.fi\/mkpt2203-keskinen\/kultsinoutaja\/","title":{"rendered":""},"content":{"rendered":"\n<div class=\"wp-block-uagb-image alignleft uagb-block-53f6b490 wp-block-uagb-image--layout-default wp-block-uagb-image--effect-static wp-block-uagb-image--align-left\"><figure class=\"wp-block-uagb-image__figure\"><img decoding=\"async\" src=\"https:\/\/blogit.gradia.fi\/mkpt2203-keskinen\/wp-content\/uploads\/sites\/402\/2023\/05\/naytto-kn-logo.png\" alt=\"\" class=\"uag-image-124\" width=\"115\" height=\"99\" title=\"\" loading=\"lazy\" \/><\/figure><\/div>\n\n\n\n<div style=\"height:100px\" aria-hidden=\"true\" class=\"wp-block-spacer\"><\/div>\n\n\n\n<div class=\"wp-block-cover alignwide\" style=\"min-height:526px;aspect-ratio:unset;\"><span aria-hidden=\"true\" class=\"wp-block-cover__background has-contrast-background-color has-background-dim-20 has-background-dim\"><\/span><img loading=\"lazy\" decoding=\"async\" width=\"1024\" height=\"683\" class=\"wp-block-cover__image-background wp-image-46\" alt=\"\" src=\"https:\/\/blogit.gradia.fi\/mkpt2203-keskinen\/wp-content\/uploads\/sites\/402\/2023\/05\/dog-golden-retriever-2659096_1920-2-1024x683.jpg\" style=\"object-position:49% 71%\" data-object-fit=\"cover\" data-object-position=\"49% 71%\" srcset=\"https:\/\/blogit.gradia.fi\/mkpt2203-keskinen\/wp-content\/uploads\/sites\/402\/2023\/05\/dog-golden-retriever-2659096_1920-2-1024x683.jpg 1024w, https:\/\/blogit.gradia.fi\/mkpt2203-keskinen\/wp-content\/uploads\/sites\/402\/2023\/05\/dog-golden-retriever-2659096_1920-2-300x200.jpg 300w, https:\/\/blogit.gradia.fi\/mkpt2203-keskinen\/wp-content\/uploads\/sites\/402\/2023\/05\/dog-golden-retriever-2659096_1920-2-768x512.jpg 768w, https:\/\/blogit.gradia.fi\/mkpt2203-keskinen\/wp-content\/uploads\/sites\/402\/2023\/05\/dog-golden-retriever-2659096_1920-2-1536x1024.jpg 1536w, https:\/\/blogit.gradia.fi\/mkpt2203-keskinen\/wp-content\/uploads\/sites\/402\/2023\/05\/dog-golden-retriever-2659096_1920-2.jpg 1920w\" sizes=\"auto, (max-width: 1024px) 100vw, 1024px\" \/><div class=\"wp-block-cover__inner-container is-layout-flow wp-block-cover-is-layout-flow\">\n<p class=\"has-text-align-center has-source-serif-pro-font-family\" style=\"font-size:clamp(2.876rem, 2.876rem + ((1vw - 0.2rem) * 4.953), 5.6rem);\"><strong>Kultsi&amp;Noutaja<\/strong><\/p>\n\n\n\n<p class=\"has-text-align-center has-source-serif-pro-font-family has-large-font-size\">Kultaistennoutajien erikoiskennel<\/p>\n<\/div><\/div>\n\n\n\n<p class=\"has-text-align-center has-medium-font-size\">Kennelimme on kultaistennoutajien erikoiskennel. Palvelemme koiranomistajia Jyv\u00e4skyl\u00e4n seudulla ja pentujamme kasvaa t\u00e4ll\u00e4 hetkell\u00e4 ymp\u00e4ri Suomen Rovaniemelt\u00e4 Helsinkiin.<\/p>\n\n\n\n<p class=\"has-text-align-center\">Kennel perustettiin vuonna 2003 ja on kasvanut nopeasti kolmen koiran kenneliksi. Kennelin v\u00e4keen kuuluu 2 innokasta kasvattajaa ja kolme kaunista narttua.<\/p>\n\n\n\n<p class=\"has-text-align-center\">Valikoimastamme on t\u00e4ll\u00e4 hetkell\u00e4 tullut kolme kaunista pentuetta. Pentujamme kuvaillaan reippaiksi, hyv\u00e4 luonteisiksi ja iloisiksi. Meid\u00e4n teht\u00e4v\u00e4n\u00e4mme ei ole ainoastaan tuottaa pentuja, vaan parantaa (valloittaa) maailmaa lis\u00e4\u00e4m\u00e4ll\u00e4 tietoutta ihanasta rodusta ja koiran kasvatuksesta.<\/p>\n\n\n\n<p class=\"has-text-align-center\">Asiakkaistamme pidet\u00e4\u00e4n huolta my\u00f6s pennun luovutuksen j\u00e4lkeen. Olemme taidoistamme ja kokemuksestamme ylpeit\u00e4.<\/p>\n\n\n\n<div class=\"wp-block-uagb-container uagb-block-e35a9958 alignfull uagb-is-root-container\"><div class=\"uagb-container-inner-blocks-wrap\">\n<div class=\"wp-block-cover\"><span aria-hidden=\"true\" class=\"wp-block-cover__background has-background-dim\"><\/span><img loading=\"lazy\" decoding=\"async\" width=\"1920\" height=\"1279\" class=\"wp-block-cover__image-background wp-image-47\" alt=\"\" src=\"https:\/\/blogit.gradia.fi\/mkpt2203-keskinen\/wp-content\/uploads\/sites\/402\/2023\/05\/dog-2753369_1920-1.jpg\" data-object-fit=\"cover\" srcset=\"https:\/\/blogit.gradia.fi\/mkpt2203-keskinen\/wp-content\/uploads\/sites\/402\/2023\/05\/dog-2753369_1920-1.jpg 1920w, https:\/\/blogit.gradia.fi\/mkpt2203-keskinen\/wp-content\/uploads\/sites\/402\/2023\/05\/dog-2753369_1920-1-300x200.jpg 300w, https:\/\/blogit.gradia.fi\/mkpt2203-keskinen\/wp-content\/uploads\/sites\/402\/2023\/05\/dog-2753369_1920-1-1024x682.jpg 1024w, https:\/\/blogit.gradia.fi\/mkpt2203-keskinen\/wp-content\/uploads\/sites\/402\/2023\/05\/dog-2753369_1920-1-768x512.jpg 768w, https:\/\/blogit.gradia.fi\/mkpt2203-keskinen\/wp-content\/uploads\/sites\/402\/2023\/05\/dog-2753369_1920-1-1536x1023.jpg 1536w\" sizes=\"auto, (max-width: 1920px) 100vw, 1920px\" \/><div class=\"wp-block-cover__inner-container is-layout-flow wp-block-cover-is-layout-flow\">\n<p class=\"has-text-color has-x-large-font-size\" style=\"color:#bfff6b\"><strong>Pienimuotoisesti kotioloissa<\/strong><strong><\/strong><\/p>\n\n\n\n<p class=\"has-medium-font-size\">Tavoitteenamme on kasvattaa terveit\u00e4 ja tasapainoisia noutajia perheenj\u00e4seniksi sek\u00e4 monipuolisiksi harrastuskavereiksi. Kasvatusty\u00f6 on alkumetreill\u00e4 ja harkitsen tarkkaan jokaisen astutetun yhdistelm\u00e4n. Tavoitteena on kasvattaa terveit\u00e4 ja rotum\u00e4\u00e4ritelm\u00e4n mukaisia kultaisianoutajia, joiden kanssa voi harrastaa monipuolisesti. Meill\u00e4 pennut kasvavat kotona muiden koirien ja perheemme keskell\u00e4.<\/p>\n<\/div><\/div>\n<\/div><\/div>\n\n\n\n<p class=\"has-text-align-center\"><strong>Miksi kultainennoutaja?<\/strong><strong><\/strong><\/p>\n\n\n\n<p class=\"has-text-align-center\">Kultainennoutaja on sek\u00e4 Suomessa ett\u00e4 maailmanlaajuisesti eritt\u00e4in suosittu rotu. Suomessa se on nelj\u00e4nneksi suosituin rotu. Kultainennoutaja on \u00e4lyk\u00e4s, keskikokoinen, miellytt\u00e4misenhaluinen sek\u00e4 toiminnanhaluinen koira. Kultaisennoutajan ominaisuudet tekev\u00e4t siit\u00e4 hyv\u00e4n harrastuskoiran. Alun perin se on jalostettu mets\u00e4styskoiraksi (ammutun pienriistan noutajai). Kultainennoutaja ei ole pelkk\u00e4 seurakoira, vaan se kaipaa my\u00f6s liikuntaa ja ohjattua toimintaa.<\/p>\n\n\n\n<div class=\"wp-block-columns alignfull is-layout-flex wp-container-core-columns-is-layout-28f84493 wp-block-columns-is-layout-flex\">\n<div class=\"wp-block-column is-layout-flow wp-block-column-is-layout-flow\" style=\"flex-basis:100%\">\n<div class=\"wp-block-uagb-image alignleft uagb-block-a05ac0ba wp-block-uagb-image--layout-default wp-block-uagb-image--effect-static wp-block-uagb-image--align-left\"><figure class=\"wp-block-uagb-image__figure\"><img decoding=\"async\" src=\"https:\/\/blogit.gradia.fi\/mkpt2203-keskinen\/wp-content\/uploads\/sites\/402\/2023\/05\/dog-2655472_1280-1.png\" alt=\"\" class=\"uag-image-49\" width=\"544\" height=\"350\" title=\"\" loading=\"lazy\" \/><\/figure><\/div>\n\n\n\n<p class=\"has-text-color has-large-font-size\" style=\"color:#128f06\"><strong>Arvot<\/strong><strong><\/strong><\/p>\n\n\n\n<p>L\u00e4ht\u00f6kohtanamme on pentukeskeinen n\u00e4kemys. N\u00e4emme jokaisen pennun yksil\u00f6n\u00e4, joka on aktiivinen toimija sek\u00e4 yksin, ett\u00e4 ryhm\u00e4ss\u00e4.&nbsp;<\/p>\n\n\n\n<p class=\"has-text-color has-large-font-size\" style=\"color:#128f06\"><strong>Missio<\/strong><strong><\/strong><\/p>\n\n\n\n<ul class=\"wp-block-list\">\n<li>Kohdata haasteet rohkeasti<\/li>\n\n\n\n<li>Tehd\u00e4 pentuja, joista voi olla ylpe\u00e4<\/li>\n\n\n\n<li>Jakaa tietoa ja kokemuksia koiran kasvatuksesta<\/li>\n<\/ul>\n\n\n\n<p class=\"has-text-color has-large-font-size\" style=\"color:#128f06\"><strong>Visio<\/strong><\/p>\n\n\n\n<p>Haluamme olla edell\u00e4k\u00e4vij\u00e4 Suomen ensimm\u00e4isen\u00e4 kennelin\u00e4, jonka pentujen varhaiskasvatus perustuu pentu-behavioristiseen kasvatusteoriaan.<\/p>\n<\/div>\n<\/div>\n\n\n\n<div class=\"wp-block-uagb-buttons uagb-buttons__outer-wrap uagb-btn__default-btn uagb-btn-tablet__default-btn uagb-btn-mobile__default-btn uagb-block-6a4d4356\"><div class=\"uagb-buttons__wrap uagb-buttons-layout-wrap\">\n<div class=\"wp-block-uagb-buttons-child uagb-buttons__outer-wrap uagb-block-d8756314 wp-block-button is-style-outline\"><div class=\"uagb-button__wrapper\"><a class=\"uagb-buttons-repeater wp-block-button__link has-background has-text-color\" href=\"\/\/blogit.gradia.fi\/mkpt2203-keskinen\/ulkonako\/\" rel=\"follow noopener\" target=\"_self\"><div class=\"uagb-button__link\">Seuraava sivu<\/div><\/a><\/div><\/div>\n<\/div><\/div>\n","protected":false},"excerpt":{"rendered":"<p>Kennelimme on kultaistennoutajien erikoiskennel. Palvelemme koiranomistajia Jyv\u00e4skyl\u00e4n seudulla ja pentujamme kasvaa t\u00e4ll\u00e4 hetkell\u00e4 ymp\u00e4ri Suomen Rovaniemelt\u00e4 Helsinkiin. Kennel perustettiin vuonna 2003 ja on kasvanut nopeasti kolmen koiran kenneliksi. Kennelin v\u00e4keen kuuluu 2 innokasta kasvattajaa ja kolme kaunista narttua. Valikoimastamme on t\u00e4ll\u00e4 hetkell\u00e4 tullut kolme kaunista pentuetta. Pentujamme kuvaillaan reippaiksi, hyv\u00e4 luonteisiksi ja iloisiksi. Meid\u00e4n teht\u00e4v\u00e4n\u00e4mme [&hellip;]<\/p>\n","protected":false},"author":939,"featured_media":0,"parent":0,"menu_order":1,"comment_status":"closed","ping_status":"closed","template":"","meta":{"_uag_custom_page_level_css":"","footnotes":""},"class_list":["post-41","page","type-page","status-publish","hentry"],"yoast_head":"<!-- This site is optimized with the Yoast SEO plugin v27.4 - https:\/\/yoast.com\/product\/yoast-seo-wordpress\/ -->\n<title>- MKTP2203 - Nova Keskinen<\/title>\n<meta name=\"robots\" content=\"index, follow, max-snippet:-1, max-image-preview:large, max-video-preview:-1\" \/>\n<link rel=\"canonical\" href=\"https:\/\/blogit.gradia.fi\/mkpt2203-keskinen\/kultsinoutaja\/\" \/>\n<meta property=\"og:locale\" content=\"fi_FI\" \/>\n<meta property=\"og:type\" content=\"article\" \/>\n<meta property=\"og:title\" content=\"- MKTP2203 - Nova Keskinen\" \/>\n<meta property=\"og:description\" content=\"Kennelimme on kultaistennoutajien erikoiskennel. Palvelemme koiranomistajia Jyv\u00e4skyl\u00e4n seudulla ja pentujamme kasvaa t\u00e4ll\u00e4 hetkell\u00e4 ymp\u00e4ri Suomen Rovaniemelt\u00e4 Helsinkiin. Kennel perustettiin vuonna 2003 ja on kasvanut nopeasti kolmen koiran kenneliksi. Kennelin v\u00e4keen kuuluu 2 innokasta kasvattajaa ja kolme kaunista narttua. Valikoimastamme on t\u00e4ll\u00e4 hetkell\u00e4 tullut kolme kaunista pentuetta. Pentujamme kuvaillaan reippaiksi, hyv\u00e4 luonteisiksi ja iloisiksi. Meid\u00e4n teht\u00e4v\u00e4n\u00e4mme [&hellip;]\" \/>\n<meta property=\"og:url\" content=\"https:\/\/blogit.gradia.fi\/mkpt2203-keskinen\/kultsinoutaja\/\" \/>\n<meta property=\"og:site_name\" content=\"MKTP2203 - Nova Keskinen\" \/>\n<meta property=\"article:modified_time\" content=\"2023-05-24T16:22:07+00:00\" \/>\n<meta property=\"og:image\" content=\"https:\/\/blogit.gradia.fi\/mkpt2203-keskinen\/wp-content\/uploads\/sites\/402\/2023\/05\/naytto-kn-logo.png\" \/>\n<meta name=\"twitter:card\" content=\"summary_large_image\" \/>\n<meta name=\"twitter:label1\" content=\"Arvioitu lukuaika\" \/>\n\t<meta name=\"twitter:data1\" content=\"3 minuuttia\" \/>\n<script type=\"application\/ld+json\" class=\"yoast-schema-graph\">{\"@context\":\"https:\\\/\\\/schema.org\",\"@graph\":[{\"@type\":\"WebPage\",\"@id\":\"https:\\\/\\\/blogit.gradia.fi\\\/mkpt2203-keskinen\\\/kultsinoutaja\\\/\",\"url\":\"https:\\\/\\\/blogit.gradia.fi\\\/mkpt2203-keskinen\\\/kultsinoutaja\\\/\",\"name\":\"- MKTP2203 - Nova Keskinen\",\"isPartOf\":{\"@id\":\"https:\\\/\\\/blogit.gradia.fi\\\/mkpt2203-keskinen\\\/#website\"},\"primaryImageOfPage\":{\"@id\":\"https:\\\/\\\/blogit.gradia.fi\\\/mkpt2203-keskinen\\\/kultsinoutaja\\\/#primaryimage\"},\"image\":{\"@id\":\"https:\\\/\\\/blogit.gradia.fi\\\/mkpt2203-keskinen\\\/kultsinoutaja\\\/#primaryimage\"},\"thumbnailUrl\":\"https:\\\/\\\/blogit.gradia.fi\\\/mkpt2203-keskinen\\\/wp-content\\\/uploads\\\/sites\\\/402\\\/2023\\\/05\\\/naytto-kn-logo.png\",\"datePublished\":\"2023-05-24T09:12:54+00:00\",\"dateModified\":\"2023-05-24T16:22:07+00:00\",\"inLanguage\":\"fi\",\"potentialAction\":[{\"@type\":\"ReadAction\",\"target\":[\"https:\\\/\\\/blogit.gradia.fi\\\/mkpt2203-keskinen\\\/kultsinoutaja\\\/\"]}]},{\"@type\":\"ImageObject\",\"inLanguage\":\"fi\",\"@id\":\"https:\\\/\\\/blogit.gradia.fi\\\/mkpt2203-keskinen\\\/kultsinoutaja\\\/#primaryimage\",\"url\":\"https:\\\/\\\/blogit.gradia.fi\\\/mkpt2203-keskinen\\\/wp-content\\\/uploads\\\/sites\\\/402\\\/2023\\\/05\\\/naytto-kn-logo.png\",\"contentUrl\":\"https:\\\/\\\/blogit.gradia.fi\\\/mkpt2203-keskinen\\\/wp-content\\\/uploads\\\/sites\\\/402\\\/2023\\\/05\\\/naytto-kn-logo.png\",\"width\":426,\"height\":368},{\"@type\":\"WebSite\",\"@id\":\"https:\\\/\\\/blogit.gradia.fi\\\/mkpt2203-keskinen\\\/#website\",\"url\":\"https:\\\/\\\/blogit.gradia.fi\\\/mkpt2203-keskinen\\\/\",\"name\":\"MKTP2203 - Nova Keskinen\",\"description\":\"\",\"potentialAction\":[{\"@type\":\"SearchAction\",\"target\":{\"@type\":\"EntryPoint\",\"urlTemplate\":\"https:\\\/\\\/blogit.gradia.fi\\\/mkpt2203-keskinen\\\/?s={search_term_string}\"},\"query-input\":{\"@type\":\"PropertyValueSpecification\",\"valueRequired\":true,\"valueName\":\"search_term_string\"}}],\"inLanguage\":\"fi\"}]}<\/script>\n<!-- \/ Yoast SEO plugin. -->","yoast_head_json":{"title":"- MKTP2203 - Nova Keskinen","robots":{"index":"index","follow":"follow","max-snippet":"max-snippet:-1","max-image-preview":"max-image-preview:large","max-video-preview":"max-video-preview:-1"},"canonical":"https:\/\/blogit.gradia.fi\/mkpt2203-keskinen\/kultsinoutaja\/","og_locale":"fi_FI","og_type":"article","og_title":"- MKTP2203 - Nova Keskinen","og_description":"Kennelimme on kultaistennoutajien erikoiskennel. Palvelemme koiranomistajia Jyv\u00e4skyl\u00e4n seudulla ja pentujamme kasvaa t\u00e4ll\u00e4 hetkell\u00e4 ymp\u00e4ri Suomen Rovaniemelt\u00e4 Helsinkiin. Kennel perustettiin vuonna 2003 ja on kasvanut nopeasti kolmen koiran kenneliksi. Kennelin v\u00e4keen kuuluu 2 innokasta kasvattajaa ja kolme kaunista narttua. Valikoimastamme on t\u00e4ll\u00e4 hetkell\u00e4 tullut kolme kaunista pentuetta. Pentujamme kuvaillaan reippaiksi, hyv\u00e4 luonteisiksi ja iloisiksi. Meid\u00e4n teht\u00e4v\u00e4n\u00e4mme [&hellip;]","og_url":"https:\/\/blogit.gradia.fi\/mkpt2203-keskinen\/kultsinoutaja\/","og_site_name":"MKTP2203 - Nova Keskinen","article_modified_time":"2023-05-24T16:22:07+00:00","og_image":[{"url":"https:\/\/blogit.gradia.fi\/mkpt2203-keskinen\/wp-content\/uploads\/sites\/402\/2023\/05\/naytto-kn-logo.png","type":"","width":"","height":""}],"twitter_card":"summary_large_image","twitter_misc":{"Arvioitu lukuaika":"3 minuuttia"},"schema":{"@context":"https:\/\/schema.org","@graph":[{"@type":"WebPage","@id":"https:\/\/blogit.gradia.fi\/mkpt2203-keskinen\/kultsinoutaja\/","url":"https:\/\/blogit.gradia.fi\/mkpt2203-keskinen\/kultsinoutaja\/","name":"- MKTP2203 - Nova Keskinen","isPartOf":{"@id":"https:\/\/blogit.gradia.fi\/mkpt2203-keskinen\/#website"},"primaryImageOfPage":{"@id":"https:\/\/blogit.gradia.fi\/mkpt2203-keskinen\/kultsinoutaja\/#primaryimage"},"image":{"@id":"https:\/\/blogit.gradia.fi\/mkpt2203-keskinen\/kultsinoutaja\/#primaryimage"},"thumbnailUrl":"https:\/\/blogit.gradia.fi\/mkpt2203-keskinen\/wp-content\/uploads\/sites\/402\/2023\/05\/naytto-kn-logo.png","datePublished":"2023-05-24T09:12:54+00:00","dateModified":"2023-05-24T16:22:07+00:00","inLanguage":"fi","potentialAction":[{"@type":"ReadAction","target":["https:\/\/blogit.gradia.fi\/mkpt2203-keskinen\/kultsinoutaja\/"]}]},{"@type":"ImageObject","inLanguage":"fi","@id":"https:\/\/blogit.gradia.fi\/mkpt2203-keskinen\/kultsinoutaja\/#primaryimage","url":"https:\/\/blogit.gradia.fi\/mkpt2203-keskinen\/wp-content\/uploads\/sites\/402\/2023\/05\/naytto-kn-logo.png","contentUrl":"https:\/\/blogit.gradia.fi\/mkpt2203-keskinen\/wp-content\/uploads\/sites\/402\/2023\/05\/naytto-kn-logo.png","width":426,"height":368},{"@type":"WebSite","@id":"https:\/\/blogit.gradia.fi\/mkpt2203-keskinen\/#website","url":"https:\/\/blogit.gradia.fi\/mkpt2203-keskinen\/","name":"MKTP2203 - Nova Keskinen","description":"","potentialAction":[{"@type":"SearchAction","target":{"@type":"EntryPoint","urlTemplate":"https:\/\/blogit.gradia.fi\/mkpt2203-keskinen\/?s={search_term_string}"},"query-input":{"@type":"PropertyValueSpecification","valueRequired":true,"valueName":"search_term_string"}}],"inLanguage":"fi"}]}},"uagb_featured_image_src":{"full":false,"thumbnail":false,"medium":false,"medium_large":false,"large":false,"1536x1536":false,"2048x2048":false},"uagb_author_info":{"display_name":"Nova Keskinen","author_link":"https:\/\/blogit.gradia.fi\/mkpt2203-keskinen\/author\/gr276289\/"},"uagb_comment_info":0,"uagb_excerpt":"Kennelimme on kultaistennoutajien erikoiskennel. Palvelemme koiranomistajia Jyv\u00e4skyl\u00e4n seudulla ja pentujamme kasvaa t\u00e4ll\u00e4 hetkell\u00e4 ymp\u00e4ri Suomen Rovaniemelt\u00e4 Helsinkiin. Kennel perustettiin vuonna 2003 ja on kasvanut nopeasti kolmen koiran kenneliksi. Kennelin v\u00e4keen kuuluu 2 innokasta kasvattajaa ja kolme kaunista narttua. Valikoimastamme on t\u00e4ll\u00e4 hetkell\u00e4 tullut kolme kaunista pentuetta. Pentujamme kuvaillaan reippaiksi, hyv\u00e4 luonteisiksi ja iloisiksi. Meid\u00e4n teht\u00e4v\u00e4n\u00e4mme&hellip;","_links":{"self":[{"href":"https:\/\/blogit.gradia.fi\/mkpt2203-keskinen\/wp-json\/wp\/v2\/pages\/41","targetHints":{"allow":["GET"]}}],"collection":[{"href":"https:\/\/blogit.gradia.fi\/mkpt2203-keskinen\/wp-json\/wp\/v2\/pages"}],"about":[{"href":"https:\/\/blogit.gradia.fi\/mkpt2203-keskinen\/wp-json\/wp\/v2\/types\/page"}],"author":[{"embeddable":true,"href":"https:\/\/blogit.gradia.fi\/mkpt2203-keskinen\/wp-json\/wp\/v2\/users\/939"}],"replies":[{"embeddable":true,"href":"https:\/\/blogit.gradia.fi\/mkpt2203-keskinen\/wp-json\/wp\/v2\/comments?post=41"}],"version-history":[{"count":10,"href":"https:\/\/blogit.gradia.fi\/mkpt2203-keskinen\/wp-json\/wp\/v2\/pages\/41\/revisions"}],"predecessor-version":[{"id":135,"href":"https:\/\/blogit.gradia.fi\/mkpt2203-keskinen\/wp-json\/wp\/v2\/pages\/41\/revisions\/135"}],"wp:attachment":[{"href":"https:\/\/blogit.gradia.fi\/mkpt2203-keskinen\/wp-json\/wp\/v2\/media?parent=41"}],"curies":[{"name":"wp","href":"https:\/\/api.w.org\/{rel}","templated":true}]}}