{"id":73,"date":"2023-02-02T08:51:33","date_gmt":"2023-02-02T06:51:33","guid":{"rendered":"https:\/\/blogit.gradia.fi\/mkpt2203-holopainen\/?page_id=73"},"modified":"2023-03-09T10:50:52","modified_gmt":"2023-03-09T08:50:52","slug":"koiran-hankinta","status":"publish","type":"page","link":"https:\/\/blogit.gradia.fi\/mkpt2203-holopainen\/koiran-hankinta\/","title":{"rendered":"Koiran hankinta"},"content":{"rendered":"\n<div class=\"wp-block-uagb-container uagb-block-b9b58d1e alignfull uagb-is-root-container\"><div class=\"uagb-container-inner-blocks-wrap\">\n<div class=\"wp-block-uagb-container uagb-block-28450d79\"><\/div>\n\n\n\n<div class=\"wp-block-uagb-container uagb-block-17bbabbb\">\n<div class=\"wp-block-uagb-advanced-heading uagb-block-ace24cc2\"><h1 class=\"uagb-heading-text\">Kultsi &amp; Noutaja<\/h1><\/div>\n\n\n\n<div class=\"wp-block-uagb-advanced-heading uagb-block-95788045\"><h2 class=\"uagb-heading-text\">Koiran hankinta<br><\/h2><\/div>\n<\/div>\n<\/div><\/div>\n\n\n\n<div style=\"height:100px\" aria-hidden=\"true\" class=\"wp-block-spacer\"><\/div>\n\n\n\n<div class=\"wp-block-uagb-container uagb-block-c45389a1 alignfull uagb-is-root-container\"><div class=\"uagb-container-inner-blocks-wrap\">\n<div class=\"wp-block-uagb-container uagb-block-1cdfbcd3\">\n<div class=\"wp-block-uagb-info-box uagb-block-ceae0dcd uagb-infobox__content-wrap  uagb-infobox-icon-above-title uagb-infobox-image-valign-top\"><div class=\"uagb-ifb-content\"><div class=\"uagb-ifb-title-wrap\"><h3 class=\"uagb-ifb-title\">Ennen kun otat koiran:<\/h3><\/div><p class=\"uagb-ifb-desc\">\u00b7 Onko sinulla tarpeeksi aikaa koiralle?<br>\u00b7 Oletko valmis sitoutumaan koiraan sen elini\u00e4ksi, <br>10\u201315 vuodeksi?<br>\u00b7 Onko perheess\u00e4si tai l\u00e4hipiiriss\u00e4si allergiaa?<br>\u00b7 Kest\u00e4\u00e4k\u00f6 taloutesi koirasta aiheutuvat kustannukset?<br>\u00b7 Saako asunnossasi pit\u00e4\u00e4 koiraa?<br>\u00b7 Oletko valmis ulkoilemaan koiran kanssa <br>useita kertoja p\u00e4iv\u00e4ss\u00e4?<\/p><\/div><\/div>\n<\/div>\n\n\n\n<div class=\"wp-block-uagb-container uagb-block-4011b9fb\">\n<div class=\"wp-block-uagb-info-box uagb-block-e3688863 uagb-infobox__content-wrap  uagb-infobox-icon-above-title uagb-infobox-image-valign-top\"><div class=\"uagb-ifb-content\"><div class=\"uagb-ifb-title-wrap\"><h3 class=\"uagb-ifb-title\">Harkitse<\/h3><\/div><p class=\"uagb-ifb-desc\">Koiran hankkiminen vaatii huolellista harkintaa <br>ja asiaan perehtymist\u00e4. <br>Koiraa ei voi ottaa hetken mielijohteesta. Kun pohjaty\u00f6n tekee huolella, koirasta saa uskollisen yst\u00e4v\u00e4n <br>pitk\u00e4ksi aikaa ja se tuo iloa omistajalleen vuosiksi.<\/p><\/div><\/div>\n<\/div>\n<\/div><\/div>\n\n\n\n<div style=\"height:100px\" aria-hidden=\"true\" class=\"wp-block-spacer\"><\/div>\n\n\n\n<div class=\"wp-block-uagb-container uagb-block-a13cb04a alignfull uagb-is-root-container\"><div class=\"uagb-container-inner-blocks-wrap\">\n<div class=\"wp-block-uagb-container uagb-block-4d0ade5b\">\n<div class=\"wp-block-uagb-info-box uagb-block-c9f98790 uagb-infobox__content-wrap  uagb-infobox-icon-above-title uagb-infobox-image-valign-top\"><div class=\"uagb-ifb-content\"><div class=\"uagb-ifb-title-wrap\"><h3 class=\"uagb-ifb-title\">Valitse rotu huolella<\/h3><\/div><p class=\"uagb-ifb-desc\">Koiraa valitessasi sinun on hyv\u00e4 ottaa selv\u00e4\u00e4 esimerkiksi eri rotujen <br>luonteista, liikunnantarpeista, luontaisista vaistoista, turkinhoidosta ja koulutettavuudesta. My\u00f6s kiinnostus johonkin tiettyyn koiraharrastuslajiin on hyv\u00e4 huomioida rotuvaihtoehtoja punnitessa.<br><br>Kiinnit\u00e4 huomiota my\u00f6s rodun kokoon, energisyyteen, alkuper\u00e4\u00e4n ja k\u00e4ytt\u00f6tarkoitukseen. K\u00e4ytt\u00f6tarkoitus voi edelleen vaikuttaa koiran <br>luonteeseen ja k\u00e4yt\u00f6kseen.<br><br>Tutustu huolella eri rotujen terveystilanteisiin. Useilla roduilla on jalostuksentavoiteohjelmia, JTO, joissa on kerrottu kattavasti muun muassa rodun terveystilanteesta ja perinn\u00f6llisist\u00e4 sairauksista, luonneominaisuuksista ja mahdollisista luonneongelmista <br>sek\u00e4 rotujen historiasta.<\/p><\/div><\/div>\n<\/div>\n\n\n\n<div class=\"wp-block-uagb-container uagb-block-14977d1a\">\n<div class=\"wp-block-uagb-image uagb-block-af070c94 wp-block-uagb-image--layout-default wp-block-uagb-image--effect-static wp-block-uagb-image--align-none\"><figure class=\"wp-block-uagb-image__figure\"><img decoding=\"async\" src=\"https:\/\/blogit.gradia.fi\/mkpt2203-holopainen\/wp-content\/uploads\/sites\/398\/2023\/03\/dogs-733957_1920-1024x683.jpg\" alt=\"\" class=\"uag-image-408\" width=\"568\" height=\"379\" title=\"\" loading=\"lazy\" \/><\/figure><\/div>\n<\/div>\n<\/div><\/div>\n\n\n\n<div style=\"height:100px\" aria-hidden=\"true\" class=\"wp-block-spacer\"><\/div>\n\n\n\n<div class=\"wp-block-uagb-container uagb-block-1fdf1327 alignfull uagb-is-root-container\"><div class=\"uagb-container-inner-blocks-wrap\">\n<div class=\"wp-block-uagb-container uagb-block-f91ddcac\"><\/div>\n\n\n\n<div class=\"wp-block-uagb-container uagb-block-1a9d4cd2\">\n<div class=\"wp-block-uagb-info-box uagb-block-63cd7f95 uagb-infobox__content-wrap  uagb-infobox-icon-above-title uagb-infobox-image-valign-top\"><div class=\"uagb-ifb-content\"><div class=\"uagb-ifb-title-wrap\"><h3 class=\"uagb-ifb-title\">Kaupasta kauppasopimus<\/h3><\/div><p class=\"uagb-ifb-desc\">Koiran kaupasta tulee aina tehd\u00e4 virallinen kirjallinen kauppasopimus. Kauppahintaan kuuluu rekisteritodistus, jos koira on Kennelliiton rekister\u00f6im\u00e4. Ilman rekisteritodistusta ei voi olla varma pennun tai sen vanhempien alkuper\u00e4st\u00e4. <br>Rekister\u00f6im\u00e4t\u00f6nt\u00e4 pentua ei saa myyd\u00e4 mink\u00e4\u00e4n rotunimikkeen alla.<\/p><\/div><\/div>\n<\/div>\n<\/div><\/div>\n","protected":false},"excerpt":{"rendered":"<p>Kultsi &amp; Noutaja Koiran hankinta<\/p>\n","protected":false},"author":935,"featured_media":0,"parent":0,"menu_order":0,"comment_status":"closed","ping_status":"closed","template":"","meta":{"_uag_custom_page_level_css":"","site-sidebar-layout":"default","site-content-layout":"","ast-site-content-layout":"default","site-content-style":"default","site-sidebar-style":"default","ast-global-header-display":"","ast-banner-title-visibility":"","ast-main-header-display":"","ast-hfb-above-header-display":"","ast-hfb-below-header-display":"","ast-hfb-mobile-header-display":"","site-post-title":"disabled","ast-breadcrumbs-content":"","ast-featured-img":"","footer-sml-layout":"","ast-disable-related-posts":"","theme-transparent-header-meta":"","adv-header-id-meta":"","stick-header-meta":"","header-above-stick-meta":"","header-main-stick-meta":"","header-below-stick-meta":"","astra-migrate-meta-layouts":"default","ast-page-background-enabled":"default","ast-page-background-meta":{"desktop":{"background-color":"var(--ast-global-color-4)","background-image":"","background-repeat":"repeat","background-position":"center center","background-size":"auto","background-attachment":"scroll","background-type":"","background-media":"","overlay-type":"","overlay-color":"","overlay-opacity":"","overlay-gradient":""},"tablet":{"background-color":"","background-image":"","background-repeat":"repeat","background-position":"center center","background-size":"auto","background-attachment":"scroll","background-type":"","background-media":"","overlay-type":"","overlay-color":"","overlay-opacity":"","overlay-gradient":""},"mobile":{"background-color":"","background-image":"","background-repeat":"repeat","background-position":"center center","background-size":"auto","background-attachment":"scroll","background-type":"","background-media":"","overlay-type":"","overlay-color":"","overlay-opacity":"","overlay-gradient":""}},"ast-content-background-meta":{"desktop":{"background-color":"var(--ast-global-color-5)","background-image":"","background-repeat":"repeat","background-position":"center center","background-size":"auto","background-attachment":"scroll","background-type":"","background-media":"","overlay-type":"","overlay-color":"","overlay-opacity":"","overlay-gradient":""},"tablet":{"background-color":"var(--ast-global-color-5)","background-image":"","background-repeat":"repeat","background-position":"center center","background-size":"auto","background-attachment":"scroll","background-type":"","background-media":"","overlay-type":"","overlay-color":"","overlay-opacity":"","overlay-gradient":""},"mobile":{"background-color":"var(--ast-global-color-5)","background-image":"","background-repeat":"repeat","background-position":"center center","background-size":"auto","background-attachment":"scroll","background-type":"","background-media":"","overlay-type":"","overlay-color":"","overlay-opacity":"","overlay-gradient":""}},"footnotes":""},"class_list":["post-73","page","type-page","status-publish","hentry"],"yoast_head":"<!-- This site is optimized with the Yoast SEO plugin v27.2 - https:\/\/yoast.com\/product\/yoast-seo-wordpress\/ -->\n<title>Koiran hankinta - Kultsi &amp; Noutaja<\/title>\n<meta name=\"robots\" content=\"index, follow, max-snippet:-1, max-image-preview:large, max-video-preview:-1\" \/>\n<link rel=\"canonical\" href=\"https:\/\/blogit.gradia.fi\/mkpt2203-holopainen\/koiran-hankinta\/\" \/>\n<meta property=\"og:locale\" content=\"fi_FI\" \/>\n<meta property=\"og:type\" content=\"article\" \/>\n<meta property=\"og:title\" content=\"Koiran hankinta - Kultsi &amp; Noutaja\" \/>\n<meta property=\"og:description\" content=\"Kultsi &amp; Noutaja Koiran hankinta\" \/>\n<meta property=\"og:url\" content=\"https:\/\/blogit.gradia.fi\/mkpt2203-holopainen\/koiran-hankinta\/\" \/>\n<meta property=\"og:site_name\" content=\"Kultsi &amp; Noutaja\" \/>\n<meta property=\"article:modified_time\" content=\"2023-03-09T08:50:52+00:00\" \/>\n<meta property=\"og:image\" content=\"https:\/\/blogit.gradia.fi\/mkpt2203-holopainen\/wp-content\/uploads\/sites\/398\/2023\/03\/dogs-733957_1920-1024x683.jpg\" \/>\n<meta name=\"twitter:card\" content=\"summary_large_image\" \/>\n<meta name=\"twitter:label1\" content=\"Arvioitu lukuaika\" \/>\n\t<meta name=\"twitter:data1\" content=\"2 minuuttia\" \/>\n<script type=\"application\/ld+json\" class=\"yoast-schema-graph\">{\"@context\":\"https:\/\/schema.org\",\"@graph\":[{\"@type\":\"WebPage\",\"@id\":\"https:\/\/blogit.gradia.fi\/mkpt2203-holopainen\/koiran-hankinta\/\",\"url\":\"https:\/\/blogit.gradia.fi\/mkpt2203-holopainen\/koiran-hankinta\/\",\"name\":\"Koiran hankinta - Kultsi &amp; Noutaja\",\"isPartOf\":{\"@id\":\"https:\/\/blogit.gradia.fi\/mkpt2203-holopainen\/#website\"},\"primaryImageOfPage\":{\"@id\":\"https:\/\/blogit.gradia.fi\/mkpt2203-holopainen\/koiran-hankinta\/#primaryimage\"},\"image\":{\"@id\":\"https:\/\/blogit.gradia.fi\/mkpt2203-holopainen\/koiran-hankinta\/#primaryimage\"},\"thumbnailUrl\":\"https:\/\/blogit.gradia.fi\/mkpt2203-holopainen\/wp-content\/uploads\/sites\/398\/2023\/03\/dogs-733957_1920-1024x683.jpg\",\"datePublished\":\"2023-02-02T06:51:33+00:00\",\"dateModified\":\"2023-03-09T08:50:52+00:00\",\"breadcrumb\":{\"@id\":\"https:\/\/blogit.gradia.fi\/mkpt2203-holopainen\/koiran-hankinta\/#breadcrumb\"},\"inLanguage\":\"fi\",\"potentialAction\":[{\"@type\":\"ReadAction\",\"target\":[\"https:\/\/blogit.gradia.fi\/mkpt2203-holopainen\/koiran-hankinta\/\"]}]},{\"@type\":\"ImageObject\",\"inLanguage\":\"fi\",\"@id\":\"https:\/\/blogit.gradia.fi\/mkpt2203-holopainen\/koiran-hankinta\/#primaryimage\",\"url\":\"https:\/\/blogit.gradia.fi\/mkpt2203-holopainen\/wp-content\/uploads\/sites\/398\/2023\/03\/dogs-733957_1920.jpg\",\"contentUrl\":\"https:\/\/blogit.gradia.fi\/mkpt2203-holopainen\/wp-content\/uploads\/sites\/398\/2023\/03\/dogs-733957_1920.jpg\",\"width\":1920,\"height\":1280},{\"@type\":\"BreadcrumbList\",\"@id\":\"https:\/\/blogit.gradia.fi\/mkpt2203-holopainen\/koiran-hankinta\/#breadcrumb\",\"itemListElement\":[{\"@type\":\"ListItem\",\"position\":1,\"name\":\"Etusivu\",\"item\":\"https:\/\/blogit.gradia.fi\/mkpt2203-holopainen\/\"},{\"@type\":\"ListItem\",\"position\":2,\"name\":\"Koiran hankinta\"}]},{\"@type\":\"WebSite\",\"@id\":\"https:\/\/blogit.gradia.fi\/mkpt2203-holopainen\/#website\",\"url\":\"https:\/\/blogit.gradia.fi\/mkpt2203-holopainen\/\",\"name\":\"Kultsi &amp; Noutaja\",\"description\":\"Kultaistennoutajien erikoiskennel\",\"publisher\":{\"@id\":\"https:\/\/blogit.gradia.fi\/mkpt2203-holopainen\/#organization\"},\"potentialAction\":[{\"@type\":\"SearchAction\",\"target\":{\"@type\":\"EntryPoint\",\"urlTemplate\":\"https:\/\/blogit.gradia.fi\/mkpt2203-holopainen\/?s={search_term_string}\"},\"query-input\":{\"@type\":\"PropertyValueSpecification\",\"valueRequired\":true,\"valueName\":\"search_term_string\"}}],\"inLanguage\":\"fi\"},{\"@type\":\"Organization\",\"@id\":\"https:\/\/blogit.gradia.fi\/mkpt2203-holopainen\/#organization\",\"name\":\"Kultsi &amp; Noutaja\",\"url\":\"https:\/\/blogit.gradia.fi\/mkpt2203-holopainen\/\",\"logo\":{\"@type\":\"ImageObject\",\"inLanguage\":\"fi\",\"@id\":\"https:\/\/blogit.gradia.fi\/mkpt2203-holopainen\/#\/schema\/logo\/image\/\",\"url\":\"https:\/\/blogit.gradia.fi\/mkpt2203-holopainen\/wp-content\/uploads\/sites\/398\/2023\/03\/cropped-Kultsi-Noutaja-Logo.png\",\"contentUrl\":\"https:\/\/blogit.gradia.fi\/mkpt2203-holopainen\/wp-content\/uploads\/sites\/398\/2023\/03\/cropped-Kultsi-Noutaja-Logo.png\",\"width\":474,\"height\":240,\"caption\":\"Kultsi &amp; Noutaja\"},\"image\":{\"@id\":\"https:\/\/blogit.gradia.fi\/mkpt2203-holopainen\/#\/schema\/logo\/image\/\"}}]}<\/script>\n<!-- \/ Yoast SEO plugin. -->","yoast_head_json":{"title":"Koiran hankinta - Kultsi &amp; Noutaja","robots":{"index":"index","follow":"follow","max-snippet":"max-snippet:-1","max-image-preview":"max-image-preview:large","max-video-preview":"max-video-preview:-1"},"canonical":"https:\/\/blogit.gradia.fi\/mkpt2203-holopainen\/koiran-hankinta\/","og_locale":"fi_FI","og_type":"article","og_title":"Koiran hankinta - Kultsi &amp; Noutaja","og_description":"Kultsi &amp; Noutaja Koiran hankinta","og_url":"https:\/\/blogit.gradia.fi\/mkpt2203-holopainen\/koiran-hankinta\/","og_site_name":"Kultsi &amp; Noutaja","article_modified_time":"2023-03-09T08:50:52+00:00","og_image":[{"url":"https:\/\/blogit.gradia.fi\/mkpt2203-holopainen\/wp-content\/uploads\/sites\/398\/2023\/03\/dogs-733957_1920-1024x683.jpg","type":"","width":"","height":""}],"twitter_card":"summary_large_image","twitter_misc":{"Arvioitu lukuaika":"2 minuuttia"},"schema":{"@context":"https:\/\/schema.org","@graph":[{"@type":"WebPage","@id":"https:\/\/blogit.gradia.fi\/mkpt2203-holopainen\/koiran-hankinta\/","url":"https:\/\/blogit.gradia.fi\/mkpt2203-holopainen\/koiran-hankinta\/","name":"Koiran hankinta - Kultsi &amp; Noutaja","isPartOf":{"@id":"https:\/\/blogit.gradia.fi\/mkpt2203-holopainen\/#website"},"primaryImageOfPage":{"@id":"https:\/\/blogit.gradia.fi\/mkpt2203-holopainen\/koiran-hankinta\/#primaryimage"},"image":{"@id":"https:\/\/blogit.gradia.fi\/mkpt2203-holopainen\/koiran-hankinta\/#primaryimage"},"thumbnailUrl":"https:\/\/blogit.gradia.fi\/mkpt2203-holopainen\/wp-content\/uploads\/sites\/398\/2023\/03\/dogs-733957_1920-1024x683.jpg","datePublished":"2023-02-02T06:51:33+00:00","dateModified":"2023-03-09T08:50:52+00:00","breadcrumb":{"@id":"https:\/\/blogit.gradia.fi\/mkpt2203-holopainen\/koiran-hankinta\/#breadcrumb"},"inLanguage":"fi","potentialAction":[{"@type":"ReadAction","target":["https:\/\/blogit.gradia.fi\/mkpt2203-holopainen\/koiran-hankinta\/"]}]},{"@type":"ImageObject","inLanguage":"fi","@id":"https:\/\/blogit.gradia.fi\/mkpt2203-holopainen\/koiran-hankinta\/#primaryimage","url":"https:\/\/blogit.gradia.fi\/mkpt2203-holopainen\/wp-content\/uploads\/sites\/398\/2023\/03\/dogs-733957_1920.jpg","contentUrl":"https:\/\/blogit.gradia.fi\/mkpt2203-holopainen\/wp-content\/uploads\/sites\/398\/2023\/03\/dogs-733957_1920.jpg","width":1920,"height":1280},{"@type":"BreadcrumbList","@id":"https:\/\/blogit.gradia.fi\/mkpt2203-holopainen\/koiran-hankinta\/#breadcrumb","itemListElement":[{"@type":"ListItem","position":1,"name":"Etusivu","item":"https:\/\/blogit.gradia.fi\/mkpt2203-holopainen\/"},{"@type":"ListItem","position":2,"name":"Koiran hankinta"}]},{"@type":"WebSite","@id":"https:\/\/blogit.gradia.fi\/mkpt2203-holopainen\/#website","url":"https:\/\/blogit.gradia.fi\/mkpt2203-holopainen\/","name":"Kultsi &amp; Noutaja","description":"Kultaistennoutajien erikoiskennel","publisher":{"@id":"https:\/\/blogit.gradia.fi\/mkpt2203-holopainen\/#organization"},"potentialAction":[{"@type":"SearchAction","target":{"@type":"EntryPoint","urlTemplate":"https:\/\/blogit.gradia.fi\/mkpt2203-holopainen\/?s={search_term_string}"},"query-input":{"@type":"PropertyValueSpecification","valueRequired":true,"valueName":"search_term_string"}}],"inLanguage":"fi"},{"@type":"Organization","@id":"https:\/\/blogit.gradia.fi\/mkpt2203-holopainen\/#organization","name":"Kultsi &amp; Noutaja","url":"https:\/\/blogit.gradia.fi\/mkpt2203-holopainen\/","logo":{"@type":"ImageObject","inLanguage":"fi","@id":"https:\/\/blogit.gradia.fi\/mkpt2203-holopainen\/#\/schema\/logo\/image\/","url":"https:\/\/blogit.gradia.fi\/mkpt2203-holopainen\/wp-content\/uploads\/sites\/398\/2023\/03\/cropped-Kultsi-Noutaja-Logo.png","contentUrl":"https:\/\/blogit.gradia.fi\/mkpt2203-holopainen\/wp-content\/uploads\/sites\/398\/2023\/03\/cropped-Kultsi-Noutaja-Logo.png","width":474,"height":240,"caption":"Kultsi &amp; Noutaja"},"image":{"@id":"https:\/\/blogit.gradia.fi\/mkpt2203-holopainen\/#\/schema\/logo\/image\/"}}]}},"uagb_featured_image_src":{"full":false,"thumbnail":false,"medium":false,"medium_large":false,"large":false,"1536x1536":false,"2048x2048":false},"uagb_author_info":{"display_name":"Oona Holopainen","author_link":"https:\/\/blogit.gradia.fi\/mkpt2203-holopainen\/author\/gr276278\/"},"uagb_comment_info":0,"uagb_excerpt":"Kultsi &amp; Noutaja Koiran hankinta","_links":{"self":[{"href":"https:\/\/blogit.gradia.fi\/mkpt2203-holopainen\/wp-json\/wp\/v2\/pages\/73","targetHints":{"allow":["GET"]}}],"collection":[{"href":"https:\/\/blogit.gradia.fi\/mkpt2203-holopainen\/wp-json\/wp\/v2\/pages"}],"about":[{"href":"https:\/\/blogit.gradia.fi\/mkpt2203-holopainen\/wp-json\/wp\/v2\/types\/page"}],"author":[{"embeddable":true,"href":"https:\/\/blogit.gradia.fi\/mkpt2203-holopainen\/wp-json\/wp\/v2\/users\/935"}],"replies":[{"embeddable":true,"href":"https:\/\/blogit.gradia.fi\/mkpt2203-holopainen\/wp-json\/wp\/v2\/comments?post=73"}],"version-history":[{"count":18,"href":"https:\/\/blogit.gradia.fi\/mkpt2203-holopainen\/wp-json\/wp\/v2\/pages\/73\/revisions"}],"predecessor-version":[{"id":465,"href":"https:\/\/blogit.gradia.fi\/mkpt2203-holopainen\/wp-json\/wp\/v2\/pages\/73\/revisions\/465"}],"wp:attachment":[{"href":"https:\/\/blogit.gradia.fi\/mkpt2203-holopainen\/wp-json\/wp\/v2\/media?parent=73"}],"curies":[{"name":"wp","href":"https:\/\/api.w.org\/{rel}","templated":true}]}}