{"id":71,"date":"2023-02-02T08:51:01","date_gmt":"2023-02-02T06:51:01","guid":{"rendered":"https:\/\/blogit.gradia.fi\/mkpt2203-holopainen\/?page_id=71"},"modified":"2023-03-08T10:38:21","modified_gmt":"2023-03-08T08:38:21","slug":"kultainennoutaja","status":"publish","type":"page","link":"https:\/\/blogit.gradia.fi\/mkpt2203-holopainen\/kultainennoutaja\/","title":{"rendered":"Kultainennoutaja"},"content":{"rendered":"\n<div class=\"wp-block-uagb-container uagb-block-25f62616 alignfull uagb-is-root-container\"><div class=\"uagb-container-inner-blocks-wrap\">\n<div class=\"wp-block-uagb-container uagb-block-f3b6b518\"><\/div>\n\n\n\n<div class=\"wp-block-uagb-container uagb-block-020f7a32\">\n<div class=\"wp-block-uagb-advanced-heading uagb-block-3f14c06d\"><h1 class=\"uagb-heading-text\">Kultsi &amp; Noutaja<\/h1><\/div>\n\n\n\n<div class=\"wp-block-uagb-advanced-heading uagb-block-72f43984\"><h2 class=\"uagb-heading-text\">Kultaisetnoutajat<br><\/h2><\/div>\n<\/div>\n<\/div><\/div>\n\n\n\n<div style=\"height:100px\" aria-hidden=\"true\" class=\"wp-block-spacer\"><\/div>\n\n\n\n<div class=\"wp-block-uagb-container uagb-block-b755e33d alignfull uagb-is-root-container\"><div class=\"uagb-container-inner-blocks-wrap\">\n<div class=\"wp-block-uagb-container uagb-block-a20607d7\">\n<div class=\"wp-block-uagb-info-box uagb-block-a4df824b uagb-infobox__content-wrap  uagb-infobox-icon-above-title uagb-infobox-image-valign-top\"><div class=\"uagb-ifb-content\"><div class=\"uagb-ifb-title-wrap\"><h3 class=\"uagb-ifb-title\">Ulkon\u00e4k\u00f6<\/h3><\/div><p class=\"uagb-ifb-desc\">Kultainennoutaja on keskikokoinen koira, jonka s\u00e4k\u00e4korkeus <br>uroksilla 56\u201361 cm ja nartuilla 51\u201356 cm. <br>Se on sopusuhtainen, tasapainoinen, voimakas ja varmaliikkeinen koira. <br><br>Karvapeite on sile\u00e4 tai laineikas ja runsashapsuinen, v\u00e4rein\u00e4 <br>mik\u00e4 tahansa kullan- tai kermanv\u00e4rinen vivahde <br>(ei kuitenkaan punainen eik\u00e4 mahonginv\u00e4rinen). <\/p><\/div><\/div>\n<\/div>\n\n\n\n<div class=\"wp-block-uagb-container uagb-block-1d87a3d5\">\n<div class=\"wp-block-uagb-image aligncenter uagb-block-f4efecd6 wp-block-uagb-image--layout-default wp-block-uagb-image--effect-static wp-block-uagb-image--align-center\"><figure class=\"wp-block-uagb-image__figure\"><img decoding=\"async\" src=\"https:\/\/blogit.gradia.fi\/mkpt2203-holopainen\/wp-content\/uploads\/sites\/398\/2023\/03\/dog-golden-retriever-2659096_1920-1024x683.jpg\" alt=\"\" class=\"uag-image-361\" width=\"456\" height=\"305\" title=\"\" loading=\"lazy\" \/><\/figure><\/div>\n<\/div>\n<\/div><\/div>\n\n\n\n<div style=\"height:100px\" aria-hidden=\"true\" class=\"wp-block-spacer\"><\/div>\n\n\n\n<div class=\"wp-block-uagb-container uagb-block-341ebccf alignfull uagb-is-root-container\"><div class=\"uagb-container-inner-blocks-wrap\">\n<div class=\"wp-block-uagb-container uagb-block-0abdc178\">\n<div class=\"wp-block-uagb-image uagb-block-944a7232 wp-block-uagb-image--layout-default wp-block-uagb-image--effect-static wp-block-uagb-image--align-none\"><figure class=\"wp-block-uagb-image__figure\"><img decoding=\"async\" src=\"https:\/\/blogit.gradia.fi\/mkpt2203-holopainen\/wp-content\/uploads\/sites\/398\/2023\/03\/dogs-3122349_1920-1024x682.jpg\" alt=\"\" class=\"uag-image-388\" width=\"568\" height=\"279\" title=\"\" loading=\"lazy\" \/><\/figure><\/div>\n<\/div>\n\n\n\n<div class=\"wp-block-uagb-container uagb-block-602b3364\">\n<div class=\"wp-block-uagb-info-box uagb-block-9ae0656a uagb-infobox__content-wrap  uagb-infobox-icon-above-title uagb-infobox-image-valign-top\"><div class=\"uagb-ifb-content\"><div class=\"uagb-ifb-title-wrap\"><h3 class=\"uagb-ifb-title\">Luonne<\/h3><\/div><p class=\"uagb-ifb-desc\">Kultainennoutaja on luonteeltaan hyvin iloinen, avoin ja yst\u00e4v\u00e4llinen, <br>varsinkin vanhusten ja lasten l\u00e4sn\u00e4 ollessa, mist\u00e4 <br>syyst\u00e4 se sopii t\u00e4ydellisesti my\u00f6s perhekoiraksi. <br>Kultainennoutaja on kovin ihmisrakas koirarotu. Rodussa esiintyy <br>my\u00f6s eneneviss\u00e4 m\u00e4\u00e4rin arkuutta. <br><br>Pentua hankkiessa tulisikin vanhempien luonteisiin ja pentueen kasvatusolosuhteisiin kiinnitt\u00e4\u00e4 huomiota. Mik\u00e4li pennut eiv\u00e4t luovutusi\u00e4ss\u00e4 ole kontaktinhakuisia ja pelk\u00e4\u00e4v\u00e4t uusia asioita ja vieraita <br>ihmisi\u00e4, kannattaa pennun ostamista viel\u00e4 mietti\u00e4. <br><br>Kultainennoutaja on useimmiten eritt\u00e4in sosiaalinen ja tulee hyvin toimeen toisten koirien kanssa. Se on hyvin oppivainen ja helposti koulutettavissa monenlaisiin harrastusmuotoihin.<\/p><\/div><\/div>\n<\/div>\n<\/div><\/div>\n\n\n\n<div style=\"height:100px\" aria-hidden=\"true\" class=\"wp-block-spacer\"><\/div>\n\n\n\n<div class=\"wp-block-uagb-container uagb-block-8bb6e517 alignfull uagb-is-root-container\"><div class=\"uagb-container-inner-blocks-wrap\">\n<div class=\"wp-block-uagb-container uagb-block-d10852e8\">\n<div class=\"wp-block-uagb-info-box uagb-block-abbc28db uagb-infobox__content-wrap  uagb-infobox-icon-above-title uagb-infobox-image-valign-top\"><div class=\"uagb-ifb-content\"><div class=\"uagb-ifb-title-wrap\"><h3 class=\"uagb-ifb-title\">Terveys<\/h3><\/div><p class=\"uagb-ifb-desc\">Koira.netin kuolinsyytilaston mukaan yleisin kuolinsyy 1988-2010 v\u00e4lill\u00e4 el\u00e4neist\u00e4 ja kuolleiksi ilmoitetuista koirista vanhuuden <br>(luonnollinen tai lopetus) j\u00e4lkeen ovat kasvainsairaudet. <br>Yhteens\u00e4 tuossa tilastossa oli 429 koiraa. <br>Keskim\u00e4\u00e4r\u00e4inen elinik\u00e4 n\u00e4ill\u00e4 koirilla oli 10 vuotta ja 3 kuukautta. Kultaisilla noutajilla esiintyy perinn\u00f6llisen\u00e4 lonkkavikaa ja epilepsiaa. Lis\u00e4ksi niill\u00e4 on taipumusta sairastua kilpirauhasen vajaatoimintaan. <br><br>L\u00e4hde: <a href=\"https:\/\/fi.wikipedia.org\/wiki\/Kultainennoutaja\" target=\"_blank\" rel=\"noreferrer noopener\">https:\/\/fi.wikipedia.org\/wiki\/Kultainennoutaja<\/a><\/p><\/div><\/div>\n<\/div>\n\n\n\n<div class=\"wp-block-uagb-container uagb-block-59c743bc\">\n<div class=\"wp-block-uagb-image uagb-block-34444e1d wp-block-uagb-image--layout-default wp-block-uagb-image--effect-static wp-block-uagb-image--align-none\"><figure class=\"wp-block-uagb-image__figure\"><img decoding=\"async\" src=\"https:\/\/blogit.gradia.fi\/mkpt2203-holopainen\/wp-content\/uploads\/sites\/398\/2023\/03\/wildlife-photography-1551699_1920-1024x678.jpg\" alt=\"\" class=\"uag-image-444\" title=\"\" loading=\"lazy\" \/><\/figure><\/div>\n<\/div>\n<\/div><\/div>\n","protected":false},"excerpt":{"rendered":"<p>Kultsi &amp; Noutaja Kultaisetnoutajat<\/p>\n","protected":false},"author":935,"featured_media":0,"parent":0,"menu_order":0,"comment_status":"closed","ping_status":"closed","template":"","meta":{"_uag_custom_page_level_css":"","site-sidebar-layout":"default","site-content-layout":"","ast-site-content-layout":"default","site-content-style":"default","site-sidebar-style":"default","ast-global-header-display":"","ast-banner-title-visibility":"","ast-main-header-display":"","ast-hfb-above-header-display":"","ast-hfb-below-header-display":"","ast-hfb-mobile-header-display":"","site-post-title":"disabled","ast-breadcrumbs-content":"","ast-featured-img":"","footer-sml-layout":"","ast-disable-related-posts":"","theme-transparent-header-meta":"","adv-header-id-meta":"","stick-header-meta":"","header-above-stick-meta":"","header-main-stick-meta":"","header-below-stick-meta":"","astra-migrate-meta-layouts":"default","ast-page-background-enabled":"default","ast-page-background-meta":{"desktop":{"background-color":"var(--ast-global-color-4)","background-image":"","background-repeat":"repeat","background-position":"center center","background-size":"auto","background-attachment":"scroll","background-type":"","background-media":"","overlay-type":"","overlay-color":"","overlay-opacity":"","overlay-gradient":""},"tablet":{"background-color":"","background-image":"","background-repeat":"repeat","background-position":"center center","background-size":"auto","background-attachment":"scroll","background-type":"","background-media":"","overlay-type":"","overlay-color":"","overlay-opacity":"","overlay-gradient":""},"mobile":{"background-color":"","background-image":"","background-repeat":"repeat","background-position":"center center","background-size":"auto","background-attachment":"scroll","background-type":"","background-media":"","overlay-type":"","overlay-color":"","overlay-opacity":"","overlay-gradient":""}},"ast-content-background-meta":{"desktop":{"background-color":"var(--ast-global-color-5)","background-image":"","background-repeat":"repeat","background-position":"center center","background-size":"auto","background-attachment":"scroll","background-type":"","background-media":"","overlay-type":"","overlay-color":"","overlay-opacity":"","overlay-gradient":""},"tablet":{"background-color":"var(--ast-global-color-5)","background-image":"","background-repeat":"repeat","background-position":"center center","background-size":"auto","background-attachment":"scroll","background-type":"","background-media":"","overlay-type":"","overlay-color":"","overlay-opacity":"","overlay-gradient":""},"mobile":{"background-color":"var(--ast-global-color-5)","background-image":"","background-repeat":"repeat","background-position":"center center","background-size":"auto","background-attachment":"scroll","background-type":"","background-media":"","overlay-type":"","overlay-color":"","overlay-opacity":"","overlay-gradient":""}},"footnotes":""},"class_list":["post-71","page","type-page","status-publish","hentry"],"yoast_head":"<!-- This site is optimized with the Yoast SEO plugin v27.2 - https:\/\/yoast.com\/product\/yoast-seo-wordpress\/ -->\n<title>Kultainennoutaja - Kultsi &amp; Noutaja<\/title>\n<meta name=\"robots\" content=\"index, follow, max-snippet:-1, max-image-preview:large, max-video-preview:-1\" \/>\n<link rel=\"canonical\" href=\"https:\/\/blogit.gradia.fi\/mkpt2203-holopainen\/kultainennoutaja\/\" \/>\n<meta property=\"og:locale\" content=\"fi_FI\" \/>\n<meta property=\"og:type\" content=\"article\" \/>\n<meta property=\"og:title\" content=\"Kultainennoutaja - Kultsi &amp; Noutaja\" \/>\n<meta property=\"og:description\" content=\"Kultsi &amp; Noutaja Kultaisetnoutajat\" \/>\n<meta property=\"og:url\" content=\"https:\/\/blogit.gradia.fi\/mkpt2203-holopainen\/kultainennoutaja\/\" \/>\n<meta property=\"og:site_name\" content=\"Kultsi &amp; Noutaja\" \/>\n<meta property=\"article:modified_time\" content=\"2023-03-08T08:38:21+00:00\" \/>\n<meta property=\"og:image\" content=\"https:\/\/blogit.gradia.fi\/mkpt2203-holopainen\/wp-content\/uploads\/sites\/398\/2023\/03\/dog-golden-retriever-2659096_1920-1024x683.jpg\" \/>\n<meta name=\"twitter:card\" content=\"summary_large_image\" \/>\n<meta name=\"twitter:label1\" content=\"Arvioitu lukuaika\" \/>\n\t<meta name=\"twitter:data1\" content=\"2 minuuttia\" \/>\n<script type=\"application\/ld+json\" class=\"yoast-schema-graph\">{\"@context\":\"https:\/\/schema.org\",\"@graph\":[{\"@type\":\"WebPage\",\"@id\":\"https:\/\/blogit.gradia.fi\/mkpt2203-holopainen\/kultainennoutaja\/\",\"url\":\"https:\/\/blogit.gradia.fi\/mkpt2203-holopainen\/kultainennoutaja\/\",\"name\":\"Kultainennoutaja - Kultsi &amp; Noutaja\",\"isPartOf\":{\"@id\":\"https:\/\/blogit.gradia.fi\/mkpt2203-holopainen\/#website\"},\"primaryImageOfPage\":{\"@id\":\"https:\/\/blogit.gradia.fi\/mkpt2203-holopainen\/kultainennoutaja\/#primaryimage\"},\"image\":{\"@id\":\"https:\/\/blogit.gradia.fi\/mkpt2203-holopainen\/kultainennoutaja\/#primaryimage\"},\"thumbnailUrl\":\"https:\/\/blogit.gradia.fi\/mkpt2203-holopainen\/wp-content\/uploads\/sites\/398\/2023\/03\/dog-golden-retriever-2659096_1920-1024x683.jpg\",\"datePublished\":\"2023-02-02T06:51:01+00:00\",\"dateModified\":\"2023-03-08T08:38:21+00:00\",\"breadcrumb\":{\"@id\":\"https:\/\/blogit.gradia.fi\/mkpt2203-holopainen\/kultainennoutaja\/#breadcrumb\"},\"inLanguage\":\"fi\",\"potentialAction\":[{\"@type\":\"ReadAction\",\"target\":[\"https:\/\/blogit.gradia.fi\/mkpt2203-holopainen\/kultainennoutaja\/\"]}]},{\"@type\":\"ImageObject\",\"inLanguage\":\"fi\",\"@id\":\"https:\/\/blogit.gradia.fi\/mkpt2203-holopainen\/kultainennoutaja\/#primaryimage\",\"url\":\"https:\/\/blogit.gradia.fi\/mkpt2203-holopainen\/wp-content\/uploads\/sites\/398\/2023\/03\/dog-golden-retriever-2659096_1920.jpg\",\"contentUrl\":\"https:\/\/blogit.gradia.fi\/mkpt2203-holopainen\/wp-content\/uploads\/sites\/398\/2023\/03\/dog-golden-retriever-2659096_1920.jpg\",\"width\":1920,\"height\":1280},{\"@type\":\"BreadcrumbList\",\"@id\":\"https:\/\/blogit.gradia.fi\/mkpt2203-holopainen\/kultainennoutaja\/#breadcrumb\",\"itemListElement\":[{\"@type\":\"ListItem\",\"position\":1,\"name\":\"Etusivu\",\"item\":\"https:\/\/blogit.gradia.fi\/mkpt2203-holopainen\/\"},{\"@type\":\"ListItem\",\"position\":2,\"name\":\"Kultainennoutaja\"}]},{\"@type\":\"WebSite\",\"@id\":\"https:\/\/blogit.gradia.fi\/mkpt2203-holopainen\/#website\",\"url\":\"https:\/\/blogit.gradia.fi\/mkpt2203-holopainen\/\",\"name\":\"Kultsi &amp; Noutaja\",\"description\":\"Kultaistennoutajien erikoiskennel\",\"publisher\":{\"@id\":\"https:\/\/blogit.gradia.fi\/mkpt2203-holopainen\/#organization\"},\"potentialAction\":[{\"@type\":\"SearchAction\",\"target\":{\"@type\":\"EntryPoint\",\"urlTemplate\":\"https:\/\/blogit.gradia.fi\/mkpt2203-holopainen\/?s={search_term_string}\"},\"query-input\":{\"@type\":\"PropertyValueSpecification\",\"valueRequired\":true,\"valueName\":\"search_term_string\"}}],\"inLanguage\":\"fi\"},{\"@type\":\"Organization\",\"@id\":\"https:\/\/blogit.gradia.fi\/mkpt2203-holopainen\/#organization\",\"name\":\"Kultsi &amp; Noutaja\",\"url\":\"https:\/\/blogit.gradia.fi\/mkpt2203-holopainen\/\",\"logo\":{\"@type\":\"ImageObject\",\"inLanguage\":\"fi\",\"@id\":\"https:\/\/blogit.gradia.fi\/mkpt2203-holopainen\/#\/schema\/logo\/image\/\",\"url\":\"https:\/\/blogit.gradia.fi\/mkpt2203-holopainen\/wp-content\/uploads\/sites\/398\/2023\/03\/cropped-Kultsi-Noutaja-Logo.png\",\"contentUrl\":\"https:\/\/blogit.gradia.fi\/mkpt2203-holopainen\/wp-content\/uploads\/sites\/398\/2023\/03\/cropped-Kultsi-Noutaja-Logo.png\",\"width\":474,\"height\":240,\"caption\":\"Kultsi &amp; Noutaja\"},\"image\":{\"@id\":\"https:\/\/blogit.gradia.fi\/mkpt2203-holopainen\/#\/schema\/logo\/image\/\"}}]}<\/script>\n<!-- \/ Yoast SEO plugin. -->","yoast_head_json":{"title":"Kultainennoutaja - Kultsi &amp; Noutaja","robots":{"index":"index","follow":"follow","max-snippet":"max-snippet:-1","max-image-preview":"max-image-preview:large","max-video-preview":"max-video-preview:-1"},"canonical":"https:\/\/blogit.gradia.fi\/mkpt2203-holopainen\/kultainennoutaja\/","og_locale":"fi_FI","og_type":"article","og_title":"Kultainennoutaja - Kultsi &amp; Noutaja","og_description":"Kultsi &amp; Noutaja Kultaisetnoutajat","og_url":"https:\/\/blogit.gradia.fi\/mkpt2203-holopainen\/kultainennoutaja\/","og_site_name":"Kultsi &amp; Noutaja","article_modified_time":"2023-03-08T08:38:21+00:00","og_image":[{"url":"https:\/\/blogit.gradia.fi\/mkpt2203-holopainen\/wp-content\/uploads\/sites\/398\/2023\/03\/dog-golden-retriever-2659096_1920-1024x683.jpg","type":"","width":"","height":""}],"twitter_card":"summary_large_image","twitter_misc":{"Arvioitu lukuaika":"2 minuuttia"},"schema":{"@context":"https:\/\/schema.org","@graph":[{"@type":"WebPage","@id":"https:\/\/blogit.gradia.fi\/mkpt2203-holopainen\/kultainennoutaja\/","url":"https:\/\/blogit.gradia.fi\/mkpt2203-holopainen\/kultainennoutaja\/","name":"Kultainennoutaja - Kultsi &amp; Noutaja","isPartOf":{"@id":"https:\/\/blogit.gradia.fi\/mkpt2203-holopainen\/#website"},"primaryImageOfPage":{"@id":"https:\/\/blogit.gradia.fi\/mkpt2203-holopainen\/kultainennoutaja\/#primaryimage"},"image":{"@id":"https:\/\/blogit.gradia.fi\/mkpt2203-holopainen\/kultainennoutaja\/#primaryimage"},"thumbnailUrl":"https:\/\/blogit.gradia.fi\/mkpt2203-holopainen\/wp-content\/uploads\/sites\/398\/2023\/03\/dog-golden-retriever-2659096_1920-1024x683.jpg","datePublished":"2023-02-02T06:51:01+00:00","dateModified":"2023-03-08T08:38:21+00:00","breadcrumb":{"@id":"https:\/\/blogit.gradia.fi\/mkpt2203-holopainen\/kultainennoutaja\/#breadcrumb"},"inLanguage":"fi","potentialAction":[{"@type":"ReadAction","target":["https:\/\/blogit.gradia.fi\/mkpt2203-holopainen\/kultainennoutaja\/"]}]},{"@type":"ImageObject","inLanguage":"fi","@id":"https:\/\/blogit.gradia.fi\/mkpt2203-holopainen\/kultainennoutaja\/#primaryimage","url":"https:\/\/blogit.gradia.fi\/mkpt2203-holopainen\/wp-content\/uploads\/sites\/398\/2023\/03\/dog-golden-retriever-2659096_1920.jpg","contentUrl":"https:\/\/blogit.gradia.fi\/mkpt2203-holopainen\/wp-content\/uploads\/sites\/398\/2023\/03\/dog-golden-retriever-2659096_1920.jpg","width":1920,"height":1280},{"@type":"BreadcrumbList","@id":"https:\/\/blogit.gradia.fi\/mkpt2203-holopainen\/kultainennoutaja\/#breadcrumb","itemListElement":[{"@type":"ListItem","position":1,"name":"Etusivu","item":"https:\/\/blogit.gradia.fi\/mkpt2203-holopainen\/"},{"@type":"ListItem","position":2,"name":"Kultainennoutaja"}]},{"@type":"WebSite","@id":"https:\/\/blogit.gradia.fi\/mkpt2203-holopainen\/#website","url":"https:\/\/blogit.gradia.fi\/mkpt2203-holopainen\/","name":"Kultsi &amp; Noutaja","description":"Kultaistennoutajien erikoiskennel","publisher":{"@id":"https:\/\/blogit.gradia.fi\/mkpt2203-holopainen\/#organization"},"potentialAction":[{"@type":"SearchAction","target":{"@type":"EntryPoint","urlTemplate":"https:\/\/blogit.gradia.fi\/mkpt2203-holopainen\/?s={search_term_string}"},"query-input":{"@type":"PropertyValueSpecification","valueRequired":true,"valueName":"search_term_string"}}],"inLanguage":"fi"},{"@type":"Organization","@id":"https:\/\/blogit.gradia.fi\/mkpt2203-holopainen\/#organization","name":"Kultsi &amp; Noutaja","url":"https:\/\/blogit.gradia.fi\/mkpt2203-holopainen\/","logo":{"@type":"ImageObject","inLanguage":"fi","@id":"https:\/\/blogit.gradia.fi\/mkpt2203-holopainen\/#\/schema\/logo\/image\/","url":"https:\/\/blogit.gradia.fi\/mkpt2203-holopainen\/wp-content\/uploads\/sites\/398\/2023\/03\/cropped-Kultsi-Noutaja-Logo.png","contentUrl":"https:\/\/blogit.gradia.fi\/mkpt2203-holopainen\/wp-content\/uploads\/sites\/398\/2023\/03\/cropped-Kultsi-Noutaja-Logo.png","width":474,"height":240,"caption":"Kultsi &amp; Noutaja"},"image":{"@id":"https:\/\/blogit.gradia.fi\/mkpt2203-holopainen\/#\/schema\/logo\/image\/"}}]}},"uagb_featured_image_src":{"full":false,"thumbnail":false,"medium":false,"medium_large":false,"large":false,"1536x1536":false,"2048x2048":false},"uagb_author_info":{"display_name":"Oona Holopainen","author_link":"https:\/\/blogit.gradia.fi\/mkpt2203-holopainen\/author\/gr276278\/"},"uagb_comment_info":0,"uagb_excerpt":"Kultsi &amp; Noutaja Kultaisetnoutajat","_links":{"self":[{"href":"https:\/\/blogit.gradia.fi\/mkpt2203-holopainen\/wp-json\/wp\/v2\/pages\/71","targetHints":{"allow":["GET"]}}],"collection":[{"href":"https:\/\/blogit.gradia.fi\/mkpt2203-holopainen\/wp-json\/wp\/v2\/pages"}],"about":[{"href":"https:\/\/blogit.gradia.fi\/mkpt2203-holopainen\/wp-json\/wp\/v2\/types\/page"}],"author":[{"embeddable":true,"href":"https:\/\/blogit.gradia.fi\/mkpt2203-holopainen\/wp-json\/wp\/v2\/users\/935"}],"replies":[{"embeddable":true,"href":"https:\/\/blogit.gradia.fi\/mkpt2203-holopainen\/wp-json\/wp\/v2\/comments?post=71"}],"version-history":[{"count":23,"href":"https:\/\/blogit.gradia.fi\/mkpt2203-holopainen\/wp-json\/wp\/v2\/pages\/71\/revisions"}],"predecessor-version":[{"id":446,"href":"https:\/\/blogit.gradia.fi\/mkpt2203-holopainen\/wp-json\/wp\/v2\/pages\/71\/revisions\/446"}],"wp:attachment":[{"href":"https:\/\/blogit.gradia.fi\/mkpt2203-holopainen\/wp-json\/wp\/v2\/media?parent=71"}],"curies":[{"name":"wp","href":"https:\/\/api.w.org\/{rel}","templated":true}]}}