{"id":66,"date":"2023-02-02T08:35:28","date_gmt":"2023-02-02T06:35:28","guid":{"rendered":"https:\/\/blogit.gradia.fi\/mkpt2203-holopainen\/?page_id=66"},"modified":"2023-03-08T10:45:28","modified_gmt":"2023-03-08T08:45:28","slug":"koiran-omistaminen","status":"publish","type":"page","link":"https:\/\/blogit.gradia.fi\/mkpt2203-holopainen\/koiran-omistaminen\/","title":{"rendered":"Koiran omistaminen"},"content":{"rendered":"\n<div class=\"wp-block-uagb-container uagb-block-6e169e4b alignfull uagb-is-root-container\"><div class=\"uagb-container-inner-blocks-wrap\">\n<div class=\"wp-block-uagb-container uagb-block-6c990264\"><\/div>\n\n\n\n<div class=\"wp-block-uagb-container uagb-block-e601e3e1\">\n<div class=\"wp-block-uagb-advanced-heading uagb-block-27b6af0e\"><h1 class=\"uagb-heading-text\"><br><br><br>Kultsi &amp; Noutaja<\/h1><\/div>\n\n\n\n<div class=\"wp-block-uagb-advanced-heading uagb-block-d1cb8a78\"><h2 class=\"uagb-heading-text\">Kultaisennoutajan omistaminen<br><br><br><br><br><\/h2><\/div>\n<\/div>\n<\/div><\/div>\n\n\n\n<div style=\"height:100px\" aria-hidden=\"true\" class=\"wp-block-spacer\"><\/div>\n\n\n\n<div class=\"wp-block-uagb-container uagb-block-4fdde8fa alignfull uagb-is-root-container\"><div class=\"uagb-container-inner-blocks-wrap\">\n<div class=\"wp-block-uagb-container uagb-block-891c2458\">\n<div class=\"wp-block-uagb-info-box uagb-block-bcc706dc uagb-infobox__content-wrap  uagb-infobox-icon-above-title uagb-infobox-image-valign-top\"><div class=\"uagb-ifb-content\"><div class=\"uagb-ifb-title-wrap\"><h3 class=\"uagb-ifb-title\">Koiralle vakuutus<\/h3><\/div><p class=\"uagb-ifb-desc\"> \u00b7 <strong>Perusvakuutus<\/strong>: korvaa yleens\u00e4 koiran menetyksen, <br>kun koira kuolee, katoaa, vahingoittuu tai sairastuu niin pahoin, ett\u00e4 se on lopetettava.<br> \u00b7 <strong>K\u00e4ytt\u00f6koiran vakuutus<\/strong>: tarkoitettu mets\u00e4stys-, palvelus- ja siitoskoirille.<br> \u00b7 <strong>El\u00e4inl\u00e4\u00e4k\u00e4rikuluvakuutus<\/strong>: koiran hoitoja <br>tutkimuskuluja varten sairauden ja tapaturman yhteydess\u00e4.<br> \u00b7 <strong>Henkivakuutus<\/strong>: korvaa koiran menetyksen sairaus- tai <br>tapaturmaisessa kuolemassa.<br> \u00b7 <strong>Vastuuvakuutus<\/strong>: koiran ulkopuolisille aiheuttamien henkil\u00f6- ja esinevahinkojen varalle.<br> \u00b7 <strong>Kasvattajan pentuevakuutus<\/strong>: korvaa pentueen menetyksen ja el\u00e4inl\u00e4\u00e4k\u00e4rikuluja, jos pennuilla on ollut piilevi\u00e4 tai perinn\u00f6llisi\u00e4 vikoja.<\/p><\/div><\/div>\n<\/div>\n\n\n\n<div class=\"wp-block-uagb-container uagb-block-73198484\">\n<div class=\"wp-block-uagb-info-box uagb-block-44fa2002 uagb-infobox__content-wrap  uagb-infobox-icon-above-title uagb-infobox-image-valign-top\"><div class=\"uagb-ifb-content\"><div class=\"uagb-ifb-title-wrap\"><h3 class=\"uagb-ifb-title\">Rokotukset<\/h3><\/div><p class=\"uagb-ifb-desc\">Rokottamisen tarkoituksena on suojata koiraa tartuntatauteja vastaan. Raivotauti- ja penikkatautirokotukset ovat n\u00e4yttelyiss\u00e4 ja <br>kokeissa k\u00e4yville koirille pakollisia.<br>Suositeltavia ovat my\u00f6s rokotukset tarttuvaa maksatulehdusta ja parvoviruksen aiheuttamaa ripulia sek\u00e4 kennelysk\u00e4\u00e4 vastaan.<\/p><\/div><\/div>\n<\/div>\n<\/div><\/div>\n\n\n\n<div style=\"height:100px\" aria-hidden=\"true\" class=\"wp-block-spacer\"><\/div>\n\n\n\n<div class=\"wp-block-uagb-container uagb-block-ef63698a alignfull uagb-is-root-container\"><div class=\"uagb-container-inner-blocks-wrap\">\n<div class=\"wp-block-uagb-container uagb-block-1668a957\">\n<div class=\"wp-block-uagb-image uagb-block-57f2980c wp-block-uagb-image--layout-default wp-block-uagb-image--effect-static wp-block-uagb-image--align-none\"><figure class=\"wp-block-uagb-image__figure\"><img decoding=\"async\" src=\"https:\/\/blogit.gradia.fi\/mkpt2203-holopainen\/wp-content\/uploads\/sites\/398\/2023\/03\/Tille-1024x683.jpg\" alt=\"\" class=\"uag-image-385\" width=\"428\" height=\"284\" title=\"\" loading=\"lazy\" \/><\/figure><\/div>\n<\/div>\n\n\n\n<div class=\"wp-block-uagb-container uagb-block-e06bc281\">\n<div class=\"wp-block-uagb-info-box uagb-block-c6c9b313 uagb-infobox__content-wrap  uagb-infobox-icon-above-title uagb-infobox-image-valign-top\"><div class=\"uagb-ifb-content\"><div class=\"uagb-ifb-title-wrap\"><h3 class=\"uagb-ifb-title\">Vastuullinen koiranomistaja<\/h3><\/div><p class=\"uagb-ifb-desc\">Koiran omistaminen tuo paljon vastuuta ja monia velvollisuuksia. Omistaja on aina vastuussa koirastaan, joten omistajalla on velvollisuus kouluttaa koirastaan yhteiskuntakelpoinen. <br>Eri roduilla on erilaiset tarpeet ja omistajan tulee huolehtia koiran rodunomaisten tarpeiden t\u00e4ytt\u00e4misest\u00e4. Omistajan tulee my\u00f6s muistaa, ett\u00e4 koira on el\u00e4in, eik\u00e4 sit\u00e4 pid\u00e4 inhimillist\u00e4\u00e4 liikaa.<\/p><\/div><\/div>\n<\/div>\n<\/div><\/div>\n\n\n\n<div style=\"height:100px\" aria-hidden=\"true\" class=\"wp-block-spacer\"><\/div>\n\n\n\n<div class=\"wp-block-uagb-container uagb-block-7575b87c alignfull uagb-is-root-container\"><div class=\"uagb-container-inner-blocks-wrap\">\n<div class=\"wp-block-uagb-container uagb-block-67ad61d8\">\n<div class=\"wp-block-uagb-info-box uagb-block-fbff20e8 uagb-infobox__content-wrap  uagb-infobox-icon-above-title uagb-infobox-image-valign-top\"><div class=\"uagb-ifb-content\"><div class=\"uagb-ifb-title-wrap\"><h3 class=\"uagb-ifb-title\">Ota seuraavat seikat huomioon:<\/h3><\/div><p class=\"uagb-ifb-desc\">\u00b7 Koiran omistaja vastaa aina koirastaan ja sen tekemisist\u00e4<br>\u00b7 Jokaiselle koiralle tulee opettaa arkitottelevaisuus<br>\u00b7 Koiran on saatava riitt\u00e4v\u00e4sti liikuntaa, ravintoa ja huolenpitoa<br>\u00b7 Koira tarvitsee lis\u00e4ksi ulkoilua, lajinomaisia virikkeit\u00e4 ja riitt\u00e4v\u00e4sti lepoa<br>\u00b7 Koira on pidett\u00e4v\u00e4 kytkettyn\u00e4 taajama-alueella ja sen j\u00e4t\u00f6kset on korjattava<br>\u00b7 Koiranpidosta ei saa aiheutua kohtuutonta haittaa ymp\u00e4rist\u00f6lle<br>\u00b7 Koiran kanssa liikkuessa on aina otettava huomioon my\u00f6s muut ihmiset ja el\u00e4imet<br>\u00b7 Hyv\u00e4 omistaja ei inhimillist\u00e4 koiraansa liikaa, vaan antaa koiralleen koiramaisen el\u00e4m\u00e4n<br>\u00b7 Koiran omistaja huomioi Koiranomistajan ja -haltijan peruss\u00e4\u00e4nn\u00f6ss\u00e4 m\u00e4\u00e4ritellyt periaatteet<\/p><\/div><\/div>\n<\/div>\n\n\n\n<div class=\"wp-block-uagb-container uagb-block-8d251175\">\n<div class=\"wp-block-uagb-image aligncenter uagb-block-730c2b99 wp-block-uagb-image--layout-default wp-block-uagb-image--effect-static wp-block-uagb-image--align-center\"><figure class=\"wp-block-uagb-image__figure\"><img decoding=\"async\" src=\"https:\/\/blogit.gradia.fi\/mkpt2203-holopainen\/wp-content\/uploads\/sites\/398\/2023\/03\/golden-retriever-642015_1920-1-768x1024.jpg\" alt=\"\" class=\"uag-image-449\" width=\"396\" height=\"528\" title=\"\" loading=\"lazy\" \/><\/figure><\/div>\n<\/div>\n<\/div><\/div>\n","protected":false},"excerpt":{"rendered":"<p>Kultsi &amp; Noutaja Kultaisennoutajan omistaminen<\/p>\n","protected":false},"author":935,"featured_media":0,"parent":0,"menu_order":0,"comment_status":"closed","ping_status":"closed","template":"","meta":{"_uag_custom_page_level_css":"","site-sidebar-layout":"default","site-content-layout":"","ast-site-content-layout":"default","site-content-style":"default","site-sidebar-style":"default","ast-global-header-display":"","ast-banner-title-visibility":"","ast-main-header-display":"","ast-hfb-above-header-display":"","ast-hfb-below-header-display":"","ast-hfb-mobile-header-display":"","site-post-title":"disabled","ast-breadcrumbs-content":"","ast-featured-img":"","footer-sml-layout":"","ast-disable-related-posts":"","theme-transparent-header-meta":"","adv-header-id-meta":"","stick-header-meta":"","header-above-stick-meta":"","header-main-stick-meta":"","header-below-stick-meta":"","astra-migrate-meta-layouts":"default","ast-page-background-enabled":"default","ast-page-background-meta":{"desktop":{"background-color":"var(--ast-global-color-4)","background-image":"","background-repeat":"repeat","background-position":"center center","background-size":"auto","background-attachment":"scroll","background-type":"","background-media":"","overlay-type":"","overlay-color":"","overlay-opacity":"","overlay-gradient":""},"tablet":{"background-color":"","background-image":"","background-repeat":"repeat","background-position":"center center","background-size":"auto","background-attachment":"scroll","background-type":"","background-media":"","overlay-type":"","overlay-color":"","overlay-opacity":"","overlay-gradient":""},"mobile":{"background-color":"","background-image":"","background-repeat":"repeat","background-position":"center center","background-size":"auto","background-attachment":"scroll","background-type":"","background-media":"","overlay-type":"","overlay-color":"","overlay-opacity":"","overlay-gradient":""}},"ast-content-background-meta":{"desktop":{"background-color":"var(--ast-global-color-5)","background-image":"","background-repeat":"repeat","background-position":"center center","background-size":"auto","background-attachment":"scroll","background-type":"","background-media":"","overlay-type":"","overlay-color":"","overlay-opacity":"","overlay-gradient":""},"tablet":{"background-color":"var(--ast-global-color-5)","background-image":"","background-repeat":"repeat","background-position":"center center","background-size":"auto","background-attachment":"scroll","background-type":"","background-media":"","overlay-type":"","overlay-color":"","overlay-opacity":"","overlay-gradient":""},"mobile":{"background-color":"var(--ast-global-color-5)","background-image":"","background-repeat":"repeat","background-position":"center center","background-size":"auto","background-attachment":"scroll","background-type":"","background-media":"","overlay-type":"","overlay-color":"","overlay-opacity":"","overlay-gradient":""}},"footnotes":""},"class_list":["post-66","page","type-page","status-publish","hentry"],"yoast_head":"<!-- This site is optimized with the Yoast SEO plugin v27.2 - https:\/\/yoast.com\/product\/yoast-seo-wordpress\/ -->\n<title>Koiran omistaminen - Kultsi &amp; Noutaja<\/title>\n<meta name=\"robots\" content=\"index, follow, max-snippet:-1, max-image-preview:large, max-video-preview:-1\" \/>\n<link rel=\"canonical\" href=\"https:\/\/blogit.gradia.fi\/mkpt2203-holopainen\/koiran-omistaminen\/\" \/>\n<meta property=\"og:locale\" content=\"fi_FI\" \/>\n<meta property=\"og:type\" content=\"article\" \/>\n<meta property=\"og:title\" content=\"Koiran omistaminen - Kultsi &amp; Noutaja\" \/>\n<meta property=\"og:description\" content=\"Kultsi &amp; Noutaja Kultaisennoutajan omistaminen\" \/>\n<meta property=\"og:url\" content=\"https:\/\/blogit.gradia.fi\/mkpt2203-holopainen\/koiran-omistaminen\/\" \/>\n<meta property=\"og:site_name\" content=\"Kultsi &amp; Noutaja\" \/>\n<meta property=\"article:modified_time\" content=\"2023-03-08T08:45:28+00:00\" \/>\n<meta property=\"og:image\" content=\"https:\/\/blogit.gradia.fi\/mkpt2203-holopainen\/wp-content\/uploads\/sites\/398\/2023\/03\/Tille-1024x683.jpg\" \/>\n<meta name=\"twitter:card\" content=\"summary_large_image\" \/>\n<meta name=\"twitter:label1\" content=\"Arvioitu lukuaika\" \/>\n\t<meta name=\"twitter:data1\" content=\"2 minuuttia\" \/>\n<script type=\"application\/ld+json\" class=\"yoast-schema-graph\">{\"@context\":\"https:\/\/schema.org\",\"@graph\":[{\"@type\":\"WebPage\",\"@id\":\"https:\/\/blogit.gradia.fi\/mkpt2203-holopainen\/koiran-omistaminen\/\",\"url\":\"https:\/\/blogit.gradia.fi\/mkpt2203-holopainen\/koiran-omistaminen\/\",\"name\":\"Koiran omistaminen - Kultsi &amp; Noutaja\",\"isPartOf\":{\"@id\":\"https:\/\/blogit.gradia.fi\/mkpt2203-holopainen\/#website\"},\"primaryImageOfPage\":{\"@id\":\"https:\/\/blogit.gradia.fi\/mkpt2203-holopainen\/koiran-omistaminen\/#primaryimage\"},\"image\":{\"@id\":\"https:\/\/blogit.gradia.fi\/mkpt2203-holopainen\/koiran-omistaminen\/#primaryimage\"},\"thumbnailUrl\":\"https:\/\/blogit.gradia.fi\/mkpt2203-holopainen\/wp-content\/uploads\/sites\/398\/2023\/03\/Tille-1024x683.jpg\",\"datePublished\":\"2023-02-02T06:35:28+00:00\",\"dateModified\":\"2023-03-08T08:45:28+00:00\",\"breadcrumb\":{\"@id\":\"https:\/\/blogit.gradia.fi\/mkpt2203-holopainen\/koiran-omistaminen\/#breadcrumb\"},\"inLanguage\":\"fi\",\"potentialAction\":[{\"@type\":\"ReadAction\",\"target\":[\"https:\/\/blogit.gradia.fi\/mkpt2203-holopainen\/koiran-omistaminen\/\"]}]},{\"@type\":\"ImageObject\",\"inLanguage\":\"fi\",\"@id\":\"https:\/\/blogit.gradia.fi\/mkpt2203-holopainen\/koiran-omistaminen\/#primaryimage\",\"url\":\"https:\/\/blogit.gradia.fi\/mkpt2203-holopainen\/wp-content\/uploads\/sites\/398\/2023\/03\/Tille.jpg\",\"contentUrl\":\"https:\/\/blogit.gradia.fi\/mkpt2203-holopainen\/wp-content\/uploads\/sites\/398\/2023\/03\/Tille.jpg\",\"width\":1920,\"height\":1280},{\"@type\":\"BreadcrumbList\",\"@id\":\"https:\/\/blogit.gradia.fi\/mkpt2203-holopainen\/koiran-omistaminen\/#breadcrumb\",\"itemListElement\":[{\"@type\":\"ListItem\",\"position\":1,\"name\":\"Etusivu\",\"item\":\"https:\/\/blogit.gradia.fi\/mkpt2203-holopainen\/\"},{\"@type\":\"ListItem\",\"position\":2,\"name\":\"Koiran omistaminen\"}]},{\"@type\":\"WebSite\",\"@id\":\"https:\/\/blogit.gradia.fi\/mkpt2203-holopainen\/#website\",\"url\":\"https:\/\/blogit.gradia.fi\/mkpt2203-holopainen\/\",\"name\":\"Kultsi &amp; Noutaja\",\"description\":\"Kultaistennoutajien erikoiskennel\",\"publisher\":{\"@id\":\"https:\/\/blogit.gradia.fi\/mkpt2203-holopainen\/#organization\"},\"potentialAction\":[{\"@type\":\"SearchAction\",\"target\":{\"@type\":\"EntryPoint\",\"urlTemplate\":\"https:\/\/blogit.gradia.fi\/mkpt2203-holopainen\/?s={search_term_string}\"},\"query-input\":{\"@type\":\"PropertyValueSpecification\",\"valueRequired\":true,\"valueName\":\"search_term_string\"}}],\"inLanguage\":\"fi\"},{\"@type\":\"Organization\",\"@id\":\"https:\/\/blogit.gradia.fi\/mkpt2203-holopainen\/#organization\",\"name\":\"Kultsi &amp; Noutaja\",\"url\":\"https:\/\/blogit.gradia.fi\/mkpt2203-holopainen\/\",\"logo\":{\"@type\":\"ImageObject\",\"inLanguage\":\"fi\",\"@id\":\"https:\/\/blogit.gradia.fi\/mkpt2203-holopainen\/#\/schema\/logo\/image\/\",\"url\":\"https:\/\/blogit.gradia.fi\/mkpt2203-holopainen\/wp-content\/uploads\/sites\/398\/2023\/03\/cropped-Kultsi-Noutaja-Logo.png\",\"contentUrl\":\"https:\/\/blogit.gradia.fi\/mkpt2203-holopainen\/wp-content\/uploads\/sites\/398\/2023\/03\/cropped-Kultsi-Noutaja-Logo.png\",\"width\":474,\"height\":240,\"caption\":\"Kultsi &amp; Noutaja\"},\"image\":{\"@id\":\"https:\/\/blogit.gradia.fi\/mkpt2203-holopainen\/#\/schema\/logo\/image\/\"}}]}<\/script>\n<!-- \/ Yoast SEO plugin. -->","yoast_head_json":{"title":"Koiran omistaminen - Kultsi &amp; Noutaja","robots":{"index":"index","follow":"follow","max-snippet":"max-snippet:-1","max-image-preview":"max-image-preview:large","max-video-preview":"max-video-preview:-1"},"canonical":"https:\/\/blogit.gradia.fi\/mkpt2203-holopainen\/koiran-omistaminen\/","og_locale":"fi_FI","og_type":"article","og_title":"Koiran omistaminen - Kultsi &amp; Noutaja","og_description":"Kultsi &amp; Noutaja Kultaisennoutajan omistaminen","og_url":"https:\/\/blogit.gradia.fi\/mkpt2203-holopainen\/koiran-omistaminen\/","og_site_name":"Kultsi &amp; Noutaja","article_modified_time":"2023-03-08T08:45:28+00:00","og_image":[{"url":"https:\/\/blogit.gradia.fi\/mkpt2203-holopainen\/wp-content\/uploads\/sites\/398\/2023\/03\/Tille-1024x683.jpg","type":"","width":"","height":""}],"twitter_card":"summary_large_image","twitter_misc":{"Arvioitu lukuaika":"2 minuuttia"},"schema":{"@context":"https:\/\/schema.org","@graph":[{"@type":"WebPage","@id":"https:\/\/blogit.gradia.fi\/mkpt2203-holopainen\/koiran-omistaminen\/","url":"https:\/\/blogit.gradia.fi\/mkpt2203-holopainen\/koiran-omistaminen\/","name":"Koiran omistaminen - Kultsi &amp; Noutaja","isPartOf":{"@id":"https:\/\/blogit.gradia.fi\/mkpt2203-holopainen\/#website"},"primaryImageOfPage":{"@id":"https:\/\/blogit.gradia.fi\/mkpt2203-holopainen\/koiran-omistaminen\/#primaryimage"},"image":{"@id":"https:\/\/blogit.gradia.fi\/mkpt2203-holopainen\/koiran-omistaminen\/#primaryimage"},"thumbnailUrl":"https:\/\/blogit.gradia.fi\/mkpt2203-holopainen\/wp-content\/uploads\/sites\/398\/2023\/03\/Tille-1024x683.jpg","datePublished":"2023-02-02T06:35:28+00:00","dateModified":"2023-03-08T08:45:28+00:00","breadcrumb":{"@id":"https:\/\/blogit.gradia.fi\/mkpt2203-holopainen\/koiran-omistaminen\/#breadcrumb"},"inLanguage":"fi","potentialAction":[{"@type":"ReadAction","target":["https:\/\/blogit.gradia.fi\/mkpt2203-holopainen\/koiran-omistaminen\/"]}]},{"@type":"ImageObject","inLanguage":"fi","@id":"https:\/\/blogit.gradia.fi\/mkpt2203-holopainen\/koiran-omistaminen\/#primaryimage","url":"https:\/\/blogit.gradia.fi\/mkpt2203-holopainen\/wp-content\/uploads\/sites\/398\/2023\/03\/Tille.jpg","contentUrl":"https:\/\/blogit.gradia.fi\/mkpt2203-holopainen\/wp-content\/uploads\/sites\/398\/2023\/03\/Tille.jpg","width":1920,"height":1280},{"@type":"BreadcrumbList","@id":"https:\/\/blogit.gradia.fi\/mkpt2203-holopainen\/koiran-omistaminen\/#breadcrumb","itemListElement":[{"@type":"ListItem","position":1,"name":"Etusivu","item":"https:\/\/blogit.gradia.fi\/mkpt2203-holopainen\/"},{"@type":"ListItem","position":2,"name":"Koiran omistaminen"}]},{"@type":"WebSite","@id":"https:\/\/blogit.gradia.fi\/mkpt2203-holopainen\/#website","url":"https:\/\/blogit.gradia.fi\/mkpt2203-holopainen\/","name":"Kultsi &amp; Noutaja","description":"Kultaistennoutajien erikoiskennel","publisher":{"@id":"https:\/\/blogit.gradia.fi\/mkpt2203-holopainen\/#organization"},"potentialAction":[{"@type":"SearchAction","target":{"@type":"EntryPoint","urlTemplate":"https:\/\/blogit.gradia.fi\/mkpt2203-holopainen\/?s={search_term_string}"},"query-input":{"@type":"PropertyValueSpecification","valueRequired":true,"valueName":"search_term_string"}}],"inLanguage":"fi"},{"@type":"Organization","@id":"https:\/\/blogit.gradia.fi\/mkpt2203-holopainen\/#organization","name":"Kultsi &amp; Noutaja","url":"https:\/\/blogit.gradia.fi\/mkpt2203-holopainen\/","logo":{"@type":"ImageObject","inLanguage":"fi","@id":"https:\/\/blogit.gradia.fi\/mkpt2203-holopainen\/#\/schema\/logo\/image\/","url":"https:\/\/blogit.gradia.fi\/mkpt2203-holopainen\/wp-content\/uploads\/sites\/398\/2023\/03\/cropped-Kultsi-Noutaja-Logo.png","contentUrl":"https:\/\/blogit.gradia.fi\/mkpt2203-holopainen\/wp-content\/uploads\/sites\/398\/2023\/03\/cropped-Kultsi-Noutaja-Logo.png","width":474,"height":240,"caption":"Kultsi &amp; Noutaja"},"image":{"@id":"https:\/\/blogit.gradia.fi\/mkpt2203-holopainen\/#\/schema\/logo\/image\/"}}]}},"uagb_featured_image_src":{"full":false,"thumbnail":false,"medium":false,"medium_large":false,"large":false,"1536x1536":false,"2048x2048":false},"uagb_author_info":{"display_name":"Oona Holopainen","author_link":"https:\/\/blogit.gradia.fi\/mkpt2203-holopainen\/author\/gr276278\/"},"uagb_comment_info":0,"uagb_excerpt":"Kultsi &amp; Noutaja Kultaisennoutajan omistaminen","_links":{"self":[{"href":"https:\/\/blogit.gradia.fi\/mkpt2203-holopainen\/wp-json\/wp\/v2\/pages\/66","targetHints":{"allow":["GET"]}}],"collection":[{"href":"https:\/\/blogit.gradia.fi\/mkpt2203-holopainen\/wp-json\/wp\/v2\/pages"}],"about":[{"href":"https:\/\/blogit.gradia.fi\/mkpt2203-holopainen\/wp-json\/wp\/v2\/types\/page"}],"author":[{"embeddable":true,"href":"https:\/\/blogit.gradia.fi\/mkpt2203-holopainen\/wp-json\/wp\/v2\/users\/935"}],"replies":[{"embeddable":true,"href":"https:\/\/blogit.gradia.fi\/mkpt2203-holopainen\/wp-json\/wp\/v2\/comments?post=66"}],"version-history":[{"count":52,"href":"https:\/\/blogit.gradia.fi\/mkpt2203-holopainen\/wp-json\/wp\/v2\/pages\/66\/revisions"}],"predecessor-version":[{"id":454,"href":"https:\/\/blogit.gradia.fi\/mkpt2203-holopainen\/wp-json\/wp\/v2\/pages\/66\/revisions\/454"}],"wp:attachment":[{"href":"https:\/\/blogit.gradia.fi\/mkpt2203-holopainen\/wp-json\/wp\/v2\/media?parent=66"}],"curies":[{"name":"wp","href":"https:\/\/api.w.org\/{rel}","templated":true}]}}