{"id":505,"date":"2022-05-23T12:28:52","date_gmt":"2022-05-23T09:28:52","guid":{"rendered":"https:\/\/blogit.gradia.fi\/mestaripolku\/?page_id=505"},"modified":"2022-06-09T15:41:18","modified_gmt":"2022-06-09T12:41:18","slug":"urasuunnittelutapaamiset","status":"publish","type":"page","link":"https:\/\/blogit.gradia.fi\/mestaripolku\/urasuunnittelutapaamiset\/","title":{"rendered":"Urasuunnittelutapaamiset"},"content":{"rendered":"\n<p>Mestaripolku-hankkeessa on kehitetty erilaisia tapoja tuoda ammatillisille perustutkinto-opiskelijoille l\u00e4hemm\u00e4s ammatti- ja erikoisammattitutkintojen vaihtoehtoa jatko-opintoja suunniteltaessa.  Opiskelijoille tarjotaan kahden tunnin kokonaisuus, jossa k\u00e4yd\u00e4\u00e4n l\u00e4pi mm. oman koulutusalan ammattitutkinnon sis\u00e4lt\u00f6\u00e4 p\u00e4\u00e4piirteiss\u00e4\u00e4n. <\/p>\n\n\n\n<ul class=\"wp-block-list\"><li><strong>Jatko-opintoihin ohjaus, Gradia Jyv\u00e4skyl\u00e4<\/strong><br>pintak\u00e4sittelyalan perustutkinto, 24.3.2022, mukana 7 opiskelijaa ja yto-opettaja&nbsp;&nbsp;&nbsp;&nbsp;&nbsp;&nbsp;&nbsp;<\/li><li><strong>Jatko-opintoihin ohjaus, <strong>Gradia <strong><strong>J\u00e4ms\u00e4<\/strong><\/strong><\/strong><\/strong><br>autoalan perustutkinto, 28.4.2022, mukana 16 opiskelijaa ja opettaja&nbsp;&nbsp;&nbsp;&nbsp;&nbsp;&nbsp;&nbsp;&nbsp;&nbsp;&nbsp;&nbsp;&nbsp;&nbsp;<\/li><li><strong>Jatko-opintoihin ohjaus, <strong>Gradia Jyv\u00e4skyl\u00e4<\/strong><\/strong><br>elintarvikealan perustutkinto, leipomoala, 23.5.2022&nbsp;&nbsp;&nbsp;&nbsp;&nbsp;&nbsp;&nbsp;&nbsp;&nbsp;&nbsp;&nbsp;&nbsp;&nbsp;&nbsp;&nbsp;&nbsp;&nbsp;&nbsp;&nbsp;&nbsp;&nbsp;&nbsp;&nbsp;&nbsp;&nbsp;&nbsp;&nbsp;&nbsp;&nbsp;&nbsp;&nbsp;&nbsp;&nbsp;&nbsp;<\/li><li><strong>Jatko-opintoihin ohjaus, <strong>Gradia J\u00e4ms\u00e4<\/strong><\/strong><br>autoalan perustutkinto, 24.5.2022<\/li><li><strong>Jatko-opintoihin ohjaus, <strong>Gradia Jyv\u00e4skyl\u00e4<\/strong><\/strong><br>pintak\u00e4sittelyalan perustutkinto, 31.5.2022<\/li><\/ul>\n\n\n\n<ul class=\"wp-block-list\"><li><strong>Uraohjaus yritt\u00e4jyyteen -ty\u00f6paja 1, Turun AKK<\/strong><br>matkailualan perustutkinto, 5 ty\u00f6p\u00e4iv\u00e4\u00e4, 24.11.2021-28.2.2022 <\/li><li><strong>Uraohjaus yritt\u00e4jyyteen -ty\u00f6paja 2, Turun AKK<\/strong><br>matkailualan perustutkinto, 5 ty\u00f6p\u00e4iv\u00e4\u00e4, 24.11.-17.12.2021, mukana ty\u00f6pajassa oli 8 opiskelijaa<\/li><li><strong>Uraohjaus yritt\u00e4jyyteen -ty\u00f6paja 3, Turun AKK<\/strong><br>eri koulutusalat, 5 ty\u00f6p\u00e4iv\u00e4\u00e4, 10.2.-25.3.2022, mukana ty\u00f6pajassa oli 6 opiskelijaa<\/li><\/ul>\n\n\n\n<figure class=\"wp-block-image size-large\"><img loading=\"lazy\" decoding=\"async\" width=\"1024\" height=\"678\" src=\"https:\/\/blogit.gradia.fi\/mestaripolku\/wp-content\/uploads\/sites\/175\/2022\/06\/pexels-pixabay-272980-1024x678.jpg\" alt=\"\" class=\"wp-image-526\" srcset=\"https:\/\/blogit.gradia.fi\/mestaripolku\/wp-content\/uploads\/sites\/175\/2022\/06\/pexels-pixabay-272980-1024x678.jpg 1024w, https:\/\/blogit.gradia.fi\/mestaripolku\/wp-content\/uploads\/sites\/175\/2022\/06\/pexels-pixabay-272980-300x199.jpg 300w, https:\/\/blogit.gradia.fi\/mestaripolku\/wp-content\/uploads\/sites\/175\/2022\/06\/pexels-pixabay-272980-768x509.jpg 768w, https:\/\/blogit.gradia.fi\/mestaripolku\/wp-content\/uploads\/sites\/175\/2022\/06\/pexels-pixabay-272980-1536x1017.jpg 1536w, https:\/\/blogit.gradia.fi\/mestaripolku\/wp-content\/uploads\/sites\/175\/2022\/06\/pexels-pixabay-272980-2048x1356.jpg 2048w\" sizes=\"auto, (max-width: 1024px) 100vw, 1024px\" \/><\/figure>\n","protected":false},"excerpt":{"rendered":"<p>Mestaripolku-hankkeessa on kehitetty erilaisia tapoja tuoda ammatillisille perustutkinto-opiskelijoille l\u00e4hemm\u00e4s ammatti- ja erikoisammattitutkintojen vaihtoehtoa jatko-opintoja suunniteltaessa. Opiskelijoille tarjotaan kahden tunnin kokonaisuus, jossa k\u00e4yd\u00e4\u00e4n l\u00e4pi mm. oman koulutusalan ammattitutkinnon sis\u00e4lt\u00f6\u00e4 p\u00e4\u00e4piirteiss\u00e4\u00e4n. Jatko-opintoihin ohjaus, Gradia Jyv\u00e4skyl\u00e4pintak\u00e4sittelyalan perustutkinto, 24.3.2022, mukana 7 opiskelijaa ja yto-opettaja&nbsp;&nbsp;&nbsp;&nbsp;&nbsp;&nbsp;&nbsp; Jatko-opintoihin ohjaus, Gradia J\u00e4ms\u00e4autoalan perustutkinto, 28.4.2022, mukana 16 opiskelijaa ja opettaja&nbsp;&nbsp;&nbsp;&nbsp;&nbsp;&nbsp;&nbsp;&nbsp;&nbsp;&nbsp;&nbsp;&nbsp;&nbsp; Jatko-opintoihin ohjaus, Gradia Jyv\u00e4skyl\u00e4elintarvikealan &hellip; <a href=\"https:\/\/blogit.gradia.fi\/mestaripolku\/urasuunnittelutapaamiset\/\" class=\"more-link\">Jatka lukemista <span class=\"screen-reader-text\">Urasuunnittelutapaamiset<\/span> <span class=\"meta-nav\">&rarr;<\/span><\/a><\/p>\n","protected":false},"author":152,"featured_media":0,"parent":0,"menu_order":0,"comment_status":"closed","ping_status":"closed","template":"","meta":{"_uag_custom_page_level_css":"","footnotes":""},"class_list":["post-505","page","type-page","status-publish","hentry"],"yoast_head":"<!-- This site is optimized with the Yoast SEO plugin v27.4 - https:\/\/yoast.com\/product\/yoast-seo-wordpress\/ -->\n<title>Urasuunnittelutapaamiset - Mestaripolkua rakentamassa<\/title>\n<meta name=\"robots\" content=\"index, follow, max-snippet:-1, max-image-preview:large, max-video-preview:-1\" \/>\n<link rel=\"canonical\" href=\"https:\/\/blogit.gradia.fi\/mestaripolku\/urasuunnittelutapaamiset\/\" \/>\n<meta property=\"og:locale\" content=\"fi_FI\" \/>\n<meta property=\"og:type\" content=\"article\" \/>\n<meta property=\"og:title\" content=\"Urasuunnittelutapaamiset - Mestaripolkua rakentamassa\" \/>\n<meta property=\"og:description\" content=\"Mestaripolku-hankkeessa on kehitetty erilaisia tapoja tuoda ammatillisille perustutkinto-opiskelijoille l\u00e4hemm\u00e4s ammatti- ja erikoisammattitutkintojen vaihtoehtoa jatko-opintoja suunniteltaessa. Opiskelijoille tarjotaan kahden tunnin kokonaisuus, jossa k\u00e4yd\u00e4\u00e4n l\u00e4pi mm. oman koulutusalan ammattitutkinnon sis\u00e4lt\u00f6\u00e4 p\u00e4\u00e4piirteiss\u00e4\u00e4n. Jatko-opintoihin ohjaus, Gradia Jyv\u00e4skyl\u00e4pintak\u00e4sittelyalan perustutkinto, 24.3.2022, mukana 7 opiskelijaa ja yto-opettaja&nbsp;&nbsp;&nbsp;&nbsp;&nbsp;&nbsp;&nbsp; Jatko-opintoihin ohjaus, Gradia J\u00e4ms\u00e4autoalan perustutkinto, 28.4.2022, mukana 16 opiskelijaa ja opettaja&nbsp;&nbsp;&nbsp;&nbsp;&nbsp;&nbsp;&nbsp;&nbsp;&nbsp;&nbsp;&nbsp;&nbsp;&nbsp; Jatko-opintoihin ohjaus, Gradia Jyv\u00e4skyl\u00e4elintarvikealan &hellip; Jatka lukemista Urasuunnittelutapaamiset &rarr;\" \/>\n<meta property=\"og:url\" content=\"https:\/\/blogit.gradia.fi\/mestaripolku\/urasuunnittelutapaamiset\/\" \/>\n<meta property=\"og:site_name\" content=\"Mestaripolkua rakentamassa\" \/>\n<meta property=\"article:modified_time\" content=\"2022-06-09T12:41:18+00:00\" \/>\n<meta property=\"og:image\" content=\"https:\/\/blogit.gradia.fi\/mestaripolku\/wp-content\/uploads\/sites\/175\/2022\/06\/pexels-pixabay-272980-1024x678.jpg\" \/>\n<meta name=\"twitter:card\" content=\"summary_large_image\" \/>\n<meta name=\"twitter:label1\" content=\"Arvioitu lukuaika\" \/>\n\t<meta name=\"twitter:data1\" content=\"1 minuutti\" \/>\n<script type=\"application\/ld+json\" class=\"yoast-schema-graph\">{\"@context\":\"https:\\\/\\\/schema.org\",\"@graph\":[{\"@type\":\"WebPage\",\"@id\":\"https:\\\/\\\/blogit.gradia.fi\\\/mestaripolku\\\/urasuunnittelutapaamiset\\\/\",\"url\":\"https:\\\/\\\/blogit.gradia.fi\\\/mestaripolku\\\/urasuunnittelutapaamiset\\\/\",\"name\":\"Urasuunnittelutapaamiset - Mestaripolkua rakentamassa\",\"isPartOf\":{\"@id\":\"https:\\\/\\\/blogit.gradia.fi\\\/mestaripolku\\\/#website\"},\"primaryImageOfPage\":{\"@id\":\"https:\\\/\\\/blogit.gradia.fi\\\/mestaripolku\\\/urasuunnittelutapaamiset\\\/#primaryimage\"},\"image\":{\"@id\":\"https:\\\/\\\/blogit.gradia.fi\\\/mestaripolku\\\/urasuunnittelutapaamiset\\\/#primaryimage\"},\"thumbnailUrl\":\"https:\\\/\\\/blogit.gradia.fi\\\/mestaripolku\\\/wp-content\\\/uploads\\\/sites\\\/175\\\/2022\\\/06\\\/pexels-pixabay-272980-1024x678.jpg\",\"datePublished\":\"2022-05-23T09:28:52+00:00\",\"dateModified\":\"2022-06-09T12:41:18+00:00\",\"breadcrumb\":{\"@id\":\"https:\\\/\\\/blogit.gradia.fi\\\/mestaripolku\\\/urasuunnittelutapaamiset\\\/#breadcrumb\"},\"inLanguage\":\"fi\",\"potentialAction\":[{\"@type\":\"ReadAction\",\"target\":[\"https:\\\/\\\/blogit.gradia.fi\\\/mestaripolku\\\/urasuunnittelutapaamiset\\\/\"]}]},{\"@type\":\"ImageObject\",\"inLanguage\":\"fi\",\"@id\":\"https:\\\/\\\/blogit.gradia.fi\\\/mestaripolku\\\/urasuunnittelutapaamiset\\\/#primaryimage\",\"url\":\"https:\\\/\\\/blogit.gradia.fi\\\/mestaripolku\\\/wp-content\\\/uploads\\\/sites\\\/175\\\/2022\\\/06\\\/pexels-pixabay-272980-scaled.jpg\",\"contentUrl\":\"https:\\\/\\\/blogit.gradia.fi\\\/mestaripolku\\\/wp-content\\\/uploads\\\/sites\\\/175\\\/2022\\\/06\\\/pexels-pixabay-272980-scaled.jpg\",\"width\":2560,\"height\":1696},{\"@type\":\"BreadcrumbList\",\"@id\":\"https:\\\/\\\/blogit.gradia.fi\\\/mestaripolku\\\/urasuunnittelutapaamiset\\\/#breadcrumb\",\"itemListElement\":[{\"@type\":\"ListItem\",\"position\":1,\"name\":\"Home\",\"item\":\"https:\\\/\\\/blogit.gradia.fi\\\/mestaripolku\\\/\"},{\"@type\":\"ListItem\",\"position\":2,\"name\":\"Urasuunnittelutapaamiset\"}]},{\"@type\":\"WebSite\",\"@id\":\"https:\\\/\\\/blogit.gradia.fi\\\/mestaripolku\\\/#website\",\"url\":\"https:\\\/\\\/blogit.gradia.fi\\\/mestaripolku\\\/\",\"name\":\"Mestaripolkua rakentamassa\",\"description\":\"\",\"potentialAction\":[{\"@type\":\"SearchAction\",\"target\":{\"@type\":\"EntryPoint\",\"urlTemplate\":\"https:\\\/\\\/blogit.gradia.fi\\\/mestaripolku\\\/?s={search_term_string}\"},\"query-input\":{\"@type\":\"PropertyValueSpecification\",\"valueRequired\":true,\"valueName\":\"search_term_string\"}}],\"inLanguage\":\"fi\"}]}<\/script>\n<!-- \/ Yoast SEO plugin. -->","yoast_head_json":{"title":"Urasuunnittelutapaamiset - Mestaripolkua rakentamassa","robots":{"index":"index","follow":"follow","max-snippet":"max-snippet:-1","max-image-preview":"max-image-preview:large","max-video-preview":"max-video-preview:-1"},"canonical":"https:\/\/blogit.gradia.fi\/mestaripolku\/urasuunnittelutapaamiset\/","og_locale":"fi_FI","og_type":"article","og_title":"Urasuunnittelutapaamiset - Mestaripolkua rakentamassa","og_description":"Mestaripolku-hankkeessa on kehitetty erilaisia tapoja tuoda ammatillisille perustutkinto-opiskelijoille l\u00e4hemm\u00e4s ammatti- ja erikoisammattitutkintojen vaihtoehtoa jatko-opintoja suunniteltaessa. Opiskelijoille tarjotaan kahden tunnin kokonaisuus, jossa k\u00e4yd\u00e4\u00e4n l\u00e4pi mm. oman koulutusalan ammattitutkinnon sis\u00e4lt\u00f6\u00e4 p\u00e4\u00e4piirteiss\u00e4\u00e4n. Jatko-opintoihin ohjaus, Gradia Jyv\u00e4skyl\u00e4pintak\u00e4sittelyalan perustutkinto, 24.3.2022, mukana 7 opiskelijaa ja yto-opettaja&nbsp;&nbsp;&nbsp;&nbsp;&nbsp;&nbsp;&nbsp; Jatko-opintoihin ohjaus, Gradia J\u00e4ms\u00e4autoalan perustutkinto, 28.4.2022, mukana 16 opiskelijaa ja opettaja&nbsp;&nbsp;&nbsp;&nbsp;&nbsp;&nbsp;&nbsp;&nbsp;&nbsp;&nbsp;&nbsp;&nbsp;&nbsp; Jatko-opintoihin ohjaus, Gradia Jyv\u00e4skyl\u00e4elintarvikealan &hellip; Jatka lukemista Urasuunnittelutapaamiset &rarr;","og_url":"https:\/\/blogit.gradia.fi\/mestaripolku\/urasuunnittelutapaamiset\/","og_site_name":"Mestaripolkua rakentamassa","article_modified_time":"2022-06-09T12:41:18+00:00","og_image":[{"url":"https:\/\/blogit.gradia.fi\/mestaripolku\/wp-content\/uploads\/sites\/175\/2022\/06\/pexels-pixabay-272980-1024x678.jpg","type":"","width":"","height":""}],"twitter_card":"summary_large_image","twitter_misc":{"Arvioitu lukuaika":"1 minuutti"},"schema":{"@context":"https:\/\/schema.org","@graph":[{"@type":"WebPage","@id":"https:\/\/blogit.gradia.fi\/mestaripolku\/urasuunnittelutapaamiset\/","url":"https:\/\/blogit.gradia.fi\/mestaripolku\/urasuunnittelutapaamiset\/","name":"Urasuunnittelutapaamiset - Mestaripolkua rakentamassa","isPartOf":{"@id":"https:\/\/blogit.gradia.fi\/mestaripolku\/#website"},"primaryImageOfPage":{"@id":"https:\/\/blogit.gradia.fi\/mestaripolku\/urasuunnittelutapaamiset\/#primaryimage"},"image":{"@id":"https:\/\/blogit.gradia.fi\/mestaripolku\/urasuunnittelutapaamiset\/#primaryimage"},"thumbnailUrl":"https:\/\/blogit.gradia.fi\/mestaripolku\/wp-content\/uploads\/sites\/175\/2022\/06\/pexels-pixabay-272980-1024x678.jpg","datePublished":"2022-05-23T09:28:52+00:00","dateModified":"2022-06-09T12:41:18+00:00","breadcrumb":{"@id":"https:\/\/blogit.gradia.fi\/mestaripolku\/urasuunnittelutapaamiset\/#breadcrumb"},"inLanguage":"fi","potentialAction":[{"@type":"ReadAction","target":["https:\/\/blogit.gradia.fi\/mestaripolku\/urasuunnittelutapaamiset\/"]}]},{"@type":"ImageObject","inLanguage":"fi","@id":"https:\/\/blogit.gradia.fi\/mestaripolku\/urasuunnittelutapaamiset\/#primaryimage","url":"https:\/\/blogit.gradia.fi\/mestaripolku\/wp-content\/uploads\/sites\/175\/2022\/06\/pexels-pixabay-272980-scaled.jpg","contentUrl":"https:\/\/blogit.gradia.fi\/mestaripolku\/wp-content\/uploads\/sites\/175\/2022\/06\/pexels-pixabay-272980-scaled.jpg","width":2560,"height":1696},{"@type":"BreadcrumbList","@id":"https:\/\/blogit.gradia.fi\/mestaripolku\/urasuunnittelutapaamiset\/#breadcrumb","itemListElement":[{"@type":"ListItem","position":1,"name":"Home","item":"https:\/\/blogit.gradia.fi\/mestaripolku\/"},{"@type":"ListItem","position":2,"name":"Urasuunnittelutapaamiset"}]},{"@type":"WebSite","@id":"https:\/\/blogit.gradia.fi\/mestaripolku\/#website","url":"https:\/\/blogit.gradia.fi\/mestaripolku\/","name":"Mestaripolkua rakentamassa","description":"","potentialAction":[{"@type":"SearchAction","target":{"@type":"EntryPoint","urlTemplate":"https:\/\/blogit.gradia.fi\/mestaripolku\/?s={search_term_string}"},"query-input":{"@type":"PropertyValueSpecification","valueRequired":true,"valueName":"search_term_string"}}],"inLanguage":"fi"}]}},"uagb_featured_image_src":{"full":false,"thumbnail":false,"medium":false,"medium_large":false,"large":false,"1536x1536":false,"2048x2048":false,"post-thumbnail":false},"uagb_author_info":{"display_name":"Anna Saari","author_link":"https:\/\/blogit.gradia.fi\/mestaripolku\/author\/palviann\/"},"uagb_comment_info":0,"uagb_excerpt":"Mestaripolku-hankkeessa on kehitetty erilaisia tapoja tuoda ammatillisille perustutkinto-opiskelijoille l\u00e4hemm\u00e4s ammatti- ja erikoisammattitutkintojen vaihtoehtoa jatko-opintoja suunniteltaessa. Opiskelijoille tarjotaan kahden tunnin kokonaisuus, jossa k\u00e4yd\u00e4\u00e4n l\u00e4pi mm. oman koulutusalan ammattitutkinnon sis\u00e4lt\u00f6\u00e4 p\u00e4\u00e4piirteiss\u00e4\u00e4n. Jatko-opintoihin ohjaus, Gradia Jyv\u00e4skyl\u00e4pintak\u00e4sittelyalan perustutkinto, 24.3.2022, mukana 7 opiskelijaa ja yto-opettaja&nbsp;&nbsp;&nbsp;&nbsp;&nbsp;&nbsp;&nbsp; Jatko-opintoihin ohjaus, Gradia J\u00e4ms\u00e4autoalan perustutkinto, 28.4.2022, mukana 16 opiskelijaa ja opettaja&nbsp;&nbsp;&nbsp;&nbsp;&nbsp;&nbsp;&nbsp;&nbsp;&nbsp;&nbsp;&nbsp;&nbsp;&nbsp; Jatko-opintoihin ohjaus, Gradia Jyv\u00e4skyl\u00e4elintarvikealan&hellip;","_links":{"self":[{"href":"https:\/\/blogit.gradia.fi\/mestaripolku\/wp-json\/wp\/v2\/pages\/505","targetHints":{"allow":["GET"]}}],"collection":[{"href":"https:\/\/blogit.gradia.fi\/mestaripolku\/wp-json\/wp\/v2\/pages"}],"about":[{"href":"https:\/\/blogit.gradia.fi\/mestaripolku\/wp-json\/wp\/v2\/types\/page"}],"author":[{"embeddable":true,"href":"https:\/\/blogit.gradia.fi\/mestaripolku\/wp-json\/wp\/v2\/users\/152"}],"replies":[{"embeddable":true,"href":"https:\/\/blogit.gradia.fi\/mestaripolku\/wp-json\/wp\/v2\/comments?post=505"}],"version-history":[{"count":6,"href":"https:\/\/blogit.gradia.fi\/mestaripolku\/wp-json\/wp\/v2\/pages\/505\/revisions"}],"predecessor-version":[{"id":527,"href":"https:\/\/blogit.gradia.fi\/mestaripolku\/wp-json\/wp\/v2\/pages\/505\/revisions\/527"}],"wp:attachment":[{"href":"https:\/\/blogit.gradia.fi\/mestaripolku\/wp-json\/wp\/v2\/media?parent=505"}],"curies":[{"name":"wp","href":"https:\/\/api.w.org\/{rel}","templated":true}]}}