{"id":459,"date":"2021-07-07T14:47:24","date_gmt":"2021-07-07T11:47:24","guid":{"rendered":"https:\/\/blogit.gradia.fi\/mestaripolku\/?page_id=459"},"modified":"2021-07-07T14:47:25","modified_gmt":"2021-07-07T11:47:25","slug":"tyoelamatapaaminen-ruthin-leipomo","status":"publish","type":"page","link":"https:\/\/blogit.gradia.fi\/mestaripolku\/tyoelamatapaaminen-ruthin-leipomo\/","title":{"rendered":"Ty\u00f6el\u00e4m\u00e4tapaaminen: Ruthin leipomo"},"content":{"rendered":"\n<p>Tapaaminen toteutettiin kev\u00e4\u00e4ll\u00e4 2021 ja tapaamiseen osallistuivat Ruthin leipomon uusi toimitusjohtaja Joonas M\u00e4kinen ja el\u00e4kkeelle siirtynyt Markku M\u00e4kinen sek\u00e4 Mestaripolku-hankkeen projektity\u00f6ntekij\u00e4t Marjo Huuskonen ja Jukka Miettinen.<\/p>\n\n\n\n<p>Keskusteltiin Ruthin leipomon nykyhetken ja tulevaisuuden n\u00e4kymist\u00e4 sek\u00e4 niihin liittyvist\u00e4 osaamistarpeista. Ruthin leipomo ja Gradia tekee aktiivista yhteisty\u00f6t\u00e4 ja t\u00e4ss\u00e4 tapaamisessa  etsittiin uusia n\u00e4kymi\u00e4 ja niihin liittyv\u00e4 osaamistarpeita. Keskusteluissa mietittiin my\u00f6s johtamiseen liittyvi\u00e4 asioita ja koulutustarpeita. Lis\u00e4ksi keskusteltiin ty\u00f6uraohjauksen merkityksest\u00e4 ja tarpeellisuudesta.<\/p>\n\n\n\n<p>T\u00e4m\u00e4 k\u00e4ynti osoitti, ett\u00e4 vaikka yritys tekee aktiivista yhteisty\u00f6t\u00e4 oppilaitoksen kanssa, niin t\u00e4rke\u00e4\u00e4 on ottaa esille my\u00f6s muita yrityksen toimintaan liittyvi\u00e4 asioita.<\/p>\n\n\n\n<div class=\"wp-block-image\"><figure class=\"aligncenter size-large is-resized\"><img loading=\"lazy\" decoding=\"async\" src=\"https:\/\/blogit.gradia.fi\/mestaripolku\/wp-content\/uploads\/sites\/175\/2021\/07\/Ruis100_790x600-300x300-1.jpg\" alt=\"\" class=\"wp-image-460\" width=\"369\" height=\"369\" srcset=\"https:\/\/blogit.gradia.fi\/mestaripolku\/wp-content\/uploads\/sites\/175\/2021\/07\/Ruis100_790x600-300x300-1.jpg 300w, https:\/\/blogit.gradia.fi\/mestaripolku\/wp-content\/uploads\/sites\/175\/2021\/07\/Ruis100_790x600-300x300-1-150x150.jpg 150w\" sizes=\"auto, (max-width: 369px) 100vw, 369px\" \/><\/figure><\/div>\n","protected":false},"excerpt":{"rendered":"<p>Tapaaminen toteutettiin kev\u00e4\u00e4ll\u00e4 2021 ja tapaamiseen osallistuivat Ruthin leipomon uusi toimitusjohtaja Joonas M\u00e4kinen ja el\u00e4kkeelle siirtynyt Markku M\u00e4kinen sek\u00e4 Mestaripolku-hankkeen projektity\u00f6ntekij\u00e4t Marjo Huuskonen ja Jukka Miettinen. Keskusteltiin Ruthin leipomon nykyhetken ja tulevaisuuden n\u00e4kymist\u00e4 sek\u00e4 niihin liittyvist\u00e4 osaamistarpeista. Ruthin leipomo ja Gradia tekee aktiivista yhteisty\u00f6t\u00e4 ja t\u00e4ss\u00e4 tapaamisessa etsittiin uusia n\u00e4kymi\u00e4 ja niihin liittyv\u00e4 osaamistarpeita. Keskusteluissa &hellip; <a href=\"https:\/\/blogit.gradia.fi\/mestaripolku\/tyoelamatapaaminen-ruthin-leipomo\/\" class=\"more-link\">Jatka lukemista <span class=\"screen-reader-text\">Ty\u00f6el\u00e4m\u00e4tapaaminen: Ruthin leipomo<\/span> <span class=\"meta-nav\">&rarr;<\/span><\/a><\/p>\n","protected":false},"author":152,"featured_media":0,"parent":0,"menu_order":0,"comment_status":"closed","ping_status":"closed","template":"","meta":{"_uag_custom_page_level_css":"","footnotes":""},"class_list":["post-459","page","type-page","status-publish","hentry"],"yoast_head":"<!-- This site is optimized with the Yoast SEO plugin v27.4 - https:\/\/yoast.com\/product\/yoast-seo-wordpress\/ -->\n<title>Ty\u00f6el\u00e4m\u00e4tapaaminen: Ruthin leipomo - Mestaripolkua rakentamassa<\/title>\n<meta name=\"robots\" content=\"index, follow, max-snippet:-1, max-image-preview:large, max-video-preview:-1\" \/>\n<link rel=\"canonical\" href=\"https:\/\/blogit.gradia.fi\/mestaripolku\/tyoelamatapaaminen-ruthin-leipomo\/\" \/>\n<meta property=\"og:locale\" content=\"fi_FI\" \/>\n<meta property=\"og:type\" content=\"article\" \/>\n<meta property=\"og:title\" content=\"Ty\u00f6el\u00e4m\u00e4tapaaminen: Ruthin leipomo - Mestaripolkua rakentamassa\" \/>\n<meta property=\"og:description\" content=\"Tapaaminen toteutettiin kev\u00e4\u00e4ll\u00e4 2021 ja tapaamiseen osallistuivat Ruthin leipomon uusi toimitusjohtaja Joonas M\u00e4kinen ja el\u00e4kkeelle siirtynyt Markku M\u00e4kinen sek\u00e4 Mestaripolku-hankkeen projektity\u00f6ntekij\u00e4t Marjo Huuskonen ja Jukka Miettinen. Keskusteltiin Ruthin leipomon nykyhetken ja tulevaisuuden n\u00e4kymist\u00e4 sek\u00e4 niihin liittyvist\u00e4 osaamistarpeista. Ruthin leipomo ja Gradia tekee aktiivista yhteisty\u00f6t\u00e4 ja t\u00e4ss\u00e4 tapaamisessa etsittiin uusia n\u00e4kymi\u00e4 ja niihin liittyv\u00e4 osaamistarpeita. Keskusteluissa &hellip; Jatka lukemista Ty\u00f6el\u00e4m\u00e4tapaaminen: Ruthin leipomo &rarr;\" \/>\n<meta property=\"og:url\" content=\"https:\/\/blogit.gradia.fi\/mestaripolku\/tyoelamatapaaminen-ruthin-leipomo\/\" \/>\n<meta property=\"og:site_name\" content=\"Mestaripolkua rakentamassa\" \/>\n<meta property=\"article:modified_time\" content=\"2021-07-07T11:47:25+00:00\" \/>\n<meta property=\"og:image\" content=\"https:\/\/blogit.gradia.fi\/mestaripolku\/wp-content\/uploads\/sites\/175\/2021\/07\/Ruis100_790x600-300x300-1.jpg\" \/>\n<meta name=\"twitter:card\" content=\"summary_large_image\" \/>\n<meta name=\"twitter:label1\" content=\"Arvioitu lukuaika\" \/>\n\t<meta name=\"twitter:data1\" content=\"1 minuutti\" \/>\n<script type=\"application\/ld+json\" class=\"yoast-schema-graph\">{\"@context\":\"https:\\\/\\\/schema.org\",\"@graph\":[{\"@type\":\"WebPage\",\"@id\":\"https:\\\/\\\/blogit.gradia.fi\\\/mestaripolku\\\/tyoelamatapaaminen-ruthin-leipomo\\\/\",\"url\":\"https:\\\/\\\/blogit.gradia.fi\\\/mestaripolku\\\/tyoelamatapaaminen-ruthin-leipomo\\\/\",\"name\":\"Ty\u00f6el\u00e4m\u00e4tapaaminen: Ruthin leipomo - Mestaripolkua rakentamassa\",\"isPartOf\":{\"@id\":\"https:\\\/\\\/blogit.gradia.fi\\\/mestaripolku\\\/#website\"},\"primaryImageOfPage\":{\"@id\":\"https:\\\/\\\/blogit.gradia.fi\\\/mestaripolku\\\/tyoelamatapaaminen-ruthin-leipomo\\\/#primaryimage\"},\"image\":{\"@id\":\"https:\\\/\\\/blogit.gradia.fi\\\/mestaripolku\\\/tyoelamatapaaminen-ruthin-leipomo\\\/#primaryimage\"},\"thumbnailUrl\":\"https:\\\/\\\/blogit.gradia.fi\\\/mestaripolku\\\/wp-content\\\/uploads\\\/sites\\\/175\\\/2021\\\/07\\\/Ruis100_790x600-300x300-1.jpg\",\"datePublished\":\"2021-07-07T11:47:24+00:00\",\"dateModified\":\"2021-07-07T11:47:25+00:00\",\"breadcrumb\":{\"@id\":\"https:\\\/\\\/blogit.gradia.fi\\\/mestaripolku\\\/tyoelamatapaaminen-ruthin-leipomo\\\/#breadcrumb\"},\"inLanguage\":\"fi\",\"potentialAction\":[{\"@type\":\"ReadAction\",\"target\":[\"https:\\\/\\\/blogit.gradia.fi\\\/mestaripolku\\\/tyoelamatapaaminen-ruthin-leipomo\\\/\"]}]},{\"@type\":\"ImageObject\",\"inLanguage\":\"fi\",\"@id\":\"https:\\\/\\\/blogit.gradia.fi\\\/mestaripolku\\\/tyoelamatapaaminen-ruthin-leipomo\\\/#primaryimage\",\"url\":\"https:\\\/\\\/blogit.gradia.fi\\\/mestaripolku\\\/wp-content\\\/uploads\\\/sites\\\/175\\\/2021\\\/07\\\/Ruis100_790x600-300x300-1.jpg\",\"contentUrl\":\"https:\\\/\\\/blogit.gradia.fi\\\/mestaripolku\\\/wp-content\\\/uploads\\\/sites\\\/175\\\/2021\\\/07\\\/Ruis100_790x600-300x300-1.jpg\",\"width\":300,\"height\":300,\"caption\":\"tarjoilija opiskelija pit\u00e4\u00e4 tarjotinta\"},{\"@type\":\"BreadcrumbList\",\"@id\":\"https:\\\/\\\/blogit.gradia.fi\\\/mestaripolku\\\/tyoelamatapaaminen-ruthin-leipomo\\\/#breadcrumb\",\"itemListElement\":[{\"@type\":\"ListItem\",\"position\":1,\"name\":\"Home\",\"item\":\"https:\\\/\\\/blogit.gradia.fi\\\/mestaripolku\\\/\"},{\"@type\":\"ListItem\",\"position\":2,\"name\":\"Ty\u00f6el\u00e4m\u00e4tapaaminen: Ruthin leipomo\"}]},{\"@type\":\"WebSite\",\"@id\":\"https:\\\/\\\/blogit.gradia.fi\\\/mestaripolku\\\/#website\",\"url\":\"https:\\\/\\\/blogit.gradia.fi\\\/mestaripolku\\\/\",\"name\":\"Mestaripolkua rakentamassa\",\"description\":\"\",\"potentialAction\":[{\"@type\":\"SearchAction\",\"target\":{\"@type\":\"EntryPoint\",\"urlTemplate\":\"https:\\\/\\\/blogit.gradia.fi\\\/mestaripolku\\\/?s={search_term_string}\"},\"query-input\":{\"@type\":\"PropertyValueSpecification\",\"valueRequired\":true,\"valueName\":\"search_term_string\"}}],\"inLanguage\":\"fi\"}]}<\/script>\n<!-- \/ Yoast SEO plugin. -->","yoast_head_json":{"title":"Ty\u00f6el\u00e4m\u00e4tapaaminen: Ruthin leipomo - Mestaripolkua rakentamassa","robots":{"index":"index","follow":"follow","max-snippet":"max-snippet:-1","max-image-preview":"max-image-preview:large","max-video-preview":"max-video-preview:-1"},"canonical":"https:\/\/blogit.gradia.fi\/mestaripolku\/tyoelamatapaaminen-ruthin-leipomo\/","og_locale":"fi_FI","og_type":"article","og_title":"Ty\u00f6el\u00e4m\u00e4tapaaminen: Ruthin leipomo - Mestaripolkua rakentamassa","og_description":"Tapaaminen toteutettiin kev\u00e4\u00e4ll\u00e4 2021 ja tapaamiseen osallistuivat Ruthin leipomon uusi toimitusjohtaja Joonas M\u00e4kinen ja el\u00e4kkeelle siirtynyt Markku M\u00e4kinen sek\u00e4 Mestaripolku-hankkeen projektity\u00f6ntekij\u00e4t Marjo Huuskonen ja Jukka Miettinen. Keskusteltiin Ruthin leipomon nykyhetken ja tulevaisuuden n\u00e4kymist\u00e4 sek\u00e4 niihin liittyvist\u00e4 osaamistarpeista. Ruthin leipomo ja Gradia tekee aktiivista yhteisty\u00f6t\u00e4 ja t\u00e4ss\u00e4 tapaamisessa etsittiin uusia n\u00e4kymi\u00e4 ja niihin liittyv\u00e4 osaamistarpeita. Keskusteluissa &hellip; Jatka lukemista Ty\u00f6el\u00e4m\u00e4tapaaminen: Ruthin leipomo &rarr;","og_url":"https:\/\/blogit.gradia.fi\/mestaripolku\/tyoelamatapaaminen-ruthin-leipomo\/","og_site_name":"Mestaripolkua rakentamassa","article_modified_time":"2021-07-07T11:47:25+00:00","og_image":[{"url":"https:\/\/blogit.gradia.fi\/mestaripolku\/wp-content\/uploads\/sites\/175\/2021\/07\/Ruis100_790x600-300x300-1.jpg","type":"","width":"","height":""}],"twitter_card":"summary_large_image","twitter_misc":{"Arvioitu lukuaika":"1 minuutti"},"schema":{"@context":"https:\/\/schema.org","@graph":[{"@type":"WebPage","@id":"https:\/\/blogit.gradia.fi\/mestaripolku\/tyoelamatapaaminen-ruthin-leipomo\/","url":"https:\/\/blogit.gradia.fi\/mestaripolku\/tyoelamatapaaminen-ruthin-leipomo\/","name":"Ty\u00f6el\u00e4m\u00e4tapaaminen: Ruthin leipomo - Mestaripolkua rakentamassa","isPartOf":{"@id":"https:\/\/blogit.gradia.fi\/mestaripolku\/#website"},"primaryImageOfPage":{"@id":"https:\/\/blogit.gradia.fi\/mestaripolku\/tyoelamatapaaminen-ruthin-leipomo\/#primaryimage"},"image":{"@id":"https:\/\/blogit.gradia.fi\/mestaripolku\/tyoelamatapaaminen-ruthin-leipomo\/#primaryimage"},"thumbnailUrl":"https:\/\/blogit.gradia.fi\/mestaripolku\/wp-content\/uploads\/sites\/175\/2021\/07\/Ruis100_790x600-300x300-1.jpg","datePublished":"2021-07-07T11:47:24+00:00","dateModified":"2021-07-07T11:47:25+00:00","breadcrumb":{"@id":"https:\/\/blogit.gradia.fi\/mestaripolku\/tyoelamatapaaminen-ruthin-leipomo\/#breadcrumb"},"inLanguage":"fi","potentialAction":[{"@type":"ReadAction","target":["https:\/\/blogit.gradia.fi\/mestaripolku\/tyoelamatapaaminen-ruthin-leipomo\/"]}]},{"@type":"ImageObject","inLanguage":"fi","@id":"https:\/\/blogit.gradia.fi\/mestaripolku\/tyoelamatapaaminen-ruthin-leipomo\/#primaryimage","url":"https:\/\/blogit.gradia.fi\/mestaripolku\/wp-content\/uploads\/sites\/175\/2021\/07\/Ruis100_790x600-300x300-1.jpg","contentUrl":"https:\/\/blogit.gradia.fi\/mestaripolku\/wp-content\/uploads\/sites\/175\/2021\/07\/Ruis100_790x600-300x300-1.jpg","width":300,"height":300,"caption":"tarjoilija opiskelija pit\u00e4\u00e4 tarjotinta"},{"@type":"BreadcrumbList","@id":"https:\/\/blogit.gradia.fi\/mestaripolku\/tyoelamatapaaminen-ruthin-leipomo\/#breadcrumb","itemListElement":[{"@type":"ListItem","position":1,"name":"Home","item":"https:\/\/blogit.gradia.fi\/mestaripolku\/"},{"@type":"ListItem","position":2,"name":"Ty\u00f6el\u00e4m\u00e4tapaaminen: Ruthin leipomo"}]},{"@type":"WebSite","@id":"https:\/\/blogit.gradia.fi\/mestaripolku\/#website","url":"https:\/\/blogit.gradia.fi\/mestaripolku\/","name":"Mestaripolkua rakentamassa","description":"","potentialAction":[{"@type":"SearchAction","target":{"@type":"EntryPoint","urlTemplate":"https:\/\/blogit.gradia.fi\/mestaripolku\/?s={search_term_string}"},"query-input":{"@type":"PropertyValueSpecification","valueRequired":true,"valueName":"search_term_string"}}],"inLanguage":"fi"}]}},"uagb_featured_image_src":{"full":false,"thumbnail":false,"medium":false,"medium_large":false,"large":false,"1536x1536":false,"2048x2048":false,"post-thumbnail":false},"uagb_author_info":{"display_name":"Anna Saari","author_link":"https:\/\/blogit.gradia.fi\/mestaripolku\/author\/palviann\/"},"uagb_comment_info":0,"uagb_excerpt":"Tapaaminen toteutettiin kev\u00e4\u00e4ll\u00e4 2021 ja tapaamiseen osallistuivat Ruthin leipomon uusi toimitusjohtaja Joonas M\u00e4kinen ja el\u00e4kkeelle siirtynyt Markku M\u00e4kinen sek\u00e4 Mestaripolku-hankkeen projektity\u00f6ntekij\u00e4t Marjo Huuskonen ja Jukka Miettinen. Keskusteltiin Ruthin leipomon nykyhetken ja tulevaisuuden n\u00e4kymist\u00e4 sek\u00e4 niihin liittyvist\u00e4 osaamistarpeista. Ruthin leipomo ja Gradia tekee aktiivista yhteisty\u00f6t\u00e4 ja t\u00e4ss\u00e4 tapaamisessa etsittiin uusia n\u00e4kymi\u00e4 ja niihin liittyv\u00e4 osaamistarpeita. Keskusteluissa&hellip;","_links":{"self":[{"href":"https:\/\/blogit.gradia.fi\/mestaripolku\/wp-json\/wp\/v2\/pages\/459","targetHints":{"allow":["GET"]}}],"collection":[{"href":"https:\/\/blogit.gradia.fi\/mestaripolku\/wp-json\/wp\/v2\/pages"}],"about":[{"href":"https:\/\/blogit.gradia.fi\/mestaripolku\/wp-json\/wp\/v2\/types\/page"}],"author":[{"embeddable":true,"href":"https:\/\/blogit.gradia.fi\/mestaripolku\/wp-json\/wp\/v2\/users\/152"}],"replies":[{"embeddable":true,"href":"https:\/\/blogit.gradia.fi\/mestaripolku\/wp-json\/wp\/v2\/comments?post=459"}],"version-history":[{"count":1,"href":"https:\/\/blogit.gradia.fi\/mestaripolku\/wp-json\/wp\/v2\/pages\/459\/revisions"}],"predecessor-version":[{"id":461,"href":"https:\/\/blogit.gradia.fi\/mestaripolku\/wp-json\/wp\/v2\/pages\/459\/revisions\/461"}],"wp:attachment":[{"href":"https:\/\/blogit.gradia.fi\/mestaripolku\/wp-json\/wp\/v2\/media?parent=459"}],"curies":[{"name":"wp","href":"https:\/\/api.w.org\/{rel}","templated":true}]}}