{"id":442,"date":"2021-07-07T14:16:48","date_gmt":"2021-07-07T11:16:48","guid":{"rendered":"https:\/\/blogit.gradia.fi\/mestaripolku\/?page_id=442"},"modified":"2021-07-07T14:16:48","modified_gmt":"2021-07-07T11:16:48","slug":"tyoelamatapaaminen-varjolan-tila","status":"publish","type":"page","link":"https:\/\/blogit.gradia.fi\/mestaripolku\/tyoelamatapaaminen-varjolan-tila\/","title":{"rendered":"Ty\u00f6el\u00e4m\u00e4tapaaminen: Varjolan tila"},"content":{"rendered":"\n<p>Tapaamisessa olivat mukana Varjolan is\u00e4nt\u00e4 Markus Kallio Laukaasta sek\u00e4 Mestaripolku-hankkeen projektity\u00f6ntekij\u00e4t Birgit H\u00e4rk\u00f6nen ja Jukka Miettinen. Tapaamisen aiheena olivat Varjolan tilan mahdolliset koulutus- ja osaamistarpeet. Keskusteluissa nousi esille my\u00f6s koronapandemiasta johtuva matkailuyritysten huono tilanne. <\/p>\n\n\n\n<p>Varjolan tilalla on tehty jo suunnitelmia tulevaisuuden varalle, ja osaamisen lis\u00e4\u00e4misest\u00e4 koulutuksen kautta keskusteltiin. Kiinnostusta syntyi muun muassa johtamis- ja ravintola-alan koulutukseen.  <\/p>\n\n\n\n<p>T\u00e4st\u00e4 tapaamisesta j\u00e4i mieliin hyv\u00e4 yhteisty\u00f6n tunnelma, ja ajatus siit\u00e4, ett\u00e4 koulutusorganisaation on hyv\u00e4 l\u00e4hesty\u00e4 yritt\u00e4ji\u00e4 ja ty\u00f6nantajia ja k\u00e4yd\u00e4 yhdess\u00e4 l\u00e4pi osaamistarpeita ja koulutusmahdollisuuksia. <\/p>\n\n\n\n<figure class=\"wp-block-image size-large\"><img loading=\"lazy\" decoding=\"async\" width=\"793\" height=\"1024\" src=\"https:\/\/blogit.gradia.fi\/mestaripolku\/wp-content\/uploads\/sites\/175\/2021\/07\/39-793x1024.jpg\" alt=\"\" class=\"wp-image-443\" srcset=\"https:\/\/blogit.gradia.fi\/mestaripolku\/wp-content\/uploads\/sites\/175\/2021\/07\/39-793x1024.jpg 793w, https:\/\/blogit.gradia.fi\/mestaripolku\/wp-content\/uploads\/sites\/175\/2021\/07\/39-232x300.jpg 232w, https:\/\/blogit.gradia.fi\/mestaripolku\/wp-content\/uploads\/sites\/175\/2021\/07\/39-768x992.jpg 768w, https:\/\/blogit.gradia.fi\/mestaripolku\/wp-content\/uploads\/sites\/175\/2021\/07\/39-1190x1536.jpg 1190w, https:\/\/blogit.gradia.fi\/mestaripolku\/wp-content\/uploads\/sites\/175\/2021\/07\/39-1586x2048.jpg 1586w, https:\/\/blogit.gradia.fi\/mestaripolku\/wp-content\/uploads\/sites\/175\/2021\/07\/39.jpg 1704w\" sizes=\"auto, (max-width: 793px) 100vw, 793px\" \/><figcaption>Varjolan tilan Sylvi-kahvila<\/figcaption><\/figure>\n","protected":false},"excerpt":{"rendered":"<p>Tapaamisessa olivat mukana Varjolan is\u00e4nt\u00e4 Markus Kallio Laukaasta sek\u00e4 Mestaripolku-hankkeen projektity\u00f6ntekij\u00e4t Birgit H\u00e4rk\u00f6nen ja Jukka Miettinen. Tapaamisen aiheena olivat Varjolan tilan mahdolliset koulutus- ja osaamistarpeet. Keskusteluissa nousi esille my\u00f6s koronapandemiasta johtuva matkailuyritysten huono tilanne. Varjolan tilalla on tehty jo suunnitelmia tulevaisuuden varalle, ja osaamisen lis\u00e4\u00e4misest\u00e4 koulutuksen kautta keskusteltiin. Kiinnostusta syntyi muun muassa johtamis- ja ravintola-alan &hellip; <a href=\"https:\/\/blogit.gradia.fi\/mestaripolku\/tyoelamatapaaminen-varjolan-tila\/\" class=\"more-link\">Jatka lukemista <span class=\"screen-reader-text\">Ty\u00f6el\u00e4m\u00e4tapaaminen: Varjolan tila<\/span> <span class=\"meta-nav\">&rarr;<\/span><\/a><\/p>\n","protected":false},"author":152,"featured_media":0,"parent":0,"menu_order":0,"comment_status":"closed","ping_status":"closed","template":"","meta":{"_uag_custom_page_level_css":"","footnotes":""},"class_list":["post-442","page","type-page","status-publish","hentry"],"yoast_head":"<!-- This site is optimized with the Yoast SEO plugin v27.4 - https:\/\/yoast.com\/product\/yoast-seo-wordpress\/ -->\n<title>Ty\u00f6el\u00e4m\u00e4tapaaminen: Varjolan tila - Mestaripolkua rakentamassa<\/title>\n<meta name=\"robots\" content=\"index, follow, max-snippet:-1, max-image-preview:large, max-video-preview:-1\" \/>\n<link rel=\"canonical\" href=\"https:\/\/blogit.gradia.fi\/mestaripolku\/tyoelamatapaaminen-varjolan-tila\/\" \/>\n<meta property=\"og:locale\" content=\"fi_FI\" \/>\n<meta property=\"og:type\" content=\"article\" \/>\n<meta property=\"og:title\" content=\"Ty\u00f6el\u00e4m\u00e4tapaaminen: Varjolan tila - Mestaripolkua rakentamassa\" \/>\n<meta property=\"og:description\" content=\"Tapaamisessa olivat mukana Varjolan is\u00e4nt\u00e4 Markus Kallio Laukaasta sek\u00e4 Mestaripolku-hankkeen projektity\u00f6ntekij\u00e4t Birgit H\u00e4rk\u00f6nen ja Jukka Miettinen. Tapaamisen aiheena olivat Varjolan tilan mahdolliset koulutus- ja osaamistarpeet. Keskusteluissa nousi esille my\u00f6s koronapandemiasta johtuva matkailuyritysten huono tilanne. Varjolan tilalla on tehty jo suunnitelmia tulevaisuuden varalle, ja osaamisen lis\u00e4\u00e4misest\u00e4 koulutuksen kautta keskusteltiin. Kiinnostusta syntyi muun muassa johtamis- ja ravintola-alan &hellip; Jatka lukemista Ty\u00f6el\u00e4m\u00e4tapaaminen: Varjolan tila &rarr;\" \/>\n<meta property=\"og:url\" content=\"https:\/\/blogit.gradia.fi\/mestaripolku\/tyoelamatapaaminen-varjolan-tila\/\" \/>\n<meta property=\"og:site_name\" content=\"Mestaripolkua rakentamassa\" \/>\n<meta property=\"og:image\" content=\"https:\/\/blogit.gradia.fi\/mestaripolku\/wp-content\/uploads\/sites\/175\/2021\/07\/39-793x1024.jpg\" \/>\n<meta name=\"twitter:card\" content=\"summary_large_image\" \/>\n<script type=\"application\/ld+json\" class=\"yoast-schema-graph\">{\"@context\":\"https:\\\/\\\/schema.org\",\"@graph\":[{\"@type\":\"WebPage\",\"@id\":\"https:\\\/\\\/blogit.gradia.fi\\\/mestaripolku\\\/tyoelamatapaaminen-varjolan-tila\\\/\",\"url\":\"https:\\\/\\\/blogit.gradia.fi\\\/mestaripolku\\\/tyoelamatapaaminen-varjolan-tila\\\/\",\"name\":\"Ty\u00f6el\u00e4m\u00e4tapaaminen: Varjolan tila - Mestaripolkua rakentamassa\",\"isPartOf\":{\"@id\":\"https:\\\/\\\/blogit.gradia.fi\\\/mestaripolku\\\/#website\"},\"primaryImageOfPage\":{\"@id\":\"https:\\\/\\\/blogit.gradia.fi\\\/mestaripolku\\\/tyoelamatapaaminen-varjolan-tila\\\/#primaryimage\"},\"image\":{\"@id\":\"https:\\\/\\\/blogit.gradia.fi\\\/mestaripolku\\\/tyoelamatapaaminen-varjolan-tila\\\/#primaryimage\"},\"thumbnailUrl\":\"https:\\\/\\\/blogit.gradia.fi\\\/mestaripolku\\\/wp-content\\\/uploads\\\/sites\\\/175\\\/2021\\\/07\\\/39-793x1024.jpg\",\"datePublished\":\"2021-07-07T11:16:48+00:00\",\"breadcrumb\":{\"@id\":\"https:\\\/\\\/blogit.gradia.fi\\\/mestaripolku\\\/tyoelamatapaaminen-varjolan-tila\\\/#breadcrumb\"},\"inLanguage\":\"fi\",\"potentialAction\":[{\"@type\":\"ReadAction\",\"target\":[\"https:\\\/\\\/blogit.gradia.fi\\\/mestaripolku\\\/tyoelamatapaaminen-varjolan-tila\\\/\"]}]},{\"@type\":\"ImageObject\",\"inLanguage\":\"fi\",\"@id\":\"https:\\\/\\\/blogit.gradia.fi\\\/mestaripolku\\\/tyoelamatapaaminen-varjolan-tila\\\/#primaryimage\",\"url\":\"https:\\\/\\\/blogit.gradia.fi\\\/mestaripolku\\\/wp-content\\\/uploads\\\/sites\\\/175\\\/2021\\\/07\\\/39.jpg\",\"contentUrl\":\"https:\\\/\\\/blogit.gradia.fi\\\/mestaripolku\\\/wp-content\\\/uploads\\\/sites\\\/175\\\/2021\\\/07\\\/39.jpg\",\"width\":1704,\"height\":2200},{\"@type\":\"BreadcrumbList\",\"@id\":\"https:\\\/\\\/blogit.gradia.fi\\\/mestaripolku\\\/tyoelamatapaaminen-varjolan-tila\\\/#breadcrumb\",\"itemListElement\":[{\"@type\":\"ListItem\",\"position\":1,\"name\":\"Home\",\"item\":\"https:\\\/\\\/blogit.gradia.fi\\\/mestaripolku\\\/\"},{\"@type\":\"ListItem\",\"position\":2,\"name\":\"Ty\u00f6el\u00e4m\u00e4tapaaminen: Varjolan tila\"}]},{\"@type\":\"WebSite\",\"@id\":\"https:\\\/\\\/blogit.gradia.fi\\\/mestaripolku\\\/#website\",\"url\":\"https:\\\/\\\/blogit.gradia.fi\\\/mestaripolku\\\/\",\"name\":\"Mestaripolkua rakentamassa\",\"description\":\"\",\"potentialAction\":[{\"@type\":\"SearchAction\",\"target\":{\"@type\":\"EntryPoint\",\"urlTemplate\":\"https:\\\/\\\/blogit.gradia.fi\\\/mestaripolku\\\/?s={search_term_string}\"},\"query-input\":{\"@type\":\"PropertyValueSpecification\",\"valueRequired\":true,\"valueName\":\"search_term_string\"}}],\"inLanguage\":\"fi\"}]}<\/script>\n<!-- \/ Yoast SEO plugin. -->","yoast_head_json":{"title":"Ty\u00f6el\u00e4m\u00e4tapaaminen: Varjolan tila - Mestaripolkua rakentamassa","robots":{"index":"index","follow":"follow","max-snippet":"max-snippet:-1","max-image-preview":"max-image-preview:large","max-video-preview":"max-video-preview:-1"},"canonical":"https:\/\/blogit.gradia.fi\/mestaripolku\/tyoelamatapaaminen-varjolan-tila\/","og_locale":"fi_FI","og_type":"article","og_title":"Ty\u00f6el\u00e4m\u00e4tapaaminen: Varjolan tila - Mestaripolkua rakentamassa","og_description":"Tapaamisessa olivat mukana Varjolan is\u00e4nt\u00e4 Markus Kallio Laukaasta sek\u00e4 Mestaripolku-hankkeen projektity\u00f6ntekij\u00e4t Birgit H\u00e4rk\u00f6nen ja Jukka Miettinen. Tapaamisen aiheena olivat Varjolan tilan mahdolliset koulutus- ja osaamistarpeet. Keskusteluissa nousi esille my\u00f6s koronapandemiasta johtuva matkailuyritysten huono tilanne. Varjolan tilalla on tehty jo suunnitelmia tulevaisuuden varalle, ja osaamisen lis\u00e4\u00e4misest\u00e4 koulutuksen kautta keskusteltiin. Kiinnostusta syntyi muun muassa johtamis- ja ravintola-alan &hellip; Jatka lukemista Ty\u00f6el\u00e4m\u00e4tapaaminen: Varjolan tila &rarr;","og_url":"https:\/\/blogit.gradia.fi\/mestaripolku\/tyoelamatapaaminen-varjolan-tila\/","og_site_name":"Mestaripolkua rakentamassa","og_image":[{"url":"https:\/\/blogit.gradia.fi\/mestaripolku\/wp-content\/uploads\/sites\/175\/2021\/07\/39-793x1024.jpg","type":"","width":"","height":""}],"twitter_card":"summary_large_image","schema":{"@context":"https:\/\/schema.org","@graph":[{"@type":"WebPage","@id":"https:\/\/blogit.gradia.fi\/mestaripolku\/tyoelamatapaaminen-varjolan-tila\/","url":"https:\/\/blogit.gradia.fi\/mestaripolku\/tyoelamatapaaminen-varjolan-tila\/","name":"Ty\u00f6el\u00e4m\u00e4tapaaminen: Varjolan tila - Mestaripolkua rakentamassa","isPartOf":{"@id":"https:\/\/blogit.gradia.fi\/mestaripolku\/#website"},"primaryImageOfPage":{"@id":"https:\/\/blogit.gradia.fi\/mestaripolku\/tyoelamatapaaminen-varjolan-tila\/#primaryimage"},"image":{"@id":"https:\/\/blogit.gradia.fi\/mestaripolku\/tyoelamatapaaminen-varjolan-tila\/#primaryimage"},"thumbnailUrl":"https:\/\/blogit.gradia.fi\/mestaripolku\/wp-content\/uploads\/sites\/175\/2021\/07\/39-793x1024.jpg","datePublished":"2021-07-07T11:16:48+00:00","breadcrumb":{"@id":"https:\/\/blogit.gradia.fi\/mestaripolku\/tyoelamatapaaminen-varjolan-tila\/#breadcrumb"},"inLanguage":"fi","potentialAction":[{"@type":"ReadAction","target":["https:\/\/blogit.gradia.fi\/mestaripolku\/tyoelamatapaaminen-varjolan-tila\/"]}]},{"@type":"ImageObject","inLanguage":"fi","@id":"https:\/\/blogit.gradia.fi\/mestaripolku\/tyoelamatapaaminen-varjolan-tila\/#primaryimage","url":"https:\/\/blogit.gradia.fi\/mestaripolku\/wp-content\/uploads\/sites\/175\/2021\/07\/39.jpg","contentUrl":"https:\/\/blogit.gradia.fi\/mestaripolku\/wp-content\/uploads\/sites\/175\/2021\/07\/39.jpg","width":1704,"height":2200},{"@type":"BreadcrumbList","@id":"https:\/\/blogit.gradia.fi\/mestaripolku\/tyoelamatapaaminen-varjolan-tila\/#breadcrumb","itemListElement":[{"@type":"ListItem","position":1,"name":"Home","item":"https:\/\/blogit.gradia.fi\/mestaripolku\/"},{"@type":"ListItem","position":2,"name":"Ty\u00f6el\u00e4m\u00e4tapaaminen: Varjolan tila"}]},{"@type":"WebSite","@id":"https:\/\/blogit.gradia.fi\/mestaripolku\/#website","url":"https:\/\/blogit.gradia.fi\/mestaripolku\/","name":"Mestaripolkua rakentamassa","description":"","potentialAction":[{"@type":"SearchAction","target":{"@type":"EntryPoint","urlTemplate":"https:\/\/blogit.gradia.fi\/mestaripolku\/?s={search_term_string}"},"query-input":{"@type":"PropertyValueSpecification","valueRequired":true,"valueName":"search_term_string"}}],"inLanguage":"fi"}]}},"uagb_featured_image_src":{"full":false,"thumbnail":false,"medium":false,"medium_large":false,"large":false,"1536x1536":false,"2048x2048":false,"post-thumbnail":false},"uagb_author_info":{"display_name":"Anna Saari","author_link":"https:\/\/blogit.gradia.fi\/mestaripolku\/author\/palviann\/"},"uagb_comment_info":0,"uagb_excerpt":"Tapaamisessa olivat mukana Varjolan is\u00e4nt\u00e4 Markus Kallio Laukaasta sek\u00e4 Mestaripolku-hankkeen projektity\u00f6ntekij\u00e4t Birgit H\u00e4rk\u00f6nen ja Jukka Miettinen. Tapaamisen aiheena olivat Varjolan tilan mahdolliset koulutus- ja osaamistarpeet. Keskusteluissa nousi esille my\u00f6s koronapandemiasta johtuva matkailuyritysten huono tilanne. Varjolan tilalla on tehty jo suunnitelmia tulevaisuuden varalle, ja osaamisen lis\u00e4\u00e4misest\u00e4 koulutuksen kautta keskusteltiin. Kiinnostusta syntyi muun muassa johtamis- ja ravintola-alan&hellip;","_links":{"self":[{"href":"https:\/\/blogit.gradia.fi\/mestaripolku\/wp-json\/wp\/v2\/pages\/442","targetHints":{"allow":["GET"]}}],"collection":[{"href":"https:\/\/blogit.gradia.fi\/mestaripolku\/wp-json\/wp\/v2\/pages"}],"about":[{"href":"https:\/\/blogit.gradia.fi\/mestaripolku\/wp-json\/wp\/v2\/types\/page"}],"author":[{"embeddable":true,"href":"https:\/\/blogit.gradia.fi\/mestaripolku\/wp-json\/wp\/v2\/users\/152"}],"replies":[{"embeddable":true,"href":"https:\/\/blogit.gradia.fi\/mestaripolku\/wp-json\/wp\/v2\/comments?post=442"}],"version-history":[{"count":1,"href":"https:\/\/blogit.gradia.fi\/mestaripolku\/wp-json\/wp\/v2\/pages\/442\/revisions"}],"predecessor-version":[{"id":444,"href":"https:\/\/blogit.gradia.fi\/mestaripolku\/wp-json\/wp\/v2\/pages\/442\/revisions\/444"}],"wp:attachment":[{"href":"https:\/\/blogit.gradia.fi\/mestaripolku\/wp-json\/wp\/v2\/media?parent=442"}],"curies":[{"name":"wp","href":"https:\/\/api.w.org\/{rel}","templated":true}]}}