{"id":39,"date":"2020-08-20T11:09:27","date_gmt":"2020-08-20T08:09:27","guid":{"rendered":"https:\/\/blogit.gradia.fi\/mestaripolku\/?page_id=39"},"modified":"2021-02-05T12:01:35","modified_gmt":"2021-02-05T10:01:35","slug":"mestarikilloille","status":"publish","type":"page","link":"https:\/\/blogit.gradia.fi\/mestaripolku\/mestarikilloille\/","title":{"rendered":"Mestarikilloille"},"content":{"rendered":"\n<p>Oppiminen tapahtuu yh\u00e4 enenev\u00e4ss\u00e4 m\u00e4\u00e4rin ty\u00f6el\u00e4m\u00e4painotteisesti ty\u00f6paikoilla. Opiskelija hankkii osaamista erilaisissa oppimisymp\u00e4rist\u00f6iss\u00e4 ja toimii joustavasti niit\u00e4 yhdistellen. <\/p>\n\n\n\n<p>Ty\u00f6el\u00e4m\u00e4ss\u00e4 tapahtuva oppiminen&nbsp;on aina tavoitteellista ja ohjattua, ja siihen voidaan yhdist\u00e4\u00e4 koulutusta esimerkiksi oppilaitoksen opetustiloissa, verkko-oppimisymp\u00e4rist\u00f6iss\u00e4, virtuaalisissa oppimisymp\u00e4rist\u00f6iss\u00e4 sek\u00e4 itsen\u00e4isesti opiskellen.&nbsp;&nbsp;<\/p>\n\n\n\n<h2 class=\"wp-block-heading\"><strong>Mestarikiltalainen mentorina<\/strong><\/h2>\n\n\n\n<p>Mestarikiltalainen valmentajana&nbsp;ja asiantuntijana&nbsp;viitoittaa opiskelijan opinpolkua. Mestari jakaa omaa kokemustietoaan&nbsp;ja tuo osaamisen n\u00e4kyv\u00e4ksi.&nbsp;Mestari my\u00f6s vahvistaa opiskelijan k\u00e4sityst\u00e4 ammatillisena toimijana&nbsp;ja ohjaa siten ammatilliseen ajatteluun.&nbsp;<\/p>\n\n\n\n<p>H\u00e4n luo perustan opiskelijan ammatilliselle&nbsp;kasvulle&nbsp;kehitt\u00e4en&nbsp;ammatti-identiteetti\u00e4, ammattiylpeytt\u00e4, arvoja&nbsp;ja eettisyytt\u00e4&nbsp;ammatissa.&nbsp;&nbsp;<\/p>\n\n\n\n<h3 class=\"wp-block-heading\">Katso Mestarikiltojen artikkelit:<\/h3>\n\n\n\n<ul class=\"wp-block-list\"><li><a href=\"https:\/\/blogit.gradia.fi\/mestaripolku\/2021\/01\/12\/mestarit-polkua-rakentamassa\/\">Mestarit &#8211; polkua rakentamassa<\/a><\/li><\/ul>\n\n\n\n<h2 class=\"wp-block-heading\"><strong>Mentorointi<\/strong><\/h2>\n\n\n\n<p>Ammattilaisen uratarinat kiinnostavat ja kannustavat opiskelijoita oman uran kehitt\u00e4miseen. Mentorointisuhteessa korostuu kahdenkeskisyys, aitous ja luottamus. Mentori on asiantuntija, ja sitoutunut k\u00e4ytt\u00e4m\u00e4\u00e4n aikaansa ja osaamistaan opiskelijan hyv\u00e4ksi.<\/p>\n\n\n\n<p>Mentorointi on yksil\u00f6llinen ja joustava asiantuntijuuden oppimisprosessi, jossa tullaan osaksi ammattikuntaa. Opiskelija saa mentorista rinnalle kulkijan ja yhdess\u00e4 jaetaan asiantuntijuutta ja uudistutaan ammatillisesti.<\/p>\n\n\n\n<h2 class=\"wp-block-heading\"><strong>Mentoriksi Mestaripolulle<\/strong><\/h2>\n\n\n\n<p>Mentoritoiminnan k\u00e4ynnist\u00e4miseksi tarjoamme uudenlaista <a href=\"https:\/\/blogit.gradia.fi\/mestaripolku\/oppilaitosyhteistyo\/\">mentorivalmennusta<\/a>. Valmennuksen tavoitteena on vahvistaa oman alansa ammattilaisten ohjausosaamista, jotta Mestaripolulla ammattiaan opiskelevat saavat sparrausta ja tukea ty\u00f6el\u00e4m\u00e4n osaajilta.<\/p>\n\n\n\n<p>Jos kiinnostuit ja koet asian omaksesi, ota yhteytt\u00e4:&nbsp;&nbsp;<\/p>\n\n\n\n<ul class=\"wp-block-list\"><li>Keski-Suomen Mestarikilta<br>Oltermanni&nbsp;Harri R\u00e4ty, puh.&nbsp;0500 548 882, <a href=\"mailto:harriyjraty2@luukku.com\" target=\"_blank\" rel=\"noreferrer noopener\">harriyjraty2@luukku.com<\/a><\/li><\/ul>\n\n\n\n<ul class=\"wp-block-list\"><li>Turun Mestari- ja Kis\u00e4llikilta<br>Oltermanni Matti V\u00e4is\u00e4nen&nbsp;puh. 045 162 0122,&nbsp;<a href=\"mailto:oltermanni.turunkilta@gmail.com\" target=\"_blank\" rel=\"noreferrer noopener\">oltermanni.turunkilta@gmail.com<\/a>&nbsp;<\/li><\/ul>\n\n\n\n<div class=\"wp-block-media-text alignwide is-stacked-on-mobile\" style=\"grid-template-columns:24% auto\"><figure class=\"wp-block-media-text__media\"><img loading=\"lazy\" decoding=\"async\" width=\"225\" height=\"225\" src=\"https:\/\/blogit.gradia.fi\/mestaripolku\/wp-content\/uploads\/sites\/175\/2021\/01\/KS-mestarikilta_logo.jpg\" alt=\"Keski-Suomen Mestarikillan logo\" class=\"wp-image-170 size-full\" srcset=\"https:\/\/blogit.gradia.fi\/mestaripolku\/wp-content\/uploads\/sites\/175\/2021\/01\/KS-mestarikilta_logo.jpg 225w, https:\/\/blogit.gradia.fi\/mestaripolku\/wp-content\/uploads\/sites\/175\/2021\/01\/KS-mestarikilta_logo-150x150.jpg 150w\" sizes=\"auto, (max-width: 225px) 100vw, 225px\" \/><\/figure><div class=\"wp-block-media-text__content\">\n<h2 class=\"wp-block-heading\">Keski-Suomen Mestarikilta<\/h2>\n\n\n\n<p><a href=\"http:\/\/www.ksmestarikilta.fi\/\">Keski-Suomen Mestarikilta<\/a> on vire\u00e4 nelikymppinen, kis\u00e4llien ja mestareiden yhdistys. Keski-Suomen Mestarikilta on yli 40 vuotta vanha yhdistys, joka toimii koko Keski-Suomen maakunnan alueella.&nbsp;Keski-Suomen Mestarikillassa on t\u00e4ll\u00e4 hetkell\u00e4 noin viisikymment\u00e4 mestaria ja kis\u00e4lli\u00e4 noin kymmenelt\u00e4 eri ammattialalta. J\u00e4senist\u00f6 koostuu yritt\u00e4jist\u00e4 sek\u00e4 palkkasuhteessa olevista henkil\u00f6ist\u00e4. <\/p>\n<\/div><\/div>\n\n\n\n<div class=\"wp-block-media-text alignwide is-stacked-on-mobile\" style=\"grid-template-columns:24% auto\"><figure class=\"wp-block-media-text__media\"><img loading=\"lazy\" decoding=\"async\" width=\"225\" height=\"225\" src=\"https:\/\/blogit.gradia.fi\/mestaripolku\/wp-content\/uploads\/sites\/175\/2021\/01\/Turun-mestarijakisallikilta_logo.jpg\" alt=\"Turun Mestari- ja Kis\u00e4llikillan logo\" class=\"wp-image-171 size-full\" srcset=\"https:\/\/blogit.gradia.fi\/mestaripolku\/wp-content\/uploads\/sites\/175\/2021\/01\/Turun-mestarijakisallikilta_logo.jpg 225w, https:\/\/blogit.gradia.fi\/mestaripolku\/wp-content\/uploads\/sites\/175\/2021\/01\/Turun-mestarijakisallikilta_logo-150x150.jpg 150w\" sizes=\"auto, (max-width: 225px) 100vw, 225px\" \/><\/figure><div class=\"wp-block-media-text__content\">\n<h2 class=\"wp-block-heading\">Turun Mestari- ja Kis\u00e4llikilta<\/h2>\n\n\n\n<p><a href=\"https:\/\/www.facebook.com\/Turun-Mestari-ja-Kis%C3%A4llikilta-397940600665825\">Turun Mestari- ja Kis\u00e4llikilta<\/a> ry on Suomen vanhin mestarikilta. Vuonna 1948 perustetun killan j\u00e4senist\u00e4 suurin osa on yksityisi\u00e4 elinkeinonharjoittajia. Mestarikillan p\u00e4\u00e4teht\u00e4v\u00e4n\u00e4 on vaalia vanhaa k\u00e4sity\u00f6ammattitaitoa. J\u00e4seni\u00e4 Turun Mestarikillassa on vajaa sata. <\/p>\n<\/div><\/div>\n\n\n\n<div class=\"wp-block-media-text alignwide is-stacked-on-mobile\" style=\"grid-template-columns:24% auto\"><figure class=\"wp-block-media-text__media\"><img loading=\"lazy\" decoding=\"async\" width=\"800\" height=\"645\" src=\"https:\/\/blogit.gradia.fi\/mestaripolku\/wp-content\/uploads\/sites\/175\/2021\/01\/mestarikiltaneuvosto_etusivukuva.png\" alt=\"\" class=\"wp-image-172 size-full\" srcset=\"https:\/\/blogit.gradia.fi\/mestaripolku\/wp-content\/uploads\/sites\/175\/2021\/01\/mestarikiltaneuvosto_etusivukuva.png 800w, https:\/\/blogit.gradia.fi\/mestaripolku\/wp-content\/uploads\/sites\/175\/2021\/01\/mestarikiltaneuvosto_etusivukuva-300x242.png 300w, https:\/\/blogit.gradia.fi\/mestaripolku\/wp-content\/uploads\/sites\/175\/2021\/01\/mestarikiltaneuvosto_etusivukuva-768x619.png 768w\" sizes=\"auto, (max-width: 800px) 100vw, 800px\" \/><\/figure><div class=\"wp-block-media-text__content\">\n<h2 class=\"wp-block-heading\">Mestarikiltaneuvosto<\/h2>\n\n\n\n<p><a href=\"https:\/\/www.yrittajat.fi\/mestarikiltaneuvosto\/a\/mestarikiltaneuvosto-528979\" target=\"_blank\" rel=\"noreferrer noopener\">Mestarikiltaneuvosto<\/a> on mestarikiltojen valtakunnallinen edunvalvonta- ja yhteisty\u00f6elin. Sen tarkoituksena on edist\u00e4\u00e4 korkeaa ammatillista osaamista, pit\u00e4\u00e4 yll\u00e4 mestarien ja kis\u00e4llien arvostusta sek\u00e4 edist\u00e4\u00e4 k\u00e4dentaitoja ja niihin liittyv\u00e4n yritt\u00e4jyyden sek\u00e4 koulutuksen&nbsp;arvostusta. <\/p>\n\n\n\n<p><a href=\"https:\/\/www.yrittajat.fi\/mestarikiltaneuvosto\/a\/mestarikiltaneuvosto\/mestarivaliokuntajasenkillat-533174\" target=\"_blank\" rel=\"noreferrer noopener\">Kiltoja <\/a>on Suomessa 12 paikkakunnalla. Kiltoihin voivat liitty\u00e4 ammattitutkinnon ja erikoisammattitutkinnon suorittaneet henkil\u00f6t. Ammattitutkinnon (kis\u00e4llintutkinto) voi suorittaa yli 150 eri alalla. Erikoisammattitutkinnon (mestarintutkinto) voi suorittaa yli 100 eri alalla.<\/p>\n<\/div><\/div>\n","protected":false},"excerpt":{"rendered":"<p>Oppiminen tapahtuu yh\u00e4 enenev\u00e4ss\u00e4 m\u00e4\u00e4rin ty\u00f6el\u00e4m\u00e4painotteisesti ty\u00f6paikoilla. Opiskelija hankkii osaamista erilaisissa oppimisymp\u00e4rist\u00f6iss\u00e4 ja toimii joustavasti niit\u00e4 yhdistellen. Ty\u00f6el\u00e4m\u00e4ss\u00e4 tapahtuva oppiminen&nbsp;on aina tavoitteellista ja ohjattua, ja siihen voidaan yhdist\u00e4\u00e4 koulutusta esimerkiksi oppilaitoksen opetustiloissa, verkko-oppimisymp\u00e4rist\u00f6iss\u00e4, virtuaalisissa oppimisymp\u00e4rist\u00f6iss\u00e4 sek\u00e4 itsen\u00e4isesti opiskellen.&nbsp;&nbsp; Mestarikiltalainen mentorina Mestarikiltalainen valmentajana&nbsp;ja asiantuntijana&nbsp;viitoittaa opiskelijan opinpolkua. Mestari jakaa omaa kokemustietoaan&nbsp;ja tuo osaamisen n\u00e4kyv\u00e4ksi.&nbsp;Mestari my\u00f6s vahvistaa opiskelijan &hellip; <a href=\"https:\/\/blogit.gradia.fi\/mestaripolku\/mestarikilloille\/\" class=\"more-link\">Jatka lukemista <span class=\"screen-reader-text\">Mestarikilloille<\/span> <span class=\"meta-nav\">&rarr;<\/span><\/a><\/p>\n","protected":false},"author":152,"featured_media":0,"parent":0,"menu_order":4,"comment_status":"closed","ping_status":"closed","template":"","meta":{"_uag_custom_page_level_css":"","footnotes":""},"class_list":["post-39","page","type-page","status-publish","hentry"],"yoast_head":"<!-- This site is optimized with the Yoast SEO plugin v27.4 - https:\/\/yoast.com\/product\/yoast-seo-wordpress\/ -->\n<title>Mestarikilloille - Mestaripolkua rakentamassa<\/title>\n<meta name=\"description\" content=\"Ty\u00f6el\u00e4m\u00e4ss\u00e4 tapahtuva oppiminen on aina tavoitteellista ja ohjattua, ja siihen voidaan yhdist\u00e4\u00e4 koulutusta esimerkiksi oppilaitoksen opetustiloissa, verkko-oppimisymp\u00e4rist\u00f6iss\u00e4, virtuaalisissa oppimisymp\u00e4rist\u00f6iss\u00e4 sek\u00e4 itsen\u00e4isesti opiskellen.\" \/>\n<meta name=\"robots\" content=\"index, follow, max-snippet:-1, max-image-preview:large, max-video-preview:-1\" \/>\n<link rel=\"canonical\" href=\"https:\/\/blogit.gradia.fi\/mestaripolku\/mestarikilloille\/\" \/>\n<meta property=\"og:locale\" content=\"fi_FI\" \/>\n<meta property=\"og:type\" content=\"article\" \/>\n<meta property=\"og:title\" content=\"Mestarikilloille - Mestaripolkua rakentamassa\" \/>\n<meta property=\"og:description\" content=\"Ty\u00f6el\u00e4m\u00e4ss\u00e4 tapahtuva oppiminen on aina tavoitteellista ja ohjattua, ja siihen voidaan yhdist\u00e4\u00e4 koulutusta esimerkiksi oppilaitoksen opetustiloissa, verkko-oppimisymp\u00e4rist\u00f6iss\u00e4, virtuaalisissa oppimisymp\u00e4rist\u00f6iss\u00e4 sek\u00e4 itsen\u00e4isesti opiskellen.\" \/>\n<meta property=\"og:url\" content=\"https:\/\/blogit.gradia.fi\/mestaripolku\/mestarikilloille\/\" \/>\n<meta property=\"og:site_name\" content=\"Mestaripolkua rakentamassa\" \/>\n<meta property=\"article:modified_time\" content=\"2021-02-05T10:01:35+00:00\" \/>\n<meta property=\"og:image\" content=\"https:\/\/blogit.gradia.fi\/mestaripolku\/wp-content\/uploads\/sites\/175\/2021\/01\/KS-mestarikilta_logo.jpg\" \/>\n<meta name=\"twitter:card\" content=\"summary_large_image\" \/>\n<meta name=\"twitter:label1\" content=\"Arvioitu lukuaika\" \/>\n\t<meta name=\"twitter:data1\" content=\"2 minuuttia\" \/>\n<script type=\"application\/ld+json\" class=\"yoast-schema-graph\">{\"@context\":\"https:\\\/\\\/schema.org\",\"@graph\":[{\"@type\":\"WebPage\",\"@id\":\"https:\\\/\\\/blogit.gradia.fi\\\/mestaripolku\\\/mestarikilloille\\\/\",\"url\":\"https:\\\/\\\/blogit.gradia.fi\\\/mestaripolku\\\/mestarikilloille\\\/\",\"name\":\"Mestarikilloille - Mestaripolkua rakentamassa\",\"isPartOf\":{\"@id\":\"https:\\\/\\\/blogit.gradia.fi\\\/mestaripolku\\\/#website\"},\"primaryImageOfPage\":{\"@id\":\"https:\\\/\\\/blogit.gradia.fi\\\/mestaripolku\\\/mestarikilloille\\\/#primaryimage\"},\"image\":{\"@id\":\"https:\\\/\\\/blogit.gradia.fi\\\/mestaripolku\\\/mestarikilloille\\\/#primaryimage\"},\"thumbnailUrl\":\"https:\\\/\\\/blogit.gradia.fi\\\/mestaripolku\\\/wp-content\\\/uploads\\\/sites\\\/175\\\/2021\\\/01\\\/KS-mestarikilta_logo.jpg\",\"datePublished\":\"2020-08-20T08:09:27+00:00\",\"dateModified\":\"2021-02-05T10:01:35+00:00\",\"description\":\"Ty\u00f6el\u00e4m\u00e4ss\u00e4 tapahtuva oppiminen on aina tavoitteellista ja ohjattua, ja siihen voidaan yhdist\u00e4\u00e4 koulutusta esimerkiksi oppilaitoksen opetustiloissa, verkko-oppimisymp\u00e4rist\u00f6iss\u00e4, virtuaalisissa oppimisymp\u00e4rist\u00f6iss\u00e4 sek\u00e4 itsen\u00e4isesti opiskellen.\",\"breadcrumb\":{\"@id\":\"https:\\\/\\\/blogit.gradia.fi\\\/mestaripolku\\\/mestarikilloille\\\/#breadcrumb\"},\"inLanguage\":\"fi\",\"potentialAction\":[{\"@type\":\"ReadAction\",\"target\":[\"https:\\\/\\\/blogit.gradia.fi\\\/mestaripolku\\\/mestarikilloille\\\/\"]}]},{\"@type\":\"ImageObject\",\"inLanguage\":\"fi\",\"@id\":\"https:\\\/\\\/blogit.gradia.fi\\\/mestaripolku\\\/mestarikilloille\\\/#primaryimage\",\"url\":\"https:\\\/\\\/blogit.gradia.fi\\\/mestaripolku\\\/wp-content\\\/uploads\\\/sites\\\/175\\\/2021\\\/01\\\/KS-mestarikilta_logo.jpg\",\"contentUrl\":\"https:\\\/\\\/blogit.gradia.fi\\\/mestaripolku\\\/wp-content\\\/uploads\\\/sites\\\/175\\\/2021\\\/01\\\/KS-mestarikilta_logo.jpg\",\"width\":225,\"height\":225,\"caption\":\"Keski-Suomen Mestarikillan logo\"},{\"@type\":\"BreadcrumbList\",\"@id\":\"https:\\\/\\\/blogit.gradia.fi\\\/mestaripolku\\\/mestarikilloille\\\/#breadcrumb\",\"itemListElement\":[{\"@type\":\"ListItem\",\"position\":1,\"name\":\"Home\",\"item\":\"https:\\\/\\\/blogit.gradia.fi\\\/mestaripolku\\\/\"},{\"@type\":\"ListItem\",\"position\":2,\"name\":\"Mestarikilloille\"}]},{\"@type\":\"WebSite\",\"@id\":\"https:\\\/\\\/blogit.gradia.fi\\\/mestaripolku\\\/#website\",\"url\":\"https:\\\/\\\/blogit.gradia.fi\\\/mestaripolku\\\/\",\"name\":\"Mestaripolkua rakentamassa\",\"description\":\"\",\"potentialAction\":[{\"@type\":\"SearchAction\",\"target\":{\"@type\":\"EntryPoint\",\"urlTemplate\":\"https:\\\/\\\/blogit.gradia.fi\\\/mestaripolku\\\/?s={search_term_string}\"},\"query-input\":{\"@type\":\"PropertyValueSpecification\",\"valueRequired\":true,\"valueName\":\"search_term_string\"}}],\"inLanguage\":\"fi\"}]}<\/script>\n<!-- \/ Yoast SEO plugin. -->","yoast_head_json":{"title":"Mestarikilloille - Mestaripolkua rakentamassa","description":"Ty\u00f6el\u00e4m\u00e4ss\u00e4 tapahtuva oppiminen on aina tavoitteellista ja ohjattua, ja siihen voidaan yhdist\u00e4\u00e4 koulutusta esimerkiksi oppilaitoksen opetustiloissa, verkko-oppimisymp\u00e4rist\u00f6iss\u00e4, virtuaalisissa oppimisymp\u00e4rist\u00f6iss\u00e4 sek\u00e4 itsen\u00e4isesti opiskellen.","robots":{"index":"index","follow":"follow","max-snippet":"max-snippet:-1","max-image-preview":"max-image-preview:large","max-video-preview":"max-video-preview:-1"},"canonical":"https:\/\/blogit.gradia.fi\/mestaripolku\/mestarikilloille\/","og_locale":"fi_FI","og_type":"article","og_title":"Mestarikilloille - Mestaripolkua rakentamassa","og_description":"Ty\u00f6el\u00e4m\u00e4ss\u00e4 tapahtuva oppiminen on aina tavoitteellista ja ohjattua, ja siihen voidaan yhdist\u00e4\u00e4 koulutusta esimerkiksi oppilaitoksen opetustiloissa, verkko-oppimisymp\u00e4rist\u00f6iss\u00e4, virtuaalisissa oppimisymp\u00e4rist\u00f6iss\u00e4 sek\u00e4 itsen\u00e4isesti opiskellen.","og_url":"https:\/\/blogit.gradia.fi\/mestaripolku\/mestarikilloille\/","og_site_name":"Mestaripolkua rakentamassa","article_modified_time":"2021-02-05T10:01:35+00:00","og_image":[{"url":"https:\/\/blogit.gradia.fi\/mestaripolku\/wp-content\/uploads\/sites\/175\/2021\/01\/KS-mestarikilta_logo.jpg","type":"","width":"","height":""}],"twitter_card":"summary_large_image","twitter_misc":{"Arvioitu lukuaika":"2 minuuttia"},"schema":{"@context":"https:\/\/schema.org","@graph":[{"@type":"WebPage","@id":"https:\/\/blogit.gradia.fi\/mestaripolku\/mestarikilloille\/","url":"https:\/\/blogit.gradia.fi\/mestaripolku\/mestarikilloille\/","name":"Mestarikilloille - Mestaripolkua rakentamassa","isPartOf":{"@id":"https:\/\/blogit.gradia.fi\/mestaripolku\/#website"},"primaryImageOfPage":{"@id":"https:\/\/blogit.gradia.fi\/mestaripolku\/mestarikilloille\/#primaryimage"},"image":{"@id":"https:\/\/blogit.gradia.fi\/mestaripolku\/mestarikilloille\/#primaryimage"},"thumbnailUrl":"https:\/\/blogit.gradia.fi\/mestaripolku\/wp-content\/uploads\/sites\/175\/2021\/01\/KS-mestarikilta_logo.jpg","datePublished":"2020-08-20T08:09:27+00:00","dateModified":"2021-02-05T10:01:35+00:00","description":"Ty\u00f6el\u00e4m\u00e4ss\u00e4 tapahtuva oppiminen on aina tavoitteellista ja ohjattua, ja siihen voidaan yhdist\u00e4\u00e4 koulutusta esimerkiksi oppilaitoksen opetustiloissa, verkko-oppimisymp\u00e4rist\u00f6iss\u00e4, virtuaalisissa oppimisymp\u00e4rist\u00f6iss\u00e4 sek\u00e4 itsen\u00e4isesti opiskellen.","breadcrumb":{"@id":"https:\/\/blogit.gradia.fi\/mestaripolku\/mestarikilloille\/#breadcrumb"},"inLanguage":"fi","potentialAction":[{"@type":"ReadAction","target":["https:\/\/blogit.gradia.fi\/mestaripolku\/mestarikilloille\/"]}]},{"@type":"ImageObject","inLanguage":"fi","@id":"https:\/\/blogit.gradia.fi\/mestaripolku\/mestarikilloille\/#primaryimage","url":"https:\/\/blogit.gradia.fi\/mestaripolku\/wp-content\/uploads\/sites\/175\/2021\/01\/KS-mestarikilta_logo.jpg","contentUrl":"https:\/\/blogit.gradia.fi\/mestaripolku\/wp-content\/uploads\/sites\/175\/2021\/01\/KS-mestarikilta_logo.jpg","width":225,"height":225,"caption":"Keski-Suomen Mestarikillan logo"},{"@type":"BreadcrumbList","@id":"https:\/\/blogit.gradia.fi\/mestaripolku\/mestarikilloille\/#breadcrumb","itemListElement":[{"@type":"ListItem","position":1,"name":"Home","item":"https:\/\/blogit.gradia.fi\/mestaripolku\/"},{"@type":"ListItem","position":2,"name":"Mestarikilloille"}]},{"@type":"WebSite","@id":"https:\/\/blogit.gradia.fi\/mestaripolku\/#website","url":"https:\/\/blogit.gradia.fi\/mestaripolku\/","name":"Mestaripolkua rakentamassa","description":"","potentialAction":[{"@type":"SearchAction","target":{"@type":"EntryPoint","urlTemplate":"https:\/\/blogit.gradia.fi\/mestaripolku\/?s={search_term_string}"},"query-input":{"@type":"PropertyValueSpecification","valueRequired":true,"valueName":"search_term_string"}}],"inLanguage":"fi"}]}},"uagb_featured_image_src":{"full":false,"thumbnail":false,"medium":false,"medium_large":false,"large":false,"1536x1536":false,"2048x2048":false,"post-thumbnail":false},"uagb_author_info":{"display_name":"Anna Saari","author_link":"https:\/\/blogit.gradia.fi\/mestaripolku\/author\/palviann\/"},"uagb_comment_info":0,"uagb_excerpt":"Oppiminen tapahtuu yh\u00e4 enenev\u00e4ss\u00e4 m\u00e4\u00e4rin ty\u00f6el\u00e4m\u00e4painotteisesti ty\u00f6paikoilla. Opiskelija hankkii osaamista erilaisissa oppimisymp\u00e4rist\u00f6iss\u00e4 ja toimii joustavasti niit\u00e4 yhdistellen. Ty\u00f6el\u00e4m\u00e4ss\u00e4 tapahtuva oppiminen&nbsp;on aina tavoitteellista ja ohjattua, ja siihen voidaan yhdist\u00e4\u00e4 koulutusta esimerkiksi oppilaitoksen opetustiloissa, verkko-oppimisymp\u00e4rist\u00f6iss\u00e4, virtuaalisissa oppimisymp\u00e4rist\u00f6iss\u00e4 sek\u00e4 itsen\u00e4isesti opiskellen.&nbsp;&nbsp; Mestarikiltalainen mentorina Mestarikiltalainen valmentajana&nbsp;ja asiantuntijana&nbsp;viitoittaa opiskelijan opinpolkua. Mestari jakaa omaa kokemustietoaan&nbsp;ja tuo osaamisen n\u00e4kyv\u00e4ksi.&nbsp;Mestari my\u00f6s vahvistaa opiskelijan&hellip;","_links":{"self":[{"href":"https:\/\/blogit.gradia.fi\/mestaripolku\/wp-json\/wp\/v2\/pages\/39","targetHints":{"allow":["GET"]}}],"collection":[{"href":"https:\/\/blogit.gradia.fi\/mestaripolku\/wp-json\/wp\/v2\/pages"}],"about":[{"href":"https:\/\/blogit.gradia.fi\/mestaripolku\/wp-json\/wp\/v2\/types\/page"}],"author":[{"embeddable":true,"href":"https:\/\/blogit.gradia.fi\/mestaripolku\/wp-json\/wp\/v2\/users\/152"}],"replies":[{"embeddable":true,"href":"https:\/\/blogit.gradia.fi\/mestaripolku\/wp-json\/wp\/v2\/comments?post=39"}],"version-history":[{"count":18,"href":"https:\/\/blogit.gradia.fi\/mestaripolku\/wp-json\/wp\/v2\/pages\/39\/revisions"}],"predecessor-version":[{"id":411,"href":"https:\/\/blogit.gradia.fi\/mestaripolku\/wp-json\/wp\/v2\/pages\/39\/revisions\/411"}],"wp:attachment":[{"href":"https:\/\/blogit.gradia.fi\/mestaripolku\/wp-json\/wp\/v2\/media?parent=39"}],"curies":[{"name":"wp","href":"https:\/\/api.w.org\/{rel}","templated":true}]}}